{"id":15342,"date":"2020-02-18T03:05:40","date_gmt":"2020-02-18T01:05:40","guid":{"rendered":"https:\/\/espak.ee\/hinnakiri\/?post_type=product&#038;p=15342"},"modified":"2025-06-10T14:21:34","modified_gmt":"2025-06-10T11:21:34","slug":"kipskasikrohv-rotband-5kg","status":"publish","type":"product","link":"https:\/\/espak.ee\/epood\/toode\/kipskasikrohv-rotband-5kg\/","title":{"rendered":"KIPSK\u00c4SIKROHV ROTBAND 5KG"},"content":{"rendered":"<div class=\"row\"  id=\"row-1166681637\">\n\n\t<div id=\"col-393440086\" class=\"col medium-9 small-12 large-9\"  >\n\t\t\t\t<div class=\"col-inner\"  >\n\t\t\t\n\t\t\t\n<h2>Kipsk\u00e4sikrohv Rotband<\/h2>\n<p>Veega segamisvalmis kipsk\u00e4sikrohvi kuivsegu betoonlagede ja mineraalsete seinapindade krohvimiseks normaalse niiskusetasemega ruumides.<\/p>\n<div class=\"message-box relative\" style=\"padding-top:15px;padding-bottom:15px;\"><div class=\"message-box-bg-image bg-fill fill\" ><\/div><div class=\"message-box-bg-overlay bg-fill fill\" ><\/div><div class=\"container relative\"><div class=\"inner last-reset\">\n<div class=\"row align-middle align-center\"  id=\"row-1775566996\">\n\n\t<div id=\"col-299874669\" class=\"col small-12 large-12\"  >\n\t\t\t\t<div class=\"col-inner text-left\"  >\n\t\t\t\n\t\t\t\n<h4>Omadused<\/h4>\n<div class=\"row\"  id=\"row-1079668653\">\n\n\t<div id=\"col-841978993\" class=\"col medium-6 small-12 large-6\"  >\n\t\t\t\t<div class=\"col-inner\"  >\n\t\t\t\n\t\t\t\n<p><i class=\"fa fa-check fa-2x\"><\/i> <strong>Siset\u00f6\u00f6del seinte ja lagede krohvimiseks<\/strong><\/p>\n<p><i class=\"fa fa-check fa-2x\"><\/i> <strong>Tagab mugava ruumikliima<\/strong><\/p>\n\t\t<\/div>\n\t\t\t\t\n<style>\n#col-841978993 > .col-inner {\n  margin: 0px 0px 15px 0px;\n}\n<\/style>\n\t<\/div>\n\n\t\n\n\t<div id=\"col-1271204080\" class=\"col medium-6 small-12 large-6\"  >\n\t\t\t\t<div class=\"col-inner\"  >\n\t\t\t\n\t\t\t\n<p><i class=\"fa fa-check fa-2x\"><\/i> <strong>Veeauru l\u00e4bilaskev<\/strong><\/p>\n<p><i class=\"fa fa-check fa-2x\"><\/i> <strong>Mittep\u00f5lev<\/strong><\/p>\n\t\t<\/div>\n\t\t\t\t\n<style>\n#col-1271204080 > .col-inner {\n  margin: 0px 0px 15px 0px;\n}\n<\/style>\n\t<\/div>\n\n\t\n<\/div>\n\t\t<\/div>\n\t\t\t\t\t<\/div>\n\n\t\n<\/div>\n<\/div><\/div><\/div>\n\t<div id=\"gap-83691609\" class=\"gap-element clearfix\" style=\"display:block; height:auto;\">\n\t\t\n<style>\n#gap-83691609 {\n  padding-top: 30px;\n}\n<\/style>\n\t<\/div>\n\t\n<h3>Kasutamise \u00fcksikasjad<\/h3>\n<p><strong>Kasutusalad:<\/strong> Siset\u00f6\u00f6del tasandatud, struktuursete v\u00f5i silendatud seina- ja laepindade loomiseks. K\u00e4sitsi paigaldatav \u00fchekihiline krohv k\u00f5igile m\u00fc\u00fcritiseliikidele, betoonile ja kandvatele krohvitud aluspindadele normaalse \u00f5huniiskusega ruumides, kaasa arvatud elukondlikud k\u00f6\u00f6gid ja vannitoad. Viimasel juhul tuleb krohvitud pind kaitsta niiskust\u00f5kkekrundiga Knauf Tiefengrund ja pritsmeveega kokku puutuvad pinnad h\u00fcdroisolatsiooniga Knauf Fl\u00e4chendicht.<\/p>\n<p><strong>Kasutusjuhis:<\/strong> Vett mitteimav aluspind eelnevalt kruntida nakkekrundiga Knauf Betokontakt, imav aluspind t\u00f6\u00f6delda Knauf Stuck-Primer vesilahusega. Valmissegu on kasutatav 60-90 min. Seguvee kulu ~16 liitrit 30 kg kohta, lasta veidi niiskuda ning segada segudrelli abil \u00fchtlaseks t\u00fckivabaks massiks. Valmism\u00f6rt kanda 20 minuti jooksul krohvih\u00f5\u00f5ruti abil pinnale ning tasandada ja siluda krohvilati abil. Kui krohvipind on plastseks tahkunud (ei kleepu), saab pinda veega pritsides ja m\u00e4rja k\u00e4snh\u00f5\u00f5rutiga h\u00f5\u00f5rudes teha vedelamaks ning laia pahtlilabidaga siledamaks siluda. V\u00f5ib teha ka k\u00e4snh\u00f5\u00f5rutiga soovitud struktuuriga pinna v\u00f5i lasta \u00e4ra kuivada ja hiljem \u00fcle pahteldada. Kihi paksus: keskmine 10 mm, v\u00e4him 5 mm. Madalaim temperatuur t\u00f6\u00f6tamise ja kivistumise ajal +5\u00b0C.<\/p>\n\t\t<\/div>\n\t\t\t\t\t<\/div>\n\n\t\n\n\t<div id=\"col-1534898651\" class=\"col medium-3 small-12 large-3\"  >\n\t\t\t\t<div class=\"col-inner\"  >\n\t\t\t\n\t\t\t\n\t<div id=\"gap-450213486\" class=\"gap-element clearfix\" style=\"display:block; height:auto;\">\n\t\t\n<style>\n#gap-450213486 {\n  padding-top: 30px;\n}\n<\/style>\n\t<\/div>\n\t\n<h3>Tehniline informatsioon<\/h3>\n<p><a href=\"https:\/\/espak.ee\/epood\/wp-content\/uploads\/rotband-tooteleht.pdf\" target=\"_blank\" rel=\"noopener noreferrer\"><i class=\"far fa-file-pdf\"><\/i> Tehniline info (PDF)<\/a><\/p>\n<h3>Ohutusalane teave<\/h3>\n<p><a href=\"https:\/\/espak.ee\/epood\/wp-content\/uploads\/rotband-ohutuskaart.pdf\" target=\"_blank\" rel=\"noopener noreferrer\"><i class=\"far fa-file-pdf\"><\/i> Ohutusalane teave (PDF)<\/a><\/p>\n<div class=\"is-divider divider clearfix\" ><\/div>\n<p><strong>\u00dcksikasjalikuma n\u00f5u saamiseks v\u00f5tke \u00fchendust:<br \/><\/strong>Knauf Tallinn U\u00dc<br \/>J\u00e4rvevana tee 7B<br \/>10132<br \/>Tallinn<br \/>+372 6518697<\/p>\n<div class=\"is-divider divider clearfix\" ><\/div>\n\t\t<\/div>\n\t\t\t\t\t<\/div>\n\n\t\n<\/div>\n","protected":false},"excerpt":{"rendered":"","protected":false},"featured_media":15996,"comment_status":"closed","ping_status":"open","template":"","meta":[],"product_brand":[],"product_cat":[2876,2698,2816,2697],"product_tag":[],"class_list":{"0":"post-15342","1":"product","2":"type-product","3":"status-publish","4":"has-post-thumbnail","6":"product_cat-kipskrohvid","7":"product_cat-pahtlid-ja-kuivsegud","8":"product_cat-seinatasandussegud","9":"product_cat-uldehitus","10":"pa_kaubamark-knauf","12":"first","13":"instock","14":"sale","15":"taxable","16":"shipping-taxable","17":"purchasable","18":"product-type-simple"},"yoast_head":"<!-- This site is optimized with the Yoast SEO plugin v26.9 - https:\/\/yoast.com\/product\/yoast-seo-wordpress\/ -->\n<title>KIPSK\u00c4SIKROHV ROTBAND 5KG - Espak E-pood<\/title>\n<meta name=\"robots\" content=\"index, follow, max-snippet:-1, max-image-preview:large, max-video-preview:-1\" \/>\n<link rel=\"canonical\" href=\"https:\/\/espak.ee\/epood\/toode\/kipskasikrohv-rotband-5kg\/\" \/>\n<meta property=\"og:locale\" content=\"et_EE\" \/>\n<meta property=\"og:type\" content=\"article\" \/>\n<meta property=\"og:title\" content=\"KIPSK\u00c4SIKROHV ROTBAND 5KG - Espak E-pood\" \/>\n<meta property=\"og:url\" content=\"https:\/\/espak.ee\/epood\/toode\/kipskasikrohv-rotband-5kg\/\" \/>\n<meta property=\"og:site_name\" content=\"Espak E-pood\" \/>\n<meta property=\"article:modified_time\" content=\"2025-06-10T11:21:34+00:00\" \/>\n<meta property=\"og:image\" content=\"https:\/\/espak.ee\/epood\/wp-content\/uploads\/rotband.jpg\" \/>\n\t<meta property=\"og:image:width\" content=\"683\" \/>\n\t<meta property=\"og:image:height\" content=\"683\" \/>\n\t<meta property=\"og:image:type\" content=\"image\/jpeg\" \/>\n<meta name=\"twitter:card\" content=\"summary_large_image\" \/>\n<meta name=\"twitter:label1\" content=\"Est. reading time\" \/>\n\t<meta name=\"twitter:data1\" content=\"1 minut\" \/>\n<script type=\"application\/ld+json\" class=\"yoast-schema-graph\">{\"@context\":\"https:\/\/schema.org\",\"@graph\":[{\"@type\":\"WebPage\",\"@id\":\"https:\/\/espak.ee\/epood\/toode\/kipskasikrohv-rotband-5kg\/\",\"url\":\"https:\/\/espak.ee\/epood\/toode\/kipskasikrohv-rotband-5kg\/\",\"name\":\"KIPSK\u00c4SIKROHV ROTBAND 5KG - Espak E-pood\",\"isPartOf\":{\"@id\":\"https:\/\/espak.ee\/epood\/#website\"},\"primaryImageOfPage\":{\"@id\":\"https:\/\/espak.ee\/epood\/toode\/kipskasikrohv-rotband-5kg\/#primaryimage\"},\"image\":{\"@id\":\"https:\/\/espak.ee\/epood\/toode\/kipskasikrohv-rotband-5kg\/#primaryimage\"},\"thumbnailUrl\":\"https:\/\/espak.ee\/epood\/wp-content\/uploads\/rotband.jpg\",\"datePublished\":\"2020-02-18T01:05:40+00:00\",\"dateModified\":\"2025-06-10T11:21:34+00:00\",\"breadcrumb\":{\"@id\":\"https:\/\/espak.ee\/epood\/toode\/kipskasikrohv-rotband-5kg\/#breadcrumb\"},\"inLanguage\":\"et\",\"potentialAction\":[{\"@type\":\"ReadAction\",\"target\":[\"https:\/\/espak.ee\/epood\/toode\/kipskasikrohv-rotband-5kg\/\"]}]},{\"@type\":\"ImageObject\",\"inLanguage\":\"et\",\"@id\":\"https:\/\/espak.ee\/epood\/toode\/kipskasikrohv-rotband-5kg\/#primaryimage\",\"url\":\"https:\/\/espak.ee\/epood\/wp-content\/uploads\/rotband.jpg\",\"contentUrl\":\"https:\/\/espak.ee\/epood\/wp-content\/uploads\/rotband.jpg\",\"width\":683,\"height\":683},{\"@type\":\"BreadcrumbList\",\"@id\":\"https:\/\/espak.ee\/epood\/toode\/kipskasikrohv-rotband-5kg\/#breadcrumb\",\"itemListElement\":[{\"@type\":\"ListItem\",\"position\":1,\"name\":\"Home\",\"item\":\"https:\/\/espak.ee\/epood\/\"},{\"@type\":\"ListItem\",\"position\":2,\"name\":\"Tootevalik\",\"item\":\"https:\/\/espak.ee\/epood\/tootevalik\/\"},{\"@type\":\"ListItem\",\"position\":3,\"name\":\"KIPSK\u00c4SIKROHV ROTBAND 5KG\"}]},{\"@type\":\"WebSite\",\"@id\":\"https:\/\/espak.ee\/epood\/#website\",\"url\":\"https:\/\/espak.ee\/epood\/\",\"name\":\"Espak E-pood\",\"description\":\"\",\"potentialAction\":[{\"@type\":\"SearchAction\",\"target\":{\"@type\":\"EntryPoint\",\"urlTemplate\":\"https:\/\/espak.ee\/epood\/?s={search_term_string}\"},\"query-input\":{\"@type\":\"PropertyValueSpecification\",\"valueRequired\":true,\"valueName\":\"search_term_string\"}}],\"inLanguage\":\"et\"}]}<\/script>\n<!-- \/ Yoast SEO plugin. -->","yoast_head_json":{"title":"KIPSK\u00c4SIKROHV ROTBAND 5KG - Espak E-pood","robots":{"index":"index","follow":"follow","max-snippet":"max-snippet:-1","max-image-preview":"max-image-preview:large","max-video-preview":"max-video-preview:-1"},"canonical":"https:\/\/espak.ee\/epood\/toode\/kipskasikrohv-rotband-5kg\/","og_locale":"et_EE","og_type":"article","og_title":"KIPSK\u00c4SIKROHV ROTBAND 5KG - Espak E-pood","og_url":"https:\/\/espak.ee\/epood\/toode\/kipskasikrohv-rotband-5kg\/","og_site_name":"Espak E-pood","article_modified_time":"2025-06-10T11:21:34+00:00","og_image":[{"width":683,"height":683,"url":"https:\/\/espak.ee\/epood\/wp-content\/uploads\/rotband.jpg","type":"image\/jpeg"}],"twitter_card":"summary_large_image","twitter_misc":{"Est. reading time":"1 minut"},"schema":{"@context":"https:\/\/schema.org","@graph":[{"@type":"WebPage","@id":"https:\/\/espak.ee\/epood\/toode\/kipskasikrohv-rotband-5kg\/","url":"https:\/\/espak.ee\/epood\/toode\/kipskasikrohv-rotband-5kg\/","name":"KIPSK\u00c4SIKROHV ROTBAND 5KG - Espak E-pood","isPartOf":{"@id":"https:\/\/espak.ee\/epood\/#website"},"primaryImageOfPage":{"@id":"https:\/\/espak.ee\/epood\/toode\/kipskasikrohv-rotband-5kg\/#primaryimage"},"image":{"@id":"https:\/\/espak.ee\/epood\/toode\/kipskasikrohv-rotband-5kg\/#primaryimage"},"thumbnailUrl":"https:\/\/espak.ee\/epood\/wp-content\/uploads\/rotband.jpg","datePublished":"2020-02-18T01:05:40+00:00","dateModified":"2025-06-10T11:21:34+00:00","breadcrumb":{"@id":"https:\/\/espak.ee\/epood\/toode\/kipskasikrohv-rotband-5kg\/#breadcrumb"},"inLanguage":"et","potentialAction":[{"@type":"ReadAction","target":["https:\/\/espak.ee\/epood\/toode\/kipskasikrohv-rotband-5kg\/"]}]},{"@type":"ImageObject","inLanguage":"et","@id":"https:\/\/espak.ee\/epood\/toode\/kipskasikrohv-rotband-5kg\/#primaryimage","url":"https:\/\/espak.ee\/epood\/wp-content\/uploads\/rotband.jpg","contentUrl":"https:\/\/espak.ee\/epood\/wp-content\/uploads\/rotband.jpg","width":683,"height":683},{"@type":"BreadcrumbList","@id":"https:\/\/espak.ee\/epood\/toode\/kipskasikrohv-rotband-5kg\/#breadcrumb","itemListElement":[{"@type":"ListItem","position":1,"name":"Home","item":"https:\/\/espak.ee\/epood\/"},{"@type":"ListItem","position":2,"name":"Tootevalik","item":"https:\/\/espak.ee\/epood\/tootevalik\/"},{"@type":"ListItem","position":3,"name":"KIPSK\u00c4SIKROHV ROTBAND 5KG"}]},{"@type":"WebSite","@id":"https:\/\/espak.ee\/epood\/#website","url":"https:\/\/espak.ee\/epood\/","name":"Espak E-pood","description":"","potentialAction":[{"@type":"SearchAction","target":{"@type":"EntryPoint","urlTemplate":"https:\/\/espak.ee\/epood\/?s={search_term_string}"},"query-input":{"@type":"PropertyValueSpecification","valueRequired":true,"valueName":"search_term_string"}}],"inLanguage":"et"}]}},"_links":{"self":[{"href":"https:\/\/espak.ee\/epood\/wp-json\/wp\/v2\/product\/15342","targetHints":{"allow":["GET"]}}],"collection":[{"href":"https:\/\/espak.ee\/epood\/wp-json\/wp\/v2\/product"}],"about":[{"href":"https:\/\/espak.ee\/epood\/wp-json\/wp\/v2\/types\/product"}],"replies":[{"embeddable":true,"href":"https:\/\/espak.ee\/epood\/wp-json\/wp\/v2\/comments?post=15342"}],"wp:featuredmedia":[{"embeddable":true,"href":"https:\/\/espak.ee\/epood\/wp-json\/wp\/v2\/media\/15996"}],"wp:attachment":[{"href":"https:\/\/espak.ee\/epood\/wp-json\/wp\/v2\/media?parent=15342"}],"wp:term":[{"taxonomy":"product_brand","embeddable":true,"href":"https:\/\/espak.ee\/epood\/wp-json\/wp\/v2\/product_brand?post=15342"},{"taxonomy":"product_cat","embeddable":true,"href":"https:\/\/espak.ee\/epood\/wp-json\/wp\/v2\/product_cat?post=15342"},{"taxonomy":"product_tag","embeddable":true,"href":"https:\/\/espak.ee\/epood\/wp-json\/wp\/v2\/product_tag?post=15342"}],"curies":[{"name":"wp","href":"https:\/\/api.w.org\/{rel}","templated":true}]}}