{"id":15337,"date":"2020-02-18T03:05:40","date_gmt":"2020-02-18T01:05:40","guid":{"rendered":"https:\/\/espak.ee\/hinnakiri\/?post_type=product&#038;p=15337"},"modified":"2024-12-05T11:47:55","modified_gmt":"2024-12-05T09:47:55","slug":"kipskasikrohv-goldband-10kg","status":"publish","type":"product","link":"https:\/\/espak.ee\/epood\/toode\/kipskasikrohv-goldband-10kg\/","title":{"rendered":"KIPSK\u00c4SIKROHV GOLDBAND 10KG"},"content":{"rendered":"<div class=\"row\"  id=\"row-445680563\">\n\n\t<div id=\"col-274667588\" class=\"col medium-9 small-12 large-9\"  >\n\t\t\t\t<div class=\"col-inner\"  >\n\t\t\t\n\t\t\t\n<h2>Kipsk\u00e4sikrohv Goldband<\/h2>\n<p>Veega segamisvalmis kipsk\u00e4sikrohvi kuivsegu mineraalsete seinapindade krohvimiseks normaalse niiskusetasemega ruumides.<\/p>\n<div class=\"message-box relative\" style=\"padding-top:15px;padding-bottom:15px;\"><div class=\"message-box-bg-image bg-fill fill\" ><\/div><div class=\"message-box-bg-overlay bg-fill fill\" ><\/div><div class=\"container relative\"><div class=\"inner last-reset\">\n<div class=\"row align-middle align-center\"  id=\"row-742644936\">\n\n\t<div id=\"col-268098667\" class=\"col small-12 large-12\"  >\n\t\t\t\t<div class=\"col-inner text-left\"  >\n\t\t\t\n\t\t\t\n<h4>Omadused<\/h4>\n<div class=\"row\"  id=\"row-549115631\">\n\n\t<div id=\"col-1128501223\" class=\"col medium-6 small-12 large-6\"  >\n\t\t\t\t<div class=\"col-inner\"  >\n\t\t\t\n\t\t\t\n<p><i class=\"fa fa-check fa-2x\"><\/i> <strong>Siset\u00f6\u00f6del seinte krohvimiseks<\/strong><\/p>\n<p><i class=\"fa fa-check fa-2x\"><\/i> <strong>Tagab mugava ruumikliima<\/strong><\/p>\n\t\t<\/div>\n\t\t\t\t\n<style>\n#col-1128501223 > .col-inner {\n  margin: 0px 0px 15px 0px;\n}\n<\/style>\n\t<\/div>\n\n\t\n\n\t<div id=\"col-1095616618\" class=\"col medium-6 small-12 large-6\"  >\n\t\t\t\t<div class=\"col-inner\"  >\n\t\t\t\n\t\t\t\n<p><i class=\"fa fa-check fa-2x\"><\/i> <strong>Veeauru l\u00e4bilaskev<\/strong><\/p>\n<p><i class=\"fa fa-check fa-2x\"><\/i> <strong>Mittep\u00f5lev<\/strong><\/p>\n\t\t<\/div>\n\t\t\t\t\n<style>\n#col-1095616618 > .col-inner {\n  margin: 0px 0px 15px 0px;\n}\n<\/style>\n\t<\/div>\n\n\t\n<\/div>\n\t\t<\/div>\n\t\t\t\t\t<\/div>\n\n\t\n<\/div>\n<\/div><\/div><\/div>\n\t<div id=\"gap-1390177403\" class=\"gap-element clearfix\" style=\"display:block; height:auto;\">\n\t\t\n<style>\n#gap-1390177403 {\n  padding-top: 30px;\n}\n<\/style>\n\t<\/div>\n\t\n<h3>Kasutamise \u00fcksikasjad<\/h3>\n<p><strong>Kasutusalad:<\/strong> Siset\u00f6\u00f6del seinte silutud, struktureeritud v\u00f5i l\u00f5igatud siledusega krohvipinna tegemiseks igat liiki m\u00fc\u00fcritistele, betoonpindadele, samuti kandvatelele krohvialustele pindadele normaalse \u00f5huniiskusega elukondliku kasutusega ruumidele kaasa arvatud k\u00f6\u00f6gid ja vannitoad (ka WC-d koolides, vannitoad hotellides, haiglates ja hooldusasutustes). Sobib pinna kvaliteediklasside Q1-Q3 l\u00f5igatud pind v\u00f5i Q4 silutud pind saavutamiseks. Kvaliteediklass Q4 on saavutatav koos peenpahtliga nt Knauf Multi-Finish v\u00f5i Super Finish v\u00f5i Fill &#038; Finish Light. Sobib v\u00e4rvi, tapeedi, keraamilise plaadi ja dekoratiivkrohvide aluspinnaks.<\/p>\n<p><strong>Kasutusjuhis:<\/strong> Vett mitteimav aluspind eelnevalt kruntida nakkekrundiga Knauf Betokontakt, imav aluspind t\u00f6\u00f6delda Knauf Stuck-Primer vesilahusega. Pritsida Knauf MP 75L krohvimasina (nt PFT G4) abil \u00fchtlaselt pinnale ning tasandada H-profiillati abil ja natukese aja p\u00e4rast l\u00f5igata trapetsprofiillati abil tasaseks. Kui pind on plasteks tahkunud (ei ole enam m\u00e4rg), siis saab seda h\u00f5\u00f5ruda m\u00e4rja k\u00e4snh\u00f5\u00f5rutiga vedelaks ja siluda pahtlilabidaga tasaseks (vajadusel korrata). T\u00f6\u00f6aeg on 10 mm paksuse kihi korral umbes 3 tundi. Kui pinnakatteks tuleb keraamiline plaat, siis l\u00f5igatud pinda mitte siluda ja krohvikihi paksus peab olema v\u00e4hemalt 10 mm. T\u00f6\u00f6tamise ja kuivamise ajal peab ruumi temperatuur olema v\u00e4hemalt +5 \u00baC. Krohvi kuivamise ajal tuleb ruume \u00f5hutada.<\/p>\n\t\t<\/div>\n\t\t\t\t\t<\/div>\n\n\t\n\n\t<div id=\"col-1510535784\" class=\"col medium-3 small-12 large-3\"  >\n\t\t\t\t<div class=\"col-inner\"  >\n\t\t\t\n\t\t\t\n\t<div id=\"gap-243691541\" class=\"gap-element clearfix\" style=\"display:block; height:auto;\">\n\t\t\n<style>\n#gap-243691541 {\n  padding-top: 30px;\n}\n<\/style>\n\t<\/div>\n\t\n<h3>Ohutusalane teave<\/h3>\n<p><a href=\"https:\/\/espak.ee\/epood\/wp-content\/uploads\/goldband-ohutuskaart.pdf\" target=\"_blank\" rel=\"noopener noreferrer\"><i class=\"far fa-file-pdf\"><\/i> Ohutusalane teave (PDF)<\/a><\/p>\n<div class=\"is-divider divider clearfix\" ><\/div>\n<p><strong>\u00dcksikasjalikuma n\u00f5u saamiseks v\u00f5tke \u00fchendust:<br \/><\/strong>Knauf Tallinn U\u00dc<br \/>J\u00e4rvevana tee 7B<br \/>10132<br \/>Tallinn<br \/>+372 6518697<\/p>\n<div class=\"is-divider divider clearfix\" ><\/div>\n\t\t<\/div>\n\t\t\t\t\t<\/div>\n\n\t\n<\/div>\n","protected":false},"excerpt":{"rendered":"","protected":false},"featured_media":15988,"comment_status":"closed","ping_status":"open","template":"","meta":[],"product_brand":[],"product_cat":[2876,2698,2816,2697],"product_tag":[],"class_list":{"0":"post-15337","1":"product","2":"type-product","3":"status-publish","4":"has-post-thumbnail","6":"product_cat-kipskrohvid","7":"product_cat-pahtlid-ja-kuivsegud","8":"product_cat-seinatasandussegud","9":"product_cat-uldehitus","10":"pa_kaubamark-knauf","12":"first","13":"instock","14":"sale","15":"taxable","16":"shipping-taxable","17":"purchasable","18":"product-type-simple"},"yoast_head":"<!-- This site is optimized with the Yoast SEO plugin v26.9 - https:\/\/yoast.com\/product\/yoast-seo-wordpress\/ -->\n<title>KIPSK\u00c4SIKROHV GOLDBAND 10KG - Espak E-pood<\/title>\n<meta name=\"robots\" content=\"index, follow, max-snippet:-1, max-image-preview:large, max-video-preview:-1\" \/>\n<link rel=\"canonical\" href=\"https:\/\/espak.ee\/epood\/toode\/kipskasikrohv-goldband-10kg\/\" \/>\n<meta property=\"og:locale\" content=\"et_EE\" \/>\n<meta property=\"og:type\" content=\"article\" \/>\n<meta property=\"og:title\" content=\"KIPSK\u00c4SIKROHV GOLDBAND 10KG - Espak E-pood\" \/>\n<meta property=\"og:url\" content=\"https:\/\/espak.ee\/epood\/toode\/kipskasikrohv-goldband-10kg\/\" \/>\n<meta property=\"og:site_name\" content=\"Espak E-pood\" \/>\n<meta property=\"article:modified_time\" content=\"2024-12-05T09:47:55+00:00\" \/>\n<meta property=\"og:image\" content=\"https:\/\/espak.ee\/epood\/wp-content\/uploads\/goldband.jpg\" \/>\n\t<meta property=\"og:image:width\" content=\"683\" \/>\n\t<meta property=\"og:image:height\" content=\"683\" \/>\n\t<meta property=\"og:image:type\" content=\"image\/jpeg\" \/>\n<meta name=\"twitter:card\" content=\"summary_large_image\" \/>\n<meta name=\"twitter:label1\" content=\"Est. reading time\" \/>\n\t<meta name=\"twitter:data1\" content=\"2 minutit\" \/>\n<script type=\"application\/ld+json\" class=\"yoast-schema-graph\">{\"@context\":\"https:\/\/schema.org\",\"@graph\":[{\"@type\":\"WebPage\",\"@id\":\"https:\/\/espak.ee\/epood\/toode\/kipskasikrohv-goldband-10kg\/\",\"url\":\"https:\/\/espak.ee\/epood\/toode\/kipskasikrohv-goldband-10kg\/\",\"name\":\"KIPSK\u00c4SIKROHV GOLDBAND 10KG - Espak E-pood\",\"isPartOf\":{\"@id\":\"https:\/\/espak.ee\/epood\/#website\"},\"primaryImageOfPage\":{\"@id\":\"https:\/\/espak.ee\/epood\/toode\/kipskasikrohv-goldband-10kg\/#primaryimage\"},\"image\":{\"@id\":\"https:\/\/espak.ee\/epood\/toode\/kipskasikrohv-goldband-10kg\/#primaryimage\"},\"thumbnailUrl\":\"https:\/\/espak.ee\/epood\/wp-content\/uploads\/goldband.jpg\",\"datePublished\":\"2020-02-18T01:05:40+00:00\",\"dateModified\":\"2024-12-05T09:47:55+00:00\",\"breadcrumb\":{\"@id\":\"https:\/\/espak.ee\/epood\/toode\/kipskasikrohv-goldband-10kg\/#breadcrumb\"},\"inLanguage\":\"et\",\"potentialAction\":[{\"@type\":\"ReadAction\",\"target\":[\"https:\/\/espak.ee\/epood\/toode\/kipskasikrohv-goldband-10kg\/\"]}]},{\"@type\":\"ImageObject\",\"inLanguage\":\"et\",\"@id\":\"https:\/\/espak.ee\/epood\/toode\/kipskasikrohv-goldband-10kg\/#primaryimage\",\"url\":\"https:\/\/espak.ee\/epood\/wp-content\/uploads\/goldband.jpg\",\"contentUrl\":\"https:\/\/espak.ee\/epood\/wp-content\/uploads\/goldband.jpg\",\"width\":683,\"height\":683},{\"@type\":\"BreadcrumbList\",\"@id\":\"https:\/\/espak.ee\/epood\/toode\/kipskasikrohv-goldband-10kg\/#breadcrumb\",\"itemListElement\":[{\"@type\":\"ListItem\",\"position\":1,\"name\":\"Home\",\"item\":\"https:\/\/espak.ee\/epood\/\"},{\"@type\":\"ListItem\",\"position\":2,\"name\":\"Tootevalik\",\"item\":\"https:\/\/espak.ee\/epood\/tootevalik\/\"},{\"@type\":\"ListItem\",\"position\":3,\"name\":\"KIPSK\u00c4SIKROHV GOLDBAND 10KG\"}]},{\"@type\":\"WebSite\",\"@id\":\"https:\/\/espak.ee\/epood\/#website\",\"url\":\"https:\/\/espak.ee\/epood\/\",\"name\":\"Espak E-pood\",\"description\":\"\",\"potentialAction\":[{\"@type\":\"SearchAction\",\"target\":{\"@type\":\"EntryPoint\",\"urlTemplate\":\"https:\/\/espak.ee\/epood\/?s={search_term_string}\"},\"query-input\":{\"@type\":\"PropertyValueSpecification\",\"valueRequired\":true,\"valueName\":\"search_term_string\"}}],\"inLanguage\":\"et\"}]}<\/script>\n<!-- \/ Yoast SEO plugin. -->","yoast_head_json":{"title":"KIPSK\u00c4SIKROHV GOLDBAND 10KG - Espak E-pood","robots":{"index":"index","follow":"follow","max-snippet":"max-snippet:-1","max-image-preview":"max-image-preview:large","max-video-preview":"max-video-preview:-1"},"canonical":"https:\/\/espak.ee\/epood\/toode\/kipskasikrohv-goldband-10kg\/","og_locale":"et_EE","og_type":"article","og_title":"KIPSK\u00c4SIKROHV GOLDBAND 10KG - Espak E-pood","og_url":"https:\/\/espak.ee\/epood\/toode\/kipskasikrohv-goldband-10kg\/","og_site_name":"Espak E-pood","article_modified_time":"2024-12-05T09:47:55+00:00","og_image":[{"width":683,"height":683,"url":"https:\/\/espak.ee\/epood\/wp-content\/uploads\/goldband.jpg","type":"image\/jpeg"}],"twitter_card":"summary_large_image","twitter_misc":{"Est. reading time":"2 minutit"},"schema":{"@context":"https:\/\/schema.org","@graph":[{"@type":"WebPage","@id":"https:\/\/espak.ee\/epood\/toode\/kipskasikrohv-goldband-10kg\/","url":"https:\/\/espak.ee\/epood\/toode\/kipskasikrohv-goldband-10kg\/","name":"KIPSK\u00c4SIKROHV GOLDBAND 10KG - Espak E-pood","isPartOf":{"@id":"https:\/\/espak.ee\/epood\/#website"},"primaryImageOfPage":{"@id":"https:\/\/espak.ee\/epood\/toode\/kipskasikrohv-goldband-10kg\/#primaryimage"},"image":{"@id":"https:\/\/espak.ee\/epood\/toode\/kipskasikrohv-goldband-10kg\/#primaryimage"},"thumbnailUrl":"https:\/\/espak.ee\/epood\/wp-content\/uploads\/goldband.jpg","datePublished":"2020-02-18T01:05:40+00:00","dateModified":"2024-12-05T09:47:55+00:00","breadcrumb":{"@id":"https:\/\/espak.ee\/epood\/toode\/kipskasikrohv-goldband-10kg\/#breadcrumb"},"inLanguage":"et","potentialAction":[{"@type":"ReadAction","target":["https:\/\/espak.ee\/epood\/toode\/kipskasikrohv-goldband-10kg\/"]}]},{"@type":"ImageObject","inLanguage":"et","@id":"https:\/\/espak.ee\/epood\/toode\/kipskasikrohv-goldband-10kg\/#primaryimage","url":"https:\/\/espak.ee\/epood\/wp-content\/uploads\/goldband.jpg","contentUrl":"https:\/\/espak.ee\/epood\/wp-content\/uploads\/goldband.jpg","width":683,"height":683},{"@type":"BreadcrumbList","@id":"https:\/\/espak.ee\/epood\/toode\/kipskasikrohv-goldband-10kg\/#breadcrumb","itemListElement":[{"@type":"ListItem","position":1,"name":"Home","item":"https:\/\/espak.ee\/epood\/"},{"@type":"ListItem","position":2,"name":"Tootevalik","item":"https:\/\/espak.ee\/epood\/tootevalik\/"},{"@type":"ListItem","position":3,"name":"KIPSK\u00c4SIKROHV GOLDBAND 10KG"}]},{"@type":"WebSite","@id":"https:\/\/espak.ee\/epood\/#website","url":"https:\/\/espak.ee\/epood\/","name":"Espak E-pood","description":"","potentialAction":[{"@type":"SearchAction","target":{"@type":"EntryPoint","urlTemplate":"https:\/\/espak.ee\/epood\/?s={search_term_string}"},"query-input":{"@type":"PropertyValueSpecification","valueRequired":true,"valueName":"search_term_string"}}],"inLanguage":"et"}]}},"_links":{"self":[{"href":"https:\/\/espak.ee\/epood\/wp-json\/wp\/v2\/product\/15337","targetHints":{"allow":["GET"]}}],"collection":[{"href":"https:\/\/espak.ee\/epood\/wp-json\/wp\/v2\/product"}],"about":[{"href":"https:\/\/espak.ee\/epood\/wp-json\/wp\/v2\/types\/product"}],"replies":[{"embeddable":true,"href":"https:\/\/espak.ee\/epood\/wp-json\/wp\/v2\/comments?post=15337"}],"wp:featuredmedia":[{"embeddable":true,"href":"https:\/\/espak.ee\/epood\/wp-json\/wp\/v2\/media\/15988"}],"wp:attachment":[{"href":"https:\/\/espak.ee\/epood\/wp-json\/wp\/v2\/media?parent=15337"}],"wp:term":[{"taxonomy":"product_brand","embeddable":true,"href":"https:\/\/espak.ee\/epood\/wp-json\/wp\/v2\/product_brand?post=15337"},{"taxonomy":"product_cat","embeddable":true,"href":"https:\/\/espak.ee\/epood\/wp-json\/wp\/v2\/product_cat?post=15337"},{"taxonomy":"product_tag","embeddable":true,"href":"https:\/\/espak.ee\/epood\/wp-json\/wp\/v2\/product_tag?post=15337"}],"curies":[{"name":"wp","href":"https:\/\/api.w.org\/{rel}","templated":true}]}}