{"id":153223,"date":"2023-03-18T08:21:26","date_gmt":"2023-03-18T06:21:26","guid":{"rendered":"https:\/\/espak.ee\/epood\/?post_type=product&#038;p=153223"},"modified":"2026-03-21T09:28:38","modified_gmt":"2026-03-21T07:28:38","slug":"kruntvarv-grund-10l-sadolin","status":"publish","type":"product","link":"https:\/\/espak.ee\/epood\/toode\/kruntvarv-grund-10l-sadolin\/","title":{"rendered":"KRUNTV\u00c4RV GRUND 10L SADOLIN"},"content":{"rendered":"<div class=\"row\"  id=\"row-1690398713\">\n\n\t<div id=\"col-85909016\" class=\"col medium-9 small-12 large-9\"  >\n\t\t\t\t<div class=\"col-inner\"  >\n\t\t\t\n\t\t\t\n<h2>Kruntv\u00e4rv Grund 10L Sadolin<\/h2>\n<p>Poorsete pindade kruntv\u00e4rv.<br \/>\nKergesti pinnale kantav ning kiiresti kuivav kruntv\u00e4rv t\u00e4idab poorse pinna, \u00fchtlustab pinna imavust ning v\u00e4hendab pinnav\u00e4rvi kulu. Sobib varem viimistlemata krohv-, betoon-, kergbetoonja tellispinna, kipsplaadi ning pahteldatud pinna kruntimiseks. V\u00e4rv on m\u00f5eldud elu-, kontori- ja \u00fchiskondlike ruumide lagede ja seinte kruntimiseks. Toode t\u00e4idab Euroopa Liidu \u00f6kom\u00e4rgise n\u00f5udeid, on v\u00e4hese l\u00f5hnaga ning valget v\u00e4rvi.<\/p>\n<p><strong>Kasutusjuhend:<\/strong> Aluspind peab olema kuiv ning vaba tolmust, mustusest ja k\u00f5igest, mis v\u00f5iks takistada v\u00e4rvi pinnale kleepumast. Pese eelnevalt v\u00e4rvitud pinnad sooja veega. Tugevalt m\u00e4\u00e4rdunud pinna pesemiseks kasutage pesuainet, seej\u00e4rel loputage pind puhta veega. Eemalda vana lahtine v\u00e4rv ja l\u00f5dvalt liimitud pinnakihid enne tugev alus, parema nakkuvuse saavutamiseks tsinkida l\u00e4ikv\u00e4rviga kaetud pind liivapaberiga. Pinna ebatasasused, augud ja praod tuleks t\u00e4ita Sadolini tootevalikust sobiva t\u00e4iteainega (Maxi Pro, Maxi). Lihvi kuivanud pahtlipind siledaks ja eemalda koos pinna lihvimise tolm.\n<\/p>\n\t\t<\/div>\n\t\t\t\t\t<\/div>\n\n\t\n\n\t<div id=\"col-2124611570\" class=\"col medium-3 small-12 large-3\"  >\n\t\t\t\t<div class=\"col-inner\"  >\n\t\t\t\n\t\t\t\n\t<div id=\"gap-1900061126\" class=\"gap-element clearfix\" style=\"display:block; height:auto;\">\n\t\t\n<style>\n#gap-1900061126 {\n  padding-top: 30px;\n}\n<\/style>\n\t<\/div>\n\t\n<h3>Tehniline informatsioon<\/h3>\n<p><a href=\"https:\/\/espak.ee\/epood\/wp-content\/uploads\/2023\/03\/grund_tds_ee.pdf\"target=\"_blank\" rel=\"noopener noreferrer\"><i class=\"far fa-file-pdf\"><\/i> Tehniline info (PDF)<\/a><\/p>\n<h3>Ohutusalane teave<\/h3>\n<p><a href=\"https:\/\/espak.ee\/epood\/wp-content\/uploads\/2023\/03\/grund_msds_et_2019.pdf\"target=\"_blank\" rel=\"noopener noreferrer\"><i class=\"far fa-file-pdf\"><\/i> Ohutuskaart (PDF)<\/a><\/p>\n<div class=\"is-divider divider clearfix\" ><\/div>\n<p><strong>\u00dcksikasjalikuma n\u00f5u saamiseks v\u00f5tke \u00fchendust:<br \/><\/strong>Akzo Nobel Baltics,<br \/> R. Tobiase 8,<br \/> 10147 Tallinn,<br \/> Telefon: + 372 630 5299<\/p>\n<div class=\"is-divider divider clearfix\" ><\/div>\n<h3>Sadolin Visualizer<\/h3>\n<div class=\"video video-fit mb\" style=\"padding-top:56.25%;\"><div style=\"width: 640px;\" class=\"wp-video\"><video class=\"wp-video-shortcode\" id=\"video-153223-1\" width=\"640\" height=\"360\" preload=\"metadata\" controls=\"controls\"><source type=\"video\/mp4\" src=\"http:\/\/espak.ee\/epood\/wp-content\/uploads\/Sadolin-Visualizer.mp4?_=1\" \/><a href=\"http:\/\/espak.ee\/epood\/wp-content\/uploads\/Sadolin-Visualizer.mp4\">http:\/\/espak.ee\/epood\/wp-content\/uploads\/Sadolin-Visualizer.mp4<\/a><\/video><\/div>\n<\/div>\n\t\t<\/div>\n\t\t\t\t\t<\/div>\n\n\t\n<\/div>\n","protected":false},"excerpt":{"rendered":"","protected":false},"featured_media":153167,"comment_status":"closed","ping_status":"closed","template":"","meta":[],"product_brand":[],"product_cat":[2689,2685,2684,2683],"product_tag":[],"class_list":{"0":"post-153223","1":"product","2":"type-product","3":"status-publish","4":"has-post-thumbnail","6":"product_cat-sisevarvid","7":"product_cat-varvid","8":"product_cat-varvid-lakid-lahustid-puidukaitsed-olid","9":"product_cat-viimistluskaubad","10":"product_shipping_class-dpd-cold","11":"pa_kaubamark-akzo-nobel-baltics-as","13":"first","14":"outofstock","15":"sale","16":"taxable","17":"shipping-taxable","18":"purchasable","19":"product-type-simple"},"yoast_head":"<!-- This site is optimized with the Yoast SEO plugin v26.9 - https:\/\/yoast.com\/product\/yoast-seo-wordpress\/ -->\n<title>KRUNTV\u00c4RV GRUND 10L SADOLIN - Espak E-pood<\/title>\n<meta name=\"robots\" content=\"index, follow, max-snippet:-1, max-image-preview:large, max-video-preview:-1\" \/>\n<link rel=\"canonical\" href=\"https:\/\/espak.ee\/epood\/toode\/kruntvarv-grund-10l-sadolin\/\" \/>\n<meta property=\"og:locale\" content=\"et_EE\" \/>\n<meta property=\"og:type\" content=\"article\" \/>\n<meta property=\"og:title\" content=\"KRUNTV\u00c4RV GRUND 10L SADOLIN - Espak E-pood\" \/>\n<meta property=\"og:url\" content=\"https:\/\/espak.ee\/epood\/toode\/kruntvarv-grund-10l-sadolin\/\" \/>\n<meta property=\"og:site_name\" content=\"Espak E-pood\" \/>\n<meta property=\"article:modified_time\" content=\"2026-03-21T07:28:38+00:00\" \/>\n<meta property=\"og:image\" content=\"https:\/\/espak.ee\/epood\/wp-content\/uploads\/2023\/03\/Sadolin_Grund_2_5L-scaled.jpg\" \/>\n\t<meta property=\"og:image:width\" content=\"2048\" \/>\n\t<meta property=\"og:image:height\" content=\"2048\" \/>\n\t<meta property=\"og:image:type\" content=\"image\/jpeg\" \/>\n<meta name=\"twitter:card\" content=\"summary_large_image\" \/>\n<meta name=\"twitter:label1\" content=\"Est. reading time\" \/>\n\t<meta name=\"twitter:data1\" content=\"1 minut\" \/>\n<script type=\"application\/ld+json\" class=\"yoast-schema-graph\">{\"@context\":\"https:\/\/schema.org\",\"@graph\":[{\"@type\":\"WebPage\",\"@id\":\"https:\/\/espak.ee\/epood\/toode\/kruntvarv-grund-10l-sadolin\/\",\"url\":\"https:\/\/espak.ee\/epood\/toode\/kruntvarv-grund-10l-sadolin\/\",\"name\":\"KRUNTV\u00c4RV GRUND 10L SADOLIN - Espak E-pood\",\"isPartOf\":{\"@id\":\"https:\/\/espak.ee\/epood\/#website\"},\"primaryImageOfPage\":{\"@id\":\"https:\/\/espak.ee\/epood\/toode\/kruntvarv-grund-10l-sadolin\/#primaryimage\"},\"image\":{\"@id\":\"https:\/\/espak.ee\/epood\/toode\/kruntvarv-grund-10l-sadolin\/#primaryimage\"},\"thumbnailUrl\":\"https:\/\/espak.ee\/epood\/wp-content\/uploads\/2023\/03\/Sadolin_Grund_2_5L-scaled.jpg\",\"datePublished\":\"2023-03-18T06:21:26+00:00\",\"dateModified\":\"2026-03-21T07:28:38+00:00\",\"breadcrumb\":{\"@id\":\"https:\/\/espak.ee\/epood\/toode\/kruntvarv-grund-10l-sadolin\/#breadcrumb\"},\"inLanguage\":\"et\",\"potentialAction\":[{\"@type\":\"ReadAction\",\"target\":[\"https:\/\/espak.ee\/epood\/toode\/kruntvarv-grund-10l-sadolin\/\"]}]},{\"@type\":\"ImageObject\",\"inLanguage\":\"et\",\"@id\":\"https:\/\/espak.ee\/epood\/toode\/kruntvarv-grund-10l-sadolin\/#primaryimage\",\"url\":\"https:\/\/espak.ee\/epood\/wp-content\/uploads\/2023\/03\/Sadolin_Grund_2_5L-scaled.jpg\",\"contentUrl\":\"https:\/\/espak.ee\/epood\/wp-content\/uploads\/2023\/03\/Sadolin_Grund_2_5L-scaled.jpg\",\"width\":2048,\"height\":2048},{\"@type\":\"BreadcrumbList\",\"@id\":\"https:\/\/espak.ee\/epood\/toode\/kruntvarv-grund-10l-sadolin\/#breadcrumb\",\"itemListElement\":[{\"@type\":\"ListItem\",\"position\":1,\"name\":\"Home\",\"item\":\"https:\/\/espak.ee\/epood\/\"},{\"@type\":\"ListItem\",\"position\":2,\"name\":\"Tootevalik\",\"item\":\"https:\/\/espak.ee\/epood\/tootevalik\/\"},{\"@type\":\"ListItem\",\"position\":3,\"name\":\"KRUNTV\u00c4RV GRUND 10L SADOLIN\"}]},{\"@type\":\"WebSite\",\"@id\":\"https:\/\/espak.ee\/epood\/#website\",\"url\":\"https:\/\/espak.ee\/epood\/\",\"name\":\"Espak E-pood\",\"description\":\"\",\"potentialAction\":[{\"@type\":\"SearchAction\",\"target\":{\"@type\":\"EntryPoint\",\"urlTemplate\":\"https:\/\/espak.ee\/epood\/?s={search_term_string}\"},\"query-input\":{\"@type\":\"PropertyValueSpecification\",\"valueRequired\":true,\"valueName\":\"search_term_string\"}}],\"inLanguage\":\"et\"}]}<\/script>\n<!-- \/ Yoast SEO plugin. -->","yoast_head_json":{"title":"KRUNTV\u00c4RV GRUND 10L SADOLIN - Espak E-pood","robots":{"index":"index","follow":"follow","max-snippet":"max-snippet:-1","max-image-preview":"max-image-preview:large","max-video-preview":"max-video-preview:-1"},"canonical":"https:\/\/espak.ee\/epood\/toode\/kruntvarv-grund-10l-sadolin\/","og_locale":"et_EE","og_type":"article","og_title":"KRUNTV\u00c4RV GRUND 10L SADOLIN - Espak E-pood","og_url":"https:\/\/espak.ee\/epood\/toode\/kruntvarv-grund-10l-sadolin\/","og_site_name":"Espak E-pood","article_modified_time":"2026-03-21T07:28:38+00:00","og_image":[{"width":2048,"height":2048,"url":"https:\/\/espak.ee\/epood\/wp-content\/uploads\/2023\/03\/Sadolin_Grund_2_5L-scaled.jpg","type":"image\/jpeg"}],"twitter_card":"summary_large_image","twitter_misc":{"Est. reading time":"1 minut"},"schema":{"@context":"https:\/\/schema.org","@graph":[{"@type":"WebPage","@id":"https:\/\/espak.ee\/epood\/toode\/kruntvarv-grund-10l-sadolin\/","url":"https:\/\/espak.ee\/epood\/toode\/kruntvarv-grund-10l-sadolin\/","name":"KRUNTV\u00c4RV GRUND 10L SADOLIN - Espak E-pood","isPartOf":{"@id":"https:\/\/espak.ee\/epood\/#website"},"primaryImageOfPage":{"@id":"https:\/\/espak.ee\/epood\/toode\/kruntvarv-grund-10l-sadolin\/#primaryimage"},"image":{"@id":"https:\/\/espak.ee\/epood\/toode\/kruntvarv-grund-10l-sadolin\/#primaryimage"},"thumbnailUrl":"https:\/\/espak.ee\/epood\/wp-content\/uploads\/2023\/03\/Sadolin_Grund_2_5L-scaled.jpg","datePublished":"2023-03-18T06:21:26+00:00","dateModified":"2026-03-21T07:28:38+00:00","breadcrumb":{"@id":"https:\/\/espak.ee\/epood\/toode\/kruntvarv-grund-10l-sadolin\/#breadcrumb"},"inLanguage":"et","potentialAction":[{"@type":"ReadAction","target":["https:\/\/espak.ee\/epood\/toode\/kruntvarv-grund-10l-sadolin\/"]}]},{"@type":"ImageObject","inLanguage":"et","@id":"https:\/\/espak.ee\/epood\/toode\/kruntvarv-grund-10l-sadolin\/#primaryimage","url":"https:\/\/espak.ee\/epood\/wp-content\/uploads\/2023\/03\/Sadolin_Grund_2_5L-scaled.jpg","contentUrl":"https:\/\/espak.ee\/epood\/wp-content\/uploads\/2023\/03\/Sadolin_Grund_2_5L-scaled.jpg","width":2048,"height":2048},{"@type":"BreadcrumbList","@id":"https:\/\/espak.ee\/epood\/toode\/kruntvarv-grund-10l-sadolin\/#breadcrumb","itemListElement":[{"@type":"ListItem","position":1,"name":"Home","item":"https:\/\/espak.ee\/epood\/"},{"@type":"ListItem","position":2,"name":"Tootevalik","item":"https:\/\/espak.ee\/epood\/tootevalik\/"},{"@type":"ListItem","position":3,"name":"KRUNTV\u00c4RV GRUND 10L SADOLIN"}]},{"@type":"WebSite","@id":"https:\/\/espak.ee\/epood\/#website","url":"https:\/\/espak.ee\/epood\/","name":"Espak E-pood","description":"","potentialAction":[{"@type":"SearchAction","target":{"@type":"EntryPoint","urlTemplate":"https:\/\/espak.ee\/epood\/?s={search_term_string}"},"query-input":{"@type":"PropertyValueSpecification","valueRequired":true,"valueName":"search_term_string"}}],"inLanguage":"et"}]}},"_links":{"self":[{"href":"https:\/\/espak.ee\/epood\/wp-json\/wp\/v2\/product\/153223","targetHints":{"allow":["GET"]}}],"collection":[{"href":"https:\/\/espak.ee\/epood\/wp-json\/wp\/v2\/product"}],"about":[{"href":"https:\/\/espak.ee\/epood\/wp-json\/wp\/v2\/types\/product"}],"replies":[{"embeddable":true,"href":"https:\/\/espak.ee\/epood\/wp-json\/wp\/v2\/comments?post=153223"}],"wp:featuredmedia":[{"embeddable":true,"href":"https:\/\/espak.ee\/epood\/wp-json\/wp\/v2\/media\/153167"}],"wp:attachment":[{"href":"https:\/\/espak.ee\/epood\/wp-json\/wp\/v2\/media?parent=153223"}],"wp:term":[{"taxonomy":"product_brand","embeddable":true,"href":"https:\/\/espak.ee\/epood\/wp-json\/wp\/v2\/product_brand?post=153223"},{"taxonomy":"product_cat","embeddable":true,"href":"https:\/\/espak.ee\/epood\/wp-json\/wp\/v2\/product_cat?post=153223"},{"taxonomy":"product_tag","embeddable":true,"href":"https:\/\/espak.ee\/epood\/wp-json\/wp\/v2\/product_tag?post=153223"}],"curies":[{"name":"wp","href":"https:\/\/api.w.org\/{rel}","templated":true}]}}