{"id":153213,"date":"2023-03-18T03:40:05","date_gmt":"2023-03-18T01:40:05","guid":{"rendered":"https:\/\/espak.ee\/epood\/?post_type=product&#038;p=153213"},"modified":"2024-03-23T01:54:05","modified_gmt":"2024-03-22T23:54:05","slug":"suutekuunlavoti-19mmtorx-27-stihl","status":"publish","type":"product","link":"https:\/\/espak.ee\/epood\/toode\/suutekuunlavoti-19mmtorx-27-stihl\/","title":{"rendered":"S\u00dc\u00dcTEK\u00dc\u00dcNLAV\u00d5TI 19MM+TORX 27 STIHL"},"content":{"rendered":"<div class=\"row\"  id=\"row-1513504895\">\n\n\t<div id=\"col-411570523\" class=\"col medium-9 small-12 large-9\"  >\n\t\t\t\t<div class=\"col-inner\"  >\n\t\t\t\n\t\t\t\n<h3>K\u00fc\u00fcnlav\u00f5ti 19 + Torx 27 12x215x52 Stihl v\u00f5sal\u00f5ikajatele<\/h3>\n<p>Sobib k\u00f5ikidele Stihli v\u00f5sasaagidele.<br \/>\nOtsas Torx 27 v\u00f5ti.\n<\/p>\n\t\t<\/div>\n\t\t\t\t\t<\/div>\n\n\t\n\n\t<div id=\"col-1801578009\" class=\"col medium-3 small-12 large-3\"  >\n\t\t\t\t<div class=\"col-inner\"  >\n\t\t\t\n\t\t\t\n<div class=\"is-divider divider clearfix\" ><\/div>\n<p><strong>\u00dcksikasjalikuma n\u00f5u saamiseks v\u00f5tke \u00fchendust:<br \/><\/strong>Hortulus O\u00dc<br \/>P\u00e4rnu mnt. 368<br \/>Tallinn<br \/>+372 672 6820<\/p>\n\t\t<\/div>\n\t\t\t\t\t<\/div>\n\n\t\n<\/div>\n","protected":false},"excerpt":{"rendered":"","protected":false},"featured_media":153522,"comment_status":"closed","ping_status":"closed","template":"","meta":[],"product_brand":[],"product_cat":[2789,2788,2790,3355],"product_tag":[],"class_list":{"0":"post-153213","1":"product","2":"type-product","3":"status-publish","4":"has-post-thumbnail","6":"product_cat-aiatarbed","7":"product_cat-aiatarbed-ja-kodukaubad","8":"product_cat-aiatehnika","9":"product_cat-aiatehnika-tarvikud","10":"pa_kaubamark-hortulus-ou","12":"first","13":"instock","14":"sale","15":"taxable","16":"shipping-taxable","17":"purchasable","18":"product-type-simple"},"yoast_head":"<!-- This site is optimized with the Yoast SEO plugin v26.9 - https:\/\/yoast.com\/product\/yoast-seo-wordpress\/ -->\n<title>S\u00dc\u00dcTEK\u00dc\u00dcNLAV\u00d5TI 19MM+TORX 27 STIHL - Espak E-pood<\/title>\n<meta name=\"robots\" content=\"index, follow, max-snippet:-1, max-image-preview:large, max-video-preview:-1\" \/>\n<link rel=\"canonical\" href=\"https:\/\/espak.ee\/epood\/toode\/suutekuunlavoti-19mmtorx-27-stihl\/\" \/>\n<meta property=\"og:locale\" content=\"et_EE\" \/>\n<meta property=\"og:type\" content=\"article\" \/>\n<meta property=\"og:title\" content=\"S\u00dc\u00dcTEK\u00dc\u00dcNLAV\u00d5TI 19MM+TORX 27 STIHL - Espak E-pood\" \/>\n<meta property=\"og:url\" content=\"https:\/\/espak.ee\/epood\/toode\/suutekuunlavoti-19mmtorx-27-stihl\/\" \/>\n<meta property=\"og:site_name\" content=\"Espak E-pood\" \/>\n<meta property=\"article:modified_time\" content=\"2024-03-22T23:54:05+00:00\" \/>\n<meta property=\"og:image\" content=\"https:\/\/espak.ee\/epood\/wp-content\/uploads\/2023\/03\/stihl-vosaloikaja-voti.jpg\" \/>\n\t<meta property=\"og:image:width\" content=\"305\" \/>\n\t<meta property=\"og:image:height\" content=\"305\" \/>\n\t<meta property=\"og:image:type\" content=\"image\/jpeg\" \/>\n<meta name=\"twitter:card\" content=\"summary_large_image\" \/>\n<script type=\"application\/ld+json\" class=\"yoast-schema-graph\">{\"@context\":\"https:\/\/schema.org\",\"@graph\":[{\"@type\":\"WebPage\",\"@id\":\"https:\/\/espak.ee\/epood\/toode\/suutekuunlavoti-19mmtorx-27-stihl\/\",\"url\":\"https:\/\/espak.ee\/epood\/toode\/suutekuunlavoti-19mmtorx-27-stihl\/\",\"name\":\"S\u00dc\u00dcTEK\u00dc\u00dcNLAV\u00d5TI 19MM+TORX 27 STIHL - Espak E-pood\",\"isPartOf\":{\"@id\":\"https:\/\/espak.ee\/epood\/#website\"},\"primaryImageOfPage\":{\"@id\":\"https:\/\/espak.ee\/epood\/toode\/suutekuunlavoti-19mmtorx-27-stihl\/#primaryimage\"},\"image\":{\"@id\":\"https:\/\/espak.ee\/epood\/toode\/suutekuunlavoti-19mmtorx-27-stihl\/#primaryimage\"},\"thumbnailUrl\":\"https:\/\/espak.ee\/epood\/wp-content\/uploads\/2023\/03\/stihl-vosaloikaja-voti.jpg\",\"datePublished\":\"2023-03-18T01:40:05+00:00\",\"dateModified\":\"2024-03-22T23:54:05+00:00\",\"breadcrumb\":{\"@id\":\"https:\/\/espak.ee\/epood\/toode\/suutekuunlavoti-19mmtorx-27-stihl\/#breadcrumb\"},\"inLanguage\":\"et\",\"potentialAction\":[{\"@type\":\"ReadAction\",\"target\":[\"https:\/\/espak.ee\/epood\/toode\/suutekuunlavoti-19mmtorx-27-stihl\/\"]}]},{\"@type\":\"ImageObject\",\"inLanguage\":\"et\",\"@id\":\"https:\/\/espak.ee\/epood\/toode\/suutekuunlavoti-19mmtorx-27-stihl\/#primaryimage\",\"url\":\"https:\/\/espak.ee\/epood\/wp-content\/uploads\/2023\/03\/stihl-vosaloikaja-voti.jpg\",\"contentUrl\":\"https:\/\/espak.ee\/epood\/wp-content\/uploads\/2023\/03\/stihl-vosaloikaja-voti.jpg\",\"width\":305,\"height\":305},{\"@type\":\"BreadcrumbList\",\"@id\":\"https:\/\/espak.ee\/epood\/toode\/suutekuunlavoti-19mmtorx-27-stihl\/#breadcrumb\",\"itemListElement\":[{\"@type\":\"ListItem\",\"position\":1,\"name\":\"Home\",\"item\":\"https:\/\/espak.ee\/epood\/\"},{\"@type\":\"ListItem\",\"position\":2,\"name\":\"Tootevalik\",\"item\":\"https:\/\/espak.ee\/epood\/tootevalik\/\"},{\"@type\":\"ListItem\",\"position\":3,\"name\":\"S\u00dc\u00dcTEK\u00dc\u00dcNLAV\u00d5TI 19MM+TORX 27 STIHL\"}]},{\"@type\":\"WebSite\",\"@id\":\"https:\/\/espak.ee\/epood\/#website\",\"url\":\"https:\/\/espak.ee\/epood\/\",\"name\":\"Espak E-pood\",\"description\":\"\",\"potentialAction\":[{\"@type\":\"SearchAction\",\"target\":{\"@type\":\"EntryPoint\",\"urlTemplate\":\"https:\/\/espak.ee\/epood\/?s={search_term_string}\"},\"query-input\":{\"@type\":\"PropertyValueSpecification\",\"valueRequired\":true,\"valueName\":\"search_term_string\"}}],\"inLanguage\":\"et\"}]}<\/script>\n<!-- \/ Yoast SEO plugin. -->","yoast_head_json":{"title":"S\u00dc\u00dcTEK\u00dc\u00dcNLAV\u00d5TI 19MM+TORX 27 STIHL - Espak E-pood","robots":{"index":"index","follow":"follow","max-snippet":"max-snippet:-1","max-image-preview":"max-image-preview:large","max-video-preview":"max-video-preview:-1"},"canonical":"https:\/\/espak.ee\/epood\/toode\/suutekuunlavoti-19mmtorx-27-stihl\/","og_locale":"et_EE","og_type":"article","og_title":"S\u00dc\u00dcTEK\u00dc\u00dcNLAV\u00d5TI 19MM+TORX 27 STIHL - Espak E-pood","og_url":"https:\/\/espak.ee\/epood\/toode\/suutekuunlavoti-19mmtorx-27-stihl\/","og_site_name":"Espak E-pood","article_modified_time":"2024-03-22T23:54:05+00:00","og_image":[{"width":305,"height":305,"url":"https:\/\/espak.ee\/epood\/wp-content\/uploads\/2023\/03\/stihl-vosaloikaja-voti.jpg","type":"image\/jpeg"}],"twitter_card":"summary_large_image","schema":{"@context":"https:\/\/schema.org","@graph":[{"@type":"WebPage","@id":"https:\/\/espak.ee\/epood\/toode\/suutekuunlavoti-19mmtorx-27-stihl\/","url":"https:\/\/espak.ee\/epood\/toode\/suutekuunlavoti-19mmtorx-27-stihl\/","name":"S\u00dc\u00dcTEK\u00dc\u00dcNLAV\u00d5TI 19MM+TORX 27 STIHL - Espak E-pood","isPartOf":{"@id":"https:\/\/espak.ee\/epood\/#website"},"primaryImageOfPage":{"@id":"https:\/\/espak.ee\/epood\/toode\/suutekuunlavoti-19mmtorx-27-stihl\/#primaryimage"},"image":{"@id":"https:\/\/espak.ee\/epood\/toode\/suutekuunlavoti-19mmtorx-27-stihl\/#primaryimage"},"thumbnailUrl":"https:\/\/espak.ee\/epood\/wp-content\/uploads\/2023\/03\/stihl-vosaloikaja-voti.jpg","datePublished":"2023-03-18T01:40:05+00:00","dateModified":"2024-03-22T23:54:05+00:00","breadcrumb":{"@id":"https:\/\/espak.ee\/epood\/toode\/suutekuunlavoti-19mmtorx-27-stihl\/#breadcrumb"},"inLanguage":"et","potentialAction":[{"@type":"ReadAction","target":["https:\/\/espak.ee\/epood\/toode\/suutekuunlavoti-19mmtorx-27-stihl\/"]}]},{"@type":"ImageObject","inLanguage":"et","@id":"https:\/\/espak.ee\/epood\/toode\/suutekuunlavoti-19mmtorx-27-stihl\/#primaryimage","url":"https:\/\/espak.ee\/epood\/wp-content\/uploads\/2023\/03\/stihl-vosaloikaja-voti.jpg","contentUrl":"https:\/\/espak.ee\/epood\/wp-content\/uploads\/2023\/03\/stihl-vosaloikaja-voti.jpg","width":305,"height":305},{"@type":"BreadcrumbList","@id":"https:\/\/espak.ee\/epood\/toode\/suutekuunlavoti-19mmtorx-27-stihl\/#breadcrumb","itemListElement":[{"@type":"ListItem","position":1,"name":"Home","item":"https:\/\/espak.ee\/epood\/"},{"@type":"ListItem","position":2,"name":"Tootevalik","item":"https:\/\/espak.ee\/epood\/tootevalik\/"},{"@type":"ListItem","position":3,"name":"S\u00dc\u00dcTEK\u00dc\u00dcNLAV\u00d5TI 19MM+TORX 27 STIHL"}]},{"@type":"WebSite","@id":"https:\/\/espak.ee\/epood\/#website","url":"https:\/\/espak.ee\/epood\/","name":"Espak E-pood","description":"","potentialAction":[{"@type":"SearchAction","target":{"@type":"EntryPoint","urlTemplate":"https:\/\/espak.ee\/epood\/?s={search_term_string}"},"query-input":{"@type":"PropertyValueSpecification","valueRequired":true,"valueName":"search_term_string"}}],"inLanguage":"et"}]}},"_links":{"self":[{"href":"https:\/\/espak.ee\/epood\/wp-json\/wp\/v2\/product\/153213","targetHints":{"allow":["GET"]}}],"collection":[{"href":"https:\/\/espak.ee\/epood\/wp-json\/wp\/v2\/product"}],"about":[{"href":"https:\/\/espak.ee\/epood\/wp-json\/wp\/v2\/types\/product"}],"replies":[{"embeddable":true,"href":"https:\/\/espak.ee\/epood\/wp-json\/wp\/v2\/comments?post=153213"}],"wp:featuredmedia":[{"embeddable":true,"href":"https:\/\/espak.ee\/epood\/wp-json\/wp\/v2\/media\/153522"}],"wp:attachment":[{"href":"https:\/\/espak.ee\/epood\/wp-json\/wp\/v2\/media?parent=153213"}],"wp:term":[{"taxonomy":"product_brand","embeddable":true,"href":"https:\/\/espak.ee\/epood\/wp-json\/wp\/v2\/product_brand?post=153213"},{"taxonomy":"product_cat","embeddable":true,"href":"https:\/\/espak.ee\/epood\/wp-json\/wp\/v2\/product_cat?post=153213"},{"taxonomy":"product_tag","embeddable":true,"href":"https:\/\/espak.ee\/epood\/wp-json\/wp\/v2\/product_tag?post=153213"}],"curies":[{"name":"wp","href":"https:\/\/api.w.org\/{rel}","templated":true}]}}