{"id":152962,"date":"2023-03-16T08:28:07","date_gmt":"2023-03-16T06:28:07","guid":{"rendered":"https:\/\/espak.ee\/epood\/?post_type=product&#038;p=152962"},"modified":"2024-03-23T01:54:52","modified_gmt":"2024-03-22T23:54:52","slug":"saekett-10-3-8-11mm-40h-90px040e","status":"publish","type":"product","link":"https:\/\/espak.ee\/epood\/toode\/saekett-10-3-8-11mm-40h-90px040e\/","title":{"rendered":"SAEKETT 10&#8243; 3\/8&#8243; 1,1MM 40H 90PX040E"},"content":{"rendered":"<div class=\"row\"  id=\"row-522774281\">\n\n\t<div id=\"col-1294638362\" class=\"col medium-9 small-12 large-9\"  >\n\t\t\t\t<div class=\"col-inner\"  >\n\t\t\t\n\t\t\t\n<h3>Saekett 10\u2033 ,3\/8\u2033 1,1 Oregon<\/h3>\n<p>OREGON\u00ae kvaliteetkette kasutavad enamus maailma saetootjaid originaalketina.<br \/>\n10\u2033 kett sobib Husqvarna, Ryobi jt. k\u00f5rgl\u00f5ikuritele ja akusaagidele.<br \/>\nMakita akusaagidele.<br \/>\nHusqvarna 237P5X, 327P4, 327P5X, 327PT5S, 436Li, 536Li, T435, T540XP.<br \/>\nRyobi APR02.<br \/>\nSobik ka Bosch, Dolmar, Makita, Partner, Solo, Stihl akusaagidele ja k\u00f5rgl\u00f5ikuritele.<\/p>\n\t\t<\/div>\n\t\t\t\t\t<\/div>\n\n\t\n\n\t<div id=\"col-662413737\" class=\"col medium-3 small-12 large-3\"  >\n\t\t\t\t<div class=\"col-inner\"  >\n\t\t\t\n\t\t\t\n<div class=\"is-divider divider clearfix\" ><\/div>\n<p><strong>\u00dcksikasjalikuma n\u00f5u saamiseks v\u00f5tke \u00fchendust:<br \/><\/strong>Hortulus O\u00dc<br \/>P\u00e4rnu mnt. 368<br \/>Tallinn<br \/>+372 672 6820<\/p>\n\t\t<\/div>\n\t\t\t\t\t<\/div>\n\n\t\n<\/div>\n","protected":false},"excerpt":{"rendered":"","protected":false},"featured_media":153461,"comment_status":"closed","ping_status":"closed","template":"","meta":[],"product_brand":[],"product_cat":[2789,2788,4385,3126],"product_tag":[],"class_list":{"0":"post-152962","1":"product","2":"type-product","3":"status-publish","4":"has-post-thumbnail","6":"product_cat-aiatarbed","7":"product_cat-aiatarbed-ja-kodukaubad","8":"product_cat-kettsaagide-tarvikud","9":"product_cat-kettsaed","10":"pa_kaubamark-hortulus-ou","12":"first","13":"instock","14":"sale","15":"taxable","16":"shipping-taxable","17":"purchasable","18":"product-type-simple"},"yoast_head":"<!-- This site is optimized with the Yoast SEO plugin v26.9 - https:\/\/yoast.com\/product\/yoast-seo-wordpress\/ -->\n<title>SAEKETT 10&quot; 3\/8&quot; 1,1MM 40H 90PX040E - Espak E-pood<\/title>\n<meta name=\"robots\" content=\"index, follow, max-snippet:-1, max-image-preview:large, max-video-preview:-1\" \/>\n<link rel=\"canonical\" href=\"https:\/\/espak.ee\/epood\/toode\/saekett-10-3-8-11mm-40h-90px040e\/\" \/>\n<meta property=\"og:locale\" content=\"et_EE\" \/>\n<meta property=\"og:type\" content=\"article\" \/>\n<meta property=\"og:title\" content=\"SAEKETT 10&quot; 3\/8&quot; 1,1MM 40H 90PX040E - Espak E-pood\" \/>\n<meta property=\"og:url\" content=\"https:\/\/espak.ee\/epood\/toode\/saekett-10-3-8-11mm-40h-90px040e\/\" \/>\n<meta property=\"og:site_name\" content=\"Espak E-pood\" \/>\n<meta property=\"article:modified_time\" content=\"2024-03-22T23:54:52+00:00\" \/>\n<meta property=\"og:image\" content=\"https:\/\/espak.ee\/epood\/wp-content\/uploads\/2023\/03\/ketju-kett-stihl.jpg\" \/>\n\t<meta property=\"og:image:width\" content=\"400\" \/>\n\t<meta property=\"og:image:height\" content=\"400\" \/>\n\t<meta property=\"og:image:type\" content=\"image\/jpeg\" \/>\n<meta name=\"twitter:card\" content=\"summary_large_image\" \/>\n<script type=\"application\/ld+json\" class=\"yoast-schema-graph\">{\"@context\":\"https:\/\/schema.org\",\"@graph\":[{\"@type\":\"WebPage\",\"@id\":\"https:\/\/espak.ee\/epood\/toode\/saekett-10-3-8-11mm-40h-90px040e\/\",\"url\":\"https:\/\/espak.ee\/epood\/toode\/saekett-10-3-8-11mm-40h-90px040e\/\",\"name\":\"SAEKETT 10\\\" 3\/8\\\" 1,1MM 40H 90PX040E - Espak E-pood\",\"isPartOf\":{\"@id\":\"https:\/\/espak.ee\/epood\/#website\"},\"primaryImageOfPage\":{\"@id\":\"https:\/\/espak.ee\/epood\/toode\/saekett-10-3-8-11mm-40h-90px040e\/#primaryimage\"},\"image\":{\"@id\":\"https:\/\/espak.ee\/epood\/toode\/saekett-10-3-8-11mm-40h-90px040e\/#primaryimage\"},\"thumbnailUrl\":\"https:\/\/espak.ee\/epood\/wp-content\/uploads\/2023\/03\/ketju-kett-stihl.jpg\",\"datePublished\":\"2023-03-16T06:28:07+00:00\",\"dateModified\":\"2024-03-22T23:54:52+00:00\",\"breadcrumb\":{\"@id\":\"https:\/\/espak.ee\/epood\/toode\/saekett-10-3-8-11mm-40h-90px040e\/#breadcrumb\"},\"inLanguage\":\"et\",\"potentialAction\":[{\"@type\":\"ReadAction\",\"target\":[\"https:\/\/espak.ee\/epood\/toode\/saekett-10-3-8-11mm-40h-90px040e\/\"]}]},{\"@type\":\"ImageObject\",\"inLanguage\":\"et\",\"@id\":\"https:\/\/espak.ee\/epood\/toode\/saekett-10-3-8-11mm-40h-90px040e\/#primaryimage\",\"url\":\"https:\/\/espak.ee\/epood\/wp-content\/uploads\/2023\/03\/ketju-kett-stihl.jpg\",\"contentUrl\":\"https:\/\/espak.ee\/epood\/wp-content\/uploads\/2023\/03\/ketju-kett-stihl.jpg\",\"width\":400,\"height\":400},{\"@type\":\"BreadcrumbList\",\"@id\":\"https:\/\/espak.ee\/epood\/toode\/saekett-10-3-8-11mm-40h-90px040e\/#breadcrumb\",\"itemListElement\":[{\"@type\":\"ListItem\",\"position\":1,\"name\":\"Home\",\"item\":\"https:\/\/espak.ee\/epood\/\"},{\"@type\":\"ListItem\",\"position\":2,\"name\":\"Tootevalik\",\"item\":\"https:\/\/espak.ee\/epood\/tootevalik\/\"},{\"@type\":\"ListItem\",\"position\":3,\"name\":\"SAEKETT 10&#8243; 3\/8&#8243; 1,1MM 40H 90PX040E\"}]},{\"@type\":\"WebSite\",\"@id\":\"https:\/\/espak.ee\/epood\/#website\",\"url\":\"https:\/\/espak.ee\/epood\/\",\"name\":\"Espak E-pood\",\"description\":\"\",\"potentialAction\":[{\"@type\":\"SearchAction\",\"target\":{\"@type\":\"EntryPoint\",\"urlTemplate\":\"https:\/\/espak.ee\/epood\/?s={search_term_string}\"},\"query-input\":{\"@type\":\"PropertyValueSpecification\",\"valueRequired\":true,\"valueName\":\"search_term_string\"}}],\"inLanguage\":\"et\"}]}<\/script>\n<!-- \/ Yoast SEO plugin. -->","yoast_head_json":{"title":"SAEKETT 10\" 3\/8\" 1,1MM 40H 90PX040E - Espak E-pood","robots":{"index":"index","follow":"follow","max-snippet":"max-snippet:-1","max-image-preview":"max-image-preview:large","max-video-preview":"max-video-preview:-1"},"canonical":"https:\/\/espak.ee\/epood\/toode\/saekett-10-3-8-11mm-40h-90px040e\/","og_locale":"et_EE","og_type":"article","og_title":"SAEKETT 10\" 3\/8\" 1,1MM 40H 90PX040E - Espak E-pood","og_url":"https:\/\/espak.ee\/epood\/toode\/saekett-10-3-8-11mm-40h-90px040e\/","og_site_name":"Espak E-pood","article_modified_time":"2024-03-22T23:54:52+00:00","og_image":[{"width":400,"height":400,"url":"https:\/\/espak.ee\/epood\/wp-content\/uploads\/2023\/03\/ketju-kett-stihl.jpg","type":"image\/jpeg"}],"twitter_card":"summary_large_image","schema":{"@context":"https:\/\/schema.org","@graph":[{"@type":"WebPage","@id":"https:\/\/espak.ee\/epood\/toode\/saekett-10-3-8-11mm-40h-90px040e\/","url":"https:\/\/espak.ee\/epood\/toode\/saekett-10-3-8-11mm-40h-90px040e\/","name":"SAEKETT 10\" 3\/8\" 1,1MM 40H 90PX040E - Espak E-pood","isPartOf":{"@id":"https:\/\/espak.ee\/epood\/#website"},"primaryImageOfPage":{"@id":"https:\/\/espak.ee\/epood\/toode\/saekett-10-3-8-11mm-40h-90px040e\/#primaryimage"},"image":{"@id":"https:\/\/espak.ee\/epood\/toode\/saekett-10-3-8-11mm-40h-90px040e\/#primaryimage"},"thumbnailUrl":"https:\/\/espak.ee\/epood\/wp-content\/uploads\/2023\/03\/ketju-kett-stihl.jpg","datePublished":"2023-03-16T06:28:07+00:00","dateModified":"2024-03-22T23:54:52+00:00","breadcrumb":{"@id":"https:\/\/espak.ee\/epood\/toode\/saekett-10-3-8-11mm-40h-90px040e\/#breadcrumb"},"inLanguage":"et","potentialAction":[{"@type":"ReadAction","target":["https:\/\/espak.ee\/epood\/toode\/saekett-10-3-8-11mm-40h-90px040e\/"]}]},{"@type":"ImageObject","inLanguage":"et","@id":"https:\/\/espak.ee\/epood\/toode\/saekett-10-3-8-11mm-40h-90px040e\/#primaryimage","url":"https:\/\/espak.ee\/epood\/wp-content\/uploads\/2023\/03\/ketju-kett-stihl.jpg","contentUrl":"https:\/\/espak.ee\/epood\/wp-content\/uploads\/2023\/03\/ketju-kett-stihl.jpg","width":400,"height":400},{"@type":"BreadcrumbList","@id":"https:\/\/espak.ee\/epood\/toode\/saekett-10-3-8-11mm-40h-90px040e\/#breadcrumb","itemListElement":[{"@type":"ListItem","position":1,"name":"Home","item":"https:\/\/espak.ee\/epood\/"},{"@type":"ListItem","position":2,"name":"Tootevalik","item":"https:\/\/espak.ee\/epood\/tootevalik\/"},{"@type":"ListItem","position":3,"name":"SAEKETT 10&#8243; 3\/8&#8243; 1,1MM 40H 90PX040E"}]},{"@type":"WebSite","@id":"https:\/\/espak.ee\/epood\/#website","url":"https:\/\/espak.ee\/epood\/","name":"Espak E-pood","description":"","potentialAction":[{"@type":"SearchAction","target":{"@type":"EntryPoint","urlTemplate":"https:\/\/espak.ee\/epood\/?s={search_term_string}"},"query-input":{"@type":"PropertyValueSpecification","valueRequired":true,"valueName":"search_term_string"}}],"inLanguage":"et"}]}},"_links":{"self":[{"href":"https:\/\/espak.ee\/epood\/wp-json\/wp\/v2\/product\/152962","targetHints":{"allow":["GET"]}}],"collection":[{"href":"https:\/\/espak.ee\/epood\/wp-json\/wp\/v2\/product"}],"about":[{"href":"https:\/\/espak.ee\/epood\/wp-json\/wp\/v2\/types\/product"}],"replies":[{"embeddable":true,"href":"https:\/\/espak.ee\/epood\/wp-json\/wp\/v2\/comments?post=152962"}],"wp:featuredmedia":[{"embeddable":true,"href":"https:\/\/espak.ee\/epood\/wp-json\/wp\/v2\/media\/153461"}],"wp:attachment":[{"href":"https:\/\/espak.ee\/epood\/wp-json\/wp\/v2\/media?parent=152962"}],"wp:term":[{"taxonomy":"product_brand","embeddable":true,"href":"https:\/\/espak.ee\/epood\/wp-json\/wp\/v2\/product_brand?post=152962"},{"taxonomy":"product_cat","embeddable":true,"href":"https:\/\/espak.ee\/epood\/wp-json\/wp\/v2\/product_cat?post=152962"},{"taxonomy":"product_tag","embeddable":true,"href":"https:\/\/espak.ee\/epood\/wp-json\/wp\/v2\/product_tag?post=152962"}],"curies":[{"name":"wp","href":"https:\/\/api.w.org\/{rel}","templated":true}]}}