{"id":15281,"date":"2020-02-14T17:10:42","date_gmt":"2020-02-14T15:10:42","guid":{"rendered":"https:\/\/espak.ee\/hinnakiri\/?post_type=product&#038;p=15281"},"modified":"2026-03-26T12:51:10","modified_gmt":"2026-03-26T10:51:10","slug":"kaltsiumsulfaat-porandavalusegu-fe-50-40kg","status":"publish","type":"product","link":"https:\/\/espak.ee\/epood\/toode\/kaltsiumsulfaat-porandavalusegu-fe-50-40kg\/","title":{"rendered":"KALTSIUMSULFAAT-P\u00d5RANDAVALUSEGU FE-50 40KG"},"content":{"rendered":"<div class=\"row\"  id=\"row-1078622779\">\n\n\t<div id=\"col-1263195932\" class=\"col medium-9 small-12 large-9\"  >\n\t\t\t\t<div class=\"col-inner\"  >\n\t\t\t\n\t\t\t\n<h2>Kaltsiumsulfaat-p\u00f5randavalusegu FE-50<\/h2>\n<p>Veega segamisvalmis kuivsegu kaltsiumsulfaat-p\u00f5randavalum\u00f6rdi EN 13813 j\u00e4rgi CA-C25-F5 tegemiseks. Kulu u 19 kg\/m\u00b2\/10 mm.<\/p>\n<div class=\"message-box relative\" style=\"padding-top:15px;padding-bottom:15px;\"><div class=\"message-box-bg-image bg-fill fill\" ><\/div><div class=\"message-box-bg-overlay bg-fill fill\" ><\/div><div class=\"container relative\"><div class=\"inner last-reset\">\n<div class=\"row align-middle align-center\"  id=\"row-648667043\">\n\n\t<div id=\"col-430663097\" class=\"col small-12 large-12\"  >\n\t\t\t\t<div class=\"col-inner text-left\"  >\n\t\t\t\n\t\t\t\n<h4>Omadused<\/h4>\n<div class=\"row\"  id=\"row-1380984203\">\n\n\t<div id=\"col-922255521\" class=\"col medium-6 small-12 large-6\"  >\n\t\t\t\t<div class=\"col-inner\"  >\n\t\t\t\n\t\t\t\n<p><i class=\"fa fa-check fa-2x\"><\/i> <strong>Siset\u00f6\u00f6deks<\/strong><\/p>\n<p><i class=\"fa fa-check fa-2x\"><\/i> <strong>Isetasanduv, ei vaja silumismasinat<\/strong><\/p>\n\t\t<\/div>\n\t\t\t\t\n<style>\n#col-922255521 > .col-inner {\n  margin: 0px 0px 15px 0px;\n}\n<\/style>\n\t<\/div>\n\n\t\n\n\t<div id=\"col-1191417228\" class=\"col medium-6 small-12 large-6\"  >\n\t\t\t\t<div class=\"col-inner\"  >\n\t\t\t\n\t\t\t\n<p><i class=\"fa fa-check fa-2x\"><\/i> <strong>Valatav segupumbaga<\/strong><\/p>\n<p><i class=\"fa fa-check fa-2x\"><\/i> <strong>V\u00e4hene kahanemine ja pingevaba<\/strong><\/p>\n\t\t<\/div>\n\t\t\t\t\n<style>\n#col-1191417228 > .col-inner {\n  margin: 0px 0px 15px 0px;\n}\n<\/style>\n\t<\/div>\n\n\t\n<\/div>\n\t\t<\/div>\n\t\t\t\t\t<\/div>\n\n\t\n<\/div>\n<\/div><\/div><\/div>\n\t<div id=\"gap-1672054695\" class=\"gap-element clearfix\" style=\"display:block; height:auto;\">\n\t\t\n<style>\n#gap-1672054695 {\n  padding-top: 30px;\n}\n<\/style>\n\t<\/div>\n\t\n<h3>Kasutamise \u00fcksikasjad<\/h3>\n<p><strong>Kasutusalad:<\/strong> Elamute ja elukondliku kasutusega hoonete (nt hotellide ja b\u00fcroohoonete) p\u00f5randate valamiseks sisetingimustes. V\u00f5ib valada alusp\u00f5randale t\u00e4iendava kihina v\u00f5i eraldi kihina eralduskihil v\u00f5i ujuvp\u00f5randana. Minimaalne paksus tasanduskihina: \u2265 25 mm, tasanduskihina eralduskihil: \u2265 30 mm, ujuvp\u00f5randana: \u2265 35 mm, kuid p\u00f5randak\u00fctte korral k\u00fcttetorude peal: \u2265 35 mm. T\u00e4nu heale soojusjuhtivusele parim p\u00f5randasegu p\u00f5randak\u00fcttega p\u00f5randate jaoks.<\/p>\n<p><strong>Kasutusjuhis:<\/strong> Puistake kuivsegu puhta veega (40 kg segu + umbes 6,5 l vett) seguvanni ja segage segutrelliga vedelaks m\u00f6rdiks v\u00f5i kasutage valut\u00f6\u00f6ks sobiva etteandmisteoga segupumpa (nt PFT G5c, Ferro 100) ning valage saadud m\u00f6rt aluspinnale. Tasandage selleks etten\u00e4htud harja v\u00f5i tasanduslatiga (Schwabelstange). M\u00f6rt paigaldada umbes 60 minutiga. T\u00f6\u00f6tamise ja kuivamise ajal peab \u00f5hu ja ruumi temperatuur olema v\u00e4hemalt +5 \u00baC.<\/p>\n\t\t<\/div>\n\t\t\t\t\t<\/div>\n\n\t\n\n\t<div id=\"col-483170609\" class=\"col medium-3 small-12 large-3\"  >\n\t\t\t\t<div class=\"col-inner\"  >\n\t\t\t\n\t\t\t\n\t<div id=\"gap-1665812454\" class=\"gap-element clearfix\" style=\"display:block; height:auto;\">\n\t\t\n<style>\n#gap-1665812454 {\n  padding-top: 30px;\n}\n<\/style>\n\t<\/div>\n\t\n<h3>Tehniline informatsioon<\/h3>\n<p><a href=\"https:\/\/espak.ee\/epood\/wp-content\/uploads\/FE50-tooteleht.pdf\" target=\"_blank\" rel=\"noopener noreferrer\"><i class=\"far fa-file-pdf\"><\/i> Tehniline info (PDF)<\/a><\/p>\n<h3>Ohutusalane teave<\/h3>\n<p><a href=\"https:\/\/espak.ee\/epood\/wp-content\/uploads\/FE50-ohutuskaart.pdf\" target=\"_blank\" rel=\"noopener noreferrer\"><i class=\"far fa-file-pdf\"><\/i> Ohutusalane teave (PDF)<\/a><\/p>\n<div class=\"is-divider divider clearfix\" ><\/div>\n<p><strong>\u00dcksikasjalikuma n\u00f5u saamiseks v\u00f5tke \u00fchendust:<br \/><\/strong>Knauf Tallinn U\u00dc<br \/>J\u00e4rvevana tee 7B<br \/>10132<br \/>Tallinn<br \/>+372 6518697<\/p>\n<div class=\"is-divider divider clearfix\" ><\/div>\n\t\t<\/div>\n\t\t\t\t\t<\/div>\n\n\t\n<\/div>\n","protected":false},"excerpt":{"rendered":"","protected":false},"featured_media":15893,"comment_status":"closed","ping_status":"open","template":"","meta":[],"product_brand":[],"product_cat":[2813,2698,2803,2697],"product_tag":[],"class_list":{"0":"post-15281","1":"product","2":"type-product","3":"status-publish","4":"has-post-thumbnail","6":"product_cat-isetasanduvad-segud","7":"product_cat-pahtlid-ja-kuivsegud","8":"product_cat-porandasegud","9":"product_cat-uldehitus","10":"pa_kaubamark-knauf","12":"first","13":"instock","14":"sale","15":"taxable","16":"shipping-taxable","17":"purchasable","18":"product-type-simple"},"yoast_head":"<!-- This site is optimized with the Yoast SEO plugin v26.9 - https:\/\/yoast.com\/product\/yoast-seo-wordpress\/ -->\n<title>KALTSIUMSULFAAT-P\u00d5RANDAVALUSEGU FE-50 40KG - Espak E-pood<\/title>\n<meta name=\"robots\" content=\"index, follow, max-snippet:-1, max-image-preview:large, max-video-preview:-1\" \/>\n<link rel=\"canonical\" href=\"https:\/\/espak.ee\/epood\/toode\/kaltsiumsulfaat-porandavalusegu-fe-50-40kg\/\" \/>\n<meta property=\"og:locale\" content=\"et_EE\" \/>\n<meta property=\"og:type\" content=\"article\" \/>\n<meta property=\"og:title\" content=\"KALTSIUMSULFAAT-P\u00d5RANDAVALUSEGU FE-50 40KG - Espak E-pood\" \/>\n<meta property=\"og:url\" content=\"https:\/\/espak.ee\/epood\/toode\/kaltsiumsulfaat-porandavalusegu-fe-50-40kg\/\" \/>\n<meta property=\"og:site_name\" content=\"Espak E-pood\" \/>\n<meta property=\"article:modified_time\" content=\"2026-03-26T10:51:10+00:00\" \/>\n<meta property=\"og:image\" content=\"https:\/\/espak.ee\/epood\/wp-content\/uploads\/FE50.jpg\" \/>\n\t<meta property=\"og:image:width\" content=\"683\" \/>\n\t<meta property=\"og:image:height\" content=\"683\" \/>\n\t<meta property=\"og:image:type\" content=\"image\/jpeg\" \/>\n<meta name=\"twitter:card\" content=\"summary_large_image\" \/>\n<meta name=\"twitter:label1\" content=\"Est. reading time\" \/>\n\t<meta name=\"twitter:data1\" content=\"1 minut\" \/>\n<script type=\"application\/ld+json\" class=\"yoast-schema-graph\">{\"@context\":\"https:\/\/schema.org\",\"@graph\":[{\"@type\":\"WebPage\",\"@id\":\"https:\/\/espak.ee\/epood\/toode\/kaltsiumsulfaat-porandavalusegu-fe-50-40kg\/\",\"url\":\"https:\/\/espak.ee\/epood\/toode\/kaltsiumsulfaat-porandavalusegu-fe-50-40kg\/\",\"name\":\"KALTSIUMSULFAAT-P\u00d5RANDAVALUSEGU FE-50 40KG - Espak E-pood\",\"isPartOf\":{\"@id\":\"https:\/\/espak.ee\/epood\/#website\"},\"primaryImageOfPage\":{\"@id\":\"https:\/\/espak.ee\/epood\/toode\/kaltsiumsulfaat-porandavalusegu-fe-50-40kg\/#primaryimage\"},\"image\":{\"@id\":\"https:\/\/espak.ee\/epood\/toode\/kaltsiumsulfaat-porandavalusegu-fe-50-40kg\/#primaryimage\"},\"thumbnailUrl\":\"https:\/\/espak.ee\/epood\/wp-content\/uploads\/FE50.jpg\",\"datePublished\":\"2020-02-14T15:10:42+00:00\",\"dateModified\":\"2026-03-26T10:51:10+00:00\",\"breadcrumb\":{\"@id\":\"https:\/\/espak.ee\/epood\/toode\/kaltsiumsulfaat-porandavalusegu-fe-50-40kg\/#breadcrumb\"},\"inLanguage\":\"et\",\"potentialAction\":[{\"@type\":\"ReadAction\",\"target\":[\"https:\/\/espak.ee\/epood\/toode\/kaltsiumsulfaat-porandavalusegu-fe-50-40kg\/\"]}]},{\"@type\":\"ImageObject\",\"inLanguage\":\"et\",\"@id\":\"https:\/\/espak.ee\/epood\/toode\/kaltsiumsulfaat-porandavalusegu-fe-50-40kg\/#primaryimage\",\"url\":\"https:\/\/espak.ee\/epood\/wp-content\/uploads\/FE50.jpg\",\"contentUrl\":\"https:\/\/espak.ee\/epood\/wp-content\/uploads\/FE50.jpg\",\"width\":683,\"height\":683},{\"@type\":\"BreadcrumbList\",\"@id\":\"https:\/\/espak.ee\/epood\/toode\/kaltsiumsulfaat-porandavalusegu-fe-50-40kg\/#breadcrumb\",\"itemListElement\":[{\"@type\":\"ListItem\",\"position\":1,\"name\":\"Home\",\"item\":\"https:\/\/espak.ee\/epood\/\"},{\"@type\":\"ListItem\",\"position\":2,\"name\":\"Tootevalik\",\"item\":\"https:\/\/espak.ee\/epood\/tootevalik\/\"},{\"@type\":\"ListItem\",\"position\":3,\"name\":\"KALTSIUMSULFAAT-P\u00d5RANDAVALUSEGU FE-50 40KG\"}]},{\"@type\":\"WebSite\",\"@id\":\"https:\/\/espak.ee\/epood\/#website\",\"url\":\"https:\/\/espak.ee\/epood\/\",\"name\":\"Espak E-pood\",\"description\":\"\",\"potentialAction\":[{\"@type\":\"SearchAction\",\"target\":{\"@type\":\"EntryPoint\",\"urlTemplate\":\"https:\/\/espak.ee\/epood\/?s={search_term_string}\"},\"query-input\":{\"@type\":\"PropertyValueSpecification\",\"valueRequired\":true,\"valueName\":\"search_term_string\"}}],\"inLanguage\":\"et\"}]}<\/script>\n<!-- \/ Yoast SEO plugin. -->","yoast_head_json":{"title":"KALTSIUMSULFAAT-P\u00d5RANDAVALUSEGU FE-50 40KG - Espak E-pood","robots":{"index":"index","follow":"follow","max-snippet":"max-snippet:-1","max-image-preview":"max-image-preview:large","max-video-preview":"max-video-preview:-1"},"canonical":"https:\/\/espak.ee\/epood\/toode\/kaltsiumsulfaat-porandavalusegu-fe-50-40kg\/","og_locale":"et_EE","og_type":"article","og_title":"KALTSIUMSULFAAT-P\u00d5RANDAVALUSEGU FE-50 40KG - Espak E-pood","og_url":"https:\/\/espak.ee\/epood\/toode\/kaltsiumsulfaat-porandavalusegu-fe-50-40kg\/","og_site_name":"Espak E-pood","article_modified_time":"2026-03-26T10:51:10+00:00","og_image":[{"width":683,"height":683,"url":"https:\/\/espak.ee\/epood\/wp-content\/uploads\/FE50.jpg","type":"image\/jpeg"}],"twitter_card":"summary_large_image","twitter_misc":{"Est. reading time":"1 minut"},"schema":{"@context":"https:\/\/schema.org","@graph":[{"@type":"WebPage","@id":"https:\/\/espak.ee\/epood\/toode\/kaltsiumsulfaat-porandavalusegu-fe-50-40kg\/","url":"https:\/\/espak.ee\/epood\/toode\/kaltsiumsulfaat-porandavalusegu-fe-50-40kg\/","name":"KALTSIUMSULFAAT-P\u00d5RANDAVALUSEGU FE-50 40KG - Espak E-pood","isPartOf":{"@id":"https:\/\/espak.ee\/epood\/#website"},"primaryImageOfPage":{"@id":"https:\/\/espak.ee\/epood\/toode\/kaltsiumsulfaat-porandavalusegu-fe-50-40kg\/#primaryimage"},"image":{"@id":"https:\/\/espak.ee\/epood\/toode\/kaltsiumsulfaat-porandavalusegu-fe-50-40kg\/#primaryimage"},"thumbnailUrl":"https:\/\/espak.ee\/epood\/wp-content\/uploads\/FE50.jpg","datePublished":"2020-02-14T15:10:42+00:00","dateModified":"2026-03-26T10:51:10+00:00","breadcrumb":{"@id":"https:\/\/espak.ee\/epood\/toode\/kaltsiumsulfaat-porandavalusegu-fe-50-40kg\/#breadcrumb"},"inLanguage":"et","potentialAction":[{"@type":"ReadAction","target":["https:\/\/espak.ee\/epood\/toode\/kaltsiumsulfaat-porandavalusegu-fe-50-40kg\/"]}]},{"@type":"ImageObject","inLanguage":"et","@id":"https:\/\/espak.ee\/epood\/toode\/kaltsiumsulfaat-porandavalusegu-fe-50-40kg\/#primaryimage","url":"https:\/\/espak.ee\/epood\/wp-content\/uploads\/FE50.jpg","contentUrl":"https:\/\/espak.ee\/epood\/wp-content\/uploads\/FE50.jpg","width":683,"height":683},{"@type":"BreadcrumbList","@id":"https:\/\/espak.ee\/epood\/toode\/kaltsiumsulfaat-porandavalusegu-fe-50-40kg\/#breadcrumb","itemListElement":[{"@type":"ListItem","position":1,"name":"Home","item":"https:\/\/espak.ee\/epood\/"},{"@type":"ListItem","position":2,"name":"Tootevalik","item":"https:\/\/espak.ee\/epood\/tootevalik\/"},{"@type":"ListItem","position":3,"name":"KALTSIUMSULFAAT-P\u00d5RANDAVALUSEGU FE-50 40KG"}]},{"@type":"WebSite","@id":"https:\/\/espak.ee\/epood\/#website","url":"https:\/\/espak.ee\/epood\/","name":"Espak E-pood","description":"","potentialAction":[{"@type":"SearchAction","target":{"@type":"EntryPoint","urlTemplate":"https:\/\/espak.ee\/epood\/?s={search_term_string}"},"query-input":{"@type":"PropertyValueSpecification","valueRequired":true,"valueName":"search_term_string"}}],"inLanguage":"et"}]}},"_links":{"self":[{"href":"https:\/\/espak.ee\/epood\/wp-json\/wp\/v2\/product\/15281","targetHints":{"allow":["GET"]}}],"collection":[{"href":"https:\/\/espak.ee\/epood\/wp-json\/wp\/v2\/product"}],"about":[{"href":"https:\/\/espak.ee\/epood\/wp-json\/wp\/v2\/types\/product"}],"replies":[{"embeddable":true,"href":"https:\/\/espak.ee\/epood\/wp-json\/wp\/v2\/comments?post=15281"}],"wp:featuredmedia":[{"embeddable":true,"href":"https:\/\/espak.ee\/epood\/wp-json\/wp\/v2\/media\/15893"}],"wp:attachment":[{"href":"https:\/\/espak.ee\/epood\/wp-json\/wp\/v2\/media?parent=15281"}],"wp:term":[{"taxonomy":"product_brand","embeddable":true,"href":"https:\/\/espak.ee\/epood\/wp-json\/wp\/v2\/product_brand?post=15281"},{"taxonomy":"product_cat","embeddable":true,"href":"https:\/\/espak.ee\/epood\/wp-json\/wp\/v2\/product_cat?post=15281"},{"taxonomy":"product_tag","embeddable":true,"href":"https:\/\/espak.ee\/epood\/wp-json\/wp\/v2\/product_tag?post=15281"}],"curies":[{"name":"wp","href":"https:\/\/api.w.org\/{rel}","templated":true}]}}