{"id":15280,"date":"2020-02-14T17:10:42","date_gmt":"2020-02-14T15:10:42","guid":{"rendered":"https:\/\/espak.ee\/hinnakiri\/?post_type=product&#038;p=15280"},"modified":"2024-03-23T00:01:30","modified_gmt":"2024-03-22T22:01:30","slug":"betoonpidande-nakkekrunt-betokontakt-5kg","status":"publish","type":"product","link":"https:\/\/espak.ee\/epood\/toode\/betoonpidande-nakkekrunt-betokontakt-5kg\/","title":{"rendered":"BETOONPIDANDE  NAKKEKRUNT BETOKONTAKT 5KG"},"content":{"rendered":"<div class=\"row\"  id=\"row-208045245\">\n\n\t<div id=\"col-564331103\" class=\"col medium-9 small-12 large-9\"  >\n\t\t\t\t<div class=\"col-inner\"  >\n\t\t\t\n\t\t\t\n<h2>Nakkekrunt Betokontakt<\/h2>\n<p>Kasutamisvalmis leelisekindel roosaks toonitud kvartsliiva sisaldav s\u00fcnteetilise vaigu dispersioon aluspindadele nakkekihi tegemiseks kipskrohvidega krohvimise jaoks.<\/p>\n<div class=\"message-box relative\" style=\"padding-top:15px;padding-bottom:15px;\"><div class=\"message-box-bg-image bg-fill fill\" ><\/div><div class=\"message-box-bg-overlay bg-fill fill\" ><\/div><div class=\"container relative\"><div class=\"inner last-reset\">\n<div class=\"row align-middle align-center\"  id=\"row-465848\">\n\n\t<div id=\"col-1972990823\" class=\"col small-12 large-12\"  >\n\t\t\t\t<div class=\"col-inner text-left\"  >\n\t\t\t\n\t\t\t\n<h4>Omadused<\/h4>\n<div class=\"row\"  id=\"row-320916729\">\n\n\t<div id=\"col-592161289\" class=\"col medium-6 small-12 large-6\"  >\n\t\t\t\t<div class=\"col-inner\"  >\n\t\t\t\n\t\t\t\n<p><i class=\"fa fa-check fa-2x\"><\/i> <strong>Siset\u00f6\u00f6deks<\/strong><\/p>\n<p><i class=\"fa fa-check fa-2x\"><\/i> <strong>Kasutamisvalmis koostis<\/strong><\/p>\n\t\t<\/div>\n\t\t\t\t\n<style>\n#col-592161289 > .col-inner {\n  margin: 0px 0px 15px 0px;\n}\n<\/style>\n\t<\/div>\n\n\t\n\n\t<div id=\"col-802318241\" class=\"col medium-6 small-12 large-6\"  >\n\t\t\t\t<div class=\"col-inner\"  >\n\t\t\t\n\t\t\t\n<p><i class=\"fa fa-check fa-2x\"><\/i> <strong>Loob nakkuva aluspinna<\/strong><\/p>\n<p><i class=\"fa fa-check fa-2x\"><\/i> <strong>Veeauru l\u00e4bilaskev<\/strong><\/p>\n\t\t<\/div>\n\t\t\t\t\n<style>\n#col-802318241 > .col-inner {\n  margin: 0px 0px 15px 0px;\n}\n<\/style>\n\t<\/div>\n\n\t\n<\/div>\n\t\t<\/div>\n\t\t\t\t\t<\/div>\n\n\t\n<\/div>\n<\/div><\/div><\/div>\n\t<div id=\"gap-885371050\" class=\"gap-element clearfix\" style=\"display:block; height:auto;\">\n\t\t\n<style>\n#gap-885371050 {\n  padding-top: 30px;\n}\n<\/style>\n\t<\/div>\n\t\n<h3>Kasutamise \u00fcksikasjad<\/h3>\n<p><strong>Kasutusalad:<\/strong> Siset\u00f6\u00f6del siledatele v\u00e4heimavatele pindadele (valubetoon, betoonelemendid, raudbetoonlaepaneelid, EPS- ja XPS-plaadid) ja muudele tihedatele mittepoorsetele pindadele nakkekihi tegemiseks enne kipskrohvide Knauf MP 75, MP 75L, Rotband, Goldband, kinnituskipsi Knauf Perlfix v\u00f5i kipspahtelkrohvi Knauf Multi-Finish pinnale kandmist.<\/p>\n<p><strong>Kasutusjuhis:<\/strong> Segada hoolikalt enne kasutamist. Kanda pinnale lahjendamata kujul \u00fchtlase kihina veluurv\u00e4rvirulli abil k\u00e4sitsi. T\u00f6\u00f6riistad kohe p\u00e4rast kasutamist pesta veega puhtaks. Pinnad kuhu sattus kogemata Knauf Betokontakt, kohe pesta sooja veega puhtaks. Kuivanud Betokontakti saab eemaldada p\u00e4rast pehmendamist m\u00e4rja lapi abil. J\u00e4rgneva t\u00f6\u00f6ga oodata kuni Betokontakt enam ei kleepu ja on kuiv (min 12 tundi 20 \u00b0C ja RH 65% korral).<\/p>\n\t\t<\/div>\n\t\t\t\t\t<\/div>\n\n\t\n\n\t<div id=\"col-1949606602\" class=\"col medium-3 small-12 large-3\"  >\n\t\t\t\t<div class=\"col-inner\"  >\n\t\t\t\n\t\t\t\n\t<div id=\"gap-135191802\" class=\"gap-element clearfix\" style=\"display:block; height:auto;\">\n\t\t\n<style>\n#gap-135191802 {\n  padding-top: 30px;\n}\n<\/style>\n\t<\/div>\n\t\n<h3>Tehniline informatsioon<\/h3>\n<p><a href=\"https:\/\/espak.ee\/epood\/wp-content\/uploads\/betokontakt-tooteleht.pdf\" target=\"_blank\" rel=\"noopener noreferrer\"><i class=\"far fa-file-pdf\"><\/i> Tehniline info (PDF)<\/a><\/p>\n<h3>Ohutusalane teave<\/h3>\n<p><a href=\"https:\/\/espak.ee\/epood\/wp-content\/uploads\/betokontakt-ohutuskaart.pdf\" target=\"_blank\" rel=\"noopener noreferrer\"><i class=\"far fa-file-pdf\"><\/i> Ohutusalane teave (PDF)<\/a><\/p>\n<div class=\"is-divider divider clearfix\" ><\/div>\n<p><strong>\u00dcksikasjalikuma n\u00f5u saamiseks v\u00f5tke \u00fchendust:<br \/><\/strong>Knauf Tallinn U\u00dc<br \/>J\u00e4rvevana tee 7B<br \/>10132<br \/>Tallinn<br \/>+372 6518697<\/p>\n<div class=\"is-divider divider clearfix\" ><\/div>\n\t\t<\/div>\n\t\t\t\t\t<\/div>\n\n\t\n<\/div>\n","protected":false},"excerpt":{"rendered":"","protected":false},"featured_media":15888,"comment_status":"closed","ping_status":"open","template":"","meta":[],"product_brand":[],"product_cat":[2711,2712,2713,2697],"product_tag":[],"class_list":{"0":"post-15280","1":"product","2":"type-product","3":"status-publish","4":"has-post-thumbnail","6":"product_cat-fassaadimaterjalid","7":"product_cat-krundid","8":"product_cat-krundid-krundid","9":"product_cat-uldehitus","10":"pa_kaubamark-knauf","12":"first","13":"instock","14":"sale","15":"taxable","16":"shipping-taxable","17":"purchasable","18":"product-type-simple"},"yoast_head":"<!-- This site is optimized with the Yoast SEO plugin v26.9 - https:\/\/yoast.com\/product\/yoast-seo-wordpress\/ -->\n<title>BETOONPIDANDE NAKKEKRUNT BETOKONTAKT 5KG - Espak E-pood<\/title>\n<meta name=\"robots\" content=\"index, follow, max-snippet:-1, max-image-preview:large, max-video-preview:-1\" \/>\n<link rel=\"canonical\" href=\"https:\/\/espak.ee\/epood\/toode\/betoonpidande-nakkekrunt-betokontakt-5kg\/\" \/>\n<meta property=\"og:locale\" content=\"et_EE\" \/>\n<meta property=\"og:type\" content=\"article\" \/>\n<meta property=\"og:title\" content=\"BETOONPIDANDE NAKKEKRUNT BETOKONTAKT 5KG - Espak E-pood\" \/>\n<meta property=\"og:url\" content=\"https:\/\/espak.ee\/epood\/toode\/betoonpidande-nakkekrunt-betokontakt-5kg\/\" \/>\n<meta property=\"og:site_name\" content=\"Espak E-pood\" \/>\n<meta property=\"article:modified_time\" content=\"2024-03-22T22:01:30+00:00\" \/>\n<meta property=\"og:image\" content=\"https:\/\/espak.ee\/epood\/wp-content\/uploads\/betkontakt.jpg\" \/>\n\t<meta property=\"og:image:width\" content=\"683\" \/>\n\t<meta property=\"og:image:height\" content=\"683\" \/>\n\t<meta property=\"og:image:type\" content=\"image\/jpeg\" \/>\n<meta name=\"twitter:card\" content=\"summary_large_image\" \/>\n<meta name=\"twitter:label1\" content=\"Est. reading time\" \/>\n\t<meta name=\"twitter:data1\" content=\"1 minut\" \/>\n<script type=\"application\/ld+json\" class=\"yoast-schema-graph\">{\"@context\":\"https:\/\/schema.org\",\"@graph\":[{\"@type\":\"WebPage\",\"@id\":\"https:\/\/espak.ee\/epood\/toode\/betoonpidande-nakkekrunt-betokontakt-5kg\/\",\"url\":\"https:\/\/espak.ee\/epood\/toode\/betoonpidande-nakkekrunt-betokontakt-5kg\/\",\"name\":\"BETOONPIDANDE NAKKEKRUNT BETOKONTAKT 5KG - Espak E-pood\",\"isPartOf\":{\"@id\":\"https:\/\/espak.ee\/epood\/#website\"},\"primaryImageOfPage\":{\"@id\":\"https:\/\/espak.ee\/epood\/toode\/betoonpidande-nakkekrunt-betokontakt-5kg\/#primaryimage\"},\"image\":{\"@id\":\"https:\/\/espak.ee\/epood\/toode\/betoonpidande-nakkekrunt-betokontakt-5kg\/#primaryimage\"},\"thumbnailUrl\":\"https:\/\/espak.ee\/epood\/wp-content\/uploads\/betkontakt.jpg\",\"datePublished\":\"2020-02-14T15:10:42+00:00\",\"dateModified\":\"2024-03-22T22:01:30+00:00\",\"breadcrumb\":{\"@id\":\"https:\/\/espak.ee\/epood\/toode\/betoonpidande-nakkekrunt-betokontakt-5kg\/#breadcrumb\"},\"inLanguage\":\"et\",\"potentialAction\":[{\"@type\":\"ReadAction\",\"target\":[\"https:\/\/espak.ee\/epood\/toode\/betoonpidande-nakkekrunt-betokontakt-5kg\/\"]}]},{\"@type\":\"ImageObject\",\"inLanguage\":\"et\",\"@id\":\"https:\/\/espak.ee\/epood\/toode\/betoonpidande-nakkekrunt-betokontakt-5kg\/#primaryimage\",\"url\":\"https:\/\/espak.ee\/epood\/wp-content\/uploads\/betkontakt.jpg\",\"contentUrl\":\"https:\/\/espak.ee\/epood\/wp-content\/uploads\/betkontakt.jpg\",\"width\":683,\"height\":683},{\"@type\":\"BreadcrumbList\",\"@id\":\"https:\/\/espak.ee\/epood\/toode\/betoonpidande-nakkekrunt-betokontakt-5kg\/#breadcrumb\",\"itemListElement\":[{\"@type\":\"ListItem\",\"position\":1,\"name\":\"Home\",\"item\":\"https:\/\/espak.ee\/epood\/\"},{\"@type\":\"ListItem\",\"position\":2,\"name\":\"Tootevalik\",\"item\":\"https:\/\/espak.ee\/epood\/tootevalik\/\"},{\"@type\":\"ListItem\",\"position\":3,\"name\":\"BETOONPIDANDE NAKKEKRUNT BETOKONTAKT 5KG\"}]},{\"@type\":\"WebSite\",\"@id\":\"https:\/\/espak.ee\/epood\/#website\",\"url\":\"https:\/\/espak.ee\/epood\/\",\"name\":\"Espak E-pood\",\"description\":\"\",\"potentialAction\":[{\"@type\":\"SearchAction\",\"target\":{\"@type\":\"EntryPoint\",\"urlTemplate\":\"https:\/\/espak.ee\/epood\/?s={search_term_string}\"},\"query-input\":{\"@type\":\"PropertyValueSpecification\",\"valueRequired\":true,\"valueName\":\"search_term_string\"}}],\"inLanguage\":\"et\"}]}<\/script>\n<!-- \/ Yoast SEO plugin. -->","yoast_head_json":{"title":"BETOONPIDANDE NAKKEKRUNT BETOKONTAKT 5KG - Espak E-pood","robots":{"index":"index","follow":"follow","max-snippet":"max-snippet:-1","max-image-preview":"max-image-preview:large","max-video-preview":"max-video-preview:-1"},"canonical":"https:\/\/espak.ee\/epood\/toode\/betoonpidande-nakkekrunt-betokontakt-5kg\/","og_locale":"et_EE","og_type":"article","og_title":"BETOONPIDANDE NAKKEKRUNT BETOKONTAKT 5KG - Espak E-pood","og_url":"https:\/\/espak.ee\/epood\/toode\/betoonpidande-nakkekrunt-betokontakt-5kg\/","og_site_name":"Espak E-pood","article_modified_time":"2024-03-22T22:01:30+00:00","og_image":[{"width":683,"height":683,"url":"https:\/\/espak.ee\/epood\/wp-content\/uploads\/betkontakt.jpg","type":"image\/jpeg"}],"twitter_card":"summary_large_image","twitter_misc":{"Est. reading time":"1 minut"},"schema":{"@context":"https:\/\/schema.org","@graph":[{"@type":"WebPage","@id":"https:\/\/espak.ee\/epood\/toode\/betoonpidande-nakkekrunt-betokontakt-5kg\/","url":"https:\/\/espak.ee\/epood\/toode\/betoonpidande-nakkekrunt-betokontakt-5kg\/","name":"BETOONPIDANDE NAKKEKRUNT BETOKONTAKT 5KG - Espak E-pood","isPartOf":{"@id":"https:\/\/espak.ee\/epood\/#website"},"primaryImageOfPage":{"@id":"https:\/\/espak.ee\/epood\/toode\/betoonpidande-nakkekrunt-betokontakt-5kg\/#primaryimage"},"image":{"@id":"https:\/\/espak.ee\/epood\/toode\/betoonpidande-nakkekrunt-betokontakt-5kg\/#primaryimage"},"thumbnailUrl":"https:\/\/espak.ee\/epood\/wp-content\/uploads\/betkontakt.jpg","datePublished":"2020-02-14T15:10:42+00:00","dateModified":"2024-03-22T22:01:30+00:00","breadcrumb":{"@id":"https:\/\/espak.ee\/epood\/toode\/betoonpidande-nakkekrunt-betokontakt-5kg\/#breadcrumb"},"inLanguage":"et","potentialAction":[{"@type":"ReadAction","target":["https:\/\/espak.ee\/epood\/toode\/betoonpidande-nakkekrunt-betokontakt-5kg\/"]}]},{"@type":"ImageObject","inLanguage":"et","@id":"https:\/\/espak.ee\/epood\/toode\/betoonpidande-nakkekrunt-betokontakt-5kg\/#primaryimage","url":"https:\/\/espak.ee\/epood\/wp-content\/uploads\/betkontakt.jpg","contentUrl":"https:\/\/espak.ee\/epood\/wp-content\/uploads\/betkontakt.jpg","width":683,"height":683},{"@type":"BreadcrumbList","@id":"https:\/\/espak.ee\/epood\/toode\/betoonpidande-nakkekrunt-betokontakt-5kg\/#breadcrumb","itemListElement":[{"@type":"ListItem","position":1,"name":"Home","item":"https:\/\/espak.ee\/epood\/"},{"@type":"ListItem","position":2,"name":"Tootevalik","item":"https:\/\/espak.ee\/epood\/tootevalik\/"},{"@type":"ListItem","position":3,"name":"BETOONPIDANDE NAKKEKRUNT BETOKONTAKT 5KG"}]},{"@type":"WebSite","@id":"https:\/\/espak.ee\/epood\/#website","url":"https:\/\/espak.ee\/epood\/","name":"Espak E-pood","description":"","potentialAction":[{"@type":"SearchAction","target":{"@type":"EntryPoint","urlTemplate":"https:\/\/espak.ee\/epood\/?s={search_term_string}"},"query-input":{"@type":"PropertyValueSpecification","valueRequired":true,"valueName":"search_term_string"}}],"inLanguage":"et"}]}},"_links":{"self":[{"href":"https:\/\/espak.ee\/epood\/wp-json\/wp\/v2\/product\/15280","targetHints":{"allow":["GET"]}}],"collection":[{"href":"https:\/\/espak.ee\/epood\/wp-json\/wp\/v2\/product"}],"about":[{"href":"https:\/\/espak.ee\/epood\/wp-json\/wp\/v2\/types\/product"}],"replies":[{"embeddable":true,"href":"https:\/\/espak.ee\/epood\/wp-json\/wp\/v2\/comments?post=15280"}],"wp:featuredmedia":[{"embeddable":true,"href":"https:\/\/espak.ee\/epood\/wp-json\/wp\/v2\/media\/15888"}],"wp:attachment":[{"href":"https:\/\/espak.ee\/epood\/wp-json\/wp\/v2\/media?parent=15280"}],"wp:term":[{"taxonomy":"product_brand","embeddable":true,"href":"https:\/\/espak.ee\/epood\/wp-json\/wp\/v2\/product_brand?post=15280"},{"taxonomy":"product_cat","embeddable":true,"href":"https:\/\/espak.ee\/epood\/wp-json\/wp\/v2\/product_cat?post=15280"},{"taxonomy":"product_tag","embeddable":true,"href":"https:\/\/espak.ee\/epood\/wp-json\/wp\/v2\/product_tag?post=15280"}],"curies":[{"name":"wp","href":"https:\/\/api.w.org\/{rel}","templated":true}]}}