{"id":152793,"date":"2023-03-14T12:55:17","date_gmt":"2023-03-14T10:55:17","guid":{"rendered":"https:\/\/espak.ee\/epood\/?post_type=product&#038;p=152793"},"modified":"2025-06-04T19:20:25","modified_gmt":"2025-06-04T16:20:25","slug":"keevituskindad-nahast-tetu-voodriga-11","status":"publish","type":"product","link":"https:\/\/espak.ee\/epood\/toode\/keevituskindad-nahast-tetu-voodriga-11\/","title":{"rendered":"KEEVITUSKINDAD NAHAST TETU VOODRIGA 11"},"content":{"rendered":"<div class=\"row\"  id=\"row-957170646\">\n\n\t<div id=\"col-699804938\" class=\"col medium-9 small-12 large-9\"  >\n\t\t\t\t<div class=\"col-inner\"  >\n\t\t\t\n\t\t\t\n<h3>TETU voodriga nahast keevituskindad 11<\/h3>\n<p>TETU voodriga nahast keevituskindad. Tulekindlatel t\u00f6\u00f6kinnastel on k\u00f5ik \u00f5mblused kuumakindla KEVLAR\u00ae niidiga. Peopesas fliisist vooder, randmeosas puuvillane vooder. Keevituskindad kaitsevad sissel\u00f5igete ja kuumuse eest. Sobivad kasutamiseks raskematel keevitust\u00f6\u00f6del.<\/p>\n<p><strong>Kasutusalad:<\/strong> keevitus, ehitus, tootmine ja t\u00f6\u00f6stus, metallit\u00f6\u00f6d jms.<\/p>\n<p>TETU voodriga keevituskindad vastavad EN 388: 2003 mehaanilise vastupidavuse standradile: kulumiskindlus 4\/4, l\u00f5ikekindlus 2\/5, rebimiskindlus 2\/4, torkekindlus 3\/4; EN 420 kaitsekinnaste \u00fcldn\u00f5uete standardile; EN 407 kuumusele ja tulele vastupidavuse standardile. <\/p>\n<p>> Kategooria II<br \/>\n> EN 388<br \/>\n> EN 420<br \/>\n> EN 407<br \/>\n> Veise alusnahast<br \/>\n> Suurus: XXL\/11\u2033<\/p>\n\t\t<\/div>\n\t\t\t\t\t<\/div>\n\n\t\n\n\t<div id=\"col-438789007\" class=\"col medium-3 small-12 large-3\"  >\n\t\t\t\t<div class=\"col-inner\"  >\n\t\t\t\n\t\t\t\n\t<div id=\"gap-1825626992\" class=\"gap-element clearfix\" style=\"display:block; height:auto;\">\n\t\t\n<style>\n#gap-1825626992 {\n  padding-top: 30px;\n}\n<\/style>\n\t<\/div>\n\t\n<div class=\"is-divider divider clearfix\" ><\/div>\n<p><strong>\u00dcksikasjalikuma n\u00f5u saamiseks v\u00f5tke \u00fchendust:<br \/><\/strong>Becky AS<br \/>Laki 30A \/ Kadaka tee 129<br \/>12915<br \/>Tallinn<br \/>+372 670 6880<\/p>\n<div class=\"is-divider divider clearfix\" ><\/div>\n\t\t<\/div>\n\t\t\t\t\t<\/div>\n\n\t\n<\/div>\n","protected":false},"excerpt":{"rendered":"","protected":false},"featured_media":177933,"comment_status":"closed","ping_status":"closed","template":"","meta":[],"product_brand":[],"product_cat":[2788,2976,2980,2972],"product_tag":[],"class_list":{"0":"post-152793","1":"product","2":"type-product","3":"status-publish","4":"has-post-thumbnail","6":"product_cat-aiatarbed-ja-kodukaubad","7":"product_cat-kindad","8":"product_cat-nahk-riie-kindad","9":"product_cat-tookaitsevahendid","10":"pa_kaubamark-becky-as","12":"first","13":"instock","14":"sale","15":"taxable","16":"shipping-taxable","17":"purchasable","18":"product-type-simple"},"yoast_head":"<!-- This site is optimized with the Yoast SEO plugin v26.9 - https:\/\/yoast.com\/product\/yoast-seo-wordpress\/ -->\n<title>KEEVITUSKINDAD NAHAST TETU VOODRIGA 11 - Espak E-pood<\/title>\n<meta name=\"robots\" content=\"index, follow, max-snippet:-1, max-image-preview:large, max-video-preview:-1\" \/>\n<link rel=\"canonical\" href=\"https:\/\/espak.ee\/epood\/toode\/keevituskindad-nahast-tetu-voodriga-11\/\" \/>\n<meta property=\"og:locale\" content=\"et_EE\" \/>\n<meta property=\"og:type\" content=\"article\" \/>\n<meta property=\"og:title\" content=\"KEEVITUSKINDAD NAHAST TETU VOODRIGA 11 - Espak E-pood\" \/>\n<meta property=\"og:url\" content=\"https:\/\/espak.ee\/epood\/toode\/keevituskindad-nahast-tetu-voodriga-11\/\" \/>\n<meta property=\"og:site_name\" content=\"Espak E-pood\" \/>\n<meta property=\"article:modified_time\" content=\"2025-06-04T16:20:25+00:00\" \/>\n<meta property=\"og:image\" content=\"https:\/\/espak.ee\/epood\/wp-content\/uploads\/2023\/03\/TETU-voodriga-keevituskindad.jpg.webp\" \/>\n\t<meta property=\"og:image:width\" content=\"1024\" \/>\n\t<meta property=\"og:image:height\" content=\"1024\" \/>\n\t<meta property=\"og:image:type\" content=\"image\/webp\" \/>\n<meta name=\"twitter:card\" content=\"summary_large_image\" \/>\n<meta name=\"twitter:label1\" content=\"Est. reading time\" \/>\n\t<meta name=\"twitter:data1\" content=\"1 minut\" \/>\n<script type=\"application\/ld+json\" class=\"yoast-schema-graph\">{\"@context\":\"https:\/\/schema.org\",\"@graph\":[{\"@type\":\"WebPage\",\"@id\":\"https:\/\/espak.ee\/epood\/toode\/keevituskindad-nahast-tetu-voodriga-11\/\",\"url\":\"https:\/\/espak.ee\/epood\/toode\/keevituskindad-nahast-tetu-voodriga-11\/\",\"name\":\"KEEVITUSKINDAD NAHAST TETU VOODRIGA 11 - Espak E-pood\",\"isPartOf\":{\"@id\":\"https:\/\/espak.ee\/epood\/#website\"},\"primaryImageOfPage\":{\"@id\":\"https:\/\/espak.ee\/epood\/toode\/keevituskindad-nahast-tetu-voodriga-11\/#primaryimage\"},\"image\":{\"@id\":\"https:\/\/espak.ee\/epood\/toode\/keevituskindad-nahast-tetu-voodriga-11\/#primaryimage\"},\"thumbnailUrl\":\"https:\/\/espak.ee\/epood\/wp-content\/uploads\/2023\/03\/TETU-voodriga-keevituskindad.jpg.webp\",\"datePublished\":\"2023-03-14T10:55:17+00:00\",\"dateModified\":\"2025-06-04T16:20:25+00:00\",\"breadcrumb\":{\"@id\":\"https:\/\/espak.ee\/epood\/toode\/keevituskindad-nahast-tetu-voodriga-11\/#breadcrumb\"},\"inLanguage\":\"et\",\"potentialAction\":[{\"@type\":\"ReadAction\",\"target\":[\"https:\/\/espak.ee\/epood\/toode\/keevituskindad-nahast-tetu-voodriga-11\/\"]}]},{\"@type\":\"ImageObject\",\"inLanguage\":\"et\",\"@id\":\"https:\/\/espak.ee\/epood\/toode\/keevituskindad-nahast-tetu-voodriga-11\/#primaryimage\",\"url\":\"https:\/\/espak.ee\/epood\/wp-content\/uploads\/2023\/03\/TETU-voodriga-keevituskindad.jpg.webp\",\"contentUrl\":\"https:\/\/espak.ee\/epood\/wp-content\/uploads\/2023\/03\/TETU-voodriga-keevituskindad.jpg.webp\",\"width\":1024,\"height\":1024},{\"@type\":\"BreadcrumbList\",\"@id\":\"https:\/\/espak.ee\/epood\/toode\/keevituskindad-nahast-tetu-voodriga-11\/#breadcrumb\",\"itemListElement\":[{\"@type\":\"ListItem\",\"position\":1,\"name\":\"Home\",\"item\":\"https:\/\/espak.ee\/epood\/\"},{\"@type\":\"ListItem\",\"position\":2,\"name\":\"Tootevalik\",\"item\":\"https:\/\/espak.ee\/epood\/tootevalik\/\"},{\"@type\":\"ListItem\",\"position\":3,\"name\":\"KEEVITUSKINDAD NAHAST TETU VOODRIGA 11\"}]},{\"@type\":\"WebSite\",\"@id\":\"https:\/\/espak.ee\/epood\/#website\",\"url\":\"https:\/\/espak.ee\/epood\/\",\"name\":\"Espak E-pood\",\"description\":\"\",\"potentialAction\":[{\"@type\":\"SearchAction\",\"target\":{\"@type\":\"EntryPoint\",\"urlTemplate\":\"https:\/\/espak.ee\/epood\/?s={search_term_string}\"},\"query-input\":{\"@type\":\"PropertyValueSpecification\",\"valueRequired\":true,\"valueName\":\"search_term_string\"}}],\"inLanguage\":\"et\"}]}<\/script>\n<!-- \/ Yoast SEO plugin. -->","yoast_head_json":{"title":"KEEVITUSKINDAD NAHAST TETU VOODRIGA 11 - Espak E-pood","robots":{"index":"index","follow":"follow","max-snippet":"max-snippet:-1","max-image-preview":"max-image-preview:large","max-video-preview":"max-video-preview:-1"},"canonical":"https:\/\/espak.ee\/epood\/toode\/keevituskindad-nahast-tetu-voodriga-11\/","og_locale":"et_EE","og_type":"article","og_title":"KEEVITUSKINDAD NAHAST TETU VOODRIGA 11 - Espak E-pood","og_url":"https:\/\/espak.ee\/epood\/toode\/keevituskindad-nahast-tetu-voodriga-11\/","og_site_name":"Espak E-pood","article_modified_time":"2025-06-04T16:20:25+00:00","og_image":[{"width":1024,"height":1024,"url":"https:\/\/espak.ee\/epood\/wp-content\/uploads\/2023\/03\/TETU-voodriga-keevituskindad.jpg.webp","type":"image\/webp"}],"twitter_card":"summary_large_image","twitter_misc":{"Est. reading time":"1 minut"},"schema":{"@context":"https:\/\/schema.org","@graph":[{"@type":"WebPage","@id":"https:\/\/espak.ee\/epood\/toode\/keevituskindad-nahast-tetu-voodriga-11\/","url":"https:\/\/espak.ee\/epood\/toode\/keevituskindad-nahast-tetu-voodriga-11\/","name":"KEEVITUSKINDAD NAHAST TETU VOODRIGA 11 - Espak E-pood","isPartOf":{"@id":"https:\/\/espak.ee\/epood\/#website"},"primaryImageOfPage":{"@id":"https:\/\/espak.ee\/epood\/toode\/keevituskindad-nahast-tetu-voodriga-11\/#primaryimage"},"image":{"@id":"https:\/\/espak.ee\/epood\/toode\/keevituskindad-nahast-tetu-voodriga-11\/#primaryimage"},"thumbnailUrl":"https:\/\/espak.ee\/epood\/wp-content\/uploads\/2023\/03\/TETU-voodriga-keevituskindad.jpg.webp","datePublished":"2023-03-14T10:55:17+00:00","dateModified":"2025-06-04T16:20:25+00:00","breadcrumb":{"@id":"https:\/\/espak.ee\/epood\/toode\/keevituskindad-nahast-tetu-voodriga-11\/#breadcrumb"},"inLanguage":"et","potentialAction":[{"@type":"ReadAction","target":["https:\/\/espak.ee\/epood\/toode\/keevituskindad-nahast-tetu-voodriga-11\/"]}]},{"@type":"ImageObject","inLanguage":"et","@id":"https:\/\/espak.ee\/epood\/toode\/keevituskindad-nahast-tetu-voodriga-11\/#primaryimage","url":"https:\/\/espak.ee\/epood\/wp-content\/uploads\/2023\/03\/TETU-voodriga-keevituskindad.jpg.webp","contentUrl":"https:\/\/espak.ee\/epood\/wp-content\/uploads\/2023\/03\/TETU-voodriga-keevituskindad.jpg.webp","width":1024,"height":1024},{"@type":"BreadcrumbList","@id":"https:\/\/espak.ee\/epood\/toode\/keevituskindad-nahast-tetu-voodriga-11\/#breadcrumb","itemListElement":[{"@type":"ListItem","position":1,"name":"Home","item":"https:\/\/espak.ee\/epood\/"},{"@type":"ListItem","position":2,"name":"Tootevalik","item":"https:\/\/espak.ee\/epood\/tootevalik\/"},{"@type":"ListItem","position":3,"name":"KEEVITUSKINDAD NAHAST TETU VOODRIGA 11"}]},{"@type":"WebSite","@id":"https:\/\/espak.ee\/epood\/#website","url":"https:\/\/espak.ee\/epood\/","name":"Espak E-pood","description":"","potentialAction":[{"@type":"SearchAction","target":{"@type":"EntryPoint","urlTemplate":"https:\/\/espak.ee\/epood\/?s={search_term_string}"},"query-input":{"@type":"PropertyValueSpecification","valueRequired":true,"valueName":"search_term_string"}}],"inLanguage":"et"}]}},"_links":{"self":[{"href":"https:\/\/espak.ee\/epood\/wp-json\/wp\/v2\/product\/152793","targetHints":{"allow":["GET"]}}],"collection":[{"href":"https:\/\/espak.ee\/epood\/wp-json\/wp\/v2\/product"}],"about":[{"href":"https:\/\/espak.ee\/epood\/wp-json\/wp\/v2\/types\/product"}],"replies":[{"embeddable":true,"href":"https:\/\/espak.ee\/epood\/wp-json\/wp\/v2\/comments?post=152793"}],"wp:featuredmedia":[{"embeddable":true,"href":"https:\/\/espak.ee\/epood\/wp-json\/wp\/v2\/media\/177933"}],"wp:attachment":[{"href":"https:\/\/espak.ee\/epood\/wp-json\/wp\/v2\/media?parent=152793"}],"wp:term":[{"taxonomy":"product_brand","embeddable":true,"href":"https:\/\/espak.ee\/epood\/wp-json\/wp\/v2\/product_brand?post=152793"},{"taxonomy":"product_cat","embeddable":true,"href":"https:\/\/espak.ee\/epood\/wp-json\/wp\/v2\/product_cat?post=152793"},{"taxonomy":"product_tag","embeddable":true,"href":"https:\/\/espak.ee\/epood\/wp-json\/wp\/v2\/product_tag?post=152793"}],"curies":[{"name":"wp","href":"https:\/\/api.w.org\/{rel}","templated":true}]}}