{"id":152757,"date":"2023-03-14T02:03:39","date_gmt":"2023-03-14T00:03:39","guid":{"rendered":"https:\/\/espak.ee\/epood\/?post_type=product&#038;p=152757"},"modified":"2026-03-21T09:32:59","modified_gmt":"2026-03-21T07:32:59","slug":"betooni-eemaldaja-zep-betomex-1l","status":"publish","type":"product","link":"https:\/\/espak.ee\/epood\/toode\/betooni-eemaldaja-zep-betomex-1l\/","title":{"rendered":"BETOONI EEMALDAJA ZEP BETOMEX 1L"},"content":{"rendered":"<div class=\"row\"  id=\"row-1166320106\">\n\n\t<div id=\"col-104413064\" class=\"col medium-9 small-12 large-9\"  >\n\t\t\t\t<div class=\"col-inner\"  >\n\t\t\t\n\t\t\t\n<h3>ZEP Betomex LP 1L \u2013 Betooni eemaldaja<\/h3>\n<p>Efektiivne ja \u00f6konoomne, happeline vahend betooni eemaldamiseks.<br \/>\nVahend on m\u00f5eldud kasutamiseks betoonimasinatel, ehitusinventaridel, p\u00f5randatel ja muudel pindadel.<br \/>\nT\u00e4nu oma erilistele imbuvatele koostisosadele v\u00f5imaldab efektiivselt eemaldada tsemendij\u00e4\u00e4gid materjale kahjustamata.<br \/>\nBetomex LP on ka efektiivne pooride avaja betoonp\u00f5randate paigaldamisel ning \u00fcldine t\u00f6\u00f6stuslik puhastaja.<br \/>\n<div class=\"is-divider divider clearfix\" ><\/div>\n&#8211; Betooni eemaldaja kasutamiseks tuleb eemaldada surveveega suuremad setted.<br \/>\n&#8211; Betomex LP pihustatakse t\u00f6\u00f6deldavale pinnale vahekorras 1:3-10 vastavalt betoonij\u00e4\u00e4kide paksusele.<br \/>\n&#8211; Ehitusj\u00e4rgsel koristusel tuleb kasutada vesilahust 1:30-60<br \/>\n&#8211; Loputada p\u00f5hjalikult.<br \/>\n&#8211; Alati kasutada kindaid, kaitseprille, n\u00e4okaitset ja happekindlat p\u00f5lle.<br \/>\n&#8211; Mitte kasutada alumiiniumil, roostevaba terasel ja galvaniseeritud raual.<br \/>\n&#8211; pH <1,0.\n \n<\/p>\n\t\t<\/div>\n\t\t\t\t\t<\/div>\n\n\t\n\n\t<div id=\"col-1390754145\" class=\"col medium-3 small-12 large-3\"  >\n\t\t\t\t<div class=\"col-inner\"  >\n\t\t\t\n\t\t\t\n<div class=\"is-divider divider clearfix\" ><\/div>\n<p><strong>\u00dcksikasjalikuma n\u00f5u saamiseks v\u00f5tke \u00fchendust:<br \/><\/strong>ZEP EESTI O\u00dc<br \/>Liivalaia 20a<br \/>10118<br \/>Tallinn<br \/>+372 52 14 994<\/p>\n\t\t<\/div>\n\t\t\t\t\t<\/div>\n\n\t\n<\/div>\n","protected":false},"excerpt":{"rendered":"","protected":false},"featured_media":152807,"comment_status":"closed","ping_status":"closed","template":"","meta":[],"product_brand":[],"product_cat":[2691,3441,2684,2683],"product_tag":[],"class_list":{"0":"post-152757","1":"product","2":"type-product","3":"status-publish","4":"has-post-thumbnail","6":"product_cat-lahustid","7":"product_cat-lahustid-ja-pesuained","8":"product_cat-varvid-lakid-lahustid-puidukaitsed-olid","9":"product_cat-viimistluskaubad","10":"product_shipping_class-dpd-cold","11":"pa_kaubamark-zep-eesti-ou","13":"first","14":"instock","15":"sale","16":"taxable","17":"shipping-taxable","18":"purchasable","19":"product-type-simple"},"yoast_head":"<!-- This site is optimized with the Yoast SEO plugin v26.9 - https:\/\/yoast.com\/product\/yoast-seo-wordpress\/ -->\n<title>BETOONI EEMALDAJA ZEP BETOMEX 1L - Espak E-pood<\/title>\n<meta name=\"robots\" content=\"index, follow, max-snippet:-1, max-image-preview:large, max-video-preview:-1\" \/>\n<link rel=\"canonical\" href=\"https:\/\/espak.ee\/epood\/toode\/betooni-eemaldaja-zep-betomex-1l\/\" \/>\n<meta property=\"og:locale\" content=\"et_EE\" \/>\n<meta property=\"og:type\" content=\"article\" \/>\n<meta property=\"og:title\" content=\"BETOONI EEMALDAJA ZEP BETOMEX 1L - Espak E-pood\" \/>\n<meta property=\"og:url\" content=\"https:\/\/espak.ee\/epood\/toode\/betooni-eemaldaja-zep-betomex-1l\/\" \/>\n<meta property=\"og:site_name\" content=\"Espak E-pood\" \/>\n<meta property=\"article:modified_time\" content=\"2026-03-21T07:32:59+00:00\" \/>\n<meta property=\"og:image\" content=\"https:\/\/espak.ee\/epood\/wp-content\/uploads\/2023\/03\/Betomex1L-2.jpg\" \/>\n\t<meta property=\"og:image:width\" content=\"800\" \/>\n\t<meta property=\"og:image:height\" content=\"800\" \/>\n\t<meta property=\"og:image:type\" content=\"image\/jpeg\" \/>\n<meta name=\"twitter:card\" content=\"summary_large_image\" \/>\n<meta name=\"twitter:label1\" content=\"Est. reading time\" \/>\n\t<meta name=\"twitter:data1\" content=\"1 minut\" \/>\n<script type=\"application\/ld+json\" class=\"yoast-schema-graph\">{\"@context\":\"https:\/\/schema.org\",\"@graph\":[{\"@type\":\"WebPage\",\"@id\":\"https:\/\/espak.ee\/epood\/toode\/betooni-eemaldaja-zep-betomex-1l\/\",\"url\":\"https:\/\/espak.ee\/epood\/toode\/betooni-eemaldaja-zep-betomex-1l\/\",\"name\":\"BETOONI EEMALDAJA ZEP BETOMEX 1L - Espak E-pood\",\"isPartOf\":{\"@id\":\"https:\/\/espak.ee\/epood\/#website\"},\"primaryImageOfPage\":{\"@id\":\"https:\/\/espak.ee\/epood\/toode\/betooni-eemaldaja-zep-betomex-1l\/#primaryimage\"},\"image\":{\"@id\":\"https:\/\/espak.ee\/epood\/toode\/betooni-eemaldaja-zep-betomex-1l\/#primaryimage\"},\"thumbnailUrl\":\"https:\/\/espak.ee\/epood\/wp-content\/uploads\/2023\/03\/Betomex1L-2.jpg\",\"datePublished\":\"2023-03-14T00:03:39+00:00\",\"dateModified\":\"2026-03-21T07:32:59+00:00\",\"breadcrumb\":{\"@id\":\"https:\/\/espak.ee\/epood\/toode\/betooni-eemaldaja-zep-betomex-1l\/#breadcrumb\"},\"inLanguage\":\"et\",\"potentialAction\":[{\"@type\":\"ReadAction\",\"target\":[\"https:\/\/espak.ee\/epood\/toode\/betooni-eemaldaja-zep-betomex-1l\/\"]}]},{\"@type\":\"ImageObject\",\"inLanguage\":\"et\",\"@id\":\"https:\/\/espak.ee\/epood\/toode\/betooni-eemaldaja-zep-betomex-1l\/#primaryimage\",\"url\":\"https:\/\/espak.ee\/epood\/wp-content\/uploads\/2023\/03\/Betomex1L-2.jpg\",\"contentUrl\":\"https:\/\/espak.ee\/epood\/wp-content\/uploads\/2023\/03\/Betomex1L-2.jpg\",\"width\":800,\"height\":800},{\"@type\":\"BreadcrumbList\",\"@id\":\"https:\/\/espak.ee\/epood\/toode\/betooni-eemaldaja-zep-betomex-1l\/#breadcrumb\",\"itemListElement\":[{\"@type\":\"ListItem\",\"position\":1,\"name\":\"Home\",\"item\":\"https:\/\/espak.ee\/epood\/\"},{\"@type\":\"ListItem\",\"position\":2,\"name\":\"Tootevalik\",\"item\":\"https:\/\/espak.ee\/epood\/tootevalik\/\"},{\"@type\":\"ListItem\",\"position\":3,\"name\":\"BETOONI EEMALDAJA ZEP BETOMEX 1L\"}]},{\"@type\":\"WebSite\",\"@id\":\"https:\/\/espak.ee\/epood\/#website\",\"url\":\"https:\/\/espak.ee\/epood\/\",\"name\":\"Espak E-pood\",\"description\":\"\",\"potentialAction\":[{\"@type\":\"SearchAction\",\"target\":{\"@type\":\"EntryPoint\",\"urlTemplate\":\"https:\/\/espak.ee\/epood\/?s={search_term_string}\"},\"query-input\":{\"@type\":\"PropertyValueSpecification\",\"valueRequired\":true,\"valueName\":\"search_term_string\"}}],\"inLanguage\":\"et\"}]}<\/script>\n<!-- \/ Yoast SEO plugin. -->","yoast_head_json":{"title":"BETOONI EEMALDAJA ZEP BETOMEX 1L - Espak E-pood","robots":{"index":"index","follow":"follow","max-snippet":"max-snippet:-1","max-image-preview":"max-image-preview:large","max-video-preview":"max-video-preview:-1"},"canonical":"https:\/\/espak.ee\/epood\/toode\/betooni-eemaldaja-zep-betomex-1l\/","og_locale":"et_EE","og_type":"article","og_title":"BETOONI EEMALDAJA ZEP BETOMEX 1L - Espak E-pood","og_url":"https:\/\/espak.ee\/epood\/toode\/betooni-eemaldaja-zep-betomex-1l\/","og_site_name":"Espak E-pood","article_modified_time":"2026-03-21T07:32:59+00:00","og_image":[{"width":800,"height":800,"url":"https:\/\/espak.ee\/epood\/wp-content\/uploads\/2023\/03\/Betomex1L-2.jpg","type":"image\/jpeg"}],"twitter_card":"summary_large_image","twitter_misc":{"Est. reading time":"1 minut"},"schema":{"@context":"https:\/\/schema.org","@graph":[{"@type":"WebPage","@id":"https:\/\/espak.ee\/epood\/toode\/betooni-eemaldaja-zep-betomex-1l\/","url":"https:\/\/espak.ee\/epood\/toode\/betooni-eemaldaja-zep-betomex-1l\/","name":"BETOONI EEMALDAJA ZEP BETOMEX 1L - Espak E-pood","isPartOf":{"@id":"https:\/\/espak.ee\/epood\/#website"},"primaryImageOfPage":{"@id":"https:\/\/espak.ee\/epood\/toode\/betooni-eemaldaja-zep-betomex-1l\/#primaryimage"},"image":{"@id":"https:\/\/espak.ee\/epood\/toode\/betooni-eemaldaja-zep-betomex-1l\/#primaryimage"},"thumbnailUrl":"https:\/\/espak.ee\/epood\/wp-content\/uploads\/2023\/03\/Betomex1L-2.jpg","datePublished":"2023-03-14T00:03:39+00:00","dateModified":"2026-03-21T07:32:59+00:00","breadcrumb":{"@id":"https:\/\/espak.ee\/epood\/toode\/betooni-eemaldaja-zep-betomex-1l\/#breadcrumb"},"inLanguage":"et","potentialAction":[{"@type":"ReadAction","target":["https:\/\/espak.ee\/epood\/toode\/betooni-eemaldaja-zep-betomex-1l\/"]}]},{"@type":"ImageObject","inLanguage":"et","@id":"https:\/\/espak.ee\/epood\/toode\/betooni-eemaldaja-zep-betomex-1l\/#primaryimage","url":"https:\/\/espak.ee\/epood\/wp-content\/uploads\/2023\/03\/Betomex1L-2.jpg","contentUrl":"https:\/\/espak.ee\/epood\/wp-content\/uploads\/2023\/03\/Betomex1L-2.jpg","width":800,"height":800},{"@type":"BreadcrumbList","@id":"https:\/\/espak.ee\/epood\/toode\/betooni-eemaldaja-zep-betomex-1l\/#breadcrumb","itemListElement":[{"@type":"ListItem","position":1,"name":"Home","item":"https:\/\/espak.ee\/epood\/"},{"@type":"ListItem","position":2,"name":"Tootevalik","item":"https:\/\/espak.ee\/epood\/tootevalik\/"},{"@type":"ListItem","position":3,"name":"BETOONI EEMALDAJA ZEP BETOMEX 1L"}]},{"@type":"WebSite","@id":"https:\/\/espak.ee\/epood\/#website","url":"https:\/\/espak.ee\/epood\/","name":"Espak E-pood","description":"","potentialAction":[{"@type":"SearchAction","target":{"@type":"EntryPoint","urlTemplate":"https:\/\/espak.ee\/epood\/?s={search_term_string}"},"query-input":{"@type":"PropertyValueSpecification","valueRequired":true,"valueName":"search_term_string"}}],"inLanguage":"et"}]}},"_links":{"self":[{"href":"https:\/\/espak.ee\/epood\/wp-json\/wp\/v2\/product\/152757","targetHints":{"allow":["GET"]}}],"collection":[{"href":"https:\/\/espak.ee\/epood\/wp-json\/wp\/v2\/product"}],"about":[{"href":"https:\/\/espak.ee\/epood\/wp-json\/wp\/v2\/types\/product"}],"replies":[{"embeddable":true,"href":"https:\/\/espak.ee\/epood\/wp-json\/wp\/v2\/comments?post=152757"}],"wp:featuredmedia":[{"embeddable":true,"href":"https:\/\/espak.ee\/epood\/wp-json\/wp\/v2\/media\/152807"}],"wp:attachment":[{"href":"https:\/\/espak.ee\/epood\/wp-json\/wp\/v2\/media?parent=152757"}],"wp:term":[{"taxonomy":"product_brand","embeddable":true,"href":"https:\/\/espak.ee\/epood\/wp-json\/wp\/v2\/product_brand?post=152757"},{"taxonomy":"product_cat","embeddable":true,"href":"https:\/\/espak.ee\/epood\/wp-json\/wp\/v2\/product_cat?post=152757"},{"taxonomy":"product_tag","embeddable":true,"href":"https:\/\/espak.ee\/epood\/wp-json\/wp\/v2\/product_tag?post=152757"}],"curies":[{"name":"wp","href":"https:\/\/api.w.org\/{rel}","templated":true}]}}