{"id":152520,"date":"2023-03-10T12:49:01","date_gmt":"2023-03-10T10:49:01","guid":{"rendered":"https:\/\/espak.ee\/epood\/?post_type=product&#038;p=152520"},"modified":"2026-03-30T10:34:28","modified_gmt":"2026-03-30T07:34:28","slug":"kastmiskomplekt-50m-gardena-micro-drip-hekkidele-ja-poosastele","status":"publish","type":"product","link":"https:\/\/espak.ee\/epood\/toode\/kastmiskomplekt-50m-gardena-micro-drip-hekkidele-ja-poosastele\/","title":{"rendered":"KASTMISKOMPLEKT 50M GARDENA MICRO-DRIP HEKKIDELE JA P\u00d5\u00d5SASTELE"},"content":{"rendered":"<div class=\"row\"  id=\"row-575630058\">\n\n\t<div id=\"col-517814178\" class=\"col medium-9 small-12 large-9\"  >\n\t\t\t\t<div class=\"col-inner\"  >\n\t\t\t\n\t\t\t\n<h2>Micro-Drip-kastmiskomplekt hekkidele \/p\u00f5\u00f5sastele (50 m) Gardena<\/h2>\n<p><strong>Hekkide ja p\u00f5\u00f5saste vett s\u00e4\u00e4stev tilkkastmine. <\/strong> <\/p>\n<p>Kasutage oma hekkide, p\u00f5\u00f5saste v\u00f5i eesaia taimede vett s\u00e4\u00e4stvaks ja usaldusv\u00e4\u00e4rseks kastmiseks GARDENA tilkkastmise Mico-Drip-kastmiskomplekti (50 m).<br \/>\n Kasutusvalmis komplekt sisaldab k\u00f5iki selle seadistamiseks vajalikke komponente. Saate selle kiiresti paigaldada vaid m\u00f5ne h\u00e4sti selgitatud sammuga.<br \/>\n Esmalt \u00fchendate veevooliku veer\u00f5hualandi Master 1000-ga \u00fchtlase r\u00f5hu tagamiseks. Seej\u00e4rel \u00fchendate 50 m pikkuse tilguti kastmisvooliki veer\u00f5hualandiga ja paigaldate selle taimede juurde. Kui see on maa all, tagab smart lab\u00fcrinditehnoloogia koos juuret\u00f5kkega, et voolik ei ummistuks. Voolikusse on integreeritud r\u00f5hku \u00fchtlustav tilgutipea iga 30 cm j\u00e4rel. Isegi k\u00f5rguste erinevuste korral annavad tilgutid teie hekile pidevalt 1,6 liitrit vett tunnis, et seda \u00fchtlaselt niisutada.<br \/>\nEraldi saadaolevate 13 mm liitmikega koos patenteeritud Quick &#038; Easy \u00fchendustehnoloogiaga on teil alati v\u00f5imalus Micro-Drip-System&#8217;i paindlikult laiendada ja teisendada.<br \/>\n MDS-i tarvikud ei kahjustu ja saate neid pikaajaliseks kasutamiseks uuesti kasutada nii sageli kui soovite. Mugavaks, automaatseks ja aegas\u00e4\u00e4stvaks kastmiseks lisage n\u00e4iteks komplekti rohkem tilkkastmisvoolikuid v\u00f5i GARDENA kastmiskompuutri.<br \/>\n Micro-Drip-s\u00fcsteem. Iga tilk loeb. Lihtne, t\u00e4pne, vett ja aega s\u00e4\u00e4stev kastmine.<\/p>\n\t\t<\/div>\n\t\t\t\t\t<\/div>\n\n\t\n\n\t<div id=\"col-1406587246\" class=\"col medium-3 small-12 large-3\"  >\n\t\t\t\t<div class=\"col-inner\"  >\n\t\t\t\n\t\t\t\n\t<div id=\"gap-1748361631\" class=\"gap-element clearfix\" style=\"display:block; height:auto;\">\n\t\t\n<style>\n#gap-1748361631 {\n  padding-top: 30px;\n}\n<\/style>\n\t<\/div>\n\t\n<div class=\"is-divider divider clearfix\" ><\/div>\n<p><strong>\u00dcksikasjalikuma n\u00f5u saamiseks v\u00f5tke \u00fchendust:<br \/><\/strong>Espak AS<br \/>Viadukti 42<br \/>11313<br \/>Tallinn<br \/>+372 6 512333<\/p>\n<div class=\"is-divider divider clearfix\" ><\/div>\n\t\t<\/div>\n\t\t\t\t\t<\/div>\n\n\t\n<\/div>\n","protected":false},"excerpt":{"rendered":"","protected":false},"featured_media":186194,"comment_status":"closed","ping_status":"closed","template":"","meta":[],"product_brand":[],"product_cat":[2789,2788,3280,3365],"product_tag":[],"class_list":{"0":"post-152520","1":"product","2":"type-product","3":"status-publish","4":"has-post-thumbnail","6":"product_cat-aiatarbed","7":"product_cat-aiatarbed-ja-kodukaubad","8":"product_cat-kastmistarvikud","9":"product_cat-vihmutid","10":"pa_kaubamark-husqvarna-eesti-ou","12":"first","13":"instock","14":"sale","15":"taxable","16":"shipping-taxable","17":"purchasable","18":"product-type-simple"},"yoast_head":"<!-- This site is optimized with the Yoast SEO plugin v26.9 - https:\/\/yoast.com\/product\/yoast-seo-wordpress\/ -->\n<title>KASTMISKOMPLEKT 50M GARDENA MICRO-DRIP HEKKIDELE JA P\u00d5\u00d5SASTELE - Espak E-pood<\/title>\n<meta name=\"robots\" content=\"index, follow, max-snippet:-1, max-image-preview:large, max-video-preview:-1\" \/>\n<link rel=\"canonical\" href=\"https:\/\/espak.ee\/epood\/toode\/kastmiskomplekt-50m-gardena-micro-drip-hekkidele-ja-poosastele\/\" \/>\n<meta property=\"og:locale\" content=\"et_EE\" \/>\n<meta property=\"og:type\" content=\"article\" \/>\n<meta property=\"og:title\" content=\"KASTMISKOMPLEKT 50M GARDENA MICRO-DRIP HEKKIDELE JA P\u00d5\u00d5SASTELE - Espak E-pood\" \/>\n<meta property=\"og:url\" content=\"https:\/\/espak.ee\/epood\/toode\/kastmiskomplekt-50m-gardena-micro-drip-hekkidele-ja-poosastele\/\" \/>\n<meta property=\"og:site_name\" content=\"Espak E-pood\" \/>\n<meta property=\"article:modified_time\" content=\"2026-03-30T07:34:28+00:00\" \/>\n<meta property=\"og:image\" content=\"https:\/\/espak.ee\/epood\/wp-content\/uploads\/2023\/03\/BY-255502.jpg\" \/>\n\t<meta property=\"og:image:width\" content=\"800\" \/>\n\t<meta property=\"og:image:height\" content=\"800\" \/>\n\t<meta property=\"og:image:type\" content=\"image\/jpeg\" \/>\n<meta name=\"twitter:card\" content=\"summary_large_image\" \/>\n<meta name=\"twitter:label1\" content=\"Est. reading time\" \/>\n\t<meta name=\"twitter:data1\" content=\"1 minut\" \/>\n<script type=\"application\/ld+json\" class=\"yoast-schema-graph\">{\"@context\":\"https:\/\/schema.org\",\"@graph\":[{\"@type\":\"WebPage\",\"@id\":\"https:\/\/espak.ee\/epood\/toode\/kastmiskomplekt-50m-gardena-micro-drip-hekkidele-ja-poosastele\/\",\"url\":\"https:\/\/espak.ee\/epood\/toode\/kastmiskomplekt-50m-gardena-micro-drip-hekkidele-ja-poosastele\/\",\"name\":\"KASTMISKOMPLEKT 50M GARDENA MICRO-DRIP HEKKIDELE JA P\u00d5\u00d5SASTELE - Espak E-pood\",\"isPartOf\":{\"@id\":\"https:\/\/espak.ee\/epood\/#website\"},\"primaryImageOfPage\":{\"@id\":\"https:\/\/espak.ee\/epood\/toode\/kastmiskomplekt-50m-gardena-micro-drip-hekkidele-ja-poosastele\/#primaryimage\"},\"image\":{\"@id\":\"https:\/\/espak.ee\/epood\/toode\/kastmiskomplekt-50m-gardena-micro-drip-hekkidele-ja-poosastele\/#primaryimage\"},\"thumbnailUrl\":\"https:\/\/espak.ee\/epood\/wp-content\/uploads\/2023\/03\/BY-255502.jpg\",\"datePublished\":\"2023-03-10T10:49:01+00:00\",\"dateModified\":\"2026-03-30T07:34:28+00:00\",\"breadcrumb\":{\"@id\":\"https:\/\/espak.ee\/epood\/toode\/kastmiskomplekt-50m-gardena-micro-drip-hekkidele-ja-poosastele\/#breadcrumb\"},\"inLanguage\":\"et\",\"potentialAction\":[{\"@type\":\"ReadAction\",\"target\":[\"https:\/\/espak.ee\/epood\/toode\/kastmiskomplekt-50m-gardena-micro-drip-hekkidele-ja-poosastele\/\"]}]},{\"@type\":\"ImageObject\",\"inLanguage\":\"et\",\"@id\":\"https:\/\/espak.ee\/epood\/toode\/kastmiskomplekt-50m-gardena-micro-drip-hekkidele-ja-poosastele\/#primaryimage\",\"url\":\"https:\/\/espak.ee\/epood\/wp-content\/uploads\/2023\/03\/BY-255502.jpg\",\"contentUrl\":\"https:\/\/espak.ee\/epood\/wp-content\/uploads\/2023\/03\/BY-255502.jpg\",\"width\":800,\"height\":800},{\"@type\":\"BreadcrumbList\",\"@id\":\"https:\/\/espak.ee\/epood\/toode\/kastmiskomplekt-50m-gardena-micro-drip-hekkidele-ja-poosastele\/#breadcrumb\",\"itemListElement\":[{\"@type\":\"ListItem\",\"position\":1,\"name\":\"Home\",\"item\":\"https:\/\/espak.ee\/epood\/\"},{\"@type\":\"ListItem\",\"position\":2,\"name\":\"Tootevalik\",\"item\":\"https:\/\/espak.ee\/epood\/tootevalik\/\"},{\"@type\":\"ListItem\",\"position\":3,\"name\":\"KASTMISKOMPLEKT 50M GARDENA MICRO-DRIP HEKKIDELE JA P\u00d5\u00d5SASTELE\"}]},{\"@type\":\"WebSite\",\"@id\":\"https:\/\/espak.ee\/epood\/#website\",\"url\":\"https:\/\/espak.ee\/epood\/\",\"name\":\"Espak E-pood\",\"description\":\"\",\"potentialAction\":[{\"@type\":\"SearchAction\",\"target\":{\"@type\":\"EntryPoint\",\"urlTemplate\":\"https:\/\/espak.ee\/epood\/?s={search_term_string}\"},\"query-input\":{\"@type\":\"PropertyValueSpecification\",\"valueRequired\":true,\"valueName\":\"search_term_string\"}}],\"inLanguage\":\"et\"}]}<\/script>\n<!-- \/ Yoast SEO plugin. -->","yoast_head_json":{"title":"KASTMISKOMPLEKT 50M GARDENA MICRO-DRIP HEKKIDELE JA P\u00d5\u00d5SASTELE - Espak E-pood","robots":{"index":"index","follow":"follow","max-snippet":"max-snippet:-1","max-image-preview":"max-image-preview:large","max-video-preview":"max-video-preview:-1"},"canonical":"https:\/\/espak.ee\/epood\/toode\/kastmiskomplekt-50m-gardena-micro-drip-hekkidele-ja-poosastele\/","og_locale":"et_EE","og_type":"article","og_title":"KASTMISKOMPLEKT 50M GARDENA MICRO-DRIP HEKKIDELE JA P\u00d5\u00d5SASTELE - Espak E-pood","og_url":"https:\/\/espak.ee\/epood\/toode\/kastmiskomplekt-50m-gardena-micro-drip-hekkidele-ja-poosastele\/","og_site_name":"Espak E-pood","article_modified_time":"2026-03-30T07:34:28+00:00","og_image":[{"width":800,"height":800,"url":"https:\/\/espak.ee\/epood\/wp-content\/uploads\/2023\/03\/BY-255502.jpg","type":"image\/jpeg"}],"twitter_card":"summary_large_image","twitter_misc":{"Est. reading time":"1 minut"},"schema":{"@context":"https:\/\/schema.org","@graph":[{"@type":"WebPage","@id":"https:\/\/espak.ee\/epood\/toode\/kastmiskomplekt-50m-gardena-micro-drip-hekkidele-ja-poosastele\/","url":"https:\/\/espak.ee\/epood\/toode\/kastmiskomplekt-50m-gardena-micro-drip-hekkidele-ja-poosastele\/","name":"KASTMISKOMPLEKT 50M GARDENA MICRO-DRIP HEKKIDELE JA P\u00d5\u00d5SASTELE - Espak E-pood","isPartOf":{"@id":"https:\/\/espak.ee\/epood\/#website"},"primaryImageOfPage":{"@id":"https:\/\/espak.ee\/epood\/toode\/kastmiskomplekt-50m-gardena-micro-drip-hekkidele-ja-poosastele\/#primaryimage"},"image":{"@id":"https:\/\/espak.ee\/epood\/toode\/kastmiskomplekt-50m-gardena-micro-drip-hekkidele-ja-poosastele\/#primaryimage"},"thumbnailUrl":"https:\/\/espak.ee\/epood\/wp-content\/uploads\/2023\/03\/BY-255502.jpg","datePublished":"2023-03-10T10:49:01+00:00","dateModified":"2026-03-30T07:34:28+00:00","breadcrumb":{"@id":"https:\/\/espak.ee\/epood\/toode\/kastmiskomplekt-50m-gardena-micro-drip-hekkidele-ja-poosastele\/#breadcrumb"},"inLanguage":"et","potentialAction":[{"@type":"ReadAction","target":["https:\/\/espak.ee\/epood\/toode\/kastmiskomplekt-50m-gardena-micro-drip-hekkidele-ja-poosastele\/"]}]},{"@type":"ImageObject","inLanguage":"et","@id":"https:\/\/espak.ee\/epood\/toode\/kastmiskomplekt-50m-gardena-micro-drip-hekkidele-ja-poosastele\/#primaryimage","url":"https:\/\/espak.ee\/epood\/wp-content\/uploads\/2023\/03\/BY-255502.jpg","contentUrl":"https:\/\/espak.ee\/epood\/wp-content\/uploads\/2023\/03\/BY-255502.jpg","width":800,"height":800},{"@type":"BreadcrumbList","@id":"https:\/\/espak.ee\/epood\/toode\/kastmiskomplekt-50m-gardena-micro-drip-hekkidele-ja-poosastele\/#breadcrumb","itemListElement":[{"@type":"ListItem","position":1,"name":"Home","item":"https:\/\/espak.ee\/epood\/"},{"@type":"ListItem","position":2,"name":"Tootevalik","item":"https:\/\/espak.ee\/epood\/tootevalik\/"},{"@type":"ListItem","position":3,"name":"KASTMISKOMPLEKT 50M GARDENA MICRO-DRIP HEKKIDELE JA P\u00d5\u00d5SASTELE"}]},{"@type":"WebSite","@id":"https:\/\/espak.ee\/epood\/#website","url":"https:\/\/espak.ee\/epood\/","name":"Espak E-pood","description":"","potentialAction":[{"@type":"SearchAction","target":{"@type":"EntryPoint","urlTemplate":"https:\/\/espak.ee\/epood\/?s={search_term_string}"},"query-input":{"@type":"PropertyValueSpecification","valueRequired":true,"valueName":"search_term_string"}}],"inLanguage":"et"}]}},"_links":{"self":[{"href":"https:\/\/espak.ee\/epood\/wp-json\/wp\/v2\/product\/152520","targetHints":{"allow":["GET"]}}],"collection":[{"href":"https:\/\/espak.ee\/epood\/wp-json\/wp\/v2\/product"}],"about":[{"href":"https:\/\/espak.ee\/epood\/wp-json\/wp\/v2\/types\/product"}],"replies":[{"embeddable":true,"href":"https:\/\/espak.ee\/epood\/wp-json\/wp\/v2\/comments?post=152520"}],"wp:featuredmedia":[{"embeddable":true,"href":"https:\/\/espak.ee\/epood\/wp-json\/wp\/v2\/media\/186194"}],"wp:attachment":[{"href":"https:\/\/espak.ee\/epood\/wp-json\/wp\/v2\/media?parent=152520"}],"wp:term":[{"taxonomy":"product_brand","embeddable":true,"href":"https:\/\/espak.ee\/epood\/wp-json\/wp\/v2\/product_brand?post=152520"},{"taxonomy":"product_cat","embeddable":true,"href":"https:\/\/espak.ee\/epood\/wp-json\/wp\/v2\/product_cat?post=152520"},{"taxonomy":"product_tag","embeddable":true,"href":"https:\/\/espak.ee\/epood\/wp-json\/wp\/v2\/product_tag?post=152520"}],"curies":[{"name":"wp","href":"https:\/\/api.w.org\/{rel}","templated":true}]}}