{"id":152204,"date":"2023-03-08T12:55:32","date_gmt":"2023-03-08T10:55:32","guid":{"rendered":"https:\/\/espak.ee\/epood\/?post_type=product&#038;p=152204"},"modified":"2026-03-30T10:34:28","modified_gmt":"2026-03-30T07:34:28","slug":"uhendusliitmik-13mm-1-2-gardena-micro-drip-3tk","status":"publish","type":"product","link":"https:\/\/espak.ee\/epood\/toode\/uhendusliitmik-13mm-1-2-gardena-micro-drip-3tk\/","title":{"rendered":"\u00dcHENDUSLIITMIK 13MM 1\/2&#8243; GARDENA MICRO-DRIP 3TK"},"content":{"rendered":"<div class=\"row\"  id=\"row-1093135307\">\n\n\t<div id=\"col-1092286694\" class=\"col medium-9 small-12 large-9\"  >\n\t\t\t\t<div class=\"col-inner\"  >\n\t\t\t\n\t\t\t\n<h2>\u00dchendusliitmik 13 mm (1\/2&#8243;) 3 tk Gardena Micro-Drip<\/h2>\n<p>\u00dchendusvooliku ja tilkkastmisvooliku pikendamiseks.<\/p>\n<p>GARDENA 13 mm (1\/2&#8243;) liitmikuga saate laiendada oma Micro-Drip-s\u00fcsteemi. Kolm komplekti kuuluvat liitmikut sobivad ideaalselt 13 mm \u00fchendusvoolikute v\u00f5i tilkkastmisvoolikute pikendamiseks\/\u00fchendamiseks. MDS-komponent on arusaadav ja lihtne t\u00e4nu nutikatele s\u00fcmbolitele \u00fchendusvooliku \u00fchendamisel liitmikuga kuulete tagasiside kl\u00f5psatust, mis kinnitab suletud asendit ja usaldusv\u00e4\u00e4rset \u00fchendust.<br \/>\n T\u00e4nu patenteeritud Quick &#038; Easy \u00fchendustehnoloogiale saate k\u00f5iki MDS-komponente h\u00f5lpsalt \u00fchendada, paindlikult pikendada ja lihtsalt lahti \u00fchendada. See muudab tarvikud korduvkasutatavaks ja j\u00e4tkusuutlikuks.<br \/>\n Koos eraldi saadaoleva veer\u00f5hualandiga Master 1000 (art. nr 13333-20) v\u00f5i alandiga 2000 (art. nr 13310-) 20), on teie Micro-Drip-System usaldusv\u00e4\u00e4rselt veekindel ja varustatud \u00fchtlase veesurvega. Liitmik 13 mm (1\/2&#8243;) on GARDENA kvaliteettoode, mis on valmistatud Euroopas. Micro-Drip-s\u00fcsteem.<br \/>\n Iga tilk loeb. Lihtne, t\u00e4pne, vett ja aega s\u00e4\u00e4stev kastmine.\n<\/p>\n\t\t<\/div>\n\t\t\t\t\t<\/div>\n\n\t\n\n\t<div id=\"col-1726757052\" class=\"col medium-3 small-12 large-3\"  >\n\t\t\t\t<div class=\"col-inner\"  >\n\t\t\t\n\t\t\t\n\t<div id=\"gap-1842129150\" class=\"gap-element clearfix\" style=\"display:block; height:auto;\">\n\t\t\n<style>\n#gap-1842129150 {\n  padding-top: 30px;\n}\n<\/style>\n\t<\/div>\n\t\n<div class=\"is-divider divider clearfix\" ><\/div>\n<p><strong>\u00dcksikasjalikuma n\u00f5u saamiseks v\u00f5tke \u00fchendust:<br \/><\/strong>Espak AS<br \/>Viadukti 42<br \/>11313<br \/>Tallinn<br \/>+372 6 512333<\/p>\n<div class=\"is-divider divider clearfix\" ><\/div>\n\t\t<\/div>\n\t\t\t\t\t<\/div>\n\n\t\n<\/div>\n","protected":false},"excerpt":{"rendered":"","protected":false},"featured_media":152238,"comment_status":"closed","ping_status":"closed","template":"","meta":[],"product_brand":[],"product_cat":[2789,2788,3280,4749],"product_tag":[],"class_list":{"0":"post-152204","1":"product","2":"type-product","3":"status-publish","4":"has-post-thumbnail","6":"product_cat-aiatarbed","7":"product_cat-aiatarbed-ja-kodukaubad","8":"product_cat-kastmistarvikud","9":"product_cat-voolikukarud","10":"pa_kaubamark-husqvarna-eesti-ou","12":"first","13":"instock","14":"sale","15":"taxable","16":"shipping-taxable","17":"purchasable","18":"product-type-simple"},"yoast_head":"<!-- This site is optimized with the Yoast SEO plugin v26.9 - https:\/\/yoast.com\/product\/yoast-seo-wordpress\/ -->\n<title>\u00dcHENDUSLIITMIK 13MM 1\/2&quot; GARDENA MICRO-DRIP 3TK - Espak E-pood<\/title>\n<meta name=\"robots\" content=\"index, follow, max-snippet:-1, max-image-preview:large, max-video-preview:-1\" \/>\n<link rel=\"canonical\" href=\"https:\/\/espak.ee\/epood\/toode\/uhendusliitmik-13mm-1-2-gardena-micro-drip-3tk\/\" \/>\n<meta property=\"og:locale\" content=\"et_EE\" \/>\n<meta property=\"og:type\" content=\"article\" \/>\n<meta property=\"og:title\" content=\"\u00dcHENDUSLIITMIK 13MM 1\/2&quot; GARDENA MICRO-DRIP 3TK - Espak E-pood\" \/>\n<meta property=\"og:url\" content=\"https:\/\/espak.ee\/epood\/toode\/uhendusliitmik-13mm-1-2-gardena-micro-drip-3tk\/\" \/>\n<meta property=\"og:site_name\" content=\"Espak E-pood\" \/>\n<meta property=\"article:modified_time\" content=\"2026-03-30T07:34:28+00:00\" \/>\n<meta property=\"og:image\" content=\"https:\/\/espak.ee\/epood\/wp-content\/uploads\/2023\/03\/TD-475940.jpg\" \/>\n\t<meta property=\"og:image:width\" content=\"800\" \/>\n\t<meta property=\"og:image:height\" content=\"800\" \/>\n\t<meta property=\"og:image:type\" content=\"image\/jpeg\" \/>\n<meta name=\"twitter:card\" content=\"summary_large_image\" \/>\n<meta name=\"twitter:label1\" content=\"Est. reading time\" \/>\n\t<meta name=\"twitter:data1\" content=\"1 minut\" \/>\n<script type=\"application\/ld+json\" class=\"yoast-schema-graph\">{\"@context\":\"https:\/\/schema.org\",\"@graph\":[{\"@type\":\"WebPage\",\"@id\":\"https:\/\/espak.ee\/epood\/toode\/uhendusliitmik-13mm-1-2-gardena-micro-drip-3tk\/\",\"url\":\"https:\/\/espak.ee\/epood\/toode\/uhendusliitmik-13mm-1-2-gardena-micro-drip-3tk\/\",\"name\":\"\u00dcHENDUSLIITMIK 13MM 1\/2\\\" GARDENA MICRO-DRIP 3TK - Espak E-pood\",\"isPartOf\":{\"@id\":\"https:\/\/espak.ee\/epood\/#website\"},\"primaryImageOfPage\":{\"@id\":\"https:\/\/espak.ee\/epood\/toode\/uhendusliitmik-13mm-1-2-gardena-micro-drip-3tk\/#primaryimage\"},\"image\":{\"@id\":\"https:\/\/espak.ee\/epood\/toode\/uhendusliitmik-13mm-1-2-gardena-micro-drip-3tk\/#primaryimage\"},\"thumbnailUrl\":\"https:\/\/espak.ee\/epood\/wp-content\/uploads\/2023\/03\/TD-475940.jpg\",\"datePublished\":\"2023-03-08T10:55:32+00:00\",\"dateModified\":\"2026-03-30T07:34:28+00:00\",\"breadcrumb\":{\"@id\":\"https:\/\/espak.ee\/epood\/toode\/uhendusliitmik-13mm-1-2-gardena-micro-drip-3tk\/#breadcrumb\"},\"inLanguage\":\"et\",\"potentialAction\":[{\"@type\":\"ReadAction\",\"target\":[\"https:\/\/espak.ee\/epood\/toode\/uhendusliitmik-13mm-1-2-gardena-micro-drip-3tk\/\"]}]},{\"@type\":\"ImageObject\",\"inLanguage\":\"et\",\"@id\":\"https:\/\/espak.ee\/epood\/toode\/uhendusliitmik-13mm-1-2-gardena-micro-drip-3tk\/#primaryimage\",\"url\":\"https:\/\/espak.ee\/epood\/wp-content\/uploads\/2023\/03\/TD-475940.jpg\",\"contentUrl\":\"https:\/\/espak.ee\/epood\/wp-content\/uploads\/2023\/03\/TD-475940.jpg\",\"width\":800,\"height\":800},{\"@type\":\"BreadcrumbList\",\"@id\":\"https:\/\/espak.ee\/epood\/toode\/uhendusliitmik-13mm-1-2-gardena-micro-drip-3tk\/#breadcrumb\",\"itemListElement\":[{\"@type\":\"ListItem\",\"position\":1,\"name\":\"Home\",\"item\":\"https:\/\/espak.ee\/epood\/\"},{\"@type\":\"ListItem\",\"position\":2,\"name\":\"Tootevalik\",\"item\":\"https:\/\/espak.ee\/epood\/tootevalik\/\"},{\"@type\":\"ListItem\",\"position\":3,\"name\":\"\u00dcHENDUSLIITMIK 13MM 1\/2&#8243; GARDENA MICRO-DRIP 3TK\"}]},{\"@type\":\"WebSite\",\"@id\":\"https:\/\/espak.ee\/epood\/#website\",\"url\":\"https:\/\/espak.ee\/epood\/\",\"name\":\"Espak E-pood\",\"description\":\"\",\"potentialAction\":[{\"@type\":\"SearchAction\",\"target\":{\"@type\":\"EntryPoint\",\"urlTemplate\":\"https:\/\/espak.ee\/epood\/?s={search_term_string}\"},\"query-input\":{\"@type\":\"PropertyValueSpecification\",\"valueRequired\":true,\"valueName\":\"search_term_string\"}}],\"inLanguage\":\"et\"}]}<\/script>\n<!-- \/ Yoast SEO plugin. -->","yoast_head_json":{"title":"\u00dcHENDUSLIITMIK 13MM 1\/2\" GARDENA MICRO-DRIP 3TK - Espak E-pood","robots":{"index":"index","follow":"follow","max-snippet":"max-snippet:-1","max-image-preview":"max-image-preview:large","max-video-preview":"max-video-preview:-1"},"canonical":"https:\/\/espak.ee\/epood\/toode\/uhendusliitmik-13mm-1-2-gardena-micro-drip-3tk\/","og_locale":"et_EE","og_type":"article","og_title":"\u00dcHENDUSLIITMIK 13MM 1\/2\" GARDENA MICRO-DRIP 3TK - Espak E-pood","og_url":"https:\/\/espak.ee\/epood\/toode\/uhendusliitmik-13mm-1-2-gardena-micro-drip-3tk\/","og_site_name":"Espak E-pood","article_modified_time":"2026-03-30T07:34:28+00:00","og_image":[{"width":800,"height":800,"url":"https:\/\/espak.ee\/epood\/wp-content\/uploads\/2023\/03\/TD-475940.jpg","type":"image\/jpeg"}],"twitter_card":"summary_large_image","twitter_misc":{"Est. reading time":"1 minut"},"schema":{"@context":"https:\/\/schema.org","@graph":[{"@type":"WebPage","@id":"https:\/\/espak.ee\/epood\/toode\/uhendusliitmik-13mm-1-2-gardena-micro-drip-3tk\/","url":"https:\/\/espak.ee\/epood\/toode\/uhendusliitmik-13mm-1-2-gardena-micro-drip-3tk\/","name":"\u00dcHENDUSLIITMIK 13MM 1\/2\" GARDENA MICRO-DRIP 3TK - Espak E-pood","isPartOf":{"@id":"https:\/\/espak.ee\/epood\/#website"},"primaryImageOfPage":{"@id":"https:\/\/espak.ee\/epood\/toode\/uhendusliitmik-13mm-1-2-gardena-micro-drip-3tk\/#primaryimage"},"image":{"@id":"https:\/\/espak.ee\/epood\/toode\/uhendusliitmik-13mm-1-2-gardena-micro-drip-3tk\/#primaryimage"},"thumbnailUrl":"https:\/\/espak.ee\/epood\/wp-content\/uploads\/2023\/03\/TD-475940.jpg","datePublished":"2023-03-08T10:55:32+00:00","dateModified":"2026-03-30T07:34:28+00:00","breadcrumb":{"@id":"https:\/\/espak.ee\/epood\/toode\/uhendusliitmik-13mm-1-2-gardena-micro-drip-3tk\/#breadcrumb"},"inLanguage":"et","potentialAction":[{"@type":"ReadAction","target":["https:\/\/espak.ee\/epood\/toode\/uhendusliitmik-13mm-1-2-gardena-micro-drip-3tk\/"]}]},{"@type":"ImageObject","inLanguage":"et","@id":"https:\/\/espak.ee\/epood\/toode\/uhendusliitmik-13mm-1-2-gardena-micro-drip-3tk\/#primaryimage","url":"https:\/\/espak.ee\/epood\/wp-content\/uploads\/2023\/03\/TD-475940.jpg","contentUrl":"https:\/\/espak.ee\/epood\/wp-content\/uploads\/2023\/03\/TD-475940.jpg","width":800,"height":800},{"@type":"BreadcrumbList","@id":"https:\/\/espak.ee\/epood\/toode\/uhendusliitmik-13mm-1-2-gardena-micro-drip-3tk\/#breadcrumb","itemListElement":[{"@type":"ListItem","position":1,"name":"Home","item":"https:\/\/espak.ee\/epood\/"},{"@type":"ListItem","position":2,"name":"Tootevalik","item":"https:\/\/espak.ee\/epood\/tootevalik\/"},{"@type":"ListItem","position":3,"name":"\u00dcHENDUSLIITMIK 13MM 1\/2&#8243; GARDENA MICRO-DRIP 3TK"}]},{"@type":"WebSite","@id":"https:\/\/espak.ee\/epood\/#website","url":"https:\/\/espak.ee\/epood\/","name":"Espak E-pood","description":"","potentialAction":[{"@type":"SearchAction","target":{"@type":"EntryPoint","urlTemplate":"https:\/\/espak.ee\/epood\/?s={search_term_string}"},"query-input":{"@type":"PropertyValueSpecification","valueRequired":true,"valueName":"search_term_string"}}],"inLanguage":"et"}]}},"_links":{"self":[{"href":"https:\/\/espak.ee\/epood\/wp-json\/wp\/v2\/product\/152204","targetHints":{"allow":["GET"]}}],"collection":[{"href":"https:\/\/espak.ee\/epood\/wp-json\/wp\/v2\/product"}],"about":[{"href":"https:\/\/espak.ee\/epood\/wp-json\/wp\/v2\/types\/product"}],"replies":[{"embeddable":true,"href":"https:\/\/espak.ee\/epood\/wp-json\/wp\/v2\/comments?post=152204"}],"wp:featuredmedia":[{"embeddable":true,"href":"https:\/\/espak.ee\/epood\/wp-json\/wp\/v2\/media\/152238"}],"wp:attachment":[{"href":"https:\/\/espak.ee\/epood\/wp-json\/wp\/v2\/media?parent=152204"}],"wp:term":[{"taxonomy":"product_brand","embeddable":true,"href":"https:\/\/espak.ee\/epood\/wp-json\/wp\/v2\/product_brand?post=152204"},{"taxonomy":"product_cat","embeddable":true,"href":"https:\/\/espak.ee\/epood\/wp-json\/wp\/v2\/product_cat?post=152204"},{"taxonomy":"product_tag","embeddable":true,"href":"https:\/\/espak.ee\/epood\/wp-json\/wp\/v2\/product_tag?post=152204"}],"curies":[{"name":"wp","href":"https:\/\/api.w.org\/{rel}","templated":true}]}}