{"id":152200,"date":"2023-03-08T12:51:04","date_gmt":"2023-03-08T10:51:04","guid":{"rendered":"https:\/\/espak.ee\/epood\/?post_type=product&#038;p=152200"},"modified":"2024-07-09T11:42:31","modified_gmt":"2024-07-09T08:42:31","slug":"veerohualandi-master-unit-100-gardena-micro-drip","status":"publish","type":"product","link":"https:\/\/espak.ee\/epood\/toode\/veerohualandi-master-unit-100-gardena-micro-drip\/","title":{"rendered":"VEER\u00d5HUALANDI MASTER UNIT 100 GARDENA MICRO-DRIP"},"content":{"rendered":"<div class=\"row\"  id=\"row-1176873125\">\n\n\t<div id=\"col-1161804880\" class=\"col medium-9 small-12 large-9\"  >\n\t\t\t\t<div class=\"col-inner\"  >\n\t\t\t\n\t\t\t\n<h2>Veer\u00f5hualandi Master Unit 1000 Gardena Micro-Drip<\/h2>\n<p>GARDENA Master Unit 1000 on ideaalne k\u00e4ivituskomponent GARDENA microtilk kastmiss\u00fcsteemile. See v\u00e4hendab usaldusv\u00e4\u00e4rselt torust tuleva vee survet umbes 1,5 baarini.<br \/>\n Praktiline veer\u00f5hualandi Master Unit on hea abivahend, et saaksite optimaalselt kasutada k\u00f5iki GARDENA microtilks\u00fcsteemiga \u00fchendatud tilgutipeasid, torusid ja pihustusotsikuid. Veevooluga umbes 1000 liitrit tunnis saate seda ideaalselt kasutada kastmiseks. Integreeritud filter vee eelfiltreerimiseks takistab mustuseosakeste sattumist Micro-Drip-System&#8217;i. Vajadusel saate selle filtri puhastamiseks lihtsalt eemaldada. T\u00e4nu \u00fchendusv\u00f5imalusele nii 4,6 mm (3\/16&#8243;) peavooliku kui ka 13 mm (1\/2&#8243;) \u00fchendusvooliku jaoks saab \u00fchendusdetaili ja adapteriga varustatud Master Unit 1000 paindlikult kasutada. T\u00e4nu patenteeritud Quick &#038; Easy \u00fchendustehnoloogiale saate k\u00f5iki komponente h\u00f5lpsalt \u00fchendada, paindlikult pikendada ja lihtsalt lahti v\u00f5tta.<br \/>\n Aiahooaja l\u00f5pus v\u00f5i k\u00fclmaohu korral saate veer\u00f5hualandi vaid m\u00f5ne sammuga s\u00fcsteemist eemaldada ja k\u00fclmakindlas kohas hoiustada. GARDENA kvaliteettoode Master Unit 1000 on valmistatud Euroopas. Micro-Drip-s\u00fcsteem.<br \/>\n Iga tilk loeb. Lihtne, t\u00e4pne, vett ja aega s\u00e4\u00e4stev kastmine.\n<\/p>\n\t\t<\/div>\n\t\t\t\t\t<\/div>\n\n\t\n\n\t<div id=\"col-1328418115\" class=\"col medium-3 small-12 large-3\"  >\n\t\t\t\t<div class=\"col-inner\"  >\n\t\t\t\n\t\t\t\n\t<div id=\"gap-2017459010\" class=\"gap-element clearfix\" style=\"display:block; height:auto;\">\n\t\t\n<style>\n#gap-2017459010 {\n  padding-top: 30px;\n}\n<\/style>\n\t<\/div>\n\t\n<div class=\"is-divider divider clearfix\" ><\/div>\n<p><strong>\u00dcksikasjalikuma n\u00f5u saamiseks v\u00f5tke \u00fchendust:<br \/><\/strong>Espak AS<br \/>Viadukti 42<br \/>11313<br \/>Tallinn<br \/>+372 6 512333<\/p>\n<div class=\"is-divider divider clearfix\" ><\/div>\n\t\t<\/div>\n\t\t\t\t\t<\/div>\n\n\t\n<\/div>\n","protected":false},"excerpt":{"rendered":"","protected":false},"featured_media":152248,"comment_status":"closed","ping_status":"closed","template":"","meta":[],"product_brand":[],"product_cat":[2789,2788,3280,3365],"product_tag":[],"class_list":{"0":"post-152200","1":"product","2":"type-product","3":"status-publish","4":"has-post-thumbnail","6":"product_cat-aiatarbed","7":"product_cat-aiatarbed-ja-kodukaubad","8":"product_cat-kastmistarvikud","9":"product_cat-vihmutid","10":"pa_kaubamark-husqvarna-eesti-ou","12":"first","13":"instock","14":"sale","15":"taxable","16":"shipping-taxable","17":"purchasable","18":"product-type-simple"},"yoast_head":"<!-- This site is optimized with the Yoast SEO plugin v26.9 - https:\/\/yoast.com\/product\/yoast-seo-wordpress\/ -->\n<title>VEER\u00d5HUALANDI MASTER UNIT 100 GARDENA MICRO-DRIP - Espak E-pood<\/title>\n<meta name=\"robots\" content=\"index, follow, max-snippet:-1, max-image-preview:large, max-video-preview:-1\" \/>\n<link rel=\"canonical\" href=\"https:\/\/espak.ee\/epood\/toode\/veerohualandi-master-unit-100-gardena-micro-drip\/\" \/>\n<meta property=\"og:locale\" content=\"et_EE\" \/>\n<meta property=\"og:type\" content=\"article\" \/>\n<meta property=\"og:title\" content=\"VEER\u00d5HUALANDI MASTER UNIT 100 GARDENA MICRO-DRIP - Espak E-pood\" \/>\n<meta property=\"og:url\" content=\"https:\/\/espak.ee\/epood\/toode\/veerohualandi-master-unit-100-gardena-micro-drip\/\" \/>\n<meta property=\"og:site_name\" content=\"Espak E-pood\" \/>\n<meta property=\"article:modified_time\" content=\"2024-07-09T08:42:31+00:00\" \/>\n<meta property=\"og:image\" content=\"https:\/\/espak.ee\/epood\/wp-content\/uploads\/2023\/03\/AK-521757.jpg\" \/>\n\t<meta property=\"og:image:width\" content=\"800\" \/>\n\t<meta property=\"og:image:height\" content=\"800\" \/>\n\t<meta property=\"og:image:type\" content=\"image\/jpeg\" \/>\n<meta name=\"twitter:card\" content=\"summary_large_image\" \/>\n<meta name=\"twitter:label1\" content=\"Est. reading time\" \/>\n\t<meta name=\"twitter:data1\" content=\"1 minut\" \/>\n<script type=\"application\/ld+json\" class=\"yoast-schema-graph\">{\"@context\":\"https:\/\/schema.org\",\"@graph\":[{\"@type\":\"WebPage\",\"@id\":\"https:\/\/espak.ee\/epood\/toode\/veerohualandi-master-unit-100-gardena-micro-drip\/\",\"url\":\"https:\/\/espak.ee\/epood\/toode\/veerohualandi-master-unit-100-gardena-micro-drip\/\",\"name\":\"VEER\u00d5HUALANDI MASTER UNIT 100 GARDENA MICRO-DRIP - Espak E-pood\",\"isPartOf\":{\"@id\":\"https:\/\/espak.ee\/epood\/#website\"},\"primaryImageOfPage\":{\"@id\":\"https:\/\/espak.ee\/epood\/toode\/veerohualandi-master-unit-100-gardena-micro-drip\/#primaryimage\"},\"image\":{\"@id\":\"https:\/\/espak.ee\/epood\/toode\/veerohualandi-master-unit-100-gardena-micro-drip\/#primaryimage\"},\"thumbnailUrl\":\"https:\/\/espak.ee\/epood\/wp-content\/uploads\/2023\/03\/AK-521757.jpg\",\"datePublished\":\"2023-03-08T10:51:04+00:00\",\"dateModified\":\"2024-07-09T08:42:31+00:00\",\"breadcrumb\":{\"@id\":\"https:\/\/espak.ee\/epood\/toode\/veerohualandi-master-unit-100-gardena-micro-drip\/#breadcrumb\"},\"inLanguage\":\"et\",\"potentialAction\":[{\"@type\":\"ReadAction\",\"target\":[\"https:\/\/espak.ee\/epood\/toode\/veerohualandi-master-unit-100-gardena-micro-drip\/\"]}]},{\"@type\":\"ImageObject\",\"inLanguage\":\"et\",\"@id\":\"https:\/\/espak.ee\/epood\/toode\/veerohualandi-master-unit-100-gardena-micro-drip\/#primaryimage\",\"url\":\"https:\/\/espak.ee\/epood\/wp-content\/uploads\/2023\/03\/AK-521757.jpg\",\"contentUrl\":\"https:\/\/espak.ee\/epood\/wp-content\/uploads\/2023\/03\/AK-521757.jpg\",\"width\":800,\"height\":800},{\"@type\":\"BreadcrumbList\",\"@id\":\"https:\/\/espak.ee\/epood\/toode\/veerohualandi-master-unit-100-gardena-micro-drip\/#breadcrumb\",\"itemListElement\":[{\"@type\":\"ListItem\",\"position\":1,\"name\":\"Home\",\"item\":\"https:\/\/espak.ee\/epood\/\"},{\"@type\":\"ListItem\",\"position\":2,\"name\":\"Tootevalik\",\"item\":\"https:\/\/espak.ee\/epood\/tootevalik\/\"},{\"@type\":\"ListItem\",\"position\":3,\"name\":\"VEER\u00d5HUALANDI MASTER UNIT 100 GARDENA MICRO-DRIP\"}]},{\"@type\":\"WebSite\",\"@id\":\"https:\/\/espak.ee\/epood\/#website\",\"url\":\"https:\/\/espak.ee\/epood\/\",\"name\":\"Espak E-pood\",\"description\":\"\",\"potentialAction\":[{\"@type\":\"SearchAction\",\"target\":{\"@type\":\"EntryPoint\",\"urlTemplate\":\"https:\/\/espak.ee\/epood\/?s={search_term_string}\"},\"query-input\":{\"@type\":\"PropertyValueSpecification\",\"valueRequired\":true,\"valueName\":\"search_term_string\"}}],\"inLanguage\":\"et\"}]}<\/script>\n<!-- \/ Yoast SEO plugin. -->","yoast_head_json":{"title":"VEER\u00d5HUALANDI MASTER UNIT 100 GARDENA MICRO-DRIP - Espak E-pood","robots":{"index":"index","follow":"follow","max-snippet":"max-snippet:-1","max-image-preview":"max-image-preview:large","max-video-preview":"max-video-preview:-1"},"canonical":"https:\/\/espak.ee\/epood\/toode\/veerohualandi-master-unit-100-gardena-micro-drip\/","og_locale":"et_EE","og_type":"article","og_title":"VEER\u00d5HUALANDI MASTER UNIT 100 GARDENA MICRO-DRIP - Espak E-pood","og_url":"https:\/\/espak.ee\/epood\/toode\/veerohualandi-master-unit-100-gardena-micro-drip\/","og_site_name":"Espak E-pood","article_modified_time":"2024-07-09T08:42:31+00:00","og_image":[{"width":800,"height":800,"url":"https:\/\/espak.ee\/epood\/wp-content\/uploads\/2023\/03\/AK-521757.jpg","type":"image\/jpeg"}],"twitter_card":"summary_large_image","twitter_misc":{"Est. reading time":"1 minut"},"schema":{"@context":"https:\/\/schema.org","@graph":[{"@type":"WebPage","@id":"https:\/\/espak.ee\/epood\/toode\/veerohualandi-master-unit-100-gardena-micro-drip\/","url":"https:\/\/espak.ee\/epood\/toode\/veerohualandi-master-unit-100-gardena-micro-drip\/","name":"VEER\u00d5HUALANDI MASTER UNIT 100 GARDENA MICRO-DRIP - Espak E-pood","isPartOf":{"@id":"https:\/\/espak.ee\/epood\/#website"},"primaryImageOfPage":{"@id":"https:\/\/espak.ee\/epood\/toode\/veerohualandi-master-unit-100-gardena-micro-drip\/#primaryimage"},"image":{"@id":"https:\/\/espak.ee\/epood\/toode\/veerohualandi-master-unit-100-gardena-micro-drip\/#primaryimage"},"thumbnailUrl":"https:\/\/espak.ee\/epood\/wp-content\/uploads\/2023\/03\/AK-521757.jpg","datePublished":"2023-03-08T10:51:04+00:00","dateModified":"2024-07-09T08:42:31+00:00","breadcrumb":{"@id":"https:\/\/espak.ee\/epood\/toode\/veerohualandi-master-unit-100-gardena-micro-drip\/#breadcrumb"},"inLanguage":"et","potentialAction":[{"@type":"ReadAction","target":["https:\/\/espak.ee\/epood\/toode\/veerohualandi-master-unit-100-gardena-micro-drip\/"]}]},{"@type":"ImageObject","inLanguage":"et","@id":"https:\/\/espak.ee\/epood\/toode\/veerohualandi-master-unit-100-gardena-micro-drip\/#primaryimage","url":"https:\/\/espak.ee\/epood\/wp-content\/uploads\/2023\/03\/AK-521757.jpg","contentUrl":"https:\/\/espak.ee\/epood\/wp-content\/uploads\/2023\/03\/AK-521757.jpg","width":800,"height":800},{"@type":"BreadcrumbList","@id":"https:\/\/espak.ee\/epood\/toode\/veerohualandi-master-unit-100-gardena-micro-drip\/#breadcrumb","itemListElement":[{"@type":"ListItem","position":1,"name":"Home","item":"https:\/\/espak.ee\/epood\/"},{"@type":"ListItem","position":2,"name":"Tootevalik","item":"https:\/\/espak.ee\/epood\/tootevalik\/"},{"@type":"ListItem","position":3,"name":"VEER\u00d5HUALANDI MASTER UNIT 100 GARDENA MICRO-DRIP"}]},{"@type":"WebSite","@id":"https:\/\/espak.ee\/epood\/#website","url":"https:\/\/espak.ee\/epood\/","name":"Espak E-pood","description":"","potentialAction":[{"@type":"SearchAction","target":{"@type":"EntryPoint","urlTemplate":"https:\/\/espak.ee\/epood\/?s={search_term_string}"},"query-input":{"@type":"PropertyValueSpecification","valueRequired":true,"valueName":"search_term_string"}}],"inLanguage":"et"}]}},"_links":{"self":[{"href":"https:\/\/espak.ee\/epood\/wp-json\/wp\/v2\/product\/152200","targetHints":{"allow":["GET"]}}],"collection":[{"href":"https:\/\/espak.ee\/epood\/wp-json\/wp\/v2\/product"}],"about":[{"href":"https:\/\/espak.ee\/epood\/wp-json\/wp\/v2\/types\/product"}],"replies":[{"embeddable":true,"href":"https:\/\/espak.ee\/epood\/wp-json\/wp\/v2\/comments?post=152200"}],"wp:featuredmedia":[{"embeddable":true,"href":"https:\/\/espak.ee\/epood\/wp-json\/wp\/v2\/media\/152248"}],"wp:attachment":[{"href":"https:\/\/espak.ee\/epood\/wp-json\/wp\/v2\/media?parent=152200"}],"wp:term":[{"taxonomy":"product_brand","embeddable":true,"href":"https:\/\/espak.ee\/epood\/wp-json\/wp\/v2\/product_brand?post=152200"},{"taxonomy":"product_cat","embeddable":true,"href":"https:\/\/espak.ee\/epood\/wp-json\/wp\/v2\/product_cat?post=152200"},{"taxonomy":"product_tag","embeddable":true,"href":"https:\/\/espak.ee\/epood\/wp-json\/wp\/v2\/product_tag?post=152200"}],"curies":[{"name":"wp","href":"https:\/\/api.w.org\/{rel}","templated":true}]}}