{"id":152182,"date":"2023-03-08T10:57:31","date_gmt":"2023-03-08T08:57:31","guid":{"rendered":"https:\/\/espak.ee\/epood\/?post_type=product&#038;p=152182"},"modified":"2024-05-04T20:47:56","modified_gmt":"2024-05-04T17:47:56","slug":"aiavoolik-gardena-comfort-highflex-19mm-50m","status":"publish","type":"product","link":"https:\/\/espak.ee\/epood\/toode\/aiavoolik-gardena-comfort-highflex-19mm-50m\/","title":{"rendered":"AIAVOOLIK GARDENA COMFORT HIGHFLEX 19MM 50M"},"content":{"rendered":"<div class=\"row\"  id=\"row-916514313\">\n\n\t<div id=\"col-1467797195\" class=\"col medium-9 small-12 large-9\"  >\n\t\t\t\t<div class=\"col-inner\"  >\n\t\t\t\n\t\t\t\n<h2>Comfort HighFlex voolik 19 mm, 50 m Gardena<\/h2>\n<p>GARDENA Comfort HighFLEX voolik Power Gripi profiiliga, mis kindlustab vooliku ja voolikuliitmiku t\u00e4iusliku \u00fchenduse. T\u00e4nu uuele tehnoloogiale lukustuvad need nagu hammasrattad. Power Gripi profiil v\u00f5imaldab seda, mida paljud aiaomanikud on juba ammu soovinud: usaldusv\u00e4\u00e4rne \u00fchendus ja t\u00e4iuslik hoidej\u00f5ud. K\u00f5rgema profiili positiivne k\u00f5rvalm\u00f5ju: voolikut on lihtsam kerida ja see jookseb h\u00e4sti. T\u00e4nu tihedale ja kvaliteetsele spiraalv\u00f5rgust tekstiilile, kus kaks spiraali t\u00f6\u00f6tavad vastassuundades, on voolik survekindel ja s\u00e4ilitab oma kuju, olles samas paindlikum kui Comfort FLEX voolik. See on v\u00f5imalik t\u00e4nu spiraalide suuremale tihedusele, mis muudab vooliku paindlikumaks ja h\u00f5lpsamini k\u00e4sitsetavaks. See ei l\u00e4he s\u00f5lme ega keerdu. Vajadusel saab seda t\u00e4iendada Original GARDENA System tarvikute ja toodetega. Need on ideaalsed vahendid, mille kasutamine aias on lihtne ja paindlik. See ei sisalda kahjulikke plastifikaatoreid (ftalaate) ega raskemetalle ning on loomulikult UV-kindel. T\u00e4nu paksudele seintele on see eriti tugev ja vastupidav. <\/p>\n<p>Purunemisr\u00f5hk: 30 bar<br \/>\nVooliku pikkus: 50 m<br \/>\nVooliku l\u00e4bim\u00f5\u00f5t: 19 mm<br \/>\nGardena garantii: 25-aastane garantii\n<\/p>\n\t\t<\/div>\n\t\t\t\t\t<\/div>\n\n\t\n\n\t<div id=\"col-326502887\" class=\"col medium-3 small-12 large-3\"  >\n\t\t\t\t<div class=\"col-inner\"  >\n\t\t\t\n\t\t\t\n\t<div id=\"gap-1866778592\" class=\"gap-element clearfix\" style=\"display:block; height:auto;\">\n\t\t\n<style>\n#gap-1866778592 {\n  padding-top: 30px;\n}\n<\/style>\n\t<\/div>\n\t\n<div class=\"is-divider divider clearfix\" ><\/div>\n<p><strong>\u00dcksikasjalikuma n\u00f5u saamiseks v\u00f5tke \u00fchendust:<br \/><\/strong>Espak AS<br \/>Viadukti 42<br \/>11313<br \/>Tallinn<br \/>+372 6 512333<\/p>\n<div class=\"is-divider divider clearfix\" ><\/div>\n\t\t<\/div>\n\t\t\t\t\t<\/div>\n\n\t\n<\/div>\n","protected":false},"excerpt":{"rendered":"","protected":false},"featured_media":152425,"comment_status":"closed","ping_status":"closed","template":"","meta":[],"product_brand":[],"product_cat":[2789,2788,3373,3372],"product_tag":[],"class_list":{"0":"post-152182","1":"product","2":"type-product","3":"status-publish","4":"has-post-thumbnail","6":"product_cat-aiatarbed","7":"product_cat-aiatarbed-ja-kodukaubad","8":"product_cat-kastmisvoolikud","9":"product_cat-voolikud","10":"pa_kaubamark-husqvarna-eesti-ou","12":"first","13":"instock","14":"sale","15":"taxable","16":"shipping-taxable","17":"purchasable","18":"product-type-simple"},"yoast_head":"<!-- This site is optimized with the Yoast SEO plugin v26.9 - https:\/\/yoast.com\/product\/yoast-seo-wordpress\/ -->\n<title>AIAVOOLIK GARDENA COMFORT HIGHFLEX 19MM 50M - Espak E-pood<\/title>\n<meta name=\"robots\" content=\"index, follow, max-snippet:-1, max-image-preview:large, max-video-preview:-1\" \/>\n<link rel=\"canonical\" href=\"https:\/\/espak.ee\/epood\/toode\/aiavoolik-gardena-comfort-highflex-19mm-50m\/\" \/>\n<meta property=\"og:locale\" content=\"et_EE\" \/>\n<meta property=\"og:type\" content=\"article\" \/>\n<meta property=\"og:title\" content=\"AIAVOOLIK GARDENA COMFORT HIGHFLEX 19MM 50M - Espak E-pood\" \/>\n<meta property=\"og:url\" content=\"https:\/\/espak.ee\/epood\/toode\/aiavoolik-gardena-comfort-highflex-19mm-50m\/\" \/>\n<meta property=\"og:site_name\" content=\"Espak E-pood\" \/>\n<meta property=\"article:modified_time\" content=\"2024-05-04T17:47:56+00:00\" \/>\n<meta property=\"og:image\" content=\"https:\/\/espak.ee\/epood\/wp-content\/uploads\/2023\/03\/GA110-1597.jpg\" \/>\n\t<meta property=\"og:image:width\" content=\"800\" \/>\n\t<meta property=\"og:image:height\" content=\"800\" \/>\n\t<meta property=\"og:image:type\" content=\"image\/jpeg\" \/>\n<meta name=\"twitter:card\" content=\"summary_large_image\" \/>\n<meta name=\"twitter:label1\" content=\"Est. reading time\" \/>\n\t<meta name=\"twitter:data1\" content=\"1 minut\" \/>\n<script type=\"application\/ld+json\" class=\"yoast-schema-graph\">{\"@context\":\"https:\/\/schema.org\",\"@graph\":[{\"@type\":\"WebPage\",\"@id\":\"https:\/\/espak.ee\/epood\/toode\/aiavoolik-gardena-comfort-highflex-19mm-50m\/\",\"url\":\"https:\/\/espak.ee\/epood\/toode\/aiavoolik-gardena-comfort-highflex-19mm-50m\/\",\"name\":\"AIAVOOLIK GARDENA COMFORT HIGHFLEX 19MM 50M - Espak E-pood\",\"isPartOf\":{\"@id\":\"https:\/\/espak.ee\/epood\/#website\"},\"primaryImageOfPage\":{\"@id\":\"https:\/\/espak.ee\/epood\/toode\/aiavoolik-gardena-comfort-highflex-19mm-50m\/#primaryimage\"},\"image\":{\"@id\":\"https:\/\/espak.ee\/epood\/toode\/aiavoolik-gardena-comfort-highflex-19mm-50m\/#primaryimage\"},\"thumbnailUrl\":\"https:\/\/espak.ee\/epood\/wp-content\/uploads\/2023\/03\/GA110-1597.jpg\",\"datePublished\":\"2023-03-08T08:57:31+00:00\",\"dateModified\":\"2024-05-04T17:47:56+00:00\",\"breadcrumb\":{\"@id\":\"https:\/\/espak.ee\/epood\/toode\/aiavoolik-gardena-comfort-highflex-19mm-50m\/#breadcrumb\"},\"inLanguage\":\"et\",\"potentialAction\":[{\"@type\":\"ReadAction\",\"target\":[\"https:\/\/espak.ee\/epood\/toode\/aiavoolik-gardena-comfort-highflex-19mm-50m\/\"]}]},{\"@type\":\"ImageObject\",\"inLanguage\":\"et\",\"@id\":\"https:\/\/espak.ee\/epood\/toode\/aiavoolik-gardena-comfort-highflex-19mm-50m\/#primaryimage\",\"url\":\"https:\/\/espak.ee\/epood\/wp-content\/uploads\/2023\/03\/GA110-1597.jpg\",\"contentUrl\":\"https:\/\/espak.ee\/epood\/wp-content\/uploads\/2023\/03\/GA110-1597.jpg\",\"width\":800,\"height\":800},{\"@type\":\"BreadcrumbList\",\"@id\":\"https:\/\/espak.ee\/epood\/toode\/aiavoolik-gardena-comfort-highflex-19mm-50m\/#breadcrumb\",\"itemListElement\":[{\"@type\":\"ListItem\",\"position\":1,\"name\":\"Home\",\"item\":\"https:\/\/espak.ee\/epood\/\"},{\"@type\":\"ListItem\",\"position\":2,\"name\":\"Tootevalik\",\"item\":\"https:\/\/espak.ee\/epood\/tootevalik\/\"},{\"@type\":\"ListItem\",\"position\":3,\"name\":\"AIAVOOLIK GARDENA COMFORT HIGHFLEX 19MM 50M\"}]},{\"@type\":\"WebSite\",\"@id\":\"https:\/\/espak.ee\/epood\/#website\",\"url\":\"https:\/\/espak.ee\/epood\/\",\"name\":\"Espak E-pood\",\"description\":\"\",\"potentialAction\":[{\"@type\":\"SearchAction\",\"target\":{\"@type\":\"EntryPoint\",\"urlTemplate\":\"https:\/\/espak.ee\/epood\/?s={search_term_string}\"},\"query-input\":{\"@type\":\"PropertyValueSpecification\",\"valueRequired\":true,\"valueName\":\"search_term_string\"}}],\"inLanguage\":\"et\"}]}<\/script>\n<!-- \/ Yoast SEO plugin. -->","yoast_head_json":{"title":"AIAVOOLIK GARDENA COMFORT HIGHFLEX 19MM 50M - Espak E-pood","robots":{"index":"index","follow":"follow","max-snippet":"max-snippet:-1","max-image-preview":"max-image-preview:large","max-video-preview":"max-video-preview:-1"},"canonical":"https:\/\/espak.ee\/epood\/toode\/aiavoolik-gardena-comfort-highflex-19mm-50m\/","og_locale":"et_EE","og_type":"article","og_title":"AIAVOOLIK GARDENA COMFORT HIGHFLEX 19MM 50M - Espak E-pood","og_url":"https:\/\/espak.ee\/epood\/toode\/aiavoolik-gardena-comfort-highflex-19mm-50m\/","og_site_name":"Espak E-pood","article_modified_time":"2024-05-04T17:47:56+00:00","og_image":[{"width":800,"height":800,"url":"https:\/\/espak.ee\/epood\/wp-content\/uploads\/2023\/03\/GA110-1597.jpg","type":"image\/jpeg"}],"twitter_card":"summary_large_image","twitter_misc":{"Est. reading time":"1 minut"},"schema":{"@context":"https:\/\/schema.org","@graph":[{"@type":"WebPage","@id":"https:\/\/espak.ee\/epood\/toode\/aiavoolik-gardena-comfort-highflex-19mm-50m\/","url":"https:\/\/espak.ee\/epood\/toode\/aiavoolik-gardena-comfort-highflex-19mm-50m\/","name":"AIAVOOLIK GARDENA COMFORT HIGHFLEX 19MM 50M - Espak E-pood","isPartOf":{"@id":"https:\/\/espak.ee\/epood\/#website"},"primaryImageOfPage":{"@id":"https:\/\/espak.ee\/epood\/toode\/aiavoolik-gardena-comfort-highflex-19mm-50m\/#primaryimage"},"image":{"@id":"https:\/\/espak.ee\/epood\/toode\/aiavoolik-gardena-comfort-highflex-19mm-50m\/#primaryimage"},"thumbnailUrl":"https:\/\/espak.ee\/epood\/wp-content\/uploads\/2023\/03\/GA110-1597.jpg","datePublished":"2023-03-08T08:57:31+00:00","dateModified":"2024-05-04T17:47:56+00:00","breadcrumb":{"@id":"https:\/\/espak.ee\/epood\/toode\/aiavoolik-gardena-comfort-highflex-19mm-50m\/#breadcrumb"},"inLanguage":"et","potentialAction":[{"@type":"ReadAction","target":["https:\/\/espak.ee\/epood\/toode\/aiavoolik-gardena-comfort-highflex-19mm-50m\/"]}]},{"@type":"ImageObject","inLanguage":"et","@id":"https:\/\/espak.ee\/epood\/toode\/aiavoolik-gardena-comfort-highflex-19mm-50m\/#primaryimage","url":"https:\/\/espak.ee\/epood\/wp-content\/uploads\/2023\/03\/GA110-1597.jpg","contentUrl":"https:\/\/espak.ee\/epood\/wp-content\/uploads\/2023\/03\/GA110-1597.jpg","width":800,"height":800},{"@type":"BreadcrumbList","@id":"https:\/\/espak.ee\/epood\/toode\/aiavoolik-gardena-comfort-highflex-19mm-50m\/#breadcrumb","itemListElement":[{"@type":"ListItem","position":1,"name":"Home","item":"https:\/\/espak.ee\/epood\/"},{"@type":"ListItem","position":2,"name":"Tootevalik","item":"https:\/\/espak.ee\/epood\/tootevalik\/"},{"@type":"ListItem","position":3,"name":"AIAVOOLIK GARDENA COMFORT HIGHFLEX 19MM 50M"}]},{"@type":"WebSite","@id":"https:\/\/espak.ee\/epood\/#website","url":"https:\/\/espak.ee\/epood\/","name":"Espak E-pood","description":"","potentialAction":[{"@type":"SearchAction","target":{"@type":"EntryPoint","urlTemplate":"https:\/\/espak.ee\/epood\/?s={search_term_string}"},"query-input":{"@type":"PropertyValueSpecification","valueRequired":true,"valueName":"search_term_string"}}],"inLanguage":"et"}]}},"_links":{"self":[{"href":"https:\/\/espak.ee\/epood\/wp-json\/wp\/v2\/product\/152182","targetHints":{"allow":["GET"]}}],"collection":[{"href":"https:\/\/espak.ee\/epood\/wp-json\/wp\/v2\/product"}],"about":[{"href":"https:\/\/espak.ee\/epood\/wp-json\/wp\/v2\/types\/product"}],"replies":[{"embeddable":true,"href":"https:\/\/espak.ee\/epood\/wp-json\/wp\/v2\/comments?post=152182"}],"wp:featuredmedia":[{"embeddable":true,"href":"https:\/\/espak.ee\/epood\/wp-json\/wp\/v2\/media\/152425"}],"wp:attachment":[{"href":"https:\/\/espak.ee\/epood\/wp-json\/wp\/v2\/media?parent=152182"}],"wp:term":[{"taxonomy":"product_brand","embeddable":true,"href":"https:\/\/espak.ee\/epood\/wp-json\/wp\/v2\/product_brand?post=152182"},{"taxonomy":"product_cat","embeddable":true,"href":"https:\/\/espak.ee\/epood\/wp-json\/wp\/v2\/product_cat?post=152182"},{"taxonomy":"product_tag","embeddable":true,"href":"https:\/\/espak.ee\/epood\/wp-json\/wp\/v2\/product_tag?post=152182"}],"curies":[{"name":"wp","href":"https:\/\/api.w.org\/{rel}","templated":true}]}}