{"id":152159,"date":"2023-03-08T01:43:02","date_gmt":"2023-03-07T23:43:02","guid":{"rendered":"https:\/\/espak.ee\/epood\/?post_type=product&#038;p=152159"},"modified":"2025-04-27T15:13:08","modified_gmt":"2025-04-27T12:13:08","slug":"spiraalvooliku-komplekt-10m-g4646-20-gardena","status":"publish","type":"product","link":"https:\/\/espak.ee\/epood\/toode\/spiraalvooliku-komplekt-10m-g4646-20-gardena\/","title":{"rendered":"SPIRAALVOOLIKU KOMPLEKT 10M G4646-20 GARDENA"},"content":{"rendered":"<div class=\"row\"  id=\"row-1667036569\">\n\n\t<div id=\"col-1248764324\" class=\"col medium-9 small-12 large-9\"  >\n\t\t\t\t<div class=\"col-inner\"  >\n\t\t\t\n\t\t\t\n<h2>Spiraalvoolikukomplekt 10 m Gardena<\/h2>\n<p>Spiraalvoolikukomplekt on mugav lahendus taimede kastmiseks r\u00f5dul, terrassil v\u00f5i v\u00e4ikeses aias. Voolik paigaldatakse seinale. P\u00e4rast kasutamist keritakse voolik automaatselt miinimumpikkusele kokku. Seega j\u00e4\u00e4b \u00e4ra vajadus voolikut kokku ja lahti rullida. Vooliku pikkus on 10 m, mis on ideaalne taimede kastmiseks v\u00e4ikesel alal.<br \/>\n Kaasasolev pulsspihusti istub h\u00e4sti pihku, veekogust saab sujuvalt reguleerida ning soovi korral v\u00f5ib p\u00e4\u00e4stiku fikseerida. GARDENA spiraalvoolikukomplekt on praktiline valmiss\u00fcsteem pisikeste paradiisiaedade niisutamiseks.<br \/>\n Sisaldab pulsspihustit (toote nr. 8120), keermestatud kraaniliitmikke (toote nr. 900, 901 ja 902) ning seinakinnitust.<\/p>\n\t\t<\/div>\n\t\t\t\t\t<\/div>\n\n\t\n\n\t<div id=\"col-1273541558\" class=\"col medium-3 small-12 large-3\"  >\n\t\t\t\t<div class=\"col-inner\"  >\n\t\t\t\n\t\t\t\n\t<div id=\"gap-785679043\" class=\"gap-element clearfix\" style=\"display:block; height:auto;\">\n\t\t\n<style>\n#gap-785679043 {\n  padding-top: 30px;\n}\n<\/style>\n\t<\/div>\n\t\n<div class=\"is-divider divider clearfix\" ><\/div>\n<p><strong>\u00dcksikasjalikuma n\u00f5u saamiseks v\u00f5tke \u00fchendust:<br \/><\/strong>Espak AS<br \/>Viadukti 42<br \/>11313<br \/>Tallinn<br \/>+372 6 512333<\/p>\n<div class=\"is-divider divider clearfix\" ><\/div>\n\t\t<\/div>\n\t\t\t\t\t<\/div>\n\n\t\n<\/div>\n","protected":false},"excerpt":{"rendered":"","protected":false},"featured_media":152311,"comment_status":"closed","ping_status":"closed","template":"","meta":[],"product_brand":[],"product_cat":[2789,2788,3280,4749],"product_tag":[],"class_list":{"0":"post-152159","1":"product","2":"type-product","3":"status-publish","4":"has-post-thumbnail","6":"product_cat-aiatarbed","7":"product_cat-aiatarbed-ja-kodukaubad","8":"product_cat-kastmistarvikud","9":"product_cat-voolikukarud","10":"pa_kaubamark-husqvarna-eesti-ou","12":"first","13":"instock","14":"sale","15":"taxable","16":"shipping-taxable","17":"purchasable","18":"product-type-simple"},"yoast_head":"<!-- This site is optimized with the Yoast SEO plugin v26.9 - https:\/\/yoast.com\/product\/yoast-seo-wordpress\/ -->\n<title>SPIRAALVOOLIKU KOMPLEKT 10M G4646-20 GARDENA - Espak E-pood<\/title>\n<meta name=\"robots\" content=\"index, follow, max-snippet:-1, max-image-preview:large, max-video-preview:-1\" \/>\n<link rel=\"canonical\" href=\"https:\/\/espak.ee\/epood\/toode\/spiraalvooliku-komplekt-10m-g4646-20-gardena\/\" \/>\n<meta property=\"og:locale\" content=\"et_EE\" \/>\n<meta property=\"og:type\" content=\"article\" \/>\n<meta property=\"og:title\" content=\"SPIRAALVOOLIKU KOMPLEKT 10M G4646-20 GARDENA - Espak E-pood\" \/>\n<meta property=\"og:url\" content=\"https:\/\/espak.ee\/epood\/toode\/spiraalvooliku-komplekt-10m-g4646-20-gardena\/\" \/>\n<meta property=\"og:site_name\" content=\"Espak E-pood\" \/>\n<meta property=\"article:modified_time\" content=\"2025-04-27T12:13:08+00:00\" \/>\n<meta property=\"og:image\" content=\"https:\/\/espak.ee\/epood\/wp-content\/uploads\/2023\/03\/GA110-1253.jpg\" \/>\n\t<meta property=\"og:image:width\" content=\"800\" \/>\n\t<meta property=\"og:image:height\" content=\"800\" \/>\n\t<meta property=\"og:image:type\" content=\"image\/jpeg\" \/>\n<meta name=\"twitter:card\" content=\"summary_large_image\" \/>\n<meta name=\"twitter:label1\" content=\"Est. reading time\" \/>\n\t<meta name=\"twitter:data1\" content=\"1 minut\" \/>\n<script type=\"application\/ld+json\" class=\"yoast-schema-graph\">{\"@context\":\"https:\/\/schema.org\",\"@graph\":[{\"@type\":\"WebPage\",\"@id\":\"https:\/\/espak.ee\/epood\/toode\/spiraalvooliku-komplekt-10m-g4646-20-gardena\/\",\"url\":\"https:\/\/espak.ee\/epood\/toode\/spiraalvooliku-komplekt-10m-g4646-20-gardena\/\",\"name\":\"SPIRAALVOOLIKU KOMPLEKT 10M G4646-20 GARDENA - Espak E-pood\",\"isPartOf\":{\"@id\":\"https:\/\/espak.ee\/epood\/#website\"},\"primaryImageOfPage\":{\"@id\":\"https:\/\/espak.ee\/epood\/toode\/spiraalvooliku-komplekt-10m-g4646-20-gardena\/#primaryimage\"},\"image\":{\"@id\":\"https:\/\/espak.ee\/epood\/toode\/spiraalvooliku-komplekt-10m-g4646-20-gardena\/#primaryimage\"},\"thumbnailUrl\":\"https:\/\/espak.ee\/epood\/wp-content\/uploads\/2023\/03\/GA110-1253.jpg\",\"datePublished\":\"2023-03-07T23:43:02+00:00\",\"dateModified\":\"2025-04-27T12:13:08+00:00\",\"breadcrumb\":{\"@id\":\"https:\/\/espak.ee\/epood\/toode\/spiraalvooliku-komplekt-10m-g4646-20-gardena\/#breadcrumb\"},\"inLanguage\":\"et\",\"potentialAction\":[{\"@type\":\"ReadAction\",\"target\":[\"https:\/\/espak.ee\/epood\/toode\/spiraalvooliku-komplekt-10m-g4646-20-gardena\/\"]}]},{\"@type\":\"ImageObject\",\"inLanguage\":\"et\",\"@id\":\"https:\/\/espak.ee\/epood\/toode\/spiraalvooliku-komplekt-10m-g4646-20-gardena\/#primaryimage\",\"url\":\"https:\/\/espak.ee\/epood\/wp-content\/uploads\/2023\/03\/GA110-1253.jpg\",\"contentUrl\":\"https:\/\/espak.ee\/epood\/wp-content\/uploads\/2023\/03\/GA110-1253.jpg\",\"width\":800,\"height\":800},{\"@type\":\"BreadcrumbList\",\"@id\":\"https:\/\/espak.ee\/epood\/toode\/spiraalvooliku-komplekt-10m-g4646-20-gardena\/#breadcrumb\",\"itemListElement\":[{\"@type\":\"ListItem\",\"position\":1,\"name\":\"Home\",\"item\":\"https:\/\/espak.ee\/epood\/\"},{\"@type\":\"ListItem\",\"position\":2,\"name\":\"Tootevalik\",\"item\":\"https:\/\/espak.ee\/epood\/tootevalik\/\"},{\"@type\":\"ListItem\",\"position\":3,\"name\":\"SPIRAALVOOLIKU KOMPLEKT 10M G4646-20 GARDENA\"}]},{\"@type\":\"WebSite\",\"@id\":\"https:\/\/espak.ee\/epood\/#website\",\"url\":\"https:\/\/espak.ee\/epood\/\",\"name\":\"Espak E-pood\",\"description\":\"\",\"potentialAction\":[{\"@type\":\"SearchAction\",\"target\":{\"@type\":\"EntryPoint\",\"urlTemplate\":\"https:\/\/espak.ee\/epood\/?s={search_term_string}\"},\"query-input\":{\"@type\":\"PropertyValueSpecification\",\"valueRequired\":true,\"valueName\":\"search_term_string\"}}],\"inLanguage\":\"et\"}]}<\/script>\n<!-- \/ Yoast SEO plugin. -->","yoast_head_json":{"title":"SPIRAALVOOLIKU KOMPLEKT 10M G4646-20 GARDENA - Espak E-pood","robots":{"index":"index","follow":"follow","max-snippet":"max-snippet:-1","max-image-preview":"max-image-preview:large","max-video-preview":"max-video-preview:-1"},"canonical":"https:\/\/espak.ee\/epood\/toode\/spiraalvooliku-komplekt-10m-g4646-20-gardena\/","og_locale":"et_EE","og_type":"article","og_title":"SPIRAALVOOLIKU KOMPLEKT 10M G4646-20 GARDENA - Espak E-pood","og_url":"https:\/\/espak.ee\/epood\/toode\/spiraalvooliku-komplekt-10m-g4646-20-gardena\/","og_site_name":"Espak E-pood","article_modified_time":"2025-04-27T12:13:08+00:00","og_image":[{"width":800,"height":800,"url":"https:\/\/espak.ee\/epood\/wp-content\/uploads\/2023\/03\/GA110-1253.jpg","type":"image\/jpeg"}],"twitter_card":"summary_large_image","twitter_misc":{"Est. reading time":"1 minut"},"schema":{"@context":"https:\/\/schema.org","@graph":[{"@type":"WebPage","@id":"https:\/\/espak.ee\/epood\/toode\/spiraalvooliku-komplekt-10m-g4646-20-gardena\/","url":"https:\/\/espak.ee\/epood\/toode\/spiraalvooliku-komplekt-10m-g4646-20-gardena\/","name":"SPIRAALVOOLIKU KOMPLEKT 10M G4646-20 GARDENA - Espak E-pood","isPartOf":{"@id":"https:\/\/espak.ee\/epood\/#website"},"primaryImageOfPage":{"@id":"https:\/\/espak.ee\/epood\/toode\/spiraalvooliku-komplekt-10m-g4646-20-gardena\/#primaryimage"},"image":{"@id":"https:\/\/espak.ee\/epood\/toode\/spiraalvooliku-komplekt-10m-g4646-20-gardena\/#primaryimage"},"thumbnailUrl":"https:\/\/espak.ee\/epood\/wp-content\/uploads\/2023\/03\/GA110-1253.jpg","datePublished":"2023-03-07T23:43:02+00:00","dateModified":"2025-04-27T12:13:08+00:00","breadcrumb":{"@id":"https:\/\/espak.ee\/epood\/toode\/spiraalvooliku-komplekt-10m-g4646-20-gardena\/#breadcrumb"},"inLanguage":"et","potentialAction":[{"@type":"ReadAction","target":["https:\/\/espak.ee\/epood\/toode\/spiraalvooliku-komplekt-10m-g4646-20-gardena\/"]}]},{"@type":"ImageObject","inLanguage":"et","@id":"https:\/\/espak.ee\/epood\/toode\/spiraalvooliku-komplekt-10m-g4646-20-gardena\/#primaryimage","url":"https:\/\/espak.ee\/epood\/wp-content\/uploads\/2023\/03\/GA110-1253.jpg","contentUrl":"https:\/\/espak.ee\/epood\/wp-content\/uploads\/2023\/03\/GA110-1253.jpg","width":800,"height":800},{"@type":"BreadcrumbList","@id":"https:\/\/espak.ee\/epood\/toode\/spiraalvooliku-komplekt-10m-g4646-20-gardena\/#breadcrumb","itemListElement":[{"@type":"ListItem","position":1,"name":"Home","item":"https:\/\/espak.ee\/epood\/"},{"@type":"ListItem","position":2,"name":"Tootevalik","item":"https:\/\/espak.ee\/epood\/tootevalik\/"},{"@type":"ListItem","position":3,"name":"SPIRAALVOOLIKU KOMPLEKT 10M G4646-20 GARDENA"}]},{"@type":"WebSite","@id":"https:\/\/espak.ee\/epood\/#website","url":"https:\/\/espak.ee\/epood\/","name":"Espak E-pood","description":"","potentialAction":[{"@type":"SearchAction","target":{"@type":"EntryPoint","urlTemplate":"https:\/\/espak.ee\/epood\/?s={search_term_string}"},"query-input":{"@type":"PropertyValueSpecification","valueRequired":true,"valueName":"search_term_string"}}],"inLanguage":"et"}]}},"_links":{"self":[{"href":"https:\/\/espak.ee\/epood\/wp-json\/wp\/v2\/product\/152159","targetHints":{"allow":["GET"]}}],"collection":[{"href":"https:\/\/espak.ee\/epood\/wp-json\/wp\/v2\/product"}],"about":[{"href":"https:\/\/espak.ee\/epood\/wp-json\/wp\/v2\/types\/product"}],"replies":[{"embeddable":true,"href":"https:\/\/espak.ee\/epood\/wp-json\/wp\/v2\/comments?post=152159"}],"wp:featuredmedia":[{"embeddable":true,"href":"https:\/\/espak.ee\/epood\/wp-json\/wp\/v2\/media\/152311"}],"wp:attachment":[{"href":"https:\/\/espak.ee\/epood\/wp-json\/wp\/v2\/media?parent=152159"}],"wp:term":[{"taxonomy":"product_brand","embeddable":true,"href":"https:\/\/espak.ee\/epood\/wp-json\/wp\/v2\/product_brand?post=152159"},{"taxonomy":"product_cat","embeddable":true,"href":"https:\/\/espak.ee\/epood\/wp-json\/wp\/v2\/product_cat?post=152159"},{"taxonomy":"product_tag","embeddable":true,"href":"https:\/\/espak.ee\/epood\/wp-json\/wp\/v2\/product_tag?post=152159"}],"curies":[{"name":"wp","href":"https:\/\/api.w.org\/{rel}","templated":true}]}}