{"id":151213,"date":"2023-03-01T00:28:29","date_gmt":"2023-02-28T22:28:29","guid":{"rendered":"https:\/\/espak.ee\/epood\/?post_type=product&#038;p=151213"},"modified":"2024-09-30T08:18:17","modified_gmt":"2024-09-30T05:18:17","slug":"klaasvill-isover-standard-35-150565870mm-344m2","status":"publish","type":"product","link":"https:\/\/espak.ee\/epood\/toode\/klaasvill-isover-standard-35-150565870mm-344m2\/","title":{"rendered":"KLAASVILL ISOVER STANDARD 35 150*565*870MM 3,44M2"},"content":{"rendered":"<div class=\"row\"  id=\"row-1664537915\">\n\n\t<div id=\"col-1757091338\" class=\"col medium-9 small-12 large-9\"  >\n\t\t\t\t<div class=\"col-inner\"  >\n\t\t\t\n\t\t\t\n<h3>Klaasvill ISOVER STANDARD 35<\/h3>\n<p>ISOVER STANDARD 35 tooted on pehmed pinnakatteta mineraalvillaplaadid. ISOVER STANDARD 35 on valmistatud anorgaanilisest ja keemiliselt neutraalsest materjalist ning ei sisalda korrosiooni p\u00f5hjustavaid komponente. ISOVER STANDARD 35 on l\u00f5hnatu, ei lagune ega paku soodsat kasvupinnast hallitusseentele. Vastab ehitusmaterjalide emissiooniklassile M1.<br \/>\nTooraineks enam kui 80% ulatuses taaskasutatud klaas. <\/p>\n<p><strong>Kasutamine<\/strong><br \/>\nISOVER STANDARD 35 kasutatakse peamiselt seinte, lagede ja p\u00f5randate soojusisolatsiooniks. Sobib k\u00f5igi puit-, metall- ja betoonkonstruktsioonide isoleerimiseks. ISOVER STANDARD 35 on ka v\u00e4ga hea heliisolaator. T\u00e4nu elastsusele liibub vill tihedalt konstruktsiooni vastu. 565 mm laiused plaadid on m\u00f5eldud paigaldamiseks puitkarkassi vahele (600 mm sammuga). 610 mm laiused plaadid on aga m\u00f5eldud paigaldamiseks metallkarkassi vahele. Kui sarikate samm on 900 mm, siis selliste sarikate vahe isoleerimiseks on m\u00f5eldud isolatsioon pikkusega 870 mm. Plaatide m\u00f5\u00f5dud on \u00fcldjuhul 565 x 870 mm (saadaval ka 565 x 1170 mm) v\u00f5i 610 x 1170 mm.<\/p>\n<p><strong>Paigaldus<\/strong><br \/>\nISOVER STANDARD 35 plaadid paigaldatakse enamasti puit- v\u00f5i metalls\u00f5restike vahele ilma lisakinnitusvahendeid kasutamata. Optimaalse soojusisolatsiooni tagamiseks peab isolatsioonimaterjal t\u00e4itma kogu selleks m\u00f5eldud ruumi. Seet\u00f5ttu peaksid isolatsioonimaterjali m\u00f5\u00f5tmed olema laiuses arvestuslikest m\u00f5\u00f5tudest veidi suuremad (10 kuni 15 mm). Samuti tuleb j\u00e4lgida, et villa paigaldamisel ei j\u00e4\u00e4ks nurkadesse ning servadesse t\u00fchimikke. Villa paksus tuleb valida vastavalt konstruktsiooni (prussi) paksusele ning soojustus peab asetsema k\u00f5ikjal karkassiga samal tasapinnal. Spetsiaalseid kinnitusvahendeid kasutades saab ISOVER STANDARD 35 plaate paigaldada ilma s\u00f5restikkonstruktsioonita. Konkreetse ehitise n\u00f5uetele vastamiseks tuleb paigaldamisel j\u00e4rgida projekteerija juhiseid.<\/p>\n<p><strong>Ladustamistingimused<\/strong><br \/>\nAvamata Multipakki v\u00f5ib ladustada v\u00e4litingimustes.Multipaki avamisel kaob ka ilmastikukindlus ning \u00fclej\u00e4\u00e4nud alusele j\u00e4\u00e4nud tooted tuleb pealtpoolt katta vett mittel\u00e4bilaskva kattega (kile v\u00f5i presendiga). Katmisel j\u00e4lgige, et vihmavesi ei p\u00e4\u00e4seks alusele j\u00e4\u00e4nud \u00fcksikpakkide vahele.Toodete ja pakendite k\u00e4sitlemisel tuleb j\u00e4rgida pakendil v\u00f5i tootja spetsiaalses kasutusjuhendis esitatud juhiseid.<\/p>\n\t\t<\/div>\n\t\t\t\t\t<\/div>\n\n\t\n\n\t<div id=\"col-2073222019\" class=\"col medium-3 small-12 large-3\"  >\n\t\t\t\t<div class=\"col-inner\"  >\n\t\t\t\n\t\t\t\n\t<div id=\"gap-1519150101\" class=\"gap-element clearfix\" style=\"display:block; height:auto;\">\n\t\t\n<style>\n#gap-1519150101 {\n  padding-top: 30px;\n}\n<\/style>\n\t<\/div>\n\t\n<h3>Tooteleht<\/h3>\n<p><a href=\"https:\/\/espak.ee\/epood\/wp-content\/uploads\/2023\/03\/ISOVER_STANDARD_35.pdf\"target=\"_blank\" rel=\"noopener noreferrer\"><i class=\"far fa-file-pdf\"><\/i> Tooteleht (PDF)<\/a><\/p>\n<h3>Ohutuskaart<\/h3>\n<p><a href=\"https:\/\/espak.ee\/epood\/wp-content\/uploads\/2021\/11\/isover_klaasvilla_ohutuskaart_27.02.2020_soome_tehased.pdf\"target=\"_blank\" rel=\"noopener noreferrer\"><i class=\"far fa-file-pdf\"><\/i> Ohutuskaart (PDF)<\/a><\/p>\n<h3>K\u00e4sitsemise juhised<\/h3>\n<p><a href=\"https:\/\/espak.ee\/epood\/wp-content\/uploads\/2021\/11\/kasitsemise_juhised-1.pdf\"target=\"_blank\" rel=\"noopener noreferrer\"><i class=\"far fa-file-pdf\"><\/i> K\u00e4sitsemise juhised (PDF)<\/a><\/p>\n<h3>Soojustuste tabel<\/h3>\n<p><a href=\"https:\/\/espak.ee\/epood\/wp-content\/uploads\/2023\/03\/isover_toodete_soojustakistuste_tabel_0.pdf\"target=\"_blank\" rel=\"noopener noreferrer\"><i class=\"far fa-file-pdf\"><\/i> Soojustuste tabel (PDF)<\/a><\/p>\n<h3>DoP<\/h3>\n<p><a href=\"https:\/\/espak.ee\/epood\/wp-content\/uploads\/2023\/03\/standard_35_dop_est.pdf\"target=\"_blank\" rel=\"noopener noreferrer\"><i class=\"far fa-file-pdf\"><\/i> DoP (PDF)<\/a><\/p>\n<div class=\"is-divider divider clearfix\" ><\/div>\n<p><strong>\u00dcksikasjalikuma n\u00f5u saamiseks v\u00f5tke \u00fchendust:<br \/><\/strong>SAINT-GOBAIN EESTI AS<br \/>Peterburi tee 75<br \/>Tallinn, 11415<br \/>Telefon: +372 6209 510<\/p>\n<div class=\"is-divider divider clearfix\" ><\/div>\n\t\t<\/div>\n\t\t\t\t\t<\/div>\n\n\t\n<\/div>\n","protected":false},"excerpt":{"rendered":"","protected":false},"featured_media":161672,"comment_status":"closed","ping_status":"closed","template":"","meta":[],"product_brand":[],"product_cat":[2718,3510,2697,3511],"product_tag":[],"class_list":{"0":"post-151213","1":"product","2":"type-product","3":"status-publish","4":"has-post-thumbnail","6":"product_cat-isolatsioonimaterjalid","7":"product_cat-klaasvill","8":"product_cat-uldehitus","9":"product_cat-uldotstarbeline-klaasvill","10":"pa_kaubamark-saint-gobain-ehitustooted-as","12":"first","13":"instock","14":"sale","15":"taxable","16":"shipping-taxable","17":"purchasable","18":"product-type-simple"},"yoast_head":"<!-- This site is optimized with the Yoast SEO plugin v26.9 - https:\/\/yoast.com\/product\/yoast-seo-wordpress\/ -->\n<title>KLAASVILL ISOVER STANDARD 35 150*565*870MM 3,44M2 - Espak E-pood<\/title>\n<meta name=\"robots\" content=\"index, follow, max-snippet:-1, max-image-preview:large, max-video-preview:-1\" \/>\n<link rel=\"canonical\" href=\"https:\/\/espak.ee\/epood\/toode\/klaasvill-isover-standard-35-150565870mm-344m2\/\" \/>\n<meta property=\"og:locale\" content=\"et_EE\" \/>\n<meta property=\"og:type\" content=\"article\" \/>\n<meta property=\"og:title\" content=\"KLAASVILL ISOVER STANDARD 35 150*565*870MM 3,44M2 - Espak E-pood\" \/>\n<meta property=\"og:url\" content=\"https:\/\/espak.ee\/epood\/toode\/klaasvill-isover-standard-35-150565870mm-344m2\/\" \/>\n<meta property=\"og:site_name\" content=\"Espak E-pood\" \/>\n<meta property=\"article:modified_time\" content=\"2024-09-30T05:18:17+00:00\" \/>\n<meta property=\"og:image\" content=\"https:\/\/espak.ee\/epood\/wp-content\/uploads\/2021\/11\/STANDARD-35.jpg\" \/>\n\t<meta property=\"og:image:width\" content=\"800\" \/>\n\t<meta property=\"og:image:height\" content=\"800\" \/>\n\t<meta property=\"og:image:type\" content=\"image\/jpeg\" \/>\n<meta name=\"twitter:card\" content=\"summary_large_image\" \/>\n<meta name=\"twitter:label1\" content=\"Est. reading time\" \/>\n\t<meta name=\"twitter:data1\" content=\"2 minutit\" \/>\n<script type=\"application\/ld+json\" class=\"yoast-schema-graph\">{\"@context\":\"https:\/\/schema.org\",\"@graph\":[{\"@type\":\"WebPage\",\"@id\":\"https:\/\/espak.ee\/epood\/toode\/klaasvill-isover-standard-35-150565870mm-344m2\/\",\"url\":\"https:\/\/espak.ee\/epood\/toode\/klaasvill-isover-standard-35-150565870mm-344m2\/\",\"name\":\"KLAASVILL ISOVER STANDARD 35 150*565*870MM 3,44M2 - Espak E-pood\",\"isPartOf\":{\"@id\":\"https:\/\/espak.ee\/epood\/#website\"},\"primaryImageOfPage\":{\"@id\":\"https:\/\/espak.ee\/epood\/toode\/klaasvill-isover-standard-35-150565870mm-344m2\/#primaryimage\"},\"image\":{\"@id\":\"https:\/\/espak.ee\/epood\/toode\/klaasvill-isover-standard-35-150565870mm-344m2\/#primaryimage\"},\"thumbnailUrl\":\"https:\/\/espak.ee\/epood\/wp-content\/uploads\/2021\/11\/STANDARD-35.jpg\",\"datePublished\":\"2023-02-28T22:28:29+00:00\",\"dateModified\":\"2024-09-30T05:18:17+00:00\",\"breadcrumb\":{\"@id\":\"https:\/\/espak.ee\/epood\/toode\/klaasvill-isover-standard-35-150565870mm-344m2\/#breadcrumb\"},\"inLanguage\":\"et\",\"potentialAction\":[{\"@type\":\"ReadAction\",\"target\":[\"https:\/\/espak.ee\/epood\/toode\/klaasvill-isover-standard-35-150565870mm-344m2\/\"]}]},{\"@type\":\"ImageObject\",\"inLanguage\":\"et\",\"@id\":\"https:\/\/espak.ee\/epood\/toode\/klaasvill-isover-standard-35-150565870mm-344m2\/#primaryimage\",\"url\":\"https:\/\/espak.ee\/epood\/wp-content\/uploads\/2021\/11\/STANDARD-35.jpg\",\"contentUrl\":\"https:\/\/espak.ee\/epood\/wp-content\/uploads\/2021\/11\/STANDARD-35.jpg\",\"width\":800,\"height\":800},{\"@type\":\"BreadcrumbList\",\"@id\":\"https:\/\/espak.ee\/epood\/toode\/klaasvill-isover-standard-35-150565870mm-344m2\/#breadcrumb\",\"itemListElement\":[{\"@type\":\"ListItem\",\"position\":1,\"name\":\"Home\",\"item\":\"https:\/\/espak.ee\/epood\/\"},{\"@type\":\"ListItem\",\"position\":2,\"name\":\"Tootevalik\",\"item\":\"https:\/\/espak.ee\/epood\/tootevalik\/\"},{\"@type\":\"ListItem\",\"position\":3,\"name\":\"KLAASVILL ISOVER STANDARD 35 150*565*870MM 3,44M2\"}]},{\"@type\":\"WebSite\",\"@id\":\"https:\/\/espak.ee\/epood\/#website\",\"url\":\"https:\/\/espak.ee\/epood\/\",\"name\":\"Espak E-pood\",\"description\":\"\",\"potentialAction\":[{\"@type\":\"SearchAction\",\"target\":{\"@type\":\"EntryPoint\",\"urlTemplate\":\"https:\/\/espak.ee\/epood\/?s={search_term_string}\"},\"query-input\":{\"@type\":\"PropertyValueSpecification\",\"valueRequired\":true,\"valueName\":\"search_term_string\"}}],\"inLanguage\":\"et\"}]}<\/script>\n<!-- \/ Yoast SEO plugin. -->","yoast_head_json":{"title":"KLAASVILL ISOVER STANDARD 35 150*565*870MM 3,44M2 - Espak E-pood","robots":{"index":"index","follow":"follow","max-snippet":"max-snippet:-1","max-image-preview":"max-image-preview:large","max-video-preview":"max-video-preview:-1"},"canonical":"https:\/\/espak.ee\/epood\/toode\/klaasvill-isover-standard-35-150565870mm-344m2\/","og_locale":"et_EE","og_type":"article","og_title":"KLAASVILL ISOVER STANDARD 35 150*565*870MM 3,44M2 - Espak E-pood","og_url":"https:\/\/espak.ee\/epood\/toode\/klaasvill-isover-standard-35-150565870mm-344m2\/","og_site_name":"Espak E-pood","article_modified_time":"2024-09-30T05:18:17+00:00","og_image":[{"width":800,"height":800,"url":"https:\/\/espak.ee\/epood\/wp-content\/uploads\/2021\/11\/STANDARD-35.jpg","type":"image\/jpeg"}],"twitter_card":"summary_large_image","twitter_misc":{"Est. reading time":"2 minutit"},"schema":{"@context":"https:\/\/schema.org","@graph":[{"@type":"WebPage","@id":"https:\/\/espak.ee\/epood\/toode\/klaasvill-isover-standard-35-150565870mm-344m2\/","url":"https:\/\/espak.ee\/epood\/toode\/klaasvill-isover-standard-35-150565870mm-344m2\/","name":"KLAASVILL ISOVER STANDARD 35 150*565*870MM 3,44M2 - Espak E-pood","isPartOf":{"@id":"https:\/\/espak.ee\/epood\/#website"},"primaryImageOfPage":{"@id":"https:\/\/espak.ee\/epood\/toode\/klaasvill-isover-standard-35-150565870mm-344m2\/#primaryimage"},"image":{"@id":"https:\/\/espak.ee\/epood\/toode\/klaasvill-isover-standard-35-150565870mm-344m2\/#primaryimage"},"thumbnailUrl":"https:\/\/espak.ee\/epood\/wp-content\/uploads\/2021\/11\/STANDARD-35.jpg","datePublished":"2023-02-28T22:28:29+00:00","dateModified":"2024-09-30T05:18:17+00:00","breadcrumb":{"@id":"https:\/\/espak.ee\/epood\/toode\/klaasvill-isover-standard-35-150565870mm-344m2\/#breadcrumb"},"inLanguage":"et","potentialAction":[{"@type":"ReadAction","target":["https:\/\/espak.ee\/epood\/toode\/klaasvill-isover-standard-35-150565870mm-344m2\/"]}]},{"@type":"ImageObject","inLanguage":"et","@id":"https:\/\/espak.ee\/epood\/toode\/klaasvill-isover-standard-35-150565870mm-344m2\/#primaryimage","url":"https:\/\/espak.ee\/epood\/wp-content\/uploads\/2021\/11\/STANDARD-35.jpg","contentUrl":"https:\/\/espak.ee\/epood\/wp-content\/uploads\/2021\/11\/STANDARD-35.jpg","width":800,"height":800},{"@type":"BreadcrumbList","@id":"https:\/\/espak.ee\/epood\/toode\/klaasvill-isover-standard-35-150565870mm-344m2\/#breadcrumb","itemListElement":[{"@type":"ListItem","position":1,"name":"Home","item":"https:\/\/espak.ee\/epood\/"},{"@type":"ListItem","position":2,"name":"Tootevalik","item":"https:\/\/espak.ee\/epood\/tootevalik\/"},{"@type":"ListItem","position":3,"name":"KLAASVILL ISOVER STANDARD 35 150*565*870MM 3,44M2"}]},{"@type":"WebSite","@id":"https:\/\/espak.ee\/epood\/#website","url":"https:\/\/espak.ee\/epood\/","name":"Espak E-pood","description":"","potentialAction":[{"@type":"SearchAction","target":{"@type":"EntryPoint","urlTemplate":"https:\/\/espak.ee\/epood\/?s={search_term_string}"},"query-input":{"@type":"PropertyValueSpecification","valueRequired":true,"valueName":"search_term_string"}}],"inLanguage":"et"}]}},"_links":{"self":[{"href":"https:\/\/espak.ee\/epood\/wp-json\/wp\/v2\/product\/151213","targetHints":{"allow":["GET"]}}],"collection":[{"href":"https:\/\/espak.ee\/epood\/wp-json\/wp\/v2\/product"}],"about":[{"href":"https:\/\/espak.ee\/epood\/wp-json\/wp\/v2\/types\/product"}],"replies":[{"embeddable":true,"href":"https:\/\/espak.ee\/epood\/wp-json\/wp\/v2\/comments?post=151213"}],"wp:featuredmedia":[{"embeddable":true,"href":"https:\/\/espak.ee\/epood\/wp-json\/wp\/v2\/media\/161672"}],"wp:attachment":[{"href":"https:\/\/espak.ee\/epood\/wp-json\/wp\/v2\/media?parent=151213"}],"wp:term":[{"taxonomy":"product_brand","embeddable":true,"href":"https:\/\/espak.ee\/epood\/wp-json\/wp\/v2\/product_brand?post=151213"},{"taxonomy":"product_cat","embeddable":true,"href":"https:\/\/espak.ee\/epood\/wp-json\/wp\/v2\/product_cat?post=151213"},{"taxonomy":"product_tag","embeddable":true,"href":"https:\/\/espak.ee\/epood\/wp-json\/wp\/v2\/product_tag?post=151213"}],"curies":[{"name":"wp","href":"https:\/\/api.w.org\/{rel}","templated":true}]}}