{"id":15103,"date":"2020-02-01T03:00:54","date_gmt":"2020-02-01T01:00:54","guid":{"rendered":"https:\/\/espak.ee\/hinnakiri\/?post_type=product&#038;p=15103"},"modified":"2025-11-01T20:01:08","modified_gmt":"2025-11-01T18:01:08","slug":"aurutokkemass-soudal-soudatight-lq-45kg","status":"publish","type":"product","link":"https:\/\/espak.ee\/epood\/toode\/aurutokkemass-soudal-soudatight-lq-45kg\/","title":{"rendered":"AURUT\u00d5KKEMASS SOUDAL SOUDATIGHT LQ 4,5KG MUST"},"content":{"rendered":"<div class=\"row\"  id=\"row-1416260155\">\n\n\t<div id=\"col-18860774\" class=\"col medium-9 small-12 large-9\"  >\n\t\t\t\t<div class=\"col-inner\"  >\n\t\t\t\n\t\t\t\n<h3>Aurut\u00f5kkemass Soudal Soudatight LQ 4,5kg must<\/h3>\n<p>Soudatight LQ  on k\u00f5rgekvaliteetne kiududega tugevdatud pol\u00fcmeerne pasta, milline peale kuivamist moodustab  \u00f5hu ja aurutiheda membraani.<\/p>\n<div class=\"message-box relative\" style=\"padding-top:15px;padding-bottom:15px;\"><div class=\"message-box-bg-image bg-fill fill\" ><\/div><div class=\"message-box-bg-overlay bg-fill fill\" ><\/div><div class=\"container relative\"><div class=\"inner last-reset\">\n<div class=\"row align-middle align-center\"  id=\"row-162860428\">\n\n\t<div id=\"col-1299784835\" class=\"col small-12 large-12\"  >\n\t\t\t\t<div class=\"col-inner text-left\"  >\n\t\t\t\n\t\t\t\n<h4>Omadused<\/h4>\n<div class=\"row\"  id=\"row-1465452186\">\n\n\t<div id=\"col-913837101\" class=\"col medium-6 small-12 large-6\"  >\n\t\t\t\t<div class=\"col-inner\"  >\n\t\t\t\n\t\t\t\n<p><i class=\"fa fa-check fa-2x\"><\/i><strong> T\u00e4nu tugevdamisele kiududega sobib kuni 2 mm pragude hermetiseerimiseks<\/strong><\/p>\n<p><strong><i class=\"fa fa-check fa-2x\"><\/i> V\u00e4ga hea nake paljude poorsete aluspindadega<\/strong><\/p>\n\t\t<\/div>\n\t\t\t\t\n<style>\n#col-913837101 > .col-inner {\n  margin: 0px 0px 15px 0px;\n}\n<\/style>\n\t<\/div>\n\n\t\n\n\t<div id=\"col-1595581861\" class=\"col medium-6 small-12 large-6\"  >\n\t\t\t\t<div class=\"col-inner\"  >\n\t\t\t\n\t\t\t\n<p><i class=\"fa fa-check fa-2x\"><\/i><strong> Vastupidav, peale kuivamist j\u00e4\u00e4valt elastne<\/strong><\/p>\n<p><strong><i class=\"fa fa-check fa-2x\"><\/i> Peale kuivamist \u00fclev\u00e4rvitav ja &#8211; krohvitav<\/strong><\/p>\n\t\t<\/div>\n\t\t\t\t\n<style>\n#col-1595581861 > .col-inner {\n  margin: 0px 0px 15px 0px;\n}\n<\/style>\n\t<\/div>\n\n\t\n<\/div>\n\t\t<\/div>\n\t\t\t\t\t<\/div>\n\n\t\n<\/div>\n<\/div><\/div><\/div>\n\t<div id=\"gap-182191160\" class=\"gap-element clearfix\" style=\"display:block; height:auto;\">\n\t\t\n<style>\n#gap-182191160 {\n  padding-top: 30px;\n}\n<\/style>\n\t<\/div>\n\t\n<p><strong>Kasutamine: <\/strong><br \/>\n\u00d5hu ja aurukindla \u00fchenduse tagamiseks akna\u00fchendustel, p\u00f5randa ja seina ning seina ja laevahelistel \u00fchendustel, katuse\u00fchendustel.<\/p>\n<p>Enne kasutamist tuleb materjal aklimatiseerida  toatempertuurile. Enne kasutamist hoolikalt segada. Kanna pasta lahjendamata \u00fchtlase kihina pintsli abil pinnale. Vajadusel kanna pinnale mitme kihina. S\u00f5ltuvalt aluspinnapoorsusest v\u00f5ib teise kihi pinnale kanda umbes 1 tunni p\u00e4rast.<br \/>\nPuhastamine: Kuivamata materjali saab eemaldada veega.<br \/>\n Parandamine: Soudatight LQ.\n<\/p>\n\t\t<\/div>\n\t\t\t\t\t<\/div>\n\n\t\n\n\t<div id=\"col-708721241\" class=\"col medium-3 small-12 large-3\"  >\n\t\t\t\t<div class=\"col-inner\"  >\n\t\t\t\n\t\t\t\n\t<div id=\"gap-784362668\" class=\"gap-element clearfix\" style=\"display:block; height:auto;\">\n\t\t\n<style>\n#gap-784362668 {\n  padding-top: 30px;\n}\n<\/style>\n\t<\/div>\n\t\n<h3>Tehniline informatsioon<\/h3>\n<p><a href=\"https:\/\/espak.ee\/epood\/wp-content\/uploads\/2020\/02\/Soudatight_LQ.pdf\"target=\"_blank\" rel=\"noopener noreferrer\"><i class=\"far fa-file-pdf\"><\/i> Tehniline info (PDF)<\/a><\/p>\n<h3>Ohutuskaart<\/h3>\n<p><a href=\"https:\/\/espak.ee\/epood\/wp-content\/uploads\/2020\/02\/F0043215_0001.pdf\"target=\"_blank\" rel=\"noopener noreferrer\"><i class=\"far fa-file-pdf\"><\/i> Ohutuskaart (PDF)<\/a><\/p>\n<div class=\"is-divider divider clearfix\" ><\/div>\n<p><strong>\u00dcksikasjalikuma n\u00f5u saamiseks v\u00f5tke \u00fchendust:<br \/><\/strong>SOUDAL AS\ufeff<br \/>Haraka tn. 5<br \/>11311<br \/>Tallinn<br \/>+ 372 655 1851<\/p>\n\t\t<\/div>\n\t\t\t\t\t<\/div>\n\n\t\n<\/div>\n","protected":false},"excerpt":{"rendered":"","protected":false},"featured_media":109219,"comment_status":"closed","ping_status":"closed","template":"","meta":[],"product_brand":[],"product_cat":[2703,2708,2709,2683],"product_tag":[],"class_list":{"0":"post-15103","1":"product","2":"type-product","3":"status-publish","4":"has-post-thumbnail","6":"product_cat-ehituskeemia","7":"product_cat-hermeetikud","8":"product_cat-tihendusmassid","9":"product_cat-viimistluskaubad","10":"pa_kaubamark-soudal-as","12":"first","13":"instock","14":"sale","15":"taxable","16":"shipping-taxable","17":"purchasable","18":"product-type-simple"},"yoast_head":"<!-- This site is optimized with the Yoast SEO plugin v26.9 - https:\/\/yoast.com\/product\/yoast-seo-wordpress\/ -->\n<title>AURUT\u00d5KKEMASS SOUDAL SOUDATIGHT LQ 4,5KG MUST - Espak E-pood<\/title>\n<meta name=\"robots\" content=\"index, follow, max-snippet:-1, max-image-preview:large, max-video-preview:-1\" \/>\n<link rel=\"canonical\" href=\"https:\/\/espak.ee\/epood\/toode\/aurutokkemass-soudal-soudatight-lq-45kg\/\" \/>\n<meta property=\"og:locale\" content=\"et_EE\" \/>\n<meta property=\"og:type\" content=\"article\" \/>\n<meta property=\"og:title\" content=\"AURUT\u00d5KKEMASS SOUDAL SOUDATIGHT LQ 4,5KG MUST - Espak E-pood\" \/>\n<meta property=\"og:url\" content=\"https:\/\/espak.ee\/epood\/toode\/aurutokkemass-soudal-soudatight-lq-45kg\/\" \/>\n<meta property=\"og:site_name\" content=\"Espak E-pood\" \/>\n<meta property=\"article:modified_time\" content=\"2025-11-01T18:01:08+00:00\" \/>\n<meta property=\"og:image\" content=\"https:\/\/espak.ee\/epood\/wp-content\/uploads\/2020\/02\/SoudalightLQ_5kg-2.jpg\" \/>\n\t<meta property=\"og:image:width\" content=\"1000\" \/>\n\t<meta property=\"og:image:height\" content=\"1000\" \/>\n\t<meta property=\"og:image:type\" content=\"image\/jpeg\" \/>\n<meta name=\"twitter:card\" content=\"summary_large_image\" \/>\n<meta name=\"twitter:label1\" content=\"Est. reading time\" \/>\n\t<meta name=\"twitter:data1\" content=\"1 minut\" \/>\n<script type=\"application\/ld+json\" class=\"yoast-schema-graph\">{\"@context\":\"https:\/\/schema.org\",\"@graph\":[{\"@type\":\"WebPage\",\"@id\":\"https:\/\/espak.ee\/epood\/toode\/aurutokkemass-soudal-soudatight-lq-45kg\/\",\"url\":\"https:\/\/espak.ee\/epood\/toode\/aurutokkemass-soudal-soudatight-lq-45kg\/\",\"name\":\"AURUT\u00d5KKEMASS SOUDAL SOUDATIGHT LQ 4,5KG MUST - Espak E-pood\",\"isPartOf\":{\"@id\":\"https:\/\/espak.ee\/epood\/#website\"},\"primaryImageOfPage\":{\"@id\":\"https:\/\/espak.ee\/epood\/toode\/aurutokkemass-soudal-soudatight-lq-45kg\/#primaryimage\"},\"image\":{\"@id\":\"https:\/\/espak.ee\/epood\/toode\/aurutokkemass-soudal-soudatight-lq-45kg\/#primaryimage\"},\"thumbnailUrl\":\"https:\/\/espak.ee\/epood\/wp-content\/uploads\/2020\/02\/SoudalightLQ_5kg-2.jpg\",\"datePublished\":\"2020-02-01T01:00:54+00:00\",\"dateModified\":\"2025-11-01T18:01:08+00:00\",\"breadcrumb\":{\"@id\":\"https:\/\/espak.ee\/epood\/toode\/aurutokkemass-soudal-soudatight-lq-45kg\/#breadcrumb\"},\"inLanguage\":\"et\",\"potentialAction\":[{\"@type\":\"ReadAction\",\"target\":[\"https:\/\/espak.ee\/epood\/toode\/aurutokkemass-soudal-soudatight-lq-45kg\/\"]}]},{\"@type\":\"ImageObject\",\"inLanguage\":\"et\",\"@id\":\"https:\/\/espak.ee\/epood\/toode\/aurutokkemass-soudal-soudatight-lq-45kg\/#primaryimage\",\"url\":\"https:\/\/espak.ee\/epood\/wp-content\/uploads\/2020\/02\/SoudalightLQ_5kg-2.jpg\",\"contentUrl\":\"https:\/\/espak.ee\/epood\/wp-content\/uploads\/2020\/02\/SoudalightLQ_5kg-2.jpg\",\"width\":1000,\"height\":1000},{\"@type\":\"BreadcrumbList\",\"@id\":\"https:\/\/espak.ee\/epood\/toode\/aurutokkemass-soudal-soudatight-lq-45kg\/#breadcrumb\",\"itemListElement\":[{\"@type\":\"ListItem\",\"position\":1,\"name\":\"Home\",\"item\":\"https:\/\/espak.ee\/epood\/\"},{\"@type\":\"ListItem\",\"position\":2,\"name\":\"Tootevalik\",\"item\":\"https:\/\/espak.ee\/epood\/tootevalik\/\"},{\"@type\":\"ListItem\",\"position\":3,\"name\":\"AURUT\u00d5KKEMASS SOUDAL SOUDATIGHT LQ 4,5KG MUST\"}]},{\"@type\":\"WebSite\",\"@id\":\"https:\/\/espak.ee\/epood\/#website\",\"url\":\"https:\/\/espak.ee\/epood\/\",\"name\":\"Espak E-pood\",\"description\":\"\",\"potentialAction\":[{\"@type\":\"SearchAction\",\"target\":{\"@type\":\"EntryPoint\",\"urlTemplate\":\"https:\/\/espak.ee\/epood\/?s={search_term_string}\"},\"query-input\":{\"@type\":\"PropertyValueSpecification\",\"valueRequired\":true,\"valueName\":\"search_term_string\"}}],\"inLanguage\":\"et\"}]}<\/script>\n<!-- \/ Yoast SEO plugin. -->","yoast_head_json":{"title":"AURUT\u00d5KKEMASS SOUDAL SOUDATIGHT LQ 4,5KG MUST - Espak E-pood","robots":{"index":"index","follow":"follow","max-snippet":"max-snippet:-1","max-image-preview":"max-image-preview:large","max-video-preview":"max-video-preview:-1"},"canonical":"https:\/\/espak.ee\/epood\/toode\/aurutokkemass-soudal-soudatight-lq-45kg\/","og_locale":"et_EE","og_type":"article","og_title":"AURUT\u00d5KKEMASS SOUDAL SOUDATIGHT LQ 4,5KG MUST - Espak E-pood","og_url":"https:\/\/espak.ee\/epood\/toode\/aurutokkemass-soudal-soudatight-lq-45kg\/","og_site_name":"Espak E-pood","article_modified_time":"2025-11-01T18:01:08+00:00","og_image":[{"width":1000,"height":1000,"url":"https:\/\/espak.ee\/epood\/wp-content\/uploads\/2020\/02\/SoudalightLQ_5kg-2.jpg","type":"image\/jpeg"}],"twitter_card":"summary_large_image","twitter_misc":{"Est. reading time":"1 minut"},"schema":{"@context":"https:\/\/schema.org","@graph":[{"@type":"WebPage","@id":"https:\/\/espak.ee\/epood\/toode\/aurutokkemass-soudal-soudatight-lq-45kg\/","url":"https:\/\/espak.ee\/epood\/toode\/aurutokkemass-soudal-soudatight-lq-45kg\/","name":"AURUT\u00d5KKEMASS SOUDAL SOUDATIGHT LQ 4,5KG MUST - Espak E-pood","isPartOf":{"@id":"https:\/\/espak.ee\/epood\/#website"},"primaryImageOfPage":{"@id":"https:\/\/espak.ee\/epood\/toode\/aurutokkemass-soudal-soudatight-lq-45kg\/#primaryimage"},"image":{"@id":"https:\/\/espak.ee\/epood\/toode\/aurutokkemass-soudal-soudatight-lq-45kg\/#primaryimage"},"thumbnailUrl":"https:\/\/espak.ee\/epood\/wp-content\/uploads\/2020\/02\/SoudalightLQ_5kg-2.jpg","datePublished":"2020-02-01T01:00:54+00:00","dateModified":"2025-11-01T18:01:08+00:00","breadcrumb":{"@id":"https:\/\/espak.ee\/epood\/toode\/aurutokkemass-soudal-soudatight-lq-45kg\/#breadcrumb"},"inLanguage":"et","potentialAction":[{"@type":"ReadAction","target":["https:\/\/espak.ee\/epood\/toode\/aurutokkemass-soudal-soudatight-lq-45kg\/"]}]},{"@type":"ImageObject","inLanguage":"et","@id":"https:\/\/espak.ee\/epood\/toode\/aurutokkemass-soudal-soudatight-lq-45kg\/#primaryimage","url":"https:\/\/espak.ee\/epood\/wp-content\/uploads\/2020\/02\/SoudalightLQ_5kg-2.jpg","contentUrl":"https:\/\/espak.ee\/epood\/wp-content\/uploads\/2020\/02\/SoudalightLQ_5kg-2.jpg","width":1000,"height":1000},{"@type":"BreadcrumbList","@id":"https:\/\/espak.ee\/epood\/toode\/aurutokkemass-soudal-soudatight-lq-45kg\/#breadcrumb","itemListElement":[{"@type":"ListItem","position":1,"name":"Home","item":"https:\/\/espak.ee\/epood\/"},{"@type":"ListItem","position":2,"name":"Tootevalik","item":"https:\/\/espak.ee\/epood\/tootevalik\/"},{"@type":"ListItem","position":3,"name":"AURUT\u00d5KKEMASS SOUDAL SOUDATIGHT LQ 4,5KG MUST"}]},{"@type":"WebSite","@id":"https:\/\/espak.ee\/epood\/#website","url":"https:\/\/espak.ee\/epood\/","name":"Espak E-pood","description":"","potentialAction":[{"@type":"SearchAction","target":{"@type":"EntryPoint","urlTemplate":"https:\/\/espak.ee\/epood\/?s={search_term_string}"},"query-input":{"@type":"PropertyValueSpecification","valueRequired":true,"valueName":"search_term_string"}}],"inLanguage":"et"}]}},"_links":{"self":[{"href":"https:\/\/espak.ee\/epood\/wp-json\/wp\/v2\/product\/15103","targetHints":{"allow":["GET"]}}],"collection":[{"href":"https:\/\/espak.ee\/epood\/wp-json\/wp\/v2\/product"}],"about":[{"href":"https:\/\/espak.ee\/epood\/wp-json\/wp\/v2\/types\/product"}],"replies":[{"embeddable":true,"href":"https:\/\/espak.ee\/epood\/wp-json\/wp\/v2\/comments?post=15103"}],"wp:featuredmedia":[{"embeddable":true,"href":"https:\/\/espak.ee\/epood\/wp-json\/wp\/v2\/media\/109219"}],"wp:attachment":[{"href":"https:\/\/espak.ee\/epood\/wp-json\/wp\/v2\/media?parent=15103"}],"wp:term":[{"taxonomy":"product_brand","embeddable":true,"href":"https:\/\/espak.ee\/epood\/wp-json\/wp\/v2\/product_brand?post=15103"},{"taxonomy":"product_cat","embeddable":true,"href":"https:\/\/espak.ee\/epood\/wp-json\/wp\/v2\/product_cat?post=15103"},{"taxonomy":"product_tag","embeddable":true,"href":"https:\/\/espak.ee\/epood\/wp-json\/wp\/v2\/product_tag?post=15103"}],"curies":[{"name":"wp","href":"https:\/\/api.w.org\/{rel}","templated":true}]}}