{"id":15102,"date":"2020-01-31T03:00:38","date_gmt":"2020-01-31T01:00:38","guid":{"rendered":"https:\/\/espak.ee\/hinnakiri\/?post_type=product&#038;p=15102"},"modified":"2025-05-30T20:20:50","modified_gmt":"2025-05-30T17:20:50","slug":"liim-fix-all-turbo-125ml","status":"publish","type":"product","link":"https:\/\/espak.ee\/epood\/toode\/liim-fix-all-turbo-125ml\/","title":{"rendered":"LIIM FIX ALL TURBO 125ML"},"content":{"rendered":"<div class=\"row\"  id=\"row-871383962\">\n\n\t<div id=\"col-1922087083\" class=\"col medium-9 small-12 large-9\"  >\n\t\t\t\t<div class=\"col-inner\"  >\n\t\t\t\n\t\t\t\n<h3>H\u00fcbriidpol\u00fcmeer-liimhermeetik Fix All Turbo 125ml<\/h3>\n<p>\u00dclikiiresti k\u00f5venev elastne liim, millel on kiire tugevuse teke ja mis p\u00f5hineb Soudali enda SMX-pol\u00fcmeeri tehnoloogial. Igasuguseks liimimiseks erinevatele aluspindadele. Esmane \u00f5hukese kihiga loodav side 20 minuti m\u00f6\u00f6dudes. Sobib k\u00f5ikidele aluspindadele, isegi niisketele mittepoorsetele pindadele.<\/p>\n<div class=\"message-box relative\" style=\"padding-top:15px;padding-bottom:15px;\"><div class=\"message-box-bg-image bg-fill fill\" ><\/div><div class=\"message-box-bg-overlay bg-fill fill\" ><\/div><div class=\"container relative\"><div class=\"inner last-reset\">\n<div class=\"row align-middle align-center\"  id=\"row-1149334454\">\n\n\t<div id=\"col-873510387\" class=\"col small-12 large-12\"  >\n\t\t\t\t<div class=\"col-inner text-left\"  >\n\t\t\t\n\t\t\t\n<h4>Omadused<\/h4>\n<div class=\"row\"  id=\"row-2144411234\">\n\n\t<div id=\"col-571406837\" class=\"col medium-6 small-12 large-6\"  >\n\t\t\t\t<div class=\"col-inner\"  >\n\t\t\t\n\t\t\t\n<p><i class=\"far fa-check-circle fa-2x\"><\/i><strong>\u00a0Kiiresti t\u00f6\u00f6deldav ja v\u00e4ga kiire tugevuse tekkega juba \u00f5hukese liimikihiga ja ka poorsetel pindadel<\/strong><\/p>\n<p><strong><i class=\"far fa-check-circle fa-2x\"><\/i>\u00a0V\u00e4ga suur l\u00f5pptugevus\u00a0<\/strong><\/p>\n\t\t<\/div>\n\t\t\t\t\n<style>\n#col-571406837 > .col-inner {\n  margin: 0px 0px 15px 0px;\n}\n<\/style>\n\t<\/div>\n\n\t\n\n\t<div id=\"col-343115429\" class=\"col medium-6 small-12 large-6\"  >\n\t\t\t\t<div class=\"col-inner\"  >\n\t\t\t\n\t\t\t\n<p><i class=\"far fa-check-circle fa-2x\"><\/i><strong>\u00a0Hea ilmastiku- ja UV-kindlus<\/strong><\/p>\n<p><strong><i class=\"far fa-check-circle fa-2x\"><\/i>\u00a0\u00dclev\u00e4rvitav veep\u00f5histe toodetega <\/strong><\/p>\n\t\t<\/div>\n\t\t\t\t\n<style>\n#col-343115429 > .col-inner {\n  margin: 0px 0px 15px 0px;\n}\n<\/style>\n\t<\/div>\n\n\t\n<\/div>\n\t\t<\/div>\n\t\t\t\t\t<\/div>\n\n\t\n<\/div>\n<\/div><\/div><\/div>\n\t<div id=\"gap-1878603994\" class=\"gap-element clearfix\" style=\"display:block; height:auto;\">\n\t\t\n<style>\n#gap-1878603994 {\n  padding-top: 30px;\n}\n<\/style>\n\t<\/div>\n\t\n<h3>Kasutamise \u00fcksikasjad<\/h3>\n<p><strong>Rakendused: <\/strong>Erinevate ehitusmaterjalide liimimine ja paigaldamine poorsetele, mittepoorsetele ja isegi niisketele pindadele nagu klaas, kivi, puit, puitlaastplaat, metall, alumiinium, tsink, teras, RVS ja muud materjalid, keraamilised plaadid, looduslik kivi, betoon, krohv, s\u00fcnteetilised materjalid (v.a PE, PP ja PTFE), kork jne.<\/p>\n<p><strong>Pinnad: <\/strong>Pinnad ja materjalid peaksid olema puhtad ning tolmu- ja rasvavabad<br \/>\nLiimina kasutades kandke toode ribade v\u00f5i t\u00e4ppidena liimitavale pinnale, suruge materjal tugevalt aluspinnale ja j\u00e4tke kuivama<br \/>\nHermeetikuna kasutades kandke toode \u00fchtlaste ribadena pinnale ja siluge kohe tootega Soudal Joint Finish v\u00f5i seebilahusega<br \/>\nSobivaim kasutustemperatuur on +5 \u00b0C kuni +35 \u00b0C<br \/>\nL\u00f5pptugevus tekib 24 tundi p\u00e4rast pealekandmist<\/p>\n\t\t<\/div>\n\t\t\t\t\t<\/div>\n\n\t\n\n\t<div id=\"col-581719820\" class=\"col medium-3 small-12 large-3\"  >\n\t\t\t\t<div class=\"col-inner\"  >\n\t\t\t\n\t\t\t\n<div class=\"video video-fit mb\" style=\"padding-top:56.25%;\"><p><iframe title=\"Fix All Turbo - Tugev kiirliim\" width=\"1020\" height=\"574\" src=\"https:\/\/www.youtube.com\/embed\/tu4ZSHzGI2k?feature=oembed&#038;enablejsapi=1&#038;origin=https:\/\/espak.ee\" frameborder=\"0\" allow=\"accelerometer; autoplay; clipboard-write; encrypted-media; gyroscope; picture-in-picture; web-share\" referrerpolicy=\"strict-origin-when-cross-origin\" allowfullscreen><\/iframe><\/p>\n<\/div>\n\t<div id=\"gap-1277825913\" class=\"gap-element clearfix\" style=\"display:block; height:auto;\">\n\t\t\n<style>\n#gap-1277825913 {\n  padding-top: 30px;\n}\n<\/style>\n\t<\/div>\n\t\n<h3>Tehniline informatsioon<\/h3>\n<p><a href=\"https:\/\/espak.ee\/epood\/wp-content\/uploads\/2020\/01\/F0040111_0001.pdf\"target=\"_blank\" rel=\"noopener noreferrer\"><i class=\"far fa-file-pdf\"><\/i> Tehniline info (PDF)<\/a><\/p>\n<h3>Ohutuskaart<\/h3>\n<p><a href=\"https:\/\/espak.ee\/epood\/wp-content\/uploads\/2020\/01\/F0058386_0001.pdf\"target=\"_blank\" rel=\"noopener noreferrer\"><i class=\"far fa-file-pdf\"><\/i> Ohutuskaart (PDF)<\/a><\/p>\n<div class=\"is-divider divider clearfix\" ><\/div>\n<p><strong>\u00dcksikasjalikuma n\u00f5u saamiseks v\u00f5tke \u00fchendust:<br \/><\/strong>SOUDAL AS\ufeff<br \/>Haraka tn. 5<br \/>11311<br \/>Tallinn<br \/>+ 372 655 1851<\/p>\n\t\t<\/div>\n\t\t\t\t\t<\/div>\n\n\t\n<\/div>\n","protected":false},"excerpt":{"rendered":"","protected":false},"featured_media":206994,"comment_status":"closed","ping_status":"closed","template":"","meta":[],"product_brand":[],"product_cat":[2703,2706,2707,2683],"product_tag":[],"class_list":{"0":"post-15102","1":"product","2":"type-product","3":"status-publish","4":"has-post-thumbnail","6":"product_cat-ehituskeemia","7":"product_cat-liimid","8":"product_cat-universaalliimid","9":"product_cat-viimistluskaubad","10":"pa_kaubamark-soudal-as","12":"first","13":"instock","14":"sale","15":"taxable","16":"shipping-taxable","17":"purchasable","18":"product-type-simple"},"yoast_head":"<!-- This site is optimized with the Yoast SEO plugin v26.9 - https:\/\/yoast.com\/product\/yoast-seo-wordpress\/ -->\n<title>LIIM FIX ALL TURBO 125ML - Espak E-pood<\/title>\n<meta name=\"robots\" content=\"index, follow, max-snippet:-1, max-image-preview:large, max-video-preview:-1\" \/>\n<link rel=\"canonical\" href=\"https:\/\/espak.ee\/epood\/toode\/liim-fix-all-turbo-125ml\/\" \/>\n<meta property=\"og:locale\" content=\"et_EE\" \/>\n<meta property=\"og:type\" content=\"article\" \/>\n<meta property=\"og:title\" content=\"LIIM FIX ALL TURBO 125ML - Espak E-pood\" \/>\n<meta property=\"og:url\" content=\"https:\/\/espak.ee\/epood\/toode\/liim-fix-all-turbo-125ml\/\" \/>\n<meta property=\"og:site_name\" content=\"Espak E-pood\" \/>\n<meta property=\"article:modified_time\" content=\"2025-05-30T17:20:50+00:00\" \/>\n<meta property=\"og:image\" content=\"https:\/\/espak.ee\/epood\/wp-content\/uploads\/2020\/01\/E0021974-2.jpg\" \/>\n\t<meta property=\"og:image:width\" content=\"1000\" \/>\n\t<meta property=\"og:image:height\" content=\"1000\" \/>\n\t<meta property=\"og:image:type\" content=\"image\/jpeg\" \/>\n<meta name=\"twitter:card\" content=\"summary_large_image\" \/>\n<meta name=\"twitter:label1\" content=\"Est. reading time\" \/>\n\t<meta name=\"twitter:data1\" content=\"1 minut\" \/>\n<script type=\"application\/ld+json\" class=\"yoast-schema-graph\">{\"@context\":\"https:\/\/schema.org\",\"@graph\":[{\"@type\":\"WebPage\",\"@id\":\"https:\/\/espak.ee\/epood\/toode\/liim-fix-all-turbo-125ml\/\",\"url\":\"https:\/\/espak.ee\/epood\/toode\/liim-fix-all-turbo-125ml\/\",\"name\":\"LIIM FIX ALL TURBO 125ML - Espak E-pood\",\"isPartOf\":{\"@id\":\"https:\/\/espak.ee\/epood\/#website\"},\"primaryImageOfPage\":{\"@id\":\"https:\/\/espak.ee\/epood\/toode\/liim-fix-all-turbo-125ml\/#primaryimage\"},\"image\":{\"@id\":\"https:\/\/espak.ee\/epood\/toode\/liim-fix-all-turbo-125ml\/#primaryimage\"},\"thumbnailUrl\":\"https:\/\/espak.ee\/epood\/wp-content\/uploads\/2020\/01\/E0021974-2.jpg\",\"datePublished\":\"2020-01-31T01:00:38+00:00\",\"dateModified\":\"2025-05-30T17:20:50+00:00\",\"breadcrumb\":{\"@id\":\"https:\/\/espak.ee\/epood\/toode\/liim-fix-all-turbo-125ml\/#breadcrumb\"},\"inLanguage\":\"et\",\"potentialAction\":[{\"@type\":\"ReadAction\",\"target\":[\"https:\/\/espak.ee\/epood\/toode\/liim-fix-all-turbo-125ml\/\"]}]},{\"@type\":\"ImageObject\",\"inLanguage\":\"et\",\"@id\":\"https:\/\/espak.ee\/epood\/toode\/liim-fix-all-turbo-125ml\/#primaryimage\",\"url\":\"https:\/\/espak.ee\/epood\/wp-content\/uploads\/2020\/01\/E0021974-2.jpg\",\"contentUrl\":\"https:\/\/espak.ee\/epood\/wp-content\/uploads\/2020\/01\/E0021974-2.jpg\",\"width\":1000,\"height\":1000},{\"@type\":\"BreadcrumbList\",\"@id\":\"https:\/\/espak.ee\/epood\/toode\/liim-fix-all-turbo-125ml\/#breadcrumb\",\"itemListElement\":[{\"@type\":\"ListItem\",\"position\":1,\"name\":\"Home\",\"item\":\"https:\/\/espak.ee\/epood\/\"},{\"@type\":\"ListItem\",\"position\":2,\"name\":\"Tootevalik\",\"item\":\"https:\/\/espak.ee\/epood\/tootevalik\/\"},{\"@type\":\"ListItem\",\"position\":3,\"name\":\"LIIM FIX ALL TURBO 125ML\"}]},{\"@type\":\"WebSite\",\"@id\":\"https:\/\/espak.ee\/epood\/#website\",\"url\":\"https:\/\/espak.ee\/epood\/\",\"name\":\"Espak E-pood\",\"description\":\"\",\"potentialAction\":[{\"@type\":\"SearchAction\",\"target\":{\"@type\":\"EntryPoint\",\"urlTemplate\":\"https:\/\/espak.ee\/epood\/?s={search_term_string}\"},\"query-input\":{\"@type\":\"PropertyValueSpecification\",\"valueRequired\":true,\"valueName\":\"search_term_string\"}}],\"inLanguage\":\"et\"}]}<\/script>\n<!-- \/ Yoast SEO plugin. -->","yoast_head_json":{"title":"LIIM FIX ALL TURBO 125ML - Espak E-pood","robots":{"index":"index","follow":"follow","max-snippet":"max-snippet:-1","max-image-preview":"max-image-preview:large","max-video-preview":"max-video-preview:-1"},"canonical":"https:\/\/espak.ee\/epood\/toode\/liim-fix-all-turbo-125ml\/","og_locale":"et_EE","og_type":"article","og_title":"LIIM FIX ALL TURBO 125ML - Espak E-pood","og_url":"https:\/\/espak.ee\/epood\/toode\/liim-fix-all-turbo-125ml\/","og_site_name":"Espak E-pood","article_modified_time":"2025-05-30T17:20:50+00:00","og_image":[{"width":1000,"height":1000,"url":"https:\/\/espak.ee\/epood\/wp-content\/uploads\/2020\/01\/E0021974-2.jpg","type":"image\/jpeg"}],"twitter_card":"summary_large_image","twitter_misc":{"Est. reading time":"1 minut"},"schema":{"@context":"https:\/\/schema.org","@graph":[{"@type":"WebPage","@id":"https:\/\/espak.ee\/epood\/toode\/liim-fix-all-turbo-125ml\/","url":"https:\/\/espak.ee\/epood\/toode\/liim-fix-all-turbo-125ml\/","name":"LIIM FIX ALL TURBO 125ML - Espak E-pood","isPartOf":{"@id":"https:\/\/espak.ee\/epood\/#website"},"primaryImageOfPage":{"@id":"https:\/\/espak.ee\/epood\/toode\/liim-fix-all-turbo-125ml\/#primaryimage"},"image":{"@id":"https:\/\/espak.ee\/epood\/toode\/liim-fix-all-turbo-125ml\/#primaryimage"},"thumbnailUrl":"https:\/\/espak.ee\/epood\/wp-content\/uploads\/2020\/01\/E0021974-2.jpg","datePublished":"2020-01-31T01:00:38+00:00","dateModified":"2025-05-30T17:20:50+00:00","breadcrumb":{"@id":"https:\/\/espak.ee\/epood\/toode\/liim-fix-all-turbo-125ml\/#breadcrumb"},"inLanguage":"et","potentialAction":[{"@type":"ReadAction","target":["https:\/\/espak.ee\/epood\/toode\/liim-fix-all-turbo-125ml\/"]}]},{"@type":"ImageObject","inLanguage":"et","@id":"https:\/\/espak.ee\/epood\/toode\/liim-fix-all-turbo-125ml\/#primaryimage","url":"https:\/\/espak.ee\/epood\/wp-content\/uploads\/2020\/01\/E0021974-2.jpg","contentUrl":"https:\/\/espak.ee\/epood\/wp-content\/uploads\/2020\/01\/E0021974-2.jpg","width":1000,"height":1000},{"@type":"BreadcrumbList","@id":"https:\/\/espak.ee\/epood\/toode\/liim-fix-all-turbo-125ml\/#breadcrumb","itemListElement":[{"@type":"ListItem","position":1,"name":"Home","item":"https:\/\/espak.ee\/epood\/"},{"@type":"ListItem","position":2,"name":"Tootevalik","item":"https:\/\/espak.ee\/epood\/tootevalik\/"},{"@type":"ListItem","position":3,"name":"LIIM FIX ALL TURBO 125ML"}]},{"@type":"WebSite","@id":"https:\/\/espak.ee\/epood\/#website","url":"https:\/\/espak.ee\/epood\/","name":"Espak E-pood","description":"","potentialAction":[{"@type":"SearchAction","target":{"@type":"EntryPoint","urlTemplate":"https:\/\/espak.ee\/epood\/?s={search_term_string}"},"query-input":{"@type":"PropertyValueSpecification","valueRequired":true,"valueName":"search_term_string"}}],"inLanguage":"et"}]}},"_links":{"self":[{"href":"https:\/\/espak.ee\/epood\/wp-json\/wp\/v2\/product\/15102","targetHints":{"allow":["GET"]}}],"collection":[{"href":"https:\/\/espak.ee\/epood\/wp-json\/wp\/v2\/product"}],"about":[{"href":"https:\/\/espak.ee\/epood\/wp-json\/wp\/v2\/types\/product"}],"replies":[{"embeddable":true,"href":"https:\/\/espak.ee\/epood\/wp-json\/wp\/v2\/comments?post=15102"}],"wp:featuredmedia":[{"embeddable":true,"href":"https:\/\/espak.ee\/epood\/wp-json\/wp\/v2\/media\/206994"}],"wp:attachment":[{"href":"https:\/\/espak.ee\/epood\/wp-json\/wp\/v2\/media?parent=15102"}],"wp:term":[{"taxonomy":"product_brand","embeddable":true,"href":"https:\/\/espak.ee\/epood\/wp-json\/wp\/v2\/product_brand?post=15102"},{"taxonomy":"product_cat","embeddable":true,"href":"https:\/\/espak.ee\/epood\/wp-json\/wp\/v2\/product_cat?post=15102"},{"taxonomy":"product_tag","embeddable":true,"href":"https:\/\/espak.ee\/epood\/wp-json\/wp\/v2\/product_tag?post=15102"}],"curies":[{"name":"wp","href":"https:\/\/api.w.org\/{rel}","templated":true}]}}