{"id":150483,"date":"2023-02-21T01:11:01","date_gmt":"2023-02-20T23:11:01","guid":{"rendered":"https:\/\/espak.ee\/epood\/?post_type=product&#038;p=150483"},"modified":"2025-03-09T13:23:04","modified_gmt":"2025-03-09T11:23:04","slug":"klambripustol-rapid-r23","status":"publish","type":"product","link":"https:\/\/espak.ee\/epood\/toode\/klambripustol-rapid-r23\/","title":{"rendered":"KLAMBRIP\u00dcSTOL RAPID R23"},"content":{"rendered":"<div class=\"row\"  id=\"row-1969899983\">\n\n\t<div id=\"col-1306217559\" class=\"col medium-9 small-12 large-9\"  >\n\t\t\t\t<div class=\"col-inner\"  >\n\t\t\t\n\t\t\t\n<h3>Klambrip\u00fcstol Rapid R23<\/h3>\n<p>Kerge ja lihtsalt kasutatav metallist klambrip\u00fcstol professionaalseks t\u00f6\u00f6ks.<br \/>\nSee mudel sobib suurep\u00e4raselt v\u00e4iksemate k\u00e4tega kasutajatele ja seda saab kasutada erinevate \u00fclesannete jaoks, sealhulgas m\u00f6\u00f6bli polsterdamiseks v\u00f5i \u00f5hemate kangaste, naha, paberi, siltide kinnitamiseks.<br \/>\nSobivad klambrid t\u00fc\u00fcp 13 4-8 mm. <\/p>\n\t\t<\/div>\n\t\t\t\t\t<\/div>\n\n\t\n\n\t<div id=\"col-138844709\" class=\"col medium-3 small-12 large-3\"  >\n\t\t\t\t<div class=\"col-inner\"  >\n\t\t\t\n\t\t\t\n\t<div id=\"gap-1877773796\" class=\"gap-element clearfix\" style=\"display:block; height:auto;\">\n\t\t\n<style>\n#gap-1877773796 {\n  padding-top: 30px;\n}\n<\/style>\n\t<\/div>\n\t\n<img decoding=\"async\" src=\"https:\/\/espak.ee\/epood\/wp-content\/uploads\/2023\/02\/ra_Rapid_logo-300x165.png\" alt=\"\" width=\"300\" height=\"165\" class=\"alignnone size-medium wp-image-151850\" srcset=\"https:\/\/espak.ee\/epood\/wp-content\/uploads\/2023\/02\/ra_Rapid_logo-300x165.png 300w, https:\/\/espak.ee\/epood\/wp-content\/uploads\/2023\/02\/ra_Rapid_logo-500x275.png 500w, https:\/\/espak.ee\/epood\/wp-content\/uploads\/2023\/02\/ra_Rapid_logo-769x423.png 769w, https:\/\/espak.ee\/epood\/wp-content\/uploads\/2023\/02\/ra_Rapid_logo-1024x564.png 1024w, https:\/\/espak.ee\/epood\/wp-content\/uploads\/2023\/02\/ra_Rapid_logo-150x83.png 150w, https:\/\/espak.ee\/epood\/wp-content\/uploads\/2023\/02\/ra_Rapid_logo-768x423.png 768w, https:\/\/espak.ee\/epood\/wp-content\/uploads\/2023\/02\/ra_Rapid_logo.png 1379w\" sizes=\"(max-width: 300px) 100vw, 300px\" \/><br \/>\n<div class=\"is-divider divider clearfix\" ><\/div>\n<p><strong>\u00dcksikasjalikuma n\u00f5u saamiseks v\u00f5tke \u00fchendust:<br \/><\/strong>Espak AS<br \/>Viadukti 42<br \/>11313<br \/>Tallinn<br \/> T\u00f6\u00f6riista osakond +372 6512 335<br \/><a href=\"mailto:tooriist@espak.ee\">tooriist@espak.ee<\/a><\/p>\n\t\t<\/div>\n\t\t\t\t\t<\/div>\n\n\t\n<\/div>\n","protected":false},"excerpt":{"rendered":"","protected":false},"featured_media":151737,"comment_status":"closed","ping_status":"closed","template":"","meta":[],"product_brand":[],"product_cat":[2771,2954,3152,2679],"product_tag":[],"class_list":{"0":"post-150483","1":"product","2":"type-product","3":"status-publish","4":"has-post-thumbnail","6":"product_cat-kasitooriistad","7":"product_cat-kasitooriistad-kasitooriistad","8":"product_cat-klambriloojad","9":"product_cat-tooriistad","10":"pa_kaubamark-rapid","12":"first","13":"instock","14":"sale","15":"taxable","16":"shipping-taxable","17":"purchasable","18":"product-type-simple"},"yoast_head":"<!-- This site is optimized with the Yoast SEO plugin v26.9 - https:\/\/yoast.com\/product\/yoast-seo-wordpress\/ -->\n<title>KLAMBRIP\u00dcSTOL RAPID R23 - Espak E-pood<\/title>\n<meta name=\"robots\" content=\"index, follow, max-snippet:-1, max-image-preview:large, max-video-preview:-1\" \/>\n<link rel=\"canonical\" href=\"https:\/\/espak.ee\/epood\/toode\/klambripustol-rapid-r23\/\" \/>\n<meta property=\"og:locale\" content=\"et_EE\" \/>\n<meta property=\"og:type\" content=\"article\" \/>\n<meta property=\"og:title\" content=\"KLAMBRIP\u00dcSTOL RAPID R23 - Espak E-pood\" \/>\n<meta property=\"og:url\" content=\"https:\/\/espak.ee\/epood\/toode\/klambripustol-rapid-r23\/\" \/>\n<meta property=\"og:site_name\" content=\"Espak E-pood\" \/>\n<meta property=\"article:modified_time\" content=\"2025-03-09T11:23:04+00:00\" \/>\n<meta property=\"og:image\" content=\"https:\/\/espak.ee\/epood\/wp-content\/uploads\/2023\/02\/7313465104507.png\" \/>\n\t<meta property=\"og:image:width\" content=\"600\" \/>\n\t<meta property=\"og:image:height\" content=\"600\" \/>\n\t<meta property=\"og:image:type\" content=\"image\/png\" \/>\n<meta name=\"twitter:card\" content=\"summary_large_image\" \/>\n<script type=\"application\/ld+json\" class=\"yoast-schema-graph\">{\"@context\":\"https:\/\/schema.org\",\"@graph\":[{\"@type\":\"WebPage\",\"@id\":\"https:\/\/espak.ee\/epood\/toode\/klambripustol-rapid-r23\/\",\"url\":\"https:\/\/espak.ee\/epood\/toode\/klambripustol-rapid-r23\/\",\"name\":\"KLAMBRIP\u00dcSTOL RAPID R23 - Espak E-pood\",\"isPartOf\":{\"@id\":\"https:\/\/espak.ee\/epood\/#website\"},\"primaryImageOfPage\":{\"@id\":\"https:\/\/espak.ee\/epood\/toode\/klambripustol-rapid-r23\/#primaryimage\"},\"image\":{\"@id\":\"https:\/\/espak.ee\/epood\/toode\/klambripustol-rapid-r23\/#primaryimage\"},\"thumbnailUrl\":\"https:\/\/espak.ee\/epood\/wp-content\/uploads\/2023\/02\/7313465104507.png\",\"datePublished\":\"2023-02-20T23:11:01+00:00\",\"dateModified\":\"2025-03-09T11:23:04+00:00\",\"breadcrumb\":{\"@id\":\"https:\/\/espak.ee\/epood\/toode\/klambripustol-rapid-r23\/#breadcrumb\"},\"inLanguage\":\"et\",\"potentialAction\":[{\"@type\":\"ReadAction\",\"target\":[\"https:\/\/espak.ee\/epood\/toode\/klambripustol-rapid-r23\/\"]}]},{\"@type\":\"ImageObject\",\"inLanguage\":\"et\",\"@id\":\"https:\/\/espak.ee\/epood\/toode\/klambripustol-rapid-r23\/#primaryimage\",\"url\":\"https:\/\/espak.ee\/epood\/wp-content\/uploads\/2023\/02\/7313465104507.png\",\"contentUrl\":\"https:\/\/espak.ee\/epood\/wp-content\/uploads\/2023\/02\/7313465104507.png\",\"width\":600,\"height\":600},{\"@type\":\"BreadcrumbList\",\"@id\":\"https:\/\/espak.ee\/epood\/toode\/klambripustol-rapid-r23\/#breadcrumb\",\"itemListElement\":[{\"@type\":\"ListItem\",\"position\":1,\"name\":\"Home\",\"item\":\"https:\/\/espak.ee\/epood\/\"},{\"@type\":\"ListItem\",\"position\":2,\"name\":\"Tootevalik\",\"item\":\"https:\/\/espak.ee\/epood\/tootevalik\/\"},{\"@type\":\"ListItem\",\"position\":3,\"name\":\"KLAMBRIP\u00dcSTOL RAPID R23\"}]},{\"@type\":\"WebSite\",\"@id\":\"https:\/\/espak.ee\/epood\/#website\",\"url\":\"https:\/\/espak.ee\/epood\/\",\"name\":\"Espak E-pood\",\"description\":\"\",\"potentialAction\":[{\"@type\":\"SearchAction\",\"target\":{\"@type\":\"EntryPoint\",\"urlTemplate\":\"https:\/\/espak.ee\/epood\/?s={search_term_string}\"},\"query-input\":{\"@type\":\"PropertyValueSpecification\",\"valueRequired\":true,\"valueName\":\"search_term_string\"}}],\"inLanguage\":\"et\"}]}<\/script>\n<!-- \/ Yoast SEO plugin. -->","yoast_head_json":{"title":"KLAMBRIP\u00dcSTOL RAPID R23 - Espak E-pood","robots":{"index":"index","follow":"follow","max-snippet":"max-snippet:-1","max-image-preview":"max-image-preview:large","max-video-preview":"max-video-preview:-1"},"canonical":"https:\/\/espak.ee\/epood\/toode\/klambripustol-rapid-r23\/","og_locale":"et_EE","og_type":"article","og_title":"KLAMBRIP\u00dcSTOL RAPID R23 - Espak E-pood","og_url":"https:\/\/espak.ee\/epood\/toode\/klambripustol-rapid-r23\/","og_site_name":"Espak E-pood","article_modified_time":"2025-03-09T11:23:04+00:00","og_image":[{"width":600,"height":600,"url":"https:\/\/espak.ee\/epood\/wp-content\/uploads\/2023\/02\/7313465104507.png","type":"image\/png"}],"twitter_card":"summary_large_image","schema":{"@context":"https:\/\/schema.org","@graph":[{"@type":"WebPage","@id":"https:\/\/espak.ee\/epood\/toode\/klambripustol-rapid-r23\/","url":"https:\/\/espak.ee\/epood\/toode\/klambripustol-rapid-r23\/","name":"KLAMBRIP\u00dcSTOL RAPID R23 - Espak E-pood","isPartOf":{"@id":"https:\/\/espak.ee\/epood\/#website"},"primaryImageOfPage":{"@id":"https:\/\/espak.ee\/epood\/toode\/klambripustol-rapid-r23\/#primaryimage"},"image":{"@id":"https:\/\/espak.ee\/epood\/toode\/klambripustol-rapid-r23\/#primaryimage"},"thumbnailUrl":"https:\/\/espak.ee\/epood\/wp-content\/uploads\/2023\/02\/7313465104507.png","datePublished":"2023-02-20T23:11:01+00:00","dateModified":"2025-03-09T11:23:04+00:00","breadcrumb":{"@id":"https:\/\/espak.ee\/epood\/toode\/klambripustol-rapid-r23\/#breadcrumb"},"inLanguage":"et","potentialAction":[{"@type":"ReadAction","target":["https:\/\/espak.ee\/epood\/toode\/klambripustol-rapid-r23\/"]}]},{"@type":"ImageObject","inLanguage":"et","@id":"https:\/\/espak.ee\/epood\/toode\/klambripustol-rapid-r23\/#primaryimage","url":"https:\/\/espak.ee\/epood\/wp-content\/uploads\/2023\/02\/7313465104507.png","contentUrl":"https:\/\/espak.ee\/epood\/wp-content\/uploads\/2023\/02\/7313465104507.png","width":600,"height":600},{"@type":"BreadcrumbList","@id":"https:\/\/espak.ee\/epood\/toode\/klambripustol-rapid-r23\/#breadcrumb","itemListElement":[{"@type":"ListItem","position":1,"name":"Home","item":"https:\/\/espak.ee\/epood\/"},{"@type":"ListItem","position":2,"name":"Tootevalik","item":"https:\/\/espak.ee\/epood\/tootevalik\/"},{"@type":"ListItem","position":3,"name":"KLAMBRIP\u00dcSTOL RAPID R23"}]},{"@type":"WebSite","@id":"https:\/\/espak.ee\/epood\/#website","url":"https:\/\/espak.ee\/epood\/","name":"Espak E-pood","description":"","potentialAction":[{"@type":"SearchAction","target":{"@type":"EntryPoint","urlTemplate":"https:\/\/espak.ee\/epood\/?s={search_term_string}"},"query-input":{"@type":"PropertyValueSpecification","valueRequired":true,"valueName":"search_term_string"}}],"inLanguage":"et"}]}},"_links":{"self":[{"href":"https:\/\/espak.ee\/epood\/wp-json\/wp\/v2\/product\/150483","targetHints":{"allow":["GET"]}}],"collection":[{"href":"https:\/\/espak.ee\/epood\/wp-json\/wp\/v2\/product"}],"about":[{"href":"https:\/\/espak.ee\/epood\/wp-json\/wp\/v2\/types\/product"}],"replies":[{"embeddable":true,"href":"https:\/\/espak.ee\/epood\/wp-json\/wp\/v2\/comments?post=150483"}],"wp:featuredmedia":[{"embeddable":true,"href":"https:\/\/espak.ee\/epood\/wp-json\/wp\/v2\/media\/151737"}],"wp:attachment":[{"href":"https:\/\/espak.ee\/epood\/wp-json\/wp\/v2\/media?parent=150483"}],"wp:term":[{"taxonomy":"product_brand","embeddable":true,"href":"https:\/\/espak.ee\/epood\/wp-json\/wp\/v2\/product_brand?post=150483"},{"taxonomy":"product_cat","embeddable":true,"href":"https:\/\/espak.ee\/epood\/wp-json\/wp\/v2\/product_cat?post=150483"},{"taxonomy":"product_tag","embeddable":true,"href":"https:\/\/espak.ee\/epood\/wp-json\/wp\/v2\/product_tag?post=150483"}],"curies":[{"name":"wp","href":"https:\/\/api.w.org\/{rel}","templated":true}]}}