{"id":150030,"date":"2023-02-16T13:54:04","date_gmt":"2023-02-16T11:54:04","guid":{"rendered":"https:\/\/espak.ee\/epood\/?post_type=product&#038;p=150030"},"modified":"2024-07-01T08:07:36","modified_gmt":"2024-07-01T05:07:36","slug":"uhendusliitmik-46mm-gardena-micro-drip","status":"publish","type":"product","link":"https:\/\/espak.ee\/epood\/toode\/uhendusliitmik-46mm-gardena-micro-drip\/","title":{"rendered":"\u00dcHENDUSLIITMIK 4,6MM GARDENA MICRO-DRIP"},"content":{"rendered":"<div class=\"row\"  id=\"row-1198227681\">\n\n\t<div id=\"col-180657400\" class=\"col medium-9 small-12 large-9\"  >\n\t\t\t\t<div class=\"col-inner\"  >\n\t\t\t\n\t\t\t\n<h2>\u00dchendusliitmik 4,6 mm (3\/16&#8243;) 10 tk Gardena Micro-Drip<\/h2>\n<p>Kasutage GARDENA 4,6 mm (3\/16&#8243;) liitmik\u00fchendust Micro-Drip-System&#8217;is kahe 4,6 mm peavoolik lihtsaks \u00fchendamiseks v\u00f5i toru pikendamiseks. Valikuliselt toimib praktiline liitmik ka \u00fcleminekuna \u00fchendatud 13 mm \u00fchendusest. Toru 4,6 mm peavoolik k\u00fclge. Paigaldamine on mugav ja lihtne t\u00e4nu nutikale \u00fchendustehnoloogiale. Kasutage Micro-Drip-System&#8217;i j\u00e4tkusuutlikke komponente mitu korda ilma probleemideta, \u00fchendades need lihtsalt kokku, pikendades neid paindlikult ja eemaldades need t\u00e4nu Easy &#038; Flexible \u00fchendustehnoloogiale. \u00dchtlase veesurve ja usaldusv\u00e4\u00e4rselt veekindla MDS aia kastmise tagamiseks kasutage eraldi saadavat veer\u00f5hualaldit Master Unit 1000 (art. nr 13333-20) v\u00f5i veer\u00f5hualaldit Master Unit 2000 (art. nr. 13310-20). GARDENA praktiline liitmik 4,6 mm (3\/16&#8243;) on valmistatud Euroopas. Micro-Drip-s\u00fcsteem. Iga tilk loeb. Lihtne, t\u00e4pne, vett ja aega s\u00e4\u00e4stev kastmine.<\/p>\n\t\t<\/div>\n\t\t\t\t\t<\/div>\n\n\t\n\n\t<div id=\"col-41572540\" class=\"col medium-3 small-12 large-3\"  >\n\t\t\t\t<div class=\"col-inner\"  >\n\t\t\t\n\t\t\t\n\t<div id=\"gap-1004229002\" class=\"gap-element clearfix\" style=\"display:block; height:auto;\">\n\t\t\n<style>\n#gap-1004229002 {\n  padding-top: 30px;\n}\n<\/style>\n\t<\/div>\n\t\n<div class=\"is-divider divider clearfix\" ><\/div>\n<p><strong>\u00dcksikasjalikuma n\u00f5u saamiseks v\u00f5tke \u00fchendust:<br \/><\/strong>Espak AS<br \/>Viadukti 42<br \/>11313<br \/>Tallinn<br \/>+372 6 512333<\/p>\n<div class=\"is-divider divider clearfix\" ><\/div>\n\t\t<\/div>\n\t\t\t\t\t<\/div>\n\n\t\n<\/div>\n","protected":false},"excerpt":{"rendered":"","protected":false},"featured_media":151309,"comment_status":"closed","ping_status":"closed","template":"","meta":[],"product_brand":[],"product_cat":[2789,2788,3280,3365],"product_tag":[],"class_list":{"0":"post-150030","1":"product","2":"type-product","3":"status-publish","4":"has-post-thumbnail","6":"product_cat-aiatarbed","7":"product_cat-aiatarbed-ja-kodukaubad","8":"product_cat-kastmistarvikud","9":"product_cat-vihmutid","10":"pa_kaubamark-husqvarna-eesti-ou","12":"first","13":"instock","14":"sale","15":"taxable","16":"shipping-taxable","17":"purchasable","18":"product-type-simple"},"yoast_head":"<!-- This site is optimized with the Yoast SEO plugin v26.9 - https:\/\/yoast.com\/product\/yoast-seo-wordpress\/ -->\n<title>\u00dcHENDUSLIITMIK 4,6MM GARDENA MICRO-DRIP - Espak E-pood<\/title>\n<meta name=\"robots\" content=\"index, follow, max-snippet:-1, max-image-preview:large, max-video-preview:-1\" \/>\n<link rel=\"canonical\" href=\"https:\/\/espak.ee\/epood\/toode\/uhendusliitmik-46mm-gardena-micro-drip\/\" \/>\n<meta property=\"og:locale\" content=\"et_EE\" \/>\n<meta property=\"og:type\" content=\"article\" \/>\n<meta property=\"og:title\" content=\"\u00dcHENDUSLIITMIK 4,6MM GARDENA MICRO-DRIP - Espak E-pood\" \/>\n<meta property=\"og:url\" content=\"https:\/\/espak.ee\/epood\/toode\/uhendusliitmik-46mm-gardena-micro-drip\/\" \/>\n<meta property=\"og:site_name\" content=\"Espak E-pood\" \/>\n<meta property=\"article:modified_time\" content=\"2024-07-01T05:07:36+00:00\" \/>\n<meta property=\"og:image\" content=\"https:\/\/espak.ee\/epood\/wp-content\/uploads\/2023\/02\/YO-729640.jpg\" \/>\n\t<meta property=\"og:image:width\" content=\"800\" \/>\n\t<meta property=\"og:image:height\" content=\"800\" \/>\n\t<meta property=\"og:image:type\" content=\"image\/jpeg\" \/>\n<meta name=\"twitter:card\" content=\"summary_large_image\" \/>\n<meta name=\"twitter:label1\" content=\"Est. reading time\" \/>\n\t<meta name=\"twitter:data1\" content=\"1 minut\" \/>\n<script type=\"application\/ld+json\" class=\"yoast-schema-graph\">{\"@context\":\"https:\/\/schema.org\",\"@graph\":[{\"@type\":\"WebPage\",\"@id\":\"https:\/\/espak.ee\/epood\/toode\/uhendusliitmik-46mm-gardena-micro-drip\/\",\"url\":\"https:\/\/espak.ee\/epood\/toode\/uhendusliitmik-46mm-gardena-micro-drip\/\",\"name\":\"\u00dcHENDUSLIITMIK 4,6MM GARDENA MICRO-DRIP - Espak E-pood\",\"isPartOf\":{\"@id\":\"https:\/\/espak.ee\/epood\/#website\"},\"primaryImageOfPage\":{\"@id\":\"https:\/\/espak.ee\/epood\/toode\/uhendusliitmik-46mm-gardena-micro-drip\/#primaryimage\"},\"image\":{\"@id\":\"https:\/\/espak.ee\/epood\/toode\/uhendusliitmik-46mm-gardena-micro-drip\/#primaryimage\"},\"thumbnailUrl\":\"https:\/\/espak.ee\/epood\/wp-content\/uploads\/2023\/02\/YO-729640.jpg\",\"datePublished\":\"2023-02-16T11:54:04+00:00\",\"dateModified\":\"2024-07-01T05:07:36+00:00\",\"breadcrumb\":{\"@id\":\"https:\/\/espak.ee\/epood\/toode\/uhendusliitmik-46mm-gardena-micro-drip\/#breadcrumb\"},\"inLanguage\":\"et\",\"potentialAction\":[{\"@type\":\"ReadAction\",\"target\":[\"https:\/\/espak.ee\/epood\/toode\/uhendusliitmik-46mm-gardena-micro-drip\/\"]}]},{\"@type\":\"ImageObject\",\"inLanguage\":\"et\",\"@id\":\"https:\/\/espak.ee\/epood\/toode\/uhendusliitmik-46mm-gardena-micro-drip\/#primaryimage\",\"url\":\"https:\/\/espak.ee\/epood\/wp-content\/uploads\/2023\/02\/YO-729640.jpg\",\"contentUrl\":\"https:\/\/espak.ee\/epood\/wp-content\/uploads\/2023\/02\/YO-729640.jpg\",\"width\":800,\"height\":800},{\"@type\":\"BreadcrumbList\",\"@id\":\"https:\/\/espak.ee\/epood\/toode\/uhendusliitmik-46mm-gardena-micro-drip\/#breadcrumb\",\"itemListElement\":[{\"@type\":\"ListItem\",\"position\":1,\"name\":\"Home\",\"item\":\"https:\/\/espak.ee\/epood\/\"},{\"@type\":\"ListItem\",\"position\":2,\"name\":\"Tootevalik\",\"item\":\"https:\/\/espak.ee\/epood\/tootevalik\/\"},{\"@type\":\"ListItem\",\"position\":3,\"name\":\"\u00dcHENDUSLIITMIK 4,6MM GARDENA MICRO-DRIP\"}]},{\"@type\":\"WebSite\",\"@id\":\"https:\/\/espak.ee\/epood\/#website\",\"url\":\"https:\/\/espak.ee\/epood\/\",\"name\":\"Espak E-pood\",\"description\":\"\",\"potentialAction\":[{\"@type\":\"SearchAction\",\"target\":{\"@type\":\"EntryPoint\",\"urlTemplate\":\"https:\/\/espak.ee\/epood\/?s={search_term_string}\"},\"query-input\":{\"@type\":\"PropertyValueSpecification\",\"valueRequired\":true,\"valueName\":\"search_term_string\"}}],\"inLanguage\":\"et\"}]}<\/script>\n<!-- \/ Yoast SEO plugin. -->","yoast_head_json":{"title":"\u00dcHENDUSLIITMIK 4,6MM GARDENA MICRO-DRIP - Espak E-pood","robots":{"index":"index","follow":"follow","max-snippet":"max-snippet:-1","max-image-preview":"max-image-preview:large","max-video-preview":"max-video-preview:-1"},"canonical":"https:\/\/espak.ee\/epood\/toode\/uhendusliitmik-46mm-gardena-micro-drip\/","og_locale":"et_EE","og_type":"article","og_title":"\u00dcHENDUSLIITMIK 4,6MM GARDENA MICRO-DRIP - Espak E-pood","og_url":"https:\/\/espak.ee\/epood\/toode\/uhendusliitmik-46mm-gardena-micro-drip\/","og_site_name":"Espak E-pood","article_modified_time":"2024-07-01T05:07:36+00:00","og_image":[{"width":800,"height":800,"url":"https:\/\/espak.ee\/epood\/wp-content\/uploads\/2023\/02\/YO-729640.jpg","type":"image\/jpeg"}],"twitter_card":"summary_large_image","twitter_misc":{"Est. reading time":"1 minut"},"schema":{"@context":"https:\/\/schema.org","@graph":[{"@type":"WebPage","@id":"https:\/\/espak.ee\/epood\/toode\/uhendusliitmik-46mm-gardena-micro-drip\/","url":"https:\/\/espak.ee\/epood\/toode\/uhendusliitmik-46mm-gardena-micro-drip\/","name":"\u00dcHENDUSLIITMIK 4,6MM GARDENA MICRO-DRIP - Espak E-pood","isPartOf":{"@id":"https:\/\/espak.ee\/epood\/#website"},"primaryImageOfPage":{"@id":"https:\/\/espak.ee\/epood\/toode\/uhendusliitmik-46mm-gardena-micro-drip\/#primaryimage"},"image":{"@id":"https:\/\/espak.ee\/epood\/toode\/uhendusliitmik-46mm-gardena-micro-drip\/#primaryimage"},"thumbnailUrl":"https:\/\/espak.ee\/epood\/wp-content\/uploads\/2023\/02\/YO-729640.jpg","datePublished":"2023-02-16T11:54:04+00:00","dateModified":"2024-07-01T05:07:36+00:00","breadcrumb":{"@id":"https:\/\/espak.ee\/epood\/toode\/uhendusliitmik-46mm-gardena-micro-drip\/#breadcrumb"},"inLanguage":"et","potentialAction":[{"@type":"ReadAction","target":["https:\/\/espak.ee\/epood\/toode\/uhendusliitmik-46mm-gardena-micro-drip\/"]}]},{"@type":"ImageObject","inLanguage":"et","@id":"https:\/\/espak.ee\/epood\/toode\/uhendusliitmik-46mm-gardena-micro-drip\/#primaryimage","url":"https:\/\/espak.ee\/epood\/wp-content\/uploads\/2023\/02\/YO-729640.jpg","contentUrl":"https:\/\/espak.ee\/epood\/wp-content\/uploads\/2023\/02\/YO-729640.jpg","width":800,"height":800},{"@type":"BreadcrumbList","@id":"https:\/\/espak.ee\/epood\/toode\/uhendusliitmik-46mm-gardena-micro-drip\/#breadcrumb","itemListElement":[{"@type":"ListItem","position":1,"name":"Home","item":"https:\/\/espak.ee\/epood\/"},{"@type":"ListItem","position":2,"name":"Tootevalik","item":"https:\/\/espak.ee\/epood\/tootevalik\/"},{"@type":"ListItem","position":3,"name":"\u00dcHENDUSLIITMIK 4,6MM GARDENA MICRO-DRIP"}]},{"@type":"WebSite","@id":"https:\/\/espak.ee\/epood\/#website","url":"https:\/\/espak.ee\/epood\/","name":"Espak E-pood","description":"","potentialAction":[{"@type":"SearchAction","target":{"@type":"EntryPoint","urlTemplate":"https:\/\/espak.ee\/epood\/?s={search_term_string}"},"query-input":{"@type":"PropertyValueSpecification","valueRequired":true,"valueName":"search_term_string"}}],"inLanguage":"et"}]}},"_links":{"self":[{"href":"https:\/\/espak.ee\/epood\/wp-json\/wp\/v2\/product\/150030","targetHints":{"allow":["GET"]}}],"collection":[{"href":"https:\/\/espak.ee\/epood\/wp-json\/wp\/v2\/product"}],"about":[{"href":"https:\/\/espak.ee\/epood\/wp-json\/wp\/v2\/types\/product"}],"replies":[{"embeddable":true,"href":"https:\/\/espak.ee\/epood\/wp-json\/wp\/v2\/comments?post=150030"}],"wp:featuredmedia":[{"embeddable":true,"href":"https:\/\/espak.ee\/epood\/wp-json\/wp\/v2\/media\/151309"}],"wp:attachment":[{"href":"https:\/\/espak.ee\/epood\/wp-json\/wp\/v2\/media?parent=150030"}],"wp:term":[{"taxonomy":"product_brand","embeddable":true,"href":"https:\/\/espak.ee\/epood\/wp-json\/wp\/v2\/product_brand?post=150030"},{"taxonomy":"product_cat","embeddable":true,"href":"https:\/\/espak.ee\/epood\/wp-json\/wp\/v2\/product_cat?post=150030"},{"taxonomy":"product_tag","embeddable":true,"href":"https:\/\/espak.ee\/epood\/wp-json\/wp\/v2\/product_tag?post=150030"}],"curies":[{"name":"wp","href":"https:\/\/api.w.org\/{rel}","templated":true}]}}