{"id":150024,"date":"2023-02-16T13:52:50","date_gmt":"2023-02-16T11:52:50","guid":{"rendered":"https:\/\/espak.ee\/epood\/?post_type=product&#038;p=150024"},"modified":"2024-03-23T01:59:57","modified_gmt":"2024-03-22T23:59:57","slug":"vihmuti-micro-strip-loppuhendus-5tk-gardena-micro-drip","status":"publish","type":"product","link":"https:\/\/espak.ee\/epood\/toode\/vihmuti-micro-strip-loppuhendus-5tk-gardena-micro-drip\/","title":{"rendered":"VIHMUTI MICRO STRIP L\u00d5PP\u00dcHENDUS 5TK GARDENA MICRO-DRIP"},"content":{"rendered":"<div class=\"row\"  id=\"row-493574359\">\n\n\t<div id=\"col-653933456\" class=\"col medium-9 small-12 large-9\"  >\n\t\t\t\t<div class=\"col-inner\"  >\n\t\t\t\n\t\t\t\n<h2>Vihmuti Micro Strip l\u00f5pp\u00fchendus 5tk Gardena Micro-Drip<\/h2>\n<p>Kitsaste alade kastmiseks peene pihustusuduga.<\/p>\n<p>Kasutage GARDENA Micro Strip vihmutit, et peene pihustusudu abil optimaalselt veega varustada pikki kitsaid alasid, n\u00e4iteks eesaia piklikke lillepeenraid. Micro-Drip System tarviku pihustusraadius on 2,75 m ja pihustuslaius kuni 0,6 m. Paigaldamine on t\u00e4nu 13 mm \u00fchendusvoolikule v\u00e4ga lihtne, kasutades paigaldust\u00f6\u00f6riista v\u00f5i kasutades pihustusotsikute T-liitmikut. Micro Strip vihmuti saate paigaldada vaid m\u00f5ne lihtsa sammuga ja see on kasutusvalmis. Kombineerige MDS-komponent pihustusotsikute pikendustoruga (art. nr 13326-20), et t\u00f5sta see \u00fcles nii, et see saaks kasvada koos taimedega. Kui soovite kastmist reguleerida v\u00f5i \u00fchendusvooliku \u00fcksikuid pikkusi t\u00e4ielikult sulgeda, on sulgurventiil (Art. nr 13207-20) \u00f5ige lisavarustus. See tagab ideaalse ja vett s\u00e4\u00e4stva kastmise. T\u00e4nu intuitiivsele disainile on pihustusmuster n\u00e4ha otse pihustuspeal, mis eristab selgelt k\u00f5iki GARDENA pihustusotsikuid \u00fcksteisest. Kvaliteetne Endline Micro Strip vihmuti on toodetud Saksamaal. Micro-Drip-s\u00fcsteem. Iga tilk loeb. Lihtne, t\u00e4pne, vett ja aega s\u00e4\u00e4stev kastmine.\n<\/p>\n\t\t<\/div>\n\t\t\t\t\t<\/div>\n\n\t\n\n\t<div id=\"col-1878417375\" class=\"col medium-3 small-12 large-3\"  >\n\t\t\t\t<div class=\"col-inner\"  >\n\t\t\t\n\t\t\t\n\t<div id=\"gap-187934927\" class=\"gap-element clearfix\" style=\"display:block; height:auto;\">\n\t\t\n<style>\n#gap-187934927 {\n  padding-top: 30px;\n}\n<\/style>\n\t<\/div>\n\t\n<div class=\"is-divider divider clearfix\" ><\/div>\n<p><strong>\u00dcksikasjalikuma n\u00f5u saamiseks v\u00f5tke \u00fchendust:<br \/><\/strong>Espak AS<br \/>Viadukti 42<br \/>11313<br \/>Tallinn<br \/>+372 6 512333<\/p>\n<div class=\"is-divider divider clearfix\" ><\/div>\n\t\t<\/div>\n\t\t\t\t\t<\/div>\n\n\t\n<\/div>\n","protected":false},"excerpt":{"rendered":"","protected":false},"featured_media":151475,"comment_status":"closed","ping_status":"closed","template":"","meta":[],"product_brand":[],"product_cat":[2789,2788,3280,3365],"product_tag":[],"class_list":{"0":"post-150024","1":"product","2":"type-product","3":"status-publish","4":"has-post-thumbnail","6":"product_cat-aiatarbed","7":"product_cat-aiatarbed-ja-kodukaubad","8":"product_cat-kastmistarvikud","9":"product_cat-vihmutid","10":"pa_kaubamark-husqvarna-eesti-ou","12":"first","13":"instock","14":"sale","15":"taxable","16":"shipping-taxable","17":"purchasable","18":"product-type-simple"},"yoast_head":"<!-- This site is optimized with the Yoast SEO plugin v26.9 - https:\/\/yoast.com\/product\/yoast-seo-wordpress\/ -->\n<title>VIHMUTI MICRO STRIP L\u00d5PP\u00dcHENDUS 5TK GARDENA MICRO-DRIP - Espak E-pood<\/title>\n<meta name=\"robots\" content=\"index, follow, max-snippet:-1, max-image-preview:large, max-video-preview:-1\" \/>\n<link rel=\"canonical\" href=\"https:\/\/espak.ee\/epood\/toode\/vihmuti-micro-strip-loppuhendus-5tk-gardena-micro-drip\/\" \/>\n<meta property=\"og:locale\" content=\"et_EE\" \/>\n<meta property=\"og:type\" content=\"article\" \/>\n<meta property=\"og:title\" content=\"VIHMUTI MICRO STRIP L\u00d5PP\u00dcHENDUS 5TK GARDENA MICRO-DRIP - Espak E-pood\" \/>\n<meta property=\"og:url\" content=\"https:\/\/espak.ee\/epood\/toode\/vihmuti-micro-strip-loppuhendus-5tk-gardena-micro-drip\/\" \/>\n<meta property=\"og:site_name\" content=\"Espak E-pood\" \/>\n<meta property=\"article:modified_time\" content=\"2024-03-22T23:59:57+00:00\" \/>\n<meta property=\"og:image\" content=\"https:\/\/espak.ee\/epood\/wp-content\/uploads\/2023\/02\/TX-695874.jpg\" \/>\n\t<meta property=\"og:image:width\" content=\"800\" \/>\n\t<meta property=\"og:image:height\" content=\"800\" \/>\n\t<meta property=\"og:image:type\" content=\"image\/jpeg\" \/>\n<meta name=\"twitter:card\" content=\"summary_large_image\" \/>\n<meta name=\"twitter:label1\" content=\"Est. reading time\" \/>\n\t<meta name=\"twitter:data1\" content=\"1 minut\" \/>\n<script type=\"application\/ld+json\" class=\"yoast-schema-graph\">{\"@context\":\"https:\/\/schema.org\",\"@graph\":[{\"@type\":\"WebPage\",\"@id\":\"https:\/\/espak.ee\/epood\/toode\/vihmuti-micro-strip-loppuhendus-5tk-gardena-micro-drip\/\",\"url\":\"https:\/\/espak.ee\/epood\/toode\/vihmuti-micro-strip-loppuhendus-5tk-gardena-micro-drip\/\",\"name\":\"VIHMUTI MICRO STRIP L\u00d5PP\u00dcHENDUS 5TK GARDENA MICRO-DRIP - Espak E-pood\",\"isPartOf\":{\"@id\":\"https:\/\/espak.ee\/epood\/#website\"},\"primaryImageOfPage\":{\"@id\":\"https:\/\/espak.ee\/epood\/toode\/vihmuti-micro-strip-loppuhendus-5tk-gardena-micro-drip\/#primaryimage\"},\"image\":{\"@id\":\"https:\/\/espak.ee\/epood\/toode\/vihmuti-micro-strip-loppuhendus-5tk-gardena-micro-drip\/#primaryimage\"},\"thumbnailUrl\":\"https:\/\/espak.ee\/epood\/wp-content\/uploads\/2023\/02\/TX-695874.jpg\",\"datePublished\":\"2023-02-16T11:52:50+00:00\",\"dateModified\":\"2024-03-22T23:59:57+00:00\",\"breadcrumb\":{\"@id\":\"https:\/\/espak.ee\/epood\/toode\/vihmuti-micro-strip-loppuhendus-5tk-gardena-micro-drip\/#breadcrumb\"},\"inLanguage\":\"et\",\"potentialAction\":[{\"@type\":\"ReadAction\",\"target\":[\"https:\/\/espak.ee\/epood\/toode\/vihmuti-micro-strip-loppuhendus-5tk-gardena-micro-drip\/\"]}]},{\"@type\":\"ImageObject\",\"inLanguage\":\"et\",\"@id\":\"https:\/\/espak.ee\/epood\/toode\/vihmuti-micro-strip-loppuhendus-5tk-gardena-micro-drip\/#primaryimage\",\"url\":\"https:\/\/espak.ee\/epood\/wp-content\/uploads\/2023\/02\/TX-695874.jpg\",\"contentUrl\":\"https:\/\/espak.ee\/epood\/wp-content\/uploads\/2023\/02\/TX-695874.jpg\",\"width\":800,\"height\":800},{\"@type\":\"BreadcrumbList\",\"@id\":\"https:\/\/espak.ee\/epood\/toode\/vihmuti-micro-strip-loppuhendus-5tk-gardena-micro-drip\/#breadcrumb\",\"itemListElement\":[{\"@type\":\"ListItem\",\"position\":1,\"name\":\"Home\",\"item\":\"https:\/\/espak.ee\/epood\/\"},{\"@type\":\"ListItem\",\"position\":2,\"name\":\"Tootevalik\",\"item\":\"https:\/\/espak.ee\/epood\/tootevalik\/\"},{\"@type\":\"ListItem\",\"position\":3,\"name\":\"VIHMUTI MICRO STRIP L\u00d5PP\u00dcHENDUS 5TK GARDENA MICRO-DRIP\"}]},{\"@type\":\"WebSite\",\"@id\":\"https:\/\/espak.ee\/epood\/#website\",\"url\":\"https:\/\/espak.ee\/epood\/\",\"name\":\"Espak E-pood\",\"description\":\"\",\"potentialAction\":[{\"@type\":\"SearchAction\",\"target\":{\"@type\":\"EntryPoint\",\"urlTemplate\":\"https:\/\/espak.ee\/epood\/?s={search_term_string}\"},\"query-input\":{\"@type\":\"PropertyValueSpecification\",\"valueRequired\":true,\"valueName\":\"search_term_string\"}}],\"inLanguage\":\"et\"}]}<\/script>\n<!-- \/ Yoast SEO plugin. -->","yoast_head_json":{"title":"VIHMUTI MICRO STRIP L\u00d5PP\u00dcHENDUS 5TK GARDENA MICRO-DRIP - Espak E-pood","robots":{"index":"index","follow":"follow","max-snippet":"max-snippet:-1","max-image-preview":"max-image-preview:large","max-video-preview":"max-video-preview:-1"},"canonical":"https:\/\/espak.ee\/epood\/toode\/vihmuti-micro-strip-loppuhendus-5tk-gardena-micro-drip\/","og_locale":"et_EE","og_type":"article","og_title":"VIHMUTI MICRO STRIP L\u00d5PP\u00dcHENDUS 5TK GARDENA MICRO-DRIP - Espak E-pood","og_url":"https:\/\/espak.ee\/epood\/toode\/vihmuti-micro-strip-loppuhendus-5tk-gardena-micro-drip\/","og_site_name":"Espak E-pood","article_modified_time":"2024-03-22T23:59:57+00:00","og_image":[{"width":800,"height":800,"url":"https:\/\/espak.ee\/epood\/wp-content\/uploads\/2023\/02\/TX-695874.jpg","type":"image\/jpeg"}],"twitter_card":"summary_large_image","twitter_misc":{"Est. reading time":"1 minut"},"schema":{"@context":"https:\/\/schema.org","@graph":[{"@type":"WebPage","@id":"https:\/\/espak.ee\/epood\/toode\/vihmuti-micro-strip-loppuhendus-5tk-gardena-micro-drip\/","url":"https:\/\/espak.ee\/epood\/toode\/vihmuti-micro-strip-loppuhendus-5tk-gardena-micro-drip\/","name":"VIHMUTI MICRO STRIP L\u00d5PP\u00dcHENDUS 5TK GARDENA MICRO-DRIP - Espak E-pood","isPartOf":{"@id":"https:\/\/espak.ee\/epood\/#website"},"primaryImageOfPage":{"@id":"https:\/\/espak.ee\/epood\/toode\/vihmuti-micro-strip-loppuhendus-5tk-gardena-micro-drip\/#primaryimage"},"image":{"@id":"https:\/\/espak.ee\/epood\/toode\/vihmuti-micro-strip-loppuhendus-5tk-gardena-micro-drip\/#primaryimage"},"thumbnailUrl":"https:\/\/espak.ee\/epood\/wp-content\/uploads\/2023\/02\/TX-695874.jpg","datePublished":"2023-02-16T11:52:50+00:00","dateModified":"2024-03-22T23:59:57+00:00","breadcrumb":{"@id":"https:\/\/espak.ee\/epood\/toode\/vihmuti-micro-strip-loppuhendus-5tk-gardena-micro-drip\/#breadcrumb"},"inLanguage":"et","potentialAction":[{"@type":"ReadAction","target":["https:\/\/espak.ee\/epood\/toode\/vihmuti-micro-strip-loppuhendus-5tk-gardena-micro-drip\/"]}]},{"@type":"ImageObject","inLanguage":"et","@id":"https:\/\/espak.ee\/epood\/toode\/vihmuti-micro-strip-loppuhendus-5tk-gardena-micro-drip\/#primaryimage","url":"https:\/\/espak.ee\/epood\/wp-content\/uploads\/2023\/02\/TX-695874.jpg","contentUrl":"https:\/\/espak.ee\/epood\/wp-content\/uploads\/2023\/02\/TX-695874.jpg","width":800,"height":800},{"@type":"BreadcrumbList","@id":"https:\/\/espak.ee\/epood\/toode\/vihmuti-micro-strip-loppuhendus-5tk-gardena-micro-drip\/#breadcrumb","itemListElement":[{"@type":"ListItem","position":1,"name":"Home","item":"https:\/\/espak.ee\/epood\/"},{"@type":"ListItem","position":2,"name":"Tootevalik","item":"https:\/\/espak.ee\/epood\/tootevalik\/"},{"@type":"ListItem","position":3,"name":"VIHMUTI MICRO STRIP L\u00d5PP\u00dcHENDUS 5TK GARDENA MICRO-DRIP"}]},{"@type":"WebSite","@id":"https:\/\/espak.ee\/epood\/#website","url":"https:\/\/espak.ee\/epood\/","name":"Espak E-pood","description":"","potentialAction":[{"@type":"SearchAction","target":{"@type":"EntryPoint","urlTemplate":"https:\/\/espak.ee\/epood\/?s={search_term_string}"},"query-input":{"@type":"PropertyValueSpecification","valueRequired":true,"valueName":"search_term_string"}}],"inLanguage":"et"}]}},"_links":{"self":[{"href":"https:\/\/espak.ee\/epood\/wp-json\/wp\/v2\/product\/150024","targetHints":{"allow":["GET"]}}],"collection":[{"href":"https:\/\/espak.ee\/epood\/wp-json\/wp\/v2\/product"}],"about":[{"href":"https:\/\/espak.ee\/epood\/wp-json\/wp\/v2\/types\/product"}],"replies":[{"embeddable":true,"href":"https:\/\/espak.ee\/epood\/wp-json\/wp\/v2\/comments?post=150024"}],"wp:featuredmedia":[{"embeddable":true,"href":"https:\/\/espak.ee\/epood\/wp-json\/wp\/v2\/media\/151475"}],"wp:attachment":[{"href":"https:\/\/espak.ee\/epood\/wp-json\/wp\/v2\/media?parent=150024"}],"wp:term":[{"taxonomy":"product_brand","embeddable":true,"href":"https:\/\/espak.ee\/epood\/wp-json\/wp\/v2\/product_brand?post=150024"},{"taxonomy":"product_cat","embeddable":true,"href":"https:\/\/espak.ee\/epood\/wp-json\/wp\/v2\/product_cat?post=150024"},{"taxonomy":"product_tag","embeddable":true,"href":"https:\/\/espak.ee\/epood\/wp-json\/wp\/v2\/product_tag?post=150024"}],"curies":[{"name":"wp","href":"https:\/\/api.w.org\/{rel}","templated":true}]}}