{"id":149381,"date":"2023-02-11T00:13:20","date_gmt":"2023-02-10T22:13:20","guid":{"rendered":"https:\/\/espak.ee\/epood\/?post_type=product&#038;p=149381"},"modified":"2024-03-23T02:00:41","modified_gmt":"2024-03-23T00:00:41","slug":"kiilto-sh-seinapahtel-20kg","status":"publish","type":"product","link":"https:\/\/espak.ee\/epood\/toode\/kiilto-sh-seinapahtel-20kg\/","title":{"rendered":"KIILTO SH SEINAPAHTEL 20KG"},"content":{"rendered":"<div class=\"row\"  id=\"row-266213888\">\n\n\t<div id=\"col-1255542870\" class=\"col medium-9 small-12 large-9\"  >\n\t\t\t\t<div class=\"col-inner\"  >\n\t\t\t\n\t\t\t\n<h2>Kiilto SH seinapahtel 1-2 mm 20kg<\/h2>\n<p>Peen tasanduspahtel seinte ja lagede tasandamiseks kuivades ja m\u00e4rgades ruumides. V\u00f5ib \u00fcle v\u00e4rvida v\u00f5i katta tapeedi v\u00f5i vin\u00fc\u00fclkattega.<br \/>\n Ei sobi h\u00fcdroisolatsioonimastiksi v\u00f5i plaatide all kasutamiseks.<br \/>\n Tasandamisel 1\u20132 mm.<br \/>\n Tsemendibaasil.<\/p>\n<div class=\"message-box relative\" style=\"padding-top:15px;padding-bottom:15px;\"><div class=\"message-box-bg-image bg-fill fill\" ><\/div><div class=\"message-box-bg-overlay bg-fill fill\" ><\/div><div class=\"container relative\"><div class=\"inner last-reset\">\n<div class=\"row align-middle align-center\"  id=\"row-1158151301\">\n\n\t<div id=\"col-1355357863\" class=\"col small-12 large-12\"  >\n\t\t\t\t<div class=\"col-inner text-left\"  >\n\t\t\t\n\t\t\t\n<h4>Omadused<\/h4>\n<div class=\"row\"  id=\"row-1854444347\">\n\n\t<div id=\"col-1131450039\" class=\"col medium-6 small-12 large-6\"  >\n\t\t\t\t<div class=\"col-inner\"  >\n\t\t\t\n\t\t\t\n<p><i class=\"fa fa-check fa-2x\"><\/i> <strong> Peenpahtel \u00fclev\u00e4rvtavatele seintele ja lagedele<\/strong><\/p>\n<p><i class=\"fa fa-check fa-2x\"><\/i> <strong>Tsemendibaasil<\/strong><\/p>\n\t\t<\/div>\n\t\t\t\t\n<style>\n#col-1131450039 > .col-inner {\n  margin: 0px 0px 15px 0px;\n}\n<\/style>\n\t<\/div>\n\n\t\n<\/div>\n\t\t<\/div>\n\t\t\t\t\t<\/div>\n\n\t\n<\/div>\n<\/div><\/div><\/div>\n\t<div id=\"gap-1611755015\" class=\"gap-element clearfix\" style=\"display:block; height:auto;\">\n\t\t\n<style>\n#gap-1611755015 {\n  padding-top: 30px;\n}\n<\/style>\n\t<\/div>\n\t\n<h3>Kasutamise \u00fcksikasjad<\/h3>\n<p><strong>Kasutusalad:<\/strong> Kiilto SH on peenpahtel seinte ja lagede tasandamiseks siseruumides. Sobib kivimaterjalist pindade ja kipsplaatide tasandamiseks. Plaatide ja h\u00fcdroisolatsioonimastiksi all on soovitatav kasutada n\u00e4iteks m\u00e4rgade ruumide jaoks ette n\u00e4htud seinapahtlit Kiilto SK.<\/p>\n<p><strong>Kasutusjuhis:<\/strong> Pahteldatav pind peab olema tugev, puhas ja tolmuvaba. Kuivad pinnad tuleb enne pahteldamist niisutada (mitte kipsplaadi pind). Uue kihi v\u00f5ib peale kanda alles siis, kui eelmine on kuiv. Vajadusel tuleb pinda enne uue kihi pealekandmist hoolikalt lihvida ja puhastada.<\/p>\n<p>Puistake Kiilto SH pulber aeglaselt jahedasse (18\u201320 \u00b0C), puhtasse vette seda pidevalt segades, kuni saate \u00fchtlase massi. Laske segul seista u 15 minutit ja segage uuesti. Kandke pahtel pinnale k\u00e4sitsi teraslabidaga v\u00f5i pritsiga. Pritsiga peale kantud kiht tuleb k\u00e4sitsi \u00fcle siluda.<\/p>\n<p><strong>Keskkond ja ohutus:<\/strong> V\u00e4ltige kuivamata toote kokkupuudet nahaga, kasutage kaitsekindaid. Tutvuge tooteohutuskaardiga.<\/p>\n\t\t<\/div>\n\t\t\t\t\t<\/div>\n\n\t\n\n\t<div id=\"col-1139898568\" class=\"col medium-3 small-12 large-3\"  >\n\t\t\t\t<div class=\"col-inner\"  >\n\t\t\t\n\t\t\t\n\t<div id=\"gap-1262592663\" class=\"gap-element clearfix\" style=\"display:block; height:auto;\">\n\t\t\n<style>\n#gap-1262592663 {\n  padding-top: 30px;\n}\n<\/style>\n\t<\/div>\n\t\n<h3>Tehniline informatsioon<\/h3>\n<p><a href=\"https:\/\/espak.ee\/epood\/wp-content\/uploads\/2023\/02\/product-sh.pdf\"\" target=\"_blank\" rel=\"noopener noreferrer\"><i class=\"far fa-file-pdf\"><\/i> Tehniline info (PDF)<\/a><\/p>\n<h3>Ohutusalane teave<\/h3>\n<p><a href=\"https:\/\/espak.ee\/epood\/wp-content\/uploads\/2023\/02\/ktt-sh.pdf\"\" target=\"_blank\" rel=\"noopener noreferrer\"><i class=\"far fa-file-pdf\"><\/i> Ohutusalane teave (PDF)<\/a><\/p>\n<div class=\"is-divider divider clearfix\" ><\/div>\n<p><strong>\u00dcksikasjalikuma n\u00f5u saamiseks v\u00f5tke \u00fchendust:<br \/><\/strong>Kiilto Eesti O\u00dc<br \/>L\u00e4ike tee 4<br \/>75312<br \/>Rae vald<br \/>(+372) 60 31 900<\/p>\n<div class=\"is-divider divider clearfix\" ><\/div>\n\t\t<\/div>\n\t\t\t\t\t<\/div>\n\n\t\n<\/div>\n","protected":false},"excerpt":{"rendered":"","protected":false},"featured_media":149440,"comment_status":"closed","ping_status":"closed","template":"","meta":[],"product_brand":[],"product_cat":[2698,2816,2697,2842],"product_tag":[],"class_list":{"0":"post-149381","1":"product","2":"type-product","3":"status-publish","4":"has-post-thumbnail","6":"product_cat-pahtlid-ja-kuivsegud","7":"product_cat-seinatasandussegud","8":"product_cat-uldehitus","9":"product_cat-viimistluspahtlid","10":"pa_kaubamark-kiilto-eesti-ou","12":"first","13":"outofstock","14":"sale","15":"taxable","16":"shipping-taxable","17":"purchasable","18":"product-type-simple"},"yoast_head":"<!-- This site is optimized with the Yoast SEO plugin v26.9 - https:\/\/yoast.com\/product\/yoast-seo-wordpress\/ -->\n<title>KIILTO SH SEINAPAHTEL 20KG - Espak E-pood<\/title>\n<meta name=\"robots\" content=\"index, follow, max-snippet:-1, max-image-preview:large, max-video-preview:-1\" \/>\n<link rel=\"canonical\" href=\"https:\/\/espak.ee\/epood\/toode\/kiilto-sh-seinapahtel-20kg\/\" \/>\n<meta property=\"og:locale\" content=\"et_EE\" \/>\n<meta property=\"og:type\" content=\"article\" \/>\n<meta property=\"og:title\" content=\"KIILTO SH SEINAPAHTEL 20KG - Espak E-pood\" \/>\n<meta property=\"og:url\" content=\"https:\/\/espak.ee\/epood\/toode\/kiilto-sh-seinapahtel-20kg\/\" \/>\n<meta property=\"og:site_name\" content=\"Espak E-pood\" \/>\n<meta property=\"article:modified_time\" content=\"2024-03-23T00:00:41+00:00\" \/>\n<meta property=\"og:image\" content=\"https:\/\/espak.ee\/epood\/wp-content\/uploads\/2023\/02\/6411512152202_DZbBYDvCqlcBd7a2rXuhNE_2.jpg\" \/>\n\t<meta property=\"og:image:width\" content=\"1000\" \/>\n\t<meta property=\"og:image:height\" content=\"1000\" \/>\n\t<meta property=\"og:image:type\" content=\"image\/jpeg\" \/>\n<meta name=\"twitter:card\" content=\"summary_large_image\" \/>\n<meta name=\"twitter:label1\" content=\"Est. reading time\" \/>\n\t<meta name=\"twitter:data1\" content=\"1 minut\" \/>\n<script type=\"application\/ld+json\" class=\"yoast-schema-graph\">{\"@context\":\"https:\/\/schema.org\",\"@graph\":[{\"@type\":\"WebPage\",\"@id\":\"https:\/\/espak.ee\/epood\/toode\/kiilto-sh-seinapahtel-20kg\/\",\"url\":\"https:\/\/espak.ee\/epood\/toode\/kiilto-sh-seinapahtel-20kg\/\",\"name\":\"KIILTO SH SEINAPAHTEL 20KG - Espak E-pood\",\"isPartOf\":{\"@id\":\"https:\/\/espak.ee\/epood\/#website\"},\"primaryImageOfPage\":{\"@id\":\"https:\/\/espak.ee\/epood\/toode\/kiilto-sh-seinapahtel-20kg\/#primaryimage\"},\"image\":{\"@id\":\"https:\/\/espak.ee\/epood\/toode\/kiilto-sh-seinapahtel-20kg\/#primaryimage\"},\"thumbnailUrl\":\"https:\/\/espak.ee\/epood\/wp-content\/uploads\/2023\/02\/6411512152202_DZbBYDvCqlcBd7a2rXuhNE_2.jpg\",\"datePublished\":\"2023-02-10T22:13:20+00:00\",\"dateModified\":\"2024-03-23T00:00:41+00:00\",\"breadcrumb\":{\"@id\":\"https:\/\/espak.ee\/epood\/toode\/kiilto-sh-seinapahtel-20kg\/#breadcrumb\"},\"inLanguage\":\"et\",\"potentialAction\":[{\"@type\":\"ReadAction\",\"target\":[\"https:\/\/espak.ee\/epood\/toode\/kiilto-sh-seinapahtel-20kg\/\"]}]},{\"@type\":\"ImageObject\",\"inLanguage\":\"et\",\"@id\":\"https:\/\/espak.ee\/epood\/toode\/kiilto-sh-seinapahtel-20kg\/#primaryimage\",\"url\":\"https:\/\/espak.ee\/epood\/wp-content\/uploads\/2023\/02\/6411512152202_DZbBYDvCqlcBd7a2rXuhNE_2.jpg\",\"contentUrl\":\"https:\/\/espak.ee\/epood\/wp-content\/uploads\/2023\/02\/6411512152202_DZbBYDvCqlcBd7a2rXuhNE_2.jpg\",\"width\":1000,\"height\":1000},{\"@type\":\"BreadcrumbList\",\"@id\":\"https:\/\/espak.ee\/epood\/toode\/kiilto-sh-seinapahtel-20kg\/#breadcrumb\",\"itemListElement\":[{\"@type\":\"ListItem\",\"position\":1,\"name\":\"Home\",\"item\":\"https:\/\/espak.ee\/epood\/\"},{\"@type\":\"ListItem\",\"position\":2,\"name\":\"Tootevalik\",\"item\":\"https:\/\/espak.ee\/epood\/tootevalik\/\"},{\"@type\":\"ListItem\",\"position\":3,\"name\":\"KIILTO SH SEINAPAHTEL 20KG\"}]},{\"@type\":\"WebSite\",\"@id\":\"https:\/\/espak.ee\/epood\/#website\",\"url\":\"https:\/\/espak.ee\/epood\/\",\"name\":\"Espak E-pood\",\"description\":\"\",\"potentialAction\":[{\"@type\":\"SearchAction\",\"target\":{\"@type\":\"EntryPoint\",\"urlTemplate\":\"https:\/\/espak.ee\/epood\/?s={search_term_string}\"},\"query-input\":{\"@type\":\"PropertyValueSpecification\",\"valueRequired\":true,\"valueName\":\"search_term_string\"}}],\"inLanguage\":\"et\"}]}<\/script>\n<!-- \/ Yoast SEO plugin. -->","yoast_head_json":{"title":"KIILTO SH SEINAPAHTEL 20KG - Espak E-pood","robots":{"index":"index","follow":"follow","max-snippet":"max-snippet:-1","max-image-preview":"max-image-preview:large","max-video-preview":"max-video-preview:-1"},"canonical":"https:\/\/espak.ee\/epood\/toode\/kiilto-sh-seinapahtel-20kg\/","og_locale":"et_EE","og_type":"article","og_title":"KIILTO SH SEINAPAHTEL 20KG - Espak E-pood","og_url":"https:\/\/espak.ee\/epood\/toode\/kiilto-sh-seinapahtel-20kg\/","og_site_name":"Espak E-pood","article_modified_time":"2024-03-23T00:00:41+00:00","og_image":[{"width":1000,"height":1000,"url":"https:\/\/espak.ee\/epood\/wp-content\/uploads\/2023\/02\/6411512152202_DZbBYDvCqlcBd7a2rXuhNE_2.jpg","type":"image\/jpeg"}],"twitter_card":"summary_large_image","twitter_misc":{"Est. reading time":"1 minut"},"schema":{"@context":"https:\/\/schema.org","@graph":[{"@type":"WebPage","@id":"https:\/\/espak.ee\/epood\/toode\/kiilto-sh-seinapahtel-20kg\/","url":"https:\/\/espak.ee\/epood\/toode\/kiilto-sh-seinapahtel-20kg\/","name":"KIILTO SH SEINAPAHTEL 20KG - Espak E-pood","isPartOf":{"@id":"https:\/\/espak.ee\/epood\/#website"},"primaryImageOfPage":{"@id":"https:\/\/espak.ee\/epood\/toode\/kiilto-sh-seinapahtel-20kg\/#primaryimage"},"image":{"@id":"https:\/\/espak.ee\/epood\/toode\/kiilto-sh-seinapahtel-20kg\/#primaryimage"},"thumbnailUrl":"https:\/\/espak.ee\/epood\/wp-content\/uploads\/2023\/02\/6411512152202_DZbBYDvCqlcBd7a2rXuhNE_2.jpg","datePublished":"2023-02-10T22:13:20+00:00","dateModified":"2024-03-23T00:00:41+00:00","breadcrumb":{"@id":"https:\/\/espak.ee\/epood\/toode\/kiilto-sh-seinapahtel-20kg\/#breadcrumb"},"inLanguage":"et","potentialAction":[{"@type":"ReadAction","target":["https:\/\/espak.ee\/epood\/toode\/kiilto-sh-seinapahtel-20kg\/"]}]},{"@type":"ImageObject","inLanguage":"et","@id":"https:\/\/espak.ee\/epood\/toode\/kiilto-sh-seinapahtel-20kg\/#primaryimage","url":"https:\/\/espak.ee\/epood\/wp-content\/uploads\/2023\/02\/6411512152202_DZbBYDvCqlcBd7a2rXuhNE_2.jpg","contentUrl":"https:\/\/espak.ee\/epood\/wp-content\/uploads\/2023\/02\/6411512152202_DZbBYDvCqlcBd7a2rXuhNE_2.jpg","width":1000,"height":1000},{"@type":"BreadcrumbList","@id":"https:\/\/espak.ee\/epood\/toode\/kiilto-sh-seinapahtel-20kg\/#breadcrumb","itemListElement":[{"@type":"ListItem","position":1,"name":"Home","item":"https:\/\/espak.ee\/epood\/"},{"@type":"ListItem","position":2,"name":"Tootevalik","item":"https:\/\/espak.ee\/epood\/tootevalik\/"},{"@type":"ListItem","position":3,"name":"KIILTO SH SEINAPAHTEL 20KG"}]},{"@type":"WebSite","@id":"https:\/\/espak.ee\/epood\/#website","url":"https:\/\/espak.ee\/epood\/","name":"Espak E-pood","description":"","potentialAction":[{"@type":"SearchAction","target":{"@type":"EntryPoint","urlTemplate":"https:\/\/espak.ee\/epood\/?s={search_term_string}"},"query-input":{"@type":"PropertyValueSpecification","valueRequired":true,"valueName":"search_term_string"}}],"inLanguage":"et"}]}},"_links":{"self":[{"href":"https:\/\/espak.ee\/epood\/wp-json\/wp\/v2\/product\/149381","targetHints":{"allow":["GET"]}}],"collection":[{"href":"https:\/\/espak.ee\/epood\/wp-json\/wp\/v2\/product"}],"about":[{"href":"https:\/\/espak.ee\/epood\/wp-json\/wp\/v2\/types\/product"}],"replies":[{"embeddable":true,"href":"https:\/\/espak.ee\/epood\/wp-json\/wp\/v2\/comments?post=149381"}],"wp:featuredmedia":[{"embeddable":true,"href":"https:\/\/espak.ee\/epood\/wp-json\/wp\/v2\/media\/149440"}],"wp:attachment":[{"href":"https:\/\/espak.ee\/epood\/wp-json\/wp\/v2\/media?parent=149381"}],"wp:term":[{"taxonomy":"product_brand","embeddable":true,"href":"https:\/\/espak.ee\/epood\/wp-json\/wp\/v2\/product_brand?post=149381"},{"taxonomy":"product_cat","embeddable":true,"href":"https:\/\/espak.ee\/epood\/wp-json\/wp\/v2\/product_cat?post=149381"},{"taxonomy":"product_tag","embeddable":true,"href":"https:\/\/espak.ee\/epood\/wp-json\/wp\/v2\/product_tag?post=149381"}],"curies":[{"name":"wp","href":"https:\/\/api.w.org\/{rel}","templated":true}]}}