{"id":148559,"date":"2023-02-03T02:46:30","date_gmt":"2023-02-03T00:46:30","guid":{"rendered":"https:\/\/espak.ee\/epood\/?post_type=product&#038;p=148559"},"modified":"2026-01-21T16:37:09","modified_gmt":"2026-01-21T14:37:09","slug":"varskeohuklapp-ps-100-vents","status":"publish","type":"product","link":"https:\/\/espak.ee\/epood\/toode\/varskeohuklapp-ps-100-vents\/","title":{"rendered":"V\u00c4RSKE\u00d5HUKLAPP PS 100 VENTS"},"content":{"rendered":"<div class=\"row\"  id=\"row-1171343799\">\n\n\t<div id=\"col-314754832\" class=\"col medium-9 small-12 large-9\"  >\n\t\t\t\t<div class=\"col-inner\"  >\n\t\t\t\n\t\t\t\n<h3>V\u00e4rske\u00f5huklapp Vents PS 100<\/h3>\n<p>V\u00e4rske\u00f5huklapp on sisselaskeventilatsiooniseade pidevaks ventilatsiooniks ja m\u00f5eldud ruumide v\u00e4rske \u00f5huga varustamiseks.<br \/>\nRuum on v\u00e4rske \u00f5huga varustatud isegi siis, kui te ei ava aknaid. Samuti v\u00e4ldib klapp soojakadu talvel.<br \/>\nV\u00e4rske\u00f5huklapp paigaldatakse v\u00e4lisseinale akna kohale v\u00f5i vahetusse l\u00e4hedusse.<br \/>\nKlapp on reguleeritav ja sisaldab ka tolmufiltrit (G3).<\/p>\n<p><img decoding=\"async\" src=\"https:\/\/espak.ee\/epood\/wp-content\/uploads\/2023\/02\/PS-100-shema-364-168-300x138.png\" alt=\"\" width=\"300\" height=\"138\" class=\"alignnone size-medium wp-image-148575\" srcset=\"https:\/\/espak.ee\/epood\/wp-content\/uploads\/2023\/02\/PS-100-shema-364-168-300x138.png 300w, https:\/\/espak.ee\/epood\/wp-content\/uploads\/2023\/02\/PS-100-shema-364-168-150x69.png 150w, https:\/\/espak.ee\/epood\/wp-content\/uploads\/2023\/02\/PS-100-shema-364-168.png 364w\" sizes=\"(max-width: 300px) 100vw, 300px\" \/><\/p>\n\t<div id=\"gap-1523765059\" class=\"gap-element clearfix\" style=\"display:block; height:auto;\">\n\t\t\n<style>\n#gap-1523765059 {\n  padding-top: 30px;\n}\n<\/style>\n\t<\/div>\n\t\n\t\t<\/div>\n\t\t\t\t\t<\/div>\n\n\t\n\n\t<div id=\"col-124995454\" class=\"col medium-3 small-12 large-3\"  >\n\t\t\t\t<div class=\"col-inner\"  >\n\t\t\t\n\t\t\t\n\t<div id=\"gap-526505355\" class=\"gap-element clearfix\" style=\"display:block; height:auto;\">\n\t\t\n<style>\n#gap-526505355 {\n  padding-top: 30px;\n}\n<\/style>\n\t<\/div>\n\t\n<div class=\"is-divider divider clearfix\" ><\/div>\n<p><strong>\u00dcksikasjalikuma n\u00f5u saamiseks v\u00f5tke \u00fchendust:<br \/><\/strong>Espak AS<br \/>Viadukti 42<br \/>11313<br \/>Tallinn<br \/>+372 6 512333<\/p>\n<div class=\"is-divider divider clearfix\" ><\/div>\n\t\t<\/div>\n\t\t\t\t\t<\/div>\n\n\t\n<\/div>\n","protected":false},"excerpt":{"rendered":"","protected":false},"featured_media":148574,"comment_status":"closed","ping_status":"closed","template":"","meta":[],"product_brand":[],"product_cat":[3070,4205,4598,3398],"product_tag":[],"class_list":{"0":"post-148559","1":"product","2":"type-product","3":"status-publish","4":"has-post-thumbnail","6":"product_cat-kute-ja-ventilatsioon","7":"product_cat-plafoonid-ventilatsioon","8":"product_cat-plafoonid-pisla","9":"product_cat-ventilatsioon","10":"pa_kaubamark-ventilation-systems","12":"first","13":"instock","14":"sale","15":"taxable","16":"shipping-taxable","17":"purchasable","18":"product-type-simple"},"yoast_head":"<!-- This site is optimized with the Yoast SEO plugin v26.9 - https:\/\/yoast.com\/product\/yoast-seo-wordpress\/ -->\n<title>V\u00c4RSKE\u00d5HUKLAPP PS 100 VENTS - Espak E-pood<\/title>\n<meta name=\"robots\" content=\"index, follow, max-snippet:-1, max-image-preview:large, max-video-preview:-1\" \/>\n<link rel=\"canonical\" href=\"https:\/\/espak.ee\/epood\/toode\/varskeohuklapp-ps-100-vents\/\" \/>\n<meta property=\"og:locale\" content=\"et_EE\" \/>\n<meta property=\"og:type\" content=\"article\" \/>\n<meta property=\"og:title\" content=\"V\u00c4RSKE\u00d5HUKLAPP PS 100 VENTS - Espak E-pood\" \/>\n<meta property=\"og:url\" content=\"https:\/\/espak.ee\/epood\/toode\/varskeohuklapp-ps-100-vents\/\" \/>\n<meta property=\"og:site_name\" content=\"Espak E-pood\" \/>\n<meta property=\"article:modified_time\" content=\"2026-01-21T14:37:09+00:00\" \/>\n<meta property=\"og:image\" content=\"https:\/\/espak.ee\/epood\/wp-content\/uploads\/2023\/02\/ps100800.png\" \/>\n\t<meta property=\"og:image:width\" content=\"800\" \/>\n\t<meta property=\"og:image:height\" content=\"800\" \/>\n\t<meta property=\"og:image:type\" content=\"image\/png\" \/>\n<meta name=\"twitter:card\" content=\"summary_large_image\" \/>\n<script type=\"application\/ld+json\" class=\"yoast-schema-graph\">{\"@context\":\"https:\/\/schema.org\",\"@graph\":[{\"@type\":\"WebPage\",\"@id\":\"https:\/\/espak.ee\/epood\/toode\/varskeohuklapp-ps-100-vents\/\",\"url\":\"https:\/\/espak.ee\/epood\/toode\/varskeohuklapp-ps-100-vents\/\",\"name\":\"V\u00c4RSKE\u00d5HUKLAPP PS 100 VENTS - Espak E-pood\",\"isPartOf\":{\"@id\":\"https:\/\/espak.ee\/epood\/#website\"},\"primaryImageOfPage\":{\"@id\":\"https:\/\/espak.ee\/epood\/toode\/varskeohuklapp-ps-100-vents\/#primaryimage\"},\"image\":{\"@id\":\"https:\/\/espak.ee\/epood\/toode\/varskeohuklapp-ps-100-vents\/#primaryimage\"},\"thumbnailUrl\":\"https:\/\/espak.ee\/epood\/wp-content\/uploads\/2023\/02\/ps100800.png\",\"datePublished\":\"2023-02-03T00:46:30+00:00\",\"dateModified\":\"2026-01-21T14:37:09+00:00\",\"breadcrumb\":{\"@id\":\"https:\/\/espak.ee\/epood\/toode\/varskeohuklapp-ps-100-vents\/#breadcrumb\"},\"inLanguage\":\"et\",\"potentialAction\":[{\"@type\":\"ReadAction\",\"target\":[\"https:\/\/espak.ee\/epood\/toode\/varskeohuklapp-ps-100-vents\/\"]}]},{\"@type\":\"ImageObject\",\"inLanguage\":\"et\",\"@id\":\"https:\/\/espak.ee\/epood\/toode\/varskeohuklapp-ps-100-vents\/#primaryimage\",\"url\":\"https:\/\/espak.ee\/epood\/wp-content\/uploads\/2023\/02\/ps100800.png\",\"contentUrl\":\"https:\/\/espak.ee\/epood\/wp-content\/uploads\/2023\/02\/ps100800.png\",\"width\":800,\"height\":800},{\"@type\":\"BreadcrumbList\",\"@id\":\"https:\/\/espak.ee\/epood\/toode\/varskeohuklapp-ps-100-vents\/#breadcrumb\",\"itemListElement\":[{\"@type\":\"ListItem\",\"position\":1,\"name\":\"Home\",\"item\":\"https:\/\/espak.ee\/epood\/\"},{\"@type\":\"ListItem\",\"position\":2,\"name\":\"Tootevalik\",\"item\":\"https:\/\/espak.ee\/epood\/tootevalik\/\"},{\"@type\":\"ListItem\",\"position\":3,\"name\":\"V\u00c4RSKE\u00d5HUKLAPP PS 100 VENTS\"}]},{\"@type\":\"WebSite\",\"@id\":\"https:\/\/espak.ee\/epood\/#website\",\"url\":\"https:\/\/espak.ee\/epood\/\",\"name\":\"Espak E-pood\",\"description\":\"\",\"potentialAction\":[{\"@type\":\"SearchAction\",\"target\":{\"@type\":\"EntryPoint\",\"urlTemplate\":\"https:\/\/espak.ee\/epood\/?s={search_term_string}\"},\"query-input\":{\"@type\":\"PropertyValueSpecification\",\"valueRequired\":true,\"valueName\":\"search_term_string\"}}],\"inLanguage\":\"et\"}]}<\/script>\n<!-- \/ Yoast SEO plugin. -->","yoast_head_json":{"title":"V\u00c4RSKE\u00d5HUKLAPP PS 100 VENTS - Espak E-pood","robots":{"index":"index","follow":"follow","max-snippet":"max-snippet:-1","max-image-preview":"max-image-preview:large","max-video-preview":"max-video-preview:-1"},"canonical":"https:\/\/espak.ee\/epood\/toode\/varskeohuklapp-ps-100-vents\/","og_locale":"et_EE","og_type":"article","og_title":"V\u00c4RSKE\u00d5HUKLAPP PS 100 VENTS - Espak E-pood","og_url":"https:\/\/espak.ee\/epood\/toode\/varskeohuklapp-ps-100-vents\/","og_site_name":"Espak E-pood","article_modified_time":"2026-01-21T14:37:09+00:00","og_image":[{"width":800,"height":800,"url":"https:\/\/espak.ee\/epood\/wp-content\/uploads\/2023\/02\/ps100800.png","type":"image\/png"}],"twitter_card":"summary_large_image","schema":{"@context":"https:\/\/schema.org","@graph":[{"@type":"WebPage","@id":"https:\/\/espak.ee\/epood\/toode\/varskeohuklapp-ps-100-vents\/","url":"https:\/\/espak.ee\/epood\/toode\/varskeohuklapp-ps-100-vents\/","name":"V\u00c4RSKE\u00d5HUKLAPP PS 100 VENTS - Espak E-pood","isPartOf":{"@id":"https:\/\/espak.ee\/epood\/#website"},"primaryImageOfPage":{"@id":"https:\/\/espak.ee\/epood\/toode\/varskeohuklapp-ps-100-vents\/#primaryimage"},"image":{"@id":"https:\/\/espak.ee\/epood\/toode\/varskeohuklapp-ps-100-vents\/#primaryimage"},"thumbnailUrl":"https:\/\/espak.ee\/epood\/wp-content\/uploads\/2023\/02\/ps100800.png","datePublished":"2023-02-03T00:46:30+00:00","dateModified":"2026-01-21T14:37:09+00:00","breadcrumb":{"@id":"https:\/\/espak.ee\/epood\/toode\/varskeohuklapp-ps-100-vents\/#breadcrumb"},"inLanguage":"et","potentialAction":[{"@type":"ReadAction","target":["https:\/\/espak.ee\/epood\/toode\/varskeohuklapp-ps-100-vents\/"]}]},{"@type":"ImageObject","inLanguage":"et","@id":"https:\/\/espak.ee\/epood\/toode\/varskeohuklapp-ps-100-vents\/#primaryimage","url":"https:\/\/espak.ee\/epood\/wp-content\/uploads\/2023\/02\/ps100800.png","contentUrl":"https:\/\/espak.ee\/epood\/wp-content\/uploads\/2023\/02\/ps100800.png","width":800,"height":800},{"@type":"BreadcrumbList","@id":"https:\/\/espak.ee\/epood\/toode\/varskeohuklapp-ps-100-vents\/#breadcrumb","itemListElement":[{"@type":"ListItem","position":1,"name":"Home","item":"https:\/\/espak.ee\/epood\/"},{"@type":"ListItem","position":2,"name":"Tootevalik","item":"https:\/\/espak.ee\/epood\/tootevalik\/"},{"@type":"ListItem","position":3,"name":"V\u00c4RSKE\u00d5HUKLAPP PS 100 VENTS"}]},{"@type":"WebSite","@id":"https:\/\/espak.ee\/epood\/#website","url":"https:\/\/espak.ee\/epood\/","name":"Espak E-pood","description":"","potentialAction":[{"@type":"SearchAction","target":{"@type":"EntryPoint","urlTemplate":"https:\/\/espak.ee\/epood\/?s={search_term_string}"},"query-input":{"@type":"PropertyValueSpecification","valueRequired":true,"valueName":"search_term_string"}}],"inLanguage":"et"}]}},"_links":{"self":[{"href":"https:\/\/espak.ee\/epood\/wp-json\/wp\/v2\/product\/148559","targetHints":{"allow":["GET"]}}],"collection":[{"href":"https:\/\/espak.ee\/epood\/wp-json\/wp\/v2\/product"}],"about":[{"href":"https:\/\/espak.ee\/epood\/wp-json\/wp\/v2\/types\/product"}],"replies":[{"embeddable":true,"href":"https:\/\/espak.ee\/epood\/wp-json\/wp\/v2\/comments?post=148559"}],"wp:featuredmedia":[{"embeddable":true,"href":"https:\/\/espak.ee\/epood\/wp-json\/wp\/v2\/media\/148574"}],"wp:attachment":[{"href":"https:\/\/espak.ee\/epood\/wp-json\/wp\/v2\/media?parent=148559"}],"wp:term":[{"taxonomy":"product_brand","embeddable":true,"href":"https:\/\/espak.ee\/epood\/wp-json\/wp\/v2\/product_brand?post=148559"},{"taxonomy":"product_cat","embeddable":true,"href":"https:\/\/espak.ee\/epood\/wp-json\/wp\/v2\/product_cat?post=148559"},{"taxonomy":"product_tag","embeddable":true,"href":"https:\/\/espak.ee\/epood\/wp-json\/wp\/v2\/product_tag?post=148559"}],"curies":[{"name":"wp","href":"https:\/\/api.w.org\/{rel}","templated":true}]}}