{"id":147399,"date":"2023-01-25T12:18:05","date_gmt":"2023-01-25T10:18:05","guid":{"rendered":"https:\/\/espak.ee\/epood\/?post_type=product&#038;p=147399"},"modified":"2025-07-21T16:39:38","modified_gmt":"2025-07-21T13:39:38","slug":"elastne-kahekomponentne-hudroisolatsioonisegu-ceresit-cr166-16kg","status":"publish","type":"product","link":"https:\/\/espak.ee\/epood\/toode\/elastne-kahekomponentne-hudroisolatsioonisegu-ceresit-cr166-16kg\/","title":{"rendered":"ELASTNE KAHEKOMPONENTNE H\u00dcDROISOLATSIOONISEGU CERESIT CR166 16KG"},"content":{"rendered":"<div class=\"row\"  id=\"row-1031889536\">\n\n\t<div id=\"col-1866425165\" class=\"col medium-9 small-12 large-9\"  >\n\t\t\t\t<div class=\"col-inner\"  >\n\t\t\t\n\t\t\t\n<h2>Ceresit CR 166<\/h2>\n<p>Elastne 2-komponentne h\u00fcdroisolatsioonisegu hoonete ja konstruktsioonielementide pragusid katvaks h\u00fcdroisolatsiooniks.<\/p>\n<div class=\"message-box relative\" style=\"padding-top:15px;padding-bottom:15px;\"><div class=\"message-box-bg-image bg-fill fill\" ><\/div><div class=\"message-box-bg-overlay bg-fill fill\" ><\/div><div class=\"container relative\"><div class=\"inner last-reset\">\n<div class=\"row align-middle align-center\"  id=\"row-1950254541\">\n\n\t<div id=\"col-1365434873\" class=\"col small-12 large-12\"  >\n\t\t\t\t<div class=\"col-inner text-left\"  >\n\t\t\t\n\t\t\t\n<h4>Omadused<\/h4>\n<div class=\"row\"  id=\"row-1965466074\">\n\n\t<div id=\"col-1367954161\" class=\"col medium-6 small-12 large-6\"  >\n\t\t\t\t<div class=\"col-inner\"  >\n\t\t\t\n\t\t\t\n<p><i class=\"fa fa-check fa-2x\"><\/i> <strong> V\u00e4ga hea veekindlus<\/strong><\/p>\n<p><i class=\"fa fa-check fa-2x\"><\/i> <strong> Elastne, pragude t\u00e4itmise v\u00f5ime ka madalatel temperatuuridel<\/strong><\/p>\n\t\t<\/div>\n\t\t\t\t\n<style>\n#col-1367954161 > .col-inner {\n  margin: 0px 0px 15px 0px;\n}\n<\/style>\n\t<\/div>\n\n\t\n\n\t<div id=\"col-492788509\" class=\"col medium-6 small-12 large-6\"  >\n\t\t\t\t<div class=\"col-inner\"  >\n\t\t\t\n\t\t\t\n<p><i class=\"fa fa-check fa-2x\"><\/i> <strong> Kiududega tugevdatud<\/strong><\/p>\n<p><i class=\"fa fa-check fa-2x\"><\/i> <strong> \u00dchildub vuugilindiga<\/strong><\/p>\n\t\t<\/div>\n\t\t\t\t\n<style>\n#col-492788509 > .col-inner {\n  margin: 0px 0px 15px 0px;\n}\n<\/style>\n\t<\/div>\n\n\t\n<\/div>\n\t\t<\/div>\n\t\t\t\t\t<\/div>\n\n\t\n<\/div>\n<\/div><\/div><\/div>\n\t<div id=\"gap-2017574334\" class=\"gap-element clearfix\" style=\"display:block; height:auto;\">\n\t\t\n<style>\n#gap-2017574334 {\n  padding-top: 30px;\n}\n<\/style>\n\t<\/div>\n\t\n<h3>Kasutamise \u00fcksikasjad<\/h3>\n<p><strong>Kasutusala:<\/strong> Ceresit CR 166 on kahekomponentne elastne segu, mis on tugevdatud kiudainetega ning m\u00f5eldud m\u00f5eldud deformeeruvate ja mittedeformeeruvate mineraalsete aluspindade h\u00fcdroisolatsiooniks ja niiskuskindlaks muutmiseks &#8211; sobib kasutamiseks seintel, p\u00f5randatel ja lagedel nii sise- kui ka v\u00e4listingimustes.<br \/>\nCeresit CR 166 paindlikkus v\u00f5imaldab t\u00e4ita \u2265 0,75 mm laiuseid pragusid isegi k\u00fclmades oludes.<br \/>\nSeda saab kasutada r\u00f5dudel ja terrassidel (sealhulgas konsooliga t\u00fc\u00fcbid), p\u00fcsivalt ja ajutiselt m\u00e4rgades ruumides, basseinides ning seintel ja p\u00f5randatel, samuti h\u00fcdroisolatsioonikihina keraamiliste plaatide all. CR 166 saab kasutada ka pinnasesse paigaldatud veekindlate ja betoonist kaitsekonstruktsioonide (keldriseinad, vundamendid jne) tihendamiseks, soklite ja veepaakide, sh joogiveepaakide, reovee k\u00e4itlemisjaamade ja septilistes mahutite jaoks.<br \/>\nCeresit CR 166 kate aeglustab karboniseerimisprotsessi ja tagab betoonist\/raudbetoonist maismaa- ning  veekonstruktsioonidele (nt garaa\u017eid, sambad, sillad) t\u00f5husa korrosioonikaitse kokkupuute korral karmide ilmastikutingimuste ja vees lahustuvate agressiivsete ainetega (nt j\u00e4\u00e4 sulatamise sool, merevesi). UV-kindel. V\u00e4hene lenduvate orgaaniliste ainete heide. T\u00f5estatud radoonikindlus.<\/p>\n\t\t<\/div>\n\t\t\t\t\t<\/div>\n\n\t\n\n\t<div id=\"col-1123494304\" class=\"col medium-3 small-12 large-3\"  >\n\t\t\t\t<div class=\"col-inner\"  >\n\t\t\t\n\t\t\t\n\t<div id=\"gap-1258423411\" class=\"gap-element clearfix\" style=\"display:block; height:auto;\">\n\t\t\n<style>\n#gap-1258423411 {\n  padding-top: 30px;\n}\n<\/style>\n\t<\/div>\n\t\n<h3>Tehniline informatsioon<\/h3>\n<p><a href=\"https:\/\/espak.ee\/epood\/wp-content\/uploads\/2023\/01\/CR-166-TDS-EST-11_22.pdf\"target=\"_blank\" rel=\"noopener noreferrer\"><i class=\"far fa-file-pdf\"><\/i> Tehniline info (PDF)<\/a><\/p>\n<h3>Ohutuskaart<\/h3>\n<p><a href=\"https:\/\/espak.ee\/epood\/wp-content\/uploads\/2023\/01\/000000204636_MSDS_UT_EE_ET.pdf\"target=\"_blank\" rel=\"noopener noreferrer\"><i class=\"far fa-file-pdf\"><\/i> Ohutuskaart A (PDF)<\/a><br \/>\n<a href=\"https:\/\/espak.ee\/epood\/wp-content\/uploads\/2023\/01\/000000204637_MSDS_UT_EE_ET.pdf\"target=\"_blank\" rel=\"noopener noreferrer\"><i class=\"far fa-file-pdf\"><\/i> Ohutuskaart B (PDF)<\/a><\/p>\n<div class=\"is-divider divider clearfix\" ><\/div>\n<p><strong>\u00dcksikasjalikuma n\u00f5u saamiseks v\u00f5tke \u00fchendust:<br \/><\/strong>Henkel Balti<br \/>S\u00f5bra 56 B<br \/>51013<br \/>Tartu<br \/>+ 372 7305800<\/p>\n<div class=\"is-divider divider clearfix\" ><\/div>\n\t\t<\/div>\n\t\t\t\t\t<\/div>\n\n\t\n<\/div>\n","protected":false},"excerpt":{"rendered":"","protected":false},"featured_media":154767,"comment_status":"closed","ping_status":"closed","template":"","meta":[],"product_brand":[],"product_cat":[2711,2713,2712,2697],"product_tag":[],"class_list":{"0":"post-147399","1":"product","2":"type-product","3":"status-publish","4":"has-post-thumbnail","6":"product_cat-fassaadimaterjalid","7":"product_cat-krundid-krundid","8":"product_cat-krundid","9":"product_cat-uldehitus","10":"pa_kaubamark-henkel-balti-ou","12":"first","13":"instock","14":"sale","15":"taxable","16":"shipping-taxable","17":"purchasable","18":"product-type-simple"},"yoast_head":"<!-- This site is optimized with the Yoast SEO plugin v26.9 - https:\/\/yoast.com\/product\/yoast-seo-wordpress\/ -->\n<title>ELASTNE KAHEKOMPONENTNE H\u00dcDROISOLATSIOONISEGU CERESIT CR166 16KG - Espak E-pood<\/title>\n<meta name=\"robots\" content=\"index, follow, max-snippet:-1, max-image-preview:large, max-video-preview:-1\" \/>\n<link rel=\"canonical\" href=\"https:\/\/espak.ee\/epood\/toode\/elastne-kahekomponentne-hudroisolatsioonisegu-ceresit-cr166-16kg\/\" \/>\n<meta property=\"og:locale\" content=\"et_EE\" \/>\n<meta property=\"og:type\" content=\"article\" \/>\n<meta property=\"og:title\" content=\"ELASTNE KAHEKOMPONENTNE H\u00dcDROISOLATSIOONISEGU CERESIT CR166 16KG - Espak E-pood\" \/>\n<meta property=\"og:url\" content=\"https:\/\/espak.ee\/epood\/toode\/elastne-kahekomponentne-hudroisolatsioonisegu-ceresit-cr166-16kg\/\" \/>\n<meta property=\"og:site_name\" content=\"Espak E-pood\" \/>\n<meta property=\"article:modified_time\" content=\"2025-07-21T13:39:38+00:00\" \/>\n<meta property=\"og:image\" content=\"https:\/\/espak.ee\/epood\/wp-content\/uploads\/2023\/01\/ceresit-cr166-2021-product-packshot.jpg\" \/>\n\t<meta property=\"og:image:width\" content=\"800\" \/>\n\t<meta property=\"og:image:height\" content=\"800\" \/>\n\t<meta property=\"og:image:type\" content=\"image\/jpeg\" \/>\n<meta name=\"twitter:card\" content=\"summary_large_image\" \/>\n<meta name=\"twitter:label1\" content=\"Est. reading time\" \/>\n\t<meta name=\"twitter:data1\" content=\"1 minut\" \/>\n<script type=\"application\/ld+json\" class=\"yoast-schema-graph\">{\"@context\":\"https:\/\/schema.org\",\"@graph\":[{\"@type\":\"WebPage\",\"@id\":\"https:\/\/espak.ee\/epood\/toode\/elastne-kahekomponentne-hudroisolatsioonisegu-ceresit-cr166-16kg\/\",\"url\":\"https:\/\/espak.ee\/epood\/toode\/elastne-kahekomponentne-hudroisolatsioonisegu-ceresit-cr166-16kg\/\",\"name\":\"ELASTNE KAHEKOMPONENTNE H\u00dcDROISOLATSIOONISEGU CERESIT CR166 16KG - Espak E-pood\",\"isPartOf\":{\"@id\":\"https:\/\/espak.ee\/epood\/#website\"},\"primaryImageOfPage\":{\"@id\":\"https:\/\/espak.ee\/epood\/toode\/elastne-kahekomponentne-hudroisolatsioonisegu-ceresit-cr166-16kg\/#primaryimage\"},\"image\":{\"@id\":\"https:\/\/espak.ee\/epood\/toode\/elastne-kahekomponentne-hudroisolatsioonisegu-ceresit-cr166-16kg\/#primaryimage\"},\"thumbnailUrl\":\"https:\/\/espak.ee\/epood\/wp-content\/uploads\/2023\/01\/ceresit-cr166-2021-product-packshot.jpg\",\"datePublished\":\"2023-01-25T10:18:05+00:00\",\"dateModified\":\"2025-07-21T13:39:38+00:00\",\"breadcrumb\":{\"@id\":\"https:\/\/espak.ee\/epood\/toode\/elastne-kahekomponentne-hudroisolatsioonisegu-ceresit-cr166-16kg\/#breadcrumb\"},\"inLanguage\":\"et\",\"potentialAction\":[{\"@type\":\"ReadAction\",\"target\":[\"https:\/\/espak.ee\/epood\/toode\/elastne-kahekomponentne-hudroisolatsioonisegu-ceresit-cr166-16kg\/\"]}]},{\"@type\":\"ImageObject\",\"inLanguage\":\"et\",\"@id\":\"https:\/\/espak.ee\/epood\/toode\/elastne-kahekomponentne-hudroisolatsioonisegu-ceresit-cr166-16kg\/#primaryimage\",\"url\":\"https:\/\/espak.ee\/epood\/wp-content\/uploads\/2023\/01\/ceresit-cr166-2021-product-packshot.jpg\",\"contentUrl\":\"https:\/\/espak.ee\/epood\/wp-content\/uploads\/2023\/01\/ceresit-cr166-2021-product-packshot.jpg\",\"width\":800,\"height\":800},{\"@type\":\"BreadcrumbList\",\"@id\":\"https:\/\/espak.ee\/epood\/toode\/elastne-kahekomponentne-hudroisolatsioonisegu-ceresit-cr166-16kg\/#breadcrumb\",\"itemListElement\":[{\"@type\":\"ListItem\",\"position\":1,\"name\":\"Home\",\"item\":\"https:\/\/espak.ee\/epood\/\"},{\"@type\":\"ListItem\",\"position\":2,\"name\":\"Tootevalik\",\"item\":\"https:\/\/espak.ee\/epood\/tootevalik\/\"},{\"@type\":\"ListItem\",\"position\":3,\"name\":\"ELASTNE KAHEKOMPONENTNE H\u00dcDROISOLATSIOONISEGU CERESIT CR166 16KG\"}]},{\"@type\":\"WebSite\",\"@id\":\"https:\/\/espak.ee\/epood\/#website\",\"url\":\"https:\/\/espak.ee\/epood\/\",\"name\":\"Espak E-pood\",\"description\":\"\",\"potentialAction\":[{\"@type\":\"SearchAction\",\"target\":{\"@type\":\"EntryPoint\",\"urlTemplate\":\"https:\/\/espak.ee\/epood\/?s={search_term_string}\"},\"query-input\":{\"@type\":\"PropertyValueSpecification\",\"valueRequired\":true,\"valueName\":\"search_term_string\"}}],\"inLanguage\":\"et\"}]}<\/script>\n<!-- \/ Yoast SEO plugin. -->","yoast_head_json":{"title":"ELASTNE KAHEKOMPONENTNE H\u00dcDROISOLATSIOONISEGU CERESIT CR166 16KG - Espak E-pood","robots":{"index":"index","follow":"follow","max-snippet":"max-snippet:-1","max-image-preview":"max-image-preview:large","max-video-preview":"max-video-preview:-1"},"canonical":"https:\/\/espak.ee\/epood\/toode\/elastne-kahekomponentne-hudroisolatsioonisegu-ceresit-cr166-16kg\/","og_locale":"et_EE","og_type":"article","og_title":"ELASTNE KAHEKOMPONENTNE H\u00dcDROISOLATSIOONISEGU CERESIT CR166 16KG - Espak E-pood","og_url":"https:\/\/espak.ee\/epood\/toode\/elastne-kahekomponentne-hudroisolatsioonisegu-ceresit-cr166-16kg\/","og_site_name":"Espak E-pood","article_modified_time":"2025-07-21T13:39:38+00:00","og_image":[{"width":800,"height":800,"url":"https:\/\/espak.ee\/epood\/wp-content\/uploads\/2023\/01\/ceresit-cr166-2021-product-packshot.jpg","type":"image\/jpeg"}],"twitter_card":"summary_large_image","twitter_misc":{"Est. reading time":"1 minut"},"schema":{"@context":"https:\/\/schema.org","@graph":[{"@type":"WebPage","@id":"https:\/\/espak.ee\/epood\/toode\/elastne-kahekomponentne-hudroisolatsioonisegu-ceresit-cr166-16kg\/","url":"https:\/\/espak.ee\/epood\/toode\/elastne-kahekomponentne-hudroisolatsioonisegu-ceresit-cr166-16kg\/","name":"ELASTNE KAHEKOMPONENTNE H\u00dcDROISOLATSIOONISEGU CERESIT CR166 16KG - Espak E-pood","isPartOf":{"@id":"https:\/\/espak.ee\/epood\/#website"},"primaryImageOfPage":{"@id":"https:\/\/espak.ee\/epood\/toode\/elastne-kahekomponentne-hudroisolatsioonisegu-ceresit-cr166-16kg\/#primaryimage"},"image":{"@id":"https:\/\/espak.ee\/epood\/toode\/elastne-kahekomponentne-hudroisolatsioonisegu-ceresit-cr166-16kg\/#primaryimage"},"thumbnailUrl":"https:\/\/espak.ee\/epood\/wp-content\/uploads\/2023\/01\/ceresit-cr166-2021-product-packshot.jpg","datePublished":"2023-01-25T10:18:05+00:00","dateModified":"2025-07-21T13:39:38+00:00","breadcrumb":{"@id":"https:\/\/espak.ee\/epood\/toode\/elastne-kahekomponentne-hudroisolatsioonisegu-ceresit-cr166-16kg\/#breadcrumb"},"inLanguage":"et","potentialAction":[{"@type":"ReadAction","target":["https:\/\/espak.ee\/epood\/toode\/elastne-kahekomponentne-hudroisolatsioonisegu-ceresit-cr166-16kg\/"]}]},{"@type":"ImageObject","inLanguage":"et","@id":"https:\/\/espak.ee\/epood\/toode\/elastne-kahekomponentne-hudroisolatsioonisegu-ceresit-cr166-16kg\/#primaryimage","url":"https:\/\/espak.ee\/epood\/wp-content\/uploads\/2023\/01\/ceresit-cr166-2021-product-packshot.jpg","contentUrl":"https:\/\/espak.ee\/epood\/wp-content\/uploads\/2023\/01\/ceresit-cr166-2021-product-packshot.jpg","width":800,"height":800},{"@type":"BreadcrumbList","@id":"https:\/\/espak.ee\/epood\/toode\/elastne-kahekomponentne-hudroisolatsioonisegu-ceresit-cr166-16kg\/#breadcrumb","itemListElement":[{"@type":"ListItem","position":1,"name":"Home","item":"https:\/\/espak.ee\/epood\/"},{"@type":"ListItem","position":2,"name":"Tootevalik","item":"https:\/\/espak.ee\/epood\/tootevalik\/"},{"@type":"ListItem","position":3,"name":"ELASTNE KAHEKOMPONENTNE H\u00dcDROISOLATSIOONISEGU CERESIT CR166 16KG"}]},{"@type":"WebSite","@id":"https:\/\/espak.ee\/epood\/#website","url":"https:\/\/espak.ee\/epood\/","name":"Espak E-pood","description":"","potentialAction":[{"@type":"SearchAction","target":{"@type":"EntryPoint","urlTemplate":"https:\/\/espak.ee\/epood\/?s={search_term_string}"},"query-input":{"@type":"PropertyValueSpecification","valueRequired":true,"valueName":"search_term_string"}}],"inLanguage":"et"}]}},"_links":{"self":[{"href":"https:\/\/espak.ee\/epood\/wp-json\/wp\/v2\/product\/147399","targetHints":{"allow":["GET"]}}],"collection":[{"href":"https:\/\/espak.ee\/epood\/wp-json\/wp\/v2\/product"}],"about":[{"href":"https:\/\/espak.ee\/epood\/wp-json\/wp\/v2\/types\/product"}],"replies":[{"embeddable":true,"href":"https:\/\/espak.ee\/epood\/wp-json\/wp\/v2\/comments?post=147399"}],"wp:featuredmedia":[{"embeddable":true,"href":"https:\/\/espak.ee\/epood\/wp-json\/wp\/v2\/media\/154767"}],"wp:attachment":[{"href":"https:\/\/espak.ee\/epood\/wp-json\/wp\/v2\/media?parent=147399"}],"wp:term":[{"taxonomy":"product_brand","embeddable":true,"href":"https:\/\/espak.ee\/epood\/wp-json\/wp\/v2\/product_brand?post=147399"},{"taxonomy":"product_cat","embeddable":true,"href":"https:\/\/espak.ee\/epood\/wp-json\/wp\/v2\/product_cat?post=147399"},{"taxonomy":"product_tag","embeddable":true,"href":"https:\/\/espak.ee\/epood\/wp-json\/wp\/v2\/product_tag?post=147399"}],"curies":[{"name":"wp","href":"https:\/\/api.w.org\/{rel}","templated":true}]}}