{"id":145579,"date":"2023-01-11T04:43:55","date_gmt":"2023-01-11T02:43:55","guid":{"rendered":"https:\/\/espak.ee\/epood\/?post_type=product&#038;p=145579"},"modified":"2024-03-23T02:06:24","modified_gmt":"2024-03-23T00:06:24","slug":"aknahing-553-60-606015mm-must-2tk-pk","status":"publish","type":"product","link":"https:\/\/espak.ee\/epood\/toode\/aknahing-553-60-606015mm-must-2tk-pk\/","title":{"rendered":"AKNAHING 553-60 60*60*1,5MM MUST 2TK\/PK"},"content":{"rendered":"<div class=\"row\"  id=\"row-1864002823\">\n\n\t<div id=\"col-150741624\" class=\"col medium-9 small-12 large-9\"  >\n\t\t\t\t<div class=\"col-inner\"  >\n\t\t\t\n\t\t\t\n<h3>Aknahing 553-60 60x60x1,5 mm must 2tk\/pk<\/h3>\n<p>Aknahing 60x60x1,5 mm sobilik aknale.<br \/>\n Toormaterjal: Teras.<br \/>\nPinnakate: Must.   <\/p>\n\t\t<\/div>\n\t\t\t\t\t<\/div>\n\n\t\n\n\t<div id=\"col-1081739976\" class=\"col medium-3 small-12 large-3\"  >\n\t\t\t\t<div class=\"col-inner\"  >\n\t\t\t\n\t\t\t\n<div class=\"is-divider divider clearfix\" ><\/div>\n<p><strong>\u00dcksikasjalikuma n\u00f5u saamiseks v\u00f5tke \u00fchendust:<br \/><\/strong>Fiskostar O\u00dc<br \/>Suur-Paala 4<br \/>13619<br \/>Tallinn<br \/>+372 602 4004<\/p>\n\t\t<\/div>\n\t\t\t\t\t<\/div>\n\n\t\n<\/div>\n","protected":false},"excerpt":{"rendered":"","protected":false},"featured_media":145675,"comment_status":"closed","ping_status":"closed","template":"","meta":[],"product_brand":[],"product_cat":[3278,3279,2893,2894],"product_tag":[],"class_list":{"0":"post-145579","1":"product","2":"type-product","3":"status-publish","4":"has-post-thumbnail","6":"product_cat-akna-ja-uksehinged","7":"product_cat-hinged","8":"product_cat-rauakaubad","9":"product_cat-rauakaubad-rauakaubad","10":"pa_kaubamark-fiskostar-ou","12":"first","13":"instock","14":"sale","15":"taxable","16":"shipping-taxable","17":"purchasable","18":"product-type-simple"},"yoast_head":"<!-- This site is optimized with the Yoast SEO plugin v26.9 - https:\/\/yoast.com\/product\/yoast-seo-wordpress\/ -->\n<title>AKNAHING 553-60 60*60*1,5MM MUST 2TK\/PK - Espak E-pood<\/title>\n<meta name=\"robots\" content=\"index, follow, max-snippet:-1, max-image-preview:large, max-video-preview:-1\" \/>\n<link rel=\"canonical\" href=\"https:\/\/espak.ee\/epood\/toode\/aknahing-553-60-606015mm-must-2tk-pk\/\" \/>\n<meta property=\"og:locale\" content=\"et_EE\" \/>\n<meta property=\"og:type\" content=\"article\" \/>\n<meta property=\"og:title\" content=\"AKNAHING 553-60 60*60*1,5MM MUST 2TK\/PK - Espak E-pood\" \/>\n<meta property=\"og:url\" content=\"https:\/\/espak.ee\/epood\/toode\/aknahing-553-60-606015mm-must-2tk-pk\/\" \/>\n<meta property=\"og:site_name\" content=\"Espak E-pood\" \/>\n<meta property=\"article:modified_time\" content=\"2024-03-23T00:06:24+00:00\" \/>\n<meta property=\"og:image\" content=\"https:\/\/espak.ee\/epood\/wp-content\/uploads\/2023\/01\/PR14332BI30207_0249_BISAGRA_MOD_553_IMD-2.jpg\" \/>\n\t<meta property=\"og:image:width\" content=\"800\" \/>\n\t<meta property=\"og:image:height\" content=\"800\" \/>\n\t<meta property=\"og:image:type\" content=\"image\/jpeg\" \/>\n<meta name=\"twitter:card\" content=\"summary_large_image\" \/>\n<script type=\"application\/ld+json\" class=\"yoast-schema-graph\">{\"@context\":\"https:\/\/schema.org\",\"@graph\":[{\"@type\":\"WebPage\",\"@id\":\"https:\/\/espak.ee\/epood\/toode\/aknahing-553-60-606015mm-must-2tk-pk\/\",\"url\":\"https:\/\/espak.ee\/epood\/toode\/aknahing-553-60-606015mm-must-2tk-pk\/\",\"name\":\"AKNAHING 553-60 60*60*1,5MM MUST 2TK\/PK - Espak E-pood\",\"isPartOf\":{\"@id\":\"https:\/\/espak.ee\/epood\/#website\"},\"primaryImageOfPage\":{\"@id\":\"https:\/\/espak.ee\/epood\/toode\/aknahing-553-60-606015mm-must-2tk-pk\/#primaryimage\"},\"image\":{\"@id\":\"https:\/\/espak.ee\/epood\/toode\/aknahing-553-60-606015mm-must-2tk-pk\/#primaryimage\"},\"thumbnailUrl\":\"https:\/\/espak.ee\/epood\/wp-content\/uploads\/2023\/01\/PR14332BI30207_0249_BISAGRA_MOD_553_IMD-2.jpg\",\"datePublished\":\"2023-01-11T02:43:55+00:00\",\"dateModified\":\"2024-03-23T00:06:24+00:00\",\"breadcrumb\":{\"@id\":\"https:\/\/espak.ee\/epood\/toode\/aknahing-553-60-606015mm-must-2tk-pk\/#breadcrumb\"},\"inLanguage\":\"et\",\"potentialAction\":[{\"@type\":\"ReadAction\",\"target\":[\"https:\/\/espak.ee\/epood\/toode\/aknahing-553-60-606015mm-must-2tk-pk\/\"]}]},{\"@type\":\"ImageObject\",\"inLanguage\":\"et\",\"@id\":\"https:\/\/espak.ee\/epood\/toode\/aknahing-553-60-606015mm-must-2tk-pk\/#primaryimage\",\"url\":\"https:\/\/espak.ee\/epood\/wp-content\/uploads\/2023\/01\/PR14332BI30207_0249_BISAGRA_MOD_553_IMD-2.jpg\",\"contentUrl\":\"https:\/\/espak.ee\/epood\/wp-content\/uploads\/2023\/01\/PR14332BI30207_0249_BISAGRA_MOD_553_IMD-2.jpg\",\"width\":800,\"height\":800},{\"@type\":\"BreadcrumbList\",\"@id\":\"https:\/\/espak.ee\/epood\/toode\/aknahing-553-60-606015mm-must-2tk-pk\/#breadcrumb\",\"itemListElement\":[{\"@type\":\"ListItem\",\"position\":1,\"name\":\"Home\",\"item\":\"https:\/\/espak.ee\/epood\/\"},{\"@type\":\"ListItem\",\"position\":2,\"name\":\"Tootevalik\",\"item\":\"https:\/\/espak.ee\/epood\/tootevalik\/\"},{\"@type\":\"ListItem\",\"position\":3,\"name\":\"AKNAHING 553-60 60*60*1,5MM MUST 2TK\/PK\"}]},{\"@type\":\"WebSite\",\"@id\":\"https:\/\/espak.ee\/epood\/#website\",\"url\":\"https:\/\/espak.ee\/epood\/\",\"name\":\"Espak E-pood\",\"description\":\"\",\"potentialAction\":[{\"@type\":\"SearchAction\",\"target\":{\"@type\":\"EntryPoint\",\"urlTemplate\":\"https:\/\/espak.ee\/epood\/?s={search_term_string}\"},\"query-input\":{\"@type\":\"PropertyValueSpecification\",\"valueRequired\":true,\"valueName\":\"search_term_string\"}}],\"inLanguage\":\"et\"}]}<\/script>\n<!-- \/ Yoast SEO plugin. -->","yoast_head_json":{"title":"AKNAHING 553-60 60*60*1,5MM MUST 2TK\/PK - Espak E-pood","robots":{"index":"index","follow":"follow","max-snippet":"max-snippet:-1","max-image-preview":"max-image-preview:large","max-video-preview":"max-video-preview:-1"},"canonical":"https:\/\/espak.ee\/epood\/toode\/aknahing-553-60-606015mm-must-2tk-pk\/","og_locale":"et_EE","og_type":"article","og_title":"AKNAHING 553-60 60*60*1,5MM MUST 2TK\/PK - Espak E-pood","og_url":"https:\/\/espak.ee\/epood\/toode\/aknahing-553-60-606015mm-must-2tk-pk\/","og_site_name":"Espak E-pood","article_modified_time":"2024-03-23T00:06:24+00:00","og_image":[{"width":800,"height":800,"url":"https:\/\/espak.ee\/epood\/wp-content\/uploads\/2023\/01\/PR14332BI30207_0249_BISAGRA_MOD_553_IMD-2.jpg","type":"image\/jpeg"}],"twitter_card":"summary_large_image","schema":{"@context":"https:\/\/schema.org","@graph":[{"@type":"WebPage","@id":"https:\/\/espak.ee\/epood\/toode\/aknahing-553-60-606015mm-must-2tk-pk\/","url":"https:\/\/espak.ee\/epood\/toode\/aknahing-553-60-606015mm-must-2tk-pk\/","name":"AKNAHING 553-60 60*60*1,5MM MUST 2TK\/PK - Espak E-pood","isPartOf":{"@id":"https:\/\/espak.ee\/epood\/#website"},"primaryImageOfPage":{"@id":"https:\/\/espak.ee\/epood\/toode\/aknahing-553-60-606015mm-must-2tk-pk\/#primaryimage"},"image":{"@id":"https:\/\/espak.ee\/epood\/toode\/aknahing-553-60-606015mm-must-2tk-pk\/#primaryimage"},"thumbnailUrl":"https:\/\/espak.ee\/epood\/wp-content\/uploads\/2023\/01\/PR14332BI30207_0249_BISAGRA_MOD_553_IMD-2.jpg","datePublished":"2023-01-11T02:43:55+00:00","dateModified":"2024-03-23T00:06:24+00:00","breadcrumb":{"@id":"https:\/\/espak.ee\/epood\/toode\/aknahing-553-60-606015mm-must-2tk-pk\/#breadcrumb"},"inLanguage":"et","potentialAction":[{"@type":"ReadAction","target":["https:\/\/espak.ee\/epood\/toode\/aknahing-553-60-606015mm-must-2tk-pk\/"]}]},{"@type":"ImageObject","inLanguage":"et","@id":"https:\/\/espak.ee\/epood\/toode\/aknahing-553-60-606015mm-must-2tk-pk\/#primaryimage","url":"https:\/\/espak.ee\/epood\/wp-content\/uploads\/2023\/01\/PR14332BI30207_0249_BISAGRA_MOD_553_IMD-2.jpg","contentUrl":"https:\/\/espak.ee\/epood\/wp-content\/uploads\/2023\/01\/PR14332BI30207_0249_BISAGRA_MOD_553_IMD-2.jpg","width":800,"height":800},{"@type":"BreadcrumbList","@id":"https:\/\/espak.ee\/epood\/toode\/aknahing-553-60-606015mm-must-2tk-pk\/#breadcrumb","itemListElement":[{"@type":"ListItem","position":1,"name":"Home","item":"https:\/\/espak.ee\/epood\/"},{"@type":"ListItem","position":2,"name":"Tootevalik","item":"https:\/\/espak.ee\/epood\/tootevalik\/"},{"@type":"ListItem","position":3,"name":"AKNAHING 553-60 60*60*1,5MM MUST 2TK\/PK"}]},{"@type":"WebSite","@id":"https:\/\/espak.ee\/epood\/#website","url":"https:\/\/espak.ee\/epood\/","name":"Espak E-pood","description":"","potentialAction":[{"@type":"SearchAction","target":{"@type":"EntryPoint","urlTemplate":"https:\/\/espak.ee\/epood\/?s={search_term_string}"},"query-input":{"@type":"PropertyValueSpecification","valueRequired":true,"valueName":"search_term_string"}}],"inLanguage":"et"}]}},"_links":{"self":[{"href":"https:\/\/espak.ee\/epood\/wp-json\/wp\/v2\/product\/145579","targetHints":{"allow":["GET"]}}],"collection":[{"href":"https:\/\/espak.ee\/epood\/wp-json\/wp\/v2\/product"}],"about":[{"href":"https:\/\/espak.ee\/epood\/wp-json\/wp\/v2\/types\/product"}],"replies":[{"embeddable":true,"href":"https:\/\/espak.ee\/epood\/wp-json\/wp\/v2\/comments?post=145579"}],"wp:featuredmedia":[{"embeddable":true,"href":"https:\/\/espak.ee\/epood\/wp-json\/wp\/v2\/media\/145675"}],"wp:attachment":[{"href":"https:\/\/espak.ee\/epood\/wp-json\/wp\/v2\/media?parent=145579"}],"wp:term":[{"taxonomy":"product_brand","embeddable":true,"href":"https:\/\/espak.ee\/epood\/wp-json\/wp\/v2\/product_brand?post=145579"},{"taxonomy":"product_cat","embeddable":true,"href":"https:\/\/espak.ee\/epood\/wp-json\/wp\/v2\/product_cat?post=145579"},{"taxonomy":"product_tag","embeddable":true,"href":"https:\/\/espak.ee\/epood\/wp-json\/wp\/v2\/product_tag?post=145579"}],"curies":[{"name":"wp","href":"https:\/\/api.w.org\/{rel}","templated":true}]}}