{"id":144233,"date":"2022-12-24T10:51:04","date_gmt":"2022-12-24T08:51:04","guid":{"rendered":"https:\/\/espak.ee\/epood\/?post_type=product&#038;p=144233"},"modified":"2024-07-18T13:39:48","modified_gmt":"2024-07-18T10:39:48","slug":"dimmer-universaalne-5-200w-sedna-desingelements-antratsiit","status":"publish","type":"product","link":"https:\/\/espak.ee\/epood\/toode\/dimmer-universaalne-5-200w-sedna-desingelements-antratsiit\/","title":{"rendered":"DIMMER UNIVERSAALNE 5-200W SEDNA DESIGN&#038;ELEMENTS ANTRATSIIT"},"content":{"rendered":"<div class=\"row\"  id=\"row-607893349\">\n\n\t<div id=\"col-731423452\" class=\"col medium-9 small-12 large-9\"  >\n\t\t\t\t<div class=\"col-inner\"  >\n\t\t\t\n\t\t\t\n<h3>Universaalne dimmer 5-200W Sedna Design&#038;Elements antratsiit<\/h3>\n<p>Seadme juhtimine: Suru-p\u00f6\u00f6rdnupp.<br \/>\nS\u00fcvistatav.<br \/>\nIP20. <\/p>\n\t\t<\/div>\n\t\t\t\t\t<\/div>\n\n\t\n\n\t<div id=\"col-1651348348\" class=\"col medium-3 small-12 large-3\"  >\n\t\t\t\t<div class=\"col-inner\"  >\n\t\t\t\n\t\t\t\n<div class=\"is-divider divider clearfix\" ><\/div>\n<h3>Kasutusjuhend<\/h3>\n<p><a href=\"https:\/\/espak.ee\/epood\/wp-content\/uploads\/2022\/12\/sdd114502.pdf\"target=\"_blank\" rel=\"noopener noreferrer\"><i class=\"far fa-file-pdf\"><\/i> Kasutusjuhend (PDF)<\/a><\/p>\n<p><strong>\u00dcksikasjalikuma n\u00f5u saamiseks v\u00f5tke \u00fchendust:<br \/><\/strong>Schneider Electric Eesti AS<br \/>P\u00e4rnu mnt 139e-2<br \/>11317<br \/>Tallinn<br \/>+372 66 82 589<\/p>\n\t\t<\/div>\n\t\t\t\t\t<\/div>\n\n\t\n<\/div>\n","protected":false},"excerpt":{"rendered":"","protected":false},"featured_media":146779,"comment_status":"closed","ping_status":"closed","template":"","meta":[],"product_brand":[],"product_cat":[3227,2935,2934,3224],"product_tag":[],"class_list":{"0":"post-144233","1":"product","2":"type-product","3":"status-publish","4":"has-post-thumbnail","6":"product_cat-dimmerid","7":"product_cat-elektrikaubad","8":"product_cat-elektrikaubad-ja-valgustid","9":"product_cat-lulitid-ja-pistikupesad","10":"pa_kaubamark-schneider-electric-eesti-as","12":"first","13":"instock","14":"sale","15":"taxable","16":"shipping-taxable","17":"purchasable","18":"product-type-simple"},"yoast_head":"<!-- This site is optimized with the Yoast SEO plugin v26.9 - https:\/\/yoast.com\/product\/yoast-seo-wordpress\/ -->\n<title>DIMMER UNIVERSAALNE 5-200W SEDNA DESIGN&amp;ELEMENTS ANTRATSIIT - Espak E-pood<\/title>\n<meta name=\"robots\" content=\"index, follow, max-snippet:-1, max-image-preview:large, max-video-preview:-1\" \/>\n<link rel=\"canonical\" href=\"https:\/\/espak.ee\/epood\/toode\/dimmer-universaalne-5-200w-sedna-desingelements-antratsiit\/\" \/>\n<meta property=\"og:locale\" content=\"et_EE\" \/>\n<meta property=\"og:type\" content=\"article\" \/>\n<meta property=\"og:title\" content=\"DIMMER UNIVERSAALNE 5-200W SEDNA DESIGN&amp;ELEMENTS ANTRATSIIT - Espak E-pood\" \/>\n<meta property=\"og:url\" content=\"https:\/\/espak.ee\/epood\/toode\/dimmer-universaalne-5-200w-sedna-desingelements-antratsiit\/\" \/>\n<meta property=\"og:site_name\" content=\"Espak E-pood\" \/>\n<meta property=\"article:modified_time\" content=\"2024-07-18T10:39:48+00:00\" \/>\n<meta property=\"og:image\" content=\"https:\/\/espak.ee\/epood\/wp-content\/uploads\/2022\/12\/SDD114502_IOP-def_WD_1500x1500.jpg\" \/>\n\t<meta property=\"og:image:width\" content=\"1500\" \/>\n\t<meta property=\"og:image:height\" content=\"1500\" \/>\n\t<meta property=\"og:image:type\" content=\"image\/jpeg\" \/>\n<meta name=\"twitter:card\" content=\"summary_large_image\" \/>\n<script type=\"application\/ld+json\" class=\"yoast-schema-graph\">{\"@context\":\"https:\/\/schema.org\",\"@graph\":[{\"@type\":\"WebPage\",\"@id\":\"https:\/\/espak.ee\/epood\/toode\/dimmer-universaalne-5-200w-sedna-desingelements-antratsiit\/\",\"url\":\"https:\/\/espak.ee\/epood\/toode\/dimmer-universaalne-5-200w-sedna-desingelements-antratsiit\/\",\"name\":\"DIMMER UNIVERSAALNE 5-200W SEDNA DESIGN&ELEMENTS ANTRATSIIT - Espak E-pood\",\"isPartOf\":{\"@id\":\"https:\/\/espak.ee\/epood\/#website\"},\"primaryImageOfPage\":{\"@id\":\"https:\/\/espak.ee\/epood\/toode\/dimmer-universaalne-5-200w-sedna-desingelements-antratsiit\/#primaryimage\"},\"image\":{\"@id\":\"https:\/\/espak.ee\/epood\/toode\/dimmer-universaalne-5-200w-sedna-desingelements-antratsiit\/#primaryimage\"},\"thumbnailUrl\":\"https:\/\/espak.ee\/epood\/wp-content\/uploads\/2022\/12\/SDD114502_IOP-def_WD_1500x1500.jpg\",\"datePublished\":\"2022-12-24T08:51:04+00:00\",\"dateModified\":\"2024-07-18T10:39:48+00:00\",\"breadcrumb\":{\"@id\":\"https:\/\/espak.ee\/epood\/toode\/dimmer-universaalne-5-200w-sedna-desingelements-antratsiit\/#breadcrumb\"},\"inLanguage\":\"et\",\"potentialAction\":[{\"@type\":\"ReadAction\",\"target\":[\"https:\/\/espak.ee\/epood\/toode\/dimmer-universaalne-5-200w-sedna-desingelements-antratsiit\/\"]}]},{\"@type\":\"ImageObject\",\"inLanguage\":\"et\",\"@id\":\"https:\/\/espak.ee\/epood\/toode\/dimmer-universaalne-5-200w-sedna-desingelements-antratsiit\/#primaryimage\",\"url\":\"https:\/\/espak.ee\/epood\/wp-content\/uploads\/2022\/12\/SDD114502_IOP-def_WD_1500x1500.jpg\",\"contentUrl\":\"https:\/\/espak.ee\/epood\/wp-content\/uploads\/2022\/12\/SDD114502_IOP-def_WD_1500x1500.jpg\",\"width\":1500,\"height\":1500},{\"@type\":\"BreadcrumbList\",\"@id\":\"https:\/\/espak.ee\/epood\/toode\/dimmer-universaalne-5-200w-sedna-desingelements-antratsiit\/#breadcrumb\",\"itemListElement\":[{\"@type\":\"ListItem\",\"position\":1,\"name\":\"Home\",\"item\":\"https:\/\/espak.ee\/epood\/\"},{\"@type\":\"ListItem\",\"position\":2,\"name\":\"Tootevalik\",\"item\":\"https:\/\/espak.ee\/epood\/tootevalik\/\"},{\"@type\":\"ListItem\",\"position\":3,\"name\":\"DIMMER UNIVERSAALNE 5-200W SEDNA DESIGN&#038;ELEMENTS ANTRATSIIT\"}]},{\"@type\":\"WebSite\",\"@id\":\"https:\/\/espak.ee\/epood\/#website\",\"url\":\"https:\/\/espak.ee\/epood\/\",\"name\":\"Espak E-pood\",\"description\":\"\",\"potentialAction\":[{\"@type\":\"SearchAction\",\"target\":{\"@type\":\"EntryPoint\",\"urlTemplate\":\"https:\/\/espak.ee\/epood\/?s={search_term_string}\"},\"query-input\":{\"@type\":\"PropertyValueSpecification\",\"valueRequired\":true,\"valueName\":\"search_term_string\"}}],\"inLanguage\":\"et\"}]}<\/script>\n<!-- \/ Yoast SEO plugin. -->","yoast_head_json":{"title":"DIMMER UNIVERSAALNE 5-200W SEDNA DESIGN&ELEMENTS ANTRATSIIT - Espak E-pood","robots":{"index":"index","follow":"follow","max-snippet":"max-snippet:-1","max-image-preview":"max-image-preview:large","max-video-preview":"max-video-preview:-1"},"canonical":"https:\/\/espak.ee\/epood\/toode\/dimmer-universaalne-5-200w-sedna-desingelements-antratsiit\/","og_locale":"et_EE","og_type":"article","og_title":"DIMMER UNIVERSAALNE 5-200W SEDNA DESIGN&ELEMENTS ANTRATSIIT - Espak E-pood","og_url":"https:\/\/espak.ee\/epood\/toode\/dimmer-universaalne-5-200w-sedna-desingelements-antratsiit\/","og_site_name":"Espak E-pood","article_modified_time":"2024-07-18T10:39:48+00:00","og_image":[{"width":1500,"height":1500,"url":"https:\/\/espak.ee\/epood\/wp-content\/uploads\/2022\/12\/SDD114502_IOP-def_WD_1500x1500.jpg","type":"image\/jpeg"}],"twitter_card":"summary_large_image","schema":{"@context":"https:\/\/schema.org","@graph":[{"@type":"WebPage","@id":"https:\/\/espak.ee\/epood\/toode\/dimmer-universaalne-5-200w-sedna-desingelements-antratsiit\/","url":"https:\/\/espak.ee\/epood\/toode\/dimmer-universaalne-5-200w-sedna-desingelements-antratsiit\/","name":"DIMMER UNIVERSAALNE 5-200W SEDNA DESIGN&ELEMENTS ANTRATSIIT - Espak E-pood","isPartOf":{"@id":"https:\/\/espak.ee\/epood\/#website"},"primaryImageOfPage":{"@id":"https:\/\/espak.ee\/epood\/toode\/dimmer-universaalne-5-200w-sedna-desingelements-antratsiit\/#primaryimage"},"image":{"@id":"https:\/\/espak.ee\/epood\/toode\/dimmer-universaalne-5-200w-sedna-desingelements-antratsiit\/#primaryimage"},"thumbnailUrl":"https:\/\/espak.ee\/epood\/wp-content\/uploads\/2022\/12\/SDD114502_IOP-def_WD_1500x1500.jpg","datePublished":"2022-12-24T08:51:04+00:00","dateModified":"2024-07-18T10:39:48+00:00","breadcrumb":{"@id":"https:\/\/espak.ee\/epood\/toode\/dimmer-universaalne-5-200w-sedna-desingelements-antratsiit\/#breadcrumb"},"inLanguage":"et","potentialAction":[{"@type":"ReadAction","target":["https:\/\/espak.ee\/epood\/toode\/dimmer-universaalne-5-200w-sedna-desingelements-antratsiit\/"]}]},{"@type":"ImageObject","inLanguage":"et","@id":"https:\/\/espak.ee\/epood\/toode\/dimmer-universaalne-5-200w-sedna-desingelements-antratsiit\/#primaryimage","url":"https:\/\/espak.ee\/epood\/wp-content\/uploads\/2022\/12\/SDD114502_IOP-def_WD_1500x1500.jpg","contentUrl":"https:\/\/espak.ee\/epood\/wp-content\/uploads\/2022\/12\/SDD114502_IOP-def_WD_1500x1500.jpg","width":1500,"height":1500},{"@type":"BreadcrumbList","@id":"https:\/\/espak.ee\/epood\/toode\/dimmer-universaalne-5-200w-sedna-desingelements-antratsiit\/#breadcrumb","itemListElement":[{"@type":"ListItem","position":1,"name":"Home","item":"https:\/\/espak.ee\/epood\/"},{"@type":"ListItem","position":2,"name":"Tootevalik","item":"https:\/\/espak.ee\/epood\/tootevalik\/"},{"@type":"ListItem","position":3,"name":"DIMMER UNIVERSAALNE 5-200W SEDNA DESIGN&#038;ELEMENTS ANTRATSIIT"}]},{"@type":"WebSite","@id":"https:\/\/espak.ee\/epood\/#website","url":"https:\/\/espak.ee\/epood\/","name":"Espak E-pood","description":"","potentialAction":[{"@type":"SearchAction","target":{"@type":"EntryPoint","urlTemplate":"https:\/\/espak.ee\/epood\/?s={search_term_string}"},"query-input":{"@type":"PropertyValueSpecification","valueRequired":true,"valueName":"search_term_string"}}],"inLanguage":"et"}]}},"_links":{"self":[{"href":"https:\/\/espak.ee\/epood\/wp-json\/wp\/v2\/product\/144233","targetHints":{"allow":["GET"]}}],"collection":[{"href":"https:\/\/espak.ee\/epood\/wp-json\/wp\/v2\/product"}],"about":[{"href":"https:\/\/espak.ee\/epood\/wp-json\/wp\/v2\/types\/product"}],"replies":[{"embeddable":true,"href":"https:\/\/espak.ee\/epood\/wp-json\/wp\/v2\/comments?post=144233"}],"wp:featuredmedia":[{"embeddable":true,"href":"https:\/\/espak.ee\/epood\/wp-json\/wp\/v2\/media\/146779"}],"wp:attachment":[{"href":"https:\/\/espak.ee\/epood\/wp-json\/wp\/v2\/media?parent=144233"}],"wp:term":[{"taxonomy":"product_brand","embeddable":true,"href":"https:\/\/espak.ee\/epood\/wp-json\/wp\/v2\/product_brand?post=144233"},{"taxonomy":"product_cat","embeddable":true,"href":"https:\/\/espak.ee\/epood\/wp-json\/wp\/v2\/product_cat?post=144233"},{"taxonomy":"product_tag","embeddable":true,"href":"https:\/\/espak.ee\/epood\/wp-json\/wp\/v2\/product_tag?post=144233"}],"curies":[{"name":"wp","href":"https:\/\/api.w.org\/{rel}","templated":true}]}}