{"id":144009,"date":"2022-12-21T11:12:04","date_gmt":"2022-12-21T09:12:04","guid":{"rendered":"https:\/\/espak.ee\/epood\/?post_type=product&#038;p=144009"},"modified":"2024-03-23T02:10:30","modified_gmt":"2024-03-23T00:10:30","slug":"akutrell-makita-ddf486rtj-jaapuur","status":"publish","type":"product","link":"https:\/\/espak.ee\/epood\/toode\/akutrell-makita-ddf486rtj-jaapuur\/","title":{"rendered":"AKUTRELL MAKITA DDF486RTJ + J\u00c4\u00c4PUUR"},"content":{"rendered":"<div class=\"row\"  id=\"row-1686179772\">\n\n\t<div id=\"col-615275048\" class=\"col medium-9 small-12 large-9\"  >\n\t\t\t\t<div class=\"col-inner\"  >\n\t\t\t\n\t\t\t\n<h3>Akutrell Makita DDF486 + j\u00e4\u00e4puur Rapala UR Makita EDT 155mm<\/h3>\n<p>V\u00f5imas harjavaba mootoriga akutrell puurimiseks ja kruvide keeramiseks.   T\u00f5hus harjavaba mootoriga akutrell lubab profitasemel puurida ja kruvisid keerata, kasutades kahte kiirusevahemikku. Maksimaalseks kinnitusmomendiks on 130 \/ 65 Nm. Paindlik t\u00f6\u00f6riist ehitajatele, monteerijatele ja hoolduspersonalile. Sisseehitatud LED t\u00f6\u00f6v\u00e4ljavalgusti.<\/p>\n<div class=\"message-box relative\" style=\"padding-top:15px;padding-bottom:15px;\"><div class=\"message-box-bg-image bg-fill fill\" ><\/div><div class=\"message-box-bg-overlay bg-fill fill\" ><\/div><div class=\"container relative\"><div class=\"inner last-reset\">\n<div class=\"row align-middle align-center\"  id=\"row-1273591265\">\n\n\t<div id=\"col-859661431\" class=\"col small-12 large-12\"  >\n\t\t\t\t<div class=\"col-inner text-left\"  >\n\t\t\t\n\t\t\t\n<h4>Omadused<\/h4>\n<div class=\"row\"  id=\"row-2109170226\">\n\n\t<div id=\"col-802895057\" class=\"col medium-6 small-12 large-6\"  >\n\t\t\t\t<div class=\"col-inner\"  >\n\t\t\t\n\t\t\t\n<p><i class=\"fa fa-check fa-2x\"><\/i><strong>\u00a0V\u00e4ga v\u00f5imas ja kompaktne \u00fcldt\u00f6\u00f6riist professionaalseks kasutamiseks<\/strong><\/p>\n\t\t<\/div>\n\t\t\t\t\n<style>\n#col-802895057 > .col-inner {\n  margin: 0px 0px 15px 0px;\n}\n<\/style>\n\t<\/div>\n\n\t\n\n\t<div id=\"col-92803720\" class=\"col medium-6 small-12 large-6\"  >\n\t\t\t\t<div class=\"col-inner\"  >\n\t\t\t\n\t\t\t\n<p><i class=\"fa fa-check fa-2x\"><\/i><strong>  Aku liigset t\u00fchjenemist takistav vooluahel<\/strong><\/p>\n\t\t<\/div>\n\t\t\t\t\n<style>\n#col-92803720 > .col-inner {\n  margin: 0px 0px 15px 0px;\n}\n<\/style>\n\t<\/div>\n\n\t\n<\/div>\n\t\t<\/div>\n\t\t\t\t\t<\/div>\n\n\t\n<\/div>\n<\/div><\/div><\/div>\n\t<div id=\"gap-675377481\" class=\"gap-element clearfix\" style=\"display:block; height:auto;\">\n\t\t\n<style>\n#gap-675377481 {\n  padding-top: 30px;\n}\n<\/style>\n\t<\/div>\n\t\n<p>Makita DDF486 akutrell kasutab 2-k\u00e4igulist mehhaanilist \u00fclekannet. K\u00f5rge kiirusega k\u00e4ik on m\u00f5eldud kiireks puurimiseks kergemate t\u00f6\u00f6de korral. Madalama kiirusega k\u00e4ik on m\u00f5eldud suuremat j\u00f5udu vajavate t\u00f6\u00f6de jaoks. Akutrellil on 21 siduriasendit, mis tagavad hea kontrolli puurimisel ja kruvide kinnitamisel. Elektrooniline pidur aitab saavutada maksimaalselt tulemusliku t\u00f6\u00f6 koos maksimaalse t\u00f6\u00f6ohutusega. Parendatud vastupidavus tolmu ja veeosakeste m\u00f5judele tuleneb kasutusel v\u00f5etud XPT (eXtreme Protection Tehnology) kaitsetehnoloogiast, mis lubab edukalt t\u00f6\u00f6tada ka karmides v\u00e4listingimustes.<\/p>\n<p><strong>Komplektis:<\/strong><br \/>\n&#8211;  V\u00f5imas harjavaba mootoriga akutrell DDF486RTJ<br \/>\n&#8211; 2 x Aku LXT \u00ae 5,0 Ah BL1850B<br \/>\n&#8211; Laadija LXT \u00ae DC18RC<br \/>\n&#8211; Makpac kohver nr.2 821550-0<br \/>\n&#8211; Makpac kohver nr.2 kohvrisisu 837916-4<br \/>\n&#8211; J\u00e4\u00e4puur Rapala UR Makita EDT 155mm P-81072<\/p>\n\t\t<\/div>\n\t\t\t\t\t<\/div>\n\n\t\n\n\t<div id=\"col-1538207820\" class=\"col medium-3 small-12 large-3\"  >\n\t\t\t\t<div class=\"col-inner\"  >\n\t\t\t\n\t\t\t\n\t<div id=\"gap-1258557910\" class=\"gap-element clearfix\" style=\"display:block; height:auto;\">\n\t\t\n<style>\n#gap-1258557910 {\n  padding-top: 30px;\n}\n<\/style>\n\t<\/div>\n\t\n<h3>Kasutusjuhend<\/h3>\n<p><a href=\"https:\/\/espak.ee\/epood\/wp-content\/uploads\/2022\/12\/DDF486.pdf\"target=\"_blank\" rel=\"noopener noreferrer\"><i class=\"far fa-file-pdf\"><\/i> Kasutusjuhend (PDF)<\/a><\/p>\n<div class=\"is-divider divider clearfix\" ><\/div>\n<p><strong>\u00dcksikasjalikuma n\u00f5u saamiseks v\u00f5tke \u00fchendust:<br \/><\/strong>Espak AS<br \/>Viadukti 42<br \/>11313<br \/>Tallinn<br \/> T\u00f6\u00f6riista osakond +372 6512 335<br \/><a href=\"mailto:tooriist@espak.ee\">tooriist@espak.ee<\/a><\/p>\n\t\t<\/div>\n\t\t\t\t\t<\/div>\n\n\t\n<\/div>\n","protected":false},"excerpt":{"rendered":"","protected":false},"featured_media":144025,"comment_status":"closed","ping_status":"closed","template":"","meta":[],"product_brand":[],"product_cat":[2733,2744,2680,2679],"product_tag":[],"class_list":{"0":"post-144009","1":"product","2":"type-product","3":"status-publish","4":"has-post-thumbnail","6":"product_cat-akutooriistad","7":"product_cat-akutrellid","8":"product_cat-elektritooriistad","9":"product_cat-tooriistad","10":"pa_kaubamark-makita","12":"first","13":"outofstock","14":"sale","15":"taxable","16":"shipping-taxable","17":"purchasable","18":"product-type-simple"},"yoast_head":"<!-- This site is optimized with the Yoast SEO plugin v26.9 - https:\/\/yoast.com\/product\/yoast-seo-wordpress\/ -->\n<title>AKUTRELL MAKITA DDF486RTJ + J\u00c4\u00c4PUUR - Espak E-pood<\/title>\n<meta name=\"robots\" content=\"index, follow, max-snippet:-1, max-image-preview:large, max-video-preview:-1\" \/>\n<link rel=\"canonical\" href=\"https:\/\/espak.ee\/epood\/toode\/akutrell-makita-ddf486rtj-jaapuur\/\" \/>\n<meta property=\"og:locale\" content=\"et_EE\" \/>\n<meta property=\"og:type\" content=\"article\" \/>\n<meta property=\"og:title\" content=\"AKUTRELL MAKITA DDF486RTJ + J\u00c4\u00c4PUUR - Espak E-pood\" \/>\n<meta property=\"og:url\" content=\"https:\/\/espak.ee\/epood\/toode\/akutrell-makita-ddf486rtj-jaapuur\/\" \/>\n<meta property=\"og:site_name\" content=\"Espak E-pood\" \/>\n<meta property=\"article:modified_time\" content=\"2024-03-23T00:10:30+00:00\" \/>\n<meta property=\"og:image\" content=\"https:\/\/espak.ee\/epood\/wp-content\/uploads\/2022\/12\/DDF486_C2L0-2.jpg\" \/>\n\t<meta property=\"og:image:width\" content=\"800\" \/>\n\t<meta property=\"og:image:height\" content=\"800\" \/>\n\t<meta property=\"og:image:type\" content=\"image\/jpeg\" \/>\n<meta name=\"twitter:card\" content=\"summary_large_image\" \/>\n<meta name=\"twitter:label1\" content=\"Est. reading time\" \/>\n\t<meta name=\"twitter:data1\" content=\"1 minut\" \/>\n<script type=\"application\/ld+json\" class=\"yoast-schema-graph\">{\"@context\":\"https:\/\/schema.org\",\"@graph\":[{\"@type\":\"WebPage\",\"@id\":\"https:\/\/espak.ee\/epood\/toode\/akutrell-makita-ddf486rtj-jaapuur\/\",\"url\":\"https:\/\/espak.ee\/epood\/toode\/akutrell-makita-ddf486rtj-jaapuur\/\",\"name\":\"AKUTRELL MAKITA DDF486RTJ + J\u00c4\u00c4PUUR - Espak E-pood\",\"isPartOf\":{\"@id\":\"https:\/\/espak.ee\/epood\/#website\"},\"primaryImageOfPage\":{\"@id\":\"https:\/\/espak.ee\/epood\/toode\/akutrell-makita-ddf486rtj-jaapuur\/#primaryimage\"},\"image\":{\"@id\":\"https:\/\/espak.ee\/epood\/toode\/akutrell-makita-ddf486rtj-jaapuur\/#primaryimage\"},\"thumbnailUrl\":\"https:\/\/espak.ee\/epood\/wp-content\/uploads\/2022\/12\/DDF486_C2L0-2.jpg\",\"datePublished\":\"2022-12-21T09:12:04+00:00\",\"dateModified\":\"2024-03-23T00:10:30+00:00\",\"breadcrumb\":{\"@id\":\"https:\/\/espak.ee\/epood\/toode\/akutrell-makita-ddf486rtj-jaapuur\/#breadcrumb\"},\"inLanguage\":\"et\",\"potentialAction\":[{\"@type\":\"ReadAction\",\"target\":[\"https:\/\/espak.ee\/epood\/toode\/akutrell-makita-ddf486rtj-jaapuur\/\"]}]},{\"@type\":\"ImageObject\",\"inLanguage\":\"et\",\"@id\":\"https:\/\/espak.ee\/epood\/toode\/akutrell-makita-ddf486rtj-jaapuur\/#primaryimage\",\"url\":\"https:\/\/espak.ee\/epood\/wp-content\/uploads\/2022\/12\/DDF486_C2L0-2.jpg\",\"contentUrl\":\"https:\/\/espak.ee\/epood\/wp-content\/uploads\/2022\/12\/DDF486_C2L0-2.jpg\",\"width\":800,\"height\":800},{\"@type\":\"BreadcrumbList\",\"@id\":\"https:\/\/espak.ee\/epood\/toode\/akutrell-makita-ddf486rtj-jaapuur\/#breadcrumb\",\"itemListElement\":[{\"@type\":\"ListItem\",\"position\":1,\"name\":\"Home\",\"item\":\"https:\/\/espak.ee\/epood\/\"},{\"@type\":\"ListItem\",\"position\":2,\"name\":\"Tootevalik\",\"item\":\"https:\/\/espak.ee\/epood\/tootevalik\/\"},{\"@type\":\"ListItem\",\"position\":3,\"name\":\"AKUTRELL MAKITA DDF486RTJ + J\u00c4\u00c4PUUR\"}]},{\"@type\":\"WebSite\",\"@id\":\"https:\/\/espak.ee\/epood\/#website\",\"url\":\"https:\/\/espak.ee\/epood\/\",\"name\":\"Espak E-pood\",\"description\":\"\",\"potentialAction\":[{\"@type\":\"SearchAction\",\"target\":{\"@type\":\"EntryPoint\",\"urlTemplate\":\"https:\/\/espak.ee\/epood\/?s={search_term_string}\"},\"query-input\":{\"@type\":\"PropertyValueSpecification\",\"valueRequired\":true,\"valueName\":\"search_term_string\"}}],\"inLanguage\":\"et\"}]}<\/script>\n<!-- \/ Yoast SEO plugin. -->","yoast_head_json":{"title":"AKUTRELL MAKITA DDF486RTJ + J\u00c4\u00c4PUUR - Espak E-pood","robots":{"index":"index","follow":"follow","max-snippet":"max-snippet:-1","max-image-preview":"max-image-preview:large","max-video-preview":"max-video-preview:-1"},"canonical":"https:\/\/espak.ee\/epood\/toode\/akutrell-makita-ddf486rtj-jaapuur\/","og_locale":"et_EE","og_type":"article","og_title":"AKUTRELL MAKITA DDF486RTJ + J\u00c4\u00c4PUUR - Espak E-pood","og_url":"https:\/\/espak.ee\/epood\/toode\/akutrell-makita-ddf486rtj-jaapuur\/","og_site_name":"Espak E-pood","article_modified_time":"2024-03-23T00:10:30+00:00","og_image":[{"width":800,"height":800,"url":"https:\/\/espak.ee\/epood\/wp-content\/uploads\/2022\/12\/DDF486_C2L0-2.jpg","type":"image\/jpeg"}],"twitter_card":"summary_large_image","twitter_misc":{"Est. reading time":"1 minut"},"schema":{"@context":"https:\/\/schema.org","@graph":[{"@type":"WebPage","@id":"https:\/\/espak.ee\/epood\/toode\/akutrell-makita-ddf486rtj-jaapuur\/","url":"https:\/\/espak.ee\/epood\/toode\/akutrell-makita-ddf486rtj-jaapuur\/","name":"AKUTRELL MAKITA DDF486RTJ + J\u00c4\u00c4PUUR - Espak E-pood","isPartOf":{"@id":"https:\/\/espak.ee\/epood\/#website"},"primaryImageOfPage":{"@id":"https:\/\/espak.ee\/epood\/toode\/akutrell-makita-ddf486rtj-jaapuur\/#primaryimage"},"image":{"@id":"https:\/\/espak.ee\/epood\/toode\/akutrell-makita-ddf486rtj-jaapuur\/#primaryimage"},"thumbnailUrl":"https:\/\/espak.ee\/epood\/wp-content\/uploads\/2022\/12\/DDF486_C2L0-2.jpg","datePublished":"2022-12-21T09:12:04+00:00","dateModified":"2024-03-23T00:10:30+00:00","breadcrumb":{"@id":"https:\/\/espak.ee\/epood\/toode\/akutrell-makita-ddf486rtj-jaapuur\/#breadcrumb"},"inLanguage":"et","potentialAction":[{"@type":"ReadAction","target":["https:\/\/espak.ee\/epood\/toode\/akutrell-makita-ddf486rtj-jaapuur\/"]}]},{"@type":"ImageObject","inLanguage":"et","@id":"https:\/\/espak.ee\/epood\/toode\/akutrell-makita-ddf486rtj-jaapuur\/#primaryimage","url":"https:\/\/espak.ee\/epood\/wp-content\/uploads\/2022\/12\/DDF486_C2L0-2.jpg","contentUrl":"https:\/\/espak.ee\/epood\/wp-content\/uploads\/2022\/12\/DDF486_C2L0-2.jpg","width":800,"height":800},{"@type":"BreadcrumbList","@id":"https:\/\/espak.ee\/epood\/toode\/akutrell-makita-ddf486rtj-jaapuur\/#breadcrumb","itemListElement":[{"@type":"ListItem","position":1,"name":"Home","item":"https:\/\/espak.ee\/epood\/"},{"@type":"ListItem","position":2,"name":"Tootevalik","item":"https:\/\/espak.ee\/epood\/tootevalik\/"},{"@type":"ListItem","position":3,"name":"AKUTRELL MAKITA DDF486RTJ + J\u00c4\u00c4PUUR"}]},{"@type":"WebSite","@id":"https:\/\/espak.ee\/epood\/#website","url":"https:\/\/espak.ee\/epood\/","name":"Espak E-pood","description":"","potentialAction":[{"@type":"SearchAction","target":{"@type":"EntryPoint","urlTemplate":"https:\/\/espak.ee\/epood\/?s={search_term_string}"},"query-input":{"@type":"PropertyValueSpecification","valueRequired":true,"valueName":"search_term_string"}}],"inLanguage":"et"}]}},"_links":{"self":[{"href":"https:\/\/espak.ee\/epood\/wp-json\/wp\/v2\/product\/144009","targetHints":{"allow":["GET"]}}],"collection":[{"href":"https:\/\/espak.ee\/epood\/wp-json\/wp\/v2\/product"}],"about":[{"href":"https:\/\/espak.ee\/epood\/wp-json\/wp\/v2\/types\/product"}],"replies":[{"embeddable":true,"href":"https:\/\/espak.ee\/epood\/wp-json\/wp\/v2\/comments?post=144009"}],"wp:featuredmedia":[{"embeddable":true,"href":"https:\/\/espak.ee\/epood\/wp-json\/wp\/v2\/media\/144025"}],"wp:attachment":[{"href":"https:\/\/espak.ee\/epood\/wp-json\/wp\/v2\/media?parent=144009"}],"wp:term":[{"taxonomy":"product_brand","embeddable":true,"href":"https:\/\/espak.ee\/epood\/wp-json\/wp\/v2\/product_brand?post=144009"},{"taxonomy":"product_cat","embeddable":true,"href":"https:\/\/espak.ee\/epood\/wp-json\/wp\/v2\/product_cat?post=144009"},{"taxonomy":"product_tag","embeddable":true,"href":"https:\/\/espak.ee\/epood\/wp-json\/wp\/v2\/product_tag?post=144009"}],"curies":[{"name":"wp","href":"https:\/\/api.w.org\/{rel}","templated":true}]}}