{"id":143977,"date":"2022-12-21T00:25:33","date_gmt":"2022-12-20T22:25:33","guid":{"rendered":"https:\/\/espak.ee\/epood\/?post_type=product&#038;p=143977"},"modified":"2024-03-23T02:10:54","modified_gmt":"2024-03-23T00:10:54","slug":"jatk-uponor-qe-2516-ppsu","status":"publish","type":"product","link":"https:\/\/espak.ee\/epood\/toode\/jatk-uponor-qe-2516-ppsu\/","title":{"rendered":"J\u00c4TK UPONOR Q&#038;E 25*16 PPSU"},"content":{"rendered":"<div class=\"row\"  id=\"row-1941421534\">\n\n\t<div id=\"col-685478008\" class=\"col medium-9 small-12 large-9\"  >\n\t\t\t\t<div class=\"col-inner\"  >\n\t\t\t\n\t\t\t\n<h3>Uponor Q&#038;E siirdmik PPSU 25-16<\/h3>\n<p><strong>Kasutusalad:<\/strong><br \/>\n&#8211; Liitmikud PE-Xa torudele<br \/>\n&#8211; Liitmikud sobivad ka ECOFLEX s\u00fcsteemis kasutamiseks<br \/>\n&#8211; Keermesliitmike v\u00e4lis- ja sisekeermed vastavalt EN 10226-1<\/p>\n<p>Diameeter: 25 mm<br \/>\nR\u00f5hk: 6+10 bar<br \/>\nPikkus (l): 49 mm<br \/>\nPikkus (l1): 28 mm<br \/>\nPikkus (l2): 18 mm<br \/>\nz1: 3 mm<\/p>\n\t\t<\/div>\n\t\t\t\t\t<\/div>\n\n\t\n\n\t<div id=\"col-1656240675\" class=\"col medium-3 small-12 large-3\"  >\n\t\t\t\t<div class=\"col-inner\"  >\n\t\t\t\n\t\t\t\n<div class=\"is-divider divider clearfix\" ><\/div>\n<p><strong>\u00dcksikasjalikuma n\u00f5u saamiseks v\u00f5tke \u00fchendust:<br \/><\/strong>Uponor Eesti O\u00dc<br \/>Osmussaare 8<br \/>Tallinn<br \/>13811<br \/>+372 605 2070<\/p>\n\t\t<\/div>\n\t\t\t\t\t<\/div>\n\n\t\n<\/div>\n","protected":false},"excerpt":{"rendered":"","protected":false},"featured_media":143985,"comment_status":"closed","ping_status":"closed","template":"","meta":[],"product_brand":[],"product_cat":[2819,2820,3581,4014],"product_tag":[],"class_list":{"0":"post-143977","1":"product","2":"type-product","3":"status-publish","4":"has-post-thumbnail","6":"product_cat-sanitaartehnika","7":"product_cat-sanitaartehnika-sanitaartehnika","8":"product_cat-toruliitmikud","9":"product_cat-toruliitmikud-messing","10":"pa_kaubamark-uponor-gmbh","12":"first","13":"instock","14":"sale","15":"taxable","16":"shipping-taxable","17":"purchasable","18":"product-type-simple"},"yoast_head":"<!-- This site is optimized with the Yoast SEO plugin v26.9 - https:\/\/yoast.com\/product\/yoast-seo-wordpress\/ -->\n<title>J\u00c4TK UPONOR Q&amp;E 25*16 PPSU - Espak E-pood<\/title>\n<meta name=\"robots\" content=\"index, follow, max-snippet:-1, max-image-preview:large, max-video-preview:-1\" \/>\n<link rel=\"canonical\" href=\"https:\/\/espak.ee\/epood\/toode\/jatk-uponor-qe-2516-ppsu\/\" \/>\n<meta property=\"og:locale\" content=\"et_EE\" \/>\n<meta property=\"og:type\" content=\"article\" \/>\n<meta property=\"og:title\" content=\"J\u00c4TK UPONOR Q&amp;E 25*16 PPSU - Espak E-pood\" \/>\n<meta property=\"og:url\" content=\"https:\/\/espak.ee\/epood\/toode\/jatk-uponor-qe-2516-ppsu\/\" \/>\n<meta property=\"og:site_name\" content=\"Espak E-pood\" \/>\n<meta property=\"article:modified_time\" content=\"2024-03-23T00:10:54+00:00\" \/>\n<meta property=\"og:image\" content=\"https:\/\/espak.ee\/epood\/wp-content\/uploads\/2022\/12\/1008675_REN-2.jpg\" \/>\n\t<meta property=\"og:image:width\" content=\"800\" \/>\n\t<meta property=\"og:image:height\" content=\"800\" \/>\n\t<meta property=\"og:image:type\" content=\"image\/jpeg\" \/>\n<meta name=\"twitter:card\" content=\"summary_large_image\" \/>\n<script type=\"application\/ld+json\" class=\"yoast-schema-graph\">{\"@context\":\"https:\/\/schema.org\",\"@graph\":[{\"@type\":\"WebPage\",\"@id\":\"https:\/\/espak.ee\/epood\/toode\/jatk-uponor-qe-2516-ppsu\/\",\"url\":\"https:\/\/espak.ee\/epood\/toode\/jatk-uponor-qe-2516-ppsu\/\",\"name\":\"J\u00c4TK UPONOR Q&E 25*16 PPSU - Espak E-pood\",\"isPartOf\":{\"@id\":\"https:\/\/espak.ee\/epood\/#website\"},\"primaryImageOfPage\":{\"@id\":\"https:\/\/espak.ee\/epood\/toode\/jatk-uponor-qe-2516-ppsu\/#primaryimage\"},\"image\":{\"@id\":\"https:\/\/espak.ee\/epood\/toode\/jatk-uponor-qe-2516-ppsu\/#primaryimage\"},\"thumbnailUrl\":\"https:\/\/espak.ee\/epood\/wp-content\/uploads\/2022\/12\/1008675_REN-2.jpg\",\"datePublished\":\"2022-12-20T22:25:33+00:00\",\"dateModified\":\"2024-03-23T00:10:54+00:00\",\"breadcrumb\":{\"@id\":\"https:\/\/espak.ee\/epood\/toode\/jatk-uponor-qe-2516-ppsu\/#breadcrumb\"},\"inLanguage\":\"et\",\"potentialAction\":[{\"@type\":\"ReadAction\",\"target\":[\"https:\/\/espak.ee\/epood\/toode\/jatk-uponor-qe-2516-ppsu\/\"]}]},{\"@type\":\"ImageObject\",\"inLanguage\":\"et\",\"@id\":\"https:\/\/espak.ee\/epood\/toode\/jatk-uponor-qe-2516-ppsu\/#primaryimage\",\"url\":\"https:\/\/espak.ee\/epood\/wp-content\/uploads\/2022\/12\/1008675_REN-2.jpg\",\"contentUrl\":\"https:\/\/espak.ee\/epood\/wp-content\/uploads\/2022\/12\/1008675_REN-2.jpg\",\"width\":800,\"height\":800},{\"@type\":\"BreadcrumbList\",\"@id\":\"https:\/\/espak.ee\/epood\/toode\/jatk-uponor-qe-2516-ppsu\/#breadcrumb\",\"itemListElement\":[{\"@type\":\"ListItem\",\"position\":1,\"name\":\"Home\",\"item\":\"https:\/\/espak.ee\/epood\/\"},{\"@type\":\"ListItem\",\"position\":2,\"name\":\"Tootevalik\",\"item\":\"https:\/\/espak.ee\/epood\/tootevalik\/\"},{\"@type\":\"ListItem\",\"position\":3,\"name\":\"J\u00c4TK UPONOR Q&#038;E 25*16 PPSU\"}]},{\"@type\":\"WebSite\",\"@id\":\"https:\/\/espak.ee\/epood\/#website\",\"url\":\"https:\/\/espak.ee\/epood\/\",\"name\":\"Espak E-pood\",\"description\":\"\",\"potentialAction\":[{\"@type\":\"SearchAction\",\"target\":{\"@type\":\"EntryPoint\",\"urlTemplate\":\"https:\/\/espak.ee\/epood\/?s={search_term_string}\"},\"query-input\":{\"@type\":\"PropertyValueSpecification\",\"valueRequired\":true,\"valueName\":\"search_term_string\"}}],\"inLanguage\":\"et\"}]}<\/script>\n<!-- \/ Yoast SEO plugin. -->","yoast_head_json":{"title":"J\u00c4TK UPONOR Q&E 25*16 PPSU - Espak E-pood","robots":{"index":"index","follow":"follow","max-snippet":"max-snippet:-1","max-image-preview":"max-image-preview:large","max-video-preview":"max-video-preview:-1"},"canonical":"https:\/\/espak.ee\/epood\/toode\/jatk-uponor-qe-2516-ppsu\/","og_locale":"et_EE","og_type":"article","og_title":"J\u00c4TK UPONOR Q&E 25*16 PPSU - Espak E-pood","og_url":"https:\/\/espak.ee\/epood\/toode\/jatk-uponor-qe-2516-ppsu\/","og_site_name":"Espak E-pood","article_modified_time":"2024-03-23T00:10:54+00:00","og_image":[{"width":800,"height":800,"url":"https:\/\/espak.ee\/epood\/wp-content\/uploads\/2022\/12\/1008675_REN-2.jpg","type":"image\/jpeg"}],"twitter_card":"summary_large_image","schema":{"@context":"https:\/\/schema.org","@graph":[{"@type":"WebPage","@id":"https:\/\/espak.ee\/epood\/toode\/jatk-uponor-qe-2516-ppsu\/","url":"https:\/\/espak.ee\/epood\/toode\/jatk-uponor-qe-2516-ppsu\/","name":"J\u00c4TK UPONOR Q&E 25*16 PPSU - Espak E-pood","isPartOf":{"@id":"https:\/\/espak.ee\/epood\/#website"},"primaryImageOfPage":{"@id":"https:\/\/espak.ee\/epood\/toode\/jatk-uponor-qe-2516-ppsu\/#primaryimage"},"image":{"@id":"https:\/\/espak.ee\/epood\/toode\/jatk-uponor-qe-2516-ppsu\/#primaryimage"},"thumbnailUrl":"https:\/\/espak.ee\/epood\/wp-content\/uploads\/2022\/12\/1008675_REN-2.jpg","datePublished":"2022-12-20T22:25:33+00:00","dateModified":"2024-03-23T00:10:54+00:00","breadcrumb":{"@id":"https:\/\/espak.ee\/epood\/toode\/jatk-uponor-qe-2516-ppsu\/#breadcrumb"},"inLanguage":"et","potentialAction":[{"@type":"ReadAction","target":["https:\/\/espak.ee\/epood\/toode\/jatk-uponor-qe-2516-ppsu\/"]}]},{"@type":"ImageObject","inLanguage":"et","@id":"https:\/\/espak.ee\/epood\/toode\/jatk-uponor-qe-2516-ppsu\/#primaryimage","url":"https:\/\/espak.ee\/epood\/wp-content\/uploads\/2022\/12\/1008675_REN-2.jpg","contentUrl":"https:\/\/espak.ee\/epood\/wp-content\/uploads\/2022\/12\/1008675_REN-2.jpg","width":800,"height":800},{"@type":"BreadcrumbList","@id":"https:\/\/espak.ee\/epood\/toode\/jatk-uponor-qe-2516-ppsu\/#breadcrumb","itemListElement":[{"@type":"ListItem","position":1,"name":"Home","item":"https:\/\/espak.ee\/epood\/"},{"@type":"ListItem","position":2,"name":"Tootevalik","item":"https:\/\/espak.ee\/epood\/tootevalik\/"},{"@type":"ListItem","position":3,"name":"J\u00c4TK UPONOR Q&#038;E 25*16 PPSU"}]},{"@type":"WebSite","@id":"https:\/\/espak.ee\/epood\/#website","url":"https:\/\/espak.ee\/epood\/","name":"Espak E-pood","description":"","potentialAction":[{"@type":"SearchAction","target":{"@type":"EntryPoint","urlTemplate":"https:\/\/espak.ee\/epood\/?s={search_term_string}"},"query-input":{"@type":"PropertyValueSpecification","valueRequired":true,"valueName":"search_term_string"}}],"inLanguage":"et"}]}},"_links":{"self":[{"href":"https:\/\/espak.ee\/epood\/wp-json\/wp\/v2\/product\/143977","targetHints":{"allow":["GET"]}}],"collection":[{"href":"https:\/\/espak.ee\/epood\/wp-json\/wp\/v2\/product"}],"about":[{"href":"https:\/\/espak.ee\/epood\/wp-json\/wp\/v2\/types\/product"}],"replies":[{"embeddable":true,"href":"https:\/\/espak.ee\/epood\/wp-json\/wp\/v2\/comments?post=143977"}],"wp:featuredmedia":[{"embeddable":true,"href":"https:\/\/espak.ee\/epood\/wp-json\/wp\/v2\/media\/143985"}],"wp:attachment":[{"href":"https:\/\/espak.ee\/epood\/wp-json\/wp\/v2\/media?parent=143977"}],"wp:term":[{"taxonomy":"product_brand","embeddable":true,"href":"https:\/\/espak.ee\/epood\/wp-json\/wp\/v2\/product_brand?post=143977"},{"taxonomy":"product_cat","embeddable":true,"href":"https:\/\/espak.ee\/epood\/wp-json\/wp\/v2\/product_cat?post=143977"},{"taxonomy":"product_tag","embeddable":true,"href":"https:\/\/espak.ee\/epood\/wp-json\/wp\/v2\/product_tag?post=143977"}],"curies":[{"name":"wp","href":"https:\/\/api.w.org\/{rel}","templated":true}]}}