{"id":143916,"date":"2022-12-20T02:06:20","date_gmt":"2022-12-20T00:06:20","guid":{"rendered":"https:\/\/espak.ee\/epood\/?post_type=product&#038;p=143916"},"modified":"2024-08-18T12:40:06","modified_gmt":"2024-08-18T09:40:06","slug":"paindetugi-uponor-galvaniseeritud-teras-16","status":"publish","type":"product","link":"https:\/\/espak.ee\/epood\/toode\/paindetugi-uponor-galvaniseeritud-teras-16\/","title":{"rendered":"PAINDETUGI UPONOR GALVANISEERITUD TERAS 16"},"content":{"rendered":"<div class=\"row\"  id=\"row-1837186767\">\n\n\t<div id=\"col-1579866729\" class=\"col medium-9 small-12 large-9\"  >\n\t\t\t\t<div class=\"col-inner\"  >\n\t\t\t\n\t\t\t\n<h3>Uponor Multi paindetugi galvaniseeritud teras 16<\/h3>\n<p>&#8211; Tsingitud teras<br \/>\n&#8211; Paindetugi 90\u00b0<\/p>\n<p><strong>Kasutusala:<\/strong><br \/>\n&#8211; P\u00f5randak\u00fctte- ja jahutuss\u00fcsteemid<\/p>\n<p>Sisediameeter: 16,3 mm<br \/>\nSisediameeter_di: 16,3 mm<br \/>\nV\u00e4rv: Tsingitud teras<br \/>\nPikkus (l): 100 mm<br \/>\nz: 63 mm<br \/>\nZ-m\u00f5\u00f5t h: 15 mm<br \/>\nRaadius: 63 mm<\/p>\n\t\t<\/div>\n\t\t\t\t\t<\/div>\n\n\t\n\n\t<div id=\"col-1164886801\" class=\"col medium-3 small-12 large-3\"  >\n\t\t\t\t<div class=\"col-inner\"  >\n\t\t\t\n\t\t\t\n<div class=\"is-divider divider clearfix\" ><\/div>\n<p><strong>\u00dcksikasjalikuma n\u00f5u saamiseks v\u00f5tke \u00fchendust:<br \/><\/strong>Uponor Eesti O\u00dc<br \/>Osmussaare 8<br \/>Tallinn<br \/>13811<br \/>+372 605 2070<\/p>\n\t\t<\/div>\n\t\t\t\t\t<\/div>\n\n\t\n<\/div>\n","protected":false},"excerpt":{"rendered":"","protected":false},"featured_media":143926,"comment_status":"closed","ping_status":"closed","template":"","meta":[],"product_brand":[],"product_cat":[2819,2820,3581,4014],"product_tag":[],"class_list":{"0":"post-143916","1":"product","2":"type-product","3":"status-publish","4":"has-post-thumbnail","6":"product_cat-sanitaartehnika","7":"product_cat-sanitaartehnika-sanitaartehnika","8":"product_cat-toruliitmikud","9":"product_cat-toruliitmikud-messing","10":"pa_kaubamark-uponor-gmbh","12":"first","13":"instock","14":"sale","15":"taxable","16":"shipping-taxable","17":"purchasable","18":"product-type-simple"},"yoast_head":"<!-- This site is optimized with the Yoast SEO plugin v26.9 - https:\/\/yoast.com\/product\/yoast-seo-wordpress\/ -->\n<title>PAINDETUGI UPONOR GALVANISEERITUD TERAS 16 - Espak E-pood<\/title>\n<meta name=\"robots\" content=\"index, follow, max-snippet:-1, max-image-preview:large, max-video-preview:-1\" \/>\n<link rel=\"canonical\" href=\"https:\/\/espak.ee\/epood\/toode\/paindetugi-uponor-galvaniseeritud-teras-16\/\" \/>\n<meta property=\"og:locale\" content=\"et_EE\" \/>\n<meta property=\"og:type\" content=\"article\" \/>\n<meta property=\"og:title\" content=\"PAINDETUGI UPONOR GALVANISEERITUD TERAS 16 - Espak E-pood\" \/>\n<meta property=\"og:url\" content=\"https:\/\/espak.ee\/epood\/toode\/paindetugi-uponor-galvaniseeritud-teras-16\/\" \/>\n<meta property=\"og:site_name\" content=\"Espak E-pood\" \/>\n<meta property=\"article:modified_time\" content=\"2024-08-18T09:40:06+00:00\" \/>\n<meta property=\"og:image\" content=\"https:\/\/espak.ee\/epood\/wp-content\/uploads\/2022\/12\/1009004_REN.jpg\" \/>\n\t<meta property=\"og:image:width\" content=\"800\" \/>\n\t<meta property=\"og:image:height\" content=\"800\" \/>\n\t<meta property=\"og:image:type\" content=\"image\/jpeg\" \/>\n<meta name=\"twitter:card\" content=\"summary_large_image\" \/>\n<script type=\"application\/ld+json\" class=\"yoast-schema-graph\">{\"@context\":\"https:\/\/schema.org\",\"@graph\":[{\"@type\":\"WebPage\",\"@id\":\"https:\/\/espak.ee\/epood\/toode\/paindetugi-uponor-galvaniseeritud-teras-16\/\",\"url\":\"https:\/\/espak.ee\/epood\/toode\/paindetugi-uponor-galvaniseeritud-teras-16\/\",\"name\":\"PAINDETUGI UPONOR GALVANISEERITUD TERAS 16 - Espak E-pood\",\"isPartOf\":{\"@id\":\"https:\/\/espak.ee\/epood\/#website\"},\"primaryImageOfPage\":{\"@id\":\"https:\/\/espak.ee\/epood\/toode\/paindetugi-uponor-galvaniseeritud-teras-16\/#primaryimage\"},\"image\":{\"@id\":\"https:\/\/espak.ee\/epood\/toode\/paindetugi-uponor-galvaniseeritud-teras-16\/#primaryimage\"},\"thumbnailUrl\":\"https:\/\/espak.ee\/epood\/wp-content\/uploads\/2022\/12\/1009004_REN.jpg\",\"datePublished\":\"2022-12-20T00:06:20+00:00\",\"dateModified\":\"2024-08-18T09:40:06+00:00\",\"breadcrumb\":{\"@id\":\"https:\/\/espak.ee\/epood\/toode\/paindetugi-uponor-galvaniseeritud-teras-16\/#breadcrumb\"},\"inLanguage\":\"et\",\"potentialAction\":[{\"@type\":\"ReadAction\",\"target\":[\"https:\/\/espak.ee\/epood\/toode\/paindetugi-uponor-galvaniseeritud-teras-16\/\"]}]},{\"@type\":\"ImageObject\",\"inLanguage\":\"et\",\"@id\":\"https:\/\/espak.ee\/epood\/toode\/paindetugi-uponor-galvaniseeritud-teras-16\/#primaryimage\",\"url\":\"https:\/\/espak.ee\/epood\/wp-content\/uploads\/2022\/12\/1009004_REN.jpg\",\"contentUrl\":\"https:\/\/espak.ee\/epood\/wp-content\/uploads\/2022\/12\/1009004_REN.jpg\",\"width\":800,\"height\":800},{\"@type\":\"BreadcrumbList\",\"@id\":\"https:\/\/espak.ee\/epood\/toode\/paindetugi-uponor-galvaniseeritud-teras-16\/#breadcrumb\",\"itemListElement\":[{\"@type\":\"ListItem\",\"position\":1,\"name\":\"Home\",\"item\":\"https:\/\/espak.ee\/epood\/\"},{\"@type\":\"ListItem\",\"position\":2,\"name\":\"Tootevalik\",\"item\":\"https:\/\/espak.ee\/epood\/tootevalik\/\"},{\"@type\":\"ListItem\",\"position\":3,\"name\":\"PAINDETUGI UPONOR GALVANISEERITUD TERAS 16\"}]},{\"@type\":\"WebSite\",\"@id\":\"https:\/\/espak.ee\/epood\/#website\",\"url\":\"https:\/\/espak.ee\/epood\/\",\"name\":\"Espak E-pood\",\"description\":\"\",\"potentialAction\":[{\"@type\":\"SearchAction\",\"target\":{\"@type\":\"EntryPoint\",\"urlTemplate\":\"https:\/\/espak.ee\/epood\/?s={search_term_string}\"},\"query-input\":{\"@type\":\"PropertyValueSpecification\",\"valueRequired\":true,\"valueName\":\"search_term_string\"}}],\"inLanguage\":\"et\"}]}<\/script>\n<!-- \/ Yoast SEO plugin. -->","yoast_head_json":{"title":"PAINDETUGI UPONOR GALVANISEERITUD TERAS 16 - Espak E-pood","robots":{"index":"index","follow":"follow","max-snippet":"max-snippet:-1","max-image-preview":"max-image-preview:large","max-video-preview":"max-video-preview:-1"},"canonical":"https:\/\/espak.ee\/epood\/toode\/paindetugi-uponor-galvaniseeritud-teras-16\/","og_locale":"et_EE","og_type":"article","og_title":"PAINDETUGI UPONOR GALVANISEERITUD TERAS 16 - Espak E-pood","og_url":"https:\/\/espak.ee\/epood\/toode\/paindetugi-uponor-galvaniseeritud-teras-16\/","og_site_name":"Espak E-pood","article_modified_time":"2024-08-18T09:40:06+00:00","og_image":[{"width":800,"height":800,"url":"https:\/\/espak.ee\/epood\/wp-content\/uploads\/2022\/12\/1009004_REN.jpg","type":"image\/jpeg"}],"twitter_card":"summary_large_image","schema":{"@context":"https:\/\/schema.org","@graph":[{"@type":"WebPage","@id":"https:\/\/espak.ee\/epood\/toode\/paindetugi-uponor-galvaniseeritud-teras-16\/","url":"https:\/\/espak.ee\/epood\/toode\/paindetugi-uponor-galvaniseeritud-teras-16\/","name":"PAINDETUGI UPONOR GALVANISEERITUD TERAS 16 - Espak E-pood","isPartOf":{"@id":"https:\/\/espak.ee\/epood\/#website"},"primaryImageOfPage":{"@id":"https:\/\/espak.ee\/epood\/toode\/paindetugi-uponor-galvaniseeritud-teras-16\/#primaryimage"},"image":{"@id":"https:\/\/espak.ee\/epood\/toode\/paindetugi-uponor-galvaniseeritud-teras-16\/#primaryimage"},"thumbnailUrl":"https:\/\/espak.ee\/epood\/wp-content\/uploads\/2022\/12\/1009004_REN.jpg","datePublished":"2022-12-20T00:06:20+00:00","dateModified":"2024-08-18T09:40:06+00:00","breadcrumb":{"@id":"https:\/\/espak.ee\/epood\/toode\/paindetugi-uponor-galvaniseeritud-teras-16\/#breadcrumb"},"inLanguage":"et","potentialAction":[{"@type":"ReadAction","target":["https:\/\/espak.ee\/epood\/toode\/paindetugi-uponor-galvaniseeritud-teras-16\/"]}]},{"@type":"ImageObject","inLanguage":"et","@id":"https:\/\/espak.ee\/epood\/toode\/paindetugi-uponor-galvaniseeritud-teras-16\/#primaryimage","url":"https:\/\/espak.ee\/epood\/wp-content\/uploads\/2022\/12\/1009004_REN.jpg","contentUrl":"https:\/\/espak.ee\/epood\/wp-content\/uploads\/2022\/12\/1009004_REN.jpg","width":800,"height":800},{"@type":"BreadcrumbList","@id":"https:\/\/espak.ee\/epood\/toode\/paindetugi-uponor-galvaniseeritud-teras-16\/#breadcrumb","itemListElement":[{"@type":"ListItem","position":1,"name":"Home","item":"https:\/\/espak.ee\/epood\/"},{"@type":"ListItem","position":2,"name":"Tootevalik","item":"https:\/\/espak.ee\/epood\/tootevalik\/"},{"@type":"ListItem","position":3,"name":"PAINDETUGI UPONOR GALVANISEERITUD TERAS 16"}]},{"@type":"WebSite","@id":"https:\/\/espak.ee\/epood\/#website","url":"https:\/\/espak.ee\/epood\/","name":"Espak E-pood","description":"","potentialAction":[{"@type":"SearchAction","target":{"@type":"EntryPoint","urlTemplate":"https:\/\/espak.ee\/epood\/?s={search_term_string}"},"query-input":{"@type":"PropertyValueSpecification","valueRequired":true,"valueName":"search_term_string"}}],"inLanguage":"et"}]}},"_links":{"self":[{"href":"https:\/\/espak.ee\/epood\/wp-json\/wp\/v2\/product\/143916","targetHints":{"allow":["GET"]}}],"collection":[{"href":"https:\/\/espak.ee\/epood\/wp-json\/wp\/v2\/product"}],"about":[{"href":"https:\/\/espak.ee\/epood\/wp-json\/wp\/v2\/types\/product"}],"replies":[{"embeddable":true,"href":"https:\/\/espak.ee\/epood\/wp-json\/wp\/v2\/comments?post=143916"}],"wp:featuredmedia":[{"embeddable":true,"href":"https:\/\/espak.ee\/epood\/wp-json\/wp\/v2\/media\/143926"}],"wp:attachment":[{"href":"https:\/\/espak.ee\/epood\/wp-json\/wp\/v2\/media?parent=143916"}],"wp:term":[{"taxonomy":"product_brand","embeddable":true,"href":"https:\/\/espak.ee\/epood\/wp-json\/wp\/v2\/product_brand?post=143916"},{"taxonomy":"product_cat","embeddable":true,"href":"https:\/\/espak.ee\/epood\/wp-json\/wp\/v2\/product_cat?post=143916"},{"taxonomy":"product_tag","embeddable":true,"href":"https:\/\/espak.ee\/epood\/wp-json\/wp\/v2\/product_tag?post=143916"}],"curies":[{"name":"wp","href":"https:\/\/api.w.org\/{rel}","templated":true}]}}