{"id":14379,"date":"2020-01-11T03:05:47","date_gmt":"2020-01-11T01:05:47","guid":{"rendered":"https:\/\/espak.ee\/hinnakiri\/?post_type=product&#038;p=14379"},"modified":"2026-01-14T14:43:01","modified_gmt":"2026-01-14T12:43:01","slug":"ehitusliim-moment-fix-crystal-290g","status":"publish","type":"product","link":"https:\/\/espak.ee\/epood\/toode\/ehitusliim-moment-fix-crystal-290g\/","title":{"rendered":"EHITUSLIIM MOMENT FIX CRYSTAL 290G"},"content":{"rendered":"<div class=\"row\"  id=\"row-1696184078\">\n\n\t<div id=\"col-648453582\" class=\"col medium-9 small-12 large-9\"  >\n\t\t\t\t<div class=\"col-inner\"  >\n\t\t\t\n\t\t\t\n<h2>Moment Fix Crystal<\/h2>\n<p>Kui teil on vaja midagi liimida sise- v\u00f5i v\u00e4listingimustes (n\u00e4iteks valamu, r\u00e4\u00e4starenn v\u00f5i aknalaud), siis sobib Teile multifunktsionaalne toode Moment FIX Crystal. T\u00e4nu t\u00e4iustatud FlexTec-p\u00f5hisele koostisele sobib see kasutamiseks peaaegu k\u00f5ikide materjalide liimimiseks ja  tagab vastupidava ja tugeva kohese nakke. L\u00e4bipaistev.<\/p>\n<div class=\"message-box relative\" style=\"padding-top:15px;padding-bottom:15px;\"><div class=\"message-box-bg-image bg-fill fill\" ><\/div><div class=\"message-box-bg-overlay bg-fill fill\" ><\/div><div class=\"container relative\"><div class=\"inner last-reset\">\n<div class=\"row align-middle align-center\"  id=\"row-1041951588\">\n\n\t<div id=\"col-805020353\" class=\"col small-12 large-12\"  >\n\t\t\t\t<div class=\"col-inner text-left\"  >\n\t\t\t\n\t\t\t\n<h4>Omadused<\/h4>\n<div class=\"row\"  id=\"row-1854360576\">\n\n\t<div id=\"col-1120836562\" class=\"col medium-6 small-12 large-6\"  >\n\t\t\t\t<div class=\"col-inner\"  >\n\t\t\t\n\t\t\t\n<p><i class=\"fa fa-check fa-2x\"><\/i> <strong>Sise- kui ka v\u00e4lit\u00f6\u00f6deks<\/strong><\/p>\n<p><i class=\"fa fa-check fa-2x\"><\/i> <strong>Sobib peaaegu k\u00f5ikide materjalide liimimiseks<\/strong><\/p>\n\t\t<\/div>\n\t\t\t\t\n<style>\n#col-1120836562 > .col-inner {\n  margin: 0px 0px 15px 0px;\n}\n<\/style>\n\t<\/div>\n\n\t\n<\/div>\n\t\t<\/div>\n\t\t\t\t\t<\/div>\n\n\t\n<\/div>\n<\/div><\/div><\/div>\n\t<div id=\"gap-57276719\" class=\"gap-element clearfix\" style=\"display:block; height:auto;\">\n\t\t\n<style>\n#gap-57276719 {\n  padding-top: 30px;\n}\n<\/style>\n\t<\/div>\n\t\n<h3>Kasutamise \u00fcksikasjad<\/h3>\n<p><strong>Kasutusala:<\/strong> Moment Crystal FIX sobib paljudele pindadele, sh tellis, keraamika, betoon, k\u00f5va puitkiudplaat, kipskartongplaat, vineer, kivi, MDF, puit, metall, UPVC, klaas, plast, v\u00e4rvitud pinnad*, peeglid. Sobivad k\u00f5ik imavad ja mitteimavad pinnad, v\u00e4lja arvatud PE, PP, PTFE, akr\u00fc\u00fclklaas, plastifitseeritud PVC, vask ja messing. Kattega pindade puhul tuleb toote sobivust kontrollida v\u00f5i pidada n\u00f5u asjatundjaga. M\u00e4rg pind peab saama \u00e4ra kuivada. Ei soovitata p\u00fcsivalt vee alla j\u00e4\u00e4vate rakenduste jaoks. Tihendusvuugid ja liitekohad metall- ja puitkonstruktsioonides. Tihendusvuugid ventilatsiooni- ja \u00f5hukonditsioneeritorustikus.<\/p>\n<p><strong>Kasutusjuhend:<\/strong> 1. Enne liimi pealekandmist kontrollige, et  liimitav pind oleks puhas, kuiv, \u00f5livaba ja tapeedist puhas.<br \/>\n2. Kui kasutate padrunit, l\u00f5igake \u00e4ra padruni otsik keermekohast k\u00f5rgemalt. Keerake plastikotsik padrunile ja l\u00f5igake selle ots \u00e4ra soovitud nurga all ja suuruses. Seej\u00e4rel pange padrun silikoonip\u00fcstolisse.<br \/>\n3. Olenevalt liimitava eseme suurusest ja kujust kandke liim pinnale triipude v\u00f5i tilkadena. Kandke liim ainult \u00fchele pinnale kahest.<br \/>\n4. Kui panite pinnad kokku, kuid ei ole tulemusega rahul, on teil korrigeerimiseks aega 10 minutit. Kui pinnad on \u00f5iges asendis, suruge need tugevalt kokku, et tagada vajalik nakkumine.<br \/>\n5. Eemaldage liimij\u00e4\u00e4gid kohe atsetoonis v\u00f5i lakibensiinis niisutatud lapiga.<br \/>\n6. Rasked ja pinge all olevad esemed tuleb 24 tunniks toestada, n\u00e4iteks teibiga.<br \/>\n7. Temperatuuril +5 kuni +25 \u00b0C saavutab liimi\u00fchendus t\u00e4ieliku nakketugevuse 24 tunni jooksul.<\/p>\n\t\t<\/div>\n\t\t\t\t\t<\/div>\n\n\t\n\n\t<div id=\"col-821824646\" class=\"col medium-3 small-12 large-3\"  >\n\t\t\t\t<div class=\"col-inner\"  >\n\t\t\t\n\t\t\t\n\t<div id=\"gap-945852701\" class=\"gap-element clearfix\" style=\"display:block; height:auto;\">\n\t\t\n<style>\n#gap-945852701 {\n  padding-top: 30px;\n}\n<\/style>\n\t<\/div>\n\t\n<h3>Tehniline informatsioon<\/h3>\n<p><a href=\"https:\/\/espak.ee\/epood\/wp-content\/uploads\/CRYSTALFix-tooteleht.pdf\" target=\"_blank\" rel=\"noopener noreferrer\"><i class=\"far fa-file-pdf\"><\/i> Tehniline info (PDF)<\/a><\/p>\n<h3>Ohutusalane teave<\/h3>\n<p><a href=\"https:\/\/espak.ee\/epood\/wp-content\/uploads\/ExtremeFIXTotal-ohutuskaart.pdf\" target=\"_blank\" rel=\"noopener noreferrer\"><i class=\"far fa-file-pdf\"><\/i> Ohutusalane teave (PDF)<\/a><\/p>\n<div class=\"is-divider divider clearfix\" ><\/div>\n<p><strong>\u00dcksikasjalikuma n\u00f5u saamiseks v\u00f5tke \u00fchendust:<br \/><\/strong>Henkel Balti<br \/>S\u00f5bra 56 B<br \/>51013<br \/>Tartu<br \/>+ 372 7305800<\/p>\n<div class=\"is-divider divider clearfix\" ><\/div>\n\t\t<\/div>\n\t\t\t\t\t<\/div>\n\n\t\n<\/div>\n","protected":false},"excerpt":{"rendered":"","protected":false},"featured_media":14860,"comment_status":"closed","ping_status":"open","template":"","meta":[],"product_brand":[],"product_cat":[2703,2706,2707,2683],"product_tag":[],"class_list":{"0":"post-14379","1":"product","2":"type-product","3":"status-publish","4":"has-post-thumbnail","6":"product_cat-ehituskeemia","7":"product_cat-liimid","8":"product_cat-universaalliimid","9":"product_cat-viimistluskaubad","10":"pa_kaubamark-henkel-balti-ou","12":"first","13":"instock","14":"sale","15":"taxable","16":"shipping-taxable","17":"purchasable","18":"product-type-simple"},"yoast_head":"<!-- This site is optimized with the Yoast SEO plugin v26.9 - https:\/\/yoast.com\/product\/yoast-seo-wordpress\/ -->\n<title>EHITUSLIIM MOMENT FIX CRYSTAL 290G - Espak E-pood<\/title>\n<meta name=\"robots\" content=\"index, follow, max-snippet:-1, max-image-preview:large, max-video-preview:-1\" \/>\n<link rel=\"canonical\" href=\"https:\/\/espak.ee\/epood\/toode\/ehitusliim-moment-fix-crystal-290g\/\" \/>\n<meta property=\"og:locale\" content=\"et_EE\" \/>\n<meta property=\"og:type\" content=\"article\" \/>\n<meta property=\"og:title\" content=\"EHITUSLIIM MOMENT FIX CRYSTAL 290G - Espak E-pood\" \/>\n<meta property=\"og:url\" content=\"https:\/\/espak.ee\/epood\/toode\/ehitusliim-moment-fix-crystal-290g\/\" \/>\n<meta property=\"og:site_name\" content=\"Espak E-pood\" \/>\n<meta property=\"article:modified_time\" content=\"2026-01-14T12:43:01+00:00\" \/>\n<meta property=\"og:image\" content=\"https:\/\/espak.ee\/epood\/wp-content\/uploads\/Moment-Crystal-FIX-290g.png\" \/>\n\t<meta property=\"og:image:width\" content=\"2048\" \/>\n\t<meta property=\"og:image:height\" content=\"2048\" \/>\n\t<meta property=\"og:image:type\" content=\"image\/png\" \/>\n<meta name=\"twitter:card\" content=\"summary_large_image\" \/>\n<meta name=\"twitter:label1\" content=\"Est. reading time\" \/>\n\t<meta name=\"twitter:data1\" content=\"2 minutit\" \/>\n<script type=\"application\/ld+json\" class=\"yoast-schema-graph\">{\"@context\":\"https:\/\/schema.org\",\"@graph\":[{\"@type\":\"WebPage\",\"@id\":\"https:\/\/espak.ee\/epood\/toode\/ehitusliim-moment-fix-crystal-290g\/\",\"url\":\"https:\/\/espak.ee\/epood\/toode\/ehitusliim-moment-fix-crystal-290g\/\",\"name\":\"EHITUSLIIM MOMENT FIX CRYSTAL 290G - Espak E-pood\",\"isPartOf\":{\"@id\":\"https:\/\/espak.ee\/epood\/#website\"},\"primaryImageOfPage\":{\"@id\":\"https:\/\/espak.ee\/epood\/toode\/ehitusliim-moment-fix-crystal-290g\/#primaryimage\"},\"image\":{\"@id\":\"https:\/\/espak.ee\/epood\/toode\/ehitusliim-moment-fix-crystal-290g\/#primaryimage\"},\"thumbnailUrl\":\"https:\/\/espak.ee\/epood\/wp-content\/uploads\/Moment-Crystal-FIX-290g.png\",\"datePublished\":\"2020-01-11T01:05:47+00:00\",\"dateModified\":\"2026-01-14T12:43:01+00:00\",\"breadcrumb\":{\"@id\":\"https:\/\/espak.ee\/epood\/toode\/ehitusliim-moment-fix-crystal-290g\/#breadcrumb\"},\"inLanguage\":\"et\",\"potentialAction\":[{\"@type\":\"ReadAction\",\"target\":[\"https:\/\/espak.ee\/epood\/toode\/ehitusliim-moment-fix-crystal-290g\/\"]}]},{\"@type\":\"ImageObject\",\"inLanguage\":\"et\",\"@id\":\"https:\/\/espak.ee\/epood\/toode\/ehitusliim-moment-fix-crystal-290g\/#primaryimage\",\"url\":\"https:\/\/espak.ee\/epood\/wp-content\/uploads\/Moment-Crystal-FIX-290g.png\",\"contentUrl\":\"https:\/\/espak.ee\/epood\/wp-content\/uploads\/Moment-Crystal-FIX-290g.png\",\"width\":2048,\"height\":2048},{\"@type\":\"BreadcrumbList\",\"@id\":\"https:\/\/espak.ee\/epood\/toode\/ehitusliim-moment-fix-crystal-290g\/#breadcrumb\",\"itemListElement\":[{\"@type\":\"ListItem\",\"position\":1,\"name\":\"Home\",\"item\":\"https:\/\/espak.ee\/epood\/\"},{\"@type\":\"ListItem\",\"position\":2,\"name\":\"Tootevalik\",\"item\":\"https:\/\/espak.ee\/epood\/tootevalik\/\"},{\"@type\":\"ListItem\",\"position\":3,\"name\":\"EHITUSLIIM MOMENT FIX CRYSTAL 290G\"}]},{\"@type\":\"WebSite\",\"@id\":\"https:\/\/espak.ee\/epood\/#website\",\"url\":\"https:\/\/espak.ee\/epood\/\",\"name\":\"Espak E-pood\",\"description\":\"\",\"potentialAction\":[{\"@type\":\"SearchAction\",\"target\":{\"@type\":\"EntryPoint\",\"urlTemplate\":\"https:\/\/espak.ee\/epood\/?s={search_term_string}\"},\"query-input\":{\"@type\":\"PropertyValueSpecification\",\"valueRequired\":true,\"valueName\":\"search_term_string\"}}],\"inLanguage\":\"et\"}]}<\/script>\n<!-- \/ Yoast SEO plugin. -->","yoast_head_json":{"title":"EHITUSLIIM MOMENT FIX CRYSTAL 290G - Espak E-pood","robots":{"index":"index","follow":"follow","max-snippet":"max-snippet:-1","max-image-preview":"max-image-preview:large","max-video-preview":"max-video-preview:-1"},"canonical":"https:\/\/espak.ee\/epood\/toode\/ehitusliim-moment-fix-crystal-290g\/","og_locale":"et_EE","og_type":"article","og_title":"EHITUSLIIM MOMENT FIX CRYSTAL 290G - Espak E-pood","og_url":"https:\/\/espak.ee\/epood\/toode\/ehitusliim-moment-fix-crystal-290g\/","og_site_name":"Espak E-pood","article_modified_time":"2026-01-14T12:43:01+00:00","og_image":[{"width":2048,"height":2048,"url":"https:\/\/espak.ee\/epood\/wp-content\/uploads\/Moment-Crystal-FIX-290g.png","type":"image\/png"}],"twitter_card":"summary_large_image","twitter_misc":{"Est. reading time":"2 minutit"},"schema":{"@context":"https:\/\/schema.org","@graph":[{"@type":"WebPage","@id":"https:\/\/espak.ee\/epood\/toode\/ehitusliim-moment-fix-crystal-290g\/","url":"https:\/\/espak.ee\/epood\/toode\/ehitusliim-moment-fix-crystal-290g\/","name":"EHITUSLIIM MOMENT FIX CRYSTAL 290G - Espak E-pood","isPartOf":{"@id":"https:\/\/espak.ee\/epood\/#website"},"primaryImageOfPage":{"@id":"https:\/\/espak.ee\/epood\/toode\/ehitusliim-moment-fix-crystal-290g\/#primaryimage"},"image":{"@id":"https:\/\/espak.ee\/epood\/toode\/ehitusliim-moment-fix-crystal-290g\/#primaryimage"},"thumbnailUrl":"https:\/\/espak.ee\/epood\/wp-content\/uploads\/Moment-Crystal-FIX-290g.png","datePublished":"2020-01-11T01:05:47+00:00","dateModified":"2026-01-14T12:43:01+00:00","breadcrumb":{"@id":"https:\/\/espak.ee\/epood\/toode\/ehitusliim-moment-fix-crystal-290g\/#breadcrumb"},"inLanguage":"et","potentialAction":[{"@type":"ReadAction","target":["https:\/\/espak.ee\/epood\/toode\/ehitusliim-moment-fix-crystal-290g\/"]}]},{"@type":"ImageObject","inLanguage":"et","@id":"https:\/\/espak.ee\/epood\/toode\/ehitusliim-moment-fix-crystal-290g\/#primaryimage","url":"https:\/\/espak.ee\/epood\/wp-content\/uploads\/Moment-Crystal-FIX-290g.png","contentUrl":"https:\/\/espak.ee\/epood\/wp-content\/uploads\/Moment-Crystal-FIX-290g.png","width":2048,"height":2048},{"@type":"BreadcrumbList","@id":"https:\/\/espak.ee\/epood\/toode\/ehitusliim-moment-fix-crystal-290g\/#breadcrumb","itemListElement":[{"@type":"ListItem","position":1,"name":"Home","item":"https:\/\/espak.ee\/epood\/"},{"@type":"ListItem","position":2,"name":"Tootevalik","item":"https:\/\/espak.ee\/epood\/tootevalik\/"},{"@type":"ListItem","position":3,"name":"EHITUSLIIM MOMENT FIX CRYSTAL 290G"}]},{"@type":"WebSite","@id":"https:\/\/espak.ee\/epood\/#website","url":"https:\/\/espak.ee\/epood\/","name":"Espak E-pood","description":"","potentialAction":[{"@type":"SearchAction","target":{"@type":"EntryPoint","urlTemplate":"https:\/\/espak.ee\/epood\/?s={search_term_string}"},"query-input":{"@type":"PropertyValueSpecification","valueRequired":true,"valueName":"search_term_string"}}],"inLanguage":"et"}]}},"_links":{"self":[{"href":"https:\/\/espak.ee\/epood\/wp-json\/wp\/v2\/product\/14379","targetHints":{"allow":["GET"]}}],"collection":[{"href":"https:\/\/espak.ee\/epood\/wp-json\/wp\/v2\/product"}],"about":[{"href":"https:\/\/espak.ee\/epood\/wp-json\/wp\/v2\/types\/product"}],"replies":[{"embeddable":true,"href":"https:\/\/espak.ee\/epood\/wp-json\/wp\/v2\/comments?post=14379"}],"wp:featuredmedia":[{"embeddable":true,"href":"https:\/\/espak.ee\/epood\/wp-json\/wp\/v2\/media\/14860"}],"wp:attachment":[{"href":"https:\/\/espak.ee\/epood\/wp-json\/wp\/v2\/media?parent=14379"}],"wp:term":[{"taxonomy":"product_brand","embeddable":true,"href":"https:\/\/espak.ee\/epood\/wp-json\/wp\/v2\/product_brand?post=14379"},{"taxonomy":"product_cat","embeddable":true,"href":"https:\/\/espak.ee\/epood\/wp-json\/wp\/v2\/product_cat?post=14379"},{"taxonomy":"product_tag","embeddable":true,"href":"https:\/\/espak.ee\/epood\/wp-json\/wp\/v2\/product_tag?post=14379"}],"curies":[{"name":"wp","href":"https:\/\/api.w.org\/{rel}","templated":true}]}}