{"id":14378,"date":"2020-01-11T03:05:47","date_gmt":"2020-01-11T01:05:47","guid":{"rendered":"https:\/\/espak.ee\/hinnakiri\/?post_type=product&#038;p=14378"},"modified":"2026-02-02T21:04:33","modified_gmt":"2026-02-02T19:04:33","slug":"ehitusliim-moment-fix-super-400g","status":"publish","type":"product","link":"https:\/\/espak.ee\/epood\/toode\/ehitusliim-moment-fix-super-400g\/","title":{"rendered":"EHITUSLIIM MOMENT FIX SUPER 400G"},"content":{"rendered":"<div class=\"row\"  id=\"row-1188878268\">\n\n\t<div id=\"col-183486733\" class=\"col medium-9 small-12 large-9\"  >\n\t\t\t\t<div class=\"col-inner\"  >\n\t\t\t\n\t\t\t\n<h2>Moment Fix Super<\/h2>\n<p>Moment FIX Super on m\u00f5eldud siset\u00f6\u00f6deks imavate pindade liimimisel. Moment FIX Super sobib ideaalselt sellisteks v\u00e4ikesteks ja lihtsateks ehitust\u00f6\u00f6deks nagu dekoratiivelementide, puidust uksesiltide, dekoratiivliistude ja st\u00fcrovahust elementide kinnitamiseks.<\/p>\n<div class=\"message-box relative\" style=\"padding-top:15px;padding-bottom:15px;\"><div class=\"message-box-bg-image bg-fill fill\" ><\/div><div class=\"message-box-bg-overlay bg-fill fill\" ><\/div><div class=\"container relative\"><div class=\"inner last-reset\">\n<div class=\"row align-middle align-center\"  id=\"row-1660984049\">\n\n\t<div id=\"col-1429799501\" class=\"col small-12 large-12\"  >\n\t\t\t\t<div class=\"col-inner text-left\"  >\n\t\t\t\n\t\t\t\n<h4>Omadused<\/h4>\n<div class=\"row\"  id=\"row-1127875718\">\n\n\t<div id=\"col-451699643\" class=\"col medium-6 small-12 large-6\"  >\n\t\t\t\t<div class=\"col-inner\"  >\n\t\t\t\n\t\t\t\n<p><i class=\"fa fa-check fa-2x\"><\/i> <strong>Sobib poorsete ja imavate materjalide liimimiseks<\/strong><\/p>\n<p><i class=\"fa fa-check fa-2x\"><\/i> <strong>Ideaalne st\u00fcrovahust elementide liimimiseks<\/strong><\/p>\n\t\t<\/div>\n\t\t\t\t\n<style>\n#col-451699643 > .col-inner {\n  margin: 0px 0px 15px 0px;\n}\n<\/style>\n\t<\/div>\n\n\t\n\n\t<div id=\"col-2032051820\" class=\"col medium-6 small-12 large-6\"  >\n\t\t\t\t<div class=\"col-inner\"  >\n\t\t\t\n\t\t\t\n<p><i class=\"fa fa-check fa-2x\"><\/i> <strong>Lahustivaba<\/strong><\/p>\n\t\t<\/div>\n\t\t\t\t\n<style>\n#col-2032051820 > .col-inner {\n  margin: 0px 0px 15px 0px;\n}\n<\/style>\n\t<\/div>\n\n\t\n<\/div>\n\t\t<\/div>\n\t\t\t\t\t<\/div>\n\n\t\n<\/div>\n<\/div><\/div><\/div>\n\t<div id=\"gap-1343332586\" class=\"gap-element clearfix\" style=\"display:block; height:auto;\">\n\t\t\n<style>\n#gap-1343332586 {\n  padding-top: 30px;\n}\n<\/style>\n\t<\/div>\n\t\n<h3>Kasutamise \u00fcksikasjad<\/h3>\n<p><strong>Kasutusala:<\/strong> Moment SUPER FIX sobib j\u00e4rgmistele pindadele: krohvpinnad (sees), betoon, k\u00e4rgbetoon, pimss, kiudbetoon, kipskartongplaat, kipsp\u00f5randaplaat, puitmaterjalid (nt puitkiudplaat) ja j\u00e4igad pol\u00fcuretaanvahud. Ei soovitata p\u00fcsivalt vee alla j\u00e4\u00e4vate rakenduste jaoks.<\/p>\n<p><strong>Kasutusjuhend:<\/strong> 1. Enne liimi pealekandmist kontrollige, et liimitav pind oleks puhas, kuiv, \u00f5livaba ja tapeedist puhas.<br \/>\n2. Kui kasutate padrunit, l\u00f5igake \u00e4ra padruni otsik keermekohast k\u00f5rgemalt. Keerake plastikotsik padrunile ja l\u00f5igake selle ots \u00e4ra soovitud nurga all ja suuruses. Seej\u00e4rel pange padrun silikoonip\u00fcstolisse.<br \/>\n3. Olenevalt liimitava eseme suurusest ja kujust kandke liim pinnale triipude v\u00f5i tilkadena. Kandke liim ainult \u00fchele liimitavale pinnale.<br \/>\n4. Kui panite pinnad kokku, kuid ei ole tulemusega rahul, on teil korrigeerimiseks aega 10 minutit. Kui pinnad on \u00f5iges asendis, suruge need tugevalt kokku, et tagada vajalik nakkumine.<br \/>\n5. K\u00f5ik esemed, ka need, mis on pinge all, tuleb v\u00e4hemalt 48 tunni jooksul toestada, n\u00e4iteks teibiga.<br \/>\n6. Liimij\u00e4\u00e4ke on lihtne eemaldada m\u00e4rja k\u00e4snaga.<br \/>\n7. Temperatuuril +5 kuni +25 \u00b0C saavutab liimi\u00fchendus t\u00e4ieliku nakketugevuse 48 tunni jooksul.<\/p>\n\t\t<\/div>\n\t\t\t\t\t<\/div>\n\n\t\n\n\t<div id=\"col-4162241\" class=\"col medium-3 small-12 large-3\"  >\n\t\t\t\t<div class=\"col-inner\"  >\n\t\t\t\n\t\t\t\n\t<div id=\"gap-1243532922\" class=\"gap-element clearfix\" style=\"display:block; height:auto;\">\n\t\t\n<style>\n#gap-1243532922 {\n  padding-top: 30px;\n}\n<\/style>\n\t<\/div>\n\t\n<h3>Tehniline informatsioon<\/h3>\n<p><a href=\"https:\/\/espak.ee\/epood\/wp-content\/uploads\/SuperFix-tooteleht.pdf\" target=\"_blank\" rel=\"noopener noreferrer\"><i class=\"far fa-file-pdf\"><\/i> Tehniline info (PDF)<\/a><\/p>\n<h3>Ohutusalane teave<\/h3>\n<p><a href=\"https:\/\/espak.ee\/epood\/wp-content\/uploads\/SuperFix-ohutuskaart.pdf\" target=\"_blank\" rel=\"noopener noreferrer\"><i class=\"far fa-file-pdf\"><\/i> Ohutusalane teave (PDF)<\/a><\/p>\n<div class=\"is-divider divider clearfix\" ><\/div>\n<p><strong>\u00dcksikasjalikuma n\u00f5u saamiseks v\u00f5tke \u00fchendust:<br \/><\/strong>Henkel Balti<br \/>S\u00f5bra 56 B<br \/>51013<br \/>Tartu<br \/>+ 372 7305800<\/p>\n<div class=\"is-divider divider clearfix\" ><\/div>\n\t\t<\/div>\n\t\t\t\t\t<\/div>\n\n\t\n<\/div>\n","protected":false},"excerpt":{"rendered":"","protected":false},"featured_media":14862,"comment_status":"closed","ping_status":"open","template":"","meta":[],"product_brand":[],"product_cat":[2703,2706,2707,2683],"product_tag":[],"class_list":{"0":"post-14378","1":"product","2":"type-product","3":"status-publish","4":"has-post-thumbnail","6":"product_cat-ehituskeemia","7":"product_cat-liimid","8":"product_cat-universaalliimid","9":"product_cat-viimistluskaubad","10":"pa_kaubamark-henkel-balti-ou","12":"first","13":"instock","14":"sale","15":"taxable","16":"shipping-taxable","17":"purchasable","18":"product-type-simple"},"yoast_head":"<!-- This site is optimized with the Yoast SEO plugin v26.9 - https:\/\/yoast.com\/product\/yoast-seo-wordpress\/ -->\n<title>EHITUSLIIM MOMENT FIX SUPER 400G - Espak E-pood<\/title>\n<meta name=\"robots\" content=\"index, follow, max-snippet:-1, max-image-preview:large, max-video-preview:-1\" \/>\n<link rel=\"canonical\" href=\"https:\/\/espak.ee\/epood\/toode\/ehitusliim-moment-fix-super-400g\/\" \/>\n<meta property=\"og:locale\" content=\"et_EE\" \/>\n<meta property=\"og:type\" content=\"article\" \/>\n<meta property=\"og:title\" content=\"EHITUSLIIM MOMENT FIX SUPER 400G - Espak E-pood\" \/>\n<meta property=\"og:url\" content=\"https:\/\/espak.ee\/epood\/toode\/ehitusliim-moment-fix-super-400g\/\" \/>\n<meta property=\"og:site_name\" content=\"Espak E-pood\" \/>\n<meta property=\"article:modified_time\" content=\"2026-02-02T19:04:33+00:00\" \/>\n<meta property=\"og:image\" content=\"https:\/\/espak.ee\/epood\/wp-content\/uploads\/Moment-Super-FIX-400g.png\" \/>\n\t<meta property=\"og:image:width\" content=\"2048\" \/>\n\t<meta property=\"og:image:height\" content=\"2048\" \/>\n\t<meta property=\"og:image:type\" content=\"image\/png\" \/>\n<meta name=\"twitter:card\" content=\"summary_large_image\" \/>\n<meta name=\"twitter:label1\" content=\"Est. reading time\" \/>\n\t<meta name=\"twitter:data1\" content=\"2 minutit\" \/>\n<script type=\"application\/ld+json\" class=\"yoast-schema-graph\">{\"@context\":\"https:\/\/schema.org\",\"@graph\":[{\"@type\":\"WebPage\",\"@id\":\"https:\/\/espak.ee\/epood\/toode\/ehitusliim-moment-fix-super-400g\/\",\"url\":\"https:\/\/espak.ee\/epood\/toode\/ehitusliim-moment-fix-super-400g\/\",\"name\":\"EHITUSLIIM MOMENT FIX SUPER 400G - Espak E-pood\",\"isPartOf\":{\"@id\":\"https:\/\/espak.ee\/epood\/#website\"},\"primaryImageOfPage\":{\"@id\":\"https:\/\/espak.ee\/epood\/toode\/ehitusliim-moment-fix-super-400g\/#primaryimage\"},\"image\":{\"@id\":\"https:\/\/espak.ee\/epood\/toode\/ehitusliim-moment-fix-super-400g\/#primaryimage\"},\"thumbnailUrl\":\"https:\/\/espak.ee\/epood\/wp-content\/uploads\/Moment-Super-FIX-400g.png\",\"datePublished\":\"2020-01-11T01:05:47+00:00\",\"dateModified\":\"2026-02-02T19:04:33+00:00\",\"breadcrumb\":{\"@id\":\"https:\/\/espak.ee\/epood\/toode\/ehitusliim-moment-fix-super-400g\/#breadcrumb\"},\"inLanguage\":\"et\",\"potentialAction\":[{\"@type\":\"ReadAction\",\"target\":[\"https:\/\/espak.ee\/epood\/toode\/ehitusliim-moment-fix-super-400g\/\"]}]},{\"@type\":\"ImageObject\",\"inLanguage\":\"et\",\"@id\":\"https:\/\/espak.ee\/epood\/toode\/ehitusliim-moment-fix-super-400g\/#primaryimage\",\"url\":\"https:\/\/espak.ee\/epood\/wp-content\/uploads\/Moment-Super-FIX-400g.png\",\"contentUrl\":\"https:\/\/espak.ee\/epood\/wp-content\/uploads\/Moment-Super-FIX-400g.png\",\"width\":2048,\"height\":2048},{\"@type\":\"BreadcrumbList\",\"@id\":\"https:\/\/espak.ee\/epood\/toode\/ehitusliim-moment-fix-super-400g\/#breadcrumb\",\"itemListElement\":[{\"@type\":\"ListItem\",\"position\":1,\"name\":\"Home\",\"item\":\"https:\/\/espak.ee\/epood\/\"},{\"@type\":\"ListItem\",\"position\":2,\"name\":\"Tootevalik\",\"item\":\"https:\/\/espak.ee\/epood\/tootevalik\/\"},{\"@type\":\"ListItem\",\"position\":3,\"name\":\"EHITUSLIIM MOMENT FIX SUPER 400G\"}]},{\"@type\":\"WebSite\",\"@id\":\"https:\/\/espak.ee\/epood\/#website\",\"url\":\"https:\/\/espak.ee\/epood\/\",\"name\":\"Espak E-pood\",\"description\":\"\",\"potentialAction\":[{\"@type\":\"SearchAction\",\"target\":{\"@type\":\"EntryPoint\",\"urlTemplate\":\"https:\/\/espak.ee\/epood\/?s={search_term_string}\"},\"query-input\":{\"@type\":\"PropertyValueSpecification\",\"valueRequired\":true,\"valueName\":\"search_term_string\"}}],\"inLanguage\":\"et\"}]}<\/script>\n<!-- \/ Yoast SEO plugin. -->","yoast_head_json":{"title":"EHITUSLIIM MOMENT FIX SUPER 400G - Espak E-pood","robots":{"index":"index","follow":"follow","max-snippet":"max-snippet:-1","max-image-preview":"max-image-preview:large","max-video-preview":"max-video-preview:-1"},"canonical":"https:\/\/espak.ee\/epood\/toode\/ehitusliim-moment-fix-super-400g\/","og_locale":"et_EE","og_type":"article","og_title":"EHITUSLIIM MOMENT FIX SUPER 400G - Espak E-pood","og_url":"https:\/\/espak.ee\/epood\/toode\/ehitusliim-moment-fix-super-400g\/","og_site_name":"Espak E-pood","article_modified_time":"2026-02-02T19:04:33+00:00","og_image":[{"width":2048,"height":2048,"url":"https:\/\/espak.ee\/epood\/wp-content\/uploads\/Moment-Super-FIX-400g.png","type":"image\/png"}],"twitter_card":"summary_large_image","twitter_misc":{"Est. reading time":"2 minutit"},"schema":{"@context":"https:\/\/schema.org","@graph":[{"@type":"WebPage","@id":"https:\/\/espak.ee\/epood\/toode\/ehitusliim-moment-fix-super-400g\/","url":"https:\/\/espak.ee\/epood\/toode\/ehitusliim-moment-fix-super-400g\/","name":"EHITUSLIIM MOMENT FIX SUPER 400G - Espak E-pood","isPartOf":{"@id":"https:\/\/espak.ee\/epood\/#website"},"primaryImageOfPage":{"@id":"https:\/\/espak.ee\/epood\/toode\/ehitusliim-moment-fix-super-400g\/#primaryimage"},"image":{"@id":"https:\/\/espak.ee\/epood\/toode\/ehitusliim-moment-fix-super-400g\/#primaryimage"},"thumbnailUrl":"https:\/\/espak.ee\/epood\/wp-content\/uploads\/Moment-Super-FIX-400g.png","datePublished":"2020-01-11T01:05:47+00:00","dateModified":"2026-02-02T19:04:33+00:00","breadcrumb":{"@id":"https:\/\/espak.ee\/epood\/toode\/ehitusliim-moment-fix-super-400g\/#breadcrumb"},"inLanguage":"et","potentialAction":[{"@type":"ReadAction","target":["https:\/\/espak.ee\/epood\/toode\/ehitusliim-moment-fix-super-400g\/"]}]},{"@type":"ImageObject","inLanguage":"et","@id":"https:\/\/espak.ee\/epood\/toode\/ehitusliim-moment-fix-super-400g\/#primaryimage","url":"https:\/\/espak.ee\/epood\/wp-content\/uploads\/Moment-Super-FIX-400g.png","contentUrl":"https:\/\/espak.ee\/epood\/wp-content\/uploads\/Moment-Super-FIX-400g.png","width":2048,"height":2048},{"@type":"BreadcrumbList","@id":"https:\/\/espak.ee\/epood\/toode\/ehitusliim-moment-fix-super-400g\/#breadcrumb","itemListElement":[{"@type":"ListItem","position":1,"name":"Home","item":"https:\/\/espak.ee\/epood\/"},{"@type":"ListItem","position":2,"name":"Tootevalik","item":"https:\/\/espak.ee\/epood\/tootevalik\/"},{"@type":"ListItem","position":3,"name":"EHITUSLIIM MOMENT FIX SUPER 400G"}]},{"@type":"WebSite","@id":"https:\/\/espak.ee\/epood\/#website","url":"https:\/\/espak.ee\/epood\/","name":"Espak E-pood","description":"","potentialAction":[{"@type":"SearchAction","target":{"@type":"EntryPoint","urlTemplate":"https:\/\/espak.ee\/epood\/?s={search_term_string}"},"query-input":{"@type":"PropertyValueSpecification","valueRequired":true,"valueName":"search_term_string"}}],"inLanguage":"et"}]}},"_links":{"self":[{"href":"https:\/\/espak.ee\/epood\/wp-json\/wp\/v2\/product\/14378","targetHints":{"allow":["GET"]}}],"collection":[{"href":"https:\/\/espak.ee\/epood\/wp-json\/wp\/v2\/product"}],"about":[{"href":"https:\/\/espak.ee\/epood\/wp-json\/wp\/v2\/types\/product"}],"replies":[{"embeddable":true,"href":"https:\/\/espak.ee\/epood\/wp-json\/wp\/v2\/comments?post=14378"}],"wp:featuredmedia":[{"embeddable":true,"href":"https:\/\/espak.ee\/epood\/wp-json\/wp\/v2\/media\/14862"}],"wp:attachment":[{"href":"https:\/\/espak.ee\/epood\/wp-json\/wp\/v2\/media?parent=14378"}],"wp:term":[{"taxonomy":"product_brand","embeddable":true,"href":"https:\/\/espak.ee\/epood\/wp-json\/wp\/v2\/product_brand?post=14378"},{"taxonomy":"product_cat","embeddable":true,"href":"https:\/\/espak.ee\/epood\/wp-json\/wp\/v2\/product_cat?post=14378"},{"taxonomy":"product_tag","embeddable":true,"href":"https:\/\/espak.ee\/epood\/wp-json\/wp\/v2\/product_tag?post=14378"}],"curies":[{"name":"wp","href":"https:\/\/api.w.org\/{rel}","templated":true}]}}