{"id":14372,"date":"2020-01-11T03:05:38","date_gmt":"2020-01-11T01:05:38","guid":{"rendered":"https:\/\/espak.ee\/hinnakiri\/?post_type=product&#038;p=14372"},"modified":"2024-03-23T00:01:41","modified_gmt":"2024-03-22T22:01:41","slug":"ehitusliim-moment-fix-decor-400g","status":"publish","type":"product","link":"https:\/\/espak.ee\/epood\/toode\/ehitusliim-moment-fix-decor-400g\/","title":{"rendered":"EHITUSLIIM MOMENT FIX DECOR 400G"},"content":{"rendered":"<div class=\"row\"  id=\"row-104041634\">\n\n\t<div id=\"col-463859405\" class=\"col medium-9 small-12 large-9\"  >\n\t\t\t\t<div class=\"col-inner\"  >\n\t\t\t\n\t\t\t\n<h2>Moment Fix Decor<\/h2>\n<p>Lahustivaba dispersioonliim Moment Fix D\u00e9cor sobib vahtplastplaatide, dekoratiivsete plastpaneelide, akustiliste paneelide jne liimimiseks.<\/p>\n<div class=\"message-box relative\" style=\"padding-top:15px;padding-bottom:15px;\"><div class=\"message-box-bg-image bg-fill fill\" ><\/div><div class=\"message-box-bg-overlay bg-fill fill\" ><\/div><div class=\"container relative\"><div class=\"inner last-reset\">\n<div class=\"row align-middle align-center\"  id=\"row-1414865716\">\n\n\t<div id=\"col-966502979\" class=\"col small-12 large-12\"  >\n\t\t\t\t<div class=\"col-inner text-left\"  >\n\t\t\t\n\t\t\t\n<h4>Omadused<\/h4>\n<div class=\"row\"  id=\"row-354903449\">\n\n\t<div id=\"col-506675433\" class=\"col medium-6 small-12 large-6\"  >\n\t\t\t\t<div class=\"col-inner\"  >\n\t\t\t\n\t\t\t\n<p><i class=\"fa fa-check fa-2x\"><\/i> <strong>Kuivanuna \u00fclev\u00e4rvitav<\/strong><\/p>\n<p><i class=\"fa fa-check fa-2x\"><\/i> <strong>V\u00e4hel\u00f5hnav<\/strong><\/p>\n\t\t<\/div>\n\t\t\t\t\n<style>\n#col-506675433 > .col-inner {\n  margin: 0px 0px 15px 0px;\n}\n<\/style>\n\t<\/div>\n\n\t\n\n\t<div id=\"col-1873769790\" class=\"col medium-6 small-12 large-6\"  >\n\t\t\t\t<div class=\"col-inner\"  >\n\t\t\t\n\t\t\t\n<p><i class=\"fa fa-check fa-2x\"><\/i> <strong>Head nakkeomadused<\/strong><\/p>\n\t\t<\/div>\n\t\t\t\t\n<style>\n#col-1873769790 > .col-inner {\n  margin: 0px 0px 15px 0px;\n}\n<\/style>\n\t<\/div>\n\n\t\n<\/div>\n\t\t<\/div>\n\t\t\t\t\t<\/div>\n\n\t\n<\/div>\n<\/div><\/div><\/div>\n\t<div id=\"gap-282988687\" class=\"gap-element clearfix\" style=\"display:block; height:auto;\">\n\t\t\n<style>\n#gap-282988687 {\n  padding-top: 30px;\n}\n<\/style>\n\t<\/div>\n\t\n<h3>Kasutamise \u00fcksikasjad<\/h3>\n<p><strong>Kasutusala:<\/strong> Moment FIX Decor sobib j\u00e4rgmistele pindadele: k\u00f5ik poorsed pinnad, vahtplast, krohvpinnad (sees), betoon, k\u00e4rgbetoon, pimss, kiudbetoon, kipskartongplaat, kipsp\u00f5randaplaat, puitmaterjalid (nt puitkiudplaat) ja j\u00e4igad pol\u00fcuretaanvahud. Ei soovitata p\u00fcsivalt vee alla j\u00e4\u00e4vate rakenduste jaoks.<\/p>\n<p><strong>Kasutusjuhend:<\/strong> Eelt\u00f6\u00f6tlus:<br \/>\nLiimitavad pinnad peavad olema puhtad ning tolmu-, rasva- ja \u00f5livabad. Pinnad ei tohi olla pidevalt niisked. Tugeva nakke tagamiseks peab \u00fcks pind olema poorne, sest vesi peab saama nakkumiseks \u00e4ra aurata. V\u00e4ga vettimavate pindade nagu kips, MDF, puitkiudplaat (mitte OSB) ja savitellis v\u00f5ib liim v\u00e4lisperimeetril liiga kiiresti \u00e4ra kuivada, nii et seespool ei teki piisavat naket. V\u00e4ga imavate pindade puhul korraliku nakke saamiseks kandke enne liimimist pinnale pihustuspudeli v\u00f5i m\u00e4rja lapiga vett. Dekoratiivsetelt PU-plaatidelt naket takistada v\u00f5ivad ained eemaldatakse enne liimimist liivapaberi v\u00f5i lahustiga (nt atsetooniga).<br \/>\nKasutamine:<br \/>\nL\u00f5igake \u00e4ra padruni otsik keerme kohast k\u00f5rgemalt. Keerake plastikotsik padrunile ja l\u00f5igake selle ots \u00e4ra soovitud nurga all ja suuruses. Asetage padrun silikoonip\u00fcstolisse. Kandke liim \u00fchele liimitavatest pindadest: 1) eba\u00fchtlase pinna silumiseks t\u00e4ppidena, 2) suure pinna puhul parema kohese nakke saamiseks laineliselt v\u00f5i 3) v\u00e4iksema pinna puhul sirgete ribadena. V\u00e4ljas kasutamisel peavad liimiribad olema vertikaalsed. Liimivoolu peatamiseks vabastage pealekandmise j\u00e4rel p\u00e4\u00e4stik &#8211; ei kehti kokkuk\u00e4iva p\u00fcstoli puhul.<br \/>\nPlaatide, dekoratiivsete plastpaneelide, akustiliste paneelide jne liimimine:<br \/>\nAsetage paneel 1-2 cm liimitavast kohast eemale, l\u00fckake paika ja vajutage korralikult kinni. Vajadusel toetage raskemat materjali ehisnaeltega. Sileda ja tugeva aluskihi puhul liimitakse paneelid otse pinnale. Ebatasaste pindade puhul soovitame teha v\u00e4ikestest puitpaneelidest v\u00f5i j\u00e4ikadest pol\u00fcst\u00fcreen- v\u00f5i pol\u00fcuretaanribadest mehhaaniliselt kinnitatava aluskonstruktsiooni (laius: 5-10 cm, paksus: 5-20 mm, ribade vahemaa: 30-65 cm s\u00f5ltuvalt liimitavatest paneelidest).<\/p>\n\t\t<\/div>\n\t\t\t\t\t<\/div>\n\n\t\n\n\t<div id=\"col-702635292\" class=\"col medium-3 small-12 large-3\"  >\n\t\t\t\t<div class=\"col-inner\"  >\n\t\t\t\n\t\t\t\n\t<div id=\"gap-111259815\" class=\"gap-element clearfix\" style=\"display:block; height:auto;\">\n\t\t\n<style>\n#gap-111259815 {\n  padding-top: 30px;\n}\n<\/style>\n\t<\/div>\n\t\n<h3>Tehniline informatsioon<\/h3>\n<p><a href=\"https:\/\/espak.ee\/epood\/wp-content\/uploads\/FixDecor-tooteleht.pdf\" target=\"_blank\" rel=\"noopener noreferrer\"><i class=\"far fa-file-pdf\"><\/i> Tehniline info (PDF)<\/a><\/p>\n<h3>Ohutusalane teave<\/h3>\n<p><a href=\"https:\/\/espak.ee\/epood\/wp-content\/uploads\/FixDecor-ohutuskaart.pdf\" target=\"_blank\" rel=\"noopener noreferrer\"><i class=\"far fa-file-pdf\"><\/i> Ohutusalane teave (PDF)<\/a><\/p>\n<div class=\"is-divider divider clearfix\" ><\/div>\n<p><strong>\u00dcksikasjalikuma n\u00f5u saamiseks v\u00f5tke \u00fchendust:<br \/><\/strong>Henkel Balti<br \/>S\u00f5bra 56 B<br \/>51013<br \/>Tartu<br \/>+ 372 7305800<\/p>\n<div class=\"is-divider divider clearfix\" ><\/div>\n\t\t<\/div>\n\t\t\t\t\t<\/div>\n\n\t\n<\/div>\n","protected":false},"excerpt":{"rendered":"","protected":false},"featured_media":14890,"comment_status":"closed","ping_status":"open","template":"","meta":[],"product_brand":[],"product_cat":[2703,2706,2707,2683],"product_tag":[],"class_list":{"0":"post-14372","1":"product","2":"type-product","3":"status-publish","4":"has-post-thumbnail","6":"product_cat-ehituskeemia","7":"product_cat-liimid","8":"product_cat-universaalliimid","9":"product_cat-viimistluskaubad","10":"pa_kaubamark-henkel-balti-ou","12":"first","13":"outofstock","14":"sale","15":"taxable","16":"shipping-taxable","17":"purchasable","18":"product-type-simple"},"yoast_head":"<!-- This site is optimized with the Yoast SEO plugin v26.9 - https:\/\/yoast.com\/product\/yoast-seo-wordpress\/ -->\n<title>EHITUSLIIM MOMENT FIX DECOR 400G - Espak E-pood<\/title>\n<meta name=\"robots\" content=\"index, follow, max-snippet:-1, max-image-preview:large, max-video-preview:-1\" \/>\n<link rel=\"canonical\" href=\"https:\/\/espak.ee\/epood\/toode\/ehitusliim-moment-fix-decor-400g\/\" \/>\n<meta property=\"og:locale\" content=\"et_EE\" \/>\n<meta property=\"og:type\" content=\"article\" \/>\n<meta property=\"og:title\" content=\"EHITUSLIIM MOMENT FIX DECOR 400G - Espak E-pood\" \/>\n<meta property=\"og:url\" content=\"https:\/\/espak.ee\/epood\/toode\/ehitusliim-moment-fix-decor-400g\/\" \/>\n<meta property=\"og:site_name\" content=\"Espak E-pood\" \/>\n<meta property=\"article:modified_time\" content=\"2024-03-22T22:01:41+00:00\" \/>\n<meta property=\"og:image\" content=\"https:\/\/espak.ee\/epood\/wp-content\/uploads\/Moment-Decor-FIX-400g.png\" \/>\n\t<meta property=\"og:image:width\" content=\"635\" \/>\n\t<meta property=\"og:image:height\" content=\"635\" \/>\n\t<meta property=\"og:image:type\" content=\"image\/png\" \/>\n<meta name=\"twitter:card\" content=\"summary_large_image\" \/>\n<meta name=\"twitter:label1\" content=\"Est. reading time\" \/>\n\t<meta name=\"twitter:data1\" content=\"2 minutit\" \/>\n<script type=\"application\/ld+json\" class=\"yoast-schema-graph\">{\"@context\":\"https:\/\/schema.org\",\"@graph\":[{\"@type\":\"WebPage\",\"@id\":\"https:\/\/espak.ee\/epood\/toode\/ehitusliim-moment-fix-decor-400g\/\",\"url\":\"https:\/\/espak.ee\/epood\/toode\/ehitusliim-moment-fix-decor-400g\/\",\"name\":\"EHITUSLIIM MOMENT FIX DECOR 400G - Espak E-pood\",\"isPartOf\":{\"@id\":\"https:\/\/espak.ee\/epood\/#website\"},\"primaryImageOfPage\":{\"@id\":\"https:\/\/espak.ee\/epood\/toode\/ehitusliim-moment-fix-decor-400g\/#primaryimage\"},\"image\":{\"@id\":\"https:\/\/espak.ee\/epood\/toode\/ehitusliim-moment-fix-decor-400g\/#primaryimage\"},\"thumbnailUrl\":\"https:\/\/espak.ee\/epood\/wp-content\/uploads\/Moment-Decor-FIX-400g.png\",\"datePublished\":\"2020-01-11T01:05:38+00:00\",\"dateModified\":\"2024-03-22T22:01:41+00:00\",\"breadcrumb\":{\"@id\":\"https:\/\/espak.ee\/epood\/toode\/ehitusliim-moment-fix-decor-400g\/#breadcrumb\"},\"inLanguage\":\"et\",\"potentialAction\":[{\"@type\":\"ReadAction\",\"target\":[\"https:\/\/espak.ee\/epood\/toode\/ehitusliim-moment-fix-decor-400g\/\"]}]},{\"@type\":\"ImageObject\",\"inLanguage\":\"et\",\"@id\":\"https:\/\/espak.ee\/epood\/toode\/ehitusliim-moment-fix-decor-400g\/#primaryimage\",\"url\":\"https:\/\/espak.ee\/epood\/wp-content\/uploads\/Moment-Decor-FIX-400g.png\",\"contentUrl\":\"https:\/\/espak.ee\/epood\/wp-content\/uploads\/Moment-Decor-FIX-400g.png\",\"width\":635,\"height\":635},{\"@type\":\"BreadcrumbList\",\"@id\":\"https:\/\/espak.ee\/epood\/toode\/ehitusliim-moment-fix-decor-400g\/#breadcrumb\",\"itemListElement\":[{\"@type\":\"ListItem\",\"position\":1,\"name\":\"Home\",\"item\":\"https:\/\/espak.ee\/epood\/\"},{\"@type\":\"ListItem\",\"position\":2,\"name\":\"Tootevalik\",\"item\":\"https:\/\/espak.ee\/epood\/tootevalik\/\"},{\"@type\":\"ListItem\",\"position\":3,\"name\":\"EHITUSLIIM MOMENT FIX DECOR 400G\"}]},{\"@type\":\"WebSite\",\"@id\":\"https:\/\/espak.ee\/epood\/#website\",\"url\":\"https:\/\/espak.ee\/epood\/\",\"name\":\"Espak E-pood\",\"description\":\"\",\"potentialAction\":[{\"@type\":\"SearchAction\",\"target\":{\"@type\":\"EntryPoint\",\"urlTemplate\":\"https:\/\/espak.ee\/epood\/?s={search_term_string}\"},\"query-input\":{\"@type\":\"PropertyValueSpecification\",\"valueRequired\":true,\"valueName\":\"search_term_string\"}}],\"inLanguage\":\"et\"}]}<\/script>\n<!-- \/ Yoast SEO plugin. -->","yoast_head_json":{"title":"EHITUSLIIM MOMENT FIX DECOR 400G - Espak E-pood","robots":{"index":"index","follow":"follow","max-snippet":"max-snippet:-1","max-image-preview":"max-image-preview:large","max-video-preview":"max-video-preview:-1"},"canonical":"https:\/\/espak.ee\/epood\/toode\/ehitusliim-moment-fix-decor-400g\/","og_locale":"et_EE","og_type":"article","og_title":"EHITUSLIIM MOMENT FIX DECOR 400G - Espak E-pood","og_url":"https:\/\/espak.ee\/epood\/toode\/ehitusliim-moment-fix-decor-400g\/","og_site_name":"Espak E-pood","article_modified_time":"2024-03-22T22:01:41+00:00","og_image":[{"width":635,"height":635,"url":"https:\/\/espak.ee\/epood\/wp-content\/uploads\/Moment-Decor-FIX-400g.png","type":"image\/png"}],"twitter_card":"summary_large_image","twitter_misc":{"Est. reading time":"2 minutit"},"schema":{"@context":"https:\/\/schema.org","@graph":[{"@type":"WebPage","@id":"https:\/\/espak.ee\/epood\/toode\/ehitusliim-moment-fix-decor-400g\/","url":"https:\/\/espak.ee\/epood\/toode\/ehitusliim-moment-fix-decor-400g\/","name":"EHITUSLIIM MOMENT FIX DECOR 400G - Espak E-pood","isPartOf":{"@id":"https:\/\/espak.ee\/epood\/#website"},"primaryImageOfPage":{"@id":"https:\/\/espak.ee\/epood\/toode\/ehitusliim-moment-fix-decor-400g\/#primaryimage"},"image":{"@id":"https:\/\/espak.ee\/epood\/toode\/ehitusliim-moment-fix-decor-400g\/#primaryimage"},"thumbnailUrl":"https:\/\/espak.ee\/epood\/wp-content\/uploads\/Moment-Decor-FIX-400g.png","datePublished":"2020-01-11T01:05:38+00:00","dateModified":"2024-03-22T22:01:41+00:00","breadcrumb":{"@id":"https:\/\/espak.ee\/epood\/toode\/ehitusliim-moment-fix-decor-400g\/#breadcrumb"},"inLanguage":"et","potentialAction":[{"@type":"ReadAction","target":["https:\/\/espak.ee\/epood\/toode\/ehitusliim-moment-fix-decor-400g\/"]}]},{"@type":"ImageObject","inLanguage":"et","@id":"https:\/\/espak.ee\/epood\/toode\/ehitusliim-moment-fix-decor-400g\/#primaryimage","url":"https:\/\/espak.ee\/epood\/wp-content\/uploads\/Moment-Decor-FIX-400g.png","contentUrl":"https:\/\/espak.ee\/epood\/wp-content\/uploads\/Moment-Decor-FIX-400g.png","width":635,"height":635},{"@type":"BreadcrumbList","@id":"https:\/\/espak.ee\/epood\/toode\/ehitusliim-moment-fix-decor-400g\/#breadcrumb","itemListElement":[{"@type":"ListItem","position":1,"name":"Home","item":"https:\/\/espak.ee\/epood\/"},{"@type":"ListItem","position":2,"name":"Tootevalik","item":"https:\/\/espak.ee\/epood\/tootevalik\/"},{"@type":"ListItem","position":3,"name":"EHITUSLIIM MOMENT FIX DECOR 400G"}]},{"@type":"WebSite","@id":"https:\/\/espak.ee\/epood\/#website","url":"https:\/\/espak.ee\/epood\/","name":"Espak E-pood","description":"","potentialAction":[{"@type":"SearchAction","target":{"@type":"EntryPoint","urlTemplate":"https:\/\/espak.ee\/epood\/?s={search_term_string}"},"query-input":{"@type":"PropertyValueSpecification","valueRequired":true,"valueName":"search_term_string"}}],"inLanguage":"et"}]}},"_links":{"self":[{"href":"https:\/\/espak.ee\/epood\/wp-json\/wp\/v2\/product\/14372","targetHints":{"allow":["GET"]}}],"collection":[{"href":"https:\/\/espak.ee\/epood\/wp-json\/wp\/v2\/product"}],"about":[{"href":"https:\/\/espak.ee\/epood\/wp-json\/wp\/v2\/types\/product"}],"replies":[{"embeddable":true,"href":"https:\/\/espak.ee\/epood\/wp-json\/wp\/v2\/comments?post=14372"}],"wp:featuredmedia":[{"embeddable":true,"href":"https:\/\/espak.ee\/epood\/wp-json\/wp\/v2\/media\/14890"}],"wp:attachment":[{"href":"https:\/\/espak.ee\/epood\/wp-json\/wp\/v2\/media?parent=14372"}],"wp:term":[{"taxonomy":"product_brand","embeddable":true,"href":"https:\/\/espak.ee\/epood\/wp-json\/wp\/v2\/product_brand?post=14372"},{"taxonomy":"product_cat","embeddable":true,"href":"https:\/\/espak.ee\/epood\/wp-json\/wp\/v2\/product_cat?post=14372"},{"taxonomy":"product_tag","embeddable":true,"href":"https:\/\/espak.ee\/epood\/wp-json\/wp\/v2\/product_tag?post=14372"}],"curies":[{"name":"wp","href":"https:\/\/api.w.org\/{rel}","templated":true}]}}