{"id":143707,"date":"2022-12-17T08:51:03","date_gmt":"2022-12-17T06:51:03","guid":{"rendered":"https:\/\/espak.ee\/epood\/?post_type=product&#038;p=143707"},"modified":"2024-03-23T02:10:59","modified_gmt":"2024-03-23T00:10:59","slug":"lisamoodul-uponor-smatrix-base-pulse-m-242-6x","status":"publish","type":"product","link":"https:\/\/espak.ee\/epood\/toode\/lisamoodul-uponor-smatrix-base-pulse-m-242-6x\/","title":{"rendered":"LISAMOODUL UPONOR SMATRIX BASE PULSE M-242 6X"},"content":{"rendered":"<div class=\"row\"  id=\"row-1168048240\">\n\n\t<div id=\"col-2062211568\" class=\"col medium-9 small-12 large-9\"  >\n\t\t\t\t<div class=\"col-inner\"  >\n\t\t\t\n\t\t\t\n<h3>Uponor Smatrix Base lisamoodul Pulse M-242 BUS 6X<\/h3>\n<p>&#8211; 6 kanaliga lisamoodul Uponor Smatrix Base kontrollerile Pulse X-245 Bus 6X<br \/>\n&#8211; Lisab kuni 6 ruumi termostaati ja 6 ajamit<br \/>\n&#8211; Click-kinnitus<br \/>\n&#8211; Kaitseklass: IP20<br \/>\n&#8211; V\u00e4rvus: valge<\/p>\n<p><strong>Kasutusalad:<\/strong><br \/>\n&#8211; juhtmetega ruumi temperatuuri juhtimine, kiirgusk\u00fcte ja -jahutus<br \/>\n&#8211; seadepiirkond: +5\u00b0C &#8230; +35\u00b0C<\/p>\n<p><strong>Sertifikaadid: <\/strong><br \/>\n&#8211; CE \/ EAC<\/p>\n\t\t<\/div>\n\t\t\t\t\t<\/div>\n\n\t\n\n\t<div id=\"col-1976927360\" class=\"col medium-3 small-12 large-3\"  >\n\t\t\t\t<div class=\"col-inner\"  >\n\t\t\t\n\t\t\t\n<h3>Paigaldus- ja kasutusjuhend<\/h3>\n<p><a href=\"https:\/\/espak.ee\/epood\/wp-content\/uploads\/2022\/12\/Uponor-Paigaldus-ja-kasutusjuhend-Smatrix-Base-Pulse-1095345.pdf\"target=\"_blank\" rel=\"noopener noreferrer\"><i class=\"far fa-file-pdf\"><\/i> Uponor Paigaldus- ja kasutusjuhend Smatrix Base Pulse (PDF)<\/a><\/p>\n<div class=\"is-divider divider clearfix\" ><\/div>\n<p><strong>\u00dcksikasjalikuma n\u00f5u saamiseks v\u00f5tke \u00fchendust:<br \/><\/strong>Uponor Eesti O\u00dc<br \/>Osmussaare 8<br \/>Tallinn<br \/>13811<br \/>+372 605 2070<\/p>\n\t\t<\/div>\n\t\t\t\t\t<\/div>\n\n\t\n<\/div>\n","protected":false},"excerpt":{"rendered":"","protected":false},"featured_media":143810,"comment_status":"closed","ping_status":"closed","template":"","meta":[],"product_brand":[],"product_cat":[2819,2820,3943,4575],"product_tag":[],"class_list":{"0":"post-143707","1":"product","2":"type-product","3":"status-publish","4":"has-post-thumbnail","6":"product_cat-sanitaartehnika","7":"product_cat-sanitaartehnika-sanitaartehnika","8":"product_cat-torud","9":"product_cat-torud-pex","10":"pa_kaubamark-uponor-gmbh","12":"first","13":"instock","14":"sale","15":"taxable","16":"shipping-taxable","17":"purchasable","18":"product-type-simple"},"yoast_head":"<!-- This site is optimized with the Yoast SEO plugin v26.9 - https:\/\/yoast.com\/product\/yoast-seo-wordpress\/ -->\n<title>LISAMOODUL UPONOR SMATRIX BASE PULSE M-242 6X - Espak E-pood<\/title>\n<meta name=\"robots\" content=\"index, follow, max-snippet:-1, max-image-preview:large, max-video-preview:-1\" \/>\n<link rel=\"canonical\" href=\"https:\/\/espak.ee\/epood\/toode\/lisamoodul-uponor-smatrix-base-pulse-m-242-6x\/\" \/>\n<meta property=\"og:locale\" content=\"et_EE\" \/>\n<meta property=\"og:type\" content=\"article\" \/>\n<meta property=\"og:title\" content=\"LISAMOODUL UPONOR SMATRIX BASE PULSE M-242 6X - Espak E-pood\" \/>\n<meta property=\"og:url\" content=\"https:\/\/espak.ee\/epood\/toode\/lisamoodul-uponor-smatrix-base-pulse-m-242-6x\/\" \/>\n<meta property=\"og:site_name\" content=\"Espak E-pood\" \/>\n<meta property=\"article:modified_time\" content=\"2024-03-23T00:10:59+00:00\" \/>\n<meta property=\"og:image\" content=\"https:\/\/espak.ee\/epood\/wp-content\/uploads\/2022\/12\/1093134_REN-2.jpg\" \/>\n\t<meta property=\"og:image:width\" content=\"800\" \/>\n\t<meta property=\"og:image:height\" content=\"800\" \/>\n\t<meta property=\"og:image:type\" content=\"image\/jpeg\" \/>\n<meta name=\"twitter:card\" content=\"summary_large_image\" \/>\n<script type=\"application\/ld+json\" class=\"yoast-schema-graph\">{\"@context\":\"https:\/\/schema.org\",\"@graph\":[{\"@type\":\"WebPage\",\"@id\":\"https:\/\/espak.ee\/epood\/toode\/lisamoodul-uponor-smatrix-base-pulse-m-242-6x\/\",\"url\":\"https:\/\/espak.ee\/epood\/toode\/lisamoodul-uponor-smatrix-base-pulse-m-242-6x\/\",\"name\":\"LISAMOODUL UPONOR SMATRIX BASE PULSE M-242 6X - Espak E-pood\",\"isPartOf\":{\"@id\":\"https:\/\/espak.ee\/epood\/#website\"},\"primaryImageOfPage\":{\"@id\":\"https:\/\/espak.ee\/epood\/toode\/lisamoodul-uponor-smatrix-base-pulse-m-242-6x\/#primaryimage\"},\"image\":{\"@id\":\"https:\/\/espak.ee\/epood\/toode\/lisamoodul-uponor-smatrix-base-pulse-m-242-6x\/#primaryimage\"},\"thumbnailUrl\":\"https:\/\/espak.ee\/epood\/wp-content\/uploads\/2022\/12\/1093134_REN-2.jpg\",\"datePublished\":\"2022-12-17T06:51:03+00:00\",\"dateModified\":\"2024-03-23T00:10:59+00:00\",\"breadcrumb\":{\"@id\":\"https:\/\/espak.ee\/epood\/toode\/lisamoodul-uponor-smatrix-base-pulse-m-242-6x\/#breadcrumb\"},\"inLanguage\":\"et\",\"potentialAction\":[{\"@type\":\"ReadAction\",\"target\":[\"https:\/\/espak.ee\/epood\/toode\/lisamoodul-uponor-smatrix-base-pulse-m-242-6x\/\"]}]},{\"@type\":\"ImageObject\",\"inLanguage\":\"et\",\"@id\":\"https:\/\/espak.ee\/epood\/toode\/lisamoodul-uponor-smatrix-base-pulse-m-242-6x\/#primaryimage\",\"url\":\"https:\/\/espak.ee\/epood\/wp-content\/uploads\/2022\/12\/1093134_REN-2.jpg\",\"contentUrl\":\"https:\/\/espak.ee\/epood\/wp-content\/uploads\/2022\/12\/1093134_REN-2.jpg\",\"width\":800,\"height\":800},{\"@type\":\"BreadcrumbList\",\"@id\":\"https:\/\/espak.ee\/epood\/toode\/lisamoodul-uponor-smatrix-base-pulse-m-242-6x\/#breadcrumb\",\"itemListElement\":[{\"@type\":\"ListItem\",\"position\":1,\"name\":\"Home\",\"item\":\"https:\/\/espak.ee\/epood\/\"},{\"@type\":\"ListItem\",\"position\":2,\"name\":\"Tootevalik\",\"item\":\"https:\/\/espak.ee\/epood\/tootevalik\/\"},{\"@type\":\"ListItem\",\"position\":3,\"name\":\"LISAMOODUL UPONOR SMATRIX BASE PULSE M-242 6X\"}]},{\"@type\":\"WebSite\",\"@id\":\"https:\/\/espak.ee\/epood\/#website\",\"url\":\"https:\/\/espak.ee\/epood\/\",\"name\":\"Espak E-pood\",\"description\":\"\",\"potentialAction\":[{\"@type\":\"SearchAction\",\"target\":{\"@type\":\"EntryPoint\",\"urlTemplate\":\"https:\/\/espak.ee\/epood\/?s={search_term_string}\"},\"query-input\":{\"@type\":\"PropertyValueSpecification\",\"valueRequired\":true,\"valueName\":\"search_term_string\"}}],\"inLanguage\":\"et\"}]}<\/script>\n<!-- \/ Yoast SEO plugin. -->","yoast_head_json":{"title":"LISAMOODUL UPONOR SMATRIX BASE PULSE M-242 6X - Espak E-pood","robots":{"index":"index","follow":"follow","max-snippet":"max-snippet:-1","max-image-preview":"max-image-preview:large","max-video-preview":"max-video-preview:-1"},"canonical":"https:\/\/espak.ee\/epood\/toode\/lisamoodul-uponor-smatrix-base-pulse-m-242-6x\/","og_locale":"et_EE","og_type":"article","og_title":"LISAMOODUL UPONOR SMATRIX BASE PULSE M-242 6X - Espak E-pood","og_url":"https:\/\/espak.ee\/epood\/toode\/lisamoodul-uponor-smatrix-base-pulse-m-242-6x\/","og_site_name":"Espak E-pood","article_modified_time":"2024-03-23T00:10:59+00:00","og_image":[{"width":800,"height":800,"url":"https:\/\/espak.ee\/epood\/wp-content\/uploads\/2022\/12\/1093134_REN-2.jpg","type":"image\/jpeg"}],"twitter_card":"summary_large_image","schema":{"@context":"https:\/\/schema.org","@graph":[{"@type":"WebPage","@id":"https:\/\/espak.ee\/epood\/toode\/lisamoodul-uponor-smatrix-base-pulse-m-242-6x\/","url":"https:\/\/espak.ee\/epood\/toode\/lisamoodul-uponor-smatrix-base-pulse-m-242-6x\/","name":"LISAMOODUL UPONOR SMATRIX BASE PULSE M-242 6X - Espak E-pood","isPartOf":{"@id":"https:\/\/espak.ee\/epood\/#website"},"primaryImageOfPage":{"@id":"https:\/\/espak.ee\/epood\/toode\/lisamoodul-uponor-smatrix-base-pulse-m-242-6x\/#primaryimage"},"image":{"@id":"https:\/\/espak.ee\/epood\/toode\/lisamoodul-uponor-smatrix-base-pulse-m-242-6x\/#primaryimage"},"thumbnailUrl":"https:\/\/espak.ee\/epood\/wp-content\/uploads\/2022\/12\/1093134_REN-2.jpg","datePublished":"2022-12-17T06:51:03+00:00","dateModified":"2024-03-23T00:10:59+00:00","breadcrumb":{"@id":"https:\/\/espak.ee\/epood\/toode\/lisamoodul-uponor-smatrix-base-pulse-m-242-6x\/#breadcrumb"},"inLanguage":"et","potentialAction":[{"@type":"ReadAction","target":["https:\/\/espak.ee\/epood\/toode\/lisamoodul-uponor-smatrix-base-pulse-m-242-6x\/"]}]},{"@type":"ImageObject","inLanguage":"et","@id":"https:\/\/espak.ee\/epood\/toode\/lisamoodul-uponor-smatrix-base-pulse-m-242-6x\/#primaryimage","url":"https:\/\/espak.ee\/epood\/wp-content\/uploads\/2022\/12\/1093134_REN-2.jpg","contentUrl":"https:\/\/espak.ee\/epood\/wp-content\/uploads\/2022\/12\/1093134_REN-2.jpg","width":800,"height":800},{"@type":"BreadcrumbList","@id":"https:\/\/espak.ee\/epood\/toode\/lisamoodul-uponor-smatrix-base-pulse-m-242-6x\/#breadcrumb","itemListElement":[{"@type":"ListItem","position":1,"name":"Home","item":"https:\/\/espak.ee\/epood\/"},{"@type":"ListItem","position":2,"name":"Tootevalik","item":"https:\/\/espak.ee\/epood\/tootevalik\/"},{"@type":"ListItem","position":3,"name":"LISAMOODUL UPONOR SMATRIX BASE PULSE M-242 6X"}]},{"@type":"WebSite","@id":"https:\/\/espak.ee\/epood\/#website","url":"https:\/\/espak.ee\/epood\/","name":"Espak E-pood","description":"","potentialAction":[{"@type":"SearchAction","target":{"@type":"EntryPoint","urlTemplate":"https:\/\/espak.ee\/epood\/?s={search_term_string}"},"query-input":{"@type":"PropertyValueSpecification","valueRequired":true,"valueName":"search_term_string"}}],"inLanguage":"et"}]}},"_links":{"self":[{"href":"https:\/\/espak.ee\/epood\/wp-json\/wp\/v2\/product\/143707","targetHints":{"allow":["GET"]}}],"collection":[{"href":"https:\/\/espak.ee\/epood\/wp-json\/wp\/v2\/product"}],"about":[{"href":"https:\/\/espak.ee\/epood\/wp-json\/wp\/v2\/types\/product"}],"replies":[{"embeddable":true,"href":"https:\/\/espak.ee\/epood\/wp-json\/wp\/v2\/comments?post=143707"}],"wp:featuredmedia":[{"embeddable":true,"href":"https:\/\/espak.ee\/epood\/wp-json\/wp\/v2\/media\/143810"}],"wp:attachment":[{"href":"https:\/\/espak.ee\/epood\/wp-json\/wp\/v2\/media?parent=143707"}],"wp:term":[{"taxonomy":"product_brand","embeddable":true,"href":"https:\/\/espak.ee\/epood\/wp-json\/wp\/v2\/product_brand?post=143707"},{"taxonomy":"product_cat","embeddable":true,"href":"https:\/\/espak.ee\/epood\/wp-json\/wp\/v2\/product_cat?post=143707"},{"taxonomy":"product_tag","embeddable":true,"href":"https:\/\/espak.ee\/epood\/wp-json\/wp\/v2\/product_tag?post=143707"}],"curies":[{"name":"wp","href":"https:\/\/api.w.org\/{rel}","templated":true}]}}