{"id":14356,"date":"2020-01-11T03:05:38","date_gmt":"2020-01-11T01:05:38","guid":{"rendered":"https:\/\/espak.ee\/hinnakiri\/?post_type=product&#038;p=14356"},"modified":"2024-03-23T00:01:42","modified_gmt":"2024-03-22T22:01:42","slug":"epoksuliim-moment-epoxy-5min-14ml","status":"publish","type":"product","link":"https:\/\/espak.ee\/epood\/toode\/epoksuliim-moment-epoxy-5min-14ml\/","title":{"rendered":"EPOKS\u00dcLIIM MOMENT EPOXY 5MIN 14ML"},"content":{"rendered":"<div class=\"row\"  id=\"row-1137430157\">\n\n\t<div id=\"col-2124032316\" class=\"col medium-9 small-12 large-9\"  >\n\t\t\t\t<div class=\"col-inner\"  >\n\t\t\t\n\t\t\t\n<h2>Epoks\u00fcliim Moment Epoxy<\/h2>\n<p>Moment Repair Epoxy Instant Mix tagab tugevaima nakke enamiku materjalide liimisel ja parandamisel. Liim kuivab v\u00e4ga kiiresti ning tulemus on l\u00e4bipaistev. Epoks\u00fcliim k\u00f5venemisel ei paisu ega kahane. Moment Repair Epoxy Instant Mix on v\u00e4ga vastupidav vee, \u00f5li ja lahustite suhtes. See sobib nii v\u00e4li- kui ka siset\u00f6\u00f6deks. K\u00f5venenud liimi v\u00f5ib v\u00e4rvida, lihvida, poleerida ja isegi puurida.<\/p>\n<div class=\"message-box relative\" style=\"padding-top:15px;padding-bottom:15px;\"><div class=\"message-box-bg-image bg-fill fill\" ><\/div><div class=\"message-box-bg-overlay bg-fill fill\" ><\/div><div class=\"container relative\"><div class=\"inner last-reset\">\n<div class=\"row align-middle align-center\"  id=\"row-914431551\">\n\n\t<div id=\"col-1911561144\" class=\"col small-12 large-12\"  >\n\t\t\t\t<div class=\"col-inner text-left\"  >\n\t\t\t\n\t\t\t\n<h4>Omadused<\/h4>\n<div class=\"row\"  id=\"row-44849254\">\n\n\t<div id=\"col-214871427\" class=\"col medium-6 small-12 large-6\"  >\n\t\t\t\t<div class=\"col-inner\"  >\n\t\t\t\n\t\t\t\n<p><i class=\"fa fa-check fa-2x\"><\/i> <strong>Kiiresti kuivav epoks\u00fcliim<\/strong><\/p>\n<p><i class=\"fa fa-check fa-2x\"><\/i> <strong>Kahekomponentne<\/strong><\/p>\n\t\t<\/div>\n\t\t\t\t\n<style>\n#col-214871427 > .col-inner {\n  margin: 0px 0px 15px 0px;\n}\n<\/style>\n\t<\/div>\n\n\t\n\n\t<div id=\"col-921347983\" class=\"col medium-6 small-12 large-6\"  >\n\t\t\t\t<div class=\"col-inner\"  >\n\t\t\t\n\t\t\t\n<p><i class=\"fa fa-check fa-2x\"><\/i> <strong>Lahustivaba<\/strong><\/p>\n\t\t<\/div>\n\t\t\t\t\n<style>\n#col-921347983 > .col-inner {\n  margin: 0px 0px 15px 0px;\n}\n<\/style>\n\t<\/div>\n\n\t\n<\/div>\n\t\t<\/div>\n\t\t\t\t\t<\/div>\n\n\t\n<\/div>\n<\/div><\/div><\/div>\n\t<div id=\"gap-1736875510\" class=\"gap-element clearfix\" style=\"display:block; height:auto;\">\n\t\t\n<style>\n#gap-1736875510 {\n  padding-top: 30px;\n}\n<\/style>\n\t<\/div>\n\t\n<h3>Kasutamise \u00fcksikasjad<\/h3>\n<p><strong>Kasutusala:<\/strong> Enamiku materjalide nagu metall, puit, keraamika, kivi, enamik plastikuid (v.a<br \/>\nPP, PE, Teflon\u00ae ja sarnased materjalid) liimimine ja parandamine.<\/p>\n<p><strong>Kasutusjuhend:<\/strong> Aluspinna ettevalmistamine<br \/>\nLiimitav pind peab olema kuiv, tolmu- ja \u00f5livaba. Parima tulemuse annab pindade eelnev karestamine.<br \/>\nPealekandmine<br \/>\nEemaldage s\u00fcstla plastkork ja kinnitage selle asemele segamisaplikaator. Liimi v\u00e4ljasurumiseks vajutage s\u00fcstlakolvile ja komponendid segunevad aplikaatoris etten\u00e4htud vahekorras. Kandke liimisegu \u00fchele pinnale ja \u00fchendage detailid viivitamatult. 1 minuti jooksul p\u00e4rast segamist hakkab liim tahkuma.<\/p>\n\t\t<\/div>\n\t\t\t\t\t<\/div>\n\n\t\n\n\t<div id=\"col-1772994361\" class=\"col medium-3 small-12 large-3\"  >\n\t\t\t\t<div class=\"col-inner\"  >\n\t\t\t\n\t\t\t\n\t<div id=\"gap-469963231\" class=\"gap-element clearfix\" style=\"display:block; height:auto;\">\n\t\t\n<style>\n#gap-469963231 {\n  padding-top: 30px;\n}\n<\/style>\n\t<\/div>\n\t\n<h3>Tehniline informatsioon<\/h3>\n<p><a href=\"https:\/\/espak.ee\/epood\/wp-content\/uploads\/Epoxy1min-tooteleht.pdf\" target=\"_blank\" rel=\"noopener noreferrer\"><i class=\"far fa-file-pdf\"><\/i> Tehniline info (PDF)<\/a><\/p>\n<h3>Ohutusalane teave<\/h3>\n<p><a href=\"https:\/\/espak.ee\/epood\/wp-content\/uploads\/Epoxy1min-ohutuskaart.pdf\" target=\"_blank\" rel=\"noopener noreferrer\"><i class=\"far fa-file-pdf\"><\/i> Ohutusalane teave (PDF)<\/a><\/p>\n<div class=\"is-divider divider clearfix\" ><\/div>\n<p><strong>\u00dcksikasjalikuma n\u00f5u saamiseks v\u00f5tke \u00fchendust:<br \/><\/strong>Henkel Balti<br \/>S\u00f5bra 56 B<br \/>51013<br \/>Tartu<br \/>+ 372 7305800<\/p>\n<div class=\"is-divider divider clearfix\" ><\/div>\n\t\t<\/div>\n\t\t\t\t\t<\/div>\n\n\t\n<\/div>\n","protected":false},"excerpt":{"rendered":"","protected":false},"featured_media":14830,"comment_status":"closed","ping_status":"open","template":"","meta":[],"product_brand":[],"product_cat":[2703,2706,2707,2683],"product_tag":[],"class_list":{"0":"post-14356","1":"product","2":"type-product","3":"status-publish","4":"has-post-thumbnail","6":"product_cat-ehituskeemia","7":"product_cat-liimid","8":"product_cat-universaalliimid","9":"product_cat-viimistluskaubad","10":"pa_kaubamark-henkel-balti-ou","12":"first","13":"outofstock","14":"sale","15":"taxable","16":"shipping-taxable","17":"purchasable","18":"product-type-simple"},"yoast_head":"<!-- This site is optimized with the Yoast SEO plugin v26.9 - https:\/\/yoast.com\/product\/yoast-seo-wordpress\/ -->\n<title>EPOKS\u00dcLIIM MOMENT EPOXY 5MIN 14ML - Espak E-pood<\/title>\n<meta name=\"robots\" content=\"index, follow, max-snippet:-1, max-image-preview:large, max-video-preview:-1\" \/>\n<link rel=\"canonical\" href=\"https:\/\/espak.ee\/epood\/toode\/epoksuliim-moment-epoxy-5min-14ml\/\" \/>\n<meta property=\"og:locale\" content=\"et_EE\" \/>\n<meta property=\"og:type\" content=\"article\" \/>\n<meta property=\"og:title\" content=\"EPOKS\u00dcLIIM MOMENT EPOXY 5MIN 14ML - Espak E-pood\" \/>\n<meta property=\"og:url\" content=\"https:\/\/espak.ee\/epood\/toode\/epoksuliim-moment-epoxy-5min-14ml\/\" \/>\n<meta property=\"og:site_name\" content=\"Espak E-pood\" \/>\n<meta property=\"article:modified_time\" content=\"2024-03-22T22:01:42+00:00\" \/>\n<meta property=\"og:image\" content=\"https:\/\/espak.ee\/epood\/wp-content\/uploads\/Moment-Instant-Mix-5min.jpg\" \/>\n\t<meta property=\"og:image:width\" content=\"1890\" \/>\n\t<meta property=\"og:image:height\" content=\"1890\" \/>\n\t<meta property=\"og:image:type\" content=\"image\/jpeg\" \/>\n<meta name=\"twitter:card\" content=\"summary_large_image\" \/>\n<meta name=\"twitter:label1\" content=\"Est. reading time\" \/>\n\t<meta name=\"twitter:data1\" content=\"1 minut\" \/>\n<script type=\"application\/ld+json\" class=\"yoast-schema-graph\">{\"@context\":\"https:\/\/schema.org\",\"@graph\":[{\"@type\":\"WebPage\",\"@id\":\"https:\/\/espak.ee\/epood\/toode\/epoksuliim-moment-epoxy-5min-14ml\/\",\"url\":\"https:\/\/espak.ee\/epood\/toode\/epoksuliim-moment-epoxy-5min-14ml\/\",\"name\":\"EPOKS\u00dcLIIM MOMENT EPOXY 5MIN 14ML - Espak E-pood\",\"isPartOf\":{\"@id\":\"https:\/\/espak.ee\/epood\/#website\"},\"primaryImageOfPage\":{\"@id\":\"https:\/\/espak.ee\/epood\/toode\/epoksuliim-moment-epoxy-5min-14ml\/#primaryimage\"},\"image\":{\"@id\":\"https:\/\/espak.ee\/epood\/toode\/epoksuliim-moment-epoxy-5min-14ml\/#primaryimage\"},\"thumbnailUrl\":\"https:\/\/espak.ee\/epood\/wp-content\/uploads\/Moment-Instant-Mix-5min.jpg\",\"datePublished\":\"2020-01-11T01:05:38+00:00\",\"dateModified\":\"2024-03-22T22:01:42+00:00\",\"breadcrumb\":{\"@id\":\"https:\/\/espak.ee\/epood\/toode\/epoksuliim-moment-epoxy-5min-14ml\/#breadcrumb\"},\"inLanguage\":\"et\",\"potentialAction\":[{\"@type\":\"ReadAction\",\"target\":[\"https:\/\/espak.ee\/epood\/toode\/epoksuliim-moment-epoxy-5min-14ml\/\"]}]},{\"@type\":\"ImageObject\",\"inLanguage\":\"et\",\"@id\":\"https:\/\/espak.ee\/epood\/toode\/epoksuliim-moment-epoxy-5min-14ml\/#primaryimage\",\"url\":\"https:\/\/espak.ee\/epood\/wp-content\/uploads\/Moment-Instant-Mix-5min.jpg\",\"contentUrl\":\"https:\/\/espak.ee\/epood\/wp-content\/uploads\/Moment-Instant-Mix-5min.jpg\",\"width\":1890,\"height\":1890},{\"@type\":\"BreadcrumbList\",\"@id\":\"https:\/\/espak.ee\/epood\/toode\/epoksuliim-moment-epoxy-5min-14ml\/#breadcrumb\",\"itemListElement\":[{\"@type\":\"ListItem\",\"position\":1,\"name\":\"Home\",\"item\":\"https:\/\/espak.ee\/epood\/\"},{\"@type\":\"ListItem\",\"position\":2,\"name\":\"Tootevalik\",\"item\":\"https:\/\/espak.ee\/epood\/tootevalik\/\"},{\"@type\":\"ListItem\",\"position\":3,\"name\":\"EPOKS\u00dcLIIM MOMENT EPOXY 5MIN 14ML\"}]},{\"@type\":\"WebSite\",\"@id\":\"https:\/\/espak.ee\/epood\/#website\",\"url\":\"https:\/\/espak.ee\/epood\/\",\"name\":\"Espak E-pood\",\"description\":\"\",\"potentialAction\":[{\"@type\":\"SearchAction\",\"target\":{\"@type\":\"EntryPoint\",\"urlTemplate\":\"https:\/\/espak.ee\/epood\/?s={search_term_string}\"},\"query-input\":{\"@type\":\"PropertyValueSpecification\",\"valueRequired\":true,\"valueName\":\"search_term_string\"}}],\"inLanguage\":\"et\"}]}<\/script>\n<!-- \/ Yoast SEO plugin. -->","yoast_head_json":{"title":"EPOKS\u00dcLIIM MOMENT EPOXY 5MIN 14ML - Espak E-pood","robots":{"index":"index","follow":"follow","max-snippet":"max-snippet:-1","max-image-preview":"max-image-preview:large","max-video-preview":"max-video-preview:-1"},"canonical":"https:\/\/espak.ee\/epood\/toode\/epoksuliim-moment-epoxy-5min-14ml\/","og_locale":"et_EE","og_type":"article","og_title":"EPOKS\u00dcLIIM MOMENT EPOXY 5MIN 14ML - Espak E-pood","og_url":"https:\/\/espak.ee\/epood\/toode\/epoksuliim-moment-epoxy-5min-14ml\/","og_site_name":"Espak E-pood","article_modified_time":"2024-03-22T22:01:42+00:00","og_image":[{"width":1890,"height":1890,"url":"https:\/\/espak.ee\/epood\/wp-content\/uploads\/Moment-Instant-Mix-5min.jpg","type":"image\/jpeg"}],"twitter_card":"summary_large_image","twitter_misc":{"Est. reading time":"1 minut"},"schema":{"@context":"https:\/\/schema.org","@graph":[{"@type":"WebPage","@id":"https:\/\/espak.ee\/epood\/toode\/epoksuliim-moment-epoxy-5min-14ml\/","url":"https:\/\/espak.ee\/epood\/toode\/epoksuliim-moment-epoxy-5min-14ml\/","name":"EPOKS\u00dcLIIM MOMENT EPOXY 5MIN 14ML - Espak E-pood","isPartOf":{"@id":"https:\/\/espak.ee\/epood\/#website"},"primaryImageOfPage":{"@id":"https:\/\/espak.ee\/epood\/toode\/epoksuliim-moment-epoxy-5min-14ml\/#primaryimage"},"image":{"@id":"https:\/\/espak.ee\/epood\/toode\/epoksuliim-moment-epoxy-5min-14ml\/#primaryimage"},"thumbnailUrl":"https:\/\/espak.ee\/epood\/wp-content\/uploads\/Moment-Instant-Mix-5min.jpg","datePublished":"2020-01-11T01:05:38+00:00","dateModified":"2024-03-22T22:01:42+00:00","breadcrumb":{"@id":"https:\/\/espak.ee\/epood\/toode\/epoksuliim-moment-epoxy-5min-14ml\/#breadcrumb"},"inLanguage":"et","potentialAction":[{"@type":"ReadAction","target":["https:\/\/espak.ee\/epood\/toode\/epoksuliim-moment-epoxy-5min-14ml\/"]}]},{"@type":"ImageObject","inLanguage":"et","@id":"https:\/\/espak.ee\/epood\/toode\/epoksuliim-moment-epoxy-5min-14ml\/#primaryimage","url":"https:\/\/espak.ee\/epood\/wp-content\/uploads\/Moment-Instant-Mix-5min.jpg","contentUrl":"https:\/\/espak.ee\/epood\/wp-content\/uploads\/Moment-Instant-Mix-5min.jpg","width":1890,"height":1890},{"@type":"BreadcrumbList","@id":"https:\/\/espak.ee\/epood\/toode\/epoksuliim-moment-epoxy-5min-14ml\/#breadcrumb","itemListElement":[{"@type":"ListItem","position":1,"name":"Home","item":"https:\/\/espak.ee\/epood\/"},{"@type":"ListItem","position":2,"name":"Tootevalik","item":"https:\/\/espak.ee\/epood\/tootevalik\/"},{"@type":"ListItem","position":3,"name":"EPOKS\u00dcLIIM MOMENT EPOXY 5MIN 14ML"}]},{"@type":"WebSite","@id":"https:\/\/espak.ee\/epood\/#website","url":"https:\/\/espak.ee\/epood\/","name":"Espak E-pood","description":"","potentialAction":[{"@type":"SearchAction","target":{"@type":"EntryPoint","urlTemplate":"https:\/\/espak.ee\/epood\/?s={search_term_string}"},"query-input":{"@type":"PropertyValueSpecification","valueRequired":true,"valueName":"search_term_string"}}],"inLanguage":"et"}]}},"_links":{"self":[{"href":"https:\/\/espak.ee\/epood\/wp-json\/wp\/v2\/product\/14356","targetHints":{"allow":["GET"]}}],"collection":[{"href":"https:\/\/espak.ee\/epood\/wp-json\/wp\/v2\/product"}],"about":[{"href":"https:\/\/espak.ee\/epood\/wp-json\/wp\/v2\/types\/product"}],"replies":[{"embeddable":true,"href":"https:\/\/espak.ee\/epood\/wp-json\/wp\/v2\/comments?post=14356"}],"wp:featuredmedia":[{"embeddable":true,"href":"https:\/\/espak.ee\/epood\/wp-json\/wp\/v2\/media\/14830"}],"wp:attachment":[{"href":"https:\/\/espak.ee\/epood\/wp-json\/wp\/v2\/media?parent=14356"}],"wp:term":[{"taxonomy":"product_brand","embeddable":true,"href":"https:\/\/espak.ee\/epood\/wp-json\/wp\/v2\/product_brand?post=14356"},{"taxonomy":"product_cat","embeddable":true,"href":"https:\/\/espak.ee\/epood\/wp-json\/wp\/v2\/product_cat?post=14356"},{"taxonomy":"product_tag","embeddable":true,"href":"https:\/\/espak.ee\/epood\/wp-json\/wp\/v2\/product_tag?post=14356"}],"curies":[{"name":"wp","href":"https:\/\/api.w.org\/{rel}","templated":true}]}}