{"id":14352,"date":"2020-01-11T03:05:29","date_gmt":"2020-01-11T01:05:29","guid":{"rendered":"https:\/\/espak.ee\/hinnakiri\/?post_type=product&#038;p=14352"},"modified":"2024-03-23T00:01:45","modified_gmt":"2024-03-22T22:01:45","slug":"kontaktliim-moment-88-30ml","status":"publish","type":"product","link":"https:\/\/espak.ee\/epood\/toode\/kontaktliim-moment-88-30ml\/","title":{"rendered":"KONTAKTLIIM MOMENT 88 30ML"},"content":{"rendered":"<div class=\"row\"  id=\"row-1927117370\">\n\n\t<div id=\"col-2133168910\" class=\"col medium-9 small-12 large-9\"  >\n\t\t\t\t<div class=\"col-inner\"  >\n\t\t\t\n\t\t\t\n<h2>Kontaktliim Moment 88<\/h2>\n<p>Universaalkontaktliim Moment 88 on \u00fclitugeva nakkev\u00f5imega. See h\u00f5lpsalt pealekantav liim sobib ideaalselt erinevate pindade liimimiseks.<\/p>\n<div class=\"message-box relative\" style=\"padding-top:15px;padding-bottom:15px;\"><div class=\"message-box-bg-image bg-fill fill\" ><\/div><div class=\"message-box-bg-overlay bg-fill fill\" ><\/div><div class=\"container relative\"><div class=\"inner last-reset\">\n<div class=\"row align-middle align-center\"  id=\"row-222271784\">\n\n\t<div id=\"col-215080883\" class=\"col small-12 large-12\"  >\n\t\t\t\t<div class=\"col-inner text-left\"  >\n\t\t\t\n\t\t\t\n<h4>Omadused<\/h4>\n<div class=\"row\"  id=\"row-813699311\">\n\n\t<div id=\"col-883042951\" class=\"col medium-6 small-12 large-6\"  >\n\t\t\t\t<div class=\"col-inner\"  >\n\t\t\t\n\t\t\t\n<p><i class=\"fa fa-check fa-2x\"><\/i> <strong>Hea algne ja l\u00f5plik tugevus<\/strong><\/p>\n<p><i class=\"fa fa-check fa-2x\"><\/i> <strong>Hea kuumakindlus<\/strong><\/p>\n\t\t<\/div>\n\t\t\t\t\n<style>\n#col-883042951 > .col-inner {\n  margin: 0px 0px 15px 0px;\n}\n<\/style>\n\t<\/div>\n\n\t\n\n\t<div id=\"col-1496165786\" class=\"col medium-6 small-12 large-6\"  >\n\t\t\t\t<div class=\"col-inner\"  >\n\t\t\t\n\t\t\t\n<p><i class=\"fa fa-check fa-2x\"><\/i> <strong>Vananemiskindel<\/strong><\/p>\n\t\t<\/div>\n\t\t\t\t\n<style>\n#col-1496165786 > .col-inner {\n  margin: 0px 0px 15px 0px;\n}\n<\/style>\n\t<\/div>\n\n\t\n<\/div>\n\t\t<\/div>\n\t\t\t\t\t<\/div>\n\n\t\n<\/div>\n<\/div><\/div><\/div>\n\t<div id=\"gap-1066705752\" class=\"gap-element clearfix\" style=\"display:block; height:auto;\">\n\t\t\n<style>\n#gap-1066705752 {\n  padding-top: 30px;\n}\n<\/style>\n\t<\/div>\n\t\n<h3>Kasutamise \u00fcksikasjad<\/h3>\n<p><strong>Kasutusala:<\/strong> puitmaterjalide liimimine dekoratiivlaminaatide nagu Resopal, Formica jne, kummi, naha, korgi, vildi, j\u00e4iga PVC, vahtkummi, metalli ja paljude muude materjalide k\u00fclge. Ei sobi pol\u00fcet\u00fcleeni, pol\u00fcprop\u00fcleeni, vahtpol\u00fcst\u00fcreeni, kunstnaha ja plastifitseeritud PVC jaoks. Helikindlate akustiliste ja isolatsioonipaneelide (v\u00e4lja arvatud vahtpol\u00fcst\u00fcreenist),<br \/>\nsobivate plastplaatide ja mitmesuguste (mitteplastifitseeritud PVC-st ja kunstnahast) seinakatete kinnitamine kuivale ja stabiilsele pinnale. Spooni liimimine servadele ja k\u00f5veratele pindadele<\/p>\n<p><strong>Kasutusjuhend:<\/strong> Eelt\u00f6\u00f6tlus<br \/>\nLiimitav materjal peab olema kuiv (puidu niiskus 8 kuni 12%) ning rasva- ja tolmuvaba. Puhastage laminaat, metall jne lahustiga (lakibensiiniga). Pinna karestamine parandab \u00fcldiselt nakketugevust. Laske materjalidel tootjajuhiste kohaselt aklimatiseeruda. Kasutage liimimiseks vaid t\u00f6\u00f6tlemata pindu (loomulikku alust). Eemaldage v\u00e4rvitud v\u00f5i t\u00f6\u00f6deldud pindadelt pinnakate.<br \/>\nPealekandmine<br \/>\nKandke rikkalik ja \u00fchtlane liimikiht pahtlilabida v\u00f5i l\u00fchikeseharjaselise pintsliga m\u00f5lemale liimitavale pinnale &#8211; eriti servadesse. Enne detailide \u00fchendamist laske lahustil aurustuta. Tavalisel toatemperatuuril (18 kuni 25 \u00b0C) toimub see umbes 10 &#8211; 15 minutiga Tagage pidev \u00f5hutus. P\u00e4rast lahusti aurustumist on liimimine v\u00f5imalik 2 tunni jooksul. Liiga l\u00fchike aurustumisaeg, eriti mitteimavate materjalide korral, v\u00f5ib algset naket n\u00f5rgendada. P\u00e4rast lahusti aurustumist peab pinnale j\u00e4\u00e4ma katkematu n\u00e4htav liimikiht. Suurepooriliste v\u00f5i v\u00e4ga imavate pindade puhul v\u00f5ib osutuda vajalikuks mitme liimikihi pealekandmine. Enne detailide \u00fchendamist peab liim olema puutekuiv, ei tohi s\u00f5rmede k\u00fclge j\u00e4\u00e4da ega venida.<br \/>\nLiimimine \/ kokkusurumine:<br \/>\nK\u00f5igepealt seadke detailid hoolikalt paika, sest juba \u00fchendatud detaile enam korrigeerida ei saa. Seej\u00e4rel suruge detailid korraks tugevasti kokku (v\u00e4hemalt 0,5 N\/mm\u00b2 = 5 kp\/cm\u00b2 survega). Pidage silmas, et nakketugevus ei s\u00f5ltu rakendatava surve kestusest vaid intensiivsusest. Piisab m\u00f5nest sekundist. Suuremate pindade (nt laminaatpaneelide, metalli jne) korral tuleb kasutada pressi. S\u00f5ltuvalt detailist v\u00f5ib piisata ka tugevast rullimisest. \u00d5hu sissej\u00e4\u00e4mise v\u00e4ltimiseks suruge keskelt v\u00e4ljapoole. Suruge hoolikalt servadest. K\u00f5va ja mitteelastse aluse puhul taguge mitteelastse haamriga.<br \/>\nEdasine t\u00f6\u00f6tlemine:<br \/>\nAlgne nakketugevus on nii suur, et detaili v\u00f5ib kohe p\u00e4rast kokkusurumist edasi t\u00f6\u00f6tlema hakata.<\/p>\n\t\t<\/div>\n\t\t\t\t\t<\/div>\n\n\t\n\n\t<div id=\"col-264507374\" class=\"col medium-3 small-12 large-3\"  >\n\t\t\t\t<div class=\"col-inner\"  >\n\t\t\t\n\t\t\t\n\t<div id=\"gap-1310096528\" class=\"gap-element clearfix\" style=\"display:block; height:auto;\">\n\t\t\n<style>\n#gap-1310096528 {\n  padding-top: 30px;\n}\n<\/style>\n\t<\/div>\n\t\n<h3>Tehniline informatsioon<\/h3>\n<p><a href=\"https:\/\/espak.ee\/epood\/wp-content\/uploads\/Moment88-tooteleht.pdf\" target=\"_blank\" rel=\"noopener noreferrer\"><i class=\"far fa-file-pdf\"><\/i> Tehniline info (PDF)<\/a><\/p>\n<h3>Ohutusalane teave<\/h3>\n<p><a href=\"https:\/\/espak.ee\/epood\/wp-content\/uploads\/Moment88-ohutuskaart.pdf\" target=\"_blank\" rel=\"noopener noreferrer\"><i class=\"far fa-file-pdf\"><\/i> Ohutusalane teave (PDF)<\/a><\/p>\n<div class=\"is-divider divider clearfix\" ><\/div>\n<p><strong>\u00dcksikasjalikuma n\u00f5u saamiseks v\u00f5tke \u00fchendust:<br \/><\/strong>Henkel Balti<br \/>S\u00f5bra 56 B<br \/>51013<br \/>Tartu<br \/>+ 372 7305800<\/p>\n<div class=\"is-divider divider clearfix\" ><\/div>\n\t\t<\/div>\n\t\t\t\t\t<\/div>\n\n\t\n<\/div>\n","protected":false},"excerpt":{"rendered":"","protected":false},"featured_media":14822,"comment_status":"closed","ping_status":"open","template":"","meta":[],"product_brand":[],"product_cat":[2703,2706,2707,2683],"product_tag":[],"class_list":{"0":"post-14352","1":"product","2":"type-product","3":"status-publish","4":"has-post-thumbnail","6":"product_cat-ehituskeemia","7":"product_cat-liimid","8":"product_cat-universaalliimid","9":"product_cat-viimistluskaubad","10":"pa_kaubamark-henkel-balti-ou","12":"first","13":"outofstock","14":"sale","15":"taxable","16":"shipping-taxable","17":"purchasable","18":"product-type-simple"},"yoast_head":"<!-- This site is optimized with the Yoast SEO plugin v26.9 - https:\/\/yoast.com\/product\/yoast-seo-wordpress\/ -->\n<title>KONTAKTLIIM MOMENT 88 30ML - Espak E-pood<\/title>\n<meta name=\"robots\" content=\"index, follow, max-snippet:-1, max-image-preview:large, max-video-preview:-1\" \/>\n<link rel=\"canonical\" href=\"https:\/\/espak.ee\/epood\/toode\/kontaktliim-moment-88-30ml\/\" \/>\n<meta property=\"og:locale\" content=\"et_EE\" \/>\n<meta property=\"og:type\" content=\"article\" \/>\n<meta property=\"og:title\" content=\"KONTAKTLIIM MOMENT 88 30ML - Espak E-pood\" \/>\n<meta property=\"og:url\" content=\"https:\/\/espak.ee\/epood\/toode\/kontaktliim-moment-88-30ml\/\" \/>\n<meta property=\"og:site_name\" content=\"Espak E-pood\" \/>\n<meta property=\"article:modified_time\" content=\"2024-03-22T22:01:45+00:00\" \/>\n<meta property=\"og:image\" content=\"https:\/\/espak.ee\/epood\/wp-content\/uploads\/Moment-88-BAL-30ml.jpg\" \/>\n\t<meta property=\"og:image:width\" content=\"2048\" \/>\n\t<meta property=\"og:image:height\" content=\"2048\" \/>\n\t<meta property=\"og:image:type\" content=\"image\/jpeg\" \/>\n<meta name=\"twitter:card\" content=\"summary_large_image\" \/>\n<meta name=\"twitter:label1\" content=\"Est. reading time\" \/>\n\t<meta name=\"twitter:data1\" content=\"2 minutit\" \/>\n<script type=\"application\/ld+json\" class=\"yoast-schema-graph\">{\"@context\":\"https:\/\/schema.org\",\"@graph\":[{\"@type\":\"WebPage\",\"@id\":\"https:\/\/espak.ee\/epood\/toode\/kontaktliim-moment-88-30ml\/\",\"url\":\"https:\/\/espak.ee\/epood\/toode\/kontaktliim-moment-88-30ml\/\",\"name\":\"KONTAKTLIIM MOMENT 88 30ML - Espak E-pood\",\"isPartOf\":{\"@id\":\"https:\/\/espak.ee\/epood\/#website\"},\"primaryImageOfPage\":{\"@id\":\"https:\/\/espak.ee\/epood\/toode\/kontaktliim-moment-88-30ml\/#primaryimage\"},\"image\":{\"@id\":\"https:\/\/espak.ee\/epood\/toode\/kontaktliim-moment-88-30ml\/#primaryimage\"},\"thumbnailUrl\":\"https:\/\/espak.ee\/epood\/wp-content\/uploads\/Moment-88-BAL-30ml.jpg\",\"datePublished\":\"2020-01-11T01:05:29+00:00\",\"dateModified\":\"2024-03-22T22:01:45+00:00\",\"breadcrumb\":{\"@id\":\"https:\/\/espak.ee\/epood\/toode\/kontaktliim-moment-88-30ml\/#breadcrumb\"},\"inLanguage\":\"et\",\"potentialAction\":[{\"@type\":\"ReadAction\",\"target\":[\"https:\/\/espak.ee\/epood\/toode\/kontaktliim-moment-88-30ml\/\"]}]},{\"@type\":\"ImageObject\",\"inLanguage\":\"et\",\"@id\":\"https:\/\/espak.ee\/epood\/toode\/kontaktliim-moment-88-30ml\/#primaryimage\",\"url\":\"https:\/\/espak.ee\/epood\/wp-content\/uploads\/Moment-88-BAL-30ml.jpg\",\"contentUrl\":\"https:\/\/espak.ee\/epood\/wp-content\/uploads\/Moment-88-BAL-30ml.jpg\",\"width\":2048,\"height\":2048},{\"@type\":\"BreadcrumbList\",\"@id\":\"https:\/\/espak.ee\/epood\/toode\/kontaktliim-moment-88-30ml\/#breadcrumb\",\"itemListElement\":[{\"@type\":\"ListItem\",\"position\":1,\"name\":\"Home\",\"item\":\"https:\/\/espak.ee\/epood\/\"},{\"@type\":\"ListItem\",\"position\":2,\"name\":\"Tootevalik\",\"item\":\"https:\/\/espak.ee\/epood\/tootevalik\/\"},{\"@type\":\"ListItem\",\"position\":3,\"name\":\"KONTAKTLIIM MOMENT 88 30ML\"}]},{\"@type\":\"WebSite\",\"@id\":\"https:\/\/espak.ee\/epood\/#website\",\"url\":\"https:\/\/espak.ee\/epood\/\",\"name\":\"Espak E-pood\",\"description\":\"\",\"potentialAction\":[{\"@type\":\"SearchAction\",\"target\":{\"@type\":\"EntryPoint\",\"urlTemplate\":\"https:\/\/espak.ee\/epood\/?s={search_term_string}\"},\"query-input\":{\"@type\":\"PropertyValueSpecification\",\"valueRequired\":true,\"valueName\":\"search_term_string\"}}],\"inLanguage\":\"et\"}]}<\/script>\n<!-- \/ Yoast SEO plugin. -->","yoast_head_json":{"title":"KONTAKTLIIM MOMENT 88 30ML - Espak E-pood","robots":{"index":"index","follow":"follow","max-snippet":"max-snippet:-1","max-image-preview":"max-image-preview:large","max-video-preview":"max-video-preview:-1"},"canonical":"https:\/\/espak.ee\/epood\/toode\/kontaktliim-moment-88-30ml\/","og_locale":"et_EE","og_type":"article","og_title":"KONTAKTLIIM MOMENT 88 30ML - Espak E-pood","og_url":"https:\/\/espak.ee\/epood\/toode\/kontaktliim-moment-88-30ml\/","og_site_name":"Espak E-pood","article_modified_time":"2024-03-22T22:01:45+00:00","og_image":[{"width":2048,"height":2048,"url":"https:\/\/espak.ee\/epood\/wp-content\/uploads\/Moment-88-BAL-30ml.jpg","type":"image\/jpeg"}],"twitter_card":"summary_large_image","twitter_misc":{"Est. reading time":"2 minutit"},"schema":{"@context":"https:\/\/schema.org","@graph":[{"@type":"WebPage","@id":"https:\/\/espak.ee\/epood\/toode\/kontaktliim-moment-88-30ml\/","url":"https:\/\/espak.ee\/epood\/toode\/kontaktliim-moment-88-30ml\/","name":"KONTAKTLIIM MOMENT 88 30ML - Espak E-pood","isPartOf":{"@id":"https:\/\/espak.ee\/epood\/#website"},"primaryImageOfPage":{"@id":"https:\/\/espak.ee\/epood\/toode\/kontaktliim-moment-88-30ml\/#primaryimage"},"image":{"@id":"https:\/\/espak.ee\/epood\/toode\/kontaktliim-moment-88-30ml\/#primaryimage"},"thumbnailUrl":"https:\/\/espak.ee\/epood\/wp-content\/uploads\/Moment-88-BAL-30ml.jpg","datePublished":"2020-01-11T01:05:29+00:00","dateModified":"2024-03-22T22:01:45+00:00","breadcrumb":{"@id":"https:\/\/espak.ee\/epood\/toode\/kontaktliim-moment-88-30ml\/#breadcrumb"},"inLanguage":"et","potentialAction":[{"@type":"ReadAction","target":["https:\/\/espak.ee\/epood\/toode\/kontaktliim-moment-88-30ml\/"]}]},{"@type":"ImageObject","inLanguage":"et","@id":"https:\/\/espak.ee\/epood\/toode\/kontaktliim-moment-88-30ml\/#primaryimage","url":"https:\/\/espak.ee\/epood\/wp-content\/uploads\/Moment-88-BAL-30ml.jpg","contentUrl":"https:\/\/espak.ee\/epood\/wp-content\/uploads\/Moment-88-BAL-30ml.jpg","width":2048,"height":2048},{"@type":"BreadcrumbList","@id":"https:\/\/espak.ee\/epood\/toode\/kontaktliim-moment-88-30ml\/#breadcrumb","itemListElement":[{"@type":"ListItem","position":1,"name":"Home","item":"https:\/\/espak.ee\/epood\/"},{"@type":"ListItem","position":2,"name":"Tootevalik","item":"https:\/\/espak.ee\/epood\/tootevalik\/"},{"@type":"ListItem","position":3,"name":"KONTAKTLIIM MOMENT 88 30ML"}]},{"@type":"WebSite","@id":"https:\/\/espak.ee\/epood\/#website","url":"https:\/\/espak.ee\/epood\/","name":"Espak E-pood","description":"","potentialAction":[{"@type":"SearchAction","target":{"@type":"EntryPoint","urlTemplate":"https:\/\/espak.ee\/epood\/?s={search_term_string}"},"query-input":{"@type":"PropertyValueSpecification","valueRequired":true,"valueName":"search_term_string"}}],"inLanguage":"et"}]}},"_links":{"self":[{"href":"https:\/\/espak.ee\/epood\/wp-json\/wp\/v2\/product\/14352","targetHints":{"allow":["GET"]}}],"collection":[{"href":"https:\/\/espak.ee\/epood\/wp-json\/wp\/v2\/product"}],"about":[{"href":"https:\/\/espak.ee\/epood\/wp-json\/wp\/v2\/types\/product"}],"replies":[{"embeddable":true,"href":"https:\/\/espak.ee\/epood\/wp-json\/wp\/v2\/comments?post=14352"}],"wp:featuredmedia":[{"embeddable":true,"href":"https:\/\/espak.ee\/epood\/wp-json\/wp\/v2\/media\/14822"}],"wp:attachment":[{"href":"https:\/\/espak.ee\/epood\/wp-json\/wp\/v2\/media?parent=14352"}],"wp:term":[{"taxonomy":"product_brand","embeddable":true,"href":"https:\/\/espak.ee\/epood\/wp-json\/wp\/v2\/product_brand?post=14352"},{"taxonomy":"product_cat","embeddable":true,"href":"https:\/\/espak.ee\/epood\/wp-json\/wp\/v2\/product_cat?post=14352"},{"taxonomy":"product_tag","embeddable":true,"href":"https:\/\/espak.ee\/epood\/wp-json\/wp\/v2\/product_tag?post=14352"}],"curies":[{"name":"wp","href":"https:\/\/api.w.org\/{rel}","templated":true}]}}