{"id":14341,"date":"2020-01-11T03:05:29","date_gmt":"2020-01-11T01:05:29","guid":{"rendered":"https:\/\/espak.ee\/hinnakiri\/?post_type=product&#038;p=14341"},"modified":"2024-03-23T00:01:43","modified_gmt":"2024-03-22T22:01:43","slug":"uhekomponentne-pustolivaht-makroflex-lowex-pro-750","status":"publish","type":"product","link":"https:\/\/espak.ee\/epood\/toode\/uhekomponentne-pustolivaht-makroflex-lowex-pro-750\/","title":{"rendered":"\u00dcHEKOMPONENTNE P\u00dcSTOLIVAHT MAKROFLEX LOWEX PRO 750"},"content":{"rendered":"<div class=\"row\"  id=\"row-1485055749\">\n\n\t<div id=\"col-855163894\" class=\"col medium-9 small-12 large-9\"  >\n\t\t\t\t<div class=\"col-inner\"  >\n\t\t\t\n\t\t\t\n<h2>Makroflex Lowex Pro<\/h2>\n<p>\u00dchekomponentne v\u00e4hepaisuv pol\u00fcuretaan-p\u00fcstolivaht.<\/p>\n<div class=\"message-box relative\" style=\"padding-top:15px;padding-bottom:15px;\"><div class=\"message-box-bg-image bg-fill fill\" ><\/div><div class=\"message-box-bg-overlay bg-fill fill\" ><\/div><div class=\"container relative\"><div class=\"inner last-reset\">\n<div class=\"row align-middle align-center\"  id=\"row-1477046739\">\n\n\t<div id=\"col-270903582\" class=\"col small-12 large-12\"  >\n\t\t\t\t<div class=\"col-inner text-left\"  >\n\t\t\t\n\t\t\t\n<h4>Omadused<\/h4>\n<div class=\"row\"  id=\"row-1822028960\">\n\n\t<div id=\"col-2110200473\" class=\"col medium-6 small-12 large-6\"  >\n\t\t\t\t<div class=\"col-inner\"  >\n\t\t\t\n\t\t\t\n<p><i class=\"fa fa-check fa-2x\"><\/i> <strong>\u00dcliv\u00e4ike survetugevus tardumisel<\/strong><\/p>\n<p><i class=\"fa fa-check fa-2x\"><\/i> <strong>V\u00e4ga hea soojus- ja heliisolatsioon<\/strong><\/p>\n\t\t<\/div>\n\t\t\t\t\n<style>\n#col-2110200473 > .col-inner {\n  margin: 0px 0px 15px 0px;\n}\n<\/style>\n\t<\/div>\n\n\t\n<\/div>\n\t\t<\/div>\n\t\t\t\t\t<\/div>\n\n\t\n<\/div>\n<\/div><\/div><\/div>\n\t<div id=\"gap-1901203587\" class=\"gap-element clearfix\" style=\"display:block; height:auto;\">\n\t\t\n<style>\n#gap-1901203587 {\n  padding-top: 30px;\n}\n<\/style>\n\t<\/div>\n\t\n<h3>Kasutamise \u00fcksikasjad<\/h3>\n<p><strong>Kasutusala:<\/strong> Makroflex Low Expansion PRO pol\u00fcuretaanvaht on tardumisel v\u00e4ikse survetugevusega, mis v\u00f5imaldab paigaldada akna- ja ukselengid lisatoestust kasutamata. Pudelil on spetsiaalne kruvikork vahup\u00fcstoli paigaldamiseks. Vaht on isepaisuv ja muutub tolmukindlaks umbes 20 minuti p\u00e4rast. Paisunud vahu maht on n\u00e4ha kohe p\u00e4rast pealekandmist \u2013 vahu j\u00e4relpaisumine ei ole m\u00e4rkimisv\u00e4\u00e4rne. Toode ei sisalda freoone.<\/p>\n<p><strong>Kasutusjuhend:<\/strong> \u00dclevoolu v\u00e4ltimiseks peab vahu v\u00e4ljavoolukiirus olema m\u00f5\u00f5dukas. Paigaldamise ajal loksutage pudelit regulaarselt. Pudelit ei ole soovitav p\u00fcstolilt eemaldada enne, kui see on t\u00e4iesti t\u00fchi. Pudeli v\u00e4ljavahetamisel loksutage uut pudelit tugevalt. Keerake t\u00fchi pudel lahti ja asendage see kohe uuega, et v\u00e4ltida \u00f5hu sattumist p\u00fcstolisse. Kui te ei soovi uut pudelit paigaldada, eemaldage vaht p\u00fcstolilt pol\u00fcuretaanvahu eemaldajaga. Tardunud vahtu saab eemaldada ainult mehaaniliselt.<\/p>\n\t\t<\/div>\n\t\t\t\t\t<\/div>\n\n\t\n\n\t<div id=\"col-1988834206\" class=\"col medium-3 small-12 large-3\"  >\n\t\t\t\t<div class=\"col-inner\"  >\n\t\t\t\n\t\t\t\n\t<div id=\"gap-478783056\" class=\"gap-element clearfix\" style=\"display:block; height:auto;\">\n\t\t\n<style>\n#gap-478783056 {\n  padding-top: 30px;\n}\n<\/style>\n\t<\/div>\n\t\n<h3>Tehniline informatsioon<\/h3>\n<p><a href=\"https:\/\/espak.ee\/epood\/wp-content\/uploads\/LowExPRO-tooteleht.pdf\" target=\"_blank\" rel=\"noopener noreferrer\"><i class=\"far fa-file-pdf\"><\/i> Tehniline info (PDF)<\/a><\/p>\n<h3>Ohutusalane teave<\/h3>\n<p><a href=\"https:\/\/espak.ee\/epood\/wp-content\/uploads\/LowexPRO-ohutuskaart.pdf\" target=\"_blank\" rel=\"noopener noreferrer\"><i class=\"far fa-file-pdf\"><\/i> Ohutusalane teave (PDF)<\/a><\/p>\n<div class=\"is-divider divider clearfix\" ><\/div>\n<p><strong>\u00dcksikasjalikuma n\u00f5u saamiseks v\u00f5tke \u00fchendust:<br \/><\/strong>Henkel Balti<br \/>S\u00f5bra 56 B<br \/>51013<br \/>Tartu<br \/>+ 372 7305800<\/p>\n<div class=\"is-divider divider clearfix\" ><\/div>\n\t\t<\/div>\n\t\t\t\t\t<\/div>\n\n\t\n<\/div>\n","protected":false},"excerpt":{"rendered":"","protected":false},"featured_media":14993,"comment_status":"closed","ping_status":"open","template":"","meta":[],"product_brand":[],"product_cat":[2703,2708,2710,2683],"product_tag":[],"class_list":{"0":"post-14341","1":"product","2":"type-product","3":"status-publish","4":"has-post-thumbnail","6":"product_cat-ehituskeemia","7":"product_cat-hermeetikud","8":"product_cat-montaazivahud","9":"product_cat-viimistluskaubad","10":"pa_kaubamark-henkel-balti-ou","12":"first","13":"outofstock","14":"sale","15":"taxable","16":"shipping-taxable","17":"purchasable","18":"product-type-simple"},"yoast_head":"<!-- This site is optimized with the Yoast SEO plugin v26.9 - https:\/\/yoast.com\/product\/yoast-seo-wordpress\/ -->\n<title>\u00dcHEKOMPONENTNE P\u00dcSTOLIVAHT MAKROFLEX LOWEX PRO 750 - Espak E-pood<\/title>\n<meta name=\"robots\" content=\"index, follow, max-snippet:-1, max-image-preview:large, max-video-preview:-1\" \/>\n<link rel=\"canonical\" href=\"https:\/\/espak.ee\/epood\/toode\/uhekomponentne-pustolivaht-makroflex-lowex-pro-750\/\" \/>\n<meta property=\"og:locale\" content=\"et_EE\" \/>\n<meta property=\"og:type\" content=\"article\" \/>\n<meta property=\"og:title\" content=\"\u00dcHEKOMPONENTNE P\u00dcSTOLIVAHT MAKROFLEX LOWEX PRO 750 - Espak E-pood\" \/>\n<meta property=\"og:url\" content=\"https:\/\/espak.ee\/epood\/toode\/uhekomponentne-pustolivaht-makroflex-lowex-pro-750\/\" \/>\n<meta property=\"og:site_name\" content=\"Espak E-pood\" \/>\n<meta property=\"article:modified_time\" content=\"2024-03-22T22:01:43+00:00\" \/>\n<meta property=\"og:image\" content=\"https:\/\/espak.ee\/epood\/wp-content\/uploads\/Makroflex-PRO-LowExp-750ml.jpg\" \/>\n\t<meta property=\"og:image:width\" content=\"2048\" \/>\n\t<meta property=\"og:image:height\" content=\"2048\" \/>\n\t<meta property=\"og:image:type\" content=\"image\/jpeg\" \/>\n<meta name=\"twitter:card\" content=\"summary_large_image\" \/>\n<meta name=\"twitter:label1\" content=\"Est. reading time\" \/>\n\t<meta name=\"twitter:data1\" content=\"1 minut\" \/>\n<script type=\"application\/ld+json\" class=\"yoast-schema-graph\">{\"@context\":\"https:\/\/schema.org\",\"@graph\":[{\"@type\":\"WebPage\",\"@id\":\"https:\/\/espak.ee\/epood\/toode\/uhekomponentne-pustolivaht-makroflex-lowex-pro-750\/\",\"url\":\"https:\/\/espak.ee\/epood\/toode\/uhekomponentne-pustolivaht-makroflex-lowex-pro-750\/\",\"name\":\"\u00dcHEKOMPONENTNE P\u00dcSTOLIVAHT MAKROFLEX LOWEX PRO 750 - Espak E-pood\",\"isPartOf\":{\"@id\":\"https:\/\/espak.ee\/epood\/#website\"},\"primaryImageOfPage\":{\"@id\":\"https:\/\/espak.ee\/epood\/toode\/uhekomponentne-pustolivaht-makroflex-lowex-pro-750\/#primaryimage\"},\"image\":{\"@id\":\"https:\/\/espak.ee\/epood\/toode\/uhekomponentne-pustolivaht-makroflex-lowex-pro-750\/#primaryimage\"},\"thumbnailUrl\":\"https:\/\/espak.ee\/epood\/wp-content\/uploads\/Makroflex-PRO-LowExp-750ml.jpg\",\"datePublished\":\"2020-01-11T01:05:29+00:00\",\"dateModified\":\"2024-03-22T22:01:43+00:00\",\"breadcrumb\":{\"@id\":\"https:\/\/espak.ee\/epood\/toode\/uhekomponentne-pustolivaht-makroflex-lowex-pro-750\/#breadcrumb\"},\"inLanguage\":\"et\",\"potentialAction\":[{\"@type\":\"ReadAction\",\"target\":[\"https:\/\/espak.ee\/epood\/toode\/uhekomponentne-pustolivaht-makroflex-lowex-pro-750\/\"]}]},{\"@type\":\"ImageObject\",\"inLanguage\":\"et\",\"@id\":\"https:\/\/espak.ee\/epood\/toode\/uhekomponentne-pustolivaht-makroflex-lowex-pro-750\/#primaryimage\",\"url\":\"https:\/\/espak.ee\/epood\/wp-content\/uploads\/Makroflex-PRO-LowExp-750ml.jpg\",\"contentUrl\":\"https:\/\/espak.ee\/epood\/wp-content\/uploads\/Makroflex-PRO-LowExp-750ml.jpg\",\"width\":2048,\"height\":2048},{\"@type\":\"BreadcrumbList\",\"@id\":\"https:\/\/espak.ee\/epood\/toode\/uhekomponentne-pustolivaht-makroflex-lowex-pro-750\/#breadcrumb\",\"itemListElement\":[{\"@type\":\"ListItem\",\"position\":1,\"name\":\"Home\",\"item\":\"https:\/\/espak.ee\/epood\/\"},{\"@type\":\"ListItem\",\"position\":2,\"name\":\"Tootevalik\",\"item\":\"https:\/\/espak.ee\/epood\/tootevalik\/\"},{\"@type\":\"ListItem\",\"position\":3,\"name\":\"\u00dcHEKOMPONENTNE P\u00dcSTOLIVAHT MAKROFLEX LOWEX PRO 750\"}]},{\"@type\":\"WebSite\",\"@id\":\"https:\/\/espak.ee\/epood\/#website\",\"url\":\"https:\/\/espak.ee\/epood\/\",\"name\":\"Espak E-pood\",\"description\":\"\",\"potentialAction\":[{\"@type\":\"SearchAction\",\"target\":{\"@type\":\"EntryPoint\",\"urlTemplate\":\"https:\/\/espak.ee\/epood\/?s={search_term_string}\"},\"query-input\":{\"@type\":\"PropertyValueSpecification\",\"valueRequired\":true,\"valueName\":\"search_term_string\"}}],\"inLanguage\":\"et\"}]}<\/script>\n<!-- \/ Yoast SEO plugin. -->","yoast_head_json":{"title":"\u00dcHEKOMPONENTNE P\u00dcSTOLIVAHT MAKROFLEX LOWEX PRO 750 - Espak E-pood","robots":{"index":"index","follow":"follow","max-snippet":"max-snippet:-1","max-image-preview":"max-image-preview:large","max-video-preview":"max-video-preview:-1"},"canonical":"https:\/\/espak.ee\/epood\/toode\/uhekomponentne-pustolivaht-makroflex-lowex-pro-750\/","og_locale":"et_EE","og_type":"article","og_title":"\u00dcHEKOMPONENTNE P\u00dcSTOLIVAHT MAKROFLEX LOWEX PRO 750 - Espak E-pood","og_url":"https:\/\/espak.ee\/epood\/toode\/uhekomponentne-pustolivaht-makroflex-lowex-pro-750\/","og_site_name":"Espak E-pood","article_modified_time":"2024-03-22T22:01:43+00:00","og_image":[{"width":2048,"height":2048,"url":"https:\/\/espak.ee\/epood\/wp-content\/uploads\/Makroflex-PRO-LowExp-750ml.jpg","type":"image\/jpeg"}],"twitter_card":"summary_large_image","twitter_misc":{"Est. reading time":"1 minut"},"schema":{"@context":"https:\/\/schema.org","@graph":[{"@type":"WebPage","@id":"https:\/\/espak.ee\/epood\/toode\/uhekomponentne-pustolivaht-makroflex-lowex-pro-750\/","url":"https:\/\/espak.ee\/epood\/toode\/uhekomponentne-pustolivaht-makroflex-lowex-pro-750\/","name":"\u00dcHEKOMPONENTNE P\u00dcSTOLIVAHT MAKROFLEX LOWEX PRO 750 - Espak E-pood","isPartOf":{"@id":"https:\/\/espak.ee\/epood\/#website"},"primaryImageOfPage":{"@id":"https:\/\/espak.ee\/epood\/toode\/uhekomponentne-pustolivaht-makroflex-lowex-pro-750\/#primaryimage"},"image":{"@id":"https:\/\/espak.ee\/epood\/toode\/uhekomponentne-pustolivaht-makroflex-lowex-pro-750\/#primaryimage"},"thumbnailUrl":"https:\/\/espak.ee\/epood\/wp-content\/uploads\/Makroflex-PRO-LowExp-750ml.jpg","datePublished":"2020-01-11T01:05:29+00:00","dateModified":"2024-03-22T22:01:43+00:00","breadcrumb":{"@id":"https:\/\/espak.ee\/epood\/toode\/uhekomponentne-pustolivaht-makroflex-lowex-pro-750\/#breadcrumb"},"inLanguage":"et","potentialAction":[{"@type":"ReadAction","target":["https:\/\/espak.ee\/epood\/toode\/uhekomponentne-pustolivaht-makroflex-lowex-pro-750\/"]}]},{"@type":"ImageObject","inLanguage":"et","@id":"https:\/\/espak.ee\/epood\/toode\/uhekomponentne-pustolivaht-makroflex-lowex-pro-750\/#primaryimage","url":"https:\/\/espak.ee\/epood\/wp-content\/uploads\/Makroflex-PRO-LowExp-750ml.jpg","contentUrl":"https:\/\/espak.ee\/epood\/wp-content\/uploads\/Makroflex-PRO-LowExp-750ml.jpg","width":2048,"height":2048},{"@type":"BreadcrumbList","@id":"https:\/\/espak.ee\/epood\/toode\/uhekomponentne-pustolivaht-makroflex-lowex-pro-750\/#breadcrumb","itemListElement":[{"@type":"ListItem","position":1,"name":"Home","item":"https:\/\/espak.ee\/epood\/"},{"@type":"ListItem","position":2,"name":"Tootevalik","item":"https:\/\/espak.ee\/epood\/tootevalik\/"},{"@type":"ListItem","position":3,"name":"\u00dcHEKOMPONENTNE P\u00dcSTOLIVAHT MAKROFLEX LOWEX PRO 750"}]},{"@type":"WebSite","@id":"https:\/\/espak.ee\/epood\/#website","url":"https:\/\/espak.ee\/epood\/","name":"Espak E-pood","description":"","potentialAction":[{"@type":"SearchAction","target":{"@type":"EntryPoint","urlTemplate":"https:\/\/espak.ee\/epood\/?s={search_term_string}"},"query-input":{"@type":"PropertyValueSpecification","valueRequired":true,"valueName":"search_term_string"}}],"inLanguage":"et"}]}},"_links":{"self":[{"href":"https:\/\/espak.ee\/epood\/wp-json\/wp\/v2\/product\/14341","targetHints":{"allow":["GET"]}}],"collection":[{"href":"https:\/\/espak.ee\/epood\/wp-json\/wp\/v2\/product"}],"about":[{"href":"https:\/\/espak.ee\/epood\/wp-json\/wp\/v2\/types\/product"}],"replies":[{"embeddable":true,"href":"https:\/\/espak.ee\/epood\/wp-json\/wp\/v2\/comments?post=14341"}],"wp:featuredmedia":[{"embeddable":true,"href":"https:\/\/espak.ee\/epood\/wp-json\/wp\/v2\/media\/14993"}],"wp:attachment":[{"href":"https:\/\/espak.ee\/epood\/wp-json\/wp\/v2\/media?parent=14341"}],"wp:term":[{"taxonomy":"product_brand","embeddable":true,"href":"https:\/\/espak.ee\/epood\/wp-json\/wp\/v2\/product_brand?post=14341"},{"taxonomy":"product_cat","embeddable":true,"href":"https:\/\/espak.ee\/epood\/wp-json\/wp\/v2\/product_cat?post=14341"},{"taxonomy":"product_tag","embeddable":true,"href":"https:\/\/espak.ee\/epood\/wp-json\/wp\/v2\/product_tag?post=14341"}],"curies":[{"name":"wp","href":"https:\/\/api.w.org\/{rel}","templated":true}]}}