{"id":142601,"date":"2022-12-07T09:04:48","date_gmt":"2022-12-07T09:04:48","guid":{"rendered":"https:\/\/espak.ee\/epood\/?post_type=product&#038;p=142601"},"modified":"2024-12-04T13:40:41","modified_gmt":"2024-12-04T11:40:41","slug":"roolikelk-stiga-iconic-sinakasroheline-must","status":"publish","type":"product","link":"https:\/\/espak.ee\/epood\/toode\/roolikelk-stiga-iconic-sinakasroheline-must\/","title":{"rendered":"ROOLIKELK STIGA ICONIC SINAKASROHELINE\/MUST"},"content":{"rendered":"<div class=\"row\"  id=\"row-598590950\">\n\n\t<div id=\"col-880260528\" class=\"col medium-9 small-12 large-9\"  >\n\t\t\t\t<div class=\"col-inner\"  >\n\t\t\t\n\t\t\t\n<h2>Roolikelk Stiga Iconic sinakasroheline\/must <\/h2>\n<p>Klassikaline Stiga piduritega ja v\u00e4iksema raamiga roolikelk.<\/p>\n<p>&#8211; Tugeva terasraamiga<br \/>\n&#8211; Kelgul on jalgpidur ja vedamisn\u00f6\u00f6r<br \/>\n&#8211; Maksimaalne kandev\u00f5ime kuni 80 kg<br \/>\n&#8211; Sobilik vanusele 5+<\/p>\n<p>Iconic Snowracer\u00ae on uus v\u00e4ikseim mudel laiast roolikelkude valikust. Kiire liikuvusega ja kaalult kerget kelku on v\u00e4ikelastel lihtne n\u00f5lvast \u00fcles t\u00f5mmata. Sirge servaga esisuusad, h\u00f5lpsasti juhitav rool ja jalgpidurid turvaliseks s\u00f5iduks. Kasutaja maksimaalne kaal 80 kg. Sobilik vanusele 5+.\n<\/p>\n\t\t<\/div>\n\t\t\t\t\t<\/div>\n\n\t\n\n\t<div id=\"col-857378502\" class=\"col medium-3 small-12 large-3\"  >\n\t\t\t\t<div class=\"col-inner\"  >\n\t\t\t\n\t\t\t\n\t<div id=\"gap-96539538\" class=\"gap-element clearfix\" style=\"display:block; height:auto;\">\n\t\t\n<style>\n#gap-96539538 {\n  padding-top: 30px;\n}\n<\/style>\n\t<\/div>\n\t\n<div class=\"is-divider divider clearfix\" ><\/div>\n<p><strong>\u00dcksikasjalikuma n\u00f5u saamiseks v\u00f5tke \u00fchendust:<br \/><\/strong>LOODUS INVEST AS<br \/>Viljandi mnt. 18a<br \/>11216<br \/>Tallinn<br \/>+372 6722144<\/p>\n<div class=\"is-divider divider clearfix\" ><\/div>\n\t\t<\/div>\n\t\t\t\t\t<\/div>\n\n\t\n<\/div>\n","protected":false},"excerpt":{"rendered":"","protected":false},"featured_media":142636,"comment_status":"closed","ping_status":"closed","template":"","meta":[],"product_brand":[],"product_cat":[2789,2788,3341,3342],"product_tag":[],"class_list":{"0":"post-142601","1":"product","2":"type-product","3":"status-publish","4":"has-post-thumbnail","6":"product_cat-aiatarbed","7":"product_cat-aiatarbed-ja-kodukaubad","8":"product_cat-aiatooriistad","9":"product_cat-lumelabidad","10":"pa_kaubamark-loodus-invest-as","12":"first","13":"outofstock","14":"sale","15":"taxable","16":"shipping-taxable","17":"purchasable","18":"product-type-simple"},"yoast_head":"<!-- This site is optimized with the Yoast SEO plugin v26.9 - https:\/\/yoast.com\/product\/yoast-seo-wordpress\/ -->\n<title>ROOLIKELK STIGA ICONIC SINAKASROHELINE\/MUST - Espak E-pood<\/title>\n<meta name=\"robots\" content=\"index, follow, max-snippet:-1, max-image-preview:large, max-video-preview:-1\" \/>\n<link rel=\"canonical\" href=\"https:\/\/espak.ee\/epood\/toode\/roolikelk-stiga-iconic-sinakasroheline-must\/\" \/>\n<meta property=\"og:locale\" content=\"et_EE\" \/>\n<meta property=\"og:type\" content=\"article\" \/>\n<meta property=\"og:title\" content=\"ROOLIKELK STIGA ICONIC SINAKASROHELINE\/MUST - Espak E-pood\" \/>\n<meta property=\"og:url\" content=\"https:\/\/espak.ee\/epood\/toode\/roolikelk-stiga-iconic-sinakasroheline-must\/\" \/>\n<meta property=\"og:site_name\" content=\"Espak E-pood\" \/>\n<meta property=\"article:modified_time\" content=\"2024-12-04T11:40:41+00:00\" \/>\n<meta property=\"og:image\" content=\"https:\/\/espak.ee\/epood\/wp-content\/uploads\/2022\/12\/73-4211-09-Snowracer-Iconic-Turqoise-Black_4.jpg\" \/>\n\t<meta property=\"og:image:width\" content=\"1920\" \/>\n\t<meta property=\"og:image:height\" content=\"1920\" \/>\n\t<meta property=\"og:image:type\" content=\"image\/jpeg\" \/>\n<meta name=\"twitter:card\" content=\"summary_large_image\" \/>\n<meta name=\"twitter:label1\" content=\"Est. reading time\" \/>\n\t<meta name=\"twitter:data1\" content=\"1 minut\" \/>\n<script type=\"application\/ld+json\" class=\"yoast-schema-graph\">{\"@context\":\"https:\/\/schema.org\",\"@graph\":[{\"@type\":\"WebPage\",\"@id\":\"https:\/\/espak.ee\/epood\/toode\/roolikelk-stiga-iconic-sinakasroheline-must\/\",\"url\":\"https:\/\/espak.ee\/epood\/toode\/roolikelk-stiga-iconic-sinakasroheline-must\/\",\"name\":\"ROOLIKELK STIGA ICONIC SINAKASROHELINE\/MUST - Espak E-pood\",\"isPartOf\":{\"@id\":\"https:\/\/espak.ee\/epood\/#website\"},\"primaryImageOfPage\":{\"@id\":\"https:\/\/espak.ee\/epood\/toode\/roolikelk-stiga-iconic-sinakasroheline-must\/#primaryimage\"},\"image\":{\"@id\":\"https:\/\/espak.ee\/epood\/toode\/roolikelk-stiga-iconic-sinakasroheline-must\/#primaryimage\"},\"thumbnailUrl\":\"https:\/\/espak.ee\/epood\/wp-content\/uploads\/2022\/12\/73-4211-09-Snowracer-Iconic-Turqoise-Black_4.jpg\",\"datePublished\":\"2022-12-07T09:04:48+00:00\",\"dateModified\":\"2024-12-04T11:40:41+00:00\",\"breadcrumb\":{\"@id\":\"https:\/\/espak.ee\/epood\/toode\/roolikelk-stiga-iconic-sinakasroheline-must\/#breadcrumb\"},\"inLanguage\":\"et\",\"potentialAction\":[{\"@type\":\"ReadAction\",\"target\":[\"https:\/\/espak.ee\/epood\/toode\/roolikelk-stiga-iconic-sinakasroheline-must\/\"]}]},{\"@type\":\"ImageObject\",\"inLanguage\":\"et\",\"@id\":\"https:\/\/espak.ee\/epood\/toode\/roolikelk-stiga-iconic-sinakasroheline-must\/#primaryimage\",\"url\":\"https:\/\/espak.ee\/epood\/wp-content\/uploads\/2022\/12\/73-4211-09-Snowracer-Iconic-Turqoise-Black_4.jpg\",\"contentUrl\":\"https:\/\/espak.ee\/epood\/wp-content\/uploads\/2022\/12\/73-4211-09-Snowracer-Iconic-Turqoise-Black_4.jpg\",\"width\":1920,\"height\":1920},{\"@type\":\"BreadcrumbList\",\"@id\":\"https:\/\/espak.ee\/epood\/toode\/roolikelk-stiga-iconic-sinakasroheline-must\/#breadcrumb\",\"itemListElement\":[{\"@type\":\"ListItem\",\"position\":1,\"name\":\"Home\",\"item\":\"https:\/\/espak.ee\/epood\/\"},{\"@type\":\"ListItem\",\"position\":2,\"name\":\"Tootevalik\",\"item\":\"https:\/\/espak.ee\/epood\/tootevalik\/\"},{\"@type\":\"ListItem\",\"position\":3,\"name\":\"ROOLIKELK STIGA ICONIC SINAKASROHELINE\/MUST\"}]},{\"@type\":\"WebSite\",\"@id\":\"https:\/\/espak.ee\/epood\/#website\",\"url\":\"https:\/\/espak.ee\/epood\/\",\"name\":\"Espak E-pood\",\"description\":\"\",\"potentialAction\":[{\"@type\":\"SearchAction\",\"target\":{\"@type\":\"EntryPoint\",\"urlTemplate\":\"https:\/\/espak.ee\/epood\/?s={search_term_string}\"},\"query-input\":{\"@type\":\"PropertyValueSpecification\",\"valueRequired\":true,\"valueName\":\"search_term_string\"}}],\"inLanguage\":\"et\"}]}<\/script>\n<!-- \/ Yoast SEO plugin. -->","yoast_head_json":{"title":"ROOLIKELK STIGA ICONIC SINAKASROHELINE\/MUST - Espak E-pood","robots":{"index":"index","follow":"follow","max-snippet":"max-snippet:-1","max-image-preview":"max-image-preview:large","max-video-preview":"max-video-preview:-1"},"canonical":"https:\/\/espak.ee\/epood\/toode\/roolikelk-stiga-iconic-sinakasroheline-must\/","og_locale":"et_EE","og_type":"article","og_title":"ROOLIKELK STIGA ICONIC SINAKASROHELINE\/MUST - Espak E-pood","og_url":"https:\/\/espak.ee\/epood\/toode\/roolikelk-stiga-iconic-sinakasroheline-must\/","og_site_name":"Espak E-pood","article_modified_time":"2024-12-04T11:40:41+00:00","og_image":[{"width":1920,"height":1920,"url":"https:\/\/espak.ee\/epood\/wp-content\/uploads\/2022\/12\/73-4211-09-Snowracer-Iconic-Turqoise-Black_4.jpg","type":"image\/jpeg"}],"twitter_card":"summary_large_image","twitter_misc":{"Est. reading time":"1 minut"},"schema":{"@context":"https:\/\/schema.org","@graph":[{"@type":"WebPage","@id":"https:\/\/espak.ee\/epood\/toode\/roolikelk-stiga-iconic-sinakasroheline-must\/","url":"https:\/\/espak.ee\/epood\/toode\/roolikelk-stiga-iconic-sinakasroheline-must\/","name":"ROOLIKELK STIGA ICONIC SINAKASROHELINE\/MUST - Espak E-pood","isPartOf":{"@id":"https:\/\/espak.ee\/epood\/#website"},"primaryImageOfPage":{"@id":"https:\/\/espak.ee\/epood\/toode\/roolikelk-stiga-iconic-sinakasroheline-must\/#primaryimage"},"image":{"@id":"https:\/\/espak.ee\/epood\/toode\/roolikelk-stiga-iconic-sinakasroheline-must\/#primaryimage"},"thumbnailUrl":"https:\/\/espak.ee\/epood\/wp-content\/uploads\/2022\/12\/73-4211-09-Snowracer-Iconic-Turqoise-Black_4.jpg","datePublished":"2022-12-07T09:04:48+00:00","dateModified":"2024-12-04T11:40:41+00:00","breadcrumb":{"@id":"https:\/\/espak.ee\/epood\/toode\/roolikelk-stiga-iconic-sinakasroheline-must\/#breadcrumb"},"inLanguage":"et","potentialAction":[{"@type":"ReadAction","target":["https:\/\/espak.ee\/epood\/toode\/roolikelk-stiga-iconic-sinakasroheline-must\/"]}]},{"@type":"ImageObject","inLanguage":"et","@id":"https:\/\/espak.ee\/epood\/toode\/roolikelk-stiga-iconic-sinakasroheline-must\/#primaryimage","url":"https:\/\/espak.ee\/epood\/wp-content\/uploads\/2022\/12\/73-4211-09-Snowracer-Iconic-Turqoise-Black_4.jpg","contentUrl":"https:\/\/espak.ee\/epood\/wp-content\/uploads\/2022\/12\/73-4211-09-Snowracer-Iconic-Turqoise-Black_4.jpg","width":1920,"height":1920},{"@type":"BreadcrumbList","@id":"https:\/\/espak.ee\/epood\/toode\/roolikelk-stiga-iconic-sinakasroheline-must\/#breadcrumb","itemListElement":[{"@type":"ListItem","position":1,"name":"Home","item":"https:\/\/espak.ee\/epood\/"},{"@type":"ListItem","position":2,"name":"Tootevalik","item":"https:\/\/espak.ee\/epood\/tootevalik\/"},{"@type":"ListItem","position":3,"name":"ROOLIKELK STIGA ICONIC SINAKASROHELINE\/MUST"}]},{"@type":"WebSite","@id":"https:\/\/espak.ee\/epood\/#website","url":"https:\/\/espak.ee\/epood\/","name":"Espak E-pood","description":"","potentialAction":[{"@type":"SearchAction","target":{"@type":"EntryPoint","urlTemplate":"https:\/\/espak.ee\/epood\/?s={search_term_string}"},"query-input":{"@type":"PropertyValueSpecification","valueRequired":true,"valueName":"search_term_string"}}],"inLanguage":"et"}]}},"_links":{"self":[{"href":"https:\/\/espak.ee\/epood\/wp-json\/wp\/v2\/product\/142601","targetHints":{"allow":["GET"]}}],"collection":[{"href":"https:\/\/espak.ee\/epood\/wp-json\/wp\/v2\/product"}],"about":[{"href":"https:\/\/espak.ee\/epood\/wp-json\/wp\/v2\/types\/product"}],"replies":[{"embeddable":true,"href":"https:\/\/espak.ee\/epood\/wp-json\/wp\/v2\/comments?post=142601"}],"wp:featuredmedia":[{"embeddable":true,"href":"https:\/\/espak.ee\/epood\/wp-json\/wp\/v2\/media\/142636"}],"wp:attachment":[{"href":"https:\/\/espak.ee\/epood\/wp-json\/wp\/v2\/media?parent=142601"}],"wp:term":[{"taxonomy":"product_brand","embeddable":true,"href":"https:\/\/espak.ee\/epood\/wp-json\/wp\/v2\/product_brand?post=142601"},{"taxonomy":"product_cat","embeddable":true,"href":"https:\/\/espak.ee\/epood\/wp-json\/wp\/v2\/product_cat?post=142601"},{"taxonomy":"product_tag","embeddable":true,"href":"https:\/\/espak.ee\/epood\/wp-json\/wp\/v2\/product_tag?post=142601"}],"curies":[{"name":"wp","href":"https:\/\/api.w.org\/{rel}","templated":true}]}}