{"id":14227,"date":"2020-01-10T03:05:05","date_gmt":"2020-01-10T01:05:05","guid":{"rendered":"https:\/\/espak.ee\/hinnakiri\/?post_type=product&#038;p=14227"},"modified":"2025-11-29T12:00:21","modified_gmt":"2025-11-29T10:00:21","slug":"kuumakindel-silikoon-makroflex-ta145-300ml","status":"publish","type":"product","link":"https:\/\/espak.ee\/epood\/toode\/kuumakindel-silikoon-makroflex-ta145-300ml\/","title":{"rendered":"KUUMAKINDEL SILIKOON MAKROFLEX TA145 300ML"},"content":{"rendered":"<div class=\"row\"  id=\"row-2014584438\">\n\n\t<div id=\"col-899912236\" class=\"col medium-9 small-12 large-9\"  >\n\t\t\t\t<div class=\"col-inner\"  >\n\t\t\t\n\t\t\t\n<h2>Makroflex TA145<\/h2>\n<p>Kuumakindel silikoon.<\/p>\n<div class=\"message-box relative\" style=\"padding-top:15px;padding-bottom:15px;\"><div class=\"message-box-bg-image bg-fill fill\" ><\/div><div class=\"message-box-bg-overlay bg-fill fill\" ><\/div><div class=\"container relative\"><div class=\"inner last-reset\">\n<div class=\"row align-middle align-center\"  id=\"row-213987860\">\n\n\t<div id=\"col-1524828855\" class=\"col small-12 large-12\"  >\n\t\t\t\t<div class=\"col-inner text-left\"  >\n\t\t\t\n\t\t\t\n<h4>Omadused<\/h4>\n<div class=\"row\"  id=\"row-1313567858\">\n\n\t<div id=\"col-558990177\" class=\"col medium-6 small-12 large-6\"  >\n\t\t\t\t<div class=\"col-inner\"  >\n\t\t\t\n\t\t\t\n<p><i class=\"fa fa-check fa-2x\"><\/i> <strong>Toote paigaldustemperatuur + 5 \u00b0C kuni + 40 \u00b0C<\/strong><\/p>\n<p><i class=\"fa fa-check fa-2x\"><\/i> <strong>Temperatuuritaluvus: \u201365 \u00b0C kuni +260 \u00b0C, ajutiselt kuni +315 \u00b0C<\/strong><\/p>\n\t\t<\/div>\n\t\t\t\t\n<style>\n#col-558990177 > .col-inner {\n  margin: 0px 0px 15px 0px;\n}\n<\/style>\n\t<\/div>\n\n\t\n<\/div>\n\t\t<\/div>\n\t\t\t\t\t<\/div>\n\n\t\n<\/div>\n<\/div><\/div><\/div>\n\t<div id=\"gap-180887274\" class=\"gap-element clearfix\" style=\"display:block; height:auto;\">\n\t\t\n<style>\n#gap-180887274 {\n  padding-top: 30px;\n}\n<\/style>\n\t<\/div>\n\t\n<h3>Kasutamise \u00fcksikasjad<\/h3>\n<p><strong>Kasutusala:<\/strong> MAKROFLEX TA 145 kuumakindel silikoonhermeetik on m\u00f5eldud selliste materjalide tihendamiseks ja liimimiseks, mis peavad taluma pidevalt k\u00f5rget temperatuuri v\u00f5i suuri temperatuurierinevusi, nt ahjud ja korstnad, keraamilisest klaasist pliidiplaadid, k\u00fcpsetusahjud ja isegi mootoritihendid.<\/p>\n<p><strong>Kasutusjuhend:<\/strong><br \/>\nL\u00f5igake padruni keermestatud osa kohalt tipp \u00e4ra. Seej\u00e4rel l\u00f5igake paigaldusotsik umbes 45\u00b0 nurga alla, vastavalt vuugi laiusele. Keerake paigaldusotsik keermestatud otsa k\u00fclge. Pange padrun silikoonip\u00fcstolisse ja t\u00e4itke otsik hermeetikuga, vajutades korduvalt p\u00fcstoli p\u00e4\u00e4stikut. Paigaldage vuugi p\u00f5hja vuugin\u00f6\u00f6r. Laske hermeetik vuuki, surudes \u00fchtlase survega p\u00fcstoli p\u00e4\u00e4stikut ja t\u00f5mmates otsikut sujuvalt pikki vuuki. J\u00e4lgida tuleb, et hermeetik t\u00e4idaks vuugi t\u00e4ielikult ja ei j\u00e4\u00e4ks t\u00fchimikke.<\/p>\n<p>Eemaldage \u00fcleliigne hermeetik Makroflex Silikon Tool\u2019i v\u00f5i m\u00f5ne muu endale meelep\u00e4rase silikoonit\u00f6\u00f6riista abil. Kui olete kasutanud vuugi \u00e4\u00e4ristamiseks teipi, siis tuleb see n\u00fc\u00fcd eemaldada.<br \/>\nParima l\u00f5pptulemuse saamiseks pihustage vuuki leebe puhastusvahendi lahusega (seebiveega) ja siluge seda taaskord silikoonit\u00f6\u00f6riistaga.<\/p>\n<p>Hermeetiku paigaldamise ja kuivamise ajal tagage ruumis piisav ventilatsioon ning \u00f5huniiskus. Kuivamise ajal v\u00e4ltige mustuse sattumist pinnale ja veenduge, et vuugi pealispinda ei m\u00f5juta mehhaaniline koormus.<br \/>\nTahkumiskiirus s\u00f5ltub temperatuurist, \u00f5huniiskusest ja vuugi m\u00f5\u00f5tudest. T\u00e4pseid andmeid vaadake tehniliste andmete lehelt.<br \/>\nEi ole \u00fclev\u00e4rvitav.<\/p>\n\t\t<\/div>\n\t\t\t\t\t<\/div>\n\n\t\n\n\t<div id=\"col-1451888476\" class=\"col medium-3 small-12 large-3\"  >\n\t\t\t\t<div class=\"col-inner\"  >\n\t\t\t\n\t\t\t\n\t<div id=\"gap-2101464722\" class=\"gap-element clearfix\" style=\"display:block; height:auto;\">\n\t\t\n<style>\n#gap-2101464722 {\n  padding-top: 30px;\n}\n<\/style>\n\t<\/div>\n\t\n<h3>Tehniline informatsioon<\/h3>\n<p><a href=\"https:\/\/espak.ee\/epood\/wp-content\/uploads\/TA145-tooteleht.pdf\" target=\"_blank\" rel=\"noopener noreferrer\"><i class=\"far fa-file-pdf\"><\/i> Tehniline info (PDF)<\/a><\/p>\n<h3>Ohutusalane teave<\/h3>\n<p><a href=\"https:\/\/espak.ee\/epood\/wp-content\/uploads\/TA145-ohutuskaart.pdf\" target=\"_blank\" rel=\"noopener noreferrer\"><i class=\"far fa-file-pdf\"><\/i> Ohutusalane teave (PDF)<\/a><\/p>\n<div class=\"is-divider divider clearfix\" ><\/div>\n<p><strong>\u00dcksikasjalikuma n\u00f5u saamiseks v\u00f5tke \u00fchendust:<br \/><\/strong>Henkel Balti<br \/>S\u00f5bra 56 B<br \/>51013<br \/>Tartu<br \/>+ 372 7305800<\/p>\n<div class=\"is-divider divider clearfix\" ><\/div>\n\t\t<\/div>\n\t\t\t\t\t<\/div>\n\n\t\n<\/div>\n","protected":false},"excerpt":{"rendered":"","protected":false},"featured_media":118173,"comment_status":"closed","ping_status":"closed","template":"","meta":[],"product_brand":[],"product_cat":[2703,2708,2714,2683],"product_tag":[],"class_list":{"0":"post-14227","1":"product","2":"type-product","3":"status-publish","4":"has-post-thumbnail","6":"product_cat-ehituskeemia","7":"product_cat-hermeetikud","8":"product_cat-silikoonid","9":"product_cat-viimistluskaubad","10":"pa_kaubamark-henkel-balti-ou","12":"first","13":"instock","14":"sale","15":"taxable","16":"shipping-taxable","17":"purchasable","18":"product-type-simple"},"yoast_head":"<!-- This site is optimized with the Yoast SEO plugin v26.9 - https:\/\/yoast.com\/product\/yoast-seo-wordpress\/ -->\n<title>KUUMAKINDEL SILIKOON MAKROFLEX TA145 300ML - Espak E-pood<\/title>\n<meta name=\"robots\" content=\"index, follow, max-snippet:-1, max-image-preview:large, max-video-preview:-1\" \/>\n<link rel=\"canonical\" href=\"https:\/\/espak.ee\/epood\/toode\/kuumakindel-silikoon-makroflex-ta145-300ml\/\" \/>\n<meta property=\"og:locale\" content=\"et_EE\" \/>\n<meta property=\"og:type\" content=\"article\" \/>\n<meta property=\"og:title\" content=\"KUUMAKINDEL SILIKOON MAKROFLEX TA145 300ML - Espak E-pood\" \/>\n<meta property=\"og:url\" content=\"https:\/\/espak.ee\/epood\/toode\/kuumakindel-silikoon-makroflex-ta145-300ml\/\" \/>\n<meta property=\"og:site_name\" content=\"Espak E-pood\" \/>\n<meta property=\"article:modified_time\" content=\"2025-11-29T10:00:21+00:00\" \/>\n<meta property=\"og:image\" content=\"https:\/\/espak.ee\/epood\/wp-content\/uploads\/2020\/01\/MF-TA145.jpg\" \/>\n\t<meta property=\"og:image:width\" content=\"800\" \/>\n\t<meta property=\"og:image:height\" content=\"800\" \/>\n\t<meta property=\"og:image:type\" content=\"image\/jpeg\" \/>\n<meta name=\"twitter:card\" content=\"summary_large_image\" \/>\n<meta name=\"twitter:label1\" content=\"Est. reading time\" \/>\n\t<meta name=\"twitter:data1\" content=\"2 minutit\" \/>\n<script type=\"application\/ld+json\" class=\"yoast-schema-graph\">{\"@context\":\"https:\/\/schema.org\",\"@graph\":[{\"@type\":\"WebPage\",\"@id\":\"https:\/\/espak.ee\/epood\/toode\/kuumakindel-silikoon-makroflex-ta145-300ml\/\",\"url\":\"https:\/\/espak.ee\/epood\/toode\/kuumakindel-silikoon-makroflex-ta145-300ml\/\",\"name\":\"KUUMAKINDEL SILIKOON MAKROFLEX TA145 300ML - Espak E-pood\",\"isPartOf\":{\"@id\":\"https:\/\/espak.ee\/epood\/#website\"},\"primaryImageOfPage\":{\"@id\":\"https:\/\/espak.ee\/epood\/toode\/kuumakindel-silikoon-makroflex-ta145-300ml\/#primaryimage\"},\"image\":{\"@id\":\"https:\/\/espak.ee\/epood\/toode\/kuumakindel-silikoon-makroflex-ta145-300ml\/#primaryimage\"},\"thumbnailUrl\":\"https:\/\/espak.ee\/epood\/wp-content\/uploads\/2020\/01\/MF-TA145.jpg\",\"datePublished\":\"2020-01-10T01:05:05+00:00\",\"dateModified\":\"2025-11-29T10:00:21+00:00\",\"breadcrumb\":{\"@id\":\"https:\/\/espak.ee\/epood\/toode\/kuumakindel-silikoon-makroflex-ta145-300ml\/#breadcrumb\"},\"inLanguage\":\"et\",\"potentialAction\":[{\"@type\":\"ReadAction\",\"target\":[\"https:\/\/espak.ee\/epood\/toode\/kuumakindel-silikoon-makroflex-ta145-300ml\/\"]}]},{\"@type\":\"ImageObject\",\"inLanguage\":\"et\",\"@id\":\"https:\/\/espak.ee\/epood\/toode\/kuumakindel-silikoon-makroflex-ta145-300ml\/#primaryimage\",\"url\":\"https:\/\/espak.ee\/epood\/wp-content\/uploads\/2020\/01\/MF-TA145.jpg\",\"contentUrl\":\"https:\/\/espak.ee\/epood\/wp-content\/uploads\/2020\/01\/MF-TA145.jpg\",\"width\":800,\"height\":800},{\"@type\":\"BreadcrumbList\",\"@id\":\"https:\/\/espak.ee\/epood\/toode\/kuumakindel-silikoon-makroflex-ta145-300ml\/#breadcrumb\",\"itemListElement\":[{\"@type\":\"ListItem\",\"position\":1,\"name\":\"Home\",\"item\":\"https:\/\/espak.ee\/epood\/\"},{\"@type\":\"ListItem\",\"position\":2,\"name\":\"Tootevalik\",\"item\":\"https:\/\/espak.ee\/epood\/tootevalik\/\"},{\"@type\":\"ListItem\",\"position\":3,\"name\":\"KUUMAKINDEL SILIKOON MAKROFLEX TA145 300ML\"}]},{\"@type\":\"WebSite\",\"@id\":\"https:\/\/espak.ee\/epood\/#website\",\"url\":\"https:\/\/espak.ee\/epood\/\",\"name\":\"Espak E-pood\",\"description\":\"\",\"potentialAction\":[{\"@type\":\"SearchAction\",\"target\":{\"@type\":\"EntryPoint\",\"urlTemplate\":\"https:\/\/espak.ee\/epood\/?s={search_term_string}\"},\"query-input\":{\"@type\":\"PropertyValueSpecification\",\"valueRequired\":true,\"valueName\":\"search_term_string\"}}],\"inLanguage\":\"et\"}]}<\/script>\n<!-- \/ Yoast SEO plugin. -->","yoast_head_json":{"title":"KUUMAKINDEL SILIKOON MAKROFLEX TA145 300ML - Espak E-pood","robots":{"index":"index","follow":"follow","max-snippet":"max-snippet:-1","max-image-preview":"max-image-preview:large","max-video-preview":"max-video-preview:-1"},"canonical":"https:\/\/espak.ee\/epood\/toode\/kuumakindel-silikoon-makroflex-ta145-300ml\/","og_locale":"et_EE","og_type":"article","og_title":"KUUMAKINDEL SILIKOON MAKROFLEX TA145 300ML - Espak E-pood","og_url":"https:\/\/espak.ee\/epood\/toode\/kuumakindel-silikoon-makroflex-ta145-300ml\/","og_site_name":"Espak E-pood","article_modified_time":"2025-11-29T10:00:21+00:00","og_image":[{"width":800,"height":800,"url":"https:\/\/espak.ee\/epood\/wp-content\/uploads\/2020\/01\/MF-TA145.jpg","type":"image\/jpeg"}],"twitter_card":"summary_large_image","twitter_misc":{"Est. reading time":"2 minutit"},"schema":{"@context":"https:\/\/schema.org","@graph":[{"@type":"WebPage","@id":"https:\/\/espak.ee\/epood\/toode\/kuumakindel-silikoon-makroflex-ta145-300ml\/","url":"https:\/\/espak.ee\/epood\/toode\/kuumakindel-silikoon-makroflex-ta145-300ml\/","name":"KUUMAKINDEL SILIKOON MAKROFLEX TA145 300ML - Espak E-pood","isPartOf":{"@id":"https:\/\/espak.ee\/epood\/#website"},"primaryImageOfPage":{"@id":"https:\/\/espak.ee\/epood\/toode\/kuumakindel-silikoon-makroflex-ta145-300ml\/#primaryimage"},"image":{"@id":"https:\/\/espak.ee\/epood\/toode\/kuumakindel-silikoon-makroflex-ta145-300ml\/#primaryimage"},"thumbnailUrl":"https:\/\/espak.ee\/epood\/wp-content\/uploads\/2020\/01\/MF-TA145.jpg","datePublished":"2020-01-10T01:05:05+00:00","dateModified":"2025-11-29T10:00:21+00:00","breadcrumb":{"@id":"https:\/\/espak.ee\/epood\/toode\/kuumakindel-silikoon-makroflex-ta145-300ml\/#breadcrumb"},"inLanguage":"et","potentialAction":[{"@type":"ReadAction","target":["https:\/\/espak.ee\/epood\/toode\/kuumakindel-silikoon-makroflex-ta145-300ml\/"]}]},{"@type":"ImageObject","inLanguage":"et","@id":"https:\/\/espak.ee\/epood\/toode\/kuumakindel-silikoon-makroflex-ta145-300ml\/#primaryimage","url":"https:\/\/espak.ee\/epood\/wp-content\/uploads\/2020\/01\/MF-TA145.jpg","contentUrl":"https:\/\/espak.ee\/epood\/wp-content\/uploads\/2020\/01\/MF-TA145.jpg","width":800,"height":800},{"@type":"BreadcrumbList","@id":"https:\/\/espak.ee\/epood\/toode\/kuumakindel-silikoon-makroflex-ta145-300ml\/#breadcrumb","itemListElement":[{"@type":"ListItem","position":1,"name":"Home","item":"https:\/\/espak.ee\/epood\/"},{"@type":"ListItem","position":2,"name":"Tootevalik","item":"https:\/\/espak.ee\/epood\/tootevalik\/"},{"@type":"ListItem","position":3,"name":"KUUMAKINDEL SILIKOON MAKROFLEX TA145 300ML"}]},{"@type":"WebSite","@id":"https:\/\/espak.ee\/epood\/#website","url":"https:\/\/espak.ee\/epood\/","name":"Espak E-pood","description":"","potentialAction":[{"@type":"SearchAction","target":{"@type":"EntryPoint","urlTemplate":"https:\/\/espak.ee\/epood\/?s={search_term_string}"},"query-input":{"@type":"PropertyValueSpecification","valueRequired":true,"valueName":"search_term_string"}}],"inLanguage":"et"}]}},"_links":{"self":[{"href":"https:\/\/espak.ee\/epood\/wp-json\/wp\/v2\/product\/14227","targetHints":{"allow":["GET"]}}],"collection":[{"href":"https:\/\/espak.ee\/epood\/wp-json\/wp\/v2\/product"}],"about":[{"href":"https:\/\/espak.ee\/epood\/wp-json\/wp\/v2\/types\/product"}],"replies":[{"embeddable":true,"href":"https:\/\/espak.ee\/epood\/wp-json\/wp\/v2\/comments?post=14227"}],"wp:featuredmedia":[{"embeddable":true,"href":"https:\/\/espak.ee\/epood\/wp-json\/wp\/v2\/media\/118173"}],"wp:attachment":[{"href":"https:\/\/espak.ee\/epood\/wp-json\/wp\/v2\/media?parent=14227"}],"wp:term":[{"taxonomy":"product_brand","embeddable":true,"href":"https:\/\/espak.ee\/epood\/wp-json\/wp\/v2\/product_brand?post=14227"},{"taxonomy":"product_cat","embeddable":true,"href":"https:\/\/espak.ee\/epood\/wp-json\/wp\/v2\/product_cat?post=14227"},{"taxonomy":"product_tag","embeddable":true,"href":"https:\/\/espak.ee\/epood\/wp-json\/wp\/v2\/product_tag?post=14227"}],"curies":[{"name":"wp","href":"https:\/\/api.w.org\/{rel}","templated":true}]}}