{"id":14203,"date":"2020-01-10T03:02:06","date_gmt":"2020-01-10T01:02:06","guid":{"rendered":"https:\/\/espak.ee\/hinnakiri\/?post_type=product&#038;p=14203"},"modified":"2024-03-23T00:01:52","modified_gmt":"2024-03-22T22:01:52","slug":"neutraalne-ehitussilikoon-makroflex-aa105-varvitu-300ml","status":"publish","type":"product","link":"https:\/\/espak.ee\/epood\/toode\/neutraalne-ehitussilikoon-makroflex-aa105-varvitu-300ml\/","title":{"rendered":"NEUTRAALNE EHITUSSILIKOON MAKROFLEX AA105 V\u00c4RVITU 300ML"},"content":{"rendered":"<div class=\"row\"  id=\"row-1470476790\">\n\n\t<div id=\"col-1496885564\" class=\"col medium-9 small-12 large-9\"  >\n\t\t\t\t<div class=\"col-inner\"  >\n\t\t\t\n\t\t\t\n<h2>Makroflex AA105<\/h2>\n<p>Neutraalne ehitussilikoon.<\/p>\n<div class=\"message-box relative\" style=\"padding-top:15px;padding-bottom:15px;\"><div class=\"message-box-bg-image bg-fill fill\" ><\/div><div class=\"message-box-bg-overlay bg-fill fill\" ><\/div><div class=\"container relative\"><div class=\"inner last-reset\">\n<div class=\"row align-middle align-center\"  id=\"row-1391469411\">\n\n\t<div id=\"col-2036565574\" class=\"col small-12 large-12\"  >\n\t\t\t\t<div class=\"col-inner text-left\"  >\n\t\t\t\n\t\t\t\n<h4>Omadused<\/h4>\n<div class=\"row\"  id=\"row-1388463852\">\n\n\t<div id=\"col-983396415\" class=\"col medium-6 small-12 large-6\"  >\n\t\t\t\t<div class=\"col-inner\"  >\n\t\t\t\n\t\t\t\n<p><i class=\"fa fa-check fa-2x\"><\/i> <strong>Hea nake paljude aluspindadega ilma kruntimata<\/strong><\/p>\n<p><i class=\"fa fa-check fa-2x\"><\/i> <strong>Vulkaniseerimisel v\u00e4hel\u00f5hnav<\/strong><\/p>\n\t\t<\/div>\n\t\t\t\t\n<style>\n#col-983396415 > .col-inner {\n  margin: 0px 0px 15px 0px;\n}\n<\/style>\n\t<\/div>\n\n\t\n\n\t<div id=\"col-504115527\" class=\"col medium-6 small-12 large-6\"  >\n\t\t\t\t<div class=\"col-inner\"  >\n\t\t\t\n\t\t\t\n<p><i class=\"fa fa-check fa-2x\"><\/i> <strong>Ei s\u00f6\u00f6vita metalle<\/strong><\/p>\n\t\t<\/div>\n\t\t\t\t\n<style>\n#col-504115527 > .col-inner {\n  margin: 0px 0px 15px 0px;\n}\n<\/style>\n\t<\/div>\n\n\t\n<\/div>\n\t\t<\/div>\n\t\t\t\t\t<\/div>\n\n\t\n<\/div>\n<\/div><\/div><\/div>\n\t<div id=\"gap-2001436079\" class=\"gap-element clearfix\" style=\"display:block; height:auto;\">\n\t\t\n<style>\n#gap-2001436079 {\n  padding-top: 30px;\n}\n<\/style>\n\t<\/div>\n\t\n<h3>Kasutamise \u00fcksikasjad<\/h3>\n<p><strong>Kasutusala:<\/strong> Makroflex AA 105 premium neutraalne silikoon nakkub h\u00e4sti erinevate pindadega, nagu klaas, plaadid, keraamika, metallid (alumiinium, tsink, vask jne), immutatud, lakitud v\u00f5i v\u00e4rvitud puit, plast (PVC, epoksiidid, pol\u00fcester, pol\u00fcakr\u00fclaat) ja leeliselised aluspinnad (betoon, m\u00fc\u00fcrim\u00f6rt). \u00dclihea ilmastikukindlus. Hapniku- ja ultraviolettkiirguse kindel.<\/p>\n<p><strong>Kasutusjuhend:<\/strong> \u00dchendus- ja paisumisvuukide tihendamine ehitust\u00f6\u00f6stuses. Vuukide tihendamine v\u00e4ga niisketes tingimustes, nt sanitaarruumid ja vannitoad. Vuukide tihendamine klaasi ja tugikonstruktsioonide vahel.<br \/>\nSobiv leeliselistele aluspindadele, nagu betoon, m\u00fc\u00fcrim\u00f6rt, kiulisandiga betoon. Silikooni temperatuur paigaldamisel peab olema v\u00e4hemalt +20 \u00b0C. Vuukide t\u00e4itmiseks sobiv temperatuur on vahemikus +5 \u00b0C kuni +40 \u00b0C. Vuuke v\u00f5ib t\u00e4ita temperatuuril alla +5 \u00b0C ainult juhul, kui \u00fchendatavad pinnad on kondensatsioonivee-, j\u00e4\u00e4- ja lumevabad.<\/p>\n\t\t<\/div>\n\t\t\t\t\t<\/div>\n\n\t\n\n\t<div id=\"col-1247400456\" class=\"col medium-3 small-12 large-3\"  >\n\t\t\t\t<div class=\"col-inner\"  >\n\t\t\t\n\t\t\t\n\t<div id=\"gap-64763143\" class=\"gap-element clearfix\" style=\"display:block; height:auto;\">\n\t\t\n<style>\n#gap-64763143 {\n  padding-top: 30px;\n}\n<\/style>\n\t<\/div>\n\t\n<h3>Tehniline informatsioon<\/h3>\n<p><a href=\"https:\/\/espak.ee\/epood\/wp-content\/uploads\/AA105-tooteleht.pdf\" target=\"_blank\" rel=\"noopener noreferrer\"><i class=\"far fa-file-pdf\"><\/i> Tehniline info (PDF)<\/a><\/p>\n<h3>Ohutusalane teave<\/h3>\n<p><a href=\"https:\/\/espak.ee\/epood\/wp-content\/uploads\/AA105-ohutuskaart.pdf\" target=\"_blank\" rel=\"noopener noreferrer\"><i class=\"far fa-file-pdf\"><\/i> Ohutusalane teave (PDF)<\/a><\/p>\n<div class=\"is-divider divider clearfix\" ><\/div>\n<p><strong>\u00dcksikasjalikuma n\u00f5u saamiseks v\u00f5tke \u00fchendust:<br \/><\/strong>Henkel Balti<br \/>S\u00f5bra 56 B<br \/>51013<br \/>Tartu<br \/>+ 372 7305800<\/p>\n<div class=\"is-divider divider clearfix\" ><\/div>\n\t\t<\/div>\n\t\t\t\t\t<\/div>\n\n\t\n<\/div>\n","protected":false},"excerpt":{"rendered":"","protected":false},"featured_media":14932,"comment_status":"closed","ping_status":"open","template":"","meta":[],"product_brand":[],"product_cat":[2703,2708,2714,2683],"product_tag":[],"class_list":{"0":"post-14203","1":"product","2":"type-product","3":"status-publish","4":"has-post-thumbnail","6":"product_cat-ehituskeemia","7":"product_cat-hermeetikud","8":"product_cat-silikoonid","9":"product_cat-viimistluskaubad","10":"pa_kaubamark-henkel-balti-ou","12":"first","13":"outofstock","14":"sale","15":"taxable","16":"shipping-taxable","17":"purchasable","18":"product-type-simple"},"yoast_head":"<!-- This site is optimized with the Yoast SEO plugin v26.9 - https:\/\/yoast.com\/product\/yoast-seo-wordpress\/ -->\n<title>NEUTRAALNE EHITUSSILIKOON MAKROFLEX AA105 V\u00c4RVITU 300ML - Espak E-pood<\/title>\n<meta name=\"robots\" content=\"index, follow, max-snippet:-1, max-image-preview:large, max-video-preview:-1\" \/>\n<link rel=\"canonical\" href=\"https:\/\/espak.ee\/epood\/toode\/neutraalne-ehitussilikoon-makroflex-aa105-varvitu-300ml\/\" \/>\n<meta property=\"og:locale\" content=\"et_EE\" \/>\n<meta property=\"og:type\" content=\"article\" \/>\n<meta property=\"og:title\" content=\"NEUTRAALNE EHITUSSILIKOON MAKROFLEX AA105 V\u00c4RVITU 300ML - Espak E-pood\" \/>\n<meta property=\"og:url\" content=\"https:\/\/espak.ee\/epood\/toode\/neutraalne-ehitussilikoon-makroflex-aa105-varvitu-300ml\/\" \/>\n<meta property=\"og:site_name\" content=\"Espak E-pood\" \/>\n<meta property=\"article:modified_time\" content=\"2024-03-22T22:01:52+00:00\" \/>\n<meta property=\"og:image\" content=\"https:\/\/espak.ee\/epood\/wp-content\/uploads\/Makroflex-AA105-300ml.jpg\" \/>\n\t<meta property=\"og:image:width\" content=\"1772\" \/>\n\t<meta property=\"og:image:height\" content=\"1772\" \/>\n\t<meta property=\"og:image:type\" content=\"image\/jpeg\" \/>\n<meta name=\"twitter:card\" content=\"summary_large_image\" \/>\n<meta name=\"twitter:label1\" content=\"Est. reading time\" \/>\n\t<meta name=\"twitter:data1\" content=\"1 minut\" \/>\n<script type=\"application\/ld+json\" class=\"yoast-schema-graph\">{\"@context\":\"https:\/\/schema.org\",\"@graph\":[{\"@type\":\"WebPage\",\"@id\":\"https:\/\/espak.ee\/epood\/toode\/neutraalne-ehitussilikoon-makroflex-aa105-varvitu-300ml\/\",\"url\":\"https:\/\/espak.ee\/epood\/toode\/neutraalne-ehitussilikoon-makroflex-aa105-varvitu-300ml\/\",\"name\":\"NEUTRAALNE EHITUSSILIKOON MAKROFLEX AA105 V\u00c4RVITU 300ML - Espak E-pood\",\"isPartOf\":{\"@id\":\"https:\/\/espak.ee\/epood\/#website\"},\"primaryImageOfPage\":{\"@id\":\"https:\/\/espak.ee\/epood\/toode\/neutraalne-ehitussilikoon-makroflex-aa105-varvitu-300ml\/#primaryimage\"},\"image\":{\"@id\":\"https:\/\/espak.ee\/epood\/toode\/neutraalne-ehitussilikoon-makroflex-aa105-varvitu-300ml\/#primaryimage\"},\"thumbnailUrl\":\"https:\/\/espak.ee\/epood\/wp-content\/uploads\/Makroflex-AA105-300ml.jpg\",\"datePublished\":\"2020-01-10T01:02:06+00:00\",\"dateModified\":\"2024-03-22T22:01:52+00:00\",\"breadcrumb\":{\"@id\":\"https:\/\/espak.ee\/epood\/toode\/neutraalne-ehitussilikoon-makroflex-aa105-varvitu-300ml\/#breadcrumb\"},\"inLanguage\":\"et\",\"potentialAction\":[{\"@type\":\"ReadAction\",\"target\":[\"https:\/\/espak.ee\/epood\/toode\/neutraalne-ehitussilikoon-makroflex-aa105-varvitu-300ml\/\"]}]},{\"@type\":\"ImageObject\",\"inLanguage\":\"et\",\"@id\":\"https:\/\/espak.ee\/epood\/toode\/neutraalne-ehitussilikoon-makroflex-aa105-varvitu-300ml\/#primaryimage\",\"url\":\"https:\/\/espak.ee\/epood\/wp-content\/uploads\/Makroflex-AA105-300ml.jpg\",\"contentUrl\":\"https:\/\/espak.ee\/epood\/wp-content\/uploads\/Makroflex-AA105-300ml.jpg\",\"width\":1772,\"height\":1772},{\"@type\":\"BreadcrumbList\",\"@id\":\"https:\/\/espak.ee\/epood\/toode\/neutraalne-ehitussilikoon-makroflex-aa105-varvitu-300ml\/#breadcrumb\",\"itemListElement\":[{\"@type\":\"ListItem\",\"position\":1,\"name\":\"Home\",\"item\":\"https:\/\/espak.ee\/epood\/\"},{\"@type\":\"ListItem\",\"position\":2,\"name\":\"Tootevalik\",\"item\":\"https:\/\/espak.ee\/epood\/tootevalik\/\"},{\"@type\":\"ListItem\",\"position\":3,\"name\":\"NEUTRAALNE EHITUSSILIKOON MAKROFLEX AA105 V\u00c4RVITU 300ML\"}]},{\"@type\":\"WebSite\",\"@id\":\"https:\/\/espak.ee\/epood\/#website\",\"url\":\"https:\/\/espak.ee\/epood\/\",\"name\":\"Espak E-pood\",\"description\":\"\",\"potentialAction\":[{\"@type\":\"SearchAction\",\"target\":{\"@type\":\"EntryPoint\",\"urlTemplate\":\"https:\/\/espak.ee\/epood\/?s={search_term_string}\"},\"query-input\":{\"@type\":\"PropertyValueSpecification\",\"valueRequired\":true,\"valueName\":\"search_term_string\"}}],\"inLanguage\":\"et\"}]}<\/script>\n<!-- \/ Yoast SEO plugin. -->","yoast_head_json":{"title":"NEUTRAALNE EHITUSSILIKOON MAKROFLEX AA105 V\u00c4RVITU 300ML - Espak E-pood","robots":{"index":"index","follow":"follow","max-snippet":"max-snippet:-1","max-image-preview":"max-image-preview:large","max-video-preview":"max-video-preview:-1"},"canonical":"https:\/\/espak.ee\/epood\/toode\/neutraalne-ehitussilikoon-makroflex-aa105-varvitu-300ml\/","og_locale":"et_EE","og_type":"article","og_title":"NEUTRAALNE EHITUSSILIKOON MAKROFLEX AA105 V\u00c4RVITU 300ML - Espak E-pood","og_url":"https:\/\/espak.ee\/epood\/toode\/neutraalne-ehitussilikoon-makroflex-aa105-varvitu-300ml\/","og_site_name":"Espak E-pood","article_modified_time":"2024-03-22T22:01:52+00:00","og_image":[{"width":1772,"height":1772,"url":"https:\/\/espak.ee\/epood\/wp-content\/uploads\/Makroflex-AA105-300ml.jpg","type":"image\/jpeg"}],"twitter_card":"summary_large_image","twitter_misc":{"Est. reading time":"1 minut"},"schema":{"@context":"https:\/\/schema.org","@graph":[{"@type":"WebPage","@id":"https:\/\/espak.ee\/epood\/toode\/neutraalne-ehitussilikoon-makroflex-aa105-varvitu-300ml\/","url":"https:\/\/espak.ee\/epood\/toode\/neutraalne-ehitussilikoon-makroflex-aa105-varvitu-300ml\/","name":"NEUTRAALNE EHITUSSILIKOON MAKROFLEX AA105 V\u00c4RVITU 300ML - Espak E-pood","isPartOf":{"@id":"https:\/\/espak.ee\/epood\/#website"},"primaryImageOfPage":{"@id":"https:\/\/espak.ee\/epood\/toode\/neutraalne-ehitussilikoon-makroflex-aa105-varvitu-300ml\/#primaryimage"},"image":{"@id":"https:\/\/espak.ee\/epood\/toode\/neutraalne-ehitussilikoon-makroflex-aa105-varvitu-300ml\/#primaryimage"},"thumbnailUrl":"https:\/\/espak.ee\/epood\/wp-content\/uploads\/Makroflex-AA105-300ml.jpg","datePublished":"2020-01-10T01:02:06+00:00","dateModified":"2024-03-22T22:01:52+00:00","breadcrumb":{"@id":"https:\/\/espak.ee\/epood\/toode\/neutraalne-ehitussilikoon-makroflex-aa105-varvitu-300ml\/#breadcrumb"},"inLanguage":"et","potentialAction":[{"@type":"ReadAction","target":["https:\/\/espak.ee\/epood\/toode\/neutraalne-ehitussilikoon-makroflex-aa105-varvitu-300ml\/"]}]},{"@type":"ImageObject","inLanguage":"et","@id":"https:\/\/espak.ee\/epood\/toode\/neutraalne-ehitussilikoon-makroflex-aa105-varvitu-300ml\/#primaryimage","url":"https:\/\/espak.ee\/epood\/wp-content\/uploads\/Makroflex-AA105-300ml.jpg","contentUrl":"https:\/\/espak.ee\/epood\/wp-content\/uploads\/Makroflex-AA105-300ml.jpg","width":1772,"height":1772},{"@type":"BreadcrumbList","@id":"https:\/\/espak.ee\/epood\/toode\/neutraalne-ehitussilikoon-makroflex-aa105-varvitu-300ml\/#breadcrumb","itemListElement":[{"@type":"ListItem","position":1,"name":"Home","item":"https:\/\/espak.ee\/epood\/"},{"@type":"ListItem","position":2,"name":"Tootevalik","item":"https:\/\/espak.ee\/epood\/tootevalik\/"},{"@type":"ListItem","position":3,"name":"NEUTRAALNE EHITUSSILIKOON MAKROFLEX AA105 V\u00c4RVITU 300ML"}]},{"@type":"WebSite","@id":"https:\/\/espak.ee\/epood\/#website","url":"https:\/\/espak.ee\/epood\/","name":"Espak E-pood","description":"","potentialAction":[{"@type":"SearchAction","target":{"@type":"EntryPoint","urlTemplate":"https:\/\/espak.ee\/epood\/?s={search_term_string}"},"query-input":{"@type":"PropertyValueSpecification","valueRequired":true,"valueName":"search_term_string"}}],"inLanguage":"et"}]}},"_links":{"self":[{"href":"https:\/\/espak.ee\/epood\/wp-json\/wp\/v2\/product\/14203","targetHints":{"allow":["GET"]}}],"collection":[{"href":"https:\/\/espak.ee\/epood\/wp-json\/wp\/v2\/product"}],"about":[{"href":"https:\/\/espak.ee\/epood\/wp-json\/wp\/v2\/types\/product"}],"replies":[{"embeddable":true,"href":"https:\/\/espak.ee\/epood\/wp-json\/wp\/v2\/comments?post=14203"}],"wp:featuredmedia":[{"embeddable":true,"href":"https:\/\/espak.ee\/epood\/wp-json\/wp\/v2\/media\/14932"}],"wp:attachment":[{"href":"https:\/\/espak.ee\/epood\/wp-json\/wp\/v2\/media?parent=14203"}],"wp:term":[{"taxonomy":"product_brand","embeddable":true,"href":"https:\/\/espak.ee\/epood\/wp-json\/wp\/v2\/product_brand?post=14203"},{"taxonomy":"product_cat","embeddable":true,"href":"https:\/\/espak.ee\/epood\/wp-json\/wp\/v2\/product_cat?post=14203"},{"taxonomy":"product_tag","embeddable":true,"href":"https:\/\/espak.ee\/epood\/wp-json\/wp\/v2\/product_tag?post=14203"}],"curies":[{"name":"wp","href":"https:\/\/api.w.org\/{rel}","templated":true}]}}