{"id":141996,"date":"2022-12-01T08:49:40","date_gmt":"2022-12-01T08:49:40","guid":{"rendered":"https:\/\/espak.ee\/epood\/?post_type=product&#038;p=141996"},"modified":"2025-12-28T14:17:27","modified_gmt":"2025-12-28T12:17:27","slug":"ohupuhasti-af20-karcher","status":"publish","type":"product","link":"https:\/\/espak.ee\/epood\/toode\/ohupuhasti-af20-karcher\/","title":{"rendered":"\u00d5HUPUHASTI AF20 K\u00c4RCHER"},"content":{"rendered":"<div class=\"row\"  id=\"row-635172315\">\n\n\t<div id=\"col-150757552\" class=\"col medium-9 small-12 large-9\"  >\n\t\t\t\t<div class=\"col-inner\"  >\n\t\t\t\n\t\t\t\n<h3>\u00d5hupuhastaja AF20 K\u00e4rcher<\/h3>\n<p>Kiire \u00f5hupuhastus kuni 20 m\u00b2* ruumides \u2013 H13 filtri ja aktiivs\u00f6ega kompaktne \u00f5hupuhasti AF 20 eemaldab usaldusv\u00e4\u00e4rselt patogeenid, peentolmu, allergeenid ja l\u00f5hnad.<\/p>\n<div class=\"message-box relative\" style=\"padding-top:15px;padding-bottom:15px;\"><div class=\"message-box-bg-image bg-fill fill\" ><\/div><div class=\"message-box-bg-overlay bg-fill fill\" ><\/div><div class=\"container relative\"><div class=\"inner last-reset\">\n<div class=\"row align-middle align-center\"  id=\"row-1110095726\">\n\n\t<div id=\"col-1756307900\" class=\"col small-12 large-12\"  >\n\t\t\t\t<div class=\"col-inner text-left\"  >\n\t\t\t\n\t\t\t\n<h4>Omadused<\/h4>\n<div class=\"row\"  id=\"row-1732011649\">\n\n\t<div id=\"col-1716905836\" class=\"col medium-6 small-12 large-6\"  >\n\t\t\t\t<div class=\"col-inner\"  >\n\t\t\t\n\t\t\t\n<p><i class=\"fa fa-check fa-2x\"><\/i> <strong> Vaikne<\/strong><\/p>\n<p><i class=\"fa fa-check fa-2x\"><\/i> <strong> Automaatne re\u017eiim<\/strong><\/p>\n\t\t<\/div>\n\t\t\t\t\n<style>\n#col-1716905836 > .col-inner {\n  margin: 0px 0px 15px 0px;\n}\n<\/style>\n\t<\/div>\n\n\t\n\n\t<div id=\"col-1927473901\" class=\"col medium-6 small-12 large-6\"  >\n\t\t\t\t<div class=\"col-inner\"  >\n\t\t\t\n\t\t\t\n<p><i class=\"fa fa-check fa-2x\"><\/i> <strong> Andur juhib automaatre\u017eiimi ja kohandab j\u00f5udlust vastavalt \u00f5hukvaliteedile<\/strong><\/p>\n\t\t<\/div>\n\t\t\t\t\n<style>\n#col-1927473901 > .col-inner {\n  margin: 0px 0px 15px 0px;\n}\n<\/style>\n\t<\/div>\n\n\t\n<\/div>\n\t\t<\/div>\n\t\t\t\t\t<\/div>\n\n\t\n<\/div>\n<\/div><\/div><\/div>\n\t<div id=\"gap-1999237729\" class=\"gap-element clearfix\" style=\"display:block; height:auto;\">\n\t\t\n<style>\n#gap-1999237729 {\n  padding-top: 30px;\n}\n<\/style>\n\t<\/div>\n\t\n<p>T\u00e4iuslik \u00f5hupuhastus v\u00e4ikestesse tubadesse, lastetubadesse ja \u00fcksikutesse t\u00f6\u00f6ruumidesse \u2013 \u00f5hupuhasti AF 20 puhastab sise\u00f5hku allergeenidest, saasteainetest ja patogeenidest oma mitmekihilise filtris\u00fcsteemi abil. T\u00e4iendavate funktsioonide hulka kuuluvad aktiivs\u00f6e t\u00e4idis, samuti ekraan, mis n\u00e4itab t\u00e4htnumbriliselt PM2,5 osakeste \u00f5hukvaliteeti \u00b5g\/m\u00b3, \u00f5hukvaliteeti v\u00e4rvikoodi kaudu, temperatuuri ja suhtelist niiskust. \u00d5hupuhastaja on suurep\u00e4rane valik ka t\u00e4nu oma taimeri funktsioonile, lapselukule, \u00f6\u00f6re\u017eiimile ja \u00fclivaiksele t\u00f6\u00f6le, samuti 99,95% filtri efektiivsusele 0,3 \u00b5m osakeste jaoks ja kvaliteetsele lasersensorile automaatika jaoks. See t\u00e4hendab, et automaatre\u017eiim ja j\u00f5udlustase kohanduvad automaatselt \u00f5husaaste tasemega. Samuti on selle filtri kasutusiga umbes \u00fcks aasta, olenevalt \u00f5husaastest ja kasutamise intensiivsusest.\n<\/p>\n\t\t<\/div>\n\t\t\t\t\t<\/div>\n\n\t\n\n\t<div id=\"col-1406004071\" class=\"col medium-3 small-12 large-3\"  >\n\t\t\t\t<div class=\"col-inner\"  >\n\t\t\t\n\t\t\t\n<h3>Toote informatsioon<\/h3>\n<p><a href=\"https:\/\/espak.ee\/epood\/wp-content\/uploads\/2022\/12\/1.024-820.0_PI_et_EE.pdf\"target=\"_blank\" rel=\"noopener noreferrer\"><i class=\"far fa-file-pdf\"><\/i> Toote informatsioon (PDF)<\/a><\/p>\n<h3>Kasutusjuhend<\/h3>\n<p><a href=\"https:\/\/espak.ee\/epood\/wp-content\/uploads\/2022\/12\/BTA-5770909-000-06.pdf\"target=\"_blank\" rel=\"noopener noreferrer\"><i class=\"far fa-file-pdf\"><\/i> Kasutusjuhend (PDF)<\/a><\/p>\n<div class=\"is-divider divider clearfix\" ><\/div>\n<p><strong>\u00dcksikasjalikuma n\u00f5u saamiseks v\u00f5tke \u00fchendust:<br \/><\/strong>Espak AS<br \/>Viadukti 42<br \/>11313<br \/>Tallinn<br \/>+372 6 512333<\/p>\n\t\t<\/div>\n\t\t\t\t\t<\/div>\n\n\t\n<\/div>\n","protected":false},"excerpt":{"rendered":"","protected":false},"featured_media":142105,"comment_status":"closed","ping_status":"closed","template":"","meta":[],"product_brand":[],"product_cat":[2680,2681,2766,2679],"product_tag":[],"class_list":{"0":"post-141996","1":"product","2":"type-product","3":"status-publish","4":"has-post-thumbnail","6":"product_cat-elektritooriistad","7":"product_cat-masinad-ja-seadmed","8":"product_cat-muud-masinad-ja-seadmed","9":"product_cat-tooriistad","10":"pa_kaubamark-karcher","12":"first","13":"instock","14":"sale","15":"taxable","16":"shipping-taxable","17":"purchasable","18":"product-type-simple"},"yoast_head":"<!-- This site is optimized with the Yoast SEO plugin v26.9 - https:\/\/yoast.com\/product\/yoast-seo-wordpress\/ -->\n<title>\u00d5HUPUHASTI AF20 K\u00c4RCHER - Espak E-pood<\/title>\n<meta name=\"robots\" content=\"index, follow, max-snippet:-1, max-image-preview:large, max-video-preview:-1\" \/>\n<link rel=\"canonical\" href=\"https:\/\/espak.ee\/epood\/toode\/ohupuhasti-af20-karcher\/\" \/>\n<meta property=\"og:locale\" content=\"et_EE\" \/>\n<meta property=\"og:type\" content=\"article\" \/>\n<meta property=\"og:title\" content=\"\u00d5HUPUHASTI AF20 K\u00c4RCHER - Espak E-pood\" \/>\n<meta property=\"og:url\" content=\"https:\/\/espak.ee\/epood\/toode\/ohupuhasti-af20-karcher\/\" \/>\n<meta property=\"og:site_name\" content=\"Espak E-pood\" \/>\n<meta property=\"article:modified_time\" content=\"2025-12-28T12:17:27+00:00\" \/>\n<meta property=\"og:image\" content=\"https:\/\/espak.ee\/epood\/wp-content\/uploads\/2022\/12\/d0-36.jpg\" \/>\n\t<meta property=\"og:image:width\" content=\"800\" \/>\n\t<meta property=\"og:image:height\" content=\"800\" \/>\n\t<meta property=\"og:image:type\" content=\"image\/jpeg\" \/>\n<meta name=\"twitter:card\" content=\"summary_large_image\" \/>\n<meta name=\"twitter:label1\" content=\"Est. reading time\" \/>\n\t<meta name=\"twitter:data1\" content=\"1 minut\" \/>\n<script type=\"application\/ld+json\" class=\"yoast-schema-graph\">{\"@context\":\"https:\/\/schema.org\",\"@graph\":[{\"@type\":\"WebPage\",\"@id\":\"https:\/\/espak.ee\/epood\/toode\/ohupuhasti-af20-karcher\/\",\"url\":\"https:\/\/espak.ee\/epood\/toode\/ohupuhasti-af20-karcher\/\",\"name\":\"\u00d5HUPUHASTI AF20 K\u00c4RCHER - Espak E-pood\",\"isPartOf\":{\"@id\":\"https:\/\/espak.ee\/epood\/#website\"},\"primaryImageOfPage\":{\"@id\":\"https:\/\/espak.ee\/epood\/toode\/ohupuhasti-af20-karcher\/#primaryimage\"},\"image\":{\"@id\":\"https:\/\/espak.ee\/epood\/toode\/ohupuhasti-af20-karcher\/#primaryimage\"},\"thumbnailUrl\":\"https:\/\/espak.ee\/epood\/wp-content\/uploads\/2022\/12\/d0-36.jpg\",\"datePublished\":\"2022-12-01T08:49:40+00:00\",\"dateModified\":\"2025-12-28T12:17:27+00:00\",\"breadcrumb\":{\"@id\":\"https:\/\/espak.ee\/epood\/toode\/ohupuhasti-af20-karcher\/#breadcrumb\"},\"inLanguage\":\"et\",\"potentialAction\":[{\"@type\":\"ReadAction\",\"target\":[\"https:\/\/espak.ee\/epood\/toode\/ohupuhasti-af20-karcher\/\"]}]},{\"@type\":\"ImageObject\",\"inLanguage\":\"et\",\"@id\":\"https:\/\/espak.ee\/epood\/toode\/ohupuhasti-af20-karcher\/#primaryimage\",\"url\":\"https:\/\/espak.ee\/epood\/wp-content\/uploads\/2022\/12\/d0-36.jpg\",\"contentUrl\":\"https:\/\/espak.ee\/epood\/wp-content\/uploads\/2022\/12\/d0-36.jpg\",\"width\":800,\"height\":800},{\"@type\":\"BreadcrumbList\",\"@id\":\"https:\/\/espak.ee\/epood\/toode\/ohupuhasti-af20-karcher\/#breadcrumb\",\"itemListElement\":[{\"@type\":\"ListItem\",\"position\":1,\"name\":\"Home\",\"item\":\"https:\/\/espak.ee\/epood\/\"},{\"@type\":\"ListItem\",\"position\":2,\"name\":\"Tootevalik\",\"item\":\"https:\/\/espak.ee\/epood\/tootevalik\/\"},{\"@type\":\"ListItem\",\"position\":3,\"name\":\"\u00d5HUPUHASTI AF20 K\u00c4RCHER\"}]},{\"@type\":\"WebSite\",\"@id\":\"https:\/\/espak.ee\/epood\/#website\",\"url\":\"https:\/\/espak.ee\/epood\/\",\"name\":\"Espak E-pood\",\"description\":\"\",\"potentialAction\":[{\"@type\":\"SearchAction\",\"target\":{\"@type\":\"EntryPoint\",\"urlTemplate\":\"https:\/\/espak.ee\/epood\/?s={search_term_string}\"},\"query-input\":{\"@type\":\"PropertyValueSpecification\",\"valueRequired\":true,\"valueName\":\"search_term_string\"}}],\"inLanguage\":\"et\"}]}<\/script>\n<!-- \/ Yoast SEO plugin. -->","yoast_head_json":{"title":"\u00d5HUPUHASTI AF20 K\u00c4RCHER - Espak E-pood","robots":{"index":"index","follow":"follow","max-snippet":"max-snippet:-1","max-image-preview":"max-image-preview:large","max-video-preview":"max-video-preview:-1"},"canonical":"https:\/\/espak.ee\/epood\/toode\/ohupuhasti-af20-karcher\/","og_locale":"et_EE","og_type":"article","og_title":"\u00d5HUPUHASTI AF20 K\u00c4RCHER - Espak E-pood","og_url":"https:\/\/espak.ee\/epood\/toode\/ohupuhasti-af20-karcher\/","og_site_name":"Espak E-pood","article_modified_time":"2025-12-28T12:17:27+00:00","og_image":[{"width":800,"height":800,"url":"https:\/\/espak.ee\/epood\/wp-content\/uploads\/2022\/12\/d0-36.jpg","type":"image\/jpeg"}],"twitter_card":"summary_large_image","twitter_misc":{"Est. reading time":"1 minut"},"schema":{"@context":"https:\/\/schema.org","@graph":[{"@type":"WebPage","@id":"https:\/\/espak.ee\/epood\/toode\/ohupuhasti-af20-karcher\/","url":"https:\/\/espak.ee\/epood\/toode\/ohupuhasti-af20-karcher\/","name":"\u00d5HUPUHASTI AF20 K\u00c4RCHER - Espak E-pood","isPartOf":{"@id":"https:\/\/espak.ee\/epood\/#website"},"primaryImageOfPage":{"@id":"https:\/\/espak.ee\/epood\/toode\/ohupuhasti-af20-karcher\/#primaryimage"},"image":{"@id":"https:\/\/espak.ee\/epood\/toode\/ohupuhasti-af20-karcher\/#primaryimage"},"thumbnailUrl":"https:\/\/espak.ee\/epood\/wp-content\/uploads\/2022\/12\/d0-36.jpg","datePublished":"2022-12-01T08:49:40+00:00","dateModified":"2025-12-28T12:17:27+00:00","breadcrumb":{"@id":"https:\/\/espak.ee\/epood\/toode\/ohupuhasti-af20-karcher\/#breadcrumb"},"inLanguage":"et","potentialAction":[{"@type":"ReadAction","target":["https:\/\/espak.ee\/epood\/toode\/ohupuhasti-af20-karcher\/"]}]},{"@type":"ImageObject","inLanguage":"et","@id":"https:\/\/espak.ee\/epood\/toode\/ohupuhasti-af20-karcher\/#primaryimage","url":"https:\/\/espak.ee\/epood\/wp-content\/uploads\/2022\/12\/d0-36.jpg","contentUrl":"https:\/\/espak.ee\/epood\/wp-content\/uploads\/2022\/12\/d0-36.jpg","width":800,"height":800},{"@type":"BreadcrumbList","@id":"https:\/\/espak.ee\/epood\/toode\/ohupuhasti-af20-karcher\/#breadcrumb","itemListElement":[{"@type":"ListItem","position":1,"name":"Home","item":"https:\/\/espak.ee\/epood\/"},{"@type":"ListItem","position":2,"name":"Tootevalik","item":"https:\/\/espak.ee\/epood\/tootevalik\/"},{"@type":"ListItem","position":3,"name":"\u00d5HUPUHASTI AF20 K\u00c4RCHER"}]},{"@type":"WebSite","@id":"https:\/\/espak.ee\/epood\/#website","url":"https:\/\/espak.ee\/epood\/","name":"Espak E-pood","description":"","potentialAction":[{"@type":"SearchAction","target":{"@type":"EntryPoint","urlTemplate":"https:\/\/espak.ee\/epood\/?s={search_term_string}"},"query-input":{"@type":"PropertyValueSpecification","valueRequired":true,"valueName":"search_term_string"}}],"inLanguage":"et"}]}},"_links":{"self":[{"href":"https:\/\/espak.ee\/epood\/wp-json\/wp\/v2\/product\/141996","targetHints":{"allow":["GET"]}}],"collection":[{"href":"https:\/\/espak.ee\/epood\/wp-json\/wp\/v2\/product"}],"about":[{"href":"https:\/\/espak.ee\/epood\/wp-json\/wp\/v2\/types\/product"}],"replies":[{"embeddable":true,"href":"https:\/\/espak.ee\/epood\/wp-json\/wp\/v2\/comments?post=141996"}],"wp:featuredmedia":[{"embeddable":true,"href":"https:\/\/espak.ee\/epood\/wp-json\/wp\/v2\/media\/142105"}],"wp:attachment":[{"href":"https:\/\/espak.ee\/epood\/wp-json\/wp\/v2\/media?parent=141996"}],"wp:term":[{"taxonomy":"product_brand","embeddable":true,"href":"https:\/\/espak.ee\/epood\/wp-json\/wp\/v2\/product_brand?post=141996"},{"taxonomy":"product_cat","embeddable":true,"href":"https:\/\/espak.ee\/epood\/wp-json\/wp\/v2\/product_cat?post=141996"},{"taxonomy":"product_tag","embeddable":true,"href":"https:\/\/espak.ee\/epood\/wp-json\/wp\/v2\/product_tag?post=141996"}],"curies":[{"name":"wp","href":"https:\/\/api.w.org\/{rel}","templated":true}]}}