{"id":141890,"date":"2022-11-30T08:49:41","date_gmt":"2022-11-30T08:49:41","guid":{"rendered":"https:\/\/espak.ee\/epood\/?post_type=product&#038;p=141890"},"modified":"2026-02-09T08:59:35","modified_gmt":"2026-02-09T06:59:35","slug":"ehitusliim-moment-fix-pvcaluminium-440g","status":"publish","type":"product","link":"https:\/\/espak.ee\/epood\/toode\/ehitusliim-moment-fix-pvcaluminium-440g\/","title":{"rendered":"EHITUSLIIM MOMENT FIX PVC&#038;ALUMINIUM 440G"},"content":{"rendered":"<div class=\"row\"  id=\"row-250032843\">\n\n\t<div id=\"col-250420826\" class=\"col medium-9 small-12 large-9\"  >\n\t\t\t\t<div class=\"col-inner\"  >\n\t\t\t\n\t\t\t\n<h2>Ehitusliim Moment FIX PVC &#038; Aluminium<\/h2>\n<p>Moment FIX PVC &#038; Aluminium on professionaalne ehitusliim kasutamiseks nii sise- kui ka v\u00e4listingimustes, poorsetel ja mittepoorsetel pindadel. Toimib ka m\u00e4rgadel pindadel. Moment FIX PVC &#038; Aluminium sobib paljudele aluspindadele, sealhulgas tellis, keraamika, betoon, k\u00f5va puitkiudplaat, kipsplaat, vineer, kivi, MDF, puit, metallid, UPVC, klaas, plast*, v\u00e4rvitud pinnad*, peeglid**. <\/p>\n<p>FLEXTEC POLYMER TECHNOLOGY &#8211; Henkeli poolt patenteeritud tehnoloogia, mis tagab igasuguste pindade (imavate ja mitteimavate) suurep\u00e4rase kinnitumise ja tihendamise t\u00e4nu erakordsele vastupidavusele vibratsioonile ja v\u00e4listele tingimustele.<\/p>\n<div class=\"message-box relative\" style=\"padding-top:15px;padding-bottom:15px;\"><div class=\"message-box-bg-image bg-fill fill\" ><\/div><div class=\"message-box-bg-overlay bg-fill fill\" ><\/div><div class=\"container relative\"><div class=\"inner last-reset\">\n<div class=\"row align-middle align-center\"  id=\"row-921734956\">\n\n\t<div id=\"col-264973278\" class=\"col small-12 large-12\"  >\n\t\t\t\t<div class=\"col-inner text-left\"  >\n\t\t\t\n\t\t\t\n<h4>Omadused<\/h4>\n<div class=\"row\"  id=\"row-897266027\">\n\n\t<div id=\"col-1981429307\" class=\"col medium-6 small-12 large-6\"  >\n\t\t\t\t<div class=\"col-inner\"  >\n\t\t\t\n\t\t\t\n<p><i class=\"fa fa-check fa-2x\"><\/i> <strong> Poorsetele ja mittepoorsetele pindadele, sise- ja v\u00e4listingimustes (toimib ka m\u00e4rgadel pindadel)<\/strong><\/p>\n<p><i class=\"fa fa-check fa-2x\"><\/i> <strong> Paindlik suurema p\u00f5rutuskindluse tagamiseks<\/strong><\/p>\n\t\t<\/div>\n\t\t\t\t\n<style>\n#col-1981429307 > .col-inner {\n  margin: 0px 0px 15px 0px;\n}\n<\/style>\n\t<\/div>\n\n\t\n\n\t<div id=\"col-260180360\" class=\"col medium-6 small-12 large-6\"  >\n\t\t\t\t<div class=\"col-inner\"  >\n\t\t\t\n\t\t\t\n<p><i class=\"fa fa-check fa-2x\"><\/i> <strong> P\u00e4rast k\u00f5vastumist \u00fclev\u00e4rvitav ja lihvitav<\/strong><\/p>\n<p><i class=\"fa fa-check fa-2x\"><\/i> <strong> 80% padrunist on valmistatud taaskasutatud plastist<\/strong><\/p>\n\t\t<\/div>\n\t\t\t\t\n<style>\n#col-260180360 > .col-inner {\n  margin: 0px 0px 15px 0px;\n}\n<\/style>\n\t<\/div>\n\n\t\n<\/div>\n\t\t<\/div>\n\t\t\t\t\t<\/div>\n\n\t\n<\/div>\n<\/div><\/div><\/div>\n\t<div id=\"gap-919840498\" class=\"gap-element clearfix\" style=\"display:block; height:auto;\">\n\t\t\n<style>\n#gap-919840498 {\n  padding-top: 30px;\n}\n<\/style>\n\t<\/div>\n\t\n<h3>Kasutamise \u00fcksikasjad<\/h3>\n<p><strong>Kasutusjuhend:<\/strong><br \/>\n Liimitavad pinnad peavad olema puhtad, vabad \u00f5lidest, rasvast, tolmust ja lahtistest osakestest ning olema kuivad. Imavatelt aluspindadelt tuleb esmalt eemaldada seisev vesi. M\u00e4\u00e4rdunud pindade puhul eemaldage mustus sobiva lahustiga v\u00f5i lihvige pindu ja seej\u00e4rel puhastage tolmust. Enne pealekandmist katke k\u00fclgnev ala vajaduse korral fooliumi v\u00f5i teibiga. Kontrollige, kas v\u00e4rv v\u00f5i pinnakatted on korralikult kinnitatud, kui mitte, eemaldage need. Tundmatute materjalide v\u00f5i kriitiliste rakenduste korral soovitatakse nakkumist eelnevalt testida v\u00f5i v\u00f5tta \u00fchendust meie tehnilise klienditoega. Liimi k\u00f5vastumine n\u00f5uab v\u00e4ikese koguse niiskuse sissev\u00f5tmist (kas atmosf\u00e4\u00e4rist ja\/v\u00f5i aluspinnast). Nakkumist paljude siledate pindadega on v\u00f5imalik parandada pesukruntidega (\u00fcksikasju k\u00fcsige tehnilisest teenindusest). <\/p>\n<p>L\u00f5igake keerme kohalt \u00e4ra padruni ots. Keerake plastotsik otsa ja l\u00f5igake otsiku tipp \u00e4ra. Pange padrun p\u00fcstolisse. Kuna toote koostis tagab v\u00e4ga tugeva nakkuvuse, on seda raske v\u00e4lja pressida. Seet\u00f5ttu l\u00f5igake otsik maha piisavalt (min 8mm l\u00e4bim\u00f5\u00f5duga) v\u00f5i V-kujulisena. Kandke liim \u00fche liimitava elemendi pinnale: ebatasaste pindade silumiseks laikudena, suuremate pindade puhul parema algse nakkuvuse saamiseks laineliselt v\u00f5i v\u00e4iksemate pindade puhul sirgete ribadena. V\u00e4listingimustes kasutades kandke vertikaalsete ribadena.<\/p>\n\t\t<\/div>\n\t\t\t\t\t<\/div>\n\n\t\n\n\t<div id=\"col-2091817800\" class=\"col medium-3 small-12 large-3\"  >\n\t\t\t\t<div class=\"col-inner\"  >\n\t\t\t\n\t\t\t\n<h3>Tehniline informatsioon<\/h3>\n<p><a href=\"https:\/\/espak.ee\/epood\/wp-content\/uploads\/2022\/11\/Moment-FIX-PVC-Aluminium-TDS-EST.pdf\"target=\"_blank\" rel=\"noopener noreferrer\"><i class=\"far fa-file-pdf\"><\/i> Tehniline info (PDF)<\/a><\/p>\n<h3>Ohutusalane teave<\/h3>\n<p><a href=\"https:\/\/espak.ee\/epood\/wp-content\/uploads\/2022\/11\/moment-pvc-ja-alu.pdf\"target=\"_blank\" rel=\"noopener noreferrer\"><i class=\"far fa-file-pdf\"><\/i> Ohutuskaart (PDF)<\/a><\/p>\n<div class=\"is-divider divider clearfix\" ><\/div>\n<p><strong>\u00dcksikasjalikuma n\u00f5u saamiseks v\u00f5tke \u00fchendust:<br \/><\/strong>Henkel Balti O\u00dc<br \/>S\u00f5bra 56B<br \/>51013<br \/>Tartu<br \/>+ 372 7305800<\/p>\n<div class=\"is-divider divider clearfix\" ><\/div>\n\t\t<\/div>\n\t\t\t\t\t<\/div>\n\n\t\n<\/div>\n","protected":false},"excerpt":{"rendered":"","protected":false},"featured_media":141935,"comment_status":"closed","ping_status":"closed","template":"","meta":[],"product_brand":[],"product_cat":[2703,2706,2707,2683],"product_tag":[],"class_list":{"0":"post-141890","1":"product","2":"type-product","3":"status-publish","4":"has-post-thumbnail","6":"product_cat-ehituskeemia","7":"product_cat-liimid","8":"product_cat-universaalliimid","9":"product_cat-viimistluskaubad","10":"pa_kaubamark-henkel-balti-ou","12":"first","13":"instock","14":"sale","15":"taxable","16":"shipping-taxable","17":"purchasable","18":"product-type-simple"},"yoast_head":"<!-- This site is optimized with the Yoast SEO plugin v26.9 - https:\/\/yoast.com\/product\/yoast-seo-wordpress\/ -->\n<title>EHITUSLIIM MOMENT FIX PVC&amp;ALUMINIUM 440G - Espak E-pood<\/title>\n<meta name=\"robots\" content=\"index, follow, max-snippet:-1, max-image-preview:large, max-video-preview:-1\" \/>\n<link rel=\"canonical\" href=\"https:\/\/espak.ee\/epood\/toode\/ehitusliim-moment-fix-pvcaluminium-440g\/\" \/>\n<meta property=\"og:locale\" content=\"et_EE\" \/>\n<meta property=\"og:type\" content=\"article\" \/>\n<meta property=\"og:title\" content=\"EHITUSLIIM MOMENT FIX PVC&amp;ALUMINIUM 440G - Espak E-pood\" \/>\n<meta property=\"og:url\" content=\"https:\/\/espak.ee\/epood\/toode\/ehitusliim-moment-fix-pvcaluminium-440g\/\" \/>\n<meta property=\"og:site_name\" content=\"Espak E-pood\" \/>\n<meta property=\"article:modified_time\" content=\"2026-02-09T06:59:35+00:00\" \/>\n<meta property=\"og:image\" content=\"https:\/\/espak.ee\/epood\/wp-content\/uploads\/2022\/11\/Moment-FIX-PVC-Aluminium-440g.jpg\" \/>\n\t<meta property=\"og:image:width\" content=\"800\" \/>\n\t<meta property=\"og:image:height\" content=\"800\" \/>\n\t<meta property=\"og:image:type\" content=\"image\/jpeg\" \/>\n<meta name=\"twitter:card\" content=\"summary_large_image\" \/>\n<meta name=\"twitter:label1\" content=\"Est. reading time\" \/>\n\t<meta name=\"twitter:data1\" content=\"2 minutit\" \/>\n<script type=\"application\/ld+json\" class=\"yoast-schema-graph\">{\"@context\":\"https:\/\/schema.org\",\"@graph\":[{\"@type\":\"WebPage\",\"@id\":\"https:\/\/espak.ee\/epood\/toode\/ehitusliim-moment-fix-pvcaluminium-440g\/\",\"url\":\"https:\/\/espak.ee\/epood\/toode\/ehitusliim-moment-fix-pvcaluminium-440g\/\",\"name\":\"EHITUSLIIM MOMENT FIX PVC&ALUMINIUM 440G - Espak E-pood\",\"isPartOf\":{\"@id\":\"https:\/\/espak.ee\/epood\/#website\"},\"primaryImageOfPage\":{\"@id\":\"https:\/\/espak.ee\/epood\/toode\/ehitusliim-moment-fix-pvcaluminium-440g\/#primaryimage\"},\"image\":{\"@id\":\"https:\/\/espak.ee\/epood\/toode\/ehitusliim-moment-fix-pvcaluminium-440g\/#primaryimage\"},\"thumbnailUrl\":\"https:\/\/espak.ee\/epood\/wp-content\/uploads\/2022\/11\/Moment-FIX-PVC-Aluminium-440g.jpg\",\"datePublished\":\"2022-11-30T08:49:41+00:00\",\"dateModified\":\"2026-02-09T06:59:35+00:00\",\"breadcrumb\":{\"@id\":\"https:\/\/espak.ee\/epood\/toode\/ehitusliim-moment-fix-pvcaluminium-440g\/#breadcrumb\"},\"inLanguage\":\"et\",\"potentialAction\":[{\"@type\":\"ReadAction\",\"target\":[\"https:\/\/espak.ee\/epood\/toode\/ehitusliim-moment-fix-pvcaluminium-440g\/\"]}]},{\"@type\":\"ImageObject\",\"inLanguage\":\"et\",\"@id\":\"https:\/\/espak.ee\/epood\/toode\/ehitusliim-moment-fix-pvcaluminium-440g\/#primaryimage\",\"url\":\"https:\/\/espak.ee\/epood\/wp-content\/uploads\/2022\/11\/Moment-FIX-PVC-Aluminium-440g.jpg\",\"contentUrl\":\"https:\/\/espak.ee\/epood\/wp-content\/uploads\/2022\/11\/Moment-FIX-PVC-Aluminium-440g.jpg\",\"width\":800,\"height\":800},{\"@type\":\"BreadcrumbList\",\"@id\":\"https:\/\/espak.ee\/epood\/toode\/ehitusliim-moment-fix-pvcaluminium-440g\/#breadcrumb\",\"itemListElement\":[{\"@type\":\"ListItem\",\"position\":1,\"name\":\"Home\",\"item\":\"https:\/\/espak.ee\/epood\/\"},{\"@type\":\"ListItem\",\"position\":2,\"name\":\"Tootevalik\",\"item\":\"https:\/\/espak.ee\/epood\/tootevalik\/\"},{\"@type\":\"ListItem\",\"position\":3,\"name\":\"EHITUSLIIM MOMENT FIX PVC&#038;ALUMINIUM 440G\"}]},{\"@type\":\"WebSite\",\"@id\":\"https:\/\/espak.ee\/epood\/#website\",\"url\":\"https:\/\/espak.ee\/epood\/\",\"name\":\"Espak E-pood\",\"description\":\"\",\"potentialAction\":[{\"@type\":\"SearchAction\",\"target\":{\"@type\":\"EntryPoint\",\"urlTemplate\":\"https:\/\/espak.ee\/epood\/?s={search_term_string}\"},\"query-input\":{\"@type\":\"PropertyValueSpecification\",\"valueRequired\":true,\"valueName\":\"search_term_string\"}}],\"inLanguage\":\"et\"}]}<\/script>\n<!-- \/ Yoast SEO plugin. -->","yoast_head_json":{"title":"EHITUSLIIM MOMENT FIX PVC&ALUMINIUM 440G - Espak E-pood","robots":{"index":"index","follow":"follow","max-snippet":"max-snippet:-1","max-image-preview":"max-image-preview:large","max-video-preview":"max-video-preview:-1"},"canonical":"https:\/\/espak.ee\/epood\/toode\/ehitusliim-moment-fix-pvcaluminium-440g\/","og_locale":"et_EE","og_type":"article","og_title":"EHITUSLIIM MOMENT FIX PVC&ALUMINIUM 440G - Espak E-pood","og_url":"https:\/\/espak.ee\/epood\/toode\/ehitusliim-moment-fix-pvcaluminium-440g\/","og_site_name":"Espak E-pood","article_modified_time":"2026-02-09T06:59:35+00:00","og_image":[{"width":800,"height":800,"url":"https:\/\/espak.ee\/epood\/wp-content\/uploads\/2022\/11\/Moment-FIX-PVC-Aluminium-440g.jpg","type":"image\/jpeg"}],"twitter_card":"summary_large_image","twitter_misc":{"Est. reading time":"2 minutit"},"schema":{"@context":"https:\/\/schema.org","@graph":[{"@type":"WebPage","@id":"https:\/\/espak.ee\/epood\/toode\/ehitusliim-moment-fix-pvcaluminium-440g\/","url":"https:\/\/espak.ee\/epood\/toode\/ehitusliim-moment-fix-pvcaluminium-440g\/","name":"EHITUSLIIM MOMENT FIX PVC&ALUMINIUM 440G - Espak E-pood","isPartOf":{"@id":"https:\/\/espak.ee\/epood\/#website"},"primaryImageOfPage":{"@id":"https:\/\/espak.ee\/epood\/toode\/ehitusliim-moment-fix-pvcaluminium-440g\/#primaryimage"},"image":{"@id":"https:\/\/espak.ee\/epood\/toode\/ehitusliim-moment-fix-pvcaluminium-440g\/#primaryimage"},"thumbnailUrl":"https:\/\/espak.ee\/epood\/wp-content\/uploads\/2022\/11\/Moment-FIX-PVC-Aluminium-440g.jpg","datePublished":"2022-11-30T08:49:41+00:00","dateModified":"2026-02-09T06:59:35+00:00","breadcrumb":{"@id":"https:\/\/espak.ee\/epood\/toode\/ehitusliim-moment-fix-pvcaluminium-440g\/#breadcrumb"},"inLanguage":"et","potentialAction":[{"@type":"ReadAction","target":["https:\/\/espak.ee\/epood\/toode\/ehitusliim-moment-fix-pvcaluminium-440g\/"]}]},{"@type":"ImageObject","inLanguage":"et","@id":"https:\/\/espak.ee\/epood\/toode\/ehitusliim-moment-fix-pvcaluminium-440g\/#primaryimage","url":"https:\/\/espak.ee\/epood\/wp-content\/uploads\/2022\/11\/Moment-FIX-PVC-Aluminium-440g.jpg","contentUrl":"https:\/\/espak.ee\/epood\/wp-content\/uploads\/2022\/11\/Moment-FIX-PVC-Aluminium-440g.jpg","width":800,"height":800},{"@type":"BreadcrumbList","@id":"https:\/\/espak.ee\/epood\/toode\/ehitusliim-moment-fix-pvcaluminium-440g\/#breadcrumb","itemListElement":[{"@type":"ListItem","position":1,"name":"Home","item":"https:\/\/espak.ee\/epood\/"},{"@type":"ListItem","position":2,"name":"Tootevalik","item":"https:\/\/espak.ee\/epood\/tootevalik\/"},{"@type":"ListItem","position":3,"name":"EHITUSLIIM MOMENT FIX PVC&#038;ALUMINIUM 440G"}]},{"@type":"WebSite","@id":"https:\/\/espak.ee\/epood\/#website","url":"https:\/\/espak.ee\/epood\/","name":"Espak E-pood","description":"","potentialAction":[{"@type":"SearchAction","target":{"@type":"EntryPoint","urlTemplate":"https:\/\/espak.ee\/epood\/?s={search_term_string}"},"query-input":{"@type":"PropertyValueSpecification","valueRequired":true,"valueName":"search_term_string"}}],"inLanguage":"et"}]}},"_links":{"self":[{"href":"https:\/\/espak.ee\/epood\/wp-json\/wp\/v2\/product\/141890","targetHints":{"allow":["GET"]}}],"collection":[{"href":"https:\/\/espak.ee\/epood\/wp-json\/wp\/v2\/product"}],"about":[{"href":"https:\/\/espak.ee\/epood\/wp-json\/wp\/v2\/types\/product"}],"replies":[{"embeddable":true,"href":"https:\/\/espak.ee\/epood\/wp-json\/wp\/v2\/comments?post=141890"}],"wp:featuredmedia":[{"embeddable":true,"href":"https:\/\/espak.ee\/epood\/wp-json\/wp\/v2\/media\/141935"}],"wp:attachment":[{"href":"https:\/\/espak.ee\/epood\/wp-json\/wp\/v2\/media?parent=141890"}],"wp:term":[{"taxonomy":"product_brand","embeddable":true,"href":"https:\/\/espak.ee\/epood\/wp-json\/wp\/v2\/product_brand?post=141890"},{"taxonomy":"product_cat","embeddable":true,"href":"https:\/\/espak.ee\/epood\/wp-json\/wp\/v2\/product_cat?post=141890"},{"taxonomy":"product_tag","embeddable":true,"href":"https:\/\/espak.ee\/epood\/wp-json\/wp\/v2\/product_tag?post=141890"}],"curies":[{"name":"wp","href":"https:\/\/api.w.org\/{rel}","templated":true}]}}