{"id":141665,"date":"2022-11-29T01:15:22","date_gmt":"2022-11-29T01:15:22","guid":{"rendered":"https:\/\/espak.ee\/epood\/?post_type=product&#038;p=141665"},"modified":"2026-03-21T09:34:57","modified_gmt":"2026-03-21T07:34:57","slug":"bioloogiline-puhastaja-zep-odorstroyer-plus-1l","status":"publish","type":"product","link":"https:\/\/espak.ee\/epood\/toode\/bioloogiline-puhastaja-zep-odorstroyer-plus-1l\/","title":{"rendered":"BIOLOOGILINE PUHASTAJA ZEP ODORSTROYER PLUS 1L"},"content":{"rendered":"<div class=\"row\"  id=\"row-1086097203\">\n\n\t<div id=\"col-1528319569\" class=\"col medium-9 small-12 large-9\"  >\n\t\t\t\t<div class=\"col-inner\"  >\n\t\t\t\n\t\t\t\n<h3>Bioloogiline puhastaja ja l\u00f5hnastaja ZEP ODORSTROYER PLUS 1l<\/h3>\n<p>Kasutusvalmis bioloogiline aine, mis puhastab pinnad, eemaldab plekid ja l\u00f5hnad.<br \/>\nToode on ideaalne kasutamiseks b\u00fcroodes, elumajades, vaiba- ja m\u00f6\u00f6blipuhastuses, tervishoiu- ja hooldusasutustes, autorendis v\u00f5i autopesulates, ning tualettides jne.<br \/>\n<div class=\"is-divider divider clearfix\" ><\/div>\nVaipadelt l\u00f5hna eemaldamine:<br \/>\n\u2022 piserdada puhastatav koht vahendiga m\u00e4rjaks, lasta kuivada.<br \/>\n\u2022 Vajadusel korrata protseduuri.<br \/>\n\u2022 Kontrollida v\u00e4rvide vastupidavust enne kasutamist.<br \/>\n\t<div id=\"gap-194011016\" class=\"gap-element clearfix\" style=\"display:block; height:auto;\">\n\t\t\n<style>\n#gap-194011016 {\n  padding-top: 30px;\n}\n<\/style>\n\t<\/div>\n\t\nTualettide l\u00f5hnakontroll:<br \/>\n\u2022 Tualettide pindu puhastada tavalisel viisil v\u00f5i Odorstroyer Plus\u2019ga, et eemaldada n\u00e4htav mustus.<br \/>\n\u2022 Seej\u00e4rel piserdada vahendit nendele pindadele, mis ei ole inimestega otseses kontaktis (seinad, p\u00f5randad) ja lasta kuivada.<br \/>\n\t<div id=\"gap-556760065\" class=\"gap-element clearfix\" style=\"display:block; height:auto;\">\n\t\t\n<style>\n#gap-556760065 {\n  padding-top: 30px;\n}\n<\/style>\n\t<\/div>\n\t\nPlekkide eemaldus:<br \/>\n\u2022 Uriini, v\u00e4ljaheidete ja okse plekid \u2013 eemalda pinnalt nii palju tahket mustust kui v\u00f5imalik.<br \/>\n\u2022 Piserdada vahendit puhastatavale pinnale ja lasta kuivada.<br \/>\n\u2022 Vaibad \u2013 teha m\u00e4\u00e4rdunud pind vahendiga l\u00e4bim\u00e4rjaks ja lasta ainel 15 min. m\u00f5juda enne pesu.<br \/>\n\u2022 Pesu \u2013 piserdada m\u00e4\u00e4rdunud pind vahendiga m\u00e4rjaks, lasta 15 \u2013 30 minutit m\u00f5juda, seej\u00e4rel pesta tavalisel moel.<br \/>\n\u2022 Kangast, mis on verest, uriinist v\u00f5i v\u00e4ljaheidetest m\u00e4\u00e4rdunud, leotada lahusega 1:120 v\u00e4hemalt 30 minutit.<\/p>\n<p>Kulu: 1L \u2248 20m\u00b2\n<\/p>\n\t\t<\/div>\n\t\t\t\t\t<\/div>\n\n\t\n\n\t<div id=\"col-220397251\" class=\"col medium-3 small-12 large-3\"  >\n\t\t\t\t<div class=\"col-inner\"  >\n\t\t\t\n\t\t\t\n<div class=\"is-divider divider clearfix\" ><\/div>\n<p><strong>\u00dcksikasjalikuma n\u00f5u saamiseks v\u00f5tke \u00fchendust:<br \/><\/strong>ZEP EESTI O\u00dc<br \/>Liivalaia 20a<br \/>10118<br \/>Tallinn<br \/>+372 52 14 994<\/p>\n\t\t<\/div>\n\t\t\t\t\t<\/div>\n\n\t\n<\/div>\n","protected":false},"excerpt":{"rendered":"","protected":false},"featured_media":141858,"comment_status":"closed","ping_status":"closed","template":"","meta":[],"product_brand":[],"product_cat":[2691,3441,2684,2683],"product_tag":[],"class_list":{"0":"post-141665","1":"product","2":"type-product","3":"status-publish","4":"has-post-thumbnail","6":"product_cat-lahustid","7":"product_cat-lahustid-ja-pesuained","8":"product_cat-varvid-lakid-lahustid-puidukaitsed-olid","9":"product_cat-viimistluskaubad","10":"product_shipping_class-dpd-cold","11":"pa_kaubamark-zep-eesti-ou","13":"first","14":"instock","15":"sale","16":"taxable","17":"shipping-taxable","18":"purchasable","19":"product-type-simple"},"yoast_head":"<!-- This site is optimized with the Yoast SEO plugin v26.9 - https:\/\/yoast.com\/product\/yoast-seo-wordpress\/ -->\n<title>BIOLOOGILINE PUHASTAJA ZEP ODORSTROYER PLUS 1L - Espak E-pood<\/title>\n<meta name=\"robots\" content=\"index, follow, max-snippet:-1, max-image-preview:large, max-video-preview:-1\" \/>\n<link rel=\"canonical\" href=\"https:\/\/espak.ee\/epood\/toode\/bioloogiline-puhastaja-zep-odorstroyer-plus-1l\/\" \/>\n<meta property=\"og:locale\" content=\"et_EE\" \/>\n<meta property=\"og:type\" content=\"article\" \/>\n<meta property=\"og:title\" content=\"BIOLOOGILINE PUHASTAJA ZEP ODORSTROYER PLUS 1L - Espak E-pood\" \/>\n<meta property=\"og:url\" content=\"https:\/\/espak.ee\/epood\/toode\/bioloogiline-puhastaja-zep-odorstroyer-plus-1l\/\" \/>\n<meta property=\"og:site_name\" content=\"Espak E-pood\" \/>\n<meta property=\"article:modified_time\" content=\"2026-03-21T07:34:57+00:00\" \/>\n<meta property=\"og:image\" content=\"https:\/\/espak.ee\/epood\/wp-content\/uploads\/2022\/11\/odors.jpg\" \/>\n\t<meta property=\"og:image:width\" content=\"800\" \/>\n\t<meta property=\"og:image:height\" content=\"800\" \/>\n\t<meta property=\"og:image:type\" content=\"image\/jpeg\" \/>\n<meta name=\"twitter:card\" content=\"summary_large_image\" \/>\n<meta name=\"twitter:label1\" content=\"Est. reading time\" \/>\n\t<meta name=\"twitter:data1\" content=\"1 minut\" \/>\n<script type=\"application\/ld+json\" class=\"yoast-schema-graph\">{\"@context\":\"https:\/\/schema.org\",\"@graph\":[{\"@type\":\"WebPage\",\"@id\":\"https:\/\/espak.ee\/epood\/toode\/bioloogiline-puhastaja-zep-odorstroyer-plus-1l\/\",\"url\":\"https:\/\/espak.ee\/epood\/toode\/bioloogiline-puhastaja-zep-odorstroyer-plus-1l\/\",\"name\":\"BIOLOOGILINE PUHASTAJA ZEP ODORSTROYER PLUS 1L - Espak E-pood\",\"isPartOf\":{\"@id\":\"https:\/\/espak.ee\/epood\/#website\"},\"primaryImageOfPage\":{\"@id\":\"https:\/\/espak.ee\/epood\/toode\/bioloogiline-puhastaja-zep-odorstroyer-plus-1l\/#primaryimage\"},\"image\":{\"@id\":\"https:\/\/espak.ee\/epood\/toode\/bioloogiline-puhastaja-zep-odorstroyer-plus-1l\/#primaryimage\"},\"thumbnailUrl\":\"https:\/\/espak.ee\/epood\/wp-content\/uploads\/2022\/11\/odors.jpg\",\"datePublished\":\"2022-11-29T01:15:22+00:00\",\"dateModified\":\"2026-03-21T07:34:57+00:00\",\"breadcrumb\":{\"@id\":\"https:\/\/espak.ee\/epood\/toode\/bioloogiline-puhastaja-zep-odorstroyer-plus-1l\/#breadcrumb\"},\"inLanguage\":\"et\",\"potentialAction\":[{\"@type\":\"ReadAction\",\"target\":[\"https:\/\/espak.ee\/epood\/toode\/bioloogiline-puhastaja-zep-odorstroyer-plus-1l\/\"]}]},{\"@type\":\"ImageObject\",\"inLanguage\":\"et\",\"@id\":\"https:\/\/espak.ee\/epood\/toode\/bioloogiline-puhastaja-zep-odorstroyer-plus-1l\/#primaryimage\",\"url\":\"https:\/\/espak.ee\/epood\/wp-content\/uploads\/2022\/11\/odors.jpg\",\"contentUrl\":\"https:\/\/espak.ee\/epood\/wp-content\/uploads\/2022\/11\/odors.jpg\",\"width\":800,\"height\":800},{\"@type\":\"BreadcrumbList\",\"@id\":\"https:\/\/espak.ee\/epood\/toode\/bioloogiline-puhastaja-zep-odorstroyer-plus-1l\/#breadcrumb\",\"itemListElement\":[{\"@type\":\"ListItem\",\"position\":1,\"name\":\"Home\",\"item\":\"https:\/\/espak.ee\/epood\/\"},{\"@type\":\"ListItem\",\"position\":2,\"name\":\"Tootevalik\",\"item\":\"https:\/\/espak.ee\/epood\/tootevalik\/\"},{\"@type\":\"ListItem\",\"position\":3,\"name\":\"BIOLOOGILINE PUHASTAJA ZEP ODORSTROYER PLUS 1L\"}]},{\"@type\":\"WebSite\",\"@id\":\"https:\/\/espak.ee\/epood\/#website\",\"url\":\"https:\/\/espak.ee\/epood\/\",\"name\":\"Espak E-pood\",\"description\":\"\",\"potentialAction\":[{\"@type\":\"SearchAction\",\"target\":{\"@type\":\"EntryPoint\",\"urlTemplate\":\"https:\/\/espak.ee\/epood\/?s={search_term_string}\"},\"query-input\":{\"@type\":\"PropertyValueSpecification\",\"valueRequired\":true,\"valueName\":\"search_term_string\"}}],\"inLanguage\":\"et\"}]}<\/script>\n<!-- \/ Yoast SEO plugin. -->","yoast_head_json":{"title":"BIOLOOGILINE PUHASTAJA ZEP ODORSTROYER PLUS 1L - Espak E-pood","robots":{"index":"index","follow":"follow","max-snippet":"max-snippet:-1","max-image-preview":"max-image-preview:large","max-video-preview":"max-video-preview:-1"},"canonical":"https:\/\/espak.ee\/epood\/toode\/bioloogiline-puhastaja-zep-odorstroyer-plus-1l\/","og_locale":"et_EE","og_type":"article","og_title":"BIOLOOGILINE PUHASTAJA ZEP ODORSTROYER PLUS 1L - Espak E-pood","og_url":"https:\/\/espak.ee\/epood\/toode\/bioloogiline-puhastaja-zep-odorstroyer-plus-1l\/","og_site_name":"Espak E-pood","article_modified_time":"2026-03-21T07:34:57+00:00","og_image":[{"width":800,"height":800,"url":"https:\/\/espak.ee\/epood\/wp-content\/uploads\/2022\/11\/odors.jpg","type":"image\/jpeg"}],"twitter_card":"summary_large_image","twitter_misc":{"Est. reading time":"1 minut"},"schema":{"@context":"https:\/\/schema.org","@graph":[{"@type":"WebPage","@id":"https:\/\/espak.ee\/epood\/toode\/bioloogiline-puhastaja-zep-odorstroyer-plus-1l\/","url":"https:\/\/espak.ee\/epood\/toode\/bioloogiline-puhastaja-zep-odorstroyer-plus-1l\/","name":"BIOLOOGILINE PUHASTAJA ZEP ODORSTROYER PLUS 1L - Espak E-pood","isPartOf":{"@id":"https:\/\/espak.ee\/epood\/#website"},"primaryImageOfPage":{"@id":"https:\/\/espak.ee\/epood\/toode\/bioloogiline-puhastaja-zep-odorstroyer-plus-1l\/#primaryimage"},"image":{"@id":"https:\/\/espak.ee\/epood\/toode\/bioloogiline-puhastaja-zep-odorstroyer-plus-1l\/#primaryimage"},"thumbnailUrl":"https:\/\/espak.ee\/epood\/wp-content\/uploads\/2022\/11\/odors.jpg","datePublished":"2022-11-29T01:15:22+00:00","dateModified":"2026-03-21T07:34:57+00:00","breadcrumb":{"@id":"https:\/\/espak.ee\/epood\/toode\/bioloogiline-puhastaja-zep-odorstroyer-plus-1l\/#breadcrumb"},"inLanguage":"et","potentialAction":[{"@type":"ReadAction","target":["https:\/\/espak.ee\/epood\/toode\/bioloogiline-puhastaja-zep-odorstroyer-plus-1l\/"]}]},{"@type":"ImageObject","inLanguage":"et","@id":"https:\/\/espak.ee\/epood\/toode\/bioloogiline-puhastaja-zep-odorstroyer-plus-1l\/#primaryimage","url":"https:\/\/espak.ee\/epood\/wp-content\/uploads\/2022\/11\/odors.jpg","contentUrl":"https:\/\/espak.ee\/epood\/wp-content\/uploads\/2022\/11\/odors.jpg","width":800,"height":800},{"@type":"BreadcrumbList","@id":"https:\/\/espak.ee\/epood\/toode\/bioloogiline-puhastaja-zep-odorstroyer-plus-1l\/#breadcrumb","itemListElement":[{"@type":"ListItem","position":1,"name":"Home","item":"https:\/\/espak.ee\/epood\/"},{"@type":"ListItem","position":2,"name":"Tootevalik","item":"https:\/\/espak.ee\/epood\/tootevalik\/"},{"@type":"ListItem","position":3,"name":"BIOLOOGILINE PUHASTAJA ZEP ODORSTROYER PLUS 1L"}]},{"@type":"WebSite","@id":"https:\/\/espak.ee\/epood\/#website","url":"https:\/\/espak.ee\/epood\/","name":"Espak E-pood","description":"","potentialAction":[{"@type":"SearchAction","target":{"@type":"EntryPoint","urlTemplate":"https:\/\/espak.ee\/epood\/?s={search_term_string}"},"query-input":{"@type":"PropertyValueSpecification","valueRequired":true,"valueName":"search_term_string"}}],"inLanguage":"et"}]}},"_links":{"self":[{"href":"https:\/\/espak.ee\/epood\/wp-json\/wp\/v2\/product\/141665","targetHints":{"allow":["GET"]}}],"collection":[{"href":"https:\/\/espak.ee\/epood\/wp-json\/wp\/v2\/product"}],"about":[{"href":"https:\/\/espak.ee\/epood\/wp-json\/wp\/v2\/types\/product"}],"replies":[{"embeddable":true,"href":"https:\/\/espak.ee\/epood\/wp-json\/wp\/v2\/comments?post=141665"}],"wp:featuredmedia":[{"embeddable":true,"href":"https:\/\/espak.ee\/epood\/wp-json\/wp\/v2\/media\/141858"}],"wp:attachment":[{"href":"https:\/\/espak.ee\/epood\/wp-json\/wp\/v2\/media?parent=141665"}],"wp:term":[{"taxonomy":"product_brand","embeddable":true,"href":"https:\/\/espak.ee\/epood\/wp-json\/wp\/v2\/product_brand?post=141665"},{"taxonomy":"product_cat","embeddable":true,"href":"https:\/\/espak.ee\/epood\/wp-json\/wp\/v2\/product_cat?post=141665"},{"taxonomy":"product_tag","embeddable":true,"href":"https:\/\/espak.ee\/epood\/wp-json\/wp\/v2\/product_tag?post=141665"}],"curies":[{"name":"wp","href":"https:\/\/api.w.org\/{rel}","templated":true}]}}