{"id":141402,"date":"2022-11-24T08:28:31","date_gmt":"2022-11-24T08:28:31","guid":{"rendered":"https:\/\/espak.ee\/epood\/?post_type=product&#038;p=141402"},"modified":"2025-12-04T14:38:21","modified_gmt":"2025-12-04T12:38:21","slug":"veekindel-happeline-silikoon-penosil-aquarium-310-300ml","status":"publish","type":"product","link":"https:\/\/espak.ee\/epood\/toode\/veekindel-happeline-silikoon-penosil-aquarium-310-300ml\/","title":{"rendered":"VEEKINDEL HAPPELINE SILIKOON PENOSIL AQUARIUM 310 300ML"},"content":{"rendered":"<div class=\"row\"  id=\"row-287508753\">\n\n\t<div id=\"col-1084420476\" class=\"col medium-9 small-12 large-9\"  >\n\t\t\t\t<div class=\"col-inner\"  >\n\t\t\t\n\t\t\t\n<h3>Veekindel happeline silikoon Penosil Aguarium silicone 310 300ml<\/h3>\n<p>PENOSIL Aquarium Silicone 310 on veekindel happeline silikoon akvaariumide ja muude klaaskonstruktsioonide tihendamiseks. Ohutu vee-elustikule ja on spetsiaalselt loodud mage- ja soolase veega kokkupuutuvate \u00fchenduste veekindlaks muutmiseks.    <\/p>\n<div class=\"message-box relative\" style=\"padding-top:15px;padding-bottom:15px;\"><div class=\"message-box-bg-image bg-fill fill\" ><\/div><div class=\"message-box-bg-overlay bg-fill fill\" ><\/div><div class=\"container relative\"><div class=\"inner last-reset\">\n<div class=\"row align-middle align-center\"  id=\"row-532037213\">\n\n\t<div id=\"col-1900559149\" class=\"col small-12 large-12\"  >\n\t\t\t\t<div class=\"col-inner text-left\"  >\n\t\t\t\n\t\t\t\n<h4>Omadused<\/h4>\n<div class=\"row\"  id=\"row-1984162375\">\n\n\t<div id=\"col-2182971\" class=\"col medium-6 small-12 large-6\"  >\n\t\t\t\t<div class=\"col-inner\"  >\n\t\t\t\n\t\t\t\n<p><i class=\"fa fa-check fa-2x\"><\/i> <strong> Toimib h\u00e4sti mageda ja soolase veega<\/strong><\/p>\n<p><i class=\"fa fa-check fa-2x\"><\/i> <strong> Kiire tardumine<\/strong><\/p>\n<p><i class=\"fa fa-check fa-2x\"><\/i> <strong> Ohutu vee-elustikule<\/strong><\/p>\n<p><i class=\"fa fa-check fa-2x\"><\/i> <strong> Ei voola, ei valgu vuugis laiali<\/strong><\/p>\n\t\t<\/div>\n\t\t\t\t\n<style>\n#col-2182971 > .col-inner {\n  margin: 0px 0px 15px 0px;\n}\n<\/style>\n\t<\/div>\n\n\t\n\n\t<div id=\"col-2104153920\" class=\"col medium-6 small-12 large-6\"  >\n\t\t\t\t<div class=\"col-inner\"  >\n\t\t\t\n\t\t\t\n<p><i class=\"fa fa-check fa-2x\"><\/i> <strong> UV-kindel<\/strong><\/p>\n<p><i class=\"fa fa-check fa-2x\"><\/i> <strong> Lihtne kasutada<\/strong><\/p>\n<p><i class=\"fa fa-check fa-2x\"><\/i> <strong> P\u00fcsivalt elastne<\/strong><\/p>\n\t\t<\/div>\n\t\t\t\t\n<style>\n#col-2104153920 > .col-inner {\n  margin: 0px 0px 15px 0px;\n}\n<\/style>\n\t<\/div>\n\n\t\n<\/div>\n\t\t<\/div>\n\t\t\t\t\t<\/div>\n\n\t\n<\/div>\n<\/div><\/div><\/div>\n\t<div id=\"gap-319698482\" class=\"gap-element clearfix\" style=\"display:block; height:auto;\">\n\t\t\n<style>\n#gap-319698482 {\n  padding-top: 30px;\n}\n<\/style>\n\t<\/div>\n\t\n<h3>Kasutamise \u00fcksikasjad<\/h3>\n<p><strong>Kasutusalad:<\/strong><br \/>\n Akvaariumide ehituseks.<br \/>\nBasseinide ja veeparkide isoleerimiseks ja tihendamiseks.<br \/>\nTerraariumide ja muude klaaskonstruktsioonide isoleerimiseks ja tihendamiseks.<br \/>\nMehaanilise pinge all vuukide tihendamiseks.<br \/>\nNakkuvus: Klaas, keraamika, email, glasuuritud plaadid ja klinkerplaadid, t\u00f6\u00f6deldud, lakitud v\u00f5i v\u00e4rvitud puit, plast (epoksiidid, pol\u00fcestrid, pol\u00fcakr\u00fclaadid, laminaadid).<\/p>\n<p><strong>Kasutusjuhend:<\/strong><br \/>\nL\u00f5igake \u00e4ra plastpadruni keermestatud ots ja keerake k\u00fclge paigaldusotsik silikooni suunamiseks. L\u00f5igake keermestatud ots nii, et tekib pealekandmise jaoks sobiv ava. Pange padrun koos aplikaatoriga p\u00fcstolisse ja t\u00e4itke paigaldusotsik silikooniga, vajutades korduvalt p\u00fcstoli p\u00e4\u00e4stikut. Kandke silikoon vuuki, surudes korduvalt ja \u00fchtlaselt p\u00fcstoli p\u00e4\u00e4stikut ja t\u00f5mmates otsikut pidevalt piki vuuki.<\/p>\n<p>P\u00e4rast silikooni pealekandmist siluge seda kummist silikoonkaabitsaga. Eemaldage \u00fcleliigne silikoon.<\/p>\n<p><strong>N\u00e4pun\u00e4ited:<\/strong><br \/>\n Pinnad peavad olema puhtad rasvast, \u00f5list, tolmust ja lahtistest osakestest.<br \/>\nKaetav pind peab olema kuiv.<br \/>\nMittepoorseid pindu tuleb puhastada lahustiga ja puhta, ebemevaba puuvillase lapiga.<br \/>\nLahustij\u00e4\u00e4gid tuleb enne aurustumist eemaldada puhta lapiga.<br \/>\nTagage k\u00f5igis vuugitud kohtades piisav ventilatsioon.<br \/>\nTardumise ajal v\u00e4ltige mustuse sattumist pinnale ja veenduge, et vuugi pealispinda ei m\u00f5juta mehaaniline koormus.<br \/>\n\u00c4rge kasutage temperatuuril alla +5\u00b0C.<\/p>\n<p><strong>Kitsendused:<\/strong><br \/>\nEi sobi kasutamiseks rakendustes, mis n\u00f5uavad kokkupuudet looduskivide (nt marmori ja graniidi), kiudtsemendi ja m\u00f6rdiga, sest tardumise k\u00e4igus eraldub \u00e4\u00e4dikhape.<br \/>\nKorrosiooniohu t\u00f5ttu \u00e4rge kasutage koos selliste metallidega nagu plii, vask, messing ja tsink.<br \/>\nSelliste plastide nagu EPDM-i ja neopreeni korral v\u00f5ib kaotada v\u00e4rvi.<br \/>\nEi tohi v\u00e4rvida.<\/p>\n\t\t<\/div>\n\t\t\t\t\t<\/div>\n\n\t\n\n\t<div id=\"col-1074722198\" class=\"col medium-3 small-12 large-3\"  >\n\t\t\t\t<div class=\"col-inner\"  >\n\t\t\t\n\t\t\t\n<h3>Tehniline informatsioon<\/h3>\n<p><a href=\"https:\/\/espak.ee\/epood\/wp-content\/uploads\/2022\/11\/310_PENOSIL_Aquarium_Silicone_310_TDS_est.pdf\"target=\"_blank\" rel=\"noopener noreferrer\"><i class=\"far fa-file-pdf\"><\/i> Tehniline info (PDF)<\/a><\/p>\n<div class=\"is-divider divider clearfix\" ><\/div>\n<p><strong>\u00dcksikasjalikuma n\u00f5u saamiseks v\u00f5tke \u00fchendust:<br \/><\/strong>Wolf Group O\u00dc<br \/>Suur-Paala 6<br \/>13619<br \/>Tallinn<br \/>+372 605 9301<\/p>\n\t\t<\/div>\n\t\t\t\t\t<\/div>\n\n\t\n<\/div>\n","protected":false},"excerpt":{"rendered":"","protected":false},"featured_media":141469,"comment_status":"closed","ping_status":"closed","template":"","meta":[],"product_brand":[],"product_cat":[2703,2708,2714,2683],"product_tag":[],"class_list":{"0":"post-141402","1":"product","2":"type-product","3":"status-publish","4":"has-post-thumbnail","6":"product_cat-ehituskeemia","7":"product_cat-hermeetikud","8":"product_cat-silikoonid","9":"product_cat-viimistluskaubad","10":"pa_kaubamark-krimelte-ou","12":"first","13":"instock","14":"sale","15":"taxable","16":"shipping-taxable","17":"purchasable","18":"product-type-simple"},"yoast_head":"<!-- This site is optimized with the Yoast SEO plugin v26.9 - https:\/\/yoast.com\/product\/yoast-seo-wordpress\/ -->\n<title>VEEKINDEL HAPPELINE SILIKOON PENOSIL AQUARIUM 310 300ML - Espak E-pood<\/title>\n<meta name=\"robots\" content=\"index, follow, max-snippet:-1, max-image-preview:large, max-video-preview:-1\" \/>\n<link rel=\"canonical\" href=\"https:\/\/espak.ee\/epood\/toode\/veekindel-happeline-silikoon-penosil-aquarium-310-300ml\/\" \/>\n<meta property=\"og:locale\" content=\"et_EE\" \/>\n<meta property=\"og:type\" content=\"article\" \/>\n<meta property=\"og:title\" content=\"VEEKINDEL HAPPELINE SILIKOON PENOSIL AQUARIUM 310 300ML - Espak E-pood\" \/>\n<meta property=\"og:url\" content=\"https:\/\/espak.ee\/epood\/toode\/veekindel-happeline-silikoon-penosil-aquarium-310-300ml\/\" \/>\n<meta property=\"og:site_name\" content=\"Espak E-pood\" \/>\n<meta property=\"article:modified_time\" content=\"2025-12-04T12:38:21+00:00\" \/>\n<meta property=\"og:image\" content=\"https:\/\/espak.ee\/epood\/wp-content\/uploads\/2022\/11\/310_Aquarium_Silicone_310_EE_FI.png.jpg\" \/>\n\t<meta property=\"og:image:width\" content=\"800\" \/>\n\t<meta property=\"og:image:height\" content=\"800\" \/>\n\t<meta property=\"og:image:type\" content=\"image\/jpeg\" \/>\n<meta name=\"twitter:card\" content=\"summary_large_image\" \/>\n<meta name=\"twitter:label1\" content=\"Est. reading time\" \/>\n\t<meta name=\"twitter:data1\" content=\"2 minutit\" \/>\n<script type=\"application\/ld+json\" class=\"yoast-schema-graph\">{\"@context\":\"https:\/\/schema.org\",\"@graph\":[{\"@type\":\"WebPage\",\"@id\":\"https:\/\/espak.ee\/epood\/toode\/veekindel-happeline-silikoon-penosil-aquarium-310-300ml\/\",\"url\":\"https:\/\/espak.ee\/epood\/toode\/veekindel-happeline-silikoon-penosil-aquarium-310-300ml\/\",\"name\":\"VEEKINDEL HAPPELINE SILIKOON PENOSIL AQUARIUM 310 300ML - Espak E-pood\",\"isPartOf\":{\"@id\":\"https:\/\/espak.ee\/epood\/#website\"},\"primaryImageOfPage\":{\"@id\":\"https:\/\/espak.ee\/epood\/toode\/veekindel-happeline-silikoon-penosil-aquarium-310-300ml\/#primaryimage\"},\"image\":{\"@id\":\"https:\/\/espak.ee\/epood\/toode\/veekindel-happeline-silikoon-penosil-aquarium-310-300ml\/#primaryimage\"},\"thumbnailUrl\":\"https:\/\/espak.ee\/epood\/wp-content\/uploads\/2022\/11\/310_Aquarium_Silicone_310_EE_FI.png.jpg\",\"datePublished\":\"2022-11-24T08:28:31+00:00\",\"dateModified\":\"2025-12-04T12:38:21+00:00\",\"breadcrumb\":{\"@id\":\"https:\/\/espak.ee\/epood\/toode\/veekindel-happeline-silikoon-penosil-aquarium-310-300ml\/#breadcrumb\"},\"inLanguage\":\"et\",\"potentialAction\":[{\"@type\":\"ReadAction\",\"target\":[\"https:\/\/espak.ee\/epood\/toode\/veekindel-happeline-silikoon-penosil-aquarium-310-300ml\/\"]}]},{\"@type\":\"ImageObject\",\"inLanguage\":\"et\",\"@id\":\"https:\/\/espak.ee\/epood\/toode\/veekindel-happeline-silikoon-penosil-aquarium-310-300ml\/#primaryimage\",\"url\":\"https:\/\/espak.ee\/epood\/wp-content\/uploads\/2022\/11\/310_Aquarium_Silicone_310_EE_FI.png.jpg\",\"contentUrl\":\"https:\/\/espak.ee\/epood\/wp-content\/uploads\/2022\/11\/310_Aquarium_Silicone_310_EE_FI.png.jpg\",\"width\":800,\"height\":800},{\"@type\":\"BreadcrumbList\",\"@id\":\"https:\/\/espak.ee\/epood\/toode\/veekindel-happeline-silikoon-penosil-aquarium-310-300ml\/#breadcrumb\",\"itemListElement\":[{\"@type\":\"ListItem\",\"position\":1,\"name\":\"Home\",\"item\":\"https:\/\/espak.ee\/epood\/\"},{\"@type\":\"ListItem\",\"position\":2,\"name\":\"Tootevalik\",\"item\":\"https:\/\/espak.ee\/epood\/tootevalik\/\"},{\"@type\":\"ListItem\",\"position\":3,\"name\":\"VEEKINDEL HAPPELINE SILIKOON PENOSIL AQUARIUM 310 300ML\"}]},{\"@type\":\"WebSite\",\"@id\":\"https:\/\/espak.ee\/epood\/#website\",\"url\":\"https:\/\/espak.ee\/epood\/\",\"name\":\"Espak E-pood\",\"description\":\"\",\"potentialAction\":[{\"@type\":\"SearchAction\",\"target\":{\"@type\":\"EntryPoint\",\"urlTemplate\":\"https:\/\/espak.ee\/epood\/?s={search_term_string}\"},\"query-input\":{\"@type\":\"PropertyValueSpecification\",\"valueRequired\":true,\"valueName\":\"search_term_string\"}}],\"inLanguage\":\"et\"}]}<\/script>\n<!-- \/ Yoast SEO plugin. -->","yoast_head_json":{"title":"VEEKINDEL HAPPELINE SILIKOON PENOSIL AQUARIUM 310 300ML - Espak E-pood","robots":{"index":"index","follow":"follow","max-snippet":"max-snippet:-1","max-image-preview":"max-image-preview:large","max-video-preview":"max-video-preview:-1"},"canonical":"https:\/\/espak.ee\/epood\/toode\/veekindel-happeline-silikoon-penosil-aquarium-310-300ml\/","og_locale":"et_EE","og_type":"article","og_title":"VEEKINDEL HAPPELINE SILIKOON PENOSIL AQUARIUM 310 300ML - Espak E-pood","og_url":"https:\/\/espak.ee\/epood\/toode\/veekindel-happeline-silikoon-penosil-aquarium-310-300ml\/","og_site_name":"Espak E-pood","article_modified_time":"2025-12-04T12:38:21+00:00","og_image":[{"width":800,"height":800,"url":"https:\/\/espak.ee\/epood\/wp-content\/uploads\/2022\/11\/310_Aquarium_Silicone_310_EE_FI.png.jpg","type":"image\/jpeg"}],"twitter_card":"summary_large_image","twitter_misc":{"Est. reading time":"2 minutit"},"schema":{"@context":"https:\/\/schema.org","@graph":[{"@type":"WebPage","@id":"https:\/\/espak.ee\/epood\/toode\/veekindel-happeline-silikoon-penosil-aquarium-310-300ml\/","url":"https:\/\/espak.ee\/epood\/toode\/veekindel-happeline-silikoon-penosil-aquarium-310-300ml\/","name":"VEEKINDEL HAPPELINE SILIKOON PENOSIL AQUARIUM 310 300ML - Espak E-pood","isPartOf":{"@id":"https:\/\/espak.ee\/epood\/#website"},"primaryImageOfPage":{"@id":"https:\/\/espak.ee\/epood\/toode\/veekindel-happeline-silikoon-penosil-aquarium-310-300ml\/#primaryimage"},"image":{"@id":"https:\/\/espak.ee\/epood\/toode\/veekindel-happeline-silikoon-penosil-aquarium-310-300ml\/#primaryimage"},"thumbnailUrl":"https:\/\/espak.ee\/epood\/wp-content\/uploads\/2022\/11\/310_Aquarium_Silicone_310_EE_FI.png.jpg","datePublished":"2022-11-24T08:28:31+00:00","dateModified":"2025-12-04T12:38:21+00:00","breadcrumb":{"@id":"https:\/\/espak.ee\/epood\/toode\/veekindel-happeline-silikoon-penosil-aquarium-310-300ml\/#breadcrumb"},"inLanguage":"et","potentialAction":[{"@type":"ReadAction","target":["https:\/\/espak.ee\/epood\/toode\/veekindel-happeline-silikoon-penosil-aquarium-310-300ml\/"]}]},{"@type":"ImageObject","inLanguage":"et","@id":"https:\/\/espak.ee\/epood\/toode\/veekindel-happeline-silikoon-penosil-aquarium-310-300ml\/#primaryimage","url":"https:\/\/espak.ee\/epood\/wp-content\/uploads\/2022\/11\/310_Aquarium_Silicone_310_EE_FI.png.jpg","contentUrl":"https:\/\/espak.ee\/epood\/wp-content\/uploads\/2022\/11\/310_Aquarium_Silicone_310_EE_FI.png.jpg","width":800,"height":800},{"@type":"BreadcrumbList","@id":"https:\/\/espak.ee\/epood\/toode\/veekindel-happeline-silikoon-penosil-aquarium-310-300ml\/#breadcrumb","itemListElement":[{"@type":"ListItem","position":1,"name":"Home","item":"https:\/\/espak.ee\/epood\/"},{"@type":"ListItem","position":2,"name":"Tootevalik","item":"https:\/\/espak.ee\/epood\/tootevalik\/"},{"@type":"ListItem","position":3,"name":"VEEKINDEL HAPPELINE SILIKOON PENOSIL AQUARIUM 310 300ML"}]},{"@type":"WebSite","@id":"https:\/\/espak.ee\/epood\/#website","url":"https:\/\/espak.ee\/epood\/","name":"Espak E-pood","description":"","potentialAction":[{"@type":"SearchAction","target":{"@type":"EntryPoint","urlTemplate":"https:\/\/espak.ee\/epood\/?s={search_term_string}"},"query-input":{"@type":"PropertyValueSpecification","valueRequired":true,"valueName":"search_term_string"}}],"inLanguage":"et"}]}},"_links":{"self":[{"href":"https:\/\/espak.ee\/epood\/wp-json\/wp\/v2\/product\/141402","targetHints":{"allow":["GET"]}}],"collection":[{"href":"https:\/\/espak.ee\/epood\/wp-json\/wp\/v2\/product"}],"about":[{"href":"https:\/\/espak.ee\/epood\/wp-json\/wp\/v2\/types\/product"}],"replies":[{"embeddable":true,"href":"https:\/\/espak.ee\/epood\/wp-json\/wp\/v2\/comments?post=141402"}],"wp:featuredmedia":[{"embeddable":true,"href":"https:\/\/espak.ee\/epood\/wp-json\/wp\/v2\/media\/141469"}],"wp:attachment":[{"href":"https:\/\/espak.ee\/epood\/wp-json\/wp\/v2\/media?parent=141402"}],"wp:term":[{"taxonomy":"product_brand","embeddable":true,"href":"https:\/\/espak.ee\/epood\/wp-json\/wp\/v2\/product_brand?post=141402"},{"taxonomy":"product_cat","embeddable":true,"href":"https:\/\/espak.ee\/epood\/wp-json\/wp\/v2\/product_cat?post=141402"},{"taxonomy":"product_tag","embeddable":true,"href":"https:\/\/espak.ee\/epood\/wp-json\/wp\/v2\/product_tag?post=141402"}],"curies":[{"name":"wp","href":"https:\/\/api.w.org\/{rel}","templated":true}]}}