{"id":141398,"date":"2022-11-24T08:27:04","date_gmt":"2022-11-24T08:27:04","guid":{"rendered":"https:\/\/espak.ee\/epood\/?post_type=product&#038;p=141398"},"modified":"2025-12-01T13:42:42","modified_gmt":"2025-12-01T11:42:42","slug":"pihustatav-pustolivaht-penosil-easyspray-111-700ml","status":"publish","type":"product","link":"https:\/\/espak.ee\/epood\/toode\/pihustatav-pustolivaht-penosil-easyspray-111-700ml\/","title":{"rendered":"PIHUSTATAV P\u00dcSTOLIVAHT PENOSIL EASYSPRAY 111 700ML"},"content":{"rendered":"<div class=\"row\"  id=\"row-33682431\">\n\n\t<div id=\"col-434483867\" class=\"col medium-9 small-12 large-9\"  >\n\t\t\t\t<div class=\"col-inner\"  >\n\t\t\t\n\t\t\t\n<h3>Pihustatav p\u00fcstolivaht Penosil EasySpray Foam 111 700ml <\/h3>\n<p>PENOSIL EasySpray Foam 111 on \u00fchekomponentne kasutusvalmis pihustatav p\u00fcstolivaht ebamugavate kohtade ja pindade tihendamiseks ja isoleerimiseks seal, kus traditsiooniliste isolatsioonimaterjalide kasutamine on keeruline. Kiire ja mugav kasutada. Spetsiaalne pihustusaplikaator \u00fchildub enamiku vahup\u00fcstolitega.<\/p>\n<div class=\"message-box relative\" style=\"padding-top:15px;padding-bottom:15px;\"><div class=\"message-box-bg-image bg-fill fill\" ><\/div><div class=\"message-box-bg-overlay bg-fill fill\" ><\/div><div class=\"container relative\"><div class=\"inner last-reset\">\n<div class=\"row align-middle align-center\"  id=\"row-2037874035\">\n\n\t<div id=\"col-1138553204\" class=\"col small-12 large-12\"  >\n\t\t\t\t<div class=\"col-inner text-left\"  >\n\t\t\t\n\t\t\t\n<h4>Omadused<\/h4>\n<div class=\"row\"  id=\"row-1413656535\">\n\n\t<div id=\"col-1758079930\" class=\"col medium-6 small-12 large-6\"  >\n\t\t\t\t<div class=\"col-inner\"  >\n\t\t\t\n\t\t\t\n<p><i class=\"fa fa-check fa-2x\"><\/i> <strong> V\u00e4ga madal (< 0,1%) diisots\u00fcanaadisisaldus<\/strong><\/p>\n<p><i class=\"fa fa-check fa-2x\"><\/i> <strong> Suurep\u00e4rane \u00f5hutihedus, soojus- ja heliisolatsioon<\/strong><\/p>\n<p><i class=\"fa fa-check fa-2x\"><\/i> <strong> Suurem UV-kindlus<\/strong><\/p>\n<p><i class=\"fa fa-check fa-2x\"><\/i> <strong> Kiire ja lihtne pealekandmine<\/strong><\/p>\n\t\t<\/div>\n\t\t\t\t\n<style>\n#col-1758079930 > .col-inner {\n  margin: 0px 0px 15px 0px;\n}\n<\/style>\n\t<\/div>\n\n\t\n\n\t<div id=\"col-1765606996\" class=\"col medium-6 small-12 large-6\"  >\n\t\t\t\t<div class=\"col-inner\"  >\n\t\t\t\n\t\t\t\n<p><i class=\"fa fa-check fa-2x\"><\/i> <strong> Suurep\u00e4rane nakkuvus \u00fcldlevinud ehitusmaterjalidele<\/strong><\/p>\n<p><i class=\"fa fa-check fa-2x\"><\/i> <strong> Hea liikuvus<\/strong><\/p>\n<p><i class=\"fa fa-check fa-2x\"><\/i> <strong> Isolatsioonikihi paksus on vabalt valitav<\/strong><\/p>\n<p><i class=\"fa fa-check fa-2x\"><\/i> <strong> Pihustusaplikaator \u00fchildub enamiku vahup\u00fcsolitega<\/strong><\/p>\n\t\t<\/div>\n\t\t\t\t\n<style>\n#col-1765606996 > .col-inner {\n  margin: 0px 0px 15px 0px;\n}\n<\/style>\n\t<\/div>\n\n\t\n<\/div>\n\t\t<\/div>\n\t\t\t\t\t<\/div>\n\n\t\n<\/div>\n<\/div><\/div><\/div>\n\t<div id=\"gap-112684129\" class=\"gap-element clearfix\" style=\"display:block; height:auto;\">\n\t\t\n<style>\n#gap-112684129 {\n  padding-top: 30px;\n}\n<\/style>\n\t<\/div>\n\t\n<h3>Kasutamise \u00fcksikasjad<\/h3>\n<p><strong>Kasutusalad:<\/strong><br \/>\nTihendamine ja isoleerimine ebamugavate kohtades, ebatasastel ja \u00fcmaratel pindadel, kus traditsiooniliste isolatsioonimaterjalide kasutamine on keeruline.<br \/>\nSoojus- ja heliisolatsiooniplaadid, uksed, laed, torud, p\u00f6\u00f6ningud, r\u00f5dud, garaa\u017eid, keldrid, mahutid, s\u00f5idukid, laevad ja muud ehituselemendid, mille puhul on olemas k\u00fclmasildade tekkimise oht.<br \/>\nRaskesti ligip\u00e4\u00e4setavate pindade isoleerimine ja olemasoleva isolatsioonikihi parandamine.<br \/>\nK\u00fclmasildade m\u00f5ju v\u00e4hendamine.<br \/>\nKondensatsiooni v\u00e4ltimine k\u00fclmadel pindadel.<br \/>\nNakkuvus: Puit, betoon, kivi, krohv, metall, PVC, pol\u00fcst\u00fcreen.<\/p>\n<p><strong>Kasutusjuhend:<\/strong><br \/>\nPinnad peavad olema puhtad tolmust, lahtistest osakestest ja \u00f5liplekkidest. Niisutage kuivad pinnad veeuduga, et tagada kiirem tardumine ja parem l\u00f5pptulemus.<\/p>\n<p>Paigaldage pihustusaplikaator vahup\u00fcstoli otsa.Loksutage tugevalt v\u00e4hemalt 20 korda. Hoidke vahuballooni p\u00fcstises asendis, ventiil \u00fcleval. Keerake balloon p\u00fcstoli k\u00fclge. Vahu v\u00e4ljapressimisel hoidke ballooni tagurpidi. Vahu v\u00e4ljatulekut saab reguleerida p\u00fcstoli p\u00e4\u00e4stiku ja reguleerkruvi abil. P\u00f6\u00f6rake pihustusaplikaatorit vastavalt vajadusele.<\/p>\n<p>Kandke vaht pinnale umbes 40 cm kauguselt. \u00dche vahukihi paksus on kuni 2 cm. Enne j\u00e4rgmise kihi pealekandmist oodake v\u00e4hemalt 60 minutit. Kihtide arv ei ole piiratud. Kui kannate vahu pinnale kihtidena, niisutage pinda iga kihi vahel. Liigse vahu saab \u00e4ra l\u00f5igata alles p\u00e4rast l\u00f5plikku tardumist.<\/p>\n<p>\u00c4rge suunake vahup\u00fcstolit inimeste poole. \u00c4rge keerake ballooni p\u00fcstoli k\u00fclge, kui ventiil on tagurpidi. \u00c4rge keerake p\u00fcstolit ballooni k\u00fclge. \u00c4rge painutage ega p\u00f6\u00f6rake ballooni keeramise ajal.<\/p>\n<p><strong>N\u00e4pun\u00e4ited:<\/strong><br \/>\n\u00d5hutemperatuur kasutamisel: +10 \u00b0C kuni +30 \u00b0C.<br \/>\nKaitske k\u00fclgnevaid pindu paberi, kile v\u00f5i muu sobiva materjaliga.<br \/>\nKuna ehitusmaterjale on v\u00e4ga erinevaid, soovitame enne toote kasutamist alati katsetada selle sobivust.<br \/>\nMadalal temperatuuril t\u00f6\u00f6tades tuleb vahuballooni eelsoojendada toatemperatuurini (umbes 20 \u00b0C).<br \/>\nT\u00f6\u00f6riistade ja pindade puhastamiseks tardumata vahust kasutage puhastusvahendit Penosil Foam Cleaner.<br \/>\nK\u00e4te ja r\u00f5ivaste puhastamiseks tardumata vahust kasutage puhastuslappe Penosil Cleaning Wipes.<br \/>\nVahueemaldi Penosil Foam Remover pehmendab tardunud vahtu ja aitab selle h\u00f5lpsamalt eemaldada.<\/p>\n<p><strong>Kitsendused:<\/strong><br \/>\nEi nakku pol\u00fcet\u00fcleenist (PE), PTFE-st (Teflon\u00ae) ega silikoonist pindadele.<br \/>\n\u00c4rge kasutage temperatuuril alla +10 \u00b0C.<br \/>\nKuigi tardunud vaht on v\u00e4hem tundlik UV-kiirguse ja otsese p\u00e4ikesekiirguse suhtes kui teised PU-vahud, on siiski soovitatav katta see sobiva l\u00e4bipaistmatu materjaliga.<br \/>\n\u00c4rge katke enne, kui vaht on t\u00e4ielikult tardunud.<br \/>\nPihustusaplikaator \u00fchildub enamiku vahup\u00fcsolitega. Enne vahup\u00fcstoli valimist kontrollige alati \u00fchilduvust.<\/p>\n\t\t<\/div>\n\t\t\t\t\t<\/div>\n\n\t\n\n\t<div id=\"col-724721723\" class=\"col medium-3 small-12 large-3\"  >\n\t\t\t\t<div class=\"col-inner\"  >\n\t\t\t\n\t\t\t\n<h3>Tehniline informatsioon<\/h3>\n<p><a href=\"https:\/\/espak.ee\/epood\/wp-content\/uploads\/2022\/11\/111_PENOSIL_EasySpray_Foam_111_TDS_est.pdf\"target=\"_blank\" rel=\"noopener noreferrer\"><i class=\"far fa-file-pdf\"><\/i> Tehniline info (PDF)<\/a><\/p>\n<div class=\"is-divider divider clearfix\" ><\/div>\n<p><strong>\u00dcksikasjalikuma n\u00f5u saamiseks v\u00f5tke \u00fchendust:<br \/><\/strong>Wolf Group O\u00dc<br \/>Suur-Paala 6<br \/>13619<br \/>Tallinn<br \/>+372 605 9301<\/p>\n\t\t<\/div>\n\t\t\t\t\t<\/div>\n\n\t\n<\/div>\n","protected":false},"excerpt":{"rendered":"","protected":false},"featured_media":141496,"comment_status":"closed","ping_status":"closed","template":"","meta":[],"product_brand":[],"product_cat":[2703,2708,2710,2683],"product_tag":[],"class_list":{"0":"post-141398","1":"product","2":"type-product","3":"status-publish","4":"has-post-thumbnail","6":"product_cat-ehituskeemia","7":"product_cat-hermeetikud","8":"product_cat-montaazivahud","9":"product_cat-viimistluskaubad","10":"pa_kaubamark-krimelte-ou","12":"first","13":"instock","14":"sale","15":"taxable","16":"shipping-taxable","17":"purchasable","18":"product-type-simple"},"yoast_head":"<!-- This site is optimized with the Yoast SEO plugin v26.9 - https:\/\/yoast.com\/product\/yoast-seo-wordpress\/ -->\n<title>PIHUSTATAV P\u00dcSTOLIVAHT PENOSIL EASYSPRAY 111 700ML - Espak E-pood<\/title>\n<meta name=\"robots\" content=\"index, follow, max-snippet:-1, max-image-preview:large, max-video-preview:-1\" \/>\n<link rel=\"canonical\" href=\"https:\/\/espak.ee\/epood\/toode\/pihustatav-pustolivaht-penosil-easyspray-111-700ml\/\" \/>\n<meta property=\"og:locale\" content=\"et_EE\" \/>\n<meta property=\"og:type\" content=\"article\" \/>\n<meta property=\"og:title\" content=\"PIHUSTATAV P\u00dcSTOLIVAHT PENOSIL EASYSPRAY 111 700ML - Espak E-pood\" \/>\n<meta property=\"og:url\" content=\"https:\/\/espak.ee\/epood\/toode\/pihustatav-pustolivaht-penosil-easyspray-111-700ml\/\" \/>\n<meta property=\"og:site_name\" content=\"Espak E-pood\" \/>\n<meta property=\"article:modified_time\" content=\"2025-12-01T11:42:42+00:00\" \/>\n<meta property=\"og:image\" content=\"https:\/\/espak.ee\/epood\/wp-content\/uploads\/2022\/11\/111_EasySpray_Foam_111_EE_FI.png.jpg\" \/>\n\t<meta property=\"og:image:width\" content=\"800\" \/>\n\t<meta property=\"og:image:height\" content=\"800\" \/>\n\t<meta property=\"og:image:type\" content=\"image\/jpeg\" \/>\n<meta name=\"twitter:card\" content=\"summary_large_image\" \/>\n<meta name=\"twitter:label1\" content=\"Est. reading time\" \/>\n\t<meta name=\"twitter:data1\" content=\"3 minutit\" \/>\n<script type=\"application\/ld+json\" class=\"yoast-schema-graph\">{\"@context\":\"https:\/\/schema.org\",\"@graph\":[{\"@type\":\"WebPage\",\"@id\":\"https:\/\/espak.ee\/epood\/toode\/pihustatav-pustolivaht-penosil-easyspray-111-700ml\/\",\"url\":\"https:\/\/espak.ee\/epood\/toode\/pihustatav-pustolivaht-penosil-easyspray-111-700ml\/\",\"name\":\"PIHUSTATAV P\u00dcSTOLIVAHT PENOSIL EASYSPRAY 111 700ML - Espak E-pood\",\"isPartOf\":{\"@id\":\"https:\/\/espak.ee\/epood\/#website\"},\"primaryImageOfPage\":{\"@id\":\"https:\/\/espak.ee\/epood\/toode\/pihustatav-pustolivaht-penosil-easyspray-111-700ml\/#primaryimage\"},\"image\":{\"@id\":\"https:\/\/espak.ee\/epood\/toode\/pihustatav-pustolivaht-penosil-easyspray-111-700ml\/#primaryimage\"},\"thumbnailUrl\":\"https:\/\/espak.ee\/epood\/wp-content\/uploads\/2022\/11\/111_EasySpray_Foam_111_EE_FI.png.jpg\",\"datePublished\":\"2022-11-24T08:27:04+00:00\",\"dateModified\":\"2025-12-01T11:42:42+00:00\",\"breadcrumb\":{\"@id\":\"https:\/\/espak.ee\/epood\/toode\/pihustatav-pustolivaht-penosil-easyspray-111-700ml\/#breadcrumb\"},\"inLanguage\":\"et\",\"potentialAction\":[{\"@type\":\"ReadAction\",\"target\":[\"https:\/\/espak.ee\/epood\/toode\/pihustatav-pustolivaht-penosil-easyspray-111-700ml\/\"]}]},{\"@type\":\"ImageObject\",\"inLanguage\":\"et\",\"@id\":\"https:\/\/espak.ee\/epood\/toode\/pihustatav-pustolivaht-penosil-easyspray-111-700ml\/#primaryimage\",\"url\":\"https:\/\/espak.ee\/epood\/wp-content\/uploads\/2022\/11\/111_EasySpray_Foam_111_EE_FI.png.jpg\",\"contentUrl\":\"https:\/\/espak.ee\/epood\/wp-content\/uploads\/2022\/11\/111_EasySpray_Foam_111_EE_FI.png.jpg\",\"width\":800,\"height\":800},{\"@type\":\"BreadcrumbList\",\"@id\":\"https:\/\/espak.ee\/epood\/toode\/pihustatav-pustolivaht-penosil-easyspray-111-700ml\/#breadcrumb\",\"itemListElement\":[{\"@type\":\"ListItem\",\"position\":1,\"name\":\"Home\",\"item\":\"https:\/\/espak.ee\/epood\/\"},{\"@type\":\"ListItem\",\"position\":2,\"name\":\"Tootevalik\",\"item\":\"https:\/\/espak.ee\/epood\/tootevalik\/\"},{\"@type\":\"ListItem\",\"position\":3,\"name\":\"PIHUSTATAV P\u00dcSTOLIVAHT PENOSIL EASYSPRAY 111 700ML\"}]},{\"@type\":\"WebSite\",\"@id\":\"https:\/\/espak.ee\/epood\/#website\",\"url\":\"https:\/\/espak.ee\/epood\/\",\"name\":\"Espak E-pood\",\"description\":\"\",\"potentialAction\":[{\"@type\":\"SearchAction\",\"target\":{\"@type\":\"EntryPoint\",\"urlTemplate\":\"https:\/\/espak.ee\/epood\/?s={search_term_string}\"},\"query-input\":{\"@type\":\"PropertyValueSpecification\",\"valueRequired\":true,\"valueName\":\"search_term_string\"}}],\"inLanguage\":\"et\"}]}<\/script>\n<!-- \/ Yoast SEO plugin. -->","yoast_head_json":{"title":"PIHUSTATAV P\u00dcSTOLIVAHT PENOSIL EASYSPRAY 111 700ML - Espak E-pood","robots":{"index":"index","follow":"follow","max-snippet":"max-snippet:-1","max-image-preview":"max-image-preview:large","max-video-preview":"max-video-preview:-1"},"canonical":"https:\/\/espak.ee\/epood\/toode\/pihustatav-pustolivaht-penosil-easyspray-111-700ml\/","og_locale":"et_EE","og_type":"article","og_title":"PIHUSTATAV P\u00dcSTOLIVAHT PENOSIL EASYSPRAY 111 700ML - Espak E-pood","og_url":"https:\/\/espak.ee\/epood\/toode\/pihustatav-pustolivaht-penosil-easyspray-111-700ml\/","og_site_name":"Espak E-pood","article_modified_time":"2025-12-01T11:42:42+00:00","og_image":[{"width":800,"height":800,"url":"https:\/\/espak.ee\/epood\/wp-content\/uploads\/2022\/11\/111_EasySpray_Foam_111_EE_FI.png.jpg","type":"image\/jpeg"}],"twitter_card":"summary_large_image","twitter_misc":{"Est. reading time":"3 minutit"},"schema":{"@context":"https:\/\/schema.org","@graph":[{"@type":"WebPage","@id":"https:\/\/espak.ee\/epood\/toode\/pihustatav-pustolivaht-penosil-easyspray-111-700ml\/","url":"https:\/\/espak.ee\/epood\/toode\/pihustatav-pustolivaht-penosil-easyspray-111-700ml\/","name":"PIHUSTATAV P\u00dcSTOLIVAHT PENOSIL EASYSPRAY 111 700ML - Espak E-pood","isPartOf":{"@id":"https:\/\/espak.ee\/epood\/#website"},"primaryImageOfPage":{"@id":"https:\/\/espak.ee\/epood\/toode\/pihustatav-pustolivaht-penosil-easyspray-111-700ml\/#primaryimage"},"image":{"@id":"https:\/\/espak.ee\/epood\/toode\/pihustatav-pustolivaht-penosil-easyspray-111-700ml\/#primaryimage"},"thumbnailUrl":"https:\/\/espak.ee\/epood\/wp-content\/uploads\/2022\/11\/111_EasySpray_Foam_111_EE_FI.png.jpg","datePublished":"2022-11-24T08:27:04+00:00","dateModified":"2025-12-01T11:42:42+00:00","breadcrumb":{"@id":"https:\/\/espak.ee\/epood\/toode\/pihustatav-pustolivaht-penosil-easyspray-111-700ml\/#breadcrumb"},"inLanguage":"et","potentialAction":[{"@type":"ReadAction","target":["https:\/\/espak.ee\/epood\/toode\/pihustatav-pustolivaht-penosil-easyspray-111-700ml\/"]}]},{"@type":"ImageObject","inLanguage":"et","@id":"https:\/\/espak.ee\/epood\/toode\/pihustatav-pustolivaht-penosil-easyspray-111-700ml\/#primaryimage","url":"https:\/\/espak.ee\/epood\/wp-content\/uploads\/2022\/11\/111_EasySpray_Foam_111_EE_FI.png.jpg","contentUrl":"https:\/\/espak.ee\/epood\/wp-content\/uploads\/2022\/11\/111_EasySpray_Foam_111_EE_FI.png.jpg","width":800,"height":800},{"@type":"BreadcrumbList","@id":"https:\/\/espak.ee\/epood\/toode\/pihustatav-pustolivaht-penosil-easyspray-111-700ml\/#breadcrumb","itemListElement":[{"@type":"ListItem","position":1,"name":"Home","item":"https:\/\/espak.ee\/epood\/"},{"@type":"ListItem","position":2,"name":"Tootevalik","item":"https:\/\/espak.ee\/epood\/tootevalik\/"},{"@type":"ListItem","position":3,"name":"PIHUSTATAV P\u00dcSTOLIVAHT PENOSIL EASYSPRAY 111 700ML"}]},{"@type":"WebSite","@id":"https:\/\/espak.ee\/epood\/#website","url":"https:\/\/espak.ee\/epood\/","name":"Espak E-pood","description":"","potentialAction":[{"@type":"SearchAction","target":{"@type":"EntryPoint","urlTemplate":"https:\/\/espak.ee\/epood\/?s={search_term_string}"},"query-input":{"@type":"PropertyValueSpecification","valueRequired":true,"valueName":"search_term_string"}}],"inLanguage":"et"}]}},"_links":{"self":[{"href":"https:\/\/espak.ee\/epood\/wp-json\/wp\/v2\/product\/141398","targetHints":{"allow":["GET"]}}],"collection":[{"href":"https:\/\/espak.ee\/epood\/wp-json\/wp\/v2\/product"}],"about":[{"href":"https:\/\/espak.ee\/epood\/wp-json\/wp\/v2\/types\/product"}],"replies":[{"embeddable":true,"href":"https:\/\/espak.ee\/epood\/wp-json\/wp\/v2\/comments?post=141398"}],"wp:featuredmedia":[{"embeddable":true,"href":"https:\/\/espak.ee\/epood\/wp-json\/wp\/v2\/media\/141496"}],"wp:attachment":[{"href":"https:\/\/espak.ee\/epood\/wp-json\/wp\/v2\/media?parent=141398"}],"wp:term":[{"taxonomy":"product_brand","embeddable":true,"href":"https:\/\/espak.ee\/epood\/wp-json\/wp\/v2\/product_brand?post=141398"},{"taxonomy":"product_cat","embeddable":true,"href":"https:\/\/espak.ee\/epood\/wp-json\/wp\/v2\/product_cat?post=141398"},{"taxonomy":"product_tag","embeddable":true,"href":"https:\/\/espak.ee\/epood\/wp-json\/wp\/v2\/product_tag?post=141398"}],"curies":[{"name":"wp","href":"https:\/\/api.w.org\/{rel}","templated":true}]}}