{"id":14111,"date":"2020-01-09T02:57:05","date_gmt":"2020-01-09T00:57:05","guid":{"rendered":"https:\/\/espak.ee\/hinnakiri\/?post_type=product&#038;p=14111"},"modified":"2025-06-19T14:34:45","modified_gmt":"2025-06-19T11:34:45","slug":"kuivkaimla-biolan-komplet","status":"publish","type":"product","link":"https:\/\/espak.ee\/epood\/toode\/kuivkaimla-biolan-komplet\/","title":{"rendered":"KUIVK\u00c4IMLA BIOLAN KOMPLET"},"content":{"rendered":"<div class=\"row\"  id=\"row-1349627308\">\n\n\t<div id=\"col-1401228119\" class=\"col medium-9 small-12 large-9\"  >\n\t\t\t\t<div class=\"col-inner\"  >\n\t\t\t\n\t\t\t\n<h2>Biolan Kuivk\u00e4imla KOMPLET<\/h2>\n<p>Biolani Kuivk\u00e4imla KOMPLET on l\u00f5hnatu ja h\u00f5lpsasti kasutatav k\u00e4imla maa- ja suvemajadesse. Seda on lihtne paigaldada majja ehitatud k\u00e4imla p\u00f5randale ja seda saab kasutada kas eraldi v\u00e4lik\u00e4imlas v\u00f5i ka elumajas, samuti saab seda kasutada vana v\u00e4lik\u00e4imla renoveerimisel. Igape\u00e4vasel kasutamisel on Biolani Kuivk\u00e4imla KOMPLET puhas ja meeldiv. See ei vaja toimimiseks vett ega elektrit, piisab vaid Biolani Komposti- ja Kuivk\u00e4imlaturba kasutamisest.<\/p>\n<div class=\"message-box relative\" style=\"padding-top:15px;padding-bottom:15px;\"><div class=\"message-box-bg-image bg-fill fill\" ><\/div><div class=\"message-box-bg-overlay bg-fill fill\" ><\/div><div class=\"container relative\"><div class=\"inner last-reset\">\n<div class=\"row align-middle align-center\"  id=\"row-1269726468\">\n\n\t<div id=\"col-661413647\" class=\"col small-12 large-12\"  >\n\t\t\t\t<div class=\"col-inner text-left\"  >\n\t\t\t\n\t\t\t\n<h4>Omadused<\/h4>\n<div class=\"row\"  id=\"row-1847191754\">\n\n\t<div id=\"col-1689682872\" class=\"col medium-6 small-12 large-6\"  >\n\t\t\t\t<div class=\"col-inner\"  >\n\t\t\t\n\t\t\t\n<p><i class=\"fa fa-check fa-2x\"><\/i> <strong>Puhas ja kasutajas\u00f5bralik kuivk\u00e4imla<\/strong><\/p>\n<p><i class=\"fa fa-check fa-2x\"><\/i> <strong>Mugav ja h\u00fcgieeniline soojustatud prill-laud<\/strong><\/p>\n\t\t<\/div>\n\t\t\t\t\n<style>\n#col-1689682872 > .col-inner {\n  margin: 0px 0px 15px 0px;\n}\n<\/style>\n\t<\/div>\n\n\t\n\n\t<div id=\"col-1226492321\" class=\"col medium-6 small-12 large-6\"  >\n\t\t\t\t<div class=\"col-inner\"  >\n\t\t\t\n\t\t\t\n<p><i class=\"fa fa-check fa-2x\"><\/i> <strong>Lihtne puhastada<\/strong><\/p>\n<p><i class=\"fa fa-check fa-2x\"><\/i> <strong>Paigaldatakse p\u00f5randale<\/strong><\/p>\n\t\t<\/div>\n\t\t\t\t\n<style>\n#col-1226492321 > .col-inner {\n  margin: 0px 0px 15px 0px;\n}\n<\/style>\n\t<\/div>\n\n\t\n<\/div>\n\t\t<\/div>\n\t\t\t\t\t<\/div>\n\n\t\n<\/div>\n<\/div><\/div><\/div>\n\t<div id=\"gap-2068323187\" class=\"gap-element clearfix\" style=\"display:block; height:auto;\">\n\t\t\n<style>\n#gap-2068323187 {\n  padding-top: 30px;\n}\n<\/style>\n\t<\/div>\n\t\n\t\t<\/div>\n\t\t\t\t\t<\/div>\n\n\t\n\n\t<div id=\"col-373096831\" class=\"col medium-3 small-12 large-3\"  >\n\t\t\t\t<div class=\"col-inner\"  >\n\t\t\t\n\t\t\t\n\t<div id=\"gap-994223525\" class=\"gap-element clearfix\" style=\"display:block; height:auto;\">\n\t\t\n<style>\n#gap-994223525 {\n  padding-top: 30px;\n}\n<\/style>\n\t<\/div>\n\t\n<div class=\"is-divider divider clearfix\" ><\/div>\n<p><strong>\u00dcksikasjalikuma n\u00f5u saamiseks v\u00f5tke \u00fchendust:<br \/><\/strong>Biolan Baltic O\u00dc<br \/>M\u00e4e 17<br \/>87001<br \/>Lavassaare, P\u00e4rnumaa<br \/>+372 446 3381<\/p>\n<div class=\"is-divider divider clearfix\" ><\/div>\n\t\t<\/div>\n\t\t\t\t\t<\/div>\n\n\t\n<\/div>\n","protected":false},"excerpt":{"rendered":"","protected":false},"featured_media":15320,"comment_status":"closed","ping_status":"open","template":"","meta":[],"product_brand":[],"product_cat":[2789,2788,2897,2899],"product_tag":[],"class_list":{"0":"post-14111","1":"product","2":"type-product","3":"status-publish","4":"has-post-thumbnail","6":"product_cat-aiatarbed","7":"product_cat-aiatarbed-ja-kodukaubad","8":"product_cat-kompost","9":"product_cat-kuivkaimlad","10":"pa_kaubamark-biolan-baltic-ou","12":"first","13":"instock","14":"sale","15":"taxable","16":"shipping-taxable","17":"purchasable","18":"product-type-simple"},"yoast_head":"<!-- This site is optimized with the Yoast SEO plugin v26.9 - https:\/\/yoast.com\/product\/yoast-seo-wordpress\/ -->\n<title>KUIVK\u00c4IMLA BIOLAN KOMPLET - Espak E-pood<\/title>\n<meta name=\"robots\" content=\"index, follow, max-snippet:-1, max-image-preview:large, max-video-preview:-1\" \/>\n<link rel=\"canonical\" href=\"https:\/\/espak.ee\/epood\/toode\/kuivkaimla-biolan-komplet\/\" \/>\n<meta property=\"og:locale\" content=\"et_EE\" \/>\n<meta property=\"og:type\" content=\"article\" \/>\n<meta property=\"og:title\" content=\"KUIVK\u00c4IMLA BIOLAN KOMPLET - Espak E-pood\" \/>\n<meta property=\"og:url\" content=\"https:\/\/espak.ee\/epood\/toode\/kuivkaimla-biolan-komplet\/\" \/>\n<meta property=\"og:site_name\" content=\"Espak E-pood\" \/>\n<meta property=\"article:modified_time\" content=\"2025-06-19T11:34:45+00:00\" \/>\n<meta property=\"og:image\" content=\"https:\/\/espak.ee\/epood\/wp-content\/uploads\/Kuivk\u00e4imla_KOMPLET.jpg\" \/>\n\t<meta property=\"og:image:width\" content=\"2048\" \/>\n\t<meta property=\"og:image:height\" content=\"2048\" \/>\n\t<meta property=\"og:image:type\" content=\"image\/jpeg\" \/>\n<meta name=\"twitter:card\" content=\"summary_large_image\" \/>\n<meta name=\"twitter:label1\" content=\"Est. reading time\" \/>\n\t<meta name=\"twitter:data1\" content=\"1 minut\" \/>\n<script type=\"application\/ld+json\" class=\"yoast-schema-graph\">{\"@context\":\"https:\/\/schema.org\",\"@graph\":[{\"@type\":\"WebPage\",\"@id\":\"https:\/\/espak.ee\/epood\/toode\/kuivkaimla-biolan-komplet\/\",\"url\":\"https:\/\/espak.ee\/epood\/toode\/kuivkaimla-biolan-komplet\/\",\"name\":\"KUIVK\u00c4IMLA BIOLAN KOMPLET - Espak E-pood\",\"isPartOf\":{\"@id\":\"https:\/\/espak.ee\/epood\/#website\"},\"primaryImageOfPage\":{\"@id\":\"https:\/\/espak.ee\/epood\/toode\/kuivkaimla-biolan-komplet\/#primaryimage\"},\"image\":{\"@id\":\"https:\/\/espak.ee\/epood\/toode\/kuivkaimla-biolan-komplet\/#primaryimage\"},\"thumbnailUrl\":\"https:\/\/espak.ee\/epood\/wp-content\/uploads\/Kuivk\u00e4imla_KOMPLET.jpg\",\"datePublished\":\"2020-01-09T00:57:05+00:00\",\"dateModified\":\"2025-06-19T11:34:45+00:00\",\"breadcrumb\":{\"@id\":\"https:\/\/espak.ee\/epood\/toode\/kuivkaimla-biolan-komplet\/#breadcrumb\"},\"inLanguage\":\"et\",\"potentialAction\":[{\"@type\":\"ReadAction\",\"target\":[\"https:\/\/espak.ee\/epood\/toode\/kuivkaimla-biolan-komplet\/\"]}]},{\"@type\":\"ImageObject\",\"inLanguage\":\"et\",\"@id\":\"https:\/\/espak.ee\/epood\/toode\/kuivkaimla-biolan-komplet\/#primaryimage\",\"url\":\"https:\/\/espak.ee\/epood\/wp-content\/uploads\/Kuivk\u00e4imla_KOMPLET.jpg\",\"contentUrl\":\"https:\/\/espak.ee\/epood\/wp-content\/uploads\/Kuivk\u00e4imla_KOMPLET.jpg\",\"width\":2048,\"height\":2048},{\"@type\":\"BreadcrumbList\",\"@id\":\"https:\/\/espak.ee\/epood\/toode\/kuivkaimla-biolan-komplet\/#breadcrumb\",\"itemListElement\":[{\"@type\":\"ListItem\",\"position\":1,\"name\":\"Home\",\"item\":\"https:\/\/espak.ee\/epood\/\"},{\"@type\":\"ListItem\",\"position\":2,\"name\":\"Tootevalik\",\"item\":\"https:\/\/espak.ee\/epood\/tootevalik\/\"},{\"@type\":\"ListItem\",\"position\":3,\"name\":\"KUIVK\u00c4IMLA BIOLAN KOMPLET\"}]},{\"@type\":\"WebSite\",\"@id\":\"https:\/\/espak.ee\/epood\/#website\",\"url\":\"https:\/\/espak.ee\/epood\/\",\"name\":\"Espak E-pood\",\"description\":\"\",\"potentialAction\":[{\"@type\":\"SearchAction\",\"target\":{\"@type\":\"EntryPoint\",\"urlTemplate\":\"https:\/\/espak.ee\/epood\/?s={search_term_string}\"},\"query-input\":{\"@type\":\"PropertyValueSpecification\",\"valueRequired\":true,\"valueName\":\"search_term_string\"}}],\"inLanguage\":\"et\"}]}<\/script>\n<!-- \/ Yoast SEO plugin. -->","yoast_head_json":{"title":"KUIVK\u00c4IMLA BIOLAN KOMPLET - Espak E-pood","robots":{"index":"index","follow":"follow","max-snippet":"max-snippet:-1","max-image-preview":"max-image-preview:large","max-video-preview":"max-video-preview:-1"},"canonical":"https:\/\/espak.ee\/epood\/toode\/kuivkaimla-biolan-komplet\/","og_locale":"et_EE","og_type":"article","og_title":"KUIVK\u00c4IMLA BIOLAN KOMPLET - Espak E-pood","og_url":"https:\/\/espak.ee\/epood\/toode\/kuivkaimla-biolan-komplet\/","og_site_name":"Espak E-pood","article_modified_time":"2025-06-19T11:34:45+00:00","og_image":[{"width":2048,"height":2048,"url":"https:\/\/espak.ee\/epood\/wp-content\/uploads\/Kuivk\u00e4imla_KOMPLET.jpg","type":"image\/jpeg"}],"twitter_card":"summary_large_image","twitter_misc":{"Est. reading time":"1 minut"},"schema":{"@context":"https:\/\/schema.org","@graph":[{"@type":"WebPage","@id":"https:\/\/espak.ee\/epood\/toode\/kuivkaimla-biolan-komplet\/","url":"https:\/\/espak.ee\/epood\/toode\/kuivkaimla-biolan-komplet\/","name":"KUIVK\u00c4IMLA BIOLAN KOMPLET - Espak E-pood","isPartOf":{"@id":"https:\/\/espak.ee\/epood\/#website"},"primaryImageOfPage":{"@id":"https:\/\/espak.ee\/epood\/toode\/kuivkaimla-biolan-komplet\/#primaryimage"},"image":{"@id":"https:\/\/espak.ee\/epood\/toode\/kuivkaimla-biolan-komplet\/#primaryimage"},"thumbnailUrl":"https:\/\/espak.ee\/epood\/wp-content\/uploads\/Kuivk\u00e4imla_KOMPLET.jpg","datePublished":"2020-01-09T00:57:05+00:00","dateModified":"2025-06-19T11:34:45+00:00","breadcrumb":{"@id":"https:\/\/espak.ee\/epood\/toode\/kuivkaimla-biolan-komplet\/#breadcrumb"},"inLanguage":"et","potentialAction":[{"@type":"ReadAction","target":["https:\/\/espak.ee\/epood\/toode\/kuivkaimla-biolan-komplet\/"]}]},{"@type":"ImageObject","inLanguage":"et","@id":"https:\/\/espak.ee\/epood\/toode\/kuivkaimla-biolan-komplet\/#primaryimage","url":"https:\/\/espak.ee\/epood\/wp-content\/uploads\/Kuivk\u00e4imla_KOMPLET.jpg","contentUrl":"https:\/\/espak.ee\/epood\/wp-content\/uploads\/Kuivk\u00e4imla_KOMPLET.jpg","width":2048,"height":2048},{"@type":"BreadcrumbList","@id":"https:\/\/espak.ee\/epood\/toode\/kuivkaimla-biolan-komplet\/#breadcrumb","itemListElement":[{"@type":"ListItem","position":1,"name":"Home","item":"https:\/\/espak.ee\/epood\/"},{"@type":"ListItem","position":2,"name":"Tootevalik","item":"https:\/\/espak.ee\/epood\/tootevalik\/"},{"@type":"ListItem","position":3,"name":"KUIVK\u00c4IMLA BIOLAN KOMPLET"}]},{"@type":"WebSite","@id":"https:\/\/espak.ee\/epood\/#website","url":"https:\/\/espak.ee\/epood\/","name":"Espak E-pood","description":"","potentialAction":[{"@type":"SearchAction","target":{"@type":"EntryPoint","urlTemplate":"https:\/\/espak.ee\/epood\/?s={search_term_string}"},"query-input":{"@type":"PropertyValueSpecification","valueRequired":true,"valueName":"search_term_string"}}],"inLanguage":"et"}]}},"_links":{"self":[{"href":"https:\/\/espak.ee\/epood\/wp-json\/wp\/v2\/product\/14111","targetHints":{"allow":["GET"]}}],"collection":[{"href":"https:\/\/espak.ee\/epood\/wp-json\/wp\/v2\/product"}],"about":[{"href":"https:\/\/espak.ee\/epood\/wp-json\/wp\/v2\/types\/product"}],"replies":[{"embeddable":true,"href":"https:\/\/espak.ee\/epood\/wp-json\/wp\/v2\/comments?post=14111"}],"wp:featuredmedia":[{"embeddable":true,"href":"https:\/\/espak.ee\/epood\/wp-json\/wp\/v2\/media\/15320"}],"wp:attachment":[{"href":"https:\/\/espak.ee\/epood\/wp-json\/wp\/v2\/media?parent=14111"}],"wp:term":[{"taxonomy":"product_brand","embeddable":true,"href":"https:\/\/espak.ee\/epood\/wp-json\/wp\/v2\/product_brand?post=14111"},{"taxonomy":"product_cat","embeddable":true,"href":"https:\/\/espak.ee\/epood\/wp-json\/wp\/v2\/product_cat?post=14111"},{"taxonomy":"product_tag","embeddable":true,"href":"https:\/\/espak.ee\/epood\/wp-json\/wp\/v2\/product_tag?post=14111"}],"curies":[{"name":"wp","href":"https:\/\/api.w.org\/{rel}","templated":true}]}}