{"id":14109,"date":"2020-01-09T02:56:56","date_gmt":"2020-01-09T00:56:56","guid":{"rendered":"https:\/\/espak.ee\/hinnakiri\/?post_type=product&#038;p=14109"},"modified":"2026-02-13T14:02:43","modified_gmt":"2026-02-13T12:02:43","slug":"tomatiturvas-biolan-50l","status":"publish","type":"product","link":"https:\/\/espak.ee\/epood\/toode\/tomatiturvas-biolan-50l\/","title":{"rendered":"TOMATITURVAS BIOLAN 50L"},"content":{"rendered":"<div class=\"row\"  id=\"row-1913572881\">\n\n\t<div id=\"col-503861412\" class=\"col medium-9 small-12 large-9\"  >\n\t\t\t\t<div class=\"col-inner\"  >\n\t\t\t\n\t\t\t\n<h2>Biolan Tomatiturvas<\/h2>\n<p>Biolani Tomatiturvas on spetsiaalne turbasubstraat tomatitele, mis tagab aiataimedele optimaalse keskkonna taime eluj\u00f5uks, tugevaks kasvuks ning soodustab viljakat ja intensiivset kasvu. Substraat on v\u00e4etatud ja sisaldab taimedele k\u00f5iki vajalikke toitaineid ja mikroelemente. Spetsiaalne substraat tomatite ja muude toitaineterikast mulda vajavate k\u00f6\u00f6giviljade, nagu paprika, kurgi, bakla\u017eaani, porrulaugu, selleri, salati, kapsa ja \u00fcrtide paljundamiseks ning kasvatamiseks kasvuhoones, k\u00f6\u00f6givilja peenardes v\u00f5i terrassi -ja r\u00f5dukastides. Biolani Tomatiturvas sobib ka mulla omaduste parandamiseks.<\/p>\n\t<div id=\"gap-306494955\" class=\"gap-element clearfix\" style=\"display:block; height:auto;\">\n\t\t\n<style>\n#gap-306494955 {\n  padding-top: 30px;\n}\n<\/style>\n\t<\/div>\n\t\n<h3>Kasutamise \u00fcksikasjad<\/h3>\n<p><strong>Kasutusjuhend:<\/strong> Tomatid on \u00fcks n\u00f5udlikumaid aiakultuure. Tomatid on k\u00f5ige parem istutada v\u00e4lja, p\u00e4ikesepaistelisse kohta, kuna varjus kasvamine v\u00e4hendab saagikust ja m\u00f5jutab maitset. Tomati k\u00f5rval on soovitatav kasvatada rohelisi k\u00f6\u00f6givilju (kurk, kapsas), kaunvilju, suvik\u00f5rvitsat jne. Enne istutamist tuleb tomatitaimi rikkalikult kasta \u2014 nii kohanevad taimed kergemini uue kasvukeskkonna mullaga. Kui taimed on istutatud, kastetakse taimi mitte varem kui kolme p\u00e4eva p\u00e4rast. Mulla kiht peaks olema umbes 6 &#8211; 7 cm s\u00fcgav. Soovitatav istutuskaugus reas on 50 &#8211; 70 cm. Oluline on taimi karastada \u2014 j\u00e4rk-j\u00e4rgult harjutada uute kasvutingimustega. Kaks n\u00e4dalat p\u00e4rast taime istutamist tuleb alustada regulaarselt v\u00e4etamist Biolani orgaaniliste v\u00e4etistega.<\/p>\n\t\t<\/div>\n\t\t\t\t\t<\/div>\n\n\t\n\n\t<div id=\"col-954596853\" class=\"col medium-3 small-12 large-3\"  >\n\t\t\t\t<div class=\"col-inner\"  >\n\t\t\t\n\t\t\t\n\t<div id=\"gap-786261439\" class=\"gap-element clearfix\" style=\"display:block; height:auto;\">\n\t\t\n<style>\n#gap-786261439 {\n  padding-top: 30px;\n}\n<\/style>\n\t<\/div>\n\t\n<div class=\"is-divider divider clearfix\" ><\/div>\n<p><strong>\u00dcksikasjalikuma n\u00f5u saamiseks v\u00f5tke \u00fchendust:<br \/><\/strong>Biolan Baltic O\u00dc<br \/>M\u00e4e 17<br \/>87001<br \/>Lavassaare, P\u00e4rnumaa<br \/>+372 446 3381<\/p>\n<div class=\"is-divider divider clearfix\" ><\/div>\n\t\t<\/div>\n\t\t\t\t\t<\/div>\n\n\t\n<\/div>\n","protected":false},"excerpt":{"rendered":"","protected":false},"featured_media":14739,"comment_status":"closed","ping_status":"open","template":"","meta":[],"product_brand":[],"product_cat":[2789,2788,2879,2902],"product_tag":[],"class_list":{"0":"post-14109","1":"product","2":"type-product","3":"status-publish","4":"has-post-thumbnail","6":"product_cat-aiatarbed","7":"product_cat-aiatarbed-ja-kodukaubad","8":"product_cat-aiaturbad-ja-mullad","9":"product_cat-kasvuturbad","10":"pa_kaubamark-biolan-baltic-ou","12":"first","13":"instock","14":"sale","15":"taxable","16":"shipping-taxable","17":"purchasable","18":"product-type-simple"},"yoast_head":"<!-- This site is optimized with the Yoast SEO plugin v26.9 - https:\/\/yoast.com\/product\/yoast-seo-wordpress\/ -->\n<title>TOMATITURVAS BIOLAN 50L - Espak E-pood<\/title>\n<meta name=\"robots\" content=\"index, follow, max-snippet:-1, max-image-preview:large, max-video-preview:-1\" \/>\n<link rel=\"canonical\" href=\"https:\/\/espak.ee\/epood\/toode\/tomatiturvas-biolan-50l\/\" \/>\n<meta property=\"og:locale\" content=\"et_EE\" \/>\n<meta property=\"og:type\" content=\"article\" \/>\n<meta property=\"og:title\" content=\"TOMATITURVAS BIOLAN 50L - Espak E-pood\" \/>\n<meta property=\"og:url\" content=\"https:\/\/espak.ee\/epood\/toode\/tomatiturvas-biolan-50l\/\" \/>\n<meta property=\"og:site_name\" content=\"Espak E-pood\" \/>\n<meta property=\"article:modified_time\" content=\"2026-02-13T12:02:43+00:00\" \/>\n<meta property=\"og:image\" content=\"https:\/\/espak.ee\/epood\/wp-content\/uploads\/tomatiturvas.jpg\" \/>\n\t<meta property=\"og:image:width\" content=\"500\" \/>\n\t<meta property=\"og:image:height\" content=\"500\" \/>\n\t<meta property=\"og:image:type\" content=\"image\/jpeg\" \/>\n<meta name=\"twitter:card\" content=\"summary_large_image\" \/>\n<meta name=\"twitter:label1\" content=\"Est. reading time\" \/>\n\t<meta name=\"twitter:data1\" content=\"1 minut\" \/>\n<script type=\"application\/ld+json\" class=\"yoast-schema-graph\">{\"@context\":\"https:\/\/schema.org\",\"@graph\":[{\"@type\":\"WebPage\",\"@id\":\"https:\/\/espak.ee\/epood\/toode\/tomatiturvas-biolan-50l\/\",\"url\":\"https:\/\/espak.ee\/epood\/toode\/tomatiturvas-biolan-50l\/\",\"name\":\"TOMATITURVAS BIOLAN 50L - Espak E-pood\",\"isPartOf\":{\"@id\":\"https:\/\/espak.ee\/epood\/#website\"},\"primaryImageOfPage\":{\"@id\":\"https:\/\/espak.ee\/epood\/toode\/tomatiturvas-biolan-50l\/#primaryimage\"},\"image\":{\"@id\":\"https:\/\/espak.ee\/epood\/toode\/tomatiturvas-biolan-50l\/#primaryimage\"},\"thumbnailUrl\":\"https:\/\/espak.ee\/epood\/wp-content\/uploads\/tomatiturvas.jpg\",\"datePublished\":\"2020-01-09T00:56:56+00:00\",\"dateModified\":\"2026-02-13T12:02:43+00:00\",\"breadcrumb\":{\"@id\":\"https:\/\/espak.ee\/epood\/toode\/tomatiturvas-biolan-50l\/#breadcrumb\"},\"inLanguage\":\"et\",\"potentialAction\":[{\"@type\":\"ReadAction\",\"target\":[\"https:\/\/espak.ee\/epood\/toode\/tomatiturvas-biolan-50l\/\"]}]},{\"@type\":\"ImageObject\",\"inLanguage\":\"et\",\"@id\":\"https:\/\/espak.ee\/epood\/toode\/tomatiturvas-biolan-50l\/#primaryimage\",\"url\":\"https:\/\/espak.ee\/epood\/wp-content\/uploads\/tomatiturvas.jpg\",\"contentUrl\":\"https:\/\/espak.ee\/epood\/wp-content\/uploads\/tomatiturvas.jpg\",\"width\":500,\"height\":500},{\"@type\":\"BreadcrumbList\",\"@id\":\"https:\/\/espak.ee\/epood\/toode\/tomatiturvas-biolan-50l\/#breadcrumb\",\"itemListElement\":[{\"@type\":\"ListItem\",\"position\":1,\"name\":\"Home\",\"item\":\"https:\/\/espak.ee\/epood\/\"},{\"@type\":\"ListItem\",\"position\":2,\"name\":\"Tootevalik\",\"item\":\"https:\/\/espak.ee\/epood\/tootevalik\/\"},{\"@type\":\"ListItem\",\"position\":3,\"name\":\"TOMATITURVAS BIOLAN 50L\"}]},{\"@type\":\"WebSite\",\"@id\":\"https:\/\/espak.ee\/epood\/#website\",\"url\":\"https:\/\/espak.ee\/epood\/\",\"name\":\"Espak E-pood\",\"description\":\"\",\"potentialAction\":[{\"@type\":\"SearchAction\",\"target\":{\"@type\":\"EntryPoint\",\"urlTemplate\":\"https:\/\/espak.ee\/epood\/?s={search_term_string}\"},\"query-input\":{\"@type\":\"PropertyValueSpecification\",\"valueRequired\":true,\"valueName\":\"search_term_string\"}}],\"inLanguage\":\"et\"}]}<\/script>\n<!-- \/ Yoast SEO plugin. -->","yoast_head_json":{"title":"TOMATITURVAS BIOLAN 50L - Espak E-pood","robots":{"index":"index","follow":"follow","max-snippet":"max-snippet:-1","max-image-preview":"max-image-preview:large","max-video-preview":"max-video-preview:-1"},"canonical":"https:\/\/espak.ee\/epood\/toode\/tomatiturvas-biolan-50l\/","og_locale":"et_EE","og_type":"article","og_title":"TOMATITURVAS BIOLAN 50L - Espak E-pood","og_url":"https:\/\/espak.ee\/epood\/toode\/tomatiturvas-biolan-50l\/","og_site_name":"Espak E-pood","article_modified_time":"2026-02-13T12:02:43+00:00","og_image":[{"width":500,"height":500,"url":"https:\/\/espak.ee\/epood\/wp-content\/uploads\/tomatiturvas.jpg","type":"image\/jpeg"}],"twitter_card":"summary_large_image","twitter_misc":{"Est. reading time":"1 minut"},"schema":{"@context":"https:\/\/schema.org","@graph":[{"@type":"WebPage","@id":"https:\/\/espak.ee\/epood\/toode\/tomatiturvas-biolan-50l\/","url":"https:\/\/espak.ee\/epood\/toode\/tomatiturvas-biolan-50l\/","name":"TOMATITURVAS BIOLAN 50L - Espak E-pood","isPartOf":{"@id":"https:\/\/espak.ee\/epood\/#website"},"primaryImageOfPage":{"@id":"https:\/\/espak.ee\/epood\/toode\/tomatiturvas-biolan-50l\/#primaryimage"},"image":{"@id":"https:\/\/espak.ee\/epood\/toode\/tomatiturvas-biolan-50l\/#primaryimage"},"thumbnailUrl":"https:\/\/espak.ee\/epood\/wp-content\/uploads\/tomatiturvas.jpg","datePublished":"2020-01-09T00:56:56+00:00","dateModified":"2026-02-13T12:02:43+00:00","breadcrumb":{"@id":"https:\/\/espak.ee\/epood\/toode\/tomatiturvas-biolan-50l\/#breadcrumb"},"inLanguage":"et","potentialAction":[{"@type":"ReadAction","target":["https:\/\/espak.ee\/epood\/toode\/tomatiturvas-biolan-50l\/"]}]},{"@type":"ImageObject","inLanguage":"et","@id":"https:\/\/espak.ee\/epood\/toode\/tomatiturvas-biolan-50l\/#primaryimage","url":"https:\/\/espak.ee\/epood\/wp-content\/uploads\/tomatiturvas.jpg","contentUrl":"https:\/\/espak.ee\/epood\/wp-content\/uploads\/tomatiturvas.jpg","width":500,"height":500},{"@type":"BreadcrumbList","@id":"https:\/\/espak.ee\/epood\/toode\/tomatiturvas-biolan-50l\/#breadcrumb","itemListElement":[{"@type":"ListItem","position":1,"name":"Home","item":"https:\/\/espak.ee\/epood\/"},{"@type":"ListItem","position":2,"name":"Tootevalik","item":"https:\/\/espak.ee\/epood\/tootevalik\/"},{"@type":"ListItem","position":3,"name":"TOMATITURVAS BIOLAN 50L"}]},{"@type":"WebSite","@id":"https:\/\/espak.ee\/epood\/#website","url":"https:\/\/espak.ee\/epood\/","name":"Espak E-pood","description":"","potentialAction":[{"@type":"SearchAction","target":{"@type":"EntryPoint","urlTemplate":"https:\/\/espak.ee\/epood\/?s={search_term_string}"},"query-input":{"@type":"PropertyValueSpecification","valueRequired":true,"valueName":"search_term_string"}}],"inLanguage":"et"}]}},"_links":{"self":[{"href":"https:\/\/espak.ee\/epood\/wp-json\/wp\/v2\/product\/14109","targetHints":{"allow":["GET"]}}],"collection":[{"href":"https:\/\/espak.ee\/epood\/wp-json\/wp\/v2\/product"}],"about":[{"href":"https:\/\/espak.ee\/epood\/wp-json\/wp\/v2\/types\/product"}],"replies":[{"embeddable":true,"href":"https:\/\/espak.ee\/epood\/wp-json\/wp\/v2\/comments?post=14109"}],"wp:featuredmedia":[{"embeddable":true,"href":"https:\/\/espak.ee\/epood\/wp-json\/wp\/v2\/media\/14739"}],"wp:attachment":[{"href":"https:\/\/espak.ee\/epood\/wp-json\/wp\/v2\/media?parent=14109"}],"wp:term":[{"taxonomy":"product_brand","embeddable":true,"href":"https:\/\/espak.ee\/epood\/wp-json\/wp\/v2\/product_brand?post=14109"},{"taxonomy":"product_cat","embeddable":true,"href":"https:\/\/espak.ee\/epood\/wp-json\/wp\/v2\/product_cat?post=14109"},{"taxonomy":"product_tag","embeddable":true,"href":"https:\/\/espak.ee\/epood\/wp-json\/wp\/v2\/product_tag?post=14109"}],"curies":[{"name":"wp","href":"https:\/\/api.w.org\/{rel}","templated":true}]}}