{"id":14106,"date":"2020-01-09T02:56:56","date_gmt":"2020-01-09T00:56:56","guid":{"rendered":"https:\/\/espak.ee\/hinnakiri\/?post_type=product&#038;p=14106"},"modified":"2024-03-23T00:01:59","modified_gmt":"2024-03-22T22:01:59","slug":"suvelillede-muld-biolan-24l","status":"publish","type":"product","link":"https:\/\/espak.ee\/epood\/toode\/suvelillede-muld-biolan-24l\/","title":{"rendered":"SUVELILLEDE MULD BIOLAN 24L"},"content":{"rendered":"<div class=\"row\"  id=\"row-726257546\">\n\n\t<div id=\"col-236338857\" class=\"col medium-9 small-12 large-9\"  >\n\t\t\t\t<div class=\"col-inner\"  >\n\t\t\t\n\t\t\t\n<h2>Biolan Suvelillede Muld<\/h2>\n<p>Biolani Suvelillede Muld on v\u00e4etatud ja lubjatud mullasegu, mis on m\u00f5eldud suvelillede ja lillegruppide kasvualuseks. Mulla struktuur on \u00f5huline ja kerge. Ka p\u00e4rast kuivamist imab muld h\u00e4sti vett ja niiskub \u00fchtlaselt.<\/p>\n<div class=\"message-box relative\" style=\"padding-top:15px;padding-bottom:15px;\"><div class=\"message-box-bg-image bg-fill fill\" ><\/div><div class=\"message-box-bg-overlay bg-fill fill\" ><\/div><div class=\"container relative\"><div class=\"inner last-reset\">\n<div class=\"row align-middle align-center\"  id=\"row-2002246230\">\n\n\t<div id=\"col-1995799237\" class=\"col small-12 large-12\"  >\n\t\t\t\t<div class=\"col-inner text-left\"  >\n\t\t\t\n\t\t\t\n<h4>Omadused<\/h4>\n<div class=\"row\"  id=\"row-975530584\">\n\n\t<div id=\"col-356338344\" class=\"col medium-6 small-12 large-6\"  >\n\t\t\t\t<div class=\"col-inner\"  >\n\t\t\t\n\t\t\t\n<p><i class=\"fa fa-check fa-2x\"><\/i> <strong>R\u00f5dukastid<\/strong><\/p>\n<p><i class=\"fa fa-check fa-2x\"><\/i> <strong>Amplid<\/strong><\/p>\n\t\t<\/div>\n\t\t\t\t\n<style>\n#col-356338344 > .col-inner {\n  margin: 0px 0px 15px 0px;\n}\n<\/style>\n\t<\/div>\n\n\t\n\n\t<div id=\"col-1448265197\" class=\"col medium-6 small-12 large-6\"  >\n\t\t\t\t<div class=\"col-inner\"  >\n\t\t\t\n\t\t\t\n<p><i class=\"fa fa-check fa-2x\"><\/i> <strong>Lillepotid<\/strong><\/p>\n<p><i class=\"fa fa-check fa-2x\"><\/i> <strong>Lillepeenrad<\/strong><\/p>\n\t\t<\/div>\n\t\t\t\t\n<style>\n#col-1448265197 > .col-inner {\n  margin: 0px 0px 15px 0px;\n}\n<\/style>\n\t<\/div>\n\n\t\n<\/div>\n\t\t<\/div>\n\t\t\t\t\t<\/div>\n\n\t\n<\/div>\n<\/div><\/div><\/div>\n\t<div id=\"gap-796523919\" class=\"gap-element clearfix\" style=\"display:block; height:auto;\">\n\t\t\n<style>\n#gap-796523919 {\n  padding-top: 30px;\n}\n<\/style>\n\t<\/div>\n\t\n<h3>Kasutamise \u00fcksikasjad<\/h3>\n<p><strong>Kasutusjuhend:<\/strong> Biolani Suvelillede Muld sisaldab nii palju toitaineid, et pole midagi lahti, kui hooldusv\u00e4etamine ka juhuslikult ununeb. Lisav\u00e4etiseks sobib nii Biolani Looduslik Toitevedelik, mida tuleks lisada igal kastmisel, kui ka Biolani Loodusv\u00e4etis (kanas\u00f5nnik + mereadru).<br \/>\nTagavarav\u00e4etamine: Enne lillen\u00f5u t\u00e4itmist kontrollige, et selle p\u00f5hjas oleksid augud liigse vee \u00e4rajuhtimiseks. N\u00f5u p\u00f5hja puistatakse \u00f5huke mullakiht, mille peale laotakse v\u00e4ikeste kuhjadena Biolani Loodusv\u00e4etise graanuleid, 10-liitristesse n\u00f5udesse 100 \u2013 150 g ja v\u00e4iksematesse 50 \u2013 100 g. Amplisse sobiv lisav\u00e4etise hulk on 1 dl Biolan Loodusv\u00e4etise graanuleid 1 liitri mulla kohta. Ka ampli puhul laotatakse v\u00e4etisegraanulid v\u00e4ikeste kuhilatena n\u00f5u p\u00f5hja ning neid ei segata mullaga. V\u00e4etisegraanulid kaetakse enne taimede istutamist \u00f5hukese mullakihiga. N\u00f5u tuleb t\u00e4ita mullaga sellises ulatuses, et pinnale j\u00e4\u00e4ks ruumi kastmisveele. Lisav\u00e4etamine annab kogu kasvuperioodiks piisavas koguses toitaineid, mist\u00f5ttu kastmiseks v\u00f5ib kasutada ka tavalist vett.<br \/>\nV\u00e4etamine koos kastmisega: Lisav\u00e4etamise asemel v\u00f5ib kasutada kastmisveele lisatavat Biolani Looduslikku Toitevedelikku. Toitevedelikku lisatakse 1 korgit\u00e4is 3 liitri kastmisvee kohta. \u00dchest liitrist toitevedelikust saab 100 liitrit kastmisvedelikku.<\/p>\n\t\t<\/div>\n\t\t\t\t\t<\/div>\n\n\t\n\n\t<div id=\"col-1139298101\" class=\"col medium-3 small-12 large-3\"  >\n\t\t\t\t<div class=\"col-inner\"  >\n\t\t\t\n\t\t\t\n\t<div id=\"gap-855098585\" class=\"gap-element clearfix\" style=\"display:block; height:auto;\">\n\t\t\n<style>\n#gap-855098585 {\n  padding-top: 30px;\n}\n<\/style>\n\t<\/div>\n\t\n<div class=\"is-divider divider clearfix\" ><\/div>\n<p><strong>\u00dcksikasjalikuma n\u00f5u saamiseks v\u00f5tke \u00fchendust:<br \/><\/strong>Biolan Baltic O\u00dc<br \/>M\u00e4e 17<br \/>87001<br \/>Lavassaare, P\u00e4rnumaa<br \/>+372 446 3381<\/p>\n<div class=\"is-divider divider clearfix\" ><\/div>\n\t\t<\/div>\n\t\t\t\t\t<\/div>\n\n\t\n<\/div>\n","protected":false},"excerpt":{"rendered":"","protected":false},"featured_media":14743,"comment_status":"closed","ping_status":"open","template":"","meta":[],"product_brand":[],"product_cat":[2789,2788,2879,2880],"product_tag":[],"class_list":{"0":"post-14106","1":"product","2":"type-product","3":"status-publish","4":"has-post-thumbnail","6":"product_cat-aiatarbed","7":"product_cat-aiatarbed-ja-kodukaubad","8":"product_cat-aiaturbad-ja-mullad","9":"product_cat-lillemullad","10":"pa_kaubamark-biolan-baltic-ou","12":"first","13":"outofstock","14":"sale","15":"taxable","16":"shipping-taxable","17":"purchasable","18":"product-type-simple"},"yoast_head":"<!-- This site is optimized with the Yoast SEO plugin v26.9 - https:\/\/yoast.com\/product\/yoast-seo-wordpress\/ -->\n<title>SUVELILLEDE MULD BIOLAN 24L - Espak E-pood<\/title>\n<meta name=\"robots\" content=\"index, follow, max-snippet:-1, max-image-preview:large, max-video-preview:-1\" \/>\n<link rel=\"canonical\" href=\"https:\/\/espak.ee\/epood\/toode\/suvelillede-muld-biolan-24l\/\" \/>\n<meta property=\"og:locale\" content=\"et_EE\" \/>\n<meta property=\"og:type\" content=\"article\" \/>\n<meta property=\"og:title\" content=\"SUVELILLEDE MULD BIOLAN 24L - Espak E-pood\" \/>\n<meta property=\"og:url\" content=\"https:\/\/espak.ee\/epood\/toode\/suvelillede-muld-biolan-24l\/\" \/>\n<meta property=\"og:site_name\" content=\"Espak E-pood\" \/>\n<meta property=\"article:modified_time\" content=\"2024-03-22T22:01:59+00:00\" \/>\n<meta property=\"og:image\" content=\"https:\/\/espak.ee\/epood\/wp-content\/uploads\/suvelillede_muld.jpg\" \/>\n\t<meta property=\"og:image:width\" content=\"500\" \/>\n\t<meta property=\"og:image:height\" content=\"500\" \/>\n\t<meta property=\"og:image:type\" content=\"image\/jpeg\" \/>\n<meta name=\"twitter:card\" content=\"summary_large_image\" \/>\n<meta name=\"twitter:label1\" content=\"Est. reading time\" \/>\n\t<meta name=\"twitter:data1\" content=\"2 minutit\" \/>\n<script type=\"application\/ld+json\" class=\"yoast-schema-graph\">{\"@context\":\"https:\/\/schema.org\",\"@graph\":[{\"@type\":\"WebPage\",\"@id\":\"https:\/\/espak.ee\/epood\/toode\/suvelillede-muld-biolan-24l\/\",\"url\":\"https:\/\/espak.ee\/epood\/toode\/suvelillede-muld-biolan-24l\/\",\"name\":\"SUVELILLEDE MULD BIOLAN 24L - Espak E-pood\",\"isPartOf\":{\"@id\":\"https:\/\/espak.ee\/epood\/#website\"},\"primaryImageOfPage\":{\"@id\":\"https:\/\/espak.ee\/epood\/toode\/suvelillede-muld-biolan-24l\/#primaryimage\"},\"image\":{\"@id\":\"https:\/\/espak.ee\/epood\/toode\/suvelillede-muld-biolan-24l\/#primaryimage\"},\"thumbnailUrl\":\"https:\/\/espak.ee\/epood\/wp-content\/uploads\/suvelillede_muld.jpg\",\"datePublished\":\"2020-01-09T00:56:56+00:00\",\"dateModified\":\"2024-03-22T22:01:59+00:00\",\"breadcrumb\":{\"@id\":\"https:\/\/espak.ee\/epood\/toode\/suvelillede-muld-biolan-24l\/#breadcrumb\"},\"inLanguage\":\"et\",\"potentialAction\":[{\"@type\":\"ReadAction\",\"target\":[\"https:\/\/espak.ee\/epood\/toode\/suvelillede-muld-biolan-24l\/\"]}]},{\"@type\":\"ImageObject\",\"inLanguage\":\"et\",\"@id\":\"https:\/\/espak.ee\/epood\/toode\/suvelillede-muld-biolan-24l\/#primaryimage\",\"url\":\"https:\/\/espak.ee\/epood\/wp-content\/uploads\/suvelillede_muld.jpg\",\"contentUrl\":\"https:\/\/espak.ee\/epood\/wp-content\/uploads\/suvelillede_muld.jpg\",\"width\":500,\"height\":500},{\"@type\":\"BreadcrumbList\",\"@id\":\"https:\/\/espak.ee\/epood\/toode\/suvelillede-muld-biolan-24l\/#breadcrumb\",\"itemListElement\":[{\"@type\":\"ListItem\",\"position\":1,\"name\":\"Home\",\"item\":\"https:\/\/espak.ee\/epood\/\"},{\"@type\":\"ListItem\",\"position\":2,\"name\":\"Tootevalik\",\"item\":\"https:\/\/espak.ee\/epood\/tootevalik\/\"},{\"@type\":\"ListItem\",\"position\":3,\"name\":\"SUVELILLEDE MULD BIOLAN 24L\"}]},{\"@type\":\"WebSite\",\"@id\":\"https:\/\/espak.ee\/epood\/#website\",\"url\":\"https:\/\/espak.ee\/epood\/\",\"name\":\"Espak E-pood\",\"description\":\"\",\"potentialAction\":[{\"@type\":\"SearchAction\",\"target\":{\"@type\":\"EntryPoint\",\"urlTemplate\":\"https:\/\/espak.ee\/epood\/?s={search_term_string}\"},\"query-input\":{\"@type\":\"PropertyValueSpecification\",\"valueRequired\":true,\"valueName\":\"search_term_string\"}}],\"inLanguage\":\"et\"}]}<\/script>\n<!-- \/ Yoast SEO plugin. -->","yoast_head_json":{"title":"SUVELILLEDE MULD BIOLAN 24L - Espak E-pood","robots":{"index":"index","follow":"follow","max-snippet":"max-snippet:-1","max-image-preview":"max-image-preview:large","max-video-preview":"max-video-preview:-1"},"canonical":"https:\/\/espak.ee\/epood\/toode\/suvelillede-muld-biolan-24l\/","og_locale":"et_EE","og_type":"article","og_title":"SUVELILLEDE MULD BIOLAN 24L - Espak E-pood","og_url":"https:\/\/espak.ee\/epood\/toode\/suvelillede-muld-biolan-24l\/","og_site_name":"Espak E-pood","article_modified_time":"2024-03-22T22:01:59+00:00","og_image":[{"width":500,"height":500,"url":"https:\/\/espak.ee\/epood\/wp-content\/uploads\/suvelillede_muld.jpg","type":"image\/jpeg"}],"twitter_card":"summary_large_image","twitter_misc":{"Est. reading time":"2 minutit"},"schema":{"@context":"https:\/\/schema.org","@graph":[{"@type":"WebPage","@id":"https:\/\/espak.ee\/epood\/toode\/suvelillede-muld-biolan-24l\/","url":"https:\/\/espak.ee\/epood\/toode\/suvelillede-muld-biolan-24l\/","name":"SUVELILLEDE MULD BIOLAN 24L - Espak E-pood","isPartOf":{"@id":"https:\/\/espak.ee\/epood\/#website"},"primaryImageOfPage":{"@id":"https:\/\/espak.ee\/epood\/toode\/suvelillede-muld-biolan-24l\/#primaryimage"},"image":{"@id":"https:\/\/espak.ee\/epood\/toode\/suvelillede-muld-biolan-24l\/#primaryimage"},"thumbnailUrl":"https:\/\/espak.ee\/epood\/wp-content\/uploads\/suvelillede_muld.jpg","datePublished":"2020-01-09T00:56:56+00:00","dateModified":"2024-03-22T22:01:59+00:00","breadcrumb":{"@id":"https:\/\/espak.ee\/epood\/toode\/suvelillede-muld-biolan-24l\/#breadcrumb"},"inLanguage":"et","potentialAction":[{"@type":"ReadAction","target":["https:\/\/espak.ee\/epood\/toode\/suvelillede-muld-biolan-24l\/"]}]},{"@type":"ImageObject","inLanguage":"et","@id":"https:\/\/espak.ee\/epood\/toode\/suvelillede-muld-biolan-24l\/#primaryimage","url":"https:\/\/espak.ee\/epood\/wp-content\/uploads\/suvelillede_muld.jpg","contentUrl":"https:\/\/espak.ee\/epood\/wp-content\/uploads\/suvelillede_muld.jpg","width":500,"height":500},{"@type":"BreadcrumbList","@id":"https:\/\/espak.ee\/epood\/toode\/suvelillede-muld-biolan-24l\/#breadcrumb","itemListElement":[{"@type":"ListItem","position":1,"name":"Home","item":"https:\/\/espak.ee\/epood\/"},{"@type":"ListItem","position":2,"name":"Tootevalik","item":"https:\/\/espak.ee\/epood\/tootevalik\/"},{"@type":"ListItem","position":3,"name":"SUVELILLEDE MULD BIOLAN 24L"}]},{"@type":"WebSite","@id":"https:\/\/espak.ee\/epood\/#website","url":"https:\/\/espak.ee\/epood\/","name":"Espak E-pood","description":"","potentialAction":[{"@type":"SearchAction","target":{"@type":"EntryPoint","urlTemplate":"https:\/\/espak.ee\/epood\/?s={search_term_string}"},"query-input":{"@type":"PropertyValueSpecification","valueRequired":true,"valueName":"search_term_string"}}],"inLanguage":"et"}]}},"_links":{"self":[{"href":"https:\/\/espak.ee\/epood\/wp-json\/wp\/v2\/product\/14106","targetHints":{"allow":["GET"]}}],"collection":[{"href":"https:\/\/espak.ee\/epood\/wp-json\/wp\/v2\/product"}],"about":[{"href":"https:\/\/espak.ee\/epood\/wp-json\/wp\/v2\/types\/product"}],"replies":[{"embeddable":true,"href":"https:\/\/espak.ee\/epood\/wp-json\/wp\/v2\/comments?post=14106"}],"wp:featuredmedia":[{"embeddable":true,"href":"https:\/\/espak.ee\/epood\/wp-json\/wp\/v2\/media\/14743"}],"wp:attachment":[{"href":"https:\/\/espak.ee\/epood\/wp-json\/wp\/v2\/media?parent=14106"}],"wp:term":[{"taxonomy":"product_brand","embeddable":true,"href":"https:\/\/espak.ee\/epood\/wp-json\/wp\/v2\/product_brand?post=14106"},{"taxonomy":"product_cat","embeddable":true,"href":"https:\/\/espak.ee\/epood\/wp-json\/wp\/v2\/product_cat?post=14106"},{"taxonomy":"product_tag","embeddable":true,"href":"https:\/\/espak.ee\/epood\/wp-json\/wp\/v2\/product_tag?post=14106"}],"curies":[{"name":"wp","href":"https:\/\/api.w.org\/{rel}","templated":true}]}}