{"id":140734,"date":"2022-11-18T06:17:00","date_gmt":"2022-11-18T06:17:00","guid":{"rendered":"https:\/\/espak.ee\/epood\/?post_type=product&#038;p=140734"},"modified":"2025-11-29T17:54:14","modified_gmt":"2025-11-29T15:54:14","slug":"hallituse-eemaldaja-astonish-750ml","status":"publish","type":"product","link":"https:\/\/espak.ee\/epood\/toode\/hallituse-eemaldaja-astonish-750ml\/","title":{"rendered":"HALLITUSE  EEMALDAJA ASTONISH 750ML"},"content":{"rendered":"<div class=\"row\"  id=\"row-1275214229\">\n\n\t<div id=\"col-1771066181\" class=\"col medium-9 small-12 large-9\"  >\n\t\t\t\t<div class=\"col-inner\"  >\n\t\t\t\n\t\t\t\n<h3>Hallituse eemaldaja Astonish 750ml<\/h3>\n<p>EI OLE M\u00d5ELDUD PESTITSIIDIDE T\u00d5RJEKSETTEVAATUST: sisaldab valgendajat.<\/p>\n<p><p><strong>Kasutusjuhend<\/strong>: Kandke otse t\u00f6\u00f6deldavale pinnale. J\u00e4tke m\u00f5neks minutiks m\u00f5juma ja seej\u00e4rel p\u00fchkige niiske lapiga. Vajadusel loputage puhta veega \u00fcle. Et v\u00e4ltida pritsimist v\u00f5i soovimatut kokkupuudet k\u00f5rvuti asetsevate pindadega, kandke toodet niiske lapiga ja p\u00fchkige t\u00f6\u00f6deldud pind enne loputamist. Raskete hallitusplekkide puhul toimige nagu eelnevalt, kuid j\u00e4tke toimima 10 minutiks.<br \/>\n<strong>Hoiatus<\/strong>: Hoida lastele k\u00e4ttesaamatus kohas. Silma sattudes loputa rohke veega.Peale kasutamist pese k\u00e4ed. Kasutamiseks mittepoorsetel k\u00f5vadel pindadel. V\u00e4ltige kokkupuudet kummi, vin\u00fc\u00fcliga, kahjustatud emailiga, kahjustatud v\u00e4rviga, alumiiniumist, vasest, messingist, kroomist, h\u00f5bedast v\u00f5i kullast pindadel. Enne keraamika, loodusliku kivi, betooni v\u00f5i suletud puidu peal kasutamist proovige toodet v\u00e4ikesel pinnal. \u00c4rge kasutage kanga- ja pehme sisustuse peal, kuna v\u00f5ivad tekkida p\u00fcsivad v\u00e4rvimuutused.<br \/>\n<strong>Koostisosad<\/strong>: Naatriumh\u00fcpoklorit, naatriumlauro\u00fc\u00fclsarkosinaat, naatriumlaureaat sulfaat, naatriumh\u00fcdroksiid, lauramiinoksiid, vesi.<\/p>\n\t\t<\/div>\n\t\t\t\t\t<\/div>\n\n\t\n\n\t<div id=\"col-453030646\" class=\"col medium-3 small-12 large-3\"  >\n\t\t\t\t<div class=\"col-inner\"  >\n\t\t\t\n\t\t\t\n<div class=\"is-divider divider clearfix\" ><\/div>\n<p><strong>\u00dcksikasjalikuma n\u00f5u saamiseks v\u00f5tke \u00fchendust:<br \/><\/strong>SALESPROFF O\u00dc<br \/>Rukki tee 6, Lehmja k\u00fcla<br \/>75306<br \/>Rae vald, Harjumaa<br \/>+372 6562 885<\/p>\n\t\t<\/div>\n\t\t\t\t\t<\/div>\n\n\t\n<\/div>\n","protected":false},"excerpt":{"rendered":"","protected":false},"featured_media":140755,"comment_status":"closed","ping_status":"closed","template":"","meta":[],"product_brand":[],"product_cat":[2788,4217,4216,4218],"product_tag":[],"class_list":{"0":"post-140734","1":"product","2":"type-product","3":"status-publish","4":"has-post-thumbnail","6":"product_cat-aiatarbed-ja-kodukaubad","7":"product_cat-kodukeemia-kodukeemia","8":"product_cat-kodukeemia","9":"product_cat-spetsiaaltooted","10":"pa_kaubamark-salesproff-ou","12":"first","13":"instock","14":"sale","15":"taxable","16":"shipping-taxable","17":"purchasable","18":"product-type-simple"},"yoast_head":"<!-- This site is optimized with the Yoast SEO plugin v26.9 - https:\/\/yoast.com\/product\/yoast-seo-wordpress\/ -->\n<title>HALLITUSE EEMALDAJA ASTONISH 750ML - Espak E-pood<\/title>\n<meta name=\"robots\" content=\"index, follow, max-snippet:-1, max-image-preview:large, max-video-preview:-1\" \/>\n<link rel=\"canonical\" href=\"https:\/\/espak.ee\/epood\/toode\/hallituse-eemaldaja-astonish-750ml\/\" \/>\n<meta property=\"og:locale\" content=\"et_EE\" \/>\n<meta property=\"og:type\" content=\"article\" \/>\n<meta property=\"og:title\" content=\"HALLITUSE EEMALDAJA ASTONISH 750ML - Espak E-pood\" \/>\n<meta property=\"og:url\" content=\"https:\/\/espak.ee\/epood\/toode\/hallituse-eemaldaja-astonish-750ml\/\" \/>\n<meta property=\"og:site_name\" content=\"Espak E-pood\" \/>\n<meta property=\"article:modified_time\" content=\"2025-11-29T15:54:14+00:00\" \/>\n<meta property=\"og:image\" content=\"https:\/\/espak.ee\/epood\/wp-content\/uploads\/2022\/11\/EXTRA_STRENGTH_MOLD_AND_MILDEW_STAIN_BLASTER_FRONT-1536x1536-1.jpg\" \/>\n\t<meta property=\"og:image:width\" content=\"800\" \/>\n\t<meta property=\"og:image:height\" content=\"800\" \/>\n\t<meta property=\"og:image:type\" content=\"image\/jpeg\" \/>\n<meta name=\"twitter:card\" content=\"summary_large_image\" \/>\n<meta name=\"twitter:label1\" content=\"Est. reading time\" \/>\n\t<meta name=\"twitter:data1\" content=\"1 minut\" \/>\n<script type=\"application\/ld+json\" class=\"yoast-schema-graph\">{\"@context\":\"https:\/\/schema.org\",\"@graph\":[{\"@type\":\"WebPage\",\"@id\":\"https:\/\/espak.ee\/epood\/toode\/hallituse-eemaldaja-astonish-750ml\/\",\"url\":\"https:\/\/espak.ee\/epood\/toode\/hallituse-eemaldaja-astonish-750ml\/\",\"name\":\"HALLITUSE EEMALDAJA ASTONISH 750ML - Espak E-pood\",\"isPartOf\":{\"@id\":\"https:\/\/espak.ee\/epood\/#website\"},\"primaryImageOfPage\":{\"@id\":\"https:\/\/espak.ee\/epood\/toode\/hallituse-eemaldaja-astonish-750ml\/#primaryimage\"},\"image\":{\"@id\":\"https:\/\/espak.ee\/epood\/toode\/hallituse-eemaldaja-astonish-750ml\/#primaryimage\"},\"thumbnailUrl\":\"https:\/\/espak.ee\/epood\/wp-content\/uploads\/2022\/11\/EXTRA_STRENGTH_MOLD_AND_MILDEW_STAIN_BLASTER_FRONT-1536x1536-1.jpg\",\"datePublished\":\"2022-11-18T06:17:00+00:00\",\"dateModified\":\"2025-11-29T15:54:14+00:00\",\"breadcrumb\":{\"@id\":\"https:\/\/espak.ee\/epood\/toode\/hallituse-eemaldaja-astonish-750ml\/#breadcrumb\"},\"inLanguage\":\"et\",\"potentialAction\":[{\"@type\":\"ReadAction\",\"target\":[\"https:\/\/espak.ee\/epood\/toode\/hallituse-eemaldaja-astonish-750ml\/\"]}]},{\"@type\":\"ImageObject\",\"inLanguage\":\"et\",\"@id\":\"https:\/\/espak.ee\/epood\/toode\/hallituse-eemaldaja-astonish-750ml\/#primaryimage\",\"url\":\"https:\/\/espak.ee\/epood\/wp-content\/uploads\/2022\/11\/EXTRA_STRENGTH_MOLD_AND_MILDEW_STAIN_BLASTER_FRONT-1536x1536-1.jpg\",\"contentUrl\":\"https:\/\/espak.ee\/epood\/wp-content\/uploads\/2022\/11\/EXTRA_STRENGTH_MOLD_AND_MILDEW_STAIN_BLASTER_FRONT-1536x1536-1.jpg\",\"width\":800,\"height\":800},{\"@type\":\"BreadcrumbList\",\"@id\":\"https:\/\/espak.ee\/epood\/toode\/hallituse-eemaldaja-astonish-750ml\/#breadcrumb\",\"itemListElement\":[{\"@type\":\"ListItem\",\"position\":1,\"name\":\"Home\",\"item\":\"https:\/\/espak.ee\/epood\/\"},{\"@type\":\"ListItem\",\"position\":2,\"name\":\"Tootevalik\",\"item\":\"https:\/\/espak.ee\/epood\/tootevalik\/\"},{\"@type\":\"ListItem\",\"position\":3,\"name\":\"HALLITUSE EEMALDAJA ASTONISH 750ML\"}]},{\"@type\":\"WebSite\",\"@id\":\"https:\/\/espak.ee\/epood\/#website\",\"url\":\"https:\/\/espak.ee\/epood\/\",\"name\":\"Espak E-pood\",\"description\":\"\",\"potentialAction\":[{\"@type\":\"SearchAction\",\"target\":{\"@type\":\"EntryPoint\",\"urlTemplate\":\"https:\/\/espak.ee\/epood\/?s={search_term_string}\"},\"query-input\":{\"@type\":\"PropertyValueSpecification\",\"valueRequired\":true,\"valueName\":\"search_term_string\"}}],\"inLanguage\":\"et\"}]}<\/script>\n<!-- \/ Yoast SEO plugin. -->","yoast_head_json":{"title":"HALLITUSE EEMALDAJA ASTONISH 750ML - Espak E-pood","robots":{"index":"index","follow":"follow","max-snippet":"max-snippet:-1","max-image-preview":"max-image-preview:large","max-video-preview":"max-video-preview:-1"},"canonical":"https:\/\/espak.ee\/epood\/toode\/hallituse-eemaldaja-astonish-750ml\/","og_locale":"et_EE","og_type":"article","og_title":"HALLITUSE EEMALDAJA ASTONISH 750ML - Espak E-pood","og_url":"https:\/\/espak.ee\/epood\/toode\/hallituse-eemaldaja-astonish-750ml\/","og_site_name":"Espak E-pood","article_modified_time":"2025-11-29T15:54:14+00:00","og_image":[{"width":800,"height":800,"url":"https:\/\/espak.ee\/epood\/wp-content\/uploads\/2022\/11\/EXTRA_STRENGTH_MOLD_AND_MILDEW_STAIN_BLASTER_FRONT-1536x1536-1.jpg","type":"image\/jpeg"}],"twitter_card":"summary_large_image","twitter_misc":{"Est. reading time":"1 minut"},"schema":{"@context":"https:\/\/schema.org","@graph":[{"@type":"WebPage","@id":"https:\/\/espak.ee\/epood\/toode\/hallituse-eemaldaja-astonish-750ml\/","url":"https:\/\/espak.ee\/epood\/toode\/hallituse-eemaldaja-astonish-750ml\/","name":"HALLITUSE EEMALDAJA ASTONISH 750ML - Espak E-pood","isPartOf":{"@id":"https:\/\/espak.ee\/epood\/#website"},"primaryImageOfPage":{"@id":"https:\/\/espak.ee\/epood\/toode\/hallituse-eemaldaja-astonish-750ml\/#primaryimage"},"image":{"@id":"https:\/\/espak.ee\/epood\/toode\/hallituse-eemaldaja-astonish-750ml\/#primaryimage"},"thumbnailUrl":"https:\/\/espak.ee\/epood\/wp-content\/uploads\/2022\/11\/EXTRA_STRENGTH_MOLD_AND_MILDEW_STAIN_BLASTER_FRONT-1536x1536-1.jpg","datePublished":"2022-11-18T06:17:00+00:00","dateModified":"2025-11-29T15:54:14+00:00","breadcrumb":{"@id":"https:\/\/espak.ee\/epood\/toode\/hallituse-eemaldaja-astonish-750ml\/#breadcrumb"},"inLanguage":"et","potentialAction":[{"@type":"ReadAction","target":["https:\/\/espak.ee\/epood\/toode\/hallituse-eemaldaja-astonish-750ml\/"]}]},{"@type":"ImageObject","inLanguage":"et","@id":"https:\/\/espak.ee\/epood\/toode\/hallituse-eemaldaja-astonish-750ml\/#primaryimage","url":"https:\/\/espak.ee\/epood\/wp-content\/uploads\/2022\/11\/EXTRA_STRENGTH_MOLD_AND_MILDEW_STAIN_BLASTER_FRONT-1536x1536-1.jpg","contentUrl":"https:\/\/espak.ee\/epood\/wp-content\/uploads\/2022\/11\/EXTRA_STRENGTH_MOLD_AND_MILDEW_STAIN_BLASTER_FRONT-1536x1536-1.jpg","width":800,"height":800},{"@type":"BreadcrumbList","@id":"https:\/\/espak.ee\/epood\/toode\/hallituse-eemaldaja-astonish-750ml\/#breadcrumb","itemListElement":[{"@type":"ListItem","position":1,"name":"Home","item":"https:\/\/espak.ee\/epood\/"},{"@type":"ListItem","position":2,"name":"Tootevalik","item":"https:\/\/espak.ee\/epood\/tootevalik\/"},{"@type":"ListItem","position":3,"name":"HALLITUSE EEMALDAJA ASTONISH 750ML"}]},{"@type":"WebSite","@id":"https:\/\/espak.ee\/epood\/#website","url":"https:\/\/espak.ee\/epood\/","name":"Espak E-pood","description":"","potentialAction":[{"@type":"SearchAction","target":{"@type":"EntryPoint","urlTemplate":"https:\/\/espak.ee\/epood\/?s={search_term_string}"},"query-input":{"@type":"PropertyValueSpecification","valueRequired":true,"valueName":"search_term_string"}}],"inLanguage":"et"}]}},"_links":{"self":[{"href":"https:\/\/espak.ee\/epood\/wp-json\/wp\/v2\/product\/140734","targetHints":{"allow":["GET"]}}],"collection":[{"href":"https:\/\/espak.ee\/epood\/wp-json\/wp\/v2\/product"}],"about":[{"href":"https:\/\/espak.ee\/epood\/wp-json\/wp\/v2\/types\/product"}],"replies":[{"embeddable":true,"href":"https:\/\/espak.ee\/epood\/wp-json\/wp\/v2\/comments?post=140734"}],"wp:featuredmedia":[{"embeddable":true,"href":"https:\/\/espak.ee\/epood\/wp-json\/wp\/v2\/media\/140755"}],"wp:attachment":[{"href":"https:\/\/espak.ee\/epood\/wp-json\/wp\/v2\/media?parent=140734"}],"wp:term":[{"taxonomy":"product_brand","embeddable":true,"href":"https:\/\/espak.ee\/epood\/wp-json\/wp\/v2\/product_brand?post=140734"},{"taxonomy":"product_cat","embeddable":true,"href":"https:\/\/espak.ee\/epood\/wp-json\/wp\/v2\/product_cat?post=140734"},{"taxonomy":"product_tag","embeddable":true,"href":"https:\/\/espak.ee\/epood\/wp-json\/wp\/v2\/product_tag?post=140734"}],"curies":[{"name":"wp","href":"https:\/\/api.w.org\/{rel}","templated":true}]}}