{"id":140719,"date":"2022-11-18T04:16:17","date_gmt":"2022-11-18T04:16:17","guid":{"rendered":"https:\/\/espak.ee\/epood\/?post_type=product&#038;p=140719"},"modified":"2026-01-08T19:18:12","modified_gmt":"2026-01-08T17:18:12","slug":"uldpuhastusvahend-astonish-750ml","status":"publish","type":"product","link":"https:\/\/espak.ee\/epood\/toode\/uldpuhastusvahend-astonish-750ml\/","title":{"rendered":"\u00dcLDPUHASTUSVAHEND ASTONISH 750ML"},"content":{"rendered":"<div class=\"row\"  id=\"row-1385436621\">\n\n\t<div id=\"col-1862310593\" class=\"col medium-9 small-12 large-9\"  >\n\t\t\t\t<div class=\"col-inner\"  >\n\t\t\t\n\t\t\t\n<h3>\u00dcldpuhastusvahend Astonish 750ml<\/h3>\n<p>Apelsini\u00f5lil baseeruv universaalne puhastusvahend raskelt m\u00e4\u00e4rdunud pindade ja plekkide eemaldamiseks.<br \/>\n Kasutage terves kodus kuhu mustus koguneb, kaasaarvatud k\u00f6\u00f6gipinnad, pliidid ja ajhuuksed.<br \/>\n J\u00e4tab pinnad s\u00e4rvpuhtaks.<br \/>\n S\u00e4rtsaka apelsinil\u00f5hnaga. <\/p>\n\t\t<\/div>\n\t\t\t\t\t<\/div>\n\n\t\n\n\t<div id=\"col-1968211191\" class=\"col medium-3 small-12 large-3\"  >\n\t\t\t\t<div class=\"col-inner\"  >\n\t\t\t\n\t\t\t\n<div class=\"is-divider divider clearfix\" ><\/div>\n<p><strong>\u00dcksikasjalikuma n\u00f5u saamiseks v\u00f5tke \u00fchendust:<br \/><\/strong>SALESPROFF O\u00dc<br \/>Rukki tee 6, Lehmja k\u00fcla<br \/>75306<br \/>Rae vald, Harjumaa<br \/>+372 6562 885<\/p>\n\t\t<\/div>\n\t\t\t\t\t<\/div>\n\n\t\n<\/div>\n","protected":false},"excerpt":{"rendered":"","protected":false},"featured_media":140788,"comment_status":"closed","ping_status":"closed","template":"","meta":[],"product_brand":[],"product_cat":[2788,4216,4217,4328],"product_tag":[],"class_list":{"0":"post-140719","1":"product","2":"type-product","3":"status-publish","4":"has-post-thumbnail","6":"product_cat-aiatarbed-ja-kodukaubad","7":"product_cat-kodukeemia","8":"product_cat-kodukeemia-kodukeemia","9":"product_cat-wc-ja-vannitoa-puhastusvahendid","10":"pa_kaubamark-salesproff-ou","12":"first","13":"instock","14":"sale","15":"taxable","16":"shipping-taxable","17":"purchasable","18":"product-type-simple"},"yoast_head":"<!-- This site is optimized with the Yoast SEO plugin v26.9 - https:\/\/yoast.com\/product\/yoast-seo-wordpress\/ -->\n<title>\u00dcLDPUHASTUSVAHEND ASTONISH 750ML - Espak E-pood<\/title>\n<meta name=\"robots\" content=\"index, follow, max-snippet:-1, max-image-preview:large, max-video-preview:-1\" \/>\n<link rel=\"canonical\" href=\"https:\/\/espak.ee\/epood\/toode\/uldpuhastusvahend-astonish-750ml\/\" \/>\n<meta property=\"og:locale\" content=\"et_EE\" \/>\n<meta property=\"og:type\" content=\"article\" \/>\n<meta property=\"og:title\" content=\"\u00dcLDPUHASTUSVAHEND ASTONISH 750ML - Espak E-pood\" \/>\n<meta property=\"og:url\" content=\"https:\/\/espak.ee\/epood\/toode\/uldpuhastusvahend-astonish-750ml\/\" \/>\n<meta property=\"og:site_name\" content=\"Espak E-pood\" \/>\n<meta property=\"article:modified_time\" content=\"2026-01-08T17:18:12+00:00\" \/>\n<meta property=\"og:image\" content=\"https:\/\/espak.ee\/epood\/wp-content\/uploads\/2022\/11\/5060060211162-.png\" \/>\n\t<meta property=\"og:image:width\" content=\"2048\" \/>\n\t<meta property=\"og:image:height\" content=\"2048\" \/>\n\t<meta property=\"og:image:type\" content=\"image\/png\" \/>\n<meta name=\"twitter:card\" content=\"summary_large_image\" \/>\n<script type=\"application\/ld+json\" class=\"yoast-schema-graph\">{\"@context\":\"https:\/\/schema.org\",\"@graph\":[{\"@type\":\"WebPage\",\"@id\":\"https:\/\/espak.ee\/epood\/toode\/uldpuhastusvahend-astonish-750ml\/\",\"url\":\"https:\/\/espak.ee\/epood\/toode\/uldpuhastusvahend-astonish-750ml\/\",\"name\":\"\u00dcLDPUHASTUSVAHEND ASTONISH 750ML - Espak E-pood\",\"isPartOf\":{\"@id\":\"https:\/\/espak.ee\/epood\/#website\"},\"primaryImageOfPage\":{\"@id\":\"https:\/\/espak.ee\/epood\/toode\/uldpuhastusvahend-astonish-750ml\/#primaryimage\"},\"image\":{\"@id\":\"https:\/\/espak.ee\/epood\/toode\/uldpuhastusvahend-astonish-750ml\/#primaryimage\"},\"thumbnailUrl\":\"https:\/\/espak.ee\/epood\/wp-content\/uploads\/2022\/11\/5060060211162-.png\",\"datePublished\":\"2022-11-18T04:16:17+00:00\",\"dateModified\":\"2026-01-08T17:18:12+00:00\",\"breadcrumb\":{\"@id\":\"https:\/\/espak.ee\/epood\/toode\/uldpuhastusvahend-astonish-750ml\/#breadcrumb\"},\"inLanguage\":\"et\",\"potentialAction\":[{\"@type\":\"ReadAction\",\"target\":[\"https:\/\/espak.ee\/epood\/toode\/uldpuhastusvahend-astonish-750ml\/\"]}]},{\"@type\":\"ImageObject\",\"inLanguage\":\"et\",\"@id\":\"https:\/\/espak.ee\/epood\/toode\/uldpuhastusvahend-astonish-750ml\/#primaryimage\",\"url\":\"https:\/\/espak.ee\/epood\/wp-content\/uploads\/2022\/11\/5060060211162-.png\",\"contentUrl\":\"https:\/\/espak.ee\/epood\/wp-content\/uploads\/2022\/11\/5060060211162-.png\",\"width\":2048,\"height\":2048},{\"@type\":\"BreadcrumbList\",\"@id\":\"https:\/\/espak.ee\/epood\/toode\/uldpuhastusvahend-astonish-750ml\/#breadcrumb\",\"itemListElement\":[{\"@type\":\"ListItem\",\"position\":1,\"name\":\"Home\",\"item\":\"https:\/\/espak.ee\/epood\/\"},{\"@type\":\"ListItem\",\"position\":2,\"name\":\"Tootevalik\",\"item\":\"https:\/\/espak.ee\/epood\/tootevalik\/\"},{\"@type\":\"ListItem\",\"position\":3,\"name\":\"\u00dcLDPUHASTUSVAHEND ASTONISH 750ML\"}]},{\"@type\":\"WebSite\",\"@id\":\"https:\/\/espak.ee\/epood\/#website\",\"url\":\"https:\/\/espak.ee\/epood\/\",\"name\":\"Espak E-pood\",\"description\":\"\",\"potentialAction\":[{\"@type\":\"SearchAction\",\"target\":{\"@type\":\"EntryPoint\",\"urlTemplate\":\"https:\/\/espak.ee\/epood\/?s={search_term_string}\"},\"query-input\":{\"@type\":\"PropertyValueSpecification\",\"valueRequired\":true,\"valueName\":\"search_term_string\"}}],\"inLanguage\":\"et\"}]}<\/script>\n<!-- \/ Yoast SEO plugin. -->","yoast_head_json":{"title":"\u00dcLDPUHASTUSVAHEND ASTONISH 750ML - Espak E-pood","robots":{"index":"index","follow":"follow","max-snippet":"max-snippet:-1","max-image-preview":"max-image-preview:large","max-video-preview":"max-video-preview:-1"},"canonical":"https:\/\/espak.ee\/epood\/toode\/uldpuhastusvahend-astonish-750ml\/","og_locale":"et_EE","og_type":"article","og_title":"\u00dcLDPUHASTUSVAHEND ASTONISH 750ML - Espak E-pood","og_url":"https:\/\/espak.ee\/epood\/toode\/uldpuhastusvahend-astonish-750ml\/","og_site_name":"Espak E-pood","article_modified_time":"2026-01-08T17:18:12+00:00","og_image":[{"width":2048,"height":2048,"url":"https:\/\/espak.ee\/epood\/wp-content\/uploads\/2022\/11\/5060060211162-.png","type":"image\/png"}],"twitter_card":"summary_large_image","schema":{"@context":"https:\/\/schema.org","@graph":[{"@type":"WebPage","@id":"https:\/\/espak.ee\/epood\/toode\/uldpuhastusvahend-astonish-750ml\/","url":"https:\/\/espak.ee\/epood\/toode\/uldpuhastusvahend-astonish-750ml\/","name":"\u00dcLDPUHASTUSVAHEND ASTONISH 750ML - Espak E-pood","isPartOf":{"@id":"https:\/\/espak.ee\/epood\/#website"},"primaryImageOfPage":{"@id":"https:\/\/espak.ee\/epood\/toode\/uldpuhastusvahend-astonish-750ml\/#primaryimage"},"image":{"@id":"https:\/\/espak.ee\/epood\/toode\/uldpuhastusvahend-astonish-750ml\/#primaryimage"},"thumbnailUrl":"https:\/\/espak.ee\/epood\/wp-content\/uploads\/2022\/11\/5060060211162-.png","datePublished":"2022-11-18T04:16:17+00:00","dateModified":"2026-01-08T17:18:12+00:00","breadcrumb":{"@id":"https:\/\/espak.ee\/epood\/toode\/uldpuhastusvahend-astonish-750ml\/#breadcrumb"},"inLanguage":"et","potentialAction":[{"@type":"ReadAction","target":["https:\/\/espak.ee\/epood\/toode\/uldpuhastusvahend-astonish-750ml\/"]}]},{"@type":"ImageObject","inLanguage":"et","@id":"https:\/\/espak.ee\/epood\/toode\/uldpuhastusvahend-astonish-750ml\/#primaryimage","url":"https:\/\/espak.ee\/epood\/wp-content\/uploads\/2022\/11\/5060060211162-.png","contentUrl":"https:\/\/espak.ee\/epood\/wp-content\/uploads\/2022\/11\/5060060211162-.png","width":2048,"height":2048},{"@type":"BreadcrumbList","@id":"https:\/\/espak.ee\/epood\/toode\/uldpuhastusvahend-astonish-750ml\/#breadcrumb","itemListElement":[{"@type":"ListItem","position":1,"name":"Home","item":"https:\/\/espak.ee\/epood\/"},{"@type":"ListItem","position":2,"name":"Tootevalik","item":"https:\/\/espak.ee\/epood\/tootevalik\/"},{"@type":"ListItem","position":3,"name":"\u00dcLDPUHASTUSVAHEND ASTONISH 750ML"}]},{"@type":"WebSite","@id":"https:\/\/espak.ee\/epood\/#website","url":"https:\/\/espak.ee\/epood\/","name":"Espak E-pood","description":"","potentialAction":[{"@type":"SearchAction","target":{"@type":"EntryPoint","urlTemplate":"https:\/\/espak.ee\/epood\/?s={search_term_string}"},"query-input":{"@type":"PropertyValueSpecification","valueRequired":true,"valueName":"search_term_string"}}],"inLanguage":"et"}]}},"_links":{"self":[{"href":"https:\/\/espak.ee\/epood\/wp-json\/wp\/v2\/product\/140719","targetHints":{"allow":["GET"]}}],"collection":[{"href":"https:\/\/espak.ee\/epood\/wp-json\/wp\/v2\/product"}],"about":[{"href":"https:\/\/espak.ee\/epood\/wp-json\/wp\/v2\/types\/product"}],"replies":[{"embeddable":true,"href":"https:\/\/espak.ee\/epood\/wp-json\/wp\/v2\/comments?post=140719"}],"wp:featuredmedia":[{"embeddable":true,"href":"https:\/\/espak.ee\/epood\/wp-json\/wp\/v2\/media\/140788"}],"wp:attachment":[{"href":"https:\/\/espak.ee\/epood\/wp-json\/wp\/v2\/media?parent=140719"}],"wp:term":[{"taxonomy":"product_brand","embeddable":true,"href":"https:\/\/espak.ee\/epood\/wp-json\/wp\/v2\/product_brand?post=140719"},{"taxonomy":"product_cat","embeddable":true,"href":"https:\/\/espak.ee\/epood\/wp-json\/wp\/v2\/product_cat?post=140719"},{"taxonomy":"product_tag","embeddable":true,"href":"https:\/\/espak.ee\/epood\/wp-json\/wp\/v2\/product_tag?post=140719"}],"curies":[{"name":"wp","href":"https:\/\/api.w.org\/{rel}","templated":true}]}}