{"id":14066,"date":"2020-01-09T02:56:38","date_gmt":"2020-01-09T00:56:38","guid":{"rendered":"https:\/\/espak.ee\/hinnakiri\/?post_type=product&#038;p=14066"},"modified":"2024-03-23T00:02:54","modified_gmt":"2024-03-22T22:02:54","slug":"sanitaarsilikoon-ceresit-cs-25-25-sahara-280ml","status":"publish","type":"product","link":"https:\/\/espak.ee\/epood\/toode\/sanitaarsilikoon-ceresit-cs-25-25-sahara-280ml\/","title":{"rendered":"SANITAARSILIKOON CERESIT CS-25 25 SAHARA 280ML"},"content":{"rendered":"<div class=\"row\"  id=\"row-189347174\">\n\n\t<div id=\"col-1138195127\" class=\"col medium-9 small-12 large-9\"  >\n\t\t\t\t<div class=\"col-inner\"  >\n\t\t\t\n\t\t\t\n<h2>CS 25 Sanitaarsilikoon<\/h2>\n<p>K\u00f5rgkvaliteetne silikoon sanitaarseadmete \u00fchendus- ja paisumisvuukide tihendamiseks.<\/p>\n<div class=\"message-box relative\" style=\"padding-top:15px;padding-bottom:15px;\"><div class=\"message-box-bg-image bg-fill fill\" ><\/div><div class=\"message-box-bg-overlay bg-fill fill\" ><\/div><div class=\"container relative\"><div class=\"inner last-reset\">\n<div class=\"row align-middle align-center\"  id=\"row-1472801556\">\n\n\t<div id=\"col-959426919\" class=\"col small-12 large-12\"  >\n\t\t\t\t<div class=\"col-inner text-left\"  >\n\t\t\t\n\t\t\t\n<h4>Omadused<\/h4>\n<div class=\"row\"  id=\"row-1895949870\">\n\n\t<div id=\"col-1797430255\" class=\"col medium-6 small-12 large-6\"  >\n\t\t\t\t<div class=\"col-inner\"  >\n\t\t\t\n\t\t\t\n<p><i class=\"fa fa-check fa-2x\"><\/i> <strong>Trioprotection &#8211; seente- ja hallitusevastane<\/strong><\/p>\n<p><i class=\"fa fa-check fa-2x\"><\/i> <strong>Sobib p\u00fcsivalt m\u00e4rgadele pindadele<\/strong><\/p>\n\t\t<\/div>\n\t\t\t\t\n<style>\n#col-1797430255 > .col-inner {\n  margin: 0px 0px 15px 0px;\n}\n<\/style>\n\t<\/div>\n\n\t\n\n\t<div id=\"col-1168572051\" class=\"col medium-6 small-12 large-6\"  >\n\t\t\t\t<div class=\"col-inner\"  >\n\t\t\t\n\t\t\t\n<p><i class=\"fa fa-check fa-2x\"><\/i> <strong>Temperatuurikindel<\/strong><\/p>\n<p><i class=\"fa fa-check fa-2x\"><\/i> <strong>Sise- ja v\u00e4list\u00f6\u00f6deks<\/strong><\/p>\n\t\t<\/div>\n\t\t\t\t\n<style>\n#col-1168572051 > .col-inner {\n  margin: 0px 0px 15px 0px;\n}\n<\/style>\n\t<\/div>\n\n\t\n<\/div>\n\t\t<\/div>\n\t\t\t\t\t<\/div>\n\n\t\n<\/div>\n<\/div><\/div><\/div>\n\t<div id=\"gap-1562832225\" class=\"gap-element clearfix\" style=\"display:block; height:auto;\">\n\t\t\n<style>\n#gap-1562832225 {\n  padding-top: 30px;\n}\n<\/style>\n\t<\/div>\n\t\n<h3>Kasutamise \u00fcksikasjad<\/h3>\n<p><strong>Kasutusala:<\/strong> Sanitaarsilikooni CS 25 kasutatakse sanitaarruumide vuukide ja keraamiliste plaatide paisumisvuukide tihendamiseks p\u00fcsivalt m\u00e4rgadel pindadel. Nakkub plastmassi, emaili ja glasuuritud pindadega. Ei sobi toiduga kokkupuutuvate pindade, joogiveemahutite ja akvaariumide  jaoks.<\/p>\n<p><strong>Aluspinna ettevalmistus:<\/strong> Tihendatav aluspind peab olema kuiv ning puhastatud \u00f5lidest, bituumenist, tolmust ja muudest nakkuvust takistavatest ainetest. Mustus ja eelmiste<br \/>\ntihendusmaterjalide v\u00f5imalikud j\u00e4\u00e4gid tuleb eemaldada. \u00d5liga m\u00e4\u00e4rdunud pind tuleb puhastada lahustiga. Vuugiservadele v\u00f5ib kleepida iseliimuva teibi, et lihtsustada silikooniga m\u00e4\u00e4rdunud pinna puhastamist. Paisumisvuukide tihendamisel tuleb nendesse suruda vuugin\u00f6\u00f6r, nii et silikoon ei t\u00e4idaks vuugi p\u00f5hja, vaid \u00fcksnes k\u00fclgi. T\u00e4idise paksus peab olema umbes 50% vuugi laiusest. Vuugi laius ei tohi aga olla alla 5 mm.<\/p>\n<p><strong>T\u00f6\u00f6de k\u00e4ik:<\/strong> Tuubi ots tuleb maha l\u00f5igata kohe vindi kohalt. K\u00fclge keeratakse doseerimisotsak, mis l\u00f5igatakse t\u00e4idetava vuugi laiuse j\u00e4rgi. Silikoon tuleb tuubist v\u00e4lja pigistada spetsiaalse p\u00fcstoliga. Vuugid tuleb t\u00e4ita katkematult ja \u00fchtlaselt, neisse ei tohi j\u00e4tta t\u00fchimikke. Viie minuti jooksul tuleb t\u00e4idetud pinnale pritsida seebiveelahust ja siluda pinda niisutatud t\u00f6\u00f6vahendiga, eemaldades \u00fchtlasi liigse materjali. Vuuk peab olema sellise kujuga, et sellesse ei saaks koguneda vett. Kui t\u00f6\u00f6s kasutati iseliimuvat teipi, tuleb see eemaldada. V\u00e4rsked silikooniplekid pestakse maha seebiveelahuse v\u00f5i lakibensiiniga, kivistunud plekke saab eemaldada \u00fcksnes mehaaniliselt. Kui t\u00f6\u00f6s tekib paus, tuleb tuubist natuke silikooni v\u00e4lja pigistada, nii et see j\u00e4\u00e4ks doseerimisotsakust v\u00e4lja paistma. Enne t\u00f6\u00f6 j\u00e4tkamist eemaldatakse kuivanud materjal tuubist. Avatud pakend tuleb \u00e4ra kasutada nii l\u00fchikese ajaga kui v\u00f5imalik.<\/p>\n<p><strong>T\u00e4helepanu:<\/strong> T\u00f6id tuleb teha kuivades tingimustes, kui \u00f5hu ja t\u00f6\u00f6deldava pinna temperatuur on 5\u221240 \u00b0C. Kivistumise k\u00e4igus eritab CS 25 \u00e4\u00e4dikhapet, mis v\u00f5ib \u00e4rritada silmi, limaskesti ja nahka. Kinnistes ruumides tuleb tagada hea ventilatsioon. Nahapinnalt saab materjali pritsmed piirituselahusega maha pesta. Kui materjal on silma sattunud, loputada silmi kohe rohke veega ja p\u00f6\u00f6rduda arsti poole. Hoida lastele k\u00e4ttesaamatus kohas.<\/p>\n\t\t<\/div>\n\t\t\t\t\t<\/div>\n\n\t\n\n\t<div id=\"col-688941338\" class=\"col medium-3 small-12 large-3\"  >\n\t\t\t\t<div class=\"col-inner\"  >\n\t\t\t\n\t\t\t\n\t<div id=\"gap-193029762\" class=\"gap-element clearfix\" style=\"display:block; height:auto;\">\n\t\t\n<style>\n#gap-193029762 {\n  padding-top: 30px;\n}\n<\/style>\n\t<\/div>\n\t\n<h3>Tehniline informatsioon<\/h3>\n<p><a href=\"https:\/\/espak.ee\/epood\/wp-content\/uploads\/CS25-tooteleht.pdf\" target=\"_blank\" rel=\"noopener noreferrer\"><i class=\"far fa-file-pdf\"><\/i> Tehniline info (PDF)<\/a><\/p>\n<h3>Ohutusalane teave<\/h3>\n<p><a href=\"https:\/\/espak.ee\/epood\/wp-content\/uploads\/CS25-ohutuskaart.pdf\" target=\"_blank\" rel=\"noopener noreferrer\"><i class=\"far fa-file-pdf\"><\/i> Ohutusalane teave (PDF)<\/a><\/p>\n<div class=\"is-divider divider clearfix\" ><\/div>\n<p><strong>\u00dcksikasjalikuma n\u00f5u saamiseks v\u00f5tke \u00fchendust:<br \/><\/strong>Henkel Balti<br \/>S\u00f5bra 56 B<br \/>51013<br \/>Tartu<br \/>+ 372 7305800<\/p>\n<div class=\"is-divider divider clearfix\" ><\/div>\n\t\t<\/div>\n\t\t\t\t\t<\/div>\n\n\t\n<\/div>\n","protected":false},"excerpt":{"rendered":"","protected":false},"featured_media":14400,"comment_status":"closed","ping_status":"open","template":"","meta":[],"product_brand":[],"product_cat":[2703,2708,2714,2683],"product_tag":[],"class_list":{"0":"post-14066","1":"product","2":"type-product","3":"status-publish","4":"has-post-thumbnail","6":"product_cat-ehituskeemia","7":"product_cat-hermeetikud","8":"product_cat-silikoonid","9":"product_cat-viimistluskaubad","10":"pa_kaubamark-henkel-balti-ou","12":"first","13":"outofstock","14":"sale","15":"taxable","16":"shipping-taxable","17":"purchasable","18":"product-type-simple"},"yoast_head":"<!-- This site is optimized with the Yoast SEO plugin v26.9 - https:\/\/yoast.com\/product\/yoast-seo-wordpress\/ -->\n<title>SANITAARSILIKOON CERESIT CS-25 25 SAHARA 280ML - Espak E-pood<\/title>\n<meta name=\"robots\" content=\"index, follow, max-snippet:-1, max-image-preview:large, max-video-preview:-1\" \/>\n<link rel=\"canonical\" href=\"https:\/\/espak.ee\/epood\/toode\/sanitaarsilikoon-ceresit-cs-25-25-sahara-280ml\/\" \/>\n<meta property=\"og:locale\" content=\"et_EE\" \/>\n<meta property=\"og:type\" content=\"article\" \/>\n<meta property=\"og:title\" content=\"SANITAARSILIKOON CERESIT CS-25 25 SAHARA 280ML - Espak E-pood\" \/>\n<meta property=\"og:url\" content=\"https:\/\/espak.ee\/epood\/toode\/sanitaarsilikoon-ceresit-cs-25-25-sahara-280ml\/\" \/>\n<meta property=\"og:site_name\" content=\"Espak E-pood\" \/>\n<meta property=\"article:modified_time\" content=\"2024-03-22T22:02:54+00:00\" \/>\n<meta property=\"og:image\" content=\"https:\/\/espak.ee\/epood\/wp-content\/uploads\/Ceresit_CS25_white_280ml.png\" \/>\n\t<meta property=\"og:image:width\" content=\"2048\" \/>\n\t<meta property=\"og:image:height\" content=\"2048\" \/>\n\t<meta property=\"og:image:type\" content=\"image\/png\" \/>\n<meta name=\"twitter:card\" content=\"summary_large_image\" \/>\n<meta name=\"twitter:label1\" content=\"Est. reading time\" \/>\n\t<meta name=\"twitter:data1\" content=\"2 minutit\" \/>\n<script type=\"application\/ld+json\" class=\"yoast-schema-graph\">{\"@context\":\"https:\/\/schema.org\",\"@graph\":[{\"@type\":\"WebPage\",\"@id\":\"https:\/\/espak.ee\/epood\/toode\/sanitaarsilikoon-ceresit-cs-25-25-sahara-280ml\/\",\"url\":\"https:\/\/espak.ee\/epood\/toode\/sanitaarsilikoon-ceresit-cs-25-25-sahara-280ml\/\",\"name\":\"SANITAARSILIKOON CERESIT CS-25 25 SAHARA 280ML - Espak E-pood\",\"isPartOf\":{\"@id\":\"https:\/\/espak.ee\/epood\/#website\"},\"primaryImageOfPage\":{\"@id\":\"https:\/\/espak.ee\/epood\/toode\/sanitaarsilikoon-ceresit-cs-25-25-sahara-280ml\/#primaryimage\"},\"image\":{\"@id\":\"https:\/\/espak.ee\/epood\/toode\/sanitaarsilikoon-ceresit-cs-25-25-sahara-280ml\/#primaryimage\"},\"thumbnailUrl\":\"https:\/\/espak.ee\/epood\/wp-content\/uploads\/Ceresit_CS25_white_280ml.png\",\"datePublished\":\"2020-01-09T00:56:38+00:00\",\"dateModified\":\"2024-03-22T22:02:54+00:00\",\"breadcrumb\":{\"@id\":\"https:\/\/espak.ee\/epood\/toode\/sanitaarsilikoon-ceresit-cs-25-25-sahara-280ml\/#breadcrumb\"},\"inLanguage\":\"et\",\"potentialAction\":[{\"@type\":\"ReadAction\",\"target\":[\"https:\/\/espak.ee\/epood\/toode\/sanitaarsilikoon-ceresit-cs-25-25-sahara-280ml\/\"]}]},{\"@type\":\"ImageObject\",\"inLanguage\":\"et\",\"@id\":\"https:\/\/espak.ee\/epood\/toode\/sanitaarsilikoon-ceresit-cs-25-25-sahara-280ml\/#primaryimage\",\"url\":\"https:\/\/espak.ee\/epood\/wp-content\/uploads\/Ceresit_CS25_white_280ml.png\",\"contentUrl\":\"https:\/\/espak.ee\/epood\/wp-content\/uploads\/Ceresit_CS25_white_280ml.png\",\"width\":2048,\"height\":2048},{\"@type\":\"BreadcrumbList\",\"@id\":\"https:\/\/espak.ee\/epood\/toode\/sanitaarsilikoon-ceresit-cs-25-25-sahara-280ml\/#breadcrumb\",\"itemListElement\":[{\"@type\":\"ListItem\",\"position\":1,\"name\":\"Home\",\"item\":\"https:\/\/espak.ee\/epood\/\"},{\"@type\":\"ListItem\",\"position\":2,\"name\":\"Tootevalik\",\"item\":\"https:\/\/espak.ee\/epood\/tootevalik\/\"},{\"@type\":\"ListItem\",\"position\":3,\"name\":\"SANITAARSILIKOON CERESIT CS-25 25 SAHARA 280ML\"}]},{\"@type\":\"WebSite\",\"@id\":\"https:\/\/espak.ee\/epood\/#website\",\"url\":\"https:\/\/espak.ee\/epood\/\",\"name\":\"Espak E-pood\",\"description\":\"\",\"potentialAction\":[{\"@type\":\"SearchAction\",\"target\":{\"@type\":\"EntryPoint\",\"urlTemplate\":\"https:\/\/espak.ee\/epood\/?s={search_term_string}\"},\"query-input\":{\"@type\":\"PropertyValueSpecification\",\"valueRequired\":true,\"valueName\":\"search_term_string\"}}],\"inLanguage\":\"et\"}]}<\/script>\n<!-- \/ Yoast SEO plugin. -->","yoast_head_json":{"title":"SANITAARSILIKOON CERESIT CS-25 25 SAHARA 280ML - Espak E-pood","robots":{"index":"index","follow":"follow","max-snippet":"max-snippet:-1","max-image-preview":"max-image-preview:large","max-video-preview":"max-video-preview:-1"},"canonical":"https:\/\/espak.ee\/epood\/toode\/sanitaarsilikoon-ceresit-cs-25-25-sahara-280ml\/","og_locale":"et_EE","og_type":"article","og_title":"SANITAARSILIKOON CERESIT CS-25 25 SAHARA 280ML - Espak E-pood","og_url":"https:\/\/espak.ee\/epood\/toode\/sanitaarsilikoon-ceresit-cs-25-25-sahara-280ml\/","og_site_name":"Espak E-pood","article_modified_time":"2024-03-22T22:02:54+00:00","og_image":[{"width":2048,"height":2048,"url":"https:\/\/espak.ee\/epood\/wp-content\/uploads\/Ceresit_CS25_white_280ml.png","type":"image\/png"}],"twitter_card":"summary_large_image","twitter_misc":{"Est. reading time":"2 minutit"},"schema":{"@context":"https:\/\/schema.org","@graph":[{"@type":"WebPage","@id":"https:\/\/espak.ee\/epood\/toode\/sanitaarsilikoon-ceresit-cs-25-25-sahara-280ml\/","url":"https:\/\/espak.ee\/epood\/toode\/sanitaarsilikoon-ceresit-cs-25-25-sahara-280ml\/","name":"SANITAARSILIKOON CERESIT CS-25 25 SAHARA 280ML - Espak E-pood","isPartOf":{"@id":"https:\/\/espak.ee\/epood\/#website"},"primaryImageOfPage":{"@id":"https:\/\/espak.ee\/epood\/toode\/sanitaarsilikoon-ceresit-cs-25-25-sahara-280ml\/#primaryimage"},"image":{"@id":"https:\/\/espak.ee\/epood\/toode\/sanitaarsilikoon-ceresit-cs-25-25-sahara-280ml\/#primaryimage"},"thumbnailUrl":"https:\/\/espak.ee\/epood\/wp-content\/uploads\/Ceresit_CS25_white_280ml.png","datePublished":"2020-01-09T00:56:38+00:00","dateModified":"2024-03-22T22:02:54+00:00","breadcrumb":{"@id":"https:\/\/espak.ee\/epood\/toode\/sanitaarsilikoon-ceresit-cs-25-25-sahara-280ml\/#breadcrumb"},"inLanguage":"et","potentialAction":[{"@type":"ReadAction","target":["https:\/\/espak.ee\/epood\/toode\/sanitaarsilikoon-ceresit-cs-25-25-sahara-280ml\/"]}]},{"@type":"ImageObject","inLanguage":"et","@id":"https:\/\/espak.ee\/epood\/toode\/sanitaarsilikoon-ceresit-cs-25-25-sahara-280ml\/#primaryimage","url":"https:\/\/espak.ee\/epood\/wp-content\/uploads\/Ceresit_CS25_white_280ml.png","contentUrl":"https:\/\/espak.ee\/epood\/wp-content\/uploads\/Ceresit_CS25_white_280ml.png","width":2048,"height":2048},{"@type":"BreadcrumbList","@id":"https:\/\/espak.ee\/epood\/toode\/sanitaarsilikoon-ceresit-cs-25-25-sahara-280ml\/#breadcrumb","itemListElement":[{"@type":"ListItem","position":1,"name":"Home","item":"https:\/\/espak.ee\/epood\/"},{"@type":"ListItem","position":2,"name":"Tootevalik","item":"https:\/\/espak.ee\/epood\/tootevalik\/"},{"@type":"ListItem","position":3,"name":"SANITAARSILIKOON CERESIT CS-25 25 SAHARA 280ML"}]},{"@type":"WebSite","@id":"https:\/\/espak.ee\/epood\/#website","url":"https:\/\/espak.ee\/epood\/","name":"Espak E-pood","description":"","potentialAction":[{"@type":"SearchAction","target":{"@type":"EntryPoint","urlTemplate":"https:\/\/espak.ee\/epood\/?s={search_term_string}"},"query-input":{"@type":"PropertyValueSpecification","valueRequired":true,"valueName":"search_term_string"}}],"inLanguage":"et"}]}},"_links":{"self":[{"href":"https:\/\/espak.ee\/epood\/wp-json\/wp\/v2\/product\/14066","targetHints":{"allow":["GET"]}}],"collection":[{"href":"https:\/\/espak.ee\/epood\/wp-json\/wp\/v2\/product"}],"about":[{"href":"https:\/\/espak.ee\/epood\/wp-json\/wp\/v2\/types\/product"}],"replies":[{"embeddable":true,"href":"https:\/\/espak.ee\/epood\/wp-json\/wp\/v2\/comments?post=14066"}],"wp:featuredmedia":[{"embeddable":true,"href":"https:\/\/espak.ee\/epood\/wp-json\/wp\/v2\/media\/14400"}],"wp:attachment":[{"href":"https:\/\/espak.ee\/epood\/wp-json\/wp\/v2\/media?parent=14066"}],"wp:term":[{"taxonomy":"product_brand","embeddable":true,"href":"https:\/\/espak.ee\/epood\/wp-json\/wp\/v2\/product_brand?post=14066"},{"taxonomy":"product_cat","embeddable":true,"href":"https:\/\/espak.ee\/epood\/wp-json\/wp\/v2\/product_cat?post=14066"},{"taxonomy":"product_tag","embeddable":true,"href":"https:\/\/espak.ee\/epood\/wp-json\/wp\/v2\/product_tag?post=14066"}],"curies":[{"name":"wp","href":"https:\/\/api.w.org\/{rel}","templated":true}]}}