{"id":13926,"date":"2020-01-08T03:00:46","date_gmt":"2020-01-08T01:00:46","guid":{"rendered":"https:\/\/espak.ee\/hinnakiri\/?post_type=product&#038;p=13926"},"modified":"2025-09-09T09:03:51","modified_gmt":"2025-09-09T06:03:51","slug":"montaazi-ja-parandussegu-ceresit-cx-20-20kg","status":"publish","type":"product","link":"https:\/\/espak.ee\/epood\/toode\/montaazi-ja-parandussegu-ceresit-cx-20-20kg\/","title":{"rendered":"MONTAA\u017dI- JA PARANDUSSEGU CERESIT CX-20 20KG"},"content":{"rendered":"<div class=\"row\"  id=\"row-494669022\">\n\n\t<div id=\"col-1597946913\" class=\"col medium-9 small-12 large-9\"  >\n\t\t\t\t<div class=\"col-inner\"  >\n\t\t\t\n\t\t\t\n<h2>CX 20 Montaa\u017ei- ja parandussegu<\/h2>\n<p>Kiiresti kivistuv montaa\u017eisegu.<\/p>\n<div class=\"message-box relative\" style=\"padding-top:15px;padding-bottom:15px;\"><div class=\"message-box-bg-image bg-fill fill\" ><\/div><div class=\"message-box-bg-overlay bg-fill fill\" ><\/div><div class=\"container relative\"><div class=\"inner last-reset\">\n<div class=\"row align-middle align-center\"  id=\"row-1268297080\">\n\n\t<div id=\"col-1860832604\" class=\"col small-12 large-12\"  >\n\t\t\t\t<div class=\"col-inner text-left\"  >\n\t\t\t\n\t\t\t\n<h4>Omadused<\/h4>\n<div class=\"row\"  id=\"row-1193709833\">\n\n\t<div id=\"col-490887295\" class=\"col medium-6 small-12 large-6\"  >\n\t\t\t\t<div class=\"col-inner\"  >\n\t\t\t\n\t\t\t\n<p><i class=\"fa fa-check fa-2x\"><\/i> <strong>Mugav kasutusaeg (20 min)<\/strong><\/p>\n<p><i class=\"fa fa-check fa-2x\"><\/i> <strong>Hea vastupidavus p\u00e4rast kivistumist<\/strong><\/p>\n\t\t<\/div>\n\t\t\t\t\n<style>\n#col-490887295 > .col-inner {\n  margin: 0px 0px 15px 0px;\n}\n<\/style>\n\t<\/div>\n\n\t\n\n\t<div id=\"col-2133994676\" class=\"col medium-6 small-12 large-6\"  >\n\t\t\t\t<div class=\"col-inner\"  >\n\t\t\t\n\t\t\t\n<p><i class=\"fa fa-check fa-2x\"><\/i> <strong>Betoonelementide taastamiseks<\/strong><\/p>\n<p><i class=\"fa fa-check fa-2x\"><\/i> <strong>Kasutamiseks sise- ja v\u00e4list\u00f6\u00f6del<\/strong><\/p>\n\t\t<\/div>\n\t\t\t\t\n<style>\n#col-2133994676 > .col-inner {\n  margin: 0px 0px 15px 0px;\n}\n<\/style>\n\t<\/div>\n\n\t\n<\/div>\n\t\t<\/div>\n\t\t\t\t\t<\/div>\n\n\t\n<\/div>\n<\/div><\/div><\/div>\n\t<div id=\"gap-1481271029\" class=\"gap-element clearfix\" style=\"display:block; height:auto;\">\n\t\t\n<style>\n#gap-1481271029 {\n  padding-top: 30px;\n}\n<\/style>\n\t<\/div>\n\t\n<h3>Kasutamise \u00fcksikasjad<\/h3>\n<p><strong>Kasutusala:<\/strong> Metallist ning plastikust elementide kiireks kinnitamiseks betoon- v\u00f5i m\u00fc\u00fcritisse ning betooni. Pragude, aukude jne t\u00e4itmiseks. Elementide kinnitamiseks. Kuni 20 mm laiuste vahede t\u00e4itmiseks.<\/p>\n<p><strong>Aluspinna ettevalmistus:<\/strong> Segu CX 20 COMFORT sobib kasutamiseks tihedatel, koormusttaluvatel ja nakkuvust takistavatest ainetest (rasv, bituumen, tolm) puhastatud aluspindadel. Aluspinda tuleb puurida paigaldusava, mille l\u00e4bim\u00f5\u00f5t on kinnitatavast elemendist v\u00e4hemalt 5 mm v\u00f5rra suurem. Suuremate s\u00fcvendite korral tuleb pragu laiendada kalasabakujuliseks.<br \/>\nEnne materjali pealekandmist niisutada aluspinda rohke veega. Materjal kantakse mattniiskele aluspinnale. Kahjustatud elementide taastamise korral on soovitatav suruda segu aluspinna sisse k\u00f5va pintsli abil ja kanda seej\u00e4rel materjal peale \u00fche tehnoloogilise ts\u00fcklina.<\/p>\n<p><strong>T\u00f6\u00f6de k\u00e4ik:<\/strong> Segumaterjal puistata v\u00e4ljam\u00f5\u00f5detud veekogusesse ja segada hoolikalt l\u00e4bi, kuni on tekkinud \u00fchtlane, t\u00fckkideta mass. Segu kanda kiiresti aluspinnale metallh\u00f5\u00f5ruti sileda poole v\u00f5i pahtlilabidaga. Elemendi paigaldamise korral t\u00e4ita seguga k\u00f5igepealt vastavalt ettevalmistatud s\u00fcvend ja seej\u00e4rel asetada sellesse paigaldatav element.<br \/>\nPaigaldatavat elementi ei tohi segu sidestumise ajal liigutada ega selle asendit korrigeerida. Liiva lisamine ei m\u00f5juta segu sidestumise aega, kuid v\u00e4hendab kinnituskoha vastupidavust.<\/p>\n<p><strong>T\u00e4helepanu:<\/strong> T\u00f6\u00f6d tuleb teha, kui \u00f5hu ja t\u00f6\u00f6deldavate pindade temperatuur on +5\u00b0 kuni +25 \u00b0C. Teistsugustes tingimustes v\u00f5ivad materjali parameetrid m\u00f5nev\u00f5rra muutuda. CX 20 kuivsegu sisaldab tsementi ja selle segamisel veega tekib aluseline reaktsioon. Seet\u00f5ttu tuleb t\u00f6\u00f6tades nahka ja silmi kaitsta. Kui materjal on silma sattunud, loputada silmi kohe rohke veega ja p\u00f6\u00f6rduda arsti poole. Toote s\u00e4ilivusaja jooksul kroom VI sisaldus alla 2 ppm.<\/p>\n\t\t<\/div>\n\t\t\t\t\t<\/div>\n\n\t\n\n\t<div id=\"col-2107833252\" class=\"col medium-3 small-12 large-3\"  >\n\t\t\t\t<div class=\"col-inner\"  >\n\t\t\t\n\t\t\t\n\t<div id=\"gap-202073279\" class=\"gap-element clearfix\" style=\"display:block; height:auto;\">\n\t\t\n<style>\n#gap-202073279 {\n  padding-top: 30px;\n}\n<\/style>\n\t<\/div>\n\t\n<h3>Tehniline informatsioon<\/h3>\n<p><a href=\"https:\/\/espak.ee\/epood\/wp-content\/uploads\/CX20-tooteleht.pdf\" target=\"_blank\" rel=\"noopener noreferrer\"><i class=\"far fa-file-pdf\"><\/i> Tehniline info (PDF)<\/a><\/p>\n<h3>Ohutusalane teave<\/h3>\n<p><a href=\"https:\/\/espak.ee\/epood\/wp-content\/uploads\/CX20-ohutuskaart.pdf\" target=\"_blank\" rel=\"noopener noreferrer\"><i class=\"far fa-file-pdf\"><\/i> Ohutusalane teave (PDF)<\/a><\/p>\n<div class=\"is-divider divider clearfix\" ><\/div>\n<p><strong>\u00dcksikasjalikuma n\u00f5u saamiseks v\u00f5tke \u00fchendust:<br \/><\/strong>Henkel Balti<br \/>S\u00f5bra 56 B<br \/>51013<br \/>Tartu<br \/>+ 372 7305800<\/p>\n<div class=\"is-divider divider clearfix\" ><\/div>\n\t\t<\/div>\n\t\t\t\t\t<\/div>\n\n\t\n<\/div>\n","protected":false},"excerpt":{"rendered":"","protected":false},"featured_media":14459,"comment_status":"closed","ping_status":"open","template":"","meta":[],"product_brand":[],"product_cat":[2698,2890,2814,2697],"product_tag":[],"class_list":{"0":"post-13926","1":"product","2":"type-product","3":"status-publish","4":"has-post-thumbnail","6":"product_cat-pahtlid-ja-kuivsegud","7":"product_cat-remontsegud","8":"product_cat-tsementsegud","9":"product_cat-uldehitus","10":"pa_kaubamark-henkel-balti-ou","12":"first","13":"instock","14":"sale","15":"taxable","16":"shipping-taxable","17":"purchasable","18":"product-type-simple"},"yoast_head":"<!-- This site is optimized with the Yoast SEO plugin v26.9 - https:\/\/yoast.com\/product\/yoast-seo-wordpress\/ -->\n<title>MONTAA\u017dI- JA PARANDUSSEGU CERESIT CX-20 20KG - Espak E-pood<\/title>\n<meta name=\"robots\" content=\"index, follow, max-snippet:-1, max-image-preview:large, max-video-preview:-1\" \/>\n<link rel=\"canonical\" href=\"https:\/\/espak.ee\/epood\/toode\/montaazi-ja-parandussegu-ceresit-cx-20-20kg\/\" \/>\n<meta property=\"og:locale\" content=\"et_EE\" \/>\n<meta property=\"og:type\" content=\"article\" \/>\n<meta property=\"og:title\" content=\"MONTAA\u017dI- JA PARANDUSSEGU CERESIT CX-20 20KG - Espak E-pood\" \/>\n<meta property=\"og:url\" content=\"https:\/\/espak.ee\/epood\/toode\/montaazi-ja-parandussegu-ceresit-cx-20-20kg\/\" \/>\n<meta property=\"og:site_name\" content=\"Espak E-pood\" \/>\n<meta property=\"article:modified_time\" content=\"2025-09-09T06:03:51+00:00\" \/>\n<meta property=\"og:image\" content=\"https:\/\/espak.ee\/epood\/wp-content\/uploads\/Ceresit-CX20_20kg.jpg\" \/>\n\t<meta property=\"og:image:width\" content=\"2048\" \/>\n\t<meta property=\"og:image:height\" content=\"2048\" \/>\n\t<meta property=\"og:image:type\" content=\"image\/jpeg\" \/>\n<meta name=\"twitter:card\" content=\"summary_large_image\" \/>\n<meta name=\"twitter:label1\" content=\"Est. reading time\" \/>\n\t<meta name=\"twitter:data1\" content=\"2 minutit\" \/>\n<script type=\"application\/ld+json\" class=\"yoast-schema-graph\">{\"@context\":\"https:\/\/schema.org\",\"@graph\":[{\"@type\":\"WebPage\",\"@id\":\"https:\/\/espak.ee\/epood\/toode\/montaazi-ja-parandussegu-ceresit-cx-20-20kg\/\",\"url\":\"https:\/\/espak.ee\/epood\/toode\/montaazi-ja-parandussegu-ceresit-cx-20-20kg\/\",\"name\":\"MONTAA\u017dI- JA PARANDUSSEGU CERESIT CX-20 20KG - Espak E-pood\",\"isPartOf\":{\"@id\":\"https:\/\/espak.ee\/epood\/#website\"},\"primaryImageOfPage\":{\"@id\":\"https:\/\/espak.ee\/epood\/toode\/montaazi-ja-parandussegu-ceresit-cx-20-20kg\/#primaryimage\"},\"image\":{\"@id\":\"https:\/\/espak.ee\/epood\/toode\/montaazi-ja-parandussegu-ceresit-cx-20-20kg\/#primaryimage\"},\"thumbnailUrl\":\"https:\/\/espak.ee\/epood\/wp-content\/uploads\/Ceresit-CX20_20kg.jpg\",\"datePublished\":\"2020-01-08T01:00:46+00:00\",\"dateModified\":\"2025-09-09T06:03:51+00:00\",\"breadcrumb\":{\"@id\":\"https:\/\/espak.ee\/epood\/toode\/montaazi-ja-parandussegu-ceresit-cx-20-20kg\/#breadcrumb\"},\"inLanguage\":\"et\",\"potentialAction\":[{\"@type\":\"ReadAction\",\"target\":[\"https:\/\/espak.ee\/epood\/toode\/montaazi-ja-parandussegu-ceresit-cx-20-20kg\/\"]}]},{\"@type\":\"ImageObject\",\"inLanguage\":\"et\",\"@id\":\"https:\/\/espak.ee\/epood\/toode\/montaazi-ja-parandussegu-ceresit-cx-20-20kg\/#primaryimage\",\"url\":\"https:\/\/espak.ee\/epood\/wp-content\/uploads\/Ceresit-CX20_20kg.jpg\",\"contentUrl\":\"https:\/\/espak.ee\/epood\/wp-content\/uploads\/Ceresit-CX20_20kg.jpg\",\"width\":2048,\"height\":2048},{\"@type\":\"BreadcrumbList\",\"@id\":\"https:\/\/espak.ee\/epood\/toode\/montaazi-ja-parandussegu-ceresit-cx-20-20kg\/#breadcrumb\",\"itemListElement\":[{\"@type\":\"ListItem\",\"position\":1,\"name\":\"Home\",\"item\":\"https:\/\/espak.ee\/epood\/\"},{\"@type\":\"ListItem\",\"position\":2,\"name\":\"Tootevalik\",\"item\":\"https:\/\/espak.ee\/epood\/tootevalik\/\"},{\"@type\":\"ListItem\",\"position\":3,\"name\":\"MONTAA\u017dI- JA PARANDUSSEGU CERESIT CX-20 20KG\"}]},{\"@type\":\"WebSite\",\"@id\":\"https:\/\/espak.ee\/epood\/#website\",\"url\":\"https:\/\/espak.ee\/epood\/\",\"name\":\"Espak E-pood\",\"description\":\"\",\"potentialAction\":[{\"@type\":\"SearchAction\",\"target\":{\"@type\":\"EntryPoint\",\"urlTemplate\":\"https:\/\/espak.ee\/epood\/?s={search_term_string}\"},\"query-input\":{\"@type\":\"PropertyValueSpecification\",\"valueRequired\":true,\"valueName\":\"search_term_string\"}}],\"inLanguage\":\"et\"}]}<\/script>\n<!-- \/ Yoast SEO plugin. -->","yoast_head_json":{"title":"MONTAA\u017dI- JA PARANDUSSEGU CERESIT CX-20 20KG - Espak E-pood","robots":{"index":"index","follow":"follow","max-snippet":"max-snippet:-1","max-image-preview":"max-image-preview:large","max-video-preview":"max-video-preview:-1"},"canonical":"https:\/\/espak.ee\/epood\/toode\/montaazi-ja-parandussegu-ceresit-cx-20-20kg\/","og_locale":"et_EE","og_type":"article","og_title":"MONTAA\u017dI- JA PARANDUSSEGU CERESIT CX-20 20KG - Espak E-pood","og_url":"https:\/\/espak.ee\/epood\/toode\/montaazi-ja-parandussegu-ceresit-cx-20-20kg\/","og_site_name":"Espak E-pood","article_modified_time":"2025-09-09T06:03:51+00:00","og_image":[{"width":2048,"height":2048,"url":"https:\/\/espak.ee\/epood\/wp-content\/uploads\/Ceresit-CX20_20kg.jpg","type":"image\/jpeg"}],"twitter_card":"summary_large_image","twitter_misc":{"Est. reading time":"2 minutit"},"schema":{"@context":"https:\/\/schema.org","@graph":[{"@type":"WebPage","@id":"https:\/\/espak.ee\/epood\/toode\/montaazi-ja-parandussegu-ceresit-cx-20-20kg\/","url":"https:\/\/espak.ee\/epood\/toode\/montaazi-ja-parandussegu-ceresit-cx-20-20kg\/","name":"MONTAA\u017dI- JA PARANDUSSEGU CERESIT CX-20 20KG - Espak E-pood","isPartOf":{"@id":"https:\/\/espak.ee\/epood\/#website"},"primaryImageOfPage":{"@id":"https:\/\/espak.ee\/epood\/toode\/montaazi-ja-parandussegu-ceresit-cx-20-20kg\/#primaryimage"},"image":{"@id":"https:\/\/espak.ee\/epood\/toode\/montaazi-ja-parandussegu-ceresit-cx-20-20kg\/#primaryimage"},"thumbnailUrl":"https:\/\/espak.ee\/epood\/wp-content\/uploads\/Ceresit-CX20_20kg.jpg","datePublished":"2020-01-08T01:00:46+00:00","dateModified":"2025-09-09T06:03:51+00:00","breadcrumb":{"@id":"https:\/\/espak.ee\/epood\/toode\/montaazi-ja-parandussegu-ceresit-cx-20-20kg\/#breadcrumb"},"inLanguage":"et","potentialAction":[{"@type":"ReadAction","target":["https:\/\/espak.ee\/epood\/toode\/montaazi-ja-parandussegu-ceresit-cx-20-20kg\/"]}]},{"@type":"ImageObject","inLanguage":"et","@id":"https:\/\/espak.ee\/epood\/toode\/montaazi-ja-parandussegu-ceresit-cx-20-20kg\/#primaryimage","url":"https:\/\/espak.ee\/epood\/wp-content\/uploads\/Ceresit-CX20_20kg.jpg","contentUrl":"https:\/\/espak.ee\/epood\/wp-content\/uploads\/Ceresit-CX20_20kg.jpg","width":2048,"height":2048},{"@type":"BreadcrumbList","@id":"https:\/\/espak.ee\/epood\/toode\/montaazi-ja-parandussegu-ceresit-cx-20-20kg\/#breadcrumb","itemListElement":[{"@type":"ListItem","position":1,"name":"Home","item":"https:\/\/espak.ee\/epood\/"},{"@type":"ListItem","position":2,"name":"Tootevalik","item":"https:\/\/espak.ee\/epood\/tootevalik\/"},{"@type":"ListItem","position":3,"name":"MONTAA\u017dI- JA PARANDUSSEGU CERESIT CX-20 20KG"}]},{"@type":"WebSite","@id":"https:\/\/espak.ee\/epood\/#website","url":"https:\/\/espak.ee\/epood\/","name":"Espak E-pood","description":"","potentialAction":[{"@type":"SearchAction","target":{"@type":"EntryPoint","urlTemplate":"https:\/\/espak.ee\/epood\/?s={search_term_string}"},"query-input":{"@type":"PropertyValueSpecification","valueRequired":true,"valueName":"search_term_string"}}],"inLanguage":"et"}]}},"_links":{"self":[{"href":"https:\/\/espak.ee\/epood\/wp-json\/wp\/v2\/product\/13926","targetHints":{"allow":["GET"]}}],"collection":[{"href":"https:\/\/espak.ee\/epood\/wp-json\/wp\/v2\/product"}],"about":[{"href":"https:\/\/espak.ee\/epood\/wp-json\/wp\/v2\/types\/product"}],"replies":[{"embeddable":true,"href":"https:\/\/espak.ee\/epood\/wp-json\/wp\/v2\/comments?post=13926"}],"wp:featuredmedia":[{"embeddable":true,"href":"https:\/\/espak.ee\/epood\/wp-json\/wp\/v2\/media\/14459"}],"wp:attachment":[{"href":"https:\/\/espak.ee\/epood\/wp-json\/wp\/v2\/media?parent=13926"}],"wp:term":[{"taxonomy":"product_brand","embeddable":true,"href":"https:\/\/espak.ee\/epood\/wp-json\/wp\/v2\/product_brand?post=13926"},{"taxonomy":"product_cat","embeddable":true,"href":"https:\/\/espak.ee\/epood\/wp-json\/wp\/v2\/product_cat?post=13926"},{"taxonomy":"product_tag","embeddable":true,"href":"https:\/\/espak.ee\/epood\/wp-json\/wp\/v2\/product_tag?post=13926"}],"curies":[{"name":"wp","href":"https:\/\/api.w.org\/{rel}","templated":true}]}}